{"id":3286,"date":"2024-07-14T08:17:35","date_gmt":"2024-07-14T08:17:35","guid":{"rendered":"https:\/\/www.univ-oeb.dz\/ista\/?page_id=3286"},"modified":"2024-07-17T10:24:58","modified_gmt":"2024-07-17T10:24:58","slug":"%d9%82%d8%b3%d9%85-%d8%a7%d9%84%d8%b4%d8%a8%d9%83%d8%a7%d8%aa-%d9%88%d8%a7%d9%84%d8%a7%d8%aa%d8%b5%d8%a7%d9%84%d8%a7%d8%aa-%d8%a7%d9%84%d8%b3%d9%84%d9%83%d9%8a%d8%a9-%d9%88%d8%a7%d9%84%d9%84%d8%a7","status":"publish","type":"page","link":"https:\/\/www.univ-oeb.dz\/ista\/%d9%82%d8%b3%d9%85-%d8%a7%d9%84%d8%b4%d8%a8%d9%83%d8%a7%d8%aa-%d9%88%d8%a7%d9%84%d8%a7%d8%aa%d8%b5%d8%a7%d9%84%d8%a7%d8%aa-%d8%a7%d9%84%d8%b3%d9%84%d9%83%d9%8a%d8%a9-%d9%88%d8%a7%d9%84%d9%84%d8%a7\/","title":{"rendered":"\u0642\u0633\u0645 \u0627\u0644\u0634\u0628\u0643\u0627\u062a \u0648\u0627\u0644\u0627\u062a\u0635\u0627\u0644\u0627\u062a \u0627\u0644\u0633\u0644\u0643\u064a\u0629 \u0648\u0627\u0644\u0644\u0627\u0633\u0644\u0643\u064a\u0629"},"content":{"rendered":"\n<h3 class=\"wp-block-heading has-text-align-right\"><strong>\u0644\u064a\u0633\u0627\u0646\u0633 \u0645\u0647\u0646\u064a \u0641\u064a&nbsp;<strong>\u0627\u0644\u0634\u0628\u0643\u0627\u062a \u0648\u0627\u0644\u0627\u062a\u0635\u0627\u0644\u0627\u062a<\/strong><\/strong><\/h3>\n\n\n<div class=\"wp-block-image\">\n<figure class=\"aligncenter size-large\"><img fetchpriority=\"high\" decoding=\"async\" width=\"1024\" height=\"576\" src=\"https:\/\/www.univ-oeb.dz\/ista\/wp-content\/uploads\/2024\/07\/5167298719d5467f336f50bfc9862813-0-1024x576.jpg\" alt=\"\" class=\"wp-image-3287\" srcset=\"https:\/\/www.univ-oeb.dz\/ista\/wp-content\/uploads\/2024\/07\/5167298719d5467f336f50bfc9862813-0-1024x576.jpg 1024w, https:\/\/www.univ-oeb.dz\/ista\/wp-content\/uploads\/2024\/07\/5167298719d5467f336f50bfc9862813-0-300x169.jpg 300w, https:\/\/www.univ-oeb.dz\/ista\/wp-content\/uploads\/2024\/07\/5167298719d5467f336f50bfc9862813-0-768x432.jpg 768w, https:\/\/www.univ-oeb.dz\/ista\/wp-content\/uploads\/2024\/07\/5167298719d5467f336f50bfc9862813-0-1536x864.jpg 1536w, https:\/\/www.univ-oeb.dz\/ista\/wp-content\/uploads\/2024\/07\/5167298719d5467f336f50bfc9862813-0-2048x1152.jpg 2048w, https:\/\/www.univ-oeb.dz\/ista\/wp-content\/uploads\/2024\/07\/5167298719d5467f336f50bfc9862813-0-390x220.jpg 390w\" sizes=\"(max-width: 1024px) 100vw, 1024px\" \/><\/figure><\/div>\n\n\n<figure class=\"wp-block-image size-large\"><img decoding=\"async\" width=\"1024\" height=\"576\" src=\"https:\/\/www.univ-oeb.dz\/ista\/wp-content\/uploads\/2024\/07\/5167298719d5467f336f50bfc9862813-2-1-1024x576.jpg\" alt=\"\" class=\"wp-image-3289\" srcset=\"https:\/\/www.univ-oeb.dz\/ista\/wp-content\/uploads\/2024\/07\/5167298719d5467f336f50bfc9862813-2-1-1024x576.jpg 1024w, https:\/\/www.univ-oeb.dz\/ista\/wp-content\/uploads\/2024\/07\/5167298719d5467f336f50bfc9862813-2-1-300x169.jpg 300w, https:\/\/www.univ-oeb.dz\/ista\/wp-content\/uploads\/2024\/07\/5167298719d5467f336f50bfc9862813-2-1-768x432.jpg 768w, https:\/\/www.univ-oeb.dz\/ista\/wp-content\/uploads\/2024\/07\/5167298719d5467f336f50bfc9862813-2-1-1536x864.jpg 1536w, https:\/\/www.univ-oeb.dz\/ista\/wp-content\/uploads\/2024\/07\/5167298719d5467f336f50bfc9862813-2-1-2048x1152.jpg 2048w, https:\/\/www.univ-oeb.dz\/ista\/wp-content\/uploads\/2024\/07\/5167298719d5467f336f50bfc9862813-2-1-390x220.jpg 390w\" sizes=\"(max-width: 1024px) 100vw, 1024px\" \/><\/figure>\n\n\n\n<figure class=\"wp-block-image size-large\"><img decoding=\"async\" width=\"1024\" height=\"576\" src=\"https:\/\/www.univ-oeb.dz\/ista\/wp-content\/uploads\/2024\/07\/5167298719d5467f336f50bfc9862813-3-1024x576.jpg\" alt=\"\" class=\"wp-image-3290\" srcset=\"https:\/\/www.univ-oeb.dz\/ista\/wp-content\/uploads\/2024\/07\/5167298719d5467f336f50bfc9862813-3-1024x576.jpg 1024w, https:\/\/www.univ-oeb.dz\/ista\/wp-content\/uploads\/2024\/07\/5167298719d5467f336f50bfc9862813-3-300x169.jpg 300w, https:\/\/www.univ-oeb.dz\/ista\/wp-content\/uploads\/2024\/07\/5167298719d5467f336f50bfc9862813-3-768x432.jpg 768w, https:\/\/www.univ-oeb.dz\/ista\/wp-content\/uploads\/2024\/07\/5167298719d5467f336f50bfc9862813-3-1536x864.jpg 1536w, https:\/\/www.univ-oeb.dz\/ista\/wp-content\/uploads\/2024\/07\/5167298719d5467f336f50bfc9862813-3-2048x1152.jpg 2048w, https:\/\/www.univ-oeb.dz\/ista\/wp-content\/uploads\/2024\/07\/5167298719d5467f336f50bfc9862813-3-390x220.jpg 390w\" sizes=\"(max-width: 1024px) 100vw, 1024px\" \/><\/figure>\n\n\n\n<figure class=\"wp-block-image size-large\"><img loading=\"lazy\" decoding=\"async\" width=\"1024\" height=\"576\" src=\"https:\/\/www.univ-oeb.dz\/ista\/wp-content\/uploads\/2024\/07\/5167298719d5467f336f50bfc9862813-4-1024x576.jpg\" alt=\"\" class=\"wp-image-3291\" srcset=\"https:\/\/www.univ-oeb.dz\/ista\/wp-content\/uploads\/2024\/07\/5167298719d5467f336f50bfc9862813-4-1024x576.jpg 1024w, https:\/\/www.univ-oeb.dz\/ista\/wp-content\/uploads\/2024\/07\/5167298719d5467f336f50bfc9862813-4-300x169.jpg 300w, https:\/\/www.univ-oeb.dz\/ista\/wp-content\/uploads\/2024\/07\/5167298719d5467f336f50bfc9862813-4-768x432.jpg 768w, https:\/\/www.univ-oeb.dz\/ista\/wp-content\/uploads\/2024\/07\/5167298719d5467f336f50bfc9862813-4-1536x864.jpg 1536w, https:\/\/www.univ-oeb.dz\/ista\/wp-content\/uploads\/2024\/07\/5167298719d5467f336f50bfc9862813-4-2048x1152.jpg 2048w, https:\/\/www.univ-oeb.dz\/ista\/wp-content\/uploads\/2024\/07\/5167298719d5467f336f50bfc9862813-4-390x220.jpg 390w\" sizes=\"(max-width: 1024px) 100vw, 1024px\" \/><\/figure>\n\n\n\n<p class=\"has-text-align-right\"><strong><a href=\"https:\/\/www.univ-oeb.dz\/ista\/wp-content\/uploads\/2024\/07\/Licence-professionnelle-Reseaux-Telecommunications1.pptx\" target=\"_blank\" rel=\"noreferrer noopener\">\u0639\u0631\u0636 \u0627\u0644\u0645\u0632\u064a\u062f&#8230;<\/a><\/strong><\/p>\n\n\n\n<h3 class=\"wp-block-heading has-text-align-right\"><strong>\u0645\u0627\u0633\u062a\u0631 \u0627\u0644\u0645\u0647\u0646\u064a \u0641\u064a&nbsp;<strong>\u0623\u0646\u0638\u0645\u0629 \u0627\u0644\u0634\u0628\u0643\u0627\u062a \u0648\u0627\u0644\u0627\u062a\u0635\u0627\u0644\u0627\u062a<\/strong><\/strong><\/h3>\n\n\n\n<figure class=\"wp-block-image size-large\"><img loading=\"lazy\" decoding=\"async\" width=\"1024\" height=\"576\" src=\"https:\/\/www.univ-oeb.dz\/ista\/wp-content\/uploads\/2024\/07\/srt_00001-1024x576.jpg\" alt=\"\" class=\"wp-image-3293\" srcset=\"https:\/\/www.univ-oeb.dz\/ista\/wp-content\/uploads\/2024\/07\/srt_00001-1024x576.jpg 1024w, https:\/\/www.univ-oeb.dz\/ista\/wp-content\/uploads\/2024\/07\/srt_00001-300x169.jpg 300w, https:\/\/www.univ-oeb.dz\/ista\/wp-content\/uploads\/2024\/07\/srt_00001-768x432.jpg 768w, https:\/\/www.univ-oeb.dz\/ista\/wp-content\/uploads\/2024\/07\/srt_00001-1536x864.jpg 1536w, https:\/\/www.univ-oeb.dz\/ista\/wp-content\/uploads\/2024\/07\/srt_00001-390x220.jpg 390w, https:\/\/www.univ-oeb.dz\/ista\/wp-content\/uploads\/2024\/07\/srt_00001.jpg 2000w\" sizes=\"(max-width: 1024px) 100vw, 1024px\" \/><\/figure>\n\n\n\n<figure class=\"wp-block-image size-large\"><img loading=\"lazy\" decoding=\"async\" width=\"1024\" height=\"576\" src=\"https:\/\/www.univ-oeb.dz\/ista\/wp-content\/uploads\/2024\/07\/srt_00003-1024x576.jpg\" alt=\"\" class=\"wp-image-3294\" srcset=\"https:\/\/www.univ-oeb.dz\/ista\/wp-content\/uploads\/2024\/07\/srt_00003-1024x576.jpg 1024w, https:\/\/www.univ-oeb.dz\/ista\/wp-content\/uploads\/2024\/07\/srt_00003-300x169.jpg 300w, https:\/\/www.univ-oeb.dz\/ista\/wp-content\/uploads\/2024\/07\/srt_00003-768x432.jpg 768w, https:\/\/www.univ-oeb.dz\/ista\/wp-content\/uploads\/2024\/07\/srt_00003-1536x864.jpg 1536w, https:\/\/www.univ-oeb.dz\/ista\/wp-content\/uploads\/2024\/07\/srt_00003-390x220.jpg 390w, https:\/\/www.univ-oeb.dz\/ista\/wp-content\/uploads\/2024\/07\/srt_00003.jpg 2000w\" sizes=\"(max-width: 1024px) 100vw, 1024px\" \/><\/figure>\n\n\n\n<figure class=\"wp-block-image size-large\"><img loading=\"lazy\" decoding=\"async\" width=\"1024\" height=\"576\" src=\"https:\/\/www.univ-oeb.dz\/ista\/wp-content\/uploads\/2024\/07\/srt_00004-1024x576.jpg\" alt=\"\" class=\"wp-image-3295\" srcset=\"https:\/\/www.univ-oeb.dz\/ista\/wp-content\/uploads\/2024\/07\/srt_00004-1024x576.jpg 1024w, https:\/\/www.univ-oeb.dz\/ista\/wp-content\/uploads\/2024\/07\/srt_00004-300x169.jpg 300w, https:\/\/www.univ-oeb.dz\/ista\/wp-content\/uploads\/2024\/07\/srt_00004-768x432.jpg 768w, https:\/\/www.univ-oeb.dz\/ista\/wp-content\/uploads\/2024\/07\/srt_00004-1536x864.jpg 1536w, https:\/\/www.univ-oeb.dz\/ista\/wp-content\/uploads\/2024\/07\/srt_00004-390x220.jpg 390w, https:\/\/www.univ-oeb.dz\/ista\/wp-content\/uploads\/2024\/07\/srt_00004.jpg 2000w\" sizes=\"(max-width: 1024px) 100vw, 1024px\" \/><\/figure>\n\n\n\n<figure class=\"wp-block-image size-large\"><img loading=\"lazy\" decoding=\"async\" width=\"1024\" height=\"576\" src=\"https:\/\/www.univ-oeb.dz\/ista\/wp-content\/uploads\/2024\/07\/srt_00005-1024x576.jpg\" alt=\"\" class=\"wp-image-3296\" srcset=\"https:\/\/www.univ-oeb.dz\/ista\/wp-content\/uploads\/2024\/07\/srt_00005-1024x576.jpg 1024w, https:\/\/www.univ-oeb.dz\/ista\/wp-content\/uploads\/2024\/07\/srt_00005-300x169.jpg 300w, https:\/\/www.univ-oeb.dz\/ista\/wp-content\/uploads\/2024\/07\/srt_00005-768x432.jpg 768w, https:\/\/www.univ-oeb.dz\/ista\/wp-content\/uploads\/2024\/07\/srt_00005-1536x864.jpg 1536w, https:\/\/www.univ-oeb.dz\/ista\/wp-content\/uploads\/2024\/07\/srt_00005-390x220.jpg 390w, https:\/\/www.univ-oeb.dz\/ista\/wp-content\/uploads\/2024\/07\/srt_00005.jpg 2000w\" sizes=\"(max-width: 1024px) 100vw, 1024px\" \/><\/figure>\n\n\n\n<p class=\"has-text-align-right\"><strong><a href=\"https:\/\/www.univ-oeb.dz\/ista\/wp-content\/uploads\/2024\/07\/srt.pptx\" target=\"_blank\" rel=\"noreferrer noopener\">\u0639\u0631\u0636 \u0627\u0644\u0645\u0632\u064a\u062f&#8230;<\/a><\/strong><\/p>\n\n\n\n<h3 class=\"wp-block-heading has-text-align-right\">\u0627\u0644\u0645\u0634\u0627\u0631\u064a\u0639 \u0627\u0644\u0645\u0646\u062c\u0632\u0629<\/h3>\n\n\n\n<p><a href=\"https:\/\/drive.google.com\/file\/d\/1vGpfJIjRCPHWqGx2HLSA0HDZ2pShXn1a\/view?usp=drive_web\"> 20240713_235025_0001.mp4<\/a><\/p>\n\n\n\n<p><a href=\"https:\/\/drive.google.com\/file\/d\/16A0qBaPGqy68RS3Ew8uPxrhxGkfHnOTe\/view\">aman power.mp4<\/a><\/p>\n\n\n\n<p><a href=\"https:\/\/drive.google.com\/file\/d\/16BaQUUCHhXb7ZMsvkrpl2GclmyJkkvbA\/view\"> aman website.mp4<\/a><\/p>\n\n\n\n<p><a href=\"https:\/\/drive.google.com\/file\/d\/1UA9R6NfAkhWSLxtX1Wvjqx-c6VvNmH5I\/view\"> cit\u00e9 int\u00e9lligente.mp4<\/a><\/p>\n\n\n\n<p><a href=\"https:\/\/drive.google.com\/file\/d\/13la3T97AZwFPatm0qNh9jSfGxqqRT2gO\/view\">DETECTEUR DE SON \u2010 R\u00e9alis\u00e9e avec Clipchamp.mp4<\/a><\/p>\n\n\n\n<p><a href=\"https:\/\/drive.google.com\/file\/d\/167oCw0xjApPzyHyHfKWuij2Ht1OZz1V3\/view\"> km_20240523_720p_30f_20240523_011932.mp4<\/a><\/p>\n\n\n\n<p><a href=\"https:\/\/drive.google.com\/file\/d\/1eyfEmexQJ6M5sQp5USOqmW-I0X8boyiG\/view\"> lv_0_20240713150452.mp4<\/a><\/p>\n\n\n\n<p><a href=\"https:\/\/drive.google.com\/file\/d\/13DgodGhXL9iyYbLUUaJT-t_Y_o8m8wFA\/view\"> PPT V3.mp4<\/a><\/p>\n\n\n\n<p><a href=\"https:\/\/drive.google.com\/file\/d\/1DEat00iw5gpKALoOFwSn5_ADd89rt0JE\/view\">received_615609427409872.mp4<\/a><\/p>\n\n\n\n<p><a href=\"https:\/\/drive.google.com\/file\/d\/1A9e-ssefNZgxXzHHSGLvwAg3j9PGfM0w\/view\">UAL 4 BIT \u2010 R\u00e9alis\u00e9e avec Clipchamp.mp4<\/a><\/p>\n\n\n\n<p><a href=\"https:\/\/drive.google.com\/file\/d\/1Bu1sz1CbJU8BIEs0n55ocWPgHs6en6eF\/view\">VID-20240713-WA0000.mp4<\/a><\/p>\n\n\n\n<p><a href=\"https:\/\/drive.google.com\/file\/d\/1n54mQY2T9D92rL8Q-Vcypea5qc4Fp67Z\/view\">video6043867658124791941.mp4<\/a><\/p>\n\n\n\n<p><a href=\"https:\/\/drive.google.com\/file\/d\/1G-S1X0f2a93ahR_wHCcI5O0JUbZu2jga\/view\"> wheels chair.mp4<\/a><\/p>\n\n\n\n<p><a href=\"https:\/\/drive.google.com\/file\/d\/1Dwer3CkROSS9L3So5qsVB6QnF43FpZln\/view\">Projets des \u00e9tudiants \u2010 R\u00e9alis\u00e9e avec Clipchamp.mp4<\/a><\/p>\n\n\n\n<p><\/p>\n\n\n\n<figure class=\"wp-block-gallery has-nested-images columns-default is-cropped wp-block-gallery-1 is-layout-flex wp-block-gallery-is-layout-flex\">\n<figure class=\"wp-block-image size-large\"><img loading=\"lazy\" decoding=\"async\" width=\"768\" height=\"1024\" data-id=\"3383\" src=\"https:\/\/www.univ-oeb.dz\/ista\/wp-content\/uploads\/2024\/07\/20240624_151036-768x1024.jpg\" alt=\"\" class=\"wp-image-3383\" srcset=\"https:\/\/www.univ-oeb.dz\/ista\/wp-content\/uploads\/2024\/07\/20240624_151036-768x1024.jpg 768w, https:\/\/www.univ-oeb.dz\/ista\/wp-content\/uploads\/2024\/07\/20240624_151036-225x300.jpg 225w, https:\/\/www.univ-oeb.dz\/ista\/wp-content\/uploads\/2024\/07\/20240624_151036-1152x1536.jpg 1152w, https:\/\/www.univ-oeb.dz\/ista\/wp-content\/uploads\/2024\/07\/20240624_151036-1536x2048.jpg 1536w, https:\/\/www.univ-oeb.dz\/ista\/wp-content\/uploads\/2024\/07\/20240624_151036-scaled.jpg 1920w\" sizes=\"(max-width: 768px) 100vw, 768px\" \/><\/figure>\n\n\n\n<figure class=\"wp-block-image size-large\"><img loading=\"lazy\" decoding=\"async\" width=\"1024\" height=\"768\" data-id=\"3384\" src=\"https:\/\/www.univ-oeb.dz\/ista\/wp-content\/uploads\/2024\/07\/20240624_152101-1024x768.jpg\" alt=\"\" class=\"wp-image-3384\" srcset=\"https:\/\/www.univ-oeb.dz\/ista\/wp-content\/uploads\/2024\/07\/20240624_152101-1024x768.jpg 1024w, https:\/\/www.univ-oeb.dz\/ista\/wp-content\/uploads\/2024\/07\/20240624_152101-300x225.jpg 300w, https:\/\/www.univ-oeb.dz\/ista\/wp-content\/uploads\/2024\/07\/20240624_152101-768x576.jpg 768w, https:\/\/www.univ-oeb.dz\/ista\/wp-content\/uploads\/2024\/07\/20240624_152101-1536x1152.jpg 1536w, https:\/\/www.univ-oeb.dz\/ista\/wp-content\/uploads\/2024\/07\/20240624_152101-2048x1536.jpg 2048w\" sizes=\"(max-width: 1024px) 100vw, 1024px\" \/><\/figure>\n\n\n\n<figure class=\"wp-block-image size-large\"><img loading=\"lazy\" decoding=\"async\" width=\"1024\" height=\"768\" data-id=\"3386\" src=\"https:\/\/www.univ-oeb.dz\/ista\/wp-content\/uploads\/2024\/07\/20240625_155234-1024x768.jpg\" alt=\"\" class=\"wp-image-3386\" srcset=\"https:\/\/www.univ-oeb.dz\/ista\/wp-content\/uploads\/2024\/07\/20240625_155234-1024x768.jpg 1024w, https:\/\/www.univ-oeb.dz\/ista\/wp-content\/uploads\/2024\/07\/20240625_155234-300x225.jpg 300w, https:\/\/www.univ-oeb.dz\/ista\/wp-content\/uploads\/2024\/07\/20240625_155234-768x576.jpg 768w, https:\/\/www.univ-oeb.dz\/ista\/wp-content\/uploads\/2024\/07\/20240625_155234-1536x1152.jpg 1536w, https:\/\/www.univ-oeb.dz\/ista\/wp-content\/uploads\/2024\/07\/20240625_155234-2048x1536.jpg 2048w\" sizes=\"(max-width: 1024px) 100vw, 1024px\" \/><\/figure>\n\n\n\n<figure class=\"wp-block-image size-large\"><img loading=\"lazy\" decoding=\"async\" width=\"720\" height=\"540\" data-id=\"3371\" src=\"https:\/\/www.univ-oeb.dz\/ista\/wp-content\/uploads\/2024\/07\/FB_IMG_1648067570174.jpg\" alt=\"\" class=\"wp-image-3371\" srcset=\"https:\/\/www.univ-oeb.dz\/ista\/wp-content\/uploads\/2024\/07\/FB_IMG_1648067570174.jpg 720w, https:\/\/www.univ-oeb.dz\/ista\/wp-content\/uploads\/2024\/07\/FB_IMG_1648067570174-300x225.jpg 300w\" sizes=\"(max-width: 720px) 100vw, 720px\" \/><\/figure>\n\n\n\n<figure class=\"wp-block-image size-large\"><img loading=\"lazy\" decoding=\"async\" width=\"720\" height=\"960\" data-id=\"3373\" src=\"https:\/\/www.univ-oeb.dz\/ista\/wp-content\/uploads\/2024\/07\/FB_IMG_1648067580817.jpg\" alt=\"\" class=\"wp-image-3373\" srcset=\"https:\/\/www.univ-oeb.dz\/ista\/wp-content\/uploads\/2024\/07\/FB_IMG_1648067580817.jpg 720w, https:\/\/www.univ-oeb.dz\/ista\/wp-content\/uploads\/2024\/07\/FB_IMG_1648067580817-225x300.jpg 225w\" sizes=\"(max-width: 720px) 100vw, 720px\" \/><\/figure>\n\n\n\n<figure class=\"wp-block-image size-large\"><img loading=\"lazy\" decoding=\"async\" width=\"577\" height=\"1024\" data-id=\"3372\" src=\"https:\/\/www.univ-oeb.dz\/ista\/wp-content\/uploads\/2024\/07\/FB_IMG_1648067596008-577x1024.jpg\" alt=\"\" class=\"wp-image-3372\" srcset=\"https:\/\/www.univ-oeb.dz\/ista\/wp-content\/uploads\/2024\/07\/FB_IMG_1648067596008-577x1024.jpg 577w, https:\/\/www.univ-oeb.dz\/ista\/wp-content\/uploads\/2024\/07\/FB_IMG_1648067596008-169x300.jpg 169w, https:\/\/www.univ-oeb.dz\/ista\/wp-content\/uploads\/2024\/07\/FB_IMG_1648067596008.jpg 720w\" sizes=\"(max-width: 577px) 100vw, 577px\" \/><\/figure>\n\n\n\n<figure class=\"wp-block-image size-large\"><img loading=\"lazy\" decoding=\"async\" width=\"720\" height=\"540\" data-id=\"3374\" src=\"https:\/\/www.univ-oeb.dz\/ista\/wp-content\/uploads\/2024\/07\/FB_IMG_1684350951797.jpg\" alt=\"\" class=\"wp-image-3374\" srcset=\"https:\/\/www.univ-oeb.dz\/ista\/wp-content\/uploads\/2024\/07\/FB_IMG_1684350951797.jpg 720w, https:\/\/www.univ-oeb.dz\/ista\/wp-content\/uploads\/2024\/07\/FB_IMG_1684350951797-300x225.jpg 300w\" sizes=\"(max-width: 720px) 100vw, 720px\" \/><\/figure>\n\n\n\n<figure class=\"wp-block-image size-large\"><img loading=\"lazy\" decoding=\"async\" width=\"720\" height=\"540\" data-id=\"3375\" src=\"https:\/\/www.univ-oeb.dz\/ista\/wp-content\/uploads\/2024\/07\/FB_IMG_1684350956742.jpg\" alt=\"\" class=\"wp-image-3375\" srcset=\"https:\/\/www.univ-oeb.dz\/ista\/wp-content\/uploads\/2024\/07\/FB_IMG_1684350956742.jpg 720w, https:\/\/www.univ-oeb.dz\/ista\/wp-content\/uploads\/2024\/07\/FB_IMG_1684350956742-300x225.jpg 300w\" sizes=\"(max-width: 720px) 100vw, 720px\" \/><\/figure>\n\n\n\n<figure class=\"wp-block-image size-large\"><img loading=\"lazy\" decoding=\"async\" width=\"960\" height=\"640\" data-id=\"3376\" src=\"https:\/\/www.univ-oeb.dz\/ista\/wp-content\/uploads\/2024\/07\/FB_IMG_1720901599761.jpg\" alt=\"\" class=\"wp-image-3376\" srcset=\"https:\/\/www.univ-oeb.dz\/ista\/wp-content\/uploads\/2024\/07\/FB_IMG_1720901599761.jpg 960w, https:\/\/www.univ-oeb.dz\/ista\/wp-content\/uploads\/2024\/07\/FB_IMG_1720901599761-300x200.jpg 300w, https:\/\/www.univ-oeb.dz\/ista\/wp-content\/uploads\/2024\/07\/FB_IMG_1720901599761-768x512.jpg 768w\" sizes=\"(max-width: 960px) 100vw, 960px\" \/><\/figure>\n\n\n\n<figure class=\"wp-block-image size-large\"><img loading=\"lazy\" decoding=\"async\" width=\"1024\" height=\"683\" data-id=\"3377\" src=\"https:\/\/www.univ-oeb.dz\/ista\/wp-content\/uploads\/2024\/07\/FB_IMG_1720901610986-1024x683.jpg\" alt=\"\" class=\"wp-image-3377\" srcset=\"https:\/\/www.univ-oeb.dz\/ista\/wp-content\/uploads\/2024\/07\/FB_IMG_1720901610986-1024x683.jpg 1024w, https:\/\/www.univ-oeb.dz\/ista\/wp-content\/uploads\/2024\/07\/FB_IMG_1720901610986-300x200.jpg 300w, https:\/\/www.univ-oeb.dz\/ista\/wp-content\/uploads\/2024\/07\/FB_IMG_1720901610986-768x512.jpg 768w, https:\/\/www.univ-oeb.dz\/ista\/wp-content\/uploads\/2024\/07\/FB_IMG_1720901610986.jpg 1080w\" sizes=\"(max-width: 1024px) 100vw, 1024px\" \/><\/figure>\n\n\n\n<figure class=\"wp-block-image size-large\"><img loading=\"lazy\" decoding=\"async\" width=\"768\" height=\"1024\" data-id=\"3378\" src=\"https:\/\/www.univ-oeb.dz\/ista\/wp-content\/uploads\/2024\/07\/FB_IMG_1720945090136-768x1024.jpg\" alt=\"\" class=\"wp-image-3378\" srcset=\"https:\/\/www.univ-oeb.dz\/ista\/wp-content\/uploads\/2024\/07\/FB_IMG_1720945090136-768x1024.jpg 768w, https:\/\/www.univ-oeb.dz\/ista\/wp-content\/uploads\/2024\/07\/FB_IMG_1720945090136-225x300.jpg 225w, https:\/\/www.univ-oeb.dz\/ista\/wp-content\/uploads\/2024\/07\/FB_IMG_1720945090136.jpg 1080w\" sizes=\"(max-width: 768px) 100vw, 768px\" \/><\/figure>\n\n\n\n<figure class=\"wp-block-image size-large\"><img loading=\"lazy\" decoding=\"async\" width=\"768\" height=\"1024\" data-id=\"3380\" src=\"https:\/\/www.univ-oeb.dz\/ista\/wp-content\/uploads\/2024\/07\/FB_IMG_1720945097006-768x1024.jpg\" alt=\"\" class=\"wp-image-3380\" srcset=\"https:\/\/www.univ-oeb.dz\/ista\/wp-content\/uploads\/2024\/07\/FB_IMG_1720945097006-768x1024.jpg 768w, https:\/\/www.univ-oeb.dz\/ista\/wp-content\/uploads\/2024\/07\/FB_IMG_1720945097006-225x300.jpg 225w, https:\/\/www.univ-oeb.dz\/ista\/wp-content\/uploads\/2024\/07\/FB_IMG_1720945097006.jpg 1080w\" sizes=\"(max-width: 768px) 100vw, 768px\" \/><\/figure>\n\n\n\n<figure class=\"wp-block-image size-large\"><img loading=\"lazy\" decoding=\"async\" width=\"768\" height=\"1024\" data-id=\"3381\" src=\"https:\/\/www.univ-oeb.dz\/ista\/wp-content\/uploads\/2024\/07\/FB_IMG_1720946419126-768x1024.jpg\" alt=\"\" class=\"wp-image-3381\" srcset=\"https:\/\/www.univ-oeb.dz\/ista\/wp-content\/uploads\/2024\/07\/FB_IMG_1720946419126-768x1024.jpg 768w, https:\/\/www.univ-oeb.dz\/ista\/wp-content\/uploads\/2024\/07\/FB_IMG_1720946419126-225x300.jpg 225w, https:\/\/www.univ-oeb.dz\/ista\/wp-content\/uploads\/2024\/07\/FB_IMG_1720946419126.jpg 1080w\" sizes=\"(max-width: 768px) 100vw, 768px\" \/><\/figure>\n\n\n\n<figure class=\"wp-block-image size-large\"><img loading=\"lazy\" decoding=\"async\" width=\"720\" height=\"540\" data-id=\"3412\" src=\"https:\/\/www.univ-oeb.dz\/ista\/wp-content\/uploads\/2024\/07\/FB_IMG_1648067570174-1.jpg\" alt=\"\" class=\"wp-image-3412\" srcset=\"https:\/\/www.univ-oeb.dz\/ista\/wp-content\/uploads\/2024\/07\/FB_IMG_1648067570174-1.jpg 720w, https:\/\/www.univ-oeb.dz\/ista\/wp-content\/uploads\/2024\/07\/FB_IMG_1648067570174-1-300x225.jpg 300w\" sizes=\"(max-width: 720px) 100vw, 720px\" \/><\/figure>\n\n\n\n<figure class=\"wp-block-image size-large\"><img loading=\"lazy\" decoding=\"async\" width=\"1024\" height=\"766\" data-id=\"3414\" src=\"https:\/\/www.univ-oeb.dz\/ista\/wp-content\/uploads\/2024\/07\/FB_IMG_1720945187584-1-1024x766.jpg\" alt=\"\" class=\"wp-image-3414\" srcset=\"https:\/\/www.univ-oeb.dz\/ista\/wp-content\/uploads\/2024\/07\/FB_IMG_1720945187584-1-1024x766.jpg 1024w, https:\/\/www.univ-oeb.dz\/ista\/wp-content\/uploads\/2024\/07\/FB_IMG_1720945187584-1-300x224.jpg 300w, https:\/\/www.univ-oeb.dz\/ista\/wp-content\/uploads\/2024\/07\/FB_IMG_1720945187584-1-768x575.jpg 768w, https:\/\/www.univ-oeb.dz\/ista\/wp-content\/uploads\/2024\/07\/FB_IMG_1720945187584-1.jpg 1080w\" sizes=\"(max-width: 1024px) 100vw, 1024px\" \/><\/figure>\n\n\n\n<figure class=\"wp-block-image size-large\"><img loading=\"lazy\" decoding=\"async\" width=\"768\" height=\"1024\" data-id=\"3413\" src=\"https:\/\/www.univ-oeb.dz\/ista\/wp-content\/uploads\/2024\/07\/FB_IMG_1720945267509-1-768x1024.jpg\" alt=\"\" class=\"wp-image-3413\" srcset=\"https:\/\/www.univ-oeb.dz\/ista\/wp-content\/uploads\/2024\/07\/FB_IMG_1720945267509-1-768x1024.jpg 768w, https:\/\/www.univ-oeb.dz\/ista\/wp-content\/uploads\/2024\/07\/FB_IMG_1720945267509-1-225x300.jpg 225w, https:\/\/www.univ-oeb.dz\/ista\/wp-content\/uploads\/2024\/07\/FB_IMG_1720945267509-1.jpg 1080w\" sizes=\"(max-width: 768px) 100vw, 768px\" \/><\/figure>\n<\/figure>\n","protected":false},"excerpt":{"rendered":"<p>\u0644\u064a\u0633\u0627\u0646\u0633 \u0645\u0647\u0646\u064a \u0641\u064a&nbsp;\u0627\u0644\u0634\u0628\u0643\u0627\u062a \u0648\u0627\u0644\u0627\u062a\u0635\u0627\u0644\u0627\u062a \u0639\u0631\u0636 \u0627\u0644\u0645\u0632\u064a\u062f&#8230; \u0645\u0627\u0633\u062a\u0631 \u0627\u0644\u0645\u0647\u0646\u064a \u0641\u064a&nbsp;\u0623\u0646\u0638\u0645\u0629 \u0627\u0644\u0634\u0628\u0643\u0627\u062a \u0648\u0627\u0644\u0627\u062a\u0635\u0627\u0644\u0627\u062a \u0639\u0631\u0636 \u0627\u0644\u0645\u0632\u064a\u062f&#8230; \u0627\u0644\u0645\u0634\u0627\u0631\u064a\u0639 \u0627\u0644\u0645\u0646\u062c\u0632\u0629 20240713_235025_0001.mp4 aman power.mp4 aman website.mp4 cit\u00e9 int\u00e9lligente.mp4 DETECTEUR DE SON \u2010 R\u00e9alis\u00e9e avec Clipchamp.mp4 km_20240523_720p_30f_20240523_011932.mp4 lv_0_20240713150452.mp4 PPT V3.mp4 received_615609427409872.mp4 UAL 4 BIT \u2010 R\u00e9alis\u00e9e avec Clipchamp.mp4 VID-20240713-WA0000.mp4 video6043867658124791941.mp4 wheels chair.mp4 Projets des \u00e9tudiants \u2010 R\u00e9alis\u00e9e avec Clipchamp.mp4<\/p>\n","protected":false},"author":1,"featured_media":0,"parent":0,"menu_order":0,"comment_status":"closed","ping_status":"closed","template":"","meta":{"footnotes":""},"class_list":["post-3286","page","type-page","status-publish","hentry"],"_links":{"self":[{"href":"https:\/\/www.univ-oeb.dz\/ista\/wp-json\/wp\/v2\/pages\/3286"}],"collection":[{"href":"https:\/\/www.univ-oeb.dz\/ista\/wp-json\/wp\/v2\/pages"}],"about":[{"href":"https:\/\/www.univ-oeb.dz\/ista\/wp-json\/wp\/v2\/types\/page"}],"author":[{"embeddable":true,"href":"https:\/\/www.univ-oeb.dz\/ista\/wp-json\/wp\/v2\/users\/1"}],"replies":[{"embeddable":true,"href":"https:\/\/www.univ-oeb.dz\/ista\/wp-json\/wp\/v2\/comments?post=3286"}],"version-history":[{"count":7,"href":"https:\/\/www.univ-oeb.dz\/ista\/wp-json\/wp\/v2\/pages\/3286\/revisions"}],"predecessor-version":[{"id":3416,"href":"https:\/\/www.univ-oeb.dz\/ista\/wp-json\/wp\/v2\/pages\/3286\/revisions\/3416"}],"wp:attachment":[{"href":"https:\/\/www.univ-oeb.dz\/ista\/wp-json\/wp\/v2\/media?parent=3286"}],"curies":[{"name":"wp","href":"https:\/\/api.w.org\/{rel}","templated":true}]}}