{"id":32,"date":"2023-08-30T10:30:13","date_gmt":"2023-08-30T10:30:13","guid":{"rendered":"http:\/\/www.univ-oeb.dz\/ista\/?page_id=32"},"modified":"2025-08-31T13:03:28","modified_gmt":"2025-08-31T13:03:28","slug":"%d9%86%d8%a7%d8%a6%d8%a8-%d8%a7%d9%84%d9%85%d8%af%d9%8a%d8%b1-%d8%a7%d9%84%d9%85%d9%83%d9%84%d9%81-%d8%a8%d9%85%d8%a7-%d8%a8%d8%b9%d8%af-%d8%a7%d9%84%d8%aa%d8%af%d8%b1%d8%ac-%d9%88%d8%a7%d9%84%d8%a8","status":"publish","type":"page","link":"https:\/\/www.univ-oeb.dz\/ista\/%d9%86%d8%a7%d8%a6%d8%a8-%d8%a7%d9%84%d9%85%d8%af%d9%8a%d8%b1-%d8%a7%d9%84%d9%85%d9%83%d9%84%d9%81-%d8%a8%d9%85%d8%a7-%d8%a8%d8%b9%d8%af-%d8%a7%d9%84%d8%aa%d8%af%d8%b1%d8%ac-%d9%88%d8%a7%d9%84%d8%a8\/","title":{"rendered":"\u0646\u0627\u0626\u0628 \u0627\u0644\u0645\u062f\u064a\u0631 \u0627\u0644\u0645\u0643\u0644\u0641 \u0628\u0645\u0627 \u0628\u0639\u062f \u0627\u0644\u062a\u062f\u0631\u062c \u0648\u0627\u0644\u0628\u062d\u062b \u0627\u0644\u0639\u0644\u0645\u064a \u0648\u0627\u0644\u0639\u0644\u0627\u0642\u0627\u062a \u0627\u0644\u062e\u0627\u0631\u062c\u064a\u0629"},"content":{"rendered":"\n<p><\/p>\n\n\n<div class=\"wp-block-image is-style-rounded\">\n<figure class=\"aligncenter size-thumbnail is-resized\"><img decoding=\"async\" width=\"150\" height=\"150\" src=\"https:\/\/www.univ-oeb.dz\/ista\/wp-content\/uploads\/2025\/01\/boultif-150x150.jpg\" alt=\"\" class=\"wp-image-4003\" style=\"width:202px;height:auto\" srcset=\"https:\/\/www.univ-oeb.dz\/ista\/wp-content\/uploads\/2025\/01\/boultif-150x150.jpg 150w, https:\/\/www.univ-oeb.dz\/ista\/wp-content\/uploads\/2025\/01\/boultif.jpg 225w\" sizes=\"(max-width: 150px) 100vw, 150px\" \/><\/figure><\/div>\n\n\n<p class=\"has-text-align-center\"><strong>\u0646\u0627\u0626\u0628 \u0627\u0644\u0645\u062f\u064a\u0631<\/strong>: <strong>\u062f\/ \u0628\u0648\u0644\u0637\u064a\u0641 \u0639\u064a\u0627\u0634<\/strong><br><strong>\u0631\u0642\u0645 \u0627\u0644\u0647\u0627\u062a\u0641\/\u0627\u0644\u0641\u0627\u0643\u0633 :<\/strong>&nbsp;<br><strong>\u0627\u0644\u0628\u0631\u064a\u062f \u0627\u0644\u0625\u0644\u0643\u062a\u0631\u0648\u0646\u064a :<\/strong><a href=\"mailto:zaabat.mourad@univ-oeb.dz\">boultif.ayache@univ-oeb.dz<\/a><\/p>\n\n\n\n<h2 class=\"wp-block-heading has-text-align-right\"><strong>\u0627\u0644\u0645\u0633\u0627\u0631 \u0627\u0644\u0623\u0643\u0627\u062f\u064a\u0645\u064a<\/strong><\/h2>\n\n\n\n<div class=\"wp-block-cp-timeline-content-timeline Cool-Content-Timeline\"><div class=\"cool-timeline-block-09cee5e0-9446-4458-bd24-a3303b4639b9\"><style>.cool-timeline-block-09cee5e0-9446-4458-bd24-a3303b4639b9 .cool-vertical-timeline-body{--ctlb-line-color: #27b54a;--ctlb-icon-box-size: 20px;}<\/style><div class=\"cool-vertical-timeline-body ctlb-wrapper both-sided left\"><div class=\"cool-timeline-block-list\">\n<div class=\"wp-block-cp-timeline-content-timeline-child swiper-slide\"><div class=\"timeline-content icon-false \"><div class=\"timeline-block-timeline ctl-row  position-right\"><div class=\"ctl-6 timeline-block-time\"><div class=\"story-time\"><p>2017<\/p><\/div><\/div><div class=\"timeline-block-icon\"><svg stroke=\"currentColor\" fill=\"currentColor\" stroke-width=\"0\" viewBox=\"0 0 512 512\" height=\"1em\" width=\"1em\" xmlns=\"http:\/\/www.w3.org\/2000\/svg\"><path d=\"M256 8C119 8 8 119 8 256s111 248 248 248 248-111 248-248S393 8 256 8z\"><\/path><\/svg><\/div><div class=\"ctl-6 timeline-block-detail\"><div class=\"story-details\"><div class=\"story-content\">\n<h3 class=\"wp-block-heading ctlb-block-title\" style=\"padding-top:0px;padding-right:0px;padding-bottom:0px;padding-left:0px\">Doctorat en g\u00e9nie des proc\u00e9d\u00e9s<\/h3>\n\n\n\n<p class=\"ctlb-block-desc\" style=\"padding-top:0px;padding-right:0px;padding-bottom:0px;padding-left:0px\"><\/p>\n<\/div><\/div><\/div><\/div><\/div><\/div>\n\n\n\n<div class=\"wp-block-cp-timeline-content-timeline-child swiper-slide\"><div class=\"timeline-content icon-false \"><div class=\"timeline-block-timeline ctl-row  position-left\"><div class=\"ctl-6 timeline-block-time\"><div class=\"story-time\"><p>1997<\/p><\/div><\/div><div class=\"timeline-block-icon\"><svg stroke=\"currentColor\" fill=\"currentColor\" stroke-width=\"0\" viewBox=\"0 0 512 512\" height=\"1em\" width=\"1em\" xmlns=\"http:\/\/www.w3.org\/2000\/svg\"><path d=\"M256 8C119 8 8 119 8 256s111 248 248 248 248-111 248-248S393 8 256 8z\"><\/path><\/svg><\/div><div class=\"ctl-6 timeline-block-detail\"><div class=\"story-details\"><div class=\"story-content\">\n<h3 class=\"wp-block-heading ctlb-block-title\" style=\"padding-top:0px;padding-right:0px;padding-bottom:0px;padding-left:0px\">Magister en g\u00e9nie des proc\u00e9d\u00e9s<\/h3>\n\n\n\n<p class=\"ctlb-block-desc\" style=\"padding-top:0px;padding-right:0px;padding-bottom:0px;padding-left:0px\"><\/p>\n<\/div><\/div><\/div><\/div><\/div><\/div>\n\n\n\n<div class=\"wp-block-cp-timeline-content-timeline-child swiper-slide\"><div class=\"timeline-content icon-false \"><div class=\"timeline-block-timeline ctl-row  position-right\"><div class=\"ctl-6 timeline-block-time\"><div class=\"story-time\"><p>1993<\/p><\/div><\/div><div class=\"timeline-block-icon\"><svg stroke=\"currentColor\" fill=\"currentColor\" stroke-width=\"0\" viewBox=\"0 0 512 512\" height=\"1em\" width=\"1em\" xmlns=\"http:\/\/www.w3.org\/2000\/svg\"><path d=\"M256 8C119 8 8 119 8 256s111 248 248 248 248-111 248-248S393 8 256 8z\"><\/path><\/svg><\/div><div class=\"ctl-6 timeline-block-detail\"><div class=\"story-details\"><div class=\"story-content\">\n<h3 class=\"wp-block-heading ctlb-block-title\" style=\"padding-top:0px;padding-right:0px;padding-bottom:0px;padding-left:0px\">Dipl\u00f4me d\u2019Etudes Approfondies<\/h3>\n\n\n\n<p class=\"ctlb-block-desc\" style=\"padding-top:0px;padding-right:0px;padding-bottom:0px;padding-left:0px\"><\/p>\n<\/div><\/div><\/div><\/div><\/div><\/div>\n<\/div><\/div><\/div><\/div>\n\n\n\n<h2 class=\"wp-block-heading has-text-align-right\"><strong><a href=\"https:\/\/www.univ-oeb.dz\/ista\/wp-content\/uploads\/2023\/09\/CV-Boultif.pdf\">\u0627\u0644\u0633\u064a\u0631\u0629 \u0627\u0644\u0630\u0627\u062a\u064a\u0629<\/a><\/strong><\/h2>\n\n\n\n<div class=\"wp-block-columns is-layout-flex wp-container-core-columns-is-layout-1 wp-block-columns-is-layout-flex\">\n<div class=\"wp-block-column is-layout-flow wp-block-column-is-layout-flow\">\n<div class=\"su-spoiler su-spoiler-style-fancy su-spoiler-icon-plus su-spoiler-closed\" data-scroll-offset=\"0\" data-anchor-in-url=\"no\"><div class=\"su-spoiler-title\" tabindex=\"0\" role=\"button\"><span class=\"su-spoiler-icon\"><\/span>Dernier Dipl\u00f4me<\/div><div class=\"su-spoiler-content su-u-clearfix su-u-trim\">\n\n\n\n<p>Doctorat en g\u00e9nie des proc\u00e9d\u00e9s<\/p>\n\n\n\n<\/div><\/div>\n\n\n\n<div class=\"su-spoiler su-spoiler-style-fancy su-spoiler-icon-plus su-spoiler-closed\" data-scroll-offset=\"0\" data-anchor-in-url=\"no\"><div class=\"su-spoiler-title\" tabindex=\"0\" role=\"button\"><span class=\"su-spoiler-icon\"><\/span>Fonction<\/div><div class=\"su-spoiler-content su-u-clearfix su-u-trim\">\n\n\n\n<p>Enseignant<\/p>\n\n\n\n<\/div><\/div>\n\n\n\n<div class=\"su-spoiler su-spoiler-style-fancy su-spoiler-icon-plus su-spoiler-closed\" data-scroll-offset=\"0\" data-anchor-in-url=\"no\"><div class=\"su-spoiler-title\" tabindex=\"0\" role=\"button\"><span class=\"su-spoiler-icon\"><\/span>Domaines scientifiques d\u2019int\u00e9r\u00eats<\/div><div class=\"su-spoiler-content su-u-clearfix su-u-trim\">\n\n\n\n<ul class=\"wp-block-list\">\n<li><\/li>\n<\/ul>\n\n\n\n<\/div><\/div>\n\n\n\n<div class=\"su-spoiler su-spoiler-style-fancy su-spoiler-icon-plus su-spoiler-closed\" data-scroll-offset=\"0\" data-anchor-in-url=\"no\"><div class=\"su-spoiler-title\" tabindex=\"0\" role=\"button\"><span class=\"su-spoiler-icon\"><\/span>Publications<\/div><div class=\"su-spoiler-content su-u-clearfix su-u-trim\">\n\n\n\n<p>A. Boultif, A. Kabouche, S. Ladjel Application of Genetic Algorithms (GA) and<br>Threshold Acceptance (TA) to a Ternary Liquid-Liquid Equilibrium System. 2016<\/p>\n\n\n\n<\/div><\/div>\n\n\n\n<div class=\"su-spoiler su-spoiler-style-fancy su-spoiler-icon-plus su-spoiler-closed\" data-scroll-offset=\"0\" data-anchor-in-url=\"no\"><div class=\"su-spoiler-title\" tabindex=\"0\" role=\"button\"><span class=\"su-spoiler-icon\"><\/span>Publications<\/div><div class=\"su-spoiler-content su-u-clearfix su-u-trim\">\n\n\n\n<p>A. Boultif, A. Kabouche, M. Djaballah Etude des param\u00e8tres d\u2019interactions du mod\u00e8le<br>UNIQUAC en utilisant un algorithme bas\u00e9 sur une approche g\u00e9n\u00e9tique. Communication<br>nationale. 2014.<\/p>\n\n\n\n<\/div><\/div>\n<\/div>\n\n\n\n<div class=\"wp-block-column is-layout-flow wp-block-column-is-layout-flow\">\n<div class=\"su-spoiler su-spoiler-style-fancy su-spoiler-icon-plus su-spoiler-closed\" data-scroll-offset=\"0\" data-anchor-in-url=\"no\"><div class=\"su-spoiler-title\" tabindex=\"0\" role=\"button\"><span class=\"su-spoiler-icon\"><\/span>Nom<\/div><div class=\"su-spoiler-content su-u-clearfix su-u-trim\">\n\n\n\n<p>Boultif Ayache<\/p>\n\n\n\n<\/div><\/div>\n\n\n\n<div class=\"su-spoiler su-spoiler-style-fancy su-spoiler-icon-plus su-spoiler-closed\" data-scroll-offset=\"0\" data-anchor-in-url=\"no\"><div class=\"su-spoiler-title\" tabindex=\"0\" role=\"button\"><span class=\"su-spoiler-icon\"><\/span>Grade<\/div><div class=\"su-spoiler-content su-u-clearfix su-u-trim\">\n\n\n\n<p>Maitre de conf\u00e9rences classe A<\/p>\n\n\n\n<\/div><\/div>\n\n\n\n<div class=\"su-spoiler su-spoiler-style-fancy su-spoiler-icon-plus su-spoiler-closed\" data-scroll-offset=\"0\" data-anchor-in-url=\"no\"><div class=\"su-spoiler-title\" tabindex=\"0\" role=\"button\"><span class=\"su-spoiler-icon\"><\/span>Sp\u00e9cialit\u00e9<\/div><div class=\"su-spoiler-content su-u-clearfix su-u-trim\">\n\n\n\n<p><\/p>\n\n\n\n<\/div><\/div>\n\n\n\n<div class=\"su-spoiler su-spoiler-style-fancy su-spoiler-icon-plus su-spoiler-closed\" data-scroll-offset=\"0\" data-anchor-in-url=\"no\"><div class=\"su-spoiler-title\" tabindex=\"0\" role=\"button\"><span class=\"su-spoiler-icon\"><\/span>Publications<\/div><div class=\"su-spoiler-content su-u-clearfix su-u-trim\">\n\n\n\n<p>A. Boultif, A.Kabouche, N. Gherraf Study of the interaction parameters in the liquidliquid equilibrium with evolutionary algorithms, 2018<\/p>\n\n\n\n<\/div><\/div>\n\n\n\n<div class=\"su-spoiler su-spoiler-style-fancy su-spoiler-icon-plus su-spoiler-closed\" data-scroll-offset=\"0\" data-anchor-in-url=\"no\"><div class=\"su-spoiler-title\" tabindex=\"0\" role=\"button\"><span class=\"su-spoiler-icon\"><\/span>Publications<\/div><div class=\"su-spoiler-content su-u-clearfix su-u-trim\">\n\n\n\n<p>A. Kabouche, A. Boultif, N. Gherraf Interaction parameter estimation in liquid-liquid<br>phase equilibrium modeling using stochastic and hybrid algorithms. 2012.<\/p>\n\n\n\n<\/div><\/div>\n<\/div>\n<\/div>\n\n\n\n<h3 class=\"wp-block-heading has-text-align-center\"><\/h3>\n","protected":false},"excerpt":{"rendered":"<p>\u0646\u0627\u0626\u0628 \u0627\u0644\u0645\u062f\u064a\u0631: \u062f\/ \u0628\u0648\u0644\u0637\u064a\u0641 \u0639\u064a\u0627\u0634\u0631\u0642\u0645 \u0627\u0644\u0647\u0627\u062a\u0641\/\u0627\u0644\u0641\u0627\u0643\u0633 :&nbsp;\u0627\u0644\u0628\u0631\u064a\u062f \u0627\u0644\u0625\u0644\u0643\u062a\u0631\u0648\u0646\u064a :boultif.ayache@univ-oeb.dz \u0627\u0644\u0645\u0633\u0627\u0631 \u0627\u0644\u0623\u0643\u0627\u062f\u064a\u0645\u064a 2017 Doctorat en g\u00e9nie des proc\u00e9d\u00e9s 1997 Magister en g\u00e9nie des proc\u00e9d\u00e9s 1993 Dipl\u00f4me d\u2019Etudes Approfondies \u0627\u0644\u0633\u064a\u0631\u0629 \u0627\u0644\u0630\u0627\u062a\u064a\u0629<\/p>\n","protected":false},"author":1,"featured_media":0,"parent":0,"menu_order":0,"comment_status":"closed","ping_status":"closed","template":"","meta":{"footnotes":""},"class_list":["post-32","page","type-page","status-publish","hentry"],"_links":{"self":[{"href":"https:\/\/www.univ-oeb.dz\/ista\/wp-json\/wp\/v2\/pages\/32"}],"collection":[{"href":"https:\/\/www.univ-oeb.dz\/ista\/wp-json\/wp\/v2\/pages"}],"about":[{"href":"https:\/\/www.univ-oeb.dz\/ista\/wp-json\/wp\/v2\/types\/page"}],"author":[{"embeddable":true,"href":"https:\/\/www.univ-oeb.dz\/ista\/wp-json\/wp\/v2\/users\/1"}],"replies":[{"embeddable":true,"href":"https:\/\/www.univ-oeb.dz\/ista\/wp-json\/wp\/v2\/comments?post=32"}],"version-history":[{"count":3,"href":"https:\/\/www.univ-oeb.dz\/ista\/wp-json\/wp\/v2\/pages\/32\/revisions"}],"predecessor-version":[{"id":5190,"href":"https:\/\/www.univ-oeb.dz\/ista\/wp-json\/wp\/v2\/pages\/32\/revisions\/5190"}],"wp:attachment":[{"href":"https:\/\/www.univ-oeb.dz\/ista\/wp-json\/wp\/v2\/media?parent=32"}],"curies":[{"name":"wp","href":"https:\/\/api.w.org\/{rel}","templated":true}]}}