{"id":2705,"date":"2024-02-04T09:58:26","date_gmt":"2024-02-04T09:58:26","guid":{"rendered":"http:\/\/www.univ-oeb.dz\/ista\/?page_id=2705"},"modified":"2024-02-13T08:59:03","modified_gmt":"2024-02-13T08:59:03","slug":"notes-et-corriges-types-gestion-des-entreprises-et-administrations","status":"publish","type":"page","link":"https:\/\/www.univ-oeb.dz\/ista\/fr\/notes-et-corriges-types-gestion-des-entreprises-et-administrations\/","title":{"rendered":"Notes et corrig\u00e9s types &#8211; Gestion des entreprises et administrations"},"content":{"rendered":"\n<h3 class=\"wp-block-heading\">Notes et corrig\u00e9s types &#8211; Gestion des entreprises et administrations<\/h3>\n\n\n\n<figure class=\"wp-block-table\"><table><tbody><tr><td><strong>Modules<\/strong><\/td><td><strong>Notes<\/strong><\/td><td><strong>Corrig\u00e9s type<\/strong><\/td><\/tr><tr><td><strong>Premi\u00e8re Ann\u00e9e<\/strong><\/td><td><\/td><td><\/td><\/tr><tr><td>Comptabilit\u00e9 g\u00e9n\u00e9rale<\/td><td><\/td><td><a href=\"https:\/\/www.univ-oeb.dz\/ista\/wp-content\/uploads\/2024\/02\/comptabilite-generale.pdf\">T\u00e9l\u00e9charger<\/a> \/ <a href=\"https:\/\/www.univ-oeb.dz\/ista\/wp-content\/uploads\/2024\/02\/comptabilite-generale-1.pdf\">contr\u00f4le<\/a><\/td><\/tr><tr><td>Gestion de tr\u00e9sorerie <\/td><td><\/td><td><a href=\"https:\/\/www.univ-oeb.dz\/ista\/wp-content\/uploads\/2024\/02\/gestion-de-tresorerie.pdf\">T\u00e9l\u00e9charger<\/a><\/td><\/tr><tr><td>Adaptations Locales<\/td><td><a href=\"https:\/\/www.univ-oeb.dz\/ista\/wp-content\/uploads\/2024\/02\/notes_ccf__Adaptationslocales_1_1-1.xlsx\">TD<\/a> \/ <a href=\"https:\/\/www.univ-oeb.dz\/ista\/wp-content\/uploads\/2024\/02\/notes_examne_S1_ADAPTATIONSLOCALES_11-1.xlsx\">EXAM<\/a><\/td><td><a href=\"https:\/\/www.univ-oeb.dz\/ista\/wp-content\/uploads\/2024\/02\/Adaptations-Locales-SAIDI-SIEF-Hanane.pdf\">T\u00e9l\u00e9charger<\/a><\/td><\/tr><tr><td>Gestion des ressources humaines<\/td><td><\/td><td><a href=\"https:\/\/www.univ-oeb.dz\/ista\/wp-content\/uploads\/2024\/02\/corige-grh.pdf\">T\u00e9l\u00e9charger<\/a><\/td><\/tr><tr><td>Communication \u00e9crite<\/td><td><\/td><td><a href=\"https:\/\/www.univ-oeb.dz\/ista\/wp-content\/uploads\/2024\/02\/corrige-type-de-lEXAMEN-GEA-COMMUNICATION-EE-1-ERE.pdf\">T\u00e9l\u00e9charger<\/a><\/td><\/tr><tr><td>Comptabilit\u00e9 Approfondie<\/td><td><\/td><td><a href=\"https:\/\/www.univ-oeb.dz\/ista\/wp-content\/uploads\/2024\/02\/S1-COMPTA-APPROFO-P1.pdf\">P1<\/a> \/ <a href=\"https:\/\/www.univ-oeb.dz\/ista\/wp-content\/uploads\/2024\/02\/S1-COMPT-APROFO-P2.pdf\">P2<\/a> \/ <a href=\"https:\/\/www.univ-oeb.dz\/ista\/wp-content\/uploads\/2024\/02\/S1-COMPT-APPROFO-P3.pdf\">P3<\/a><\/td><\/tr><tr><td>Comptabilit\u00e9 analytique Approfondie<\/td><td><\/td><td><a href=\"https:\/\/www.univ-oeb.dz\/ista\/wp-content\/uploads\/2024\/02\/S1-COMPTA-ANALYT-P1.pdf\">P1<\/a> \/ <a href=\"https:\/\/www.univ-oeb.dz\/ista\/wp-content\/uploads\/2024\/02\/S1-COMTA-ANALY-P2.pdf\">P2<\/a><\/td><\/tr><tr><td>Comptabilit\u00e9 : les fondamentaux<\/td><td><a href=\"https:\/\/www.univ-oeb.dz\/ista\/wp-content\/uploads\/2024\/02\/notes_ccf__Comptabilite_lesfondamentaux_1_1-3.xlsx\">TD<\/a> \/ <a href=\"https:\/\/www.univ-oeb.dz\/ista\/wp-content\/uploads\/2024\/02\/notes_examne_S1_COMPTABILITE_LESFONDAMENTAUX_11-1.xlsx\">EXAM<\/a><\/td><td><\/td><\/tr><tr><td>Introduction \u00e0 l\u2019\u00e9conomie<\/td><td><a href=\"https:\/\/www.univ-oeb.dz\/ista\/wp-content\/uploads\/2024\/02\/notes_ccf__Introductional-economie_1_1-1.xlsx\">TD<\/a> \/ <a href=\"https:\/\/www.univ-oeb.dz\/ista\/wp-content\/uploads\/2024\/02\/notes_examne_S1_INTRODUCTIONAL-ECONOMIE_11-1.xlsx\">EXAM<\/a><\/td><td><\/td><\/tr><tr><td>Introduction au marketing<\/td><td><a href=\"https:\/\/www.univ-oeb.dz\/ista\/wp-content\/uploads\/2024\/02\/notes_ccf__Introductionaumarketing_1_1-1.xlsx\">TD<\/a> \/ <a href=\"https:\/\/www.univ-oeb.dz\/ista\/wp-content\/uploads\/2024\/02\/notes_examne_S1_INTRODUCTIONAUMARKETING_11.xlsx\">EXAM<\/a><\/td><td><\/td><\/tr><tr><td>L\u2019Entreprise et son organisation<\/td><td><a href=\"https:\/\/www.univ-oeb.dz\/ista\/wp-content\/uploads\/2024\/02\/notes_ccf__L-Entrepriseetsonorganisation_1_1-1.xlsx\">TD<\/a> \/ <a href=\"https:\/\/www.univ-oeb.dz\/ista\/wp-content\/uploads\/2024\/02\/notes_examne_S1_L-ENTREPRISEETSONORGANISATION_11-1.xlsx\">EXAM<\/a><\/td><td><a href=\"https:\/\/www.univ-oeb.dz\/ista\/wp-content\/uploads\/2024\/02\/La-Societe-et-son-organisation.pdf\">T\u00e9l\u00e9charger<\/a><\/td><\/tr><tr><td>Management : les concepts<\/td><td><a href=\"https:\/\/www.univ-oeb.dz\/ista\/wp-content\/uploads\/2024\/02\/notes_ccf__Management_lesconcepts_1_1-1.xlsx\">TD<\/a> \/ <a href=\"https:\/\/www.univ-oeb.dz\/ista\/wp-content\/uploads\/2024\/02\/notes_examne_S1_MANAGEMENT_LESCONCEPTS_11-1.xlsx\">EXAM<\/a><\/td><td><\/td><\/tr><tr><td>Math\u00e9matiques et statistiques pour gestion<\/td><td><a href=\"https:\/\/www.univ-oeb.dz\/ista\/wp-content\/uploads\/2024\/02\/notes_ccf__Mathematiquesetstatistiquespourgestion_1_1.xlsx\">TD<\/a> \/ <a href=\"https:\/\/www.univ-oeb.dz\/ista\/wp-content\/uploads\/2024\/02\/notes_examne_S1_MATHEMATIQUESETSTATISTIQUESPOURGESTION_11-1.xlsx\">EXAM<\/a><\/td><td><\/td><\/tr><tr><td>M\u00e9thodologie et recherche documentaire<\/td><td><a href=\"https:\/\/www.univ-oeb.dz\/ista\/wp-content\/uploads\/2024\/02\/notes_ccf__Methodologieetrecherchedocumentaire_1_1.xlsx\">TD<\/a> \/ <a href=\"https:\/\/www.univ-oeb.dz\/ista\/wp-content\/uploads\/2024\/02\/notes_examne_S1_METHODOLOGIEETRECHERCHEDOCUMENTAIRE_11-1.xlsx\">EXAM<\/a><\/td><td><a href=\"https:\/\/www.univ-oeb.dz\/ista\/wp-content\/uploads\/2024\/02\/\u0645\u0646\u0647\u062c\u064a\u0629-\u0627\u0644\u0628\u062d\u062b-\u0627\u0644\u0639\u0644\u0645\u064a.pdf\">T\u00e9l\u00e9charger<\/a><\/td><\/tr><tr><td>Environnement num\u00e9rique de l\u2019information<\/td><td><a href=\"https:\/\/www.univ-oeb.dz\/ista\/wp-content\/uploads\/2024\/02\/notes_ccf__Environnementnumeriqued-informationetdecommunication_1_1.xlsx\">TD<\/a> \/ <a href=\"https:\/\/www.univ-oeb.dz\/ista\/wp-content\/uploads\/2024\/02\/notes_examne_S1_ENVIRONNEMENTNUMERIQUED-INFORMATIONETDECOMMUNICATION_11-1.xlsx\">EXAM<\/a><\/td><td><a href=\"https:\/\/www.univ-oeb.dz\/ista\/wp-content\/uploads\/2024\/02\/Environnement-numerique-de-linformation.pdf\">T\u00e9l\u00e9charger<\/a><\/td><\/tr><tr><td>Environnement juridique<\/td><td><a href=\"https:\/\/www.univ-oeb.dz\/ista\/wp-content\/uploads\/2024\/02\/notes_ccf__Environnementjuridique_1_1.xlsx\">TD<\/a> \/ <a href=\"https:\/\/www.univ-oeb.dz\/ista\/wp-content\/uploads\/2024\/02\/notes_examne_S1_ENVIRONNEMENTJURIDIQUE_11.xlsx\">EXAM<\/a><\/td><td><\/td><\/tr><tr><td>Communication \u00e9crite et orale en anglais<\/td><td><a href=\"https:\/\/www.univ-oeb.dz\/ista\/wp-content\/uploads\/2024\/02\/notes_ccf__Communicationecriteetoraleenanglais_1_1-4.xlsx\">TD<\/a> \/ <a href=\"https:\/\/www.univ-oeb.dz\/ista\/wp-content\/uploads\/2024\/02\/notes_examne_S1_COMMUNICATIONECRITEETORALEENANGLAIS_11-1.xlsx\">EXAM<\/a><\/td><td><\/td><\/tr><tr><td>Communication \u00e9crite et orale en arabe<\/td><td>TD \/ <a href=\"https:\/\/www.univ-oeb.dz\/ista\/wp-content\/uploads\/2024\/02\/notes_examne_S1_COMMUNICATIONECRITEETORALEENARABE_11-1.xlsx\">EXAM<\/a><\/td><td><\/td><\/tr><tr><td>Communication \u00e9crite et orale en fran\u00e7ais<\/td><td>TD \/ <a href=\"https:\/\/www.univ-oeb.dz\/ista\/wp-content\/uploads\/2024\/02\/notes_examne_S1_COMMUNICATIONECRITEETORALEENFRANCAIS_11-1.xlsx\">EXAM<\/a><\/td><td><\/td><\/tr><tr><td><strong>Deuxi\u00e8me Ann\u00e9e<\/strong><\/td><td><\/td><td><\/td><\/tr><tr><td>Gestion Financi\u00e8re<\/td><td><a href=\"https:\/\/www.univ-oeb.dz\/ista\/wp-content\/uploads\/2024\/02\/notes_ccf__Gestionfinanciere_1_1.xlsx\">TD<\/a> \/ <a href=\"https:\/\/www.univ-oeb.dz\/ista\/wp-content\/uploads\/2024\/02\/notes_examne_S3_GESTIONFINANCIERE_11.xlsx\">EXAM<\/a><\/td><td><a href=\"https:\/\/www.univ-oeb.dz\/ista\/wp-content\/uploads\/2024\/02\/contr-gestion-financiere-2024.pdf\">Contr\u00f4le<\/a> \/ <a href=\"https:\/\/www.univ-oeb.dz\/ista\/wp-content\/uploads\/2024\/02\/\u0627\u0644\u0627\u062c\u0627\u0628\u0629-\u0627\u0644\u0646\u0645\u0648\u0630\u062c\u064a\u0629-\u0644\u0645\u0642\u064a\u0627\u0633-\u0627\u0627\u0644\u062a\u0633\u064a\u064a\u0631-\u0627\u0644\u0645\u0627\u0644\u064a-2024-Copie.pdf\">corrig\u00e9<\/a><\/td><\/tr><tr><td>Syst\u00e8me de gestion des Bases de donn\u00e9es<\/td><td><a href=\"https:\/\/www.univ-oeb.dz\/ista\/wp-content\/uploads\/2024\/02\/notes_ccf__Systemedegestiondebasesdedonnees_1_1.xlsx\">TD<\/a> \/ <a href=\"https:\/\/www.univ-oeb.dz\/ista\/wp-content\/uploads\/2024\/02\/notes_examne_S3_SYSTEMEDEGESTIONDEBASESDEDONNEES_11.xlsx\">EXAM<\/a><\/td><td><a href=\"https:\/\/www.univ-oeb.dz\/ista\/wp-content\/uploads\/2024\/02\/Systeme-de-gestion-des-Bases-de-donnees.pdf\">T\u00e9l\u00e9charger<\/a><\/td><\/tr><tr><td>Activit\u00e9s transdisciplinaires<\/td><td><a href=\"https:\/\/www.univ-oeb.dz\/ista\/wp-content\/uploads\/2024\/02\/notes_ccf__Activitestransdisciplinaires_1_1-3.xlsx\">TD<\/a> \/ <a href=\"https:\/\/www.univ-oeb.dz\/ista\/wp-content\/uploads\/2024\/02\/notes_examne_S3_ACTIVITESTRANSDISCIPLINAIRES_11.xlsx\">EXAM<\/a><\/td><td><\/td><\/tr><tr><td>Gestion des ressources humaines<\/td><td><a href=\"https:\/\/www.univ-oeb.dz\/ista\/wp-content\/uploads\/2024\/02\/notes_ccf__Gestiondesressourceshumaines-1_1_1.xlsx\">TD<\/a> \/ <a href=\"https:\/\/www.univ-oeb.dz\/ista\/wp-content\/uploads\/2024\/02\/notes_examne_S3_GESTIONDESRESSOURCESHUMAINES-1_11.xlsx\">EXAM<\/a><\/td><td><a href=\"https:\/\/www.univ-oeb.dz\/ista\/wp-content\/uploads\/2024\/02\/\u062a\u0633\u064a\u064a\u0631-\u0627\u0644\u0645\u0648\u0627\u0631\u062f-\u0627\u0644\u0628\u0634\u0631\u064a\u0629.pdf\">T\u00e9l\u00e9charger<\/a><\/td><\/tr><tr><td>Adaptations locales<\/td><td><a href=\"https:\/\/www.univ-oeb.dz\/ista\/wp-content\/uploads\/2024\/02\/notes_ccf__Adaptationslocales_1_1-2.xlsx\">TD<\/a> \/ <a href=\"https:\/\/www.univ-oeb.dz\/ista\/wp-content\/uploads\/2024\/02\/notes_examne_S3_ADAPTATIONSLOCALES_11.xlsx\">EXAM<\/a><\/td><td>T\u00e9l\u00e9charger<\/td><\/tr><tr><td>Calcul et analyse des co\u00fbts<\/td><td><a href=\"https:\/\/www.univ-oeb.dz\/ista\/wp-content\/uploads\/2024\/02\/notes_ccf__Calculetanalysedescouts-2_1_1.xlsx\">TD<\/a> \/ <a href=\"https:\/\/www.univ-oeb.dz\/ista\/wp-content\/uploads\/2024\/02\/notes_examne_S3_CALCULETANALYSEDESCOUTS-2_11.xlsx\">EXAM<\/a><\/td><td><\/td><\/tr><tr><td>Communication \u00e9crite et orale en anglais<\/td><td><a href=\"https:\/\/www.univ-oeb.dz\/ista\/wp-content\/uploads\/2024\/02\/notes_ccf__Communicationecriteetoraleenanglais_1_1-5.xlsx\">TD<\/a> \/ <a href=\"https:\/\/www.univ-oeb.dz\/ista\/wp-content\/uploads\/2024\/02\/notes_examne_S3_COMMUNICATIONECRITEETORALEENANGLAIS_11.xlsx\">EXAM<\/a><\/td><td><\/td><\/tr><tr><td>Communication \u00e9crite et orale en arabe<\/td><td><a href=\"https:\/\/www.univ-oeb.dz\/ista\/wp-content\/uploads\/2024\/02\/notes_ccf__Communicationecriteetoraleenarabe_1_1-1.xlsx\">TD<\/a> \/ <a href=\"https:\/\/www.univ-oeb.dz\/ista\/wp-content\/uploads\/2024\/02\/notes_examne_S3_COMMUNICATIONECRITEETORALEENARABE_11.xlsx\">EXAM<\/a><\/td><td><\/td><\/tr><tr><td>Droit du travail<\/td><td><a href=\"https:\/\/www.univ-oeb.dz\/ista\/wp-content\/uploads\/2024\/02\/notes_ccf__Droitdutravail_1_1.xlsx\">TD<\/a> \/ <a href=\"https:\/\/www.univ-oeb.dz\/ista\/wp-content\/uploads\/2024\/02\/notes_examne_S3_DROITDUTRAVAIL_11.xlsx\">EXAM<\/a><\/td><td><\/td><\/tr><tr><td>\u00c9conomie mon\u00e9taire et financi\u00e8re<\/td><td><a href=\"https:\/\/www.univ-oeb.dz\/ista\/wp-content\/uploads\/2024\/02\/notes_ccf__Economiemonetaireetfinanciere_1_1.xlsx\">TD<\/a> \/ <a href=\"https:\/\/www.univ-oeb.dz\/ista\/wp-content\/uploads\/2024\/02\/notes_examne_S3_ECONOMIEMONETAIREETFINANCIERE_11.xlsx\">EXAM<\/a><\/td><td><\/td><\/tr><tr><td>Fiscalit\u00e9 de l\u2019entreprise<\/td><td><a href=\"https:\/\/www.univ-oeb.dz\/ista\/wp-content\/uploads\/2024\/02\/notes_ccf__Fiscalitedel-entreprise_1_1.xlsx\">TD<\/a> \/ <a href=\"https:\/\/www.univ-oeb.dz\/ista\/wp-content\/uploads\/2024\/02\/notes_examne_S3_FISCALITEDEL-ENTREPRISE_11.xlsx\">EXAM<\/a><\/td><td><\/td><\/tr><tr><td>PPP \u2013 Phase 3<\/td><td><a href=\"https:\/\/www.univ-oeb.dz\/ista\/wp-content\/uploads\/2024\/02\/notes_ccf__PPP-Phase3_1_1.xlsx\">TD<\/a> \/ <a href=\"https:\/\/www.univ-oeb.dz\/ista\/wp-content\/uploads\/2024\/02\/notes_examne_S3_PPP-PHASE3_11.xlsx\">EXAM<\/a><\/td><td><\/td><\/tr><tr><td>Projets tutor\u00e9s 1 \u2013 M\u00e9thodologie<\/td><td><a href=\"https:\/\/www.univ-oeb.dz\/ista\/wp-content\/uploads\/2024\/02\/notes_ccf__Projetstutores1-Methodologie_1_1.xlsx\">TD<\/a> \/ EXAM<\/td><td><\/td><\/tr><tr><td>Strat\u00e9gie des organisations<\/td><td><a href=\"https:\/\/www.univ-oeb.dz\/ista\/wp-content\/uploads\/2024\/02\/notes_ccf__Strategiedesorganisations_1_1.xlsx\">TD<\/a> \/ <a href=\"https:\/\/www.univ-oeb.dz\/ista\/wp-content\/uploads\/2024\/02\/notes_examne_S3_STRATEGIEDESORGANISATIONS_11.xlsx\">EXAM<\/a><\/td><td><\/td><\/tr><tr><td><strong>Troisi\u00e8me Ann\u00e9e<\/strong><\/td><td><\/td><td><\/td><\/tr><tr><td>Diagnostic Financier Approfondie<\/td><td><\/td><td><a href=\"https:\/\/www.univ-oeb.dz\/ista\/wp-content\/uploads\/2024\/02\/contr-diagnostic-financier-app-1.pdf\">T\u00e9l\u00e9charger<\/a><\/td><\/tr><tr><td>Utilisation des logiciels CF<\/td><td><\/td><td><a href=\"https:\/\/www.univ-oeb.dz\/ista\/wp-content\/uploads\/2024\/02\/corrige-de-controle-compta-de-gestion-2024.pdf\">T\u00e9l\u00e9charger<\/a><\/td><\/tr><tr><td>Utilisation des logiciels du m\u00e9tier GRH<\/td><td><\/td><td><a href=\"https:\/\/www.univ-oeb.dz\/ista\/wp-content\/uploads\/2024\/02\/corrige-controle-utilisation-GRH-2024.pdf\">T\u00e9l\u00e9charger<\/a><\/td><\/tr><tr><td>L&rsquo;AUDIT COMPTABLE ET FINANCIER<\/td><td><\/td><td><a href=\"https:\/\/www.univ-oeb.dz\/ista\/wp-content\/uploads\/2024\/02\/CORRIGE-TYPE-DE-LAUDIT-COMPTABLE-ET-FINANCIER-3-EME.pdf\">T\u00e9l\u00e9charger<\/a><\/td><\/tr><tr><td>\u0627\u0644\u0645\u062d\u0627\u0633\u0628\u0629 \u0627\u0644\u062f\u0648\u0644\u064a\u0629<\/td><td><\/td><td><a href=\"https:\/\/www.univ-oeb.dz\/ista\/wp-content\/uploads\/2024\/02\/\u0627\u0644\u062a\u0635\u062d\u064a\u062d-\u0627\u0644\u0646\u0645\u0648\u0630\u062c\u064a-\u0644\u0644\u062f\u0648\u0631\u0629-\u0627\u0644\u0639\u0627\u062f\u064a\u0629-\u0645\u0639\u0627\u064a\u064a\u0631-\u0627\u0644\u0645\u062d\u0627\u0633\u0628\u0629-\u0627\u0644\u062f\u0648\u0644\u064a\u0629-2024.pdf\">T\u00e9l\u00e9charger<\/a><\/td><\/tr><tr><td>\u0633\u064a\u0627\u0633\u0627\u062a \u0627\u0644\u062a\u0639\u0648\u064a\u0636\u0627\u062a<\/td><td><\/td><td><a href=\"https:\/\/www.univ-oeb.dz\/ista\/wp-content\/uploads\/2024\/02\/\u0633\u064a\u0627\u0633\u0627\u062a-\u0627\u0644\u062a\u0639\u0648\u064a\u0636\u0627\u062a.pdf\">T\u00e9l\u00e9charger<\/a><\/td><\/tr><tr><td>\u062a\u0642\u0646\u064a\u0627\u062a \u0627\u0644\u0623\u062c\u0648\u0631<\/td><td><\/td><td><a href=\"https:\/\/www.univ-oeb.dz\/ista\/wp-content\/uploads\/2024\/02\/\u062a\u0642\u0646\u064a\u0627\u062a-\u0627\u0644\u0623\u062c\u0648\u0631.pdf\">T\u00e9l\u00e9charger<\/a><\/td><\/tr><tr><td>Gestion de la tr\u00e9sorerie <\/td><td><\/td><td><a href=\"https:\/\/www.univ-oeb.dz\/ista\/wp-content\/uploads\/2024\/02\/Gestion-de-tresorerie.pdf\">T\u00e9l\u00e9charger<\/a><\/td><\/tr><tr><td>Administration informatis\u00e9e du personnel<\/td><td><a href=\"https:\/\/www.univ-oeb.dz\/ista\/wp-content\/uploads\/2024\/02\/notes_ccf__Administrationinformatiseedupersonnel_1_1.xlsx\">TD<\/a> \/ <a href=\"https:\/\/www.univ-oeb.dz\/ista\/wp-content\/uploads\/2024\/02\/notes_examne_S5_ADMINISTRATIONINFORMATISEEDUPERSONNEL_11.xlsx\">EXAM<\/a><\/td><td><\/td><\/tr><tr><td>Bilan social et tableaux de bord<\/td><td><a href=\"https:\/\/www.univ-oeb.dz\/ista\/wp-content\/uploads\/2024\/02\/notes_ccf__Bilansocialettableauxdebord_1_1.xlsx\">TD<\/a> \/ <a href=\"https:\/\/www.univ-oeb.dz\/ista\/wp-content\/uploads\/2024\/02\/notes_examne_S5_BILANSOCIALETTABLEAUXDEBORD_11.xlsx\">EXAM<\/a><\/td><td><\/td><\/tr><tr><td>Communication \u00e9crite et orale en Anglais<\/td><td><a href=\"https:\/\/www.univ-oeb.dz\/ista\/wp-content\/uploads\/2024\/02\/notes_ccf__CommunicationecriteetoraleenAnglais_1_1.xlsx\">TD<\/a> \/ <a href=\"https:\/\/www.univ-oeb.dz\/ista\/wp-content\/uploads\/2024\/02\/notes_examne_S5_COMMUNICATIONECRITEETORALEENANGLAIS_11-1.xlsx\">EXAM<\/a><\/td><td><\/td><\/tr><tr><td>Communication \u00e9crite et orale en arabe<\/td><td><a href=\"https:\/\/www.univ-oeb.dz\/ista\/wp-content\/uploads\/2024\/02\/notes_ccf__Communicationecriteetoraleenarabe_1_1.xlsx\">TD<\/a> \/ <a href=\"https:\/\/www.univ-oeb.dz\/ista\/wp-content\/uploads\/2024\/02\/notes_examne_S5_COMMUNICATIONECRITEETORALEENARABE_11-1.xlsx\">EXAM<\/a><\/td><td><\/td><\/tr><tr><td>Communication \u00e9crite et orale en fran\u00e7ais<\/td><td><a href=\"https:\/\/www.univ-oeb.dz\/ista\/wp-content\/uploads\/2024\/02\/notes_ccf__Communicationecriteetoraleenfrancais_1_1.xlsx\">TD<\/a> \/ <a href=\"https:\/\/www.univ-oeb.dz\/ista\/wp-content\/uploads\/2024\/02\/notes_examne_S5_COMMUNICATIONECRITEETORALEENFRANCAIS_11-1.xlsx\">EXAM<\/a><\/td><td><\/td><\/tr><tr><td>D\u00e9clarations sociale et fiscale<\/td><td><a href=\"https:\/\/www.univ-oeb.dz\/ista\/wp-content\/uploads\/2024\/02\/notes_ccf__Declarationssocialeetfiscale_1_1.xlsx\">TD<\/a> \/ <a href=\"https:\/\/www.univ-oeb.dz\/ista\/wp-content\/uploads\/2024\/02\/notes_examne_S5_DECLARATIONSSOCIALEETFISCALE_11.xlsx\">EXAM<\/a><\/td><td><\/td><\/tr><tr><td>D\u00e9veloppement social<\/td><td><a href=\"https:\/\/www.univ-oeb.dz\/ista\/wp-content\/uploads\/2024\/02\/notes_ccf__Developpementsocial_1_1.xlsx\">TD<\/a> \/ <a href=\"https:\/\/www.univ-oeb.dz\/ista\/wp-content\/uploads\/2024\/02\/notes_examne_S5_DEVELOPPEMENTSOCIAL_11.xlsx\">EXAM<\/a><\/td><td><\/td><\/tr><tr><td>Gestion des contrats de travail<\/td><td><a href=\"https:\/\/www.univ-oeb.dz\/ista\/wp-content\/uploads\/2024\/02\/notes_ccf__Gestiondescontratsdetravail_1_1.xlsx\">TD<\/a> \/ <a href=\"https:\/\/www.univ-oeb.dz\/ista\/wp-content\/uploads\/2024\/02\/notes_examne_S5_GESTIONDESCONTRATSDETRAVAIL_11.xlsx\">EXAM<\/a><\/td><td><\/td><\/tr><tr><td>Gestion pr\u00e9visionnelle des emplois et des comp\u00e9tences<\/td><td><a href=\"https:\/\/www.univ-oeb.dz\/ista\/wp-content\/uploads\/2024\/02\/notes_ccf__Gestionprevisionnelledesemploisetdescompetences_1_1.xlsx\">TD<\/a> \/ <a href=\"https:\/\/www.univ-oeb.dz\/ista\/wp-content\/uploads\/2024\/02\/notes_examne_S5_GESTIONPREVISIONNELLEDESEMPLOISETDESCOMPETENCES_11.xlsx\">EXAM<\/a><\/td><td><\/td><\/tr><tr><td>Management des RH<\/td><td><a href=\"https:\/\/www.univ-oeb.dz\/ista\/wp-content\/uploads\/2024\/02\/notes_ccf__ManagementdesRH_1_1.xlsx\">TD<\/a> \/ <a href=\"https:\/\/www.univ-oeb.dz\/ista\/wp-content\/uploads\/2024\/02\/notes_examne_S5_MANAGEMENTDESRH_11.xlsx\">EXAM<\/a><\/td><td><\/td><\/tr><tr><td>Politiques de r\u00e9mun\u00e9ration<\/td><td><a href=\"https:\/\/www.univ-oeb.dz\/ista\/wp-content\/uploads\/2024\/02\/notes_ccf__Politiquesderemuneration_1_1.xlsx\">TD<\/a> \/ <a href=\"https:\/\/www.univ-oeb.dz\/ista\/wp-content\/uploads\/2024\/02\/notes_examne_S5_POLITIQUESDEREMUNERATION_11.xlsx\">EXAM<\/a><\/td><td><\/td><\/tr><tr><td>PPP Phase 5<\/td><td><a href=\"https:\/\/www.univ-oeb.dz\/ista\/wp-content\/uploads\/2024\/02\/notes_ccf__PPPPhase5_1_1.xlsx\">TD<\/a> \/ <a href=\"https:\/\/www.univ-oeb.dz\/ista\/wp-content\/uploads\/2024\/02\/notes_examne_S5_PPPPHASE5_11-1.xlsx\">EXAM<\/a><\/td><td><\/td><\/tr><tr><td>Relations sociales dans l&rsquo;entreprise<\/td><td><a href=\"https:\/\/www.univ-oeb.dz\/ista\/wp-content\/uploads\/2024\/02\/notes_ccf__Relationssocialesdanslentreprise_1_1.xlsx\">TD<\/a> \/ <a href=\"https:\/\/www.univ-oeb.dz\/ista\/wp-content\/uploads\/2024\/02\/notes_examne_S5_RELATIONSSOCIALESDANSLENTREPRISE_11.xlsx\">EXAM<\/a><\/td><td><\/td><\/tr><tr><td>Techniques de paie<\/td><td><a href=\"https:\/\/www.univ-oeb.dz\/ista\/wp-content\/uploads\/2024\/02\/notes_ccf__Techniquesdepaie_1_1.xlsx\">TD<\/a> \/ <a href=\"https:\/\/www.univ-oeb.dz\/ista\/wp-content\/uploads\/2024\/02\/notes_examne_S5_TECHNIQUESDEPAIE_11.xlsx\">EXAM<\/a><\/td><td><\/td><\/tr><tr><td><strong>M2<\/strong><\/td><td><\/td><td><\/td><\/tr><tr><td>Management des syst\u00e8me d\u2019information<\/td><td><a href=\"https:\/\/www.univ-oeb.dz\/ista\/wp-content\/uploads\/2024\/02\/notes_ccf_Semestre3_Managementdessystemesd-information_1_1.xlsx\">TD<\/a> \/ <a href=\"https:\/\/www.univ-oeb.dz\/ista\/wp-content\/uploads\/2024\/02\/notes_examne_M_S3_MANAGEMENTDESSYSTEMESD-INFORMATION_1.xlsx\">EXAM<\/a><\/td><td><a href=\"https:\/\/www.univ-oeb.dz\/ista\/wp-content\/uploads\/2024\/02\/controle-MSI-21.01.2024.pdf\">T\u00e9l\u00e9charger<\/a><\/td><\/tr><tr><td>Audit Bancaire<\/td><td><a href=\"https:\/\/www.univ-oeb.dz\/ista\/wp-content\/uploads\/2024\/02\/notes_ccf_Semestre3_Auditbancaire_1_1.xlsx\">TD<\/a> \/ EXAM<\/td><td><a href=\"https:\/\/www.univ-oeb.dz\/ista\/wp-content\/uploads\/2024\/02\/CORRIGE-TYPE-EXAMEN-2-EME-MASTER-AUDIT-BANCAIRE.pdf\">T\u00e9l\u00e9charger<\/a><\/td><\/tr><tr><td>Fiscalit\u00e9 approfondie<\/td><td><a href=\"https:\/\/www.univ-oeb.dz\/ista\/wp-content\/uploads\/2024\/02\/notes_ccf_Semestre3_Fiscaliteapprofondie_1_1.xlsx\">TD<\/a> \/ <a href=\"https:\/\/www.univ-oeb.dz\/ista\/wp-content\/uploads\/2024\/02\/notes_examne_M_S3_FISCALITEAPPROFONDIE_1.xlsx\">EXAM<\/a><\/td><td><\/td><\/tr><tr><td>Ing\u00e9nierie Financi\u00e8re<\/td><td><a href=\"https:\/\/www.univ-oeb.dz\/ista\/wp-content\/uploads\/2024\/02\/notes_ccf_Semestre3_IngenierieFinanciere_1_1.xlsx\">TD<\/a> \/ <a href=\"https:\/\/www.univ-oeb.dz\/ista\/wp-content\/uploads\/2024\/02\/notes_examne_M_S3_INGENIERIEFINANCIERE_1.xlsx\">EXAM<\/a><\/td><td><\/td><\/tr><tr><td>Langue \u00e9trang\u00e8re Anglais<\/td><td><a href=\"https:\/\/www.univ-oeb.dz\/ista\/wp-content\/uploads\/2024\/02\/notes_ccf_Semestre3_LangueetrangereAnglais_1_1.xlsx\">TD<\/a> \/ EXAM<\/td><td><\/td><\/tr><tr><td>Ethique et responsabilit\u00e9 sociale des entreprises<\/td><td>TD \/ <a href=\"https:\/\/www.univ-oeb.dz\/ista\/wp-content\/uploads\/2024\/02\/notes_examne_M_S3_ETHIQUEETRESPONSABILITESOCIALEDESENTREPRISESRSE_1.xlsx\">EXAM<\/a><\/td><td><\/td><\/tr><\/tbody><\/table><\/figure>\n","protected":false},"excerpt":{"rendered":"<p>Notes et corrig\u00e9s types &#8211; Gestion des entreprises et administrations ModulesNotesCorrig\u00e9s typePremi\u00e8re Ann\u00e9eComptabilit\u00e9 g\u00e9n\u00e9raleT\u00e9l\u00e9charger \/ contr\u00f4leGestion de tr\u00e9sorerie T\u00e9l\u00e9chargerAdaptations LocalesTD \/ EXAMT\u00e9l\u00e9chargerGestion des ressources humainesT\u00e9l\u00e9chargerCommunication \u00e9criteT\u00e9l\u00e9chargerComptabilit\u00e9 ApprofondieP1 \/ P2 \/ P3Comptabilit\u00e9 analytique ApprofondieP1 \/ P2Comptabilit\u00e9 : les fondamentauxTD \/ EXAMIntroduction \u00e0 l\u2019\u00e9conomieTD \/ EXAMIntroduction au marketingTD \/ EXAML\u2019Entreprise et son organisationTD \/ EXAMT\u00e9l\u00e9chargerManagement : les conceptsTD \/ EXAMMath\u00e9matiques et statistiques pour gestionTD \/ EXAMM\u00e9thodologie et recherche documentaireTD \/ EXAMT\u00e9l\u00e9chargerEnvironnement num\u00e9rique de l\u2019informationTD \/ EXAMT\u00e9l\u00e9chargerEnvironnement juridiqueTD \/ EXAMCommunication \u00e9crite et orale en anglaisTD \/ EXAMCommunication \u00e9crite et orale en arabeTD \/ EXAMCommunication \u00e9crite et orale en fran\u00e7aisTD \/ EXAMDeuxi\u00e8me Ann\u00e9eGestion Financi\u00e8reTD \/ EXAMContr\u00f4le \/ corrig\u00e9Syst\u00e8me de gestion des Bases de donn\u00e9esTD \/ EXAMT\u00e9l\u00e9chargerActivit\u00e9s transdisciplinairesTD \/ EXAMGestion des ressources humainesTD \/ EXAMT\u00e9l\u00e9chargerAdaptations localesTD \/ EXAMT\u00e9l\u00e9chargerCalcul et analyse des co\u00fbtsTD \/ EXAMCommunication \u00e9crite et orale en anglaisTD \/ EXAMCommunication \u00e9crite et orale en arabeTD \/ EXAMDroit du travailTD \/ EXAM\u00c9conomie mon\u00e9taire et financi\u00e8reTD \/ EXAMFiscalit\u00e9 de l\u2019entrepriseTD \/ EXAMPPP \u2013 Phase 3TD \/ EXAMProjets tutor\u00e9s 1 \u2013 M\u00e9thodologieTD \/ EXAMStrat\u00e9gie des organisationsTD \/ EXAMTroisi\u00e8me Ann\u00e9eDiagnostic Financier ApprofondieT\u00e9l\u00e9chargerUtilisation des logiciels CFT\u00e9l\u00e9chargerUtilisation des logiciels du m\u00e9tier GRHT\u00e9l\u00e9chargerL&rsquo;AUDIT COMPTABLE ET FINANCIERT\u00e9l\u00e9charger\u0627\u0644\u0645\u062d\u0627\u0633\u0628\u0629 \u0627\u0644\u062f\u0648\u0644\u064a\u0629T\u00e9l\u00e9charger\u0633\u064a\u0627\u0633\u0627\u062a \u0627\u0644\u062a\u0639\u0648\u064a\u0636\u0627\u062aT\u00e9l\u00e9charger\u062a\u0642\u0646\u064a\u0627\u062a \u0627\u0644\u0623\u062c\u0648\u0631T\u00e9l\u00e9chargerGestion de la tr\u00e9sorerie T\u00e9l\u00e9chargerAdministration informatis\u00e9e du personnelTD \/ EXAMBilan social et tableaux de bordTD \/ EXAMCommunication \u00e9crite et orale en AnglaisTD \/ EXAMCommunication \u00e9crite et orale en arabeTD \/ EXAMCommunication \u00e9crite et orale en fran\u00e7aisTD \/ EXAMD\u00e9clarations sociale et fiscaleTD \/ EXAMD\u00e9veloppement socialTD \/ EXAMGestion des contrats de travailTD \/ EXAMGestion pr\u00e9visionnelle des emplois et des comp\u00e9tencesTD \/ EXAMManagement des RHTD \/ EXAMPolitiques de r\u00e9mun\u00e9rationTD \/ EXAMPPP Phase 5TD \/ EXAMRelations sociales dans l&rsquo;entrepriseTD \/ EXAMTechniques de paieTD \/ EXAMM2Management des syst\u00e8me d\u2019informationTD \/ EXAMT\u00e9l\u00e9chargerAudit BancaireTD \/ EXAMT\u00e9l\u00e9chargerFiscalit\u00e9 approfondieTD \/ EXAMIng\u00e9nierie Financi\u00e8reTD \/ EXAMLangue \u00e9trang\u00e8re AnglaisTD \/ EXAMEthique et responsabilit\u00e9 sociale des entreprisesTD \/ EXAM<\/p>\n","protected":false},"author":1,"featured_media":0,"parent":0,"menu_order":0,"comment_status":"closed","ping_status":"closed","template":"","meta":{"footnotes":""},"class_list":["post-2705","page","type-page","status-publish","hentry"],"_links":{"self":[{"href":"https:\/\/www.univ-oeb.dz\/ista\/wp-json\/wp\/v2\/pages\/2705"}],"collection":[{"href":"https:\/\/www.univ-oeb.dz\/ista\/wp-json\/wp\/v2\/pages"}],"about":[{"href":"https:\/\/www.univ-oeb.dz\/ista\/wp-json\/wp\/v2\/types\/page"}],"author":[{"embeddable":true,"href":"https:\/\/www.univ-oeb.dz\/ista\/wp-json\/wp\/v2\/users\/1"}],"replies":[{"embeddable":true,"href":"https:\/\/www.univ-oeb.dz\/ista\/wp-json\/wp\/v2\/comments?post=2705"}],"version-history":[{"count":1,"href":"https:\/\/www.univ-oeb.dz\/ista\/wp-json\/wp\/v2\/pages\/2705\/revisions"}],"predecessor-version":[{"id":2706,"href":"https:\/\/www.univ-oeb.dz\/ista\/wp-json\/wp\/v2\/pages\/2705\/revisions\/2706"}],"wp:attachment":[{"href":"https:\/\/www.univ-oeb.dz\/ista\/wp-json\/wp\/v2\/media?parent=2705"}],"curies":[{"name":"wp","href":"https:\/\/api.w.org\/{rel}","templated":true}]}}