{"id":2701,"date":"2024-02-04T07:45:03","date_gmt":"2024-02-04T07:45:03","guid":{"rendered":"http:\/\/www.univ-oeb.dz\/ista\/?page_id=2701"},"modified":"2025-05-13T07:29:32","modified_gmt":"2025-05-13T07:29:32","slug":"notes-et-corriges-types-reseaux-et-telecommunications","status":"publish","type":"page","link":"https:\/\/www.univ-oeb.dz\/ista\/fr\/notes-et-corriges-types-reseaux-et-telecommunications\/","title":{"rendered":"Notes et corrig\u00e9s types &#8211; R\u00e9seaux et T\u00e9l\u00e9communications"},"content":{"rendered":"\n<p><strong>Notes et corrig\u00e9s types &#8211; R\u00e9seaux et T\u00e9l\u00e9communications<\/strong><\/p>\n\n\n\n<figure class=\"wp-block-table\"><table><tbody><tr><td><strong>Modules<\/strong><\/td><td><strong>Notes<\/strong><\/td><td><strong>Corrig\u00e9s type<\/strong><\/td><\/tr><tr><td><strong>Premi\u00e8re Ann\u00e9e<\/strong><\/td><td><\/td><td><\/td><\/tr><tr><td>Anglais<\/td><td><a href=\"https:\/\/www.univ-oeb.dz\/ista\/wp-content\/uploads\/2024\/01\/ANGLAIS.xlsx\">T\u00e9l\u00e9charger<\/a><\/td><td><a href=\"https:\/\/www.univ-oeb.dz\/ista\/wp-content\/uploads\/2024\/01\/Corrige-de-lexamen-anglais.pdf\">T\u00e9l\u00e9charger<\/a><\/td><\/tr><tr><td>Physique 1<\/td><td><a href=\"https:\/\/www.univ-oeb.dz\/ista\/wp-content\/uploads\/2024\/01\/PHYSIQUE.xlsx\">T\u00e9l\u00e9charger<\/a><\/td><td><a href=\"https:\/\/www.univ-oeb.dz\/ista\/wp-content\/uploads\/2024\/01\/Corrige-de-lexamen-physique-1.pdf\">T\u00e9l\u00e9charger<\/a><\/td><\/tr><tr><td>CPSP<\/td><td><a href=\"https:\/\/www.univ-oeb.dz\/ista\/wp-content\/uploads\/2024\/01\/CPSP.xlsx\">T\u00e9l\u00e9charger<\/a><\/td><td><a href=\"https:\/\/www.univ-oeb.dz\/ista\/wp-content\/uploads\/2024\/01\/solution-sujets-cpsp.pdf\">T\u00e9l\u00e9charger<\/a><\/td><\/tr><tr><td>Electronique<\/td><td><a href=\"https:\/\/www.univ-oeb.dz\/ista\/wp-content\/uploads\/2024\/01\/ectronique.xlsx\">T\u00e9l\u00e9charger<\/a><\/td><td><a href=\"https:\/\/www.univ-oeb.dz\/ista\/wp-content\/uploads\/2024\/01\/corrige-electronique.pdf\">T\u00e9l\u00e9charger<\/a><\/td><\/tr><tr><td>Informatique<\/td><td><a href=\"https:\/\/www.univ-oeb.dz\/ista\/wp-content\/uploads\/2024\/01\/INFORMATIQUE.xlsx\">T\u00e9l\u00e9charger<\/a><\/td><td><a href=\"https:\/\/www.univ-oeb.dz\/ista\/wp-content\/uploads\/2024\/01\/Corrige-type-Examen-informatique.pdf\">T\u00e9l\u00e9charger<\/a><\/td><\/tr><tr><td>LCC1<\/td><td><a href=\"https:\/\/www.univ-oeb.dz\/ista\/wp-content\/uploads\/2024\/02\/LCC-L1.xlsx\">T\u00e9l\u00e9charger<\/a><\/td><td><\/td><\/tr><tr><td>Math\u00e9matique<\/td><td><a href=\"https:\/\/www.univ-oeb.dz\/ista\/wp-content\/uploads\/2024\/01\/math.xlsx\">T\u00e9l\u00e9charger<\/a><\/td><td><a href=\"https:\/\/www.univ-oeb.dz\/ista\/wp-content\/uploads\/2024\/01\/Corrige-type-math1.pdf\">T\u00e9l\u00e9charger<\/a><\/td><\/tr><tr><td>PPP<\/td><td><a href=\"https:\/\/www.univ-oeb.dz\/ista\/wp-content\/uploads\/2024\/02\/PPP-L1.xlsx\">T\u00e9l\u00e9charger<\/a><\/td><td><\/td><\/tr><tr><td><strong>Deuxi\u00e8me Ann\u00e9e<\/strong><\/td><td><\/td><td><\/td><\/tr><tr><td>Anglais<\/td><td><a href=\"https:\/\/www.univ-oeb.dz\/ista\/wp-content\/uploads\/2024\/02\/Anglais-L2.xlsx\">T\u00e9l\u00e9charger<\/a><\/td><td><a href=\"https:\/\/www.univ-oeb.dz\/ista\/wp-content\/uploads\/2024\/02\/correction-anglais-L2.pdf\">T\u00e9l\u00e9charger<\/a><\/td><\/tr><tr><td>Electronique<\/td><td><a href=\"https:\/\/www.univ-oeb.dz\/ista\/wp-content\/uploads\/2024\/02\/Electronique-L2-RT.xlsx\">T\u00e9l\u00e9charger<\/a><\/td><td><a href=\"https:\/\/www.univ-oeb.dz\/ista\/wp-content\/uploads\/2024\/02\/Corrige-L2-Elec3.pdf\">T\u00e9l\u00e9charger<\/a><\/td><\/tr><tr><td>Math\u00e9matique<\/td><td><a href=\"https:\/\/www.univ-oeb.dz\/ista\/wp-content\/uploads\/2024\/02\/Mathematique-3-L2.xlsx\">T\u00e9l\u00e9charger<\/a><\/td><td><a href=\"https:\/\/www.univ-oeb.dz\/ista\/wp-content\/uploads\/2024\/02\/corrige-type-math-3.pdf\">T\u00e9l\u00e9charger<\/a><\/td><\/tr><tr><td>R\u00e9seaux 2<\/td><td><a href=\"https:\/\/www.univ-oeb.dz\/ista\/wp-content\/uploads\/2024\/02\/Reseaux2-L2.xlsx\">T\u00e9l\u00e9charger<\/a><\/td><td><a href=\"https:\/\/www.univ-oeb.dz\/ista\/wp-content\/uploads\/2024\/02\/L2_Exam_NETWORKS2_Answers.pdf\">T\u00e9l\u00e9charger<\/a><\/td><\/tr><tr><td>T\u00e9l\u00e9communication 2<\/td><td><a href=\"https:\/\/www.univ-oeb.dz\/ista\/wp-content\/uploads\/2024\/02\/Telecom2-L2.xlsx\">T\u00e9l\u00e9charger<\/a><\/td><td><a href=\"https:\/\/www.univ-oeb.dz\/ista\/wp-content\/uploads\/2024\/02\/Corrige-type-TLcom-2-2-AL.pdf\">T\u00e9l\u00e9charger<\/a><\/td><\/tr><tr><td>LCC3<\/td><td><a href=\"https:\/\/www.univ-oeb.dz\/ista\/wp-content\/uploads\/2024\/02\/LCC-L2.xlsx\">T\u00e9l\u00e9charger<\/a><\/td><td><\/td><\/tr><tr><td><strong>Troisi\u00e8me Ann\u00e9e<\/strong><\/td><td><\/td><td><\/td><\/tr><tr><td>Ondes et Propagation<\/td><td><a href=\"https:\/\/www.univ-oeb.dz\/ista\/wp-content\/uploads\/2024\/02\/PV-examen-Ondes-et-prop-L3-RT.xlsx\">T\u00e9l\u00e9charger<\/a><\/td><td><a href=\"https:\/\/www.univ-oeb.dz\/ista\/wp-content\/uploads\/2024\/02\/Corrige-L3-Ondes-propagation-R.pdf\">T\u00e9l\u00e9charger<\/a><\/td><\/tr><tr><td>T\u00e9l\u00e9communication et r\u00e9seaux 3<\/td><td><a href=\"https:\/\/www.univ-oeb.dz\/ista\/wp-content\/uploads\/2024\/02\/Telecommunication-et-reseaux-3.xlsx\">T\u00e9l\u00e9charger<\/a><\/td><td><a href=\"https:\/\/www.univ-oeb.dz\/ista\/wp-content\/uploads\/2024\/02\/Corrige-Controle-Connaissances-TR3-S5-Jan_2024.pdf\">T\u00e9l\u00e9charger<\/a><\/td><\/tr><tr><td>LCC5<\/td><td><a href=\"https:\/\/www.univ-oeb.dz\/ista\/wp-content\/uploads\/2024\/02\/LCC-L3.xlsx\">T\u00e9l\u00e9charger<\/a><\/td><td><\/td><\/tr><tr><td><strong>M1<\/strong><\/td><td><\/td><td><\/td><\/tr><tr><td>CNA Communication Num\u00e9rique Avanc\u00e9e<\/td><td><a href=\"https:\/\/www.univ-oeb.dz\/ista\/wp-content\/uploads\/2024\/02\/CNA-Communication-Numerique-Avancee.xlsx\">T\u00e9l\u00e9charger<\/a><\/td><td><a href=\"https:\/\/www.univ-oeb.dz\/ista\/wp-content\/uploads\/2024\/02\/Corrige-type-CNA-M1.pdf\">T\u00e9l\u00e9charger<\/a><\/td><\/tr><tr><td>FPGA<\/td><td><a href=\"https:\/\/www.univ-oeb.dz\/ista\/wp-content\/uploads\/2024\/02\/FPGA.xlsx\">T\u00e9l\u00e9charger<\/a><\/td><td><a href=\"https:\/\/www.univ-oeb.dz\/ista\/wp-content\/uploads\/2024\/02\/Corrige-type-FPGA.pdf\">T\u00e9l\u00e9charger<\/a><\/td><\/tr><tr><td>Prop espace libre<\/td><td><a href=\"https:\/\/www.univ-oeb.dz\/ista\/wp-content\/uploads\/2024\/02\/PV-Examen-Prop-espace-libre-M1.xlsx\">T\u00e9l\u00e9charger<\/a><\/td><td><a href=\"https:\/\/www.univ-oeb.dz\/ista\/wp-content\/uploads\/2024\/02\/Corrige-M1-Prop-espace-libre.pdf\">T\u00e9l\u00e9charger<\/a><\/td><\/tr><tr><td>Routage IP<\/td><td><a href=\"https:\/\/www.univ-oeb.dz\/ista\/wp-content\/uploads\/2024\/02\/ROUTAGE-IP.xlsx\">T\u00e9l\u00e9charger<\/a><\/td><td><a href=\"https:\/\/www.univ-oeb.dz\/ista\/wp-content\/uploads\/2024\/02\/Exam_IP_ROUTING_Answers.pdf\">T\u00e9l\u00e9charger<\/a><\/td><\/tr><tr><td>Signaux et Syst\u00e8mes<\/td><td><a href=\"https:\/\/www.univ-oeb.dz\/ista\/wp-content\/uploads\/2024\/02\/Signaux-et-Systemes.xlsx\">T\u00e9l\u00e9charger<\/a><\/td><td><a href=\"https:\/\/www.univ-oeb.dz\/ista\/wp-content\/uploads\/2024\/02\/Corrige-Signaux-et-systemes.pdf\">T\u00e9l\u00e9charger<\/a><\/td><\/tr><tr><td>Coding and compression<\/td><td>T\u00e9l\u00e9charger<\/td><td><a href=\"https:\/\/www.univ-oeb.dz\/ista\/wp-content\/uploads\/2024\/02\/coding-and-compression.pdf\">T\u00e9l\u00e9charger<\/a><\/td><\/tr><tr><td><strong>M2<\/strong><\/td><td><\/td><td><\/td><\/tr><tr><td>Propagation guid\u00e9e<\/td><td><a href=\"https:\/\/www.univ-oeb.dz\/ista\/wp-content\/uploads\/2024\/02\/Propagation-guidee.xlsx\">T\u00e9l\u00e9charger<\/a><\/td><td><\/td><\/tr><tr><td>R\u00e9seaux sans fils et r\u00e9seaux mobiles<\/td><td><a href=\"https:\/\/www.univ-oeb.dz\/ista\/wp-content\/uploads\/2024\/02\/Reseaux-sans-fils-et-reseaux-mobiles.xlsx\">T\u00e9l\u00e9charger<\/a><\/td><td><a href=\"https:\/\/www.univ-oeb.dz\/ista\/wp-content\/uploads\/2024\/02\/corrige-Reseaux-sans-fil-et-reseaux-mobiles.pdf\">T\u00e9l\u00e9charger<\/a><\/td><\/tr><tr><td>COPCO<\/td><td>T\u00e9l\u00e9charger<\/td><td><a href=\"https:\/\/www.univ-oeb.dz\/ista\/wp-content\/uploads\/2024\/02\/corrige-type-COPCO.pdf\">T\u00e9l\u00e9charger<\/a><\/td><\/tr><tr><td>S\u00e9curit\u00e9 des r\u00e9seaux de communication<\/td><td>T\u00e9l\u00e9charger<\/td><td><a href=\"https:\/\/www.univ-oeb.dz\/ista\/wp-content\/uploads\/2024\/02\/corrige-Securite-des-reseaux-de-communication.pdf\">T\u00e9l\u00e9charger<\/a><\/td><\/tr><tr><td><\/td><td><\/td><td><\/td><\/tr><tr><td><\/td><td><\/td><td><\/td><\/tr><\/tbody><\/table><\/figure>\n","protected":false},"excerpt":{"rendered":"<p>Notes et corrig\u00e9s types &#8211; R\u00e9seaux et T\u00e9l\u00e9communications ModulesNotesCorrig\u00e9s typePremi\u00e8re Ann\u00e9eAnglaisT\u00e9l\u00e9chargerT\u00e9l\u00e9chargerPhysique 1T\u00e9l\u00e9chargerT\u00e9l\u00e9chargerCPSPT\u00e9l\u00e9chargerT\u00e9l\u00e9chargerElectroniqueT\u00e9l\u00e9chargerT\u00e9l\u00e9chargerInformatiqueT\u00e9l\u00e9chargerT\u00e9l\u00e9chargerLCC1T\u00e9l\u00e9chargerMath\u00e9matiqueT\u00e9l\u00e9chargerT\u00e9l\u00e9chargerPPPT\u00e9l\u00e9chargerDeuxi\u00e8me Ann\u00e9eAnglaisT\u00e9l\u00e9chargerT\u00e9l\u00e9chargerElectroniqueT\u00e9l\u00e9chargerT\u00e9l\u00e9chargerMath\u00e9matiqueT\u00e9l\u00e9chargerT\u00e9l\u00e9chargerR\u00e9seaux 2T\u00e9l\u00e9chargerT\u00e9l\u00e9chargerT\u00e9l\u00e9communication 2T\u00e9l\u00e9chargerT\u00e9l\u00e9chargerLCC3T\u00e9l\u00e9chargerTroisi\u00e8me Ann\u00e9eOndes et PropagationT\u00e9l\u00e9chargerT\u00e9l\u00e9chargerT\u00e9l\u00e9communication et r\u00e9seaux 3T\u00e9l\u00e9chargerT\u00e9l\u00e9chargerLCC5T\u00e9l\u00e9chargerM1CNA Communication Num\u00e9rique Avanc\u00e9eT\u00e9l\u00e9chargerT\u00e9l\u00e9chargerFPGAT\u00e9l\u00e9chargerT\u00e9l\u00e9chargerProp espace libreT\u00e9l\u00e9chargerT\u00e9l\u00e9chargerRoutage IPT\u00e9l\u00e9chargerT\u00e9l\u00e9chargerSignaux et Syst\u00e8mesT\u00e9l\u00e9chargerT\u00e9l\u00e9chargerCoding and compressionT\u00e9l\u00e9chargerT\u00e9l\u00e9chargerM2Propagation guid\u00e9eT\u00e9l\u00e9chargerR\u00e9seaux sans fils et r\u00e9seaux mobilesT\u00e9l\u00e9chargerT\u00e9l\u00e9chargerCOPCOT\u00e9l\u00e9chargerT\u00e9l\u00e9chargerS\u00e9curit\u00e9 des r\u00e9seaux de communicationT\u00e9l\u00e9chargerT\u00e9l\u00e9charger<\/p>\n","protected":false},"author":1,"featured_media":0,"parent":0,"menu_order":0,"comment_status":"closed","ping_status":"closed","template":"","meta":{"footnotes":""},"class_list":["post-2701","page","type-page","status-publish","hentry"],"_links":{"self":[{"href":"https:\/\/www.univ-oeb.dz\/ista\/wp-json\/wp\/v2\/pages\/2701"}],"collection":[{"href":"https:\/\/www.univ-oeb.dz\/ista\/wp-json\/wp\/v2\/pages"}],"about":[{"href":"https:\/\/www.univ-oeb.dz\/ista\/wp-json\/wp\/v2\/types\/page"}],"author":[{"embeddable":true,"href":"https:\/\/www.univ-oeb.dz\/ista\/wp-json\/wp\/v2\/users\/1"}],"replies":[{"embeddable":true,"href":"https:\/\/www.univ-oeb.dz\/ista\/wp-json\/wp\/v2\/comments?post=2701"}],"version-history":[{"count":2,"href":"https:\/\/www.univ-oeb.dz\/ista\/wp-json\/wp\/v2\/pages\/2701\/revisions"}],"predecessor-version":[{"id":4776,"href":"https:\/\/www.univ-oeb.dz\/ista\/wp-json\/wp\/v2\/pages\/2701\/revisions\/4776"}],"wp:attachment":[{"href":"https:\/\/www.univ-oeb.dz\/ista\/wp-json\/wp\/v2\/media?parent=2701"}],"curies":[{"name":"wp","href":"https:\/\/api.w.org\/{rel}","templated":true}]}}