{"id":2699,"date":"2024-02-04T08:05:48","date_gmt":"2024-02-04T08:05:48","guid":{"rendered":"http:\/\/www.univ-oeb.dz\/ista\/?page_id=2699"},"modified":"2024-02-13T08:49:49","modified_gmt":"2024-02-13T08:49:49","slug":"notes-et-corriges-types-mesures-physiques","status":"publish","type":"page","link":"https:\/\/www.univ-oeb.dz\/ista\/fr\/notes-et-corriges-types-mesures-physiques\/","title":{"rendered":"Notes et corrig\u00e9s types &#8211; Mesures physiques"},"content":{"rendered":"\n<h3 class=\"wp-block-heading\">Notes et corrig\u00e9s types &#8211; Mesures physiques<\/h3>\n\n\n\n<figure class=\"wp-block-table\"><table><tbody><tr><td><strong>Modules<\/strong><\/td><td><strong>Note<\/strong><\/td><td><strong>Corrig\u00e9s type<\/strong><\/td><\/tr><tr><td><strong>Premi\u00e8re Ann\u00e9e<\/strong><\/td><td><\/td><td><\/td><\/tr><tr><td>Atomistique<\/td><td><\/td><td><a href=\"https:\/\/www.univ-oeb.dz\/ista\/wp-content\/uploads\/2024\/02\/Controle-I-STMO-S1.pdf\">T\u00e9l\u00e9charger<\/a><\/td><\/tr><tr><td>LCC1<\/td><td><\/td><td><a href=\"https:\/\/www.univ-oeb.dz\/ista\/wp-content\/uploads\/2024\/02\/ControleLCC1-24c-S1.pdf\">T\u00e9l\u00e9charger<\/a><\/td><\/tr><tr><td>metrologie1<\/td><td><\/td><td><a href=\"https:\/\/www.univ-oeb.dz\/ista\/wp-content\/uploads\/2024\/02\/metrologie1-S1.pdf\">T\u00e9l\u00e9charger<\/a><\/td><\/tr><tr><td>syst\u00e8me optique<\/td><td><\/td><td><a href=\"https:\/\/www.univ-oeb.dz\/ista\/wp-content\/uploads\/2024\/02\/sysopt-1-S1.pdf\">T\u00e9l\u00e9charger<\/a><\/td><\/tr><tr><td>Technique instrumentales<\/td><td><\/td><td><a href=\"https:\/\/www.univ-oeb.dz\/ista\/wp-content\/uploads\/2024\/02\/Corrige-type-de-Lexamen-final-de-21Janvier-2024.pdf\">T\u00e9l\u00e9charger<\/a><\/td><\/tr><tr><td>M\u00e9canique<\/td><td><\/td><td><a href=\"https:\/\/www.univ-oeb.dz\/ista\/wp-content\/uploads\/2024\/02\/Corrige-du-Controle-de-Mecanique.pdf\">T\u00e9l\u00e9charger<\/a><\/td><\/tr><tr><td><\/td><td><\/td><td><\/td><\/tr><tr><td><strong>Deuxi\u00e8me Ann\u00e9e<\/strong><\/td><td><\/td><td><\/td><\/tr><tr><td>M\u00e9canique des fluides<\/td><td><\/td><td><a href=\"https:\/\/www.univ-oeb.dz\/ista\/wp-content\/uploads\/2024\/02\/Controle-MDF-S3-MP-2024.pdf\">T\u00e9l\u00e9charger<\/a><\/td><\/tr><tr><td>controle technique spectroscopique <\/td><td><\/td><td><a href=\"https:\/\/www.univ-oeb.dz\/ista\/wp-content\/uploads\/2024\/02\/controle-technique-spectroscopique-S3.pdf\">T\u00e9l\u00e9charger<\/a><\/td><\/tr><tr><td>Contr\u00f4le-M\u00e9trologie <\/td><td><\/td><td><a href=\"https:\/\/www.univ-oeb.dz\/ista\/wp-content\/uploads\/2024\/02\/Controle-Metrologie-S32024.pdf\">T\u00e9l\u00e9charger<\/a><\/td><\/tr><tr><td>Informatique d\u2019instrumentation 1<\/td><td><\/td><td><a href=\"https:\/\/www.univ-oeb.dz\/ista\/wp-content\/uploads\/2024\/02\/Examen_info_instr1-S3_2024.pdf\">T\u00e9l\u00e9charger<\/a><\/td><\/tr><tr><td>Analyse Harmoniques et Analyse Statistiques <\/td><td><a href=\"https:\/\/www.univ-oeb.dz\/ista\/wp-content\/uploads\/2024\/01\/notes_examne_S3_-G1-AH-AS.xlsx\">G1<\/a>\/<a href=\"https:\/\/www.univ-oeb.dz\/ista\/wp-content\/uploads\/2024\/01\/notes_examne_S3-G2-AH-AS-.xlsx\">G2<\/a><\/td><td><\/td><\/tr><tr><td>Techniques de traitement de Signale <\/td><td><a href=\"https:\/\/www.univ-oeb.dz\/ista\/wp-content\/uploads\/2024\/01\/notes_examne_S3_-G1-TTSI.xlsx\">G1<\/a>\/<a href=\"https:\/\/www.univ-oeb.dz\/ista\/wp-content\/uploads\/2024\/01\/notes_examne_S3-G2-TTSI.xlsx\">G2<\/a><\/td><td><\/td><\/tr><tr><td>Capteurs -Conditionneurs<\/td><td><\/td><td><a href=\"https:\/\/www.univ-oeb.dz\/ista\/wp-content\/uploads\/2024\/02\/Corrige-Controle_-Capteur_24.docx\">T\u00e9l\u00e9charger<\/a><\/td><\/tr><tr><td>Optique Ondulatoire-photonique<\/td><td><\/td><td><a href=\"https:\/\/www.univ-oeb.dz\/ista\/wp-content\/uploads\/2024\/02\/Corrige-Controle_OOP_24.docx\">T\u00e9l\u00e9charger<\/a><\/td><\/tr><tr><td>MTC<\/td><td><\/td><td><a href=\"https:\/\/www.univ-oeb.dz\/ista\/wp-content\/uploads\/2024\/02\/Sujet-et-corrige-MTC-L2_jan2024.pdf\">T\u00e9l\u00e9charger<\/a><\/td><\/tr><tr><td><strong>Troisi\u00e8me Ann\u00e9e<\/strong><\/td><td><\/td><td><\/td><\/tr><tr><td>MPM<\/td><td><\/td><td><a href=\"https:\/\/www.univ-oeb.dz\/ista\/wp-content\/uploads\/2024\/02\/controle-1-MPM-S5-2023.pdf\">T\u00e9l\u00e9charger<\/a><\/td><\/tr><tr><td>mesures vibratoire<\/td><td><\/td><td><a href=\"https:\/\/www.univ-oeb.dz\/ista\/wp-content\/uploads\/2024\/02\/examen-M-vib-S5.pdf\">T\u00e9l\u00e9charger<\/a><\/td><\/tr><tr><td>Informatique d\u2019instrumentation 2<\/td><td><\/td><td><a href=\"https:\/\/www.univ-oeb.dz\/ista\/wp-content\/uploads\/2024\/02\/Examen_info_instr2-S5_2024.pdf\">T\u00e9l\u00e9charger<\/a><\/td><\/tr><tr><td>Math\u00e9matique<\/td><td><\/td><td><a href=\"https:\/\/www.univ-oeb.dz\/ista\/wp-content\/uploads\/2024\/02\/math-pour-les-ing-S5.pdf\">T\u00e9l\u00e9charger<\/a><\/td><\/tr><tr><td>Photonique<\/td><td><\/td><td><a href=\"https:\/\/www.univ-oeb.dz\/ista\/wp-content\/uploads\/2024\/02\/Controle-corrige-type-Photoniques-24-.pdf\">T\u00e9l\u00e9charger<\/a><\/td><\/tr><tr><td>Techniques Nucl\u00e9aires<\/td><td><\/td><td><a href=\"https:\/\/www.univ-oeb.dz\/ista\/wp-content\/uploads\/2024\/02\/Controle-corrige-type-Techniques-Nucleaires-24-.pdf\">T\u00e9l\u00e9charger<\/a><\/td><\/tr><tr><td>\u00e9nergie renouvelable<\/td><td><\/td><td><a href=\"https:\/\/www.univ-oeb.dz\/ista\/wp-content\/uploads\/2024\/02\/Sujet-et-corrige-ERPS-L3_jan2024.pdf\">T\u00e9l\u00e9charger<\/a><\/td><\/tr><\/tbody><\/table><\/figure>\n","protected":false},"excerpt":{"rendered":"<p>Notes et corrig\u00e9s types &#8211; Mesures physiques ModulesNoteCorrig\u00e9s typePremi\u00e8re Ann\u00e9eAtomistiqueT\u00e9l\u00e9chargerLCC1T\u00e9l\u00e9chargermetrologie1T\u00e9l\u00e9chargersyst\u00e8me optiqueT\u00e9l\u00e9chargerTechnique instrumentalesT\u00e9l\u00e9chargerM\u00e9caniqueT\u00e9l\u00e9chargerDeuxi\u00e8me Ann\u00e9eM\u00e9canique des fluidesT\u00e9l\u00e9chargercontrole technique spectroscopique T\u00e9l\u00e9chargerContr\u00f4le-M\u00e9trologie T\u00e9l\u00e9chargerInformatique d\u2019instrumentation 1T\u00e9l\u00e9chargerAnalyse Harmoniques et Analyse Statistiques G1\/G2Techniques de traitement de Signale G1\/G2Capteurs -ConditionneursT\u00e9l\u00e9chargerOptique Ondulatoire-photoniqueT\u00e9l\u00e9chargerMTCT\u00e9l\u00e9chargerTroisi\u00e8me Ann\u00e9eMPMT\u00e9l\u00e9chargermesures vibratoireT\u00e9l\u00e9chargerInformatique d\u2019instrumentation 2T\u00e9l\u00e9chargerMath\u00e9matiqueT\u00e9l\u00e9chargerPhotoniqueT\u00e9l\u00e9chargerTechniques Nucl\u00e9airesT\u00e9l\u00e9charger\u00e9nergie renouvelableT\u00e9l\u00e9charger<\/p>\n","protected":false},"author":1,"featured_media":0,"parent":0,"menu_order":0,"comment_status":"closed","ping_status":"closed","template":"","meta":{"footnotes":""},"class_list":["post-2699","page","type-page","status-publish","hentry"],"_links":{"self":[{"href":"https:\/\/www.univ-oeb.dz\/ista\/wp-json\/wp\/v2\/pages\/2699"}],"collection":[{"href":"https:\/\/www.univ-oeb.dz\/ista\/wp-json\/wp\/v2\/pages"}],"about":[{"href":"https:\/\/www.univ-oeb.dz\/ista\/wp-json\/wp\/v2\/types\/page"}],"author":[{"embeddable":true,"href":"https:\/\/www.univ-oeb.dz\/ista\/wp-json\/wp\/v2\/users\/1"}],"replies":[{"embeddable":true,"href":"https:\/\/www.univ-oeb.dz\/ista\/wp-json\/wp\/v2\/comments?post=2699"}],"version-history":[{"count":1,"href":"https:\/\/www.univ-oeb.dz\/ista\/wp-json\/wp\/v2\/pages\/2699\/revisions"}],"predecessor-version":[{"id":2700,"href":"https:\/\/www.univ-oeb.dz\/ista\/wp-json\/wp\/v2\/pages\/2699\/revisions\/2700"}],"wp:attachment":[{"href":"https:\/\/www.univ-oeb.dz\/ista\/wp-json\/wp\/v2\/media?parent=2699"}],"curies":[{"name":"wp","href":"https:\/\/api.w.org\/{rel}","templated":true}]}}