{"id":2279,"date":"2024-01-24T13:04:40","date_gmt":"2024-01-24T13:04:40","guid":{"rendered":"http:\/\/www.univ-oeb.dz\/ista\/?page_id=2279"},"modified":"2024-01-24T13:27:42","modified_gmt":"2024-01-24T13:27:42","slug":"proceeding-du-seminaire","status":"publish","type":"page","link":"https:\/\/www.univ-oeb.dz\/ista\/fr\/proceeding-du-seminaire\/","title":{"rendered":"Proceeding du S\u00e9minaire"},"content":{"rendered":"\n<figure class=\"wp-block-table\"><table><tbody><tr><td><strong>S\u00e9minaires<\/strong><\/td><td><strong>R\u00e9sum\u00e9s<\/strong><\/td><\/tr><tr><td><strong>Sous-produits de l\u2019Industrie Agroalimentaire : Valorisation et Innovation -SPIAVI<\/strong><\/td><td><strong><a href=\"https:\/\/www.univ-oeb.dz\/ista\/wp-content\/uploads\/2024\/01\/Proceeding-du-Seminaire-SPIAVI-2023.pdf\">Proceeding<\/a><\/strong><\/td><\/tr><\/tbody><\/table><\/figure>\n","protected":false},"excerpt":{"rendered":"<p>S\u00e9minairesR\u00e9sum\u00e9sSous-produits de l\u2019Industrie Agroalimentaire : Valorisation et Innovation -SPIAVIProceeding<\/p>\n","protected":false},"author":1,"featured_media":0,"parent":0,"menu_order":0,"comment_status":"closed","ping_status":"closed","template":"","meta":{"footnotes":""},"class_list":["post-2279","page","type-page","status-publish","hentry"],"_links":{"self":[{"href":"https:\/\/www.univ-oeb.dz\/ista\/wp-json\/wp\/v2\/pages\/2279"}],"collection":[{"href":"https:\/\/www.univ-oeb.dz\/ista\/wp-json\/wp\/v2\/pages"}],"about":[{"href":"https:\/\/www.univ-oeb.dz\/ista\/wp-json\/wp\/v2\/types\/page"}],"author":[{"embeddable":true,"href":"https:\/\/www.univ-oeb.dz\/ista\/wp-json\/wp\/v2\/users\/1"}],"replies":[{"embeddable":true,"href":"https:\/\/www.univ-oeb.dz\/ista\/wp-json\/wp\/v2\/comments?post=2279"}],"version-history":[{"count":1,"href":"https:\/\/www.univ-oeb.dz\/ista\/wp-json\/wp\/v2\/pages\/2279\/revisions"}],"predecessor-version":[{"id":2280,"href":"https:\/\/www.univ-oeb.dz\/ista\/wp-json\/wp\/v2\/pages\/2279\/revisions\/2280"}],"wp:attachment":[{"href":"https:\/\/www.univ-oeb.dz\/ista\/wp-json\/wp\/v2\/media?parent=2279"}],"curies":[{"name":"wp","href":"https:\/\/api.w.org\/{rel}","templated":true}]}}