{"id":1899,"date":"2023-09-18T13:45:08","date_gmt":"2023-09-18T13:45:08","guid":{"rendered":"http:\/\/www.univ-oeb.dz\/ista\/?page_id=1899"},"modified":"2026-02-05T10:07:04","modified_gmt":"2026-02-05T10:07:04","slug":"fiche-dorganisation-semestrielle-des-enseignements-reseaux-et-telecommunications","status":"publish","type":"page","link":"https:\/\/www.univ-oeb.dz\/ista\/fr\/fiche-dorganisation-semestrielle-des-enseignements-reseaux-et-telecommunications\/","title":{"rendered":"Fiche d\u2019organisation semestrielle des enseignements R\u00e9seaux et T\u00e9l\u00e9communications"},"content":{"rendered":"\n<h2 class=\"wp-block-heading has-text-align-left\">Fiche d\u2019organisation du cursus de Licence<\/h2>\n\n\n\n<ul class=\"wp-block-list\">\n<li><a href=\"https:\/\/www.univ-oeb.dz\/ista\/wp-content\/uploads\/2026\/02\/S1-LICENCE-RT.pdf\"><strong>Fiche d&rsquo;organisation du premier semestre<\/strong><\/a><\/li>\n\n\n\n<li><a href=\"https:\/\/www.univ-oeb.dz\/ista\/wp-content\/uploads\/2026\/02\/S2-LICENCE-RT.pdf\"><strong>Fiche d&rsquo;organisation du deuxi\u00e8me semestre<\/strong><\/a><\/li>\n\n\n\n<li><a href=\"https:\/\/www.univ-oeb.dz\/ista\/wp-content\/uploads\/2026\/02\/S3-LICENCE-RT.pdf\"><strong>Fiche d&rsquo;organisation du troisi\u00e8me semestre<\/strong><\/a><\/li>\n\n\n\n<li><a href=\"https:\/\/www.univ-oeb.dz\/ista\/wp-content\/uploads\/2026\/02\/S4-LICENCE-RT.pdf\"><strong>Fiche d&rsquo;organisation du quatri\u00e8me semestre<\/strong><\/a><\/li>\n\n\n\n<li><a href=\"https:\/\/www.univ-oeb.dz\/ista\/wp-content\/uploads\/2026\/02\/S5-LICENCE-RT.pdf\"><strong>Fiche d&rsquo;organisation du cinqui\u00e8me semestre<\/strong><\/a><\/li>\n\n\n\n<li><a href=\"https:\/\/www.univ-oeb.dz\/ista\/wp-content\/uploads\/2026\/02\/S6-LICENCE-RT.pdf\"><strong>Fiche d&rsquo;organisation du sixi\u00e8me semestre<\/strong><\/a><\/li>\n<\/ul>\n\n\n\n<p class=\"has-text-align-center\"><strong>Fiche d&rsquo;organisation pour l&rsquo;ensemble des semestres de Licence<\/strong><\/p>\n\n\n\n<div data-wp-interactive=\"core\/file\" class=\"wp-block-file\"><object data-wp-bind--hidden=\"!state.hasPdfPreview\"  class=\"wp-block-file__embed\" data=\"https:\/\/www.univ-oeb.dz\/ista\/wp-content\/uploads\/2026\/02\/S1-S6-LICENCE.pdf\" type=\"application\/pdf\" style=\"width:100%;height:600px\" aria-label=\"Contenu embarqu\u00e9 S1-S6 LICENCE.\"><\/object><a id=\"wp-block-file--media-6a312e23-94f8-491d-a9e8-56d9790b8a74\" href=\"https:\/\/www.univ-oeb.dz\/ista\/wp-content\/uploads\/2026\/02\/S1-S6-LICENCE.pdf\">S1-S6 LICENCE<\/a><a href=\"https:\/\/www.univ-oeb.dz\/ista\/wp-content\/uploads\/2026\/02\/S1-S6-LICENCE.pdf\" class=\"wp-block-file__button wp-element-button\" download aria-describedby=\"wp-block-file--media-6a312e23-94f8-491d-a9e8-56d9790b8a74\">T\u00e9l\u00e9charger<\/a><\/div>\n\n\n\n<hr class=\"wp-block-separator has-alpha-channel-opacity\"\/>\n\n\n\n<h2 class=\"wp-block-heading has-text-align-left\">Fiche d&rsquo;organisation du programme de Master<\/h2>\n\n\n\n<ul class=\"wp-block-list\">\n<li><a href=\"https:\/\/www.univ-oeb.dz\/ista\/wp-content\/uploads\/2026\/02\/S1-MASTER-RT.pdf\"><strong>Fiche d&rsquo;organisation du premier semestre<\/strong><\/a><\/li>\n\n\n\n<li><a href=\"https:\/\/www.univ-oeb.dz\/ista\/wp-content\/uploads\/2026\/02\/S2-MASTER-RT.pdf\"><strong>Fiche d&rsquo;organisation du deuxi\u00e8me semestre<\/strong><\/a><\/li>\n\n\n\n<li><a href=\"https:\/\/www.univ-oeb.dz\/ista\/wp-content\/uploads\/2026\/02\/S3-MASTER-RT.pdf\"><strong>Fiche d&rsquo;organisation du troisi\u00e8me semestre<\/strong><\/a><\/li>\n<\/ul>\n\n\n\n<p class=\"has-text-align-center\"><strong>Fiche d&rsquo;organisation pour l&rsquo;ensemble des semestres du Master<\/strong><\/p>\n\n\n\n<div data-wp-interactive=\"core\/file\" class=\"wp-block-file\"><object data-wp-bind--hidden=\"!state.hasPdfPreview\"  class=\"wp-block-file__embed\" data=\"https:\/\/www.univ-oeb.dz\/ista\/wp-content\/uploads\/2026\/02\/canevas-MASTER-RT.pdf\" type=\"application\/pdf\" style=\"width:100%;height:600px\" aria-label=\"Contenu embarqu\u00e9 canevas MASTER RT.\"><\/object><a id=\"wp-block-file--media-92823316-6f0b-4b8b-bd78-f7555b93f866\" href=\"https:\/\/www.univ-oeb.dz\/ista\/wp-content\/uploads\/2026\/02\/canevas-MASTER-RT.pdf\">canevas MASTER RT<\/a><a href=\"https:\/\/www.univ-oeb.dz\/ista\/wp-content\/uploads\/2026\/02\/canevas-MASTER-RT.pdf\" class=\"wp-block-file__button wp-element-button\" download aria-describedby=\"wp-block-file--media-92823316-6f0b-4b8b-bd78-f7555b93f866\">T\u00e9l\u00e9charger<\/a><\/div>\n\n\n\n<p><\/p>\n","protected":false},"excerpt":{"rendered":"<p>Fiche d\u2019organisation du cursus de Licence Fiche d&rsquo;organisation du premier semestre Fiche d&rsquo;organisation du deuxi\u00e8me semestre Fiche d&rsquo;organisation du troisi\u00e8me semestre Fiche d&rsquo;organisation du quatri\u00e8me semestre Fiche d&rsquo;organisation du cinqui\u00e8me semestre Fiche d&rsquo;organisation du sixi\u00e8me semestre Fiche d&rsquo;organisation pour l&rsquo;ensemble des semestres de Licence S1-S6 LICENCET\u00e9l\u00e9charger Fiche d&rsquo;organisation du programme de Master Fiche d&rsquo;organisation du premier semestre Fiche d&rsquo;organisation du deuxi\u00e8me semestre Fiche d&rsquo;organisation du troisi\u00e8me semestre Fiche d&rsquo;organisation pour l&rsquo;ensemble des semestres du Master canevas MASTER RTT\u00e9l\u00e9charger<\/p>\n","protected":false},"author":1,"featured_media":0,"parent":0,"menu_order":0,"comment_status":"closed","ping_status":"closed","template":"","meta":{"footnotes":""},"class_list":["post-1899","page","type-page","status-publish","hentry"],"_links":{"self":[{"href":"https:\/\/www.univ-oeb.dz\/ista\/wp-json\/wp\/v2\/pages\/1899"}],"collection":[{"href":"https:\/\/www.univ-oeb.dz\/ista\/wp-json\/wp\/v2\/pages"}],"about":[{"href":"https:\/\/www.univ-oeb.dz\/ista\/wp-json\/wp\/v2\/types\/page"}],"author":[{"embeddable":true,"href":"https:\/\/www.univ-oeb.dz\/ista\/wp-json\/wp\/v2\/users\/1"}],"replies":[{"embeddable":true,"href":"https:\/\/www.univ-oeb.dz\/ista\/wp-json\/wp\/v2\/comments?post=1899"}],"version-history":[{"count":2,"href":"https:\/\/www.univ-oeb.dz\/ista\/wp-json\/wp\/v2\/pages\/1899\/revisions"}],"predecessor-version":[{"id":6228,"href":"https:\/\/www.univ-oeb.dz\/ista\/wp-json\/wp\/v2\/pages\/1899\/revisions\/6228"}],"wp:attachment":[{"href":"https:\/\/www.univ-oeb.dz\/ista\/wp-json\/wp\/v2\/media?parent=1899"}],"curies":[{"name":"wp","href":"https:\/\/api.w.org\/{rel}","templated":true}]}}