{"id":1896,"date":"2023-09-18T13:22:48","date_gmt":"2023-09-18T13:22:48","guid":{"rendered":"http:\/\/www.univ-oeb.dz\/ista\/?page_id=1896"},"modified":"2026-02-05T13:41:15","modified_gmt":"2026-02-05T13:41:15","slug":"fiche-dorganisation-semestrielle-des-enseignements-mesures-physiques","status":"publish","type":"page","link":"https:\/\/www.univ-oeb.dz\/ista\/fr\/fiche-dorganisation-semestrielle-des-enseignements-mesures-physiques\/","title":{"rendered":"Fiche d\u2019organisation semestrielle des enseignements Mesures physiques"},"content":{"rendered":"\n<h2 class=\"wp-block-heading has-text-align-left\">Fiche d\u2019organisation Mesures physiques<\/h2>\n\n\n\n<ul class=\"wp-block-list\">\n<li><a href=\"https:\/\/www.univ-oeb.dz\/ista\/wp-content\/uploads\/2026\/02\/1ere-annee-MPH.pdf\"><strong>Fiche d\u2019organisation Premi\u00e8re ann\u00e9e<\/strong><\/a><\/li>\n\n\n\n<li><a href=\"https:\/\/www.univ-oeb.dz\/ista\/wp-content\/uploads\/2026\/02\/2eme-annee-MPH.pdf\"><strong>Fiche d\u2019organisation Deuxi\u00e8me ann\u00e9e<\/strong><\/a><\/li>\n\n\n\n<li><a href=\"https:\/\/www.univ-oeb.dz\/ista\/wp-content\/uploads\/2026\/02\/3eme-annee-MPH-MCPC.pdf\"><strong>Fiche d\u2019organisation Troisi\u00e8me ann\u00e9e MCPC<\/strong><\/a><\/li>\n\n\n\n<li><a href=\"https:\/\/www.univ-oeb.dz\/ista\/wp-content\/uploads\/2026\/02\/3eme-annee-MPH-TI.pdf\"><strong>Fiche d\u2019organisation Troisi\u00e8me ann\u00e9e TI<\/strong><\/a><\/li>\n<\/ul>\n\n\n\n<ul class=\"wp-block-list\">\n<li><a href=\"https:\/\/www.univ-oeb.dz\/ista\/wp-content\/uploads\/2026\/02\/1ere-2eme-annee-Master-IICM.pdf\"><strong>Fiche d\u2019organisation Premi\u00e8re et Deuxi\u00e8me ann\u00e9e Master IICM<\/strong><\/a><\/li>\n<\/ul>\n\n\n\n<hr class=\"wp-block-separator has-alpha-channel-opacity\"\/>\n\n\n\n<h2 class=\"wp-block-heading has-text-align-left\">Fiche d\u2019organisation G\u00e9nie Industriel<\/h2>\n\n\n\n<ul class=\"wp-block-list\">\n<li><a href=\"https:\/\/www.univ-oeb.dz\/ista\/wp-content\/uploads\/2026\/02\/1ere-annee-MUP.pdf\"><strong>Fiche d\u2019organisation Premi\u00e8re ann\u00e9e<\/strong><\/a><\/li>\n\n\n\n<li><a href=\"https:\/\/www.univ-oeb.dz\/ista\/wp-content\/uploads\/2026\/02\/2eme-3eme-annee-MUP.pdf\"><strong>Fiche d\u2019organisation Deuxi\u00e8me et Troisi\u00e8me ann\u00e9e<\/strong><\/a><\/li>\n<\/ul>\n\n\n\n<p><\/p>\n","protected":false},"excerpt":{"rendered":"<p>Fiche d\u2019organisation Mesures physiques Fiche d\u2019organisation Premi\u00e8re ann\u00e9e Fiche d\u2019organisation Deuxi\u00e8me ann\u00e9e Fiche d\u2019organisation Troisi\u00e8me ann\u00e9e MCPC Fiche d\u2019organisation Troisi\u00e8me ann\u00e9e TI Fiche d\u2019organisation Premi\u00e8re et Deuxi\u00e8me ann\u00e9e Master IICM Fiche d\u2019organisation G\u00e9nie Industriel Fiche d\u2019organisation Premi\u00e8re ann\u00e9e Fiche d\u2019organisation Deuxi\u00e8me et Troisi\u00e8me ann\u00e9e<\/p>\n","protected":false},"author":1,"featured_media":0,"parent":0,"menu_order":0,"comment_status":"closed","ping_status":"closed","template":"","meta":{"footnotes":""},"class_list":["post-1896","page","type-page","status-publish","hentry"],"_links":{"self":[{"href":"https:\/\/www.univ-oeb.dz\/ista\/wp-json\/wp\/v2\/pages\/1896"}],"collection":[{"href":"https:\/\/www.univ-oeb.dz\/ista\/wp-json\/wp\/v2\/pages"}],"about":[{"href":"https:\/\/www.univ-oeb.dz\/ista\/wp-json\/wp\/v2\/types\/page"}],"author":[{"embeddable":true,"href":"https:\/\/www.univ-oeb.dz\/ista\/wp-json\/wp\/v2\/users\/1"}],"replies":[{"embeddable":true,"href":"https:\/\/www.univ-oeb.dz\/ista\/wp-json\/wp\/v2\/comments?post=1896"}],"version-history":[{"count":3,"href":"https:\/\/www.univ-oeb.dz\/ista\/wp-json\/wp\/v2\/pages\/1896\/revisions"}],"predecessor-version":[{"id":6235,"href":"https:\/\/www.univ-oeb.dz\/ista\/wp-json\/wp\/v2\/pages\/1896\/revisions\/6235"}],"wp:attachment":[{"href":"https:\/\/www.univ-oeb.dz\/ista\/wp-json\/wp\/v2\/media?parent=1896"}],"curies":[{"name":"wp","href":"https:\/\/api.w.org\/{rel}","templated":true}]}}