{"id":1495,"date":"2023-09-03T10:25:00","date_gmt":"2023-09-03T10:25:00","guid":{"rendered":"http:\/\/www.univ-oeb.dz\/ista\/?page_id=1495"},"modified":"2025-03-20T08:17:19","modified_gmt":"2025-03-20T08:17:19","slug":"teaching-staff","status":"publish","type":"page","link":"https:\/\/www.univ-oeb.dz\/ista\/en\/teaching-staff\/","title":{"rendered":"Teaching staff"},"content":{"rendered":"\n<h4 class=\"wp-block-heading\">Physical Measurements<\/h4>\n\n\n\n<figure id=\"tablepress-2\" class=\"wp-block-table\"><table><thead><tr><th>N\u00b0<\/th><th>Name<\/th><th>Grade<\/th><th>Post<\/th><\/tr><\/thead><tbody><tr><td>1<\/td><td><a href=\"https:\/\/www.univ-oeb.dz\/ista\/fr\/zaabat-mourad\/\" target=\"_blank\" rel=\"noreferrer noopener\">Zaabat Mourad<\/a><\/td><td>Prof<\/td><td>Directeur<\/td><\/tr><tr><td>2<\/td><td><a href=\"https:\/\/www.univ-oeb.dz\/ista\/fr\/laouar-salah\/\" target=\"_blank\" rel=\"noreferrer noopener\">Laouar Salah<\/a><\/td><td>Prof<\/td><td>Enseignant<\/td><\/tr><tr><td>3<\/td><td><a href=\"https:\/\/www.univ-oeb.dz\/ista\/fr\/kabouche-azeddine\/\" target=\"_blank\" rel=\"noreferrer noopener\">Kabouche Azeddine<\/a><\/td><td>Prof<\/td><td>Enseignant<\/td><\/tr><tr><td>4<\/td><td><a href=\"https:\/\/www.univ-oeb.dz\/ista\/fr\/salhi-ramdane\/\" target=\"_blank\" rel=\"noreferrer noopener\">Salhi Ramdane<\/a><\/td><td>Prof<\/td><td>Enseignant<\/td><\/tr><tr><td>5<\/td><td><a href=\"https:\/\/www.univ-oeb.dz\/ista\/fr\/benghalia-abdelmadjid-2\/\" target=\"_blank\" rel=\"noreferrer noopener\">Benghalia Abdelmadjid<\/a><\/td><td>Prof<\/td><td>Enseignant<\/td><\/tr><tr><td>6<\/td><td><a href=\"https:\/\/www.univ-oeb.dz\/ista\/fr\/merzougui-amina\/\" target=\"_blank\" rel=\"noreferrer noopener\">Merzougui Amina<\/a><\/td><td>MCA<\/td><td>Vice Dire.<\/td><\/tr><tr><td>7<\/td><td><a href=\"https:\/\/www.univ-oeb.dz\/ista\/fr\/boultif-ayache\/\" target=\"_blank\" rel=\"noreferrer noopener\">Boultif Ayache<\/a><\/td><td>MCA<\/td><td>Vice Dire.<\/td><\/tr><tr><td>8<\/td><td><a href=\"https:\/\/www.univ-oeb.dz\/ista\/fr\/zaiter-abdellah\/\" target=\"_blank\" rel=\"noreferrer noopener\">Zaiter Abdallah<\/a><\/td><td>MCA<\/td><td>Chef de D\u00e9partement MP<\/td><\/tr><tr><td>9<\/td><td><a href=\"https:\/\/www.univ-oeb.dz\/ista\/fr\/bouhouche-manel\/\" target=\"_blank\" rel=\"noreferrer noopener\">Bouhouche Manel<\/a><\/td><td>MCA<\/td><td>Responsable Fili\u00e8re<\/td><\/tr><tr><td>10<\/td><td><a href=\"https:\/\/www.univ-oeb.dz\/ista\/fr\/bouaicha-faiza\/\" target=\"_blank\" rel=\"noreferrer noopener\">Bouaicha Faiza<\/a><\/td><td>MCA<\/td><td>Enseignant<\/td><\/tr><tr><td>11<\/td><td><a href=\"https:\/\/www.univ-oeb.dz\/ista\/fr\/haddoun-abdelhakim\/\" target=\"_blank\" rel=\"noreferrer noopener\">Haddoun Hakim<\/a><\/td><td>MCB<\/td><td>Enseignant<\/td><\/tr><tr><td>12<\/td><td><a href=\"https:\/\/www.univ-oeb.dz\/ista\/fr\/zerrouk-imededdine\/\" target=\"_blank\" rel=\"noreferrer noopener\">Zerrouk Imed Eddine<\/a><\/td><td>MCB<\/td><td>Res. de Sp\u00e9cialit\u00e9 TI<\/td><\/tr><tr><td>13<\/td><td><a href=\"https:\/\/www.univ-oeb.dz\/ista\/fr\/hioul-mohamed-larbi\/\" target=\"_blank\" rel=\"noreferrer noopener\">Hioul Mohamed Larbi<\/a><\/td><td>MCB<\/td><td>Res. de Sp\u00e9cialit\u00e9 MCPC<\/td><\/tr><tr><td>14<\/td><td><a href=\"https:\/\/www.univ-oeb.dz\/ista\/fr\/meghlaoui-fatma-zohra\/\" target=\"_blank\" rel=\"noreferrer noopener\">Meghlaoui Fatma Zohra<\/a><\/td><td>MCA<\/td><td>Enseignant<\/td><\/tr><tr><td>15<\/td><td><a href=\"https:\/\/www.univ-oeb.dz\/ista\/fr\/foughali-lazhar\/\" target=\"_blank\" rel=\"noreferrer noopener\">Foughali Lazhar<\/a><\/td><td>MCB<\/td><td>Enseignant<\/td><\/tr><tr><td>16<\/td><td><a href=\"https:\/\/www.univ-oeb.dz\/ista\/fr\/mahamdi-ahmed\/\" target=\"_blank\" rel=\"noreferrer noopener\">Mahamdi Ahmed<\/a><\/td><td>MCB<\/td><td>Enseignant<\/td><\/tr><tr><td>17<\/td><td><a href=\"https:\/\/www.univ-oeb.dz\/ista\/fr\/maarad-ilhem-2\/\" target=\"_blank\" rel=\"noreferrer noopener\">Maarad Ilhem<\/a><\/td><td>MAA<\/td><td>Enseignant<\/td><\/tr><tr><td>18<\/td><td><a href=\"https:\/\/www.univ-oeb.dz\/ista\/fr\/rahmouni-khaoula\/\" target=\"_blank\" rel=\"noreferrer noopener\">Rahmouni Khaoula<\/a><\/td><td>MAA<\/td><td>Enseignant<\/td><\/tr><tr><td>19<\/td><td><a href=\"https:\/\/www.univ-oeb.dz\/ista\/fr\/bounab-hassina-2\/\" target=\"_blank\" rel=\"noreferrer noopener\">Bounab Hassina<\/a><\/td><td>MAA<\/td><td>Enseignant<\/td><\/tr><tr><td>20<\/td><td><a href=\"https:\/\/www.univ-oeb.dz\/ista\/fr\/kouadria-tallel-abdelhamid\/\" target=\"_blank\" rel=\"noreferrer noopener\">KOUADRIA Tallel<\/a><\/td><td>MAA<\/td><td>Enseignant<\/td><\/tr><\/tbody><\/table><\/figure>\n\n\n\n<h4 class=\"wp-block-heading\">Telecommunication and Networking<\/h4>\n\n\n\n<figure class=\"wp-block-table\"><table><tbody><tr><td><strong>N<\/strong><\/td><td><strong>Name<\/strong><\/td><td><strong>Grade<\/strong><\/td><td><strong>Post<\/strong><\/td><\/tr><tr><td>01<\/td><td><a href=\"https:\/\/www.univ-oeb.dz\/ista\/fr\/benacer-imad-2\/\" target=\"_blank\" rel=\"noreferrer noopener\">BENACER Imad<\/a><\/td><td>MCB<\/td><td>Enseignant\/ Res. d\u00e9part<\/td><\/tr><tr><td>02<\/td><td><a href=\"https:\/\/www.univ-oeb.dz\/ista\/fr\/merazga-ammar\/\" target=\"_blank\" rel=\"noreferrer noopener\">MERAZGA Ammar<\/a><\/td><td>MAA<\/td><td>Enseignant\/chef de Fili\u00e8re<\/td><\/tr><tr><td>03<\/td><td><a href=\"https:\/\/www.univ-oeb.dz\/ista\/fr\/bouchouareb-rachida\/\" target=\"_blank\" rel=\"noreferrer noopener\">Bouchouareb Rachida<\/a><\/td><td>MCB<\/td><td>Enseignant\/chef de Sp\u00e9cialit\u00e9<\/td><\/tr><tr><td>04<\/td><td><a href=\"https:\/\/www.univ-oeb.dz\/ista\/fr\/benghalia-abdelmadjid-2\/\" target=\"_blank\" rel=\"noreferrer noopener\">Benghalia Abdelmadjid<\/a><\/td><td>Prof<\/td><td>Enseignant<\/td><\/tr><tr><td>05<\/td><td><a href=\"https:\/\/www.univ-oeb.dz\/ista\/fr\/moulahcene-fateh\/\" target=\"_blank\" rel=\"noreferrer noopener\">MOULAHCENE&nbsp; Fateh<\/a><\/td><td>MCB<\/td><td>Enseignant<\/td><\/tr><tr><td>06<\/td><td><a href=\"https:\/\/www.univ-oeb.dz\/ista\/fr\/mellal-nassima-2\/\" target=\"_blank\" rel=\"noreferrer noopener\">MELLAL Nassima<\/a><\/td><td>MCA<\/td><td>Enseignant<\/td><\/tr><tr><td>07<\/td><td><a href=\"https:\/\/www.univ-oeb.dz\/ista\/fr\/maarad-ilhem-2\/\" target=\"_blank\" rel=\"noreferrer noopener\">MAARAD Ilhem<\/a><\/td><td>MAA<\/td><td>Enseignant<\/td><\/tr><tr><td>08<\/td><td><a href=\"https:\/\/www.univ-oeb.dz\/ista\/fr\/hamouda-amar-2\/\" target=\"_blank\" rel=\"noreferrer noopener\">HAMOUDA Amar<\/a><\/td><td>MCB<\/td><td>Enseignant<\/td><\/tr><tr><td>09<\/td><td><a href=\"https:\/\/www.univ-oeb.dz\/ista\/fr\/ferhati-hichem\/\" target=\"_blank\" rel=\"noreferrer noopener\">Ferhati Hichem<\/a><\/td><td>MCB<\/td><td>Enseignant<\/td><\/tr><\/tbody><\/table><\/figure>\n\n\n\n<h4 class=\"wp-block-heading\">Enterprises management and administrations<\/h4>\n\n\n\n<figure id=\"tablepress-3\" class=\"wp-block-table\"><table><thead><tr><th>N\u00b0<\/th><th>Name<\/th><th>Grade<\/th><th>Post<\/th><\/tr><\/thead><tbody><tr><td>1<\/td><td><a href=\"https:\/\/www.univ-oeb.dz\/ista\/fr\/hobar-mohamed-akram\/\" target=\"_blank\" rel=\"noreferrer noopener\">Hobar Mohamed Akram<\/a><\/td><td>MCB<\/td><td>Chef D\u00e9p.<\/td><\/tr><tr><td>2<\/td><td><a href=\"https:\/\/www.univ-oeb.dz\/ista\/fr\/ayache-zoubeir\/\" target=\"_blank\" rel=\"noreferrer noopener\">Ayache Zoubeir<\/a><\/td><td>Prof<\/td><td>vdpg<\/td><\/tr><tr><td>3<\/td><td><a href=\"https:\/\/www.univ-oeb.dz\/ista\/fr\/mecif-khaled\/\" target=\"_blank\" rel=\"noreferrer noopener\">Mecif Khaled<\/a><\/td><td>MCA<\/td><td>Enseignant<\/td><\/tr><tr><td>4<\/td><td><a href=\"https:\/\/www.univ-oeb.dz\/ista\/fr\/abadli-riad-2\/\" target=\"_blank\" rel=\"noreferrer noopener\">Abadli Riad<\/a><\/td><td>MCA<\/td><td>Enseignant<\/td><\/tr><tr><td><\/td><td><\/td><td><\/td><td><\/td><\/tr><tr><td>5<\/td><td><a href=\"https:\/\/www.univ-oeb.dz\/ista\/fr\/meddour-mohamed-cherif\/\" target=\"_blank\" rel=\"noreferrer noopener\">Meddour Mohamed Cherif<\/a><\/td><td>MAB<\/td><td>Enseignant<\/td><\/tr><tr><td>6<\/td><td><a href=\"https:\/\/www.univ-oeb.dz\/ista\/fr\/zaibet-noureddine-2\/\" target=\"_blank\" rel=\"noreferrer noopener\">Nourreddine Zaibet<\/a><\/td><td>Prof<\/td><td>Enseignant<\/td><\/tr><tr><td>7<\/td><td><a href=\"https:\/\/www.univ-oeb.dz\/ista\/fr\/nebti-rahma-2\/\" target=\"_blank\" rel=\"noreferrer noopener\">Nebti Rahma<\/a><\/td><td>MAB<\/td><td>Enseignant<\/td><\/tr><tr><td>8<\/td><td><a href=\"https:\/\/www.univ-oeb.dz\/ista\/fr\/attia-moufida\/\" target=\"_blank\" rel=\"noreferrer noopener\">Attia Moufida<\/a><\/td><td>MAB<\/td><td>Enseignant<\/td><\/tr><tr><td>9<\/td><td><a href=\"https:\/\/www.univ-oeb.dz\/ista\/fr\/toureche-zineb\/\" target=\"_blank\" rel=\"noreferrer noopener\">Toureche Zineb<\/a><\/td><td>MCB<\/td><td>Enseignant<\/td><\/tr><tr><td>10<\/td><td><a href=\"https:\/\/www.univ-oeb.dz\/ista\/fr\/tlilani-fatima-zahra\/\" target=\"_blank\" rel=\"noreferrer noopener\">Tlilani Fatima Zahra<\/a><\/td><td>MCA<\/td><td>Enseignant<\/td><\/tr><tr><td>11<\/td><td><a href=\"https:\/\/www.univ-oeb.dz\/ista\/fr\/kladi-nadira\/\" target=\"_blank\" rel=\"noreferrer noopener\">Nadira Kladi<\/a><\/td><td>MCA<\/td><td>Enseignant<\/td><\/tr><tr><td>12<\/td><td><a href=\"https:\/\/www.univ-oeb.dz\/ista\/fr\/ghedabna-lilia\/\" target=\"_blank\" rel=\"noreferrer noopener\">Lilia ghedabna<\/a><\/td><td>MCA<\/td><td>Enseignant<\/td><\/tr><tr><td>13<\/td><td><a href=\"https:\/\/www.univ-oeb.dz\/ista\/fr\/douas-lynda\/\" target=\"_blank\" rel=\"noreferrer noopener\">Douas Lynda<\/a><\/td><td>MAB<\/td><td>Enseignant<\/td><\/tr><\/tbody><\/table><\/figure>\n\n\n\n<h4 class=\"wp-block-heading\">Biological engineering<\/h4>\n\n\n\n<figure class=\"wp-block-table\"><table><tbody><tr><td><strong>N\u00b0<\/strong><\/td><td><strong>Enseignants<\/strong><\/td><td><strong>E-mail<\/strong><\/td><td><strong>Grade<\/strong><\/td><\/tr><tr><td>1<\/td><td><a href=\"https:\/\/www.univ-oeb.dz\/ista\/fr\/foughali-lazhar\/\" target=\"_blank\" rel=\"noreferrer noopener\">Foughali Lazhar<\/a><\/td><td>foughali.lazhar@univ-oeb.dz<\/td><td>MCB<\/td><\/tr><tr><td>2<\/td><td><a href=\"https:\/\/www.univ-oeb.dz\/ista\/fr\/aouar-lamia-2\/\" target=\"_blank\" rel=\"noreferrer noopener\">AOUAR L.<\/a><\/td><td>aouar.lamia@univ-oeb.dz<\/td><td>MCA<\/td><\/tr><tr><td>3<\/td><td><a href=\"https:\/\/www.univ-oeb.dz\/ista\/fr\/medjoudj-hacene\/\" target=\"_blank\" rel=\"noreferrer noopener\">Medjoudj H.<\/a><\/td><td>medjoudj.hacene@univ-oeb.dz<\/td><td>MCA<\/td><\/tr><tr><td>4<\/td><td><a href=\"https:\/\/www.univ-oeb.dz\/ista\/fr\/mosbah-camelia\/\" target=\"_blank\" rel=\"noreferrer noopener\">MOSBAH C.<\/a><\/td><td>mosbah.camelia@univ-oeb.dz<\/td><td>MCA<\/td><\/tr><tr><td>5<\/td><td><a href=\"https:\/\/www.univ-oeb.dz\/ista\/fr\/latreche-bilal\/\" target=\"_blank\" rel=\"noreferrer noopener\">Latreche Bilal<\/a><\/td><td>latreche.bilal@univ-oeb.dz<\/td><td>MAB<\/td><\/tr><tr><td>6<\/td><td><a href=\"https:\/\/www.univ-oeb.dz\/ista\/fr\/sanah-ibtissem-2\/\" target=\"_blank\" rel=\"noreferrer noopener\">Sanah Ibtissem<\/a><\/td><td>sanah.ibtissem@univ-oeb.dz <\/td><td>MAA<\/td><\/tr><tr><td>7<\/td><td><a href=\"https:\/\/www.univ-oeb.dz\/ista\/fr\/kerbab-khawla\/\" target=\"_blank\" rel=\"noreferrer noopener\">Kerbab Khawla<\/a><\/td><td>khawla.kerbab@yahoo.com<\/td><td>MCB<\/td><\/tr><tr><td>8<\/td><td><a href=\"https:\/\/www.univ-oeb.dz\/ista\/fr\/boukeloua-ahmed\/\" target=\"_blank\" rel=\"noreferrer noopener\">Boukeloua Ahmed<\/a><\/td><td>ahmedcte@yahoo.fr<\/td><td>MCA<\/td><\/tr><\/tbody><\/table><\/figure>\n\n\n\n<p>.<\/p>\n","protected":false},"excerpt":{"rendered":"<p>Physical Measurements N\u00b0NameGradePost1Zaabat MouradProfDirecteur2Laouar SalahProfEnseignant3Kabouche AzeddineProfEnseignant4Salhi RamdaneProfEnseignant5Benghalia AbdelmadjidProfEnseignant6Merzougui AminaMCAVice Dire.7Boultif AyacheMCAVice Dire.8Zaiter AbdallahMCAChef de D\u00e9partement MP9Bouhouche ManelMCAResponsable Fili\u00e8re10Bouaicha FaizaMCAEnseignant11Haddoun HakimMCBEnseignant12Zerrouk Imed EddineMCBRes. de Sp\u00e9cialit\u00e9 TI13Hioul Mohamed LarbiMCBRes. de Sp\u00e9cialit\u00e9 MCPC14Meghlaoui Fatma ZohraMCAEnseignant15Foughali LazharMCBEnseignant16Mahamdi AhmedMCBEnseignant17Maarad IlhemMAAEnseignant18Rahmouni KhaoulaMAAEnseignant19Bounab HassinaMAAEnseignant20KOUADRIA TallelMAAEnseignant Telecommunication and Networking NNameGradePost01BENACER ImadMCBEnseignant\/ Res. d\u00e9part02MERAZGA AmmarMAAEnseignant\/chef de Fili\u00e8re03Bouchouareb RachidaMCBEnseignant\/chef de Sp\u00e9cialit\u00e904Benghalia AbdelmadjidProfEnseignant05MOULAHCENE&nbsp; FatehMCBEnseignant06MELLAL NassimaMCAEnseignant07MAARAD IlhemMAAEnseignant08HAMOUDA AmarMCBEnseignant09Ferhati HichemMCBEnseignant Enterprises management and administrations N\u00b0NameGradePost1Hobar Mohamed AkramMCBChef D\u00e9p.2Ayache ZoubeirProfvdpg3Mecif KhaledMCAEnseignant4Abadli RiadMCAEnseignant5Meddour Mohamed CherifMABEnseignant6Nourreddine ZaibetProfEnseignant7Nebti RahmaMABEnseignant8Attia MoufidaMABEnseignant9Toureche ZinebMCBEnseignant10Tlilani Fatima ZahraMCAEnseignant11Nadira KladiMCAEnseignant12Lilia ghedabnaMCAEnseignant13Douas LyndaMABEnseignant Biological engineering N\u00b0EnseignantsE-mailGrade1Foughali Lazharfoughali.lazhar@univ-oeb.dzMCB2AOUAR L.aouar.lamia@univ-oeb.dzMCA3Medjoudj H.medjoudj.hacene@univ-oeb.dzMCA4MOSBAH C.mosbah.camelia@univ-oeb.dzMCA5Latreche Bilallatreche.bilal@univ-oeb.dzMAB6Sanah Ibtissemsanah.ibtissem@univ-oeb.dz MAA7Kerbab Khawlakhawla.kerbab@yahoo.comMCB8Boukeloua Ahmedahmedcte@yahoo.frMCA .<\/p>\n","protected":false},"author":1,"featured_media":0,"parent":0,"menu_order":0,"comment_status":"closed","ping_status":"closed","template":"","meta":{"footnotes":""},"class_list":["post-1495","page","type-page","status-publish","hentry"],"_links":{"self":[{"href":"https:\/\/www.univ-oeb.dz\/ista\/wp-json\/wp\/v2\/pages\/1495"}],"collection":[{"href":"https:\/\/www.univ-oeb.dz\/ista\/wp-json\/wp\/v2\/pages"}],"about":[{"href":"https:\/\/www.univ-oeb.dz\/ista\/wp-json\/wp\/v2\/types\/page"}],"author":[{"embeddable":true,"href":"https:\/\/www.univ-oeb.dz\/ista\/wp-json\/wp\/v2\/users\/1"}],"replies":[{"embeddable":true,"href":"https:\/\/www.univ-oeb.dz\/ista\/wp-json\/wp\/v2\/comments?post=1495"}],"version-history":[{"count":2,"href":"https:\/\/www.univ-oeb.dz\/ista\/wp-json\/wp\/v2\/pages\/1495\/revisions"}],"predecessor-version":[{"id":4614,"href":"https:\/\/www.univ-oeb.dz\/ista\/wp-json\/wp\/v2\/pages\/1495\/revisions\/4614"}],"wp:attachment":[{"href":"https:\/\/www.univ-oeb.dz\/ista\/wp-json\/wp\/v2\/media?parent=1495"}],"curies":[{"name":"wp","href":"https:\/\/api.w.org\/{rel}","templated":true}]}}