{"id":1482,"date":"2023-09-03T13:33:41","date_gmt":"2023-09-03T13:33:41","guid":{"rendered":"http:\/\/www.univ-oeb.dz\/ista\/?page_id=1482"},"modified":"2023-09-05T13:59:26","modified_gmt":"2023-09-05T13:59:26","slug":"mellal-nassima-2","status":"publish","type":"page","link":"https:\/\/www.univ-oeb.dz\/ista\/fr\/mellal-nassima-2\/","title":{"rendered":"Mellal Nassima"},"content":{"rendered":"\n<p><strong>Nom<\/strong>&nbsp;: Mellal<\/p>\n\n\n\n<p><strong>Pr\u00e9nom<\/strong>&nbsp;: Nassima<\/p>\n\n\n\n<p><a href=\"https:\/\/www.univ-oeb.dz\/ista\/wp-content\/uploads\/2023\/09\/MELLAL-Nassima.pdf\">CV succinct<\/a><\/p>\n\n\n\n<p><strong>Grade&nbsp;<\/strong>: MCA<\/p>\n\n\n\n<p>ORCID&nbsp;: <a href=\"https:\/\/orcid.org\/0000-0001-9876-0507\">https:\/\/orcid.org\/0000-0001-9876-0507<\/a><\/p>\n\n\n\n<p><strong>Email<\/strong>&nbsp;:&nbsp;nassima.mellal.univ@gmail.com <\/p>\n\n\n\n<blockquote class=\"wp-block-quote is-layout-flow wp-block-quote-is-layout-flow\">\n<h3 class=\"wp-block-heading\"><strong>Publications:<\/strong><\/h3>\n<\/blockquote>\n\n\n\n<ol class=\"wp-block-list\" type=\"1\">\n<li>Nassima MELLAL, Khawla Bouzekri, Sabri Meriem, Saleh Abdennebi( 2022)&nbsp;: <a href=\"https:\/\/ieeexplore.ieee.org\/abstract\/document\/9946916\/\">Android App based on CNN for Covid-19 Detection using Chest X-ray Images<\/a>. 4th International Conference on Pattern Analysis and Intelligent Systems (PAIS) 2022.<\/li>\n\n\n\n<li>Nassima MELLAL, Tahar Guerram, Faiza Bouhalassa : <strong>An Approach for Automatic Ontology Enrichment from Texts. <\/strong>Informatica International Journal of Computing and, Volume 45, 2021.<\/li>\n\n\n\n<li>Nassima MELLAL (2021) : <strong>A method for Automating Ontology Enrichment from unstructured Texts <\/strong>, s\u00e9minaire international sur les math\u00e9matiques et l\u2019informatique en ligne (webinaire), organis\u00e9 par <strong>AJEAU <\/strong>(Algerian Journal of Engineering, Architecture and Urbanism) le 05 et 06 F\u00e9vrier 2021, Oran; Alg\u00e9rie<\/li>\n\n\n\n<li>&nbsp;Tahar Guerram, Nassima Mellal : <strong>A Domain Independent Approach for Ontology Semantic Enrichment, <\/strong>Computer Science &amp; Information Technology, NLP\u20192018, 7th International Conference on Natural Language Processing, January 27~28, 2018, Dubai, UAE<\/li>\n\n\n\n<li>&nbsp;Mellal N. (2013): <strong>Towards an Automatic Approach for Ontology Mapping In a Distributed eLearning System<\/strong>. In International Journal of Science and Applied Information Technology (IJSAIT), Vol.2 , No.2, Pages : 11-15 (2013) Special Issue of ICET4E 2013 &#8211; Held during 11-12 March, 2013 in Hotel Crowne Plaza, Dubai<\/li>\n\n\n\n<li>Mellal N. (2013): <strong>Contextual-Ontologies for an Auto Elearning Process. <\/strong>In: Br\u00e9zillon P., Blackburn P., Dapoigny R.(eds) Modeling and Using Context. CONTEXT 2013. Lecture Notes in Computer Science, Vol 8175. Springer, Berlin, Heidelberg. <a href=\"https:\/\/doi.org\/10.1007\/978-3-642-40972-1_28\">https:\/\/doi.org\/10.1007\/978-3-642-40972-1_28<\/a><\/li>\n\n\n\n<li>&nbsp;Mellal N., Dapoigny R., Foulloy L. (2008) Formal Method for Aligning Goal Ontologies. In: Chountas P., Petrounias I., Kacprzyk J. (eds) Intelligent Techniques and Tools for Novel System Architectures. Studies in Computational Intelligence, vol 109. Springer, Berlin, Heidelberg. <a href=\"https:\/\/doi.org\/10.1007\/978-3-540-77623-9_16\">https:\/\/doi.org\/10.1007\/978-3-540-77623-9_16<\/a><\/li>\n\n\n\n<li>&nbsp;Mellal N., Dapoigny R. (2007): <strong>Service Retrieval for Distributed Environment : An Approach Based Service-Ontologies Mapping. <\/strong>In Wegrzyn-Wolska K.M., Szczepaniak P.S. (eds) Advances in Intelligent Web Mastering. Advances in Soft Computing, vol 43. Springer, Berlin, Heidelberg. https:\/\/doi.org\/10.1007\/978-3-540- 72575-6_38<\/li>\n\n\n\n<li>Nacima Mellal, Richard Dapoigny (2007): <strong>Formal Method for Automatic and Semantic Mapping of Distributed Service-Ontologies. <\/strong>In Proceeding of the Second &nbsp;International &nbsp;&nbsp;&nbsp;&nbsp;Conference on Software and Data Technologies \u2013 Volume 3: ICOSOFT, &nbsp;259-263; 2007, Barcelona, Spain. &nbsp;<\/li>\n\n\n\n<li>Nacima Mellal, Richard Dapoigny, Laurent Foulloy (2006): <strong>Semantic &nbsp;Interoperability between Functional Ontologies. <\/strong>Databases and Information Systems &#8211; <strong>Selected Papers <\/strong>from the Seventh International Baltic Conference, DBIS 2006, July 3-6, 2006, Vilnius, Lithuania, IOS Press, pp.277-290, 2006, Frontiers in Artificial Intelligence and Applications, 978-1-58603-715-4. &nbsp;<\/li>\n\n\n\n<li>N. Mellal and R. Dapoigny (2006): <strong>A multi-agent specification for the goal ontology &nbsp;&nbsp;mapping in distributed complex systems<\/strong>, 2006, 7th International Baltic Conference on Databases and Information Systems, Vilnius, Lithuania, 2006, pp. 235- 243, doi: 10.1109\/DBIS.2006.1678502.<\/li>\n\n\n\n<li>Mellal N., Dapoigny R.; Barlatier P., Foulloy L. (2006): <strong>Modeling and Multi-Agent &nbsp;Specification of IF- Based Distributed Goal Ontologies<\/strong>. In Ali M.; Dapoigny R. &nbsp;(eds) Advances in Applied Artificial Intelligence. IEA\/AIE 2006. Lecture Notes in &nbsp;Computer Science, vol 4031. Springer, Berlin, Heidelberg. https:\/\/doi.org\/10.1007\/11779568_4<\/li>\n\n\n\n<li>N Mellal, R Dapoigny, L Foulloy (2006) : <strong>The Fusion Process of Goal Ontologies using Intelligent Agents in Distributed Systerns<\/strong>. IS\u201906, 3rd International IEEE Conference Intelligent Systems, 42-47, London, UK, 2006,<\/li>\n\n\n\n<li>Richard Dapoigny, Patrick Barlatier, Nacima Mellal, Eric Benoit, Laurent Foulloy: &nbsp;<strong>Inferential Knowledge Sharing with Goal Hierarchies in Distributed Engineering Systems. <\/strong>IICAI 2005: 590-608<\/li>\n\n\n\n<li>&nbsp;R Dapoigny, P Barlatier, N Mellal, E Benoit, L Foulloy : <strong>Goal integration for service &nbsp;inter-operability of engineering systems<\/strong>. Int. Conf. on Conceptual Structures (ICCS &nbsp;2005), Kassel, de, 201-202 &nbsp;<\/li>\n\n\n\n<li>R Dapoigny, N Mellal, E Benoit, L Foulloy : <strong>Service Integration in Distributed &nbsp;<\/strong><strong>Control Systems: an approach based on fusion of mereologies <\/strong>; IEEE Conference &nbsp;on Cybernetics and Intelligent Systems, 2004. 2, 1283-1288<\/li>\n<\/ol>\n\n\n\n<blockquote class=\"wp-block-quote is-layout-flow wp-block-quote-is-layout-flow\">\n<h3 class=\"wp-block-heading\"><strong>Base Scopus:<\/strong><\/h3>\n\n\n\n<p><strong><a href=\"https:\/\/www.scopus.com\/authid\/detail.uri?authorId=6505742879\" target=\"_blank\" rel=\"noreferrer noopener\">Plus d\u2019information \u2026<\/a><\/strong><\/p>\n<\/blockquote>\n","protected":false},"excerpt":{"rendered":"<p>Nom&nbsp;: Mellal Pr\u00e9nom&nbsp;: Nassima CV succinct Grade&nbsp;: MCA ORCID&nbsp;: https:\/\/orcid.org\/0000-0001-9876-0507 Email&nbsp;:&nbsp;nassima.mellal.univ@gmail.com Publications: Nassima MELLAL, Khawla Bouzekri, Sabri Meriem, Saleh Abdennebi( 2022)&nbsp;: Android App based on CNN for Covid-19 Detection using Chest X-ray Images. 4th International Conference on Pattern Analysis and Intelligent Systems (PAIS) 2022. Nassima MELLAL, Tahar Guerram, Faiza Bouhalassa : An Approach for Automatic Ontology Enrichment from Texts. Informatica International Journal of Computing and, Volume 45, 2021. Nassima MELLAL (2021) : A method for Automating Ontology Enrichment from unstructured Texts , s\u00e9minaire international sur les math\u00e9matiques et l\u2019informatique en ligne (webinaire), organis\u00e9 par AJEAU (Algerian Journal of Engineering, Architecture and Urbanism) le 05 et 06 F\u00e9vrier 2021, Oran; Alg\u00e9rie &nbsp;Tahar Guerram, Nassima Mellal : A Domain Independent Approach for Ontology Semantic Enrichment, Computer Science &amp; Information Technology, NLP\u20192018, 7th International Conference on Natural Language Processing, January 27~28, 2018, Dubai, UAE &nbsp;Mellal N. (2013): Towards an Automatic Approach for Ontology Mapping In a Distributed eLearning System. In International Journal of Science and Applied Information Technology (IJSAIT), Vol.2 , No.2, Pages : 11-15 (2013) Special Issue of ICET4E 2013 &#8211; Held during 11-12 March, 2013 in Hotel Crowne Plaza, Dubai Mellal N. (2013): Contextual-Ontologies for an Auto Elearning Process. In: Br\u00e9zillon P., Blackburn P., Dapoigny R.(eds) Modeling and Using Context. CONTEXT 2013. Lecture Notes in Computer Science, Vol 8175. Springer, Berlin, Heidelberg. https:\/\/doi.org\/10.1007\/978-3-642-40972-1_28 &nbsp;Mellal N., Dapoigny R., Foulloy L. (2008) Formal Method for Aligning Goal Ontologies. In: Chountas P., Petrounias I., Kacprzyk J. (eds) Intelligent Techniques and Tools for Novel System Architectures. Studies in Computational Intelligence, vol 109. Springer, Berlin, Heidelberg. https:\/\/doi.org\/10.1007\/978-3-540-77623-9_16 &nbsp;Mellal N., Dapoigny R. (2007): Service Retrieval for Distributed Environment : An Approach Based Service-Ontologies Mapping. In Wegrzyn-Wolska K.M., Szczepaniak P.S. (eds) Advances in Intelligent Web Mastering. Advances in Soft Computing, vol 43. Springer, Berlin, Heidelberg. https:\/\/doi.org\/10.1007\/978-3-540- 72575-6_38 Nacima Mellal, Richard Dapoigny (2007): Formal Method for Automatic and Semantic Mapping of Distributed Service-Ontologies. In Proceeding of the Second &nbsp;International &nbsp;&nbsp;&nbsp;&nbsp;Conference on Software and Data Technologies \u2013 Volume 3: ICOSOFT, &nbsp;259-263; 2007, Barcelona, Spain. &nbsp; Nacima Mellal, Richard Dapoigny, Laurent Foulloy (2006): Semantic &nbsp;Interoperability between Functional Ontologies. Databases and Information Systems &#8211; Selected Papers from the Seventh International Baltic Conference, DBIS 2006, July 3-6, 2006, Vilnius, Lithuania, IOS Press, pp.277-290, 2006, Frontiers in Artificial Intelligence and Applications, 978-1-58603-715-4. &nbsp; N. Mellal and R. Dapoigny (2006): A multi-agent specification for the goal ontology &nbsp;&nbsp;mapping in distributed complex systems, 2006, 7th International Baltic Conference on Databases and Information Systems, Vilnius, Lithuania, 2006, pp. 235- 243, doi: 10.1109\/DBIS.2006.1678502. Mellal N., Dapoigny R.; Barlatier P., Foulloy L. (2006): Modeling and Multi-Agent &nbsp;Specification of IF- Based Distributed Goal Ontologies. In Ali M.; Dapoigny R. &nbsp;(eds) Advances in Applied Artificial Intelligence. IEA\/AIE 2006. Lecture Notes in &nbsp;Computer Science, vol 4031. Springer, Berlin, Heidelberg. https:\/\/doi.org\/10.1007\/11779568_4 N Mellal, R Dapoigny, L Foulloy (2006) : The Fusion Process of Goal Ontologies using Intelligent Agents in Distributed Systerns. IS\u201906, 3rd International IEEE Conference Intelligent Systems, 42-47, London, UK, 2006, Richard Dapoigny, Patrick Barlatier, Nacima Mellal, Eric Benoit, Laurent Foulloy: &nbsp;Inferential Knowledge Sharing with Goal Hierarchies in Distributed Engineering Systems. IICAI 2005: 590-608 &nbsp;R Dapoigny, P Barlatier, N Mellal, E Benoit, L Foulloy : Goal integration for service &nbsp;inter-operability of engineering systems. Int. Conf. on Conceptual Structures (ICCS &nbsp;2005), Kassel, de, 201-202 &nbsp; R Dapoigny, N Mellal, E Benoit, L Foulloy : Service Integration in Distributed &nbsp;Control Systems: an approach based on fusion of mereologies ; IEEE Conference &nbsp;on Cybernetics and Intelligent Systems, 2004. 2, 1283-1288 Base Scopus: Plus d\u2019information \u2026<\/p>\n","protected":false},"author":1,"featured_media":0,"parent":0,"menu_order":0,"comment_status":"closed","ping_status":"closed","template":"","meta":{"footnotes":""},"class_list":["post-1482","page","type-page","status-publish","hentry"],"_links":{"self":[{"href":"https:\/\/www.univ-oeb.dz\/ista\/wp-json\/wp\/v2\/pages\/1482"}],"collection":[{"href":"https:\/\/www.univ-oeb.dz\/ista\/wp-json\/wp\/v2\/pages"}],"about":[{"href":"https:\/\/www.univ-oeb.dz\/ista\/wp-json\/wp\/v2\/types\/page"}],"author":[{"embeddable":true,"href":"https:\/\/www.univ-oeb.dz\/ista\/wp-json\/wp\/v2\/users\/1"}],"replies":[{"embeddable":true,"href":"https:\/\/www.univ-oeb.dz\/ista\/wp-json\/wp\/v2\/comments?post=1482"}],"version-history":[{"count":1,"href":"https:\/\/www.univ-oeb.dz\/ista\/wp-json\/wp\/v2\/pages\/1482\/revisions"}],"predecessor-version":[{"id":1484,"href":"https:\/\/www.univ-oeb.dz\/ista\/wp-json\/wp\/v2\/pages\/1482\/revisions\/1484"}],"wp:attachment":[{"href":"https:\/\/www.univ-oeb.dz\/ista\/wp-json\/wp\/v2\/media?parent=1482"}],"curies":[{"name":"wp","href":"https:\/\/api.w.org\/{rel}","templated":true}]}}