{"id":1480,"date":"2023-09-03T13:31:36","date_gmt":"2023-09-03T13:31:36","guid":{"rendered":"http:\/\/www.univ-oeb.dz\/ista\/?page_id=1480"},"modified":"2023-09-05T13:55:40","modified_gmt":"2023-09-05T13:55:40","slug":"meghlaoui-fatma-zohra","status":"publish","type":"page","link":"https:\/\/www.univ-oeb.dz\/ista\/fr\/meghlaoui-fatma-zohra\/","title":{"rendered":"Meghlaoui Fatma Zohra"},"content":{"rendered":"\n<p><strong>Nom<\/strong>&nbsp;: Meghlaoui<\/p>\n\n\n\n<p><strong>Pr\u00e9nom<\/strong>&nbsp;: Fatma Zohra<\/p>\n\n\n\n<p><strong><a href=\"https:\/\/www.univ-oeb.dz\/ista\/wp-content\/uploads\/2023\/09\/CV-Meghlaoui.pdf\" target=\"_blank\" rel=\"noreferrer noopener\">CV succinct<\/a><\/strong><\/p>\n\n\n\n<p><strong>Grade&nbsp;<\/strong>: MCA<\/p>\n\n\n\n<p><strong>Email<\/strong>&nbsp;:&nbsp;<a href=\"mailto:meghlaoui.fatima@univ-oeb.dz\">meghlaoui.fatima@univ-oeb.dz<\/a><\/p>\n\n\n\n<blockquote class=\"wp-block-quote is-layout-flow wp-block-quote-is-layout-flow\">\n<h3 class=\"wp-block-heading\"><strong>Publications:<\/strong><\/h3>\n\n\n\n<p>Study of adsorption of phenol on titanium oxide (TiO&lt;inf&gt;2&lt;\/inf&gt;)<\/p>\n<\/blockquote>\n\n\n\n<p><strong><u>COMMUNICATIONS SCIENTIFIQUES INTERNATIONALE&nbsp;<\/u>:<\/strong><\/p>\n\n\n\n<ol class=\"wp-block-list\">\n<li><strong>&nbsp;<\/strong>&nbsp;Bekkouche , M. Bouhelassa, N. Hadj Salah,&nbsp;<strong>F.Z. Meghlaoui<\/strong><\/li>\n<\/ol>\n\n\n\n<p>\u00ab&nbsp;<em>Study of adsorption of phenol on titane oxide<\/em>&nbsp;&nbsp; \u00ab&nbsp;. Desalination. (2004).<\/p>\n\n\n\n<p><strong>&nbsp;&nbsp;&nbsp;&nbsp;&nbsp;<\/strong><strong>&nbsp;&nbsp;&nbsp;<\/strong><strong>F.Z.Meghlaoui,,&nbsp;<\/strong>A.Ghanem Lakehal , M.Bouhelassa, &nbsp;\u00bb&nbsp;<em>Elimination of heavy metals in&nbsp; electrochemical reactor with&nbsp; rectangular fixed bed<\/em>&nbsp;&nbsp;\u00bb Pr\u00e9sent\u00e9e au 2<sup>&nbsp;\u00e9mes<\/sup>&nbsp;seminarie International de photocatalyse et Environnement (CIPE 2014) .7 et 8 Mai 2014 Universit\u00e9 de Constantine1, Algerie<\/p>\n\n\n\n<ul class=\"wp-block-list\">\n<li><strong>Z.Meghlaoui,&nbsp;<\/strong>M. Bouhelassa, S.Bekkouche, K.Bouhidel.<\/li>\n<\/ul>\n\n\n\n<p>&nbsp;\u00bb&nbsp;<em>Elimination and recuperation of metals in waters by electrochemical reactor for perpendicular configuration<\/em>&nbsp;\u00ab&nbsp;SM 185.Pr\u00e9sent\u00e9e au 2<sup>&nbsp;\u00e9mes&nbsp;<\/sup>seminaries internationalde Desalination and the Environment de Santa Margherita \u2013 Portofino- La Spezia \u2013 Italy .22 -25 May 2005.<\/p>\n\n\n\n<p>.<\/p>\n","protected":false},"excerpt":{"rendered":"<p>Nom&nbsp;: Meghlaoui Pr\u00e9nom&nbsp;: Fatma Zohra CV succinct Grade&nbsp;: MCA Email&nbsp;:&nbsp;meghlaoui.fatima@univ-oeb.dz Publications: Study of adsorption of phenol on titanium oxide (TiO&lt;inf&gt;2&lt;\/inf&gt;) COMMUNICATIONS SCIENTIFIQUES INTERNATIONALE&nbsp;: &nbsp;&nbsp;Bekkouche , M. Bouhelassa, N. Hadj Salah,&nbsp;F.Z. Meghlaoui \u00ab&nbsp;Study of adsorption of phenol on titane oxide&nbsp;&nbsp; \u00ab&nbsp;. Desalination. (2004). &nbsp;&nbsp;&nbsp;&nbsp;&nbsp;&nbsp;&nbsp;&nbsp;F.Z.Meghlaoui,,&nbsp;A.Ghanem Lakehal , M.Bouhelassa, &nbsp;\u00bb&nbsp;Elimination of heavy metals in&nbsp; electrochemical reactor with&nbsp; rectangular fixed bed&nbsp;&nbsp;\u00bb Pr\u00e9sent\u00e9e au 2&nbsp;\u00e9mes&nbsp;seminarie International de photocatalyse et Environnement (CIPE 2014) .7 et 8 Mai 2014 Universit\u00e9 de Constantine1, Algerie Z.Meghlaoui,&nbsp;M. Bouhelassa, S.Bekkouche, K.Bouhidel. &nbsp;\u00bb&nbsp;Elimination and recuperation of metals in waters by electrochemical reactor for perpendicular configuration&nbsp;\u00ab&nbsp;SM 185.Pr\u00e9sent\u00e9e au 2&nbsp;\u00e9mes&nbsp;seminaries internationalde Desalination and the Environment de Santa Margherita \u2013 Portofino- La Spezia \u2013 Italy .22 -25 May 2005. .<\/p>\n","protected":false},"author":1,"featured_media":0,"parent":0,"menu_order":0,"comment_status":"closed","ping_status":"closed","template":"","meta":{"footnotes":""},"class_list":["post-1480","page","type-page","status-publish","hentry"],"_links":{"self":[{"href":"https:\/\/www.univ-oeb.dz\/ista\/wp-json\/wp\/v2\/pages\/1480"}],"collection":[{"href":"https:\/\/www.univ-oeb.dz\/ista\/wp-json\/wp\/v2\/pages"}],"about":[{"href":"https:\/\/www.univ-oeb.dz\/ista\/wp-json\/wp\/v2\/types\/page"}],"author":[{"embeddable":true,"href":"https:\/\/www.univ-oeb.dz\/ista\/wp-json\/wp\/v2\/users\/1"}],"replies":[{"embeddable":true,"href":"https:\/\/www.univ-oeb.dz\/ista\/wp-json\/wp\/v2\/comments?post=1480"}],"version-history":[{"count":1,"href":"https:\/\/www.univ-oeb.dz\/ista\/wp-json\/wp\/v2\/pages\/1480\/revisions"}],"predecessor-version":[{"id":1481,"href":"https:\/\/www.univ-oeb.dz\/ista\/wp-json\/wp\/v2\/pages\/1480\/revisions\/1481"}],"wp:attachment":[{"href":"https:\/\/www.univ-oeb.dz\/ista\/wp-json\/wp\/v2\/media?parent=1480"}],"curies":[{"name":"wp","href":"https:\/\/api.w.org\/{rel}","templated":true}]}}