{"id":1468,"date":"2023-09-03T13:21:23","date_gmt":"2023-09-03T13:21:23","guid":{"rendered":"http:\/\/www.univ-oeb.dz\/ista\/?page_id=1468"},"modified":"2023-09-05T13:39:38","modified_gmt":"2023-09-05T13:39:38","slug":"merzougui-amina","status":"publish","type":"page","link":"https:\/\/www.univ-oeb.dz\/ista\/fr\/merzougui-amina\/","title":{"rendered":"Merzougui Amina"},"content":{"rendered":"\n<p><strong>Nom<\/strong>&nbsp;: Merzougui<\/p>\n\n\n\n<p><strong>Pr\u00e9nom<\/strong>&nbsp;: Amina<\/p>\n\n\n\n<p><a href=\"https:\/\/www.univ-oeb.dz\/ista\/wp-content\/uploads\/2023\/09\/CV-Merzougui.pdf\">CV succinct<\/a><\/p>\n\n\n\n<p><strong>Grade&nbsp;<\/strong>: MCA<\/p>\n\n\n\n<p><strong>Email<\/strong>&nbsp;:&nbsp;<a href=\"mailto:merzougui.amina@univ-oeb.dz\">merzougui.amina@univ-oeb.dz<\/a><\/p>\n\n\n\n<blockquote class=\"wp-block-quote is-layout-flow wp-block-quote-is-layout-flow\">\n<h3 class=\"wp-block-heading\"><strong>Publications:<\/strong><\/h3>\n<\/blockquote>\n\n\n\n<p><strong><u>Communications internationales ( Apr\u00e8s doctorat) :<\/u><\/strong><\/p>\n\n\n\n<p><strong>[1]&nbsp;<\/strong><strong><u>A. Merzougui<\/u><\/strong><strong>,<\/strong>&nbsp;S. Latr\u00e8che, S, Bouchekouf, \u00ab Etude des caract\u00e9ristiques C (V) de capacit\u00e9s \u00e0 base d\u2019oxydes high-k et semi-conducteurs \u00e0 forte mobilit\u00e9. \u00ab&nbsp;, Deuxi\u00e8me Congr\u00e8s International sur les Nouveaux Mat\u00e9riaux et les Composants Actifs, Oum el Bouaghi, &nbsp;Alg\u00e9rie, 25, 26 Juin, 2014.<\/p>\n\n\n\n<p><strong>[2]&nbsp;<\/strong>S, Bouchekouf, M, Marir,&nbsp;<strong><u>A. Merzougui<\/u><\/strong>, F, Kebaili, &nbsp;\u00ab Mod\u00e9lisation du photocourant dans la cellule organique&nbsp; \u00ab&nbsp;, Deuxi\u00e8me Congr\u00e8s International sur les Nouveaux Mat\u00e9riaux et les Composants Actifs, Oum el Bouaghi, &nbsp;Alg\u00e9rie, 25, 26 Juin, 2014.<\/p>\n\n\n\n<p><strong>[3]<\/strong>&nbsp;<strong><u>A, Merzougui<\/u><\/strong>&nbsp;, S. Latreche , S. Bouchekouf, \u00ab&nbsp;Simulation of Capacitance-Voltage C (V) and Current- Voltages I(V) characteristics of a MOS capacity with double and tri-layer high permittivity gate oxide\u201d, Internationnal Electrical &amp; Electronics Engineering and Technologies conferences ELECTROTECH\u201915, Istambul, Turkey, October 2-3, 2015.<\/p>\n\n\n\n<p><strong>[4]&nbsp;<\/strong><strong><u>A, Merzougui<\/u><\/strong>&nbsp;, S. Latreche , S. Bouchekouf , M. Zaabat, \u00ab Int\u00e9r\u00eat des oxydes \u00e0 fortes permitivit\u00e9s dans les structures MOS: Analyse des caract\u00e9risques C(V) et I(V)&nbsp;\u00bb, 2<sup>\u00e8me&nbsp;<\/sup>&nbsp;Conf\u00e9rence Internationale de l\u2019Electronique, Electrotechnique, Automatique et de Maintenance CIEEAM 2015, Oran, 24 \u2013 25 Novembre 2015.<\/p>\n\n\n\n<p><strong>[5]&nbsp;<\/strong><strong><u>A, Merzougui<\/u><\/strong>&nbsp;, S. Latreche , M. Zaabat, \u00ab Influence of interface states in MOS structures: Analysis of Capacitance-Voltage characteristics&nbsp;\u00bb,&nbsp;<strong>International conference on advanced material technologies (ICAMT)<\/strong>, India, 27 \u2013 28 December 2016.<\/p>\n\n\n\n<p><strong><u>Publication ( Apr\u00e8s Doctorat) :<\/u><\/strong><\/p>\n\n\n\n<p><strong>[1]&nbsp;<\/strong><strong><u>A. Merzougui<\/u><\/strong><strong>,<\/strong>&nbsp;S. Latr\u00e8che, S, Bouchekouf, \u00ab Etude des caract\u00e9ristiques C (V) de capacit\u00e9s \u00e0 base d\u2019oxydes high-k et semi-conducteurs \u00e0 forte mobilit\u00e9. \u00ab&nbsp;, Journal of new technology and materials (JNTM). Vol&nbsp;: 5, N\u00b0&nbsp;:1, Juin 2015.<\/p>\n\n\n\n<p><strong>[2]&nbsp;<\/strong>S, Bouchekouf, M, Marir,&nbsp;<strong><u>A. Merzougui<\/u><\/strong>, F, Kebaili, &nbsp;\u00ab Mod\u00e9lisation du photocourant dans la cellule organique&nbsp; \u00ab&nbsp;, Journal of new technology and materials (JNTM) Vol&nbsp;: 4, N\u00b0&nbsp;:2, D\u00e9cembre 2014.<\/p>\n\n\n\n<p><\/p>\n","protected":false},"excerpt":{"rendered":"<p>Nom&nbsp;: Merzougui Pr\u00e9nom&nbsp;: Amina CV succinct Grade&nbsp;: MCA Email&nbsp;:&nbsp;merzougui.amina@univ-oeb.dz Publications: Communications internationales ( Apr\u00e8s doctorat) : [1]&nbsp;A. Merzougui,&nbsp;S. Latr\u00e8che, S, Bouchekouf, \u00ab Etude des caract\u00e9ristiques C (V) de capacit\u00e9s \u00e0 base d\u2019oxydes high-k et semi-conducteurs \u00e0 forte mobilit\u00e9. \u00ab&nbsp;, Deuxi\u00e8me Congr\u00e8s International sur les Nouveaux Mat\u00e9riaux et les Composants Actifs, Oum el Bouaghi, &nbsp;Alg\u00e9rie, 25, 26 Juin, 2014. [2]&nbsp;S, Bouchekouf, M, Marir,&nbsp;A. Merzougui, F, Kebaili, &nbsp;\u00ab Mod\u00e9lisation du photocourant dans la cellule organique&nbsp; \u00ab&nbsp;, Deuxi\u00e8me Congr\u00e8s International sur les Nouveaux Mat\u00e9riaux et les Composants Actifs, Oum el Bouaghi, &nbsp;Alg\u00e9rie, 25, 26 Juin, 2014. [3]&nbsp;A, Merzougui&nbsp;, S. Latreche , S. Bouchekouf, \u00ab&nbsp;Simulation of Capacitance-Voltage C (V) and Current- Voltages I(V) characteristics of a MOS capacity with double and tri-layer high permittivity gate oxide\u201d, Internationnal Electrical &amp; Electronics Engineering and Technologies conferences ELECTROTECH\u201915, Istambul, Turkey, October 2-3, 2015. [4]&nbsp;A, Merzougui&nbsp;, S. Latreche , S. Bouchekouf , M. Zaabat, \u00ab Int\u00e9r\u00eat des oxydes \u00e0 fortes permitivit\u00e9s dans les structures MOS: Analyse des caract\u00e9risques C(V) et I(V)&nbsp;\u00bb, 2\u00e8me&nbsp;&nbsp;Conf\u00e9rence Internationale de l\u2019Electronique, Electrotechnique, Automatique et de Maintenance CIEEAM 2015, Oran, 24 \u2013 25 Novembre 2015. [5]&nbsp;A, Merzougui&nbsp;, S. Latreche , M. Zaabat, \u00ab Influence of interface states in MOS structures: Analysis of Capacitance-Voltage characteristics&nbsp;\u00bb,&nbsp;International conference on advanced material technologies (ICAMT), India, 27 \u2013 28 December 2016. Publication ( Apr\u00e8s Doctorat) : [1]&nbsp;A. Merzougui,&nbsp;S. Latr\u00e8che, S, Bouchekouf, \u00ab Etude des caract\u00e9ristiques C (V) de capacit\u00e9s \u00e0 base d\u2019oxydes high-k et semi-conducteurs \u00e0 forte mobilit\u00e9. \u00ab&nbsp;, Journal of new technology and materials (JNTM). Vol&nbsp;: 5, N\u00b0&nbsp;:1, Juin 2015. [2]&nbsp;S, Bouchekouf, M, Marir,&nbsp;A. Merzougui, F, Kebaili, &nbsp;\u00ab Mod\u00e9lisation du photocourant dans la cellule organique&nbsp; \u00ab&nbsp;, Journal of new technology and materials (JNTM) Vol&nbsp;: 4, N\u00b0&nbsp;:2, D\u00e9cembre 2014.<\/p>\n","protected":false},"author":1,"featured_media":0,"parent":0,"menu_order":0,"comment_status":"closed","ping_status":"closed","template":"","meta":{"footnotes":""},"class_list":["post-1468","page","type-page","status-publish","hentry"],"_links":{"self":[{"href":"https:\/\/www.univ-oeb.dz\/ista\/wp-json\/wp\/v2\/pages\/1468"}],"collection":[{"href":"https:\/\/www.univ-oeb.dz\/ista\/wp-json\/wp\/v2\/pages"}],"about":[{"href":"https:\/\/www.univ-oeb.dz\/ista\/wp-json\/wp\/v2\/types\/page"}],"author":[{"embeddable":true,"href":"https:\/\/www.univ-oeb.dz\/ista\/wp-json\/wp\/v2\/users\/1"}],"replies":[{"embeddable":true,"href":"https:\/\/www.univ-oeb.dz\/ista\/wp-json\/wp\/v2\/comments?post=1468"}],"version-history":[{"count":1,"href":"https:\/\/www.univ-oeb.dz\/ista\/wp-json\/wp\/v2\/pages\/1468\/revisions"}],"predecessor-version":[{"id":1469,"href":"https:\/\/www.univ-oeb.dz\/ista\/wp-json\/wp\/v2\/pages\/1468\/revisions\/1469"}],"wp:attachment":[{"href":"https:\/\/www.univ-oeb.dz\/ista\/wp-json\/wp\/v2\/media?parent=1468"}],"curies":[{"name":"wp","href":"https:\/\/api.w.org\/{rel}","templated":true}]}}