{"id":1381,"date":"2023-09-03T12:19:23","date_gmt":"2023-09-03T12:19:23","guid":{"rendered":"http:\/\/www.univ-oeb.dz\/ista\/?page_id=1381"},"modified":"2023-09-05T10:06:22","modified_gmt":"2023-09-05T10:06:22","slug":"hamouda-amar-2","status":"publish","type":"page","link":"https:\/\/www.univ-oeb.dz\/ista\/fr\/hamouda-amar-2\/","title":{"rendered":"Hamouda Amar"},"content":{"rendered":"\n<p><strong>Nom<\/strong>&nbsp;: Hamouda<\/p>\n\n\n\n<p><strong>Pr\u00e9nom<\/strong>&nbsp;: Amar<\/p>\n\n\n\n<p><strong><a href=\"https:\/\/www.univ-oeb.dz\/ista\/wp-content\/uploads\/2023\/09\/Hamouda-Amar.pdf\">CV succinct<\/a><\/strong><\/p>\n\n\n\n<p><strong>Grade&nbsp;<\/strong>: MCB<\/p>\n\n\n\n<p><strong>Email<\/strong>&nbsp;:&nbsp;amarhamouda@univ-oeb.dz <\/p>\n\n\n\n<blockquote class=\"wp-block-quote is-layout-flow wp-block-quote-is-layout-flow\">\n<h3 class=\"wp-block-heading\"><strong>International publications:<\/strong><\/h3>\n<\/blockquote>\n\n\n\n<p><a href=\"https:\/\/scholar.google.com\/citations?view_op=view_citation&amp;hl=fr&amp;user=f9NfJGUAAAAJ&amp;citation_for_view=f9NfJGUAAAAJ:u5HHmVD_uO8C\">Simulation d\u2019une source tout optique d\u00e9bitant des impulsions \u00e0 ultra-haut d\u00e9bit (320 Gb\/s)<\/a>, Synth\u00e8se: Revue des Sciences et de la Technologie 35, 224-232. A Hamouda, K Saouchi.<\/p>\n\n\n\n<p><a href=\"https:\/\/scholar.google.com\/citations?view_op=view_citation&amp;hl=fr&amp;user=f9NfJGUAAAAJ&amp;citation_for_view=f9NfJGUAAAAJ:9yKSN-GCB0IC\">Generation, based on compression of similariton, of pulses at 100 GHz\u20132.5 THz and ultra-high bit rates of 40 Gb\/s\u20131.28 Tb\/S by OTDM<\/a>, Journal of Optics 51 (4), 1012-1027, MO Saouchi, K Saouchi, T Hafs, A Hamouda.<\/p>\n\n\n\n<p><a href=\"https:\/\/scholar.google.com\/citations?view_op=view_citation&amp;hl=fr&amp;user=f9NfJGUAAAAJ&amp;citation_for_view=f9NfJGUAAAAJ:u-x6o8ySG0sC\">Breves generator of pulses at different flow rates (40 GHz, 80 GHz and 160 GHz)<\/a>, Journal of New Technology and Materials JNTM, 27 . A Hamouda, K Saouchi.<\/p>\n\n\n\n<p><\/p>\n","protected":false},"excerpt":{"rendered":"<p>Nom&nbsp;: Hamouda Pr\u00e9nom&nbsp;: Amar CV succinct Grade&nbsp;: MCB Email&nbsp;:&nbsp;amarhamouda@univ-oeb.dz International publications: Simulation d\u2019une source tout optique d\u00e9bitant des impulsions \u00e0 ultra-haut d\u00e9bit (320 Gb\/s), Synth\u00e8se: Revue des Sciences et de la Technologie 35, 224-232. A Hamouda, K Saouchi. Generation, based on compression of similariton, of pulses at 100 GHz\u20132.5 THz and ultra-high bit rates of 40 Gb\/s\u20131.28 Tb\/S by OTDM, Journal of Optics 51 (4), 1012-1027, MO Saouchi, K Saouchi, T Hafs, A Hamouda. Breves generator of pulses at different flow rates (40 GHz, 80 GHz and 160 GHz), Journal of New Technology and Materials JNTM, 27 . A Hamouda, K Saouchi.<\/p>\n","protected":false},"author":1,"featured_media":0,"parent":0,"menu_order":0,"comment_status":"closed","ping_status":"closed","template":"","meta":{"footnotes":""},"class_list":["post-1381","page","type-page","status-publish","hentry"],"_links":{"self":[{"href":"https:\/\/www.univ-oeb.dz\/ista\/wp-json\/wp\/v2\/pages\/1381"}],"collection":[{"href":"https:\/\/www.univ-oeb.dz\/ista\/wp-json\/wp\/v2\/pages"}],"about":[{"href":"https:\/\/www.univ-oeb.dz\/ista\/wp-json\/wp\/v2\/types\/page"}],"author":[{"embeddable":true,"href":"https:\/\/www.univ-oeb.dz\/ista\/wp-json\/wp\/v2\/users\/1"}],"replies":[{"embeddable":true,"href":"https:\/\/www.univ-oeb.dz\/ista\/wp-json\/wp\/v2\/comments?post=1381"}],"version-history":[{"count":1,"href":"https:\/\/www.univ-oeb.dz\/ista\/wp-json\/wp\/v2\/pages\/1381\/revisions"}],"predecessor-version":[{"id":1383,"href":"https:\/\/www.univ-oeb.dz\/ista\/wp-json\/wp\/v2\/pages\/1381\/revisions\/1383"}],"wp:attachment":[{"href":"https:\/\/www.univ-oeb.dz\/ista\/wp-json\/wp\/v2\/media?parent=1381"}],"curies":[{"name":"wp","href":"https:\/\/api.w.org\/{rel}","templated":true}]}}