{"id":1316,"date":"2023-08-31T09:02:56","date_gmt":"2023-08-31T09:02:56","guid":{"rendered":"http:\/\/www.univ-oeb.dz\/ista\/?page_id=1316"},"modified":"2023-09-05T08:29:19","modified_gmt":"2023-09-05T08:29:19","slug":"offres-de-formation-rt","status":"publish","type":"page","link":"https:\/\/www.univ-oeb.dz\/ista\/fr\/offres-de-formation-rt\/","title":{"rendered":"Offres de formation RT"},"content":{"rendered":"\n<p><strong>R\u00e9seaux et T\u00e9l\u00e9communications<\/strong><\/p>\n\n\n\n<p>Nom du programme&nbsp;: <strong>Licence professionnelle en R\u00e9seaux et T\u00e9l\u00e9communications<\/strong><\/p>\n\n\n\n<p><strong>Description du programme:<\/strong><\/p>\n\n\n\n<blockquote class=\"wp-block-quote is-layout-flow wp-block-quote-is-layout-flow\">\n<p>Le dipl\u00f4m\u00e9 R\u00e9seau et T\u00e9l\u00e9communication exerce dans toutes les entreprises utilisant les nouvelles technologies de l&rsquo;information et de la communication. Elle est ainsi pr\u00e9sente dans tous les domaines de l&rsquo;administration des syst\u00e8mes d&rsquo;exploitation, des r\u00e9seaux de transmission de donn\u00e9es, d&rsquo;images et de voix, de l&rsquo;administration des r\u00e9seaux, des r\u00e9seaux industriels et de la t\u00e9l\u00e9phonie, ainsi que dans le d\u00e9veloppement d&rsquo;applications pour Smartphones. Plus pr\u00e9cis\u00e9ment, le dipl\u00f4m\u00e9 en r\u00e9seaux et t\u00e9l\u00e9communications permet au dipl\u00f4m\u00e9 d&rsquo;acqu\u00e9rir des connaissances avanc\u00e9es en r\u00e9seaux, t\u00e9l\u00e9communications et ing\u00e9nierie des syst\u00e8mes.<\/p>\n<\/blockquote>\n\n\n\n<p><strong>Conditions d&rsquo;entr\u00e9e:<\/strong><\/p>\n\n\n\n<blockquote class=\"wp-block-quote is-layout-flow wp-block-quote-is-layout-flow\">\n<p>Ceux qui ont obtenu le baccalaur\u00e9at avec de bonnes notes ou au-dessus sont accept\u00e9s en fonction de ce qui est d\u00e9termin\u00e9 par le nombre de places p\u00e9dagogiques distribu\u00e9es par le Minist\u00e8re de l&rsquo;Enseignement Sup\u00e9rieur et de la Recherche Scientifique.<\/p>\n<\/blockquote>\n\n\n\n<p><strong>Contenu du programme<\/strong><\/p>\n\n\n\n<p><strong>Premier semestre:<\/strong><\/p>\n\n\n\n<ul class=\"wp-block-list\">\n<li>Informatique1<\/li>\n\n\n\n<li>\u00c9lectronique1<\/li>\n\n\n\n<li>Physique1<\/li>\n\n\n\n<li>Math\u00e9matiques1<\/li>\n\n\n\n<li>Anglais1<\/li>\n\n\n\n<li>Projet Personnel et Professionnel (PPP)<\/li>\n\n\n\n<li>Langues, Culture et Communication 1(LCC1)<\/li>\n\n\n\n<li>Connaissances et pratiques professionnelles (PKP)<\/li>\n<\/ul>\n\n\n\n<p><strong>Second semestre:<\/strong><\/p>\n\n\n\n<ul class=\"wp-block-list\">\n<li>T\u00e9l\u00e9communications 1<\/li>\n\n\n\n<li>R\u00e9seaux 1<\/li>\n\n\n\n<li>Informatique2<\/li>\n\n\n\n<li>\u00c9lectronique2<\/li>\n\n\n\n<li>Physique 2<\/li>\n\n\n\n<li>Math\u00e9matiques2<\/li>\n\n\n\n<li>Anglais2<\/li>\n\n\n\n<li>Projet Personnel et Professionnel (PPP)<\/li>\n\n\n\n<li>Langues, Culture et Communication 2(LCC2)<\/li>\n\n\n\n<li>Stage<\/li>\n<\/ul>\n\n\n\n<p><strong>Troisi\u00e8me semestre&nbsp;:<\/strong><\/p>\n\n\n\n<ul class=\"wp-block-list\">\n<li>T\u00e9l\u00e9communications 2<\/li>\n\n\n\n<li>R\u00e9seaux 2<\/li>\n\n\n\n<li>Informatique3<\/li>\n\n\n\n<li>\u00c9lectronique3<\/li>\n\n\n\n<li>R\u00e9seaux et t\u00e9l\u00e9communications 1<\/li>\n\n\n\n<li>Math\u00e9matiques3<\/li>\n\n\n\n<li>Anglais3<\/li>\n\n\n\n<li>Projet Personnel et Professionnel (PPP)<\/li>\n\n\n\n<li>Langues, Culture et Communication 2 (LCC2)<\/li>\n<\/ul>\n\n\n\n<p><strong>Quatri\u00e8me semestre&nbsp;:<\/strong><\/p>\n\n\n\n<ul class=\"wp-block-list\">\n<li>T\u00e9l\u00e9communications 3<\/li>\n\n\n\n<li>R\u00e9seaux 3<\/li>\n\n\n\n<li>Informatique 4<\/li>\n\n\n\n<li>\u00c9lectronique 4<\/li>\n\n\n\n<li>R\u00e9seaux et T\u00e9l\u00e9communications 2<\/li>\n\n\n\n<li>Math\u00e9matiques4<\/li>\n\n\n\n<li>Anglais4<\/li>\n\n\n\n<li>Projet tutor\u00e9<\/li>\n\n\n\n<li>Langues, Culture et Communication 2 (LCC2)<\/li>\n\n\n\n<li>Stage<\/li>\n<\/ul>\n\n\n\n<p><strong>Cinqui\u00e8me semestre&nbsp;:<\/strong><\/p>\n\n\n\n<ul class=\"wp-block-list\">\n<li>Optronique et Photonique<\/li>\n\n\n\n<li>Ondes et propagation<\/li>\n\n\n\n<li>T\u00e9l\u00e9communications et r\u00e9seaux 3<\/li>\n\n\n\n<li>Syst\u00e8mes WEB et IOT<\/li>\n\n\n\n<li>Antennes<\/li>\n\n\n\n<li>Energie et \u00e9lectronique de puissance<\/li>\n\n\n\n<li>Amplification Large bande, filtrage et introduction \u00e0 l\u2019amplification HF<\/li>\n\n\n\n<li>Projet Personnel et Professionnel (PPP)<\/li>\n\n\n\n<li>Anglais 5<\/li>\n\n\n\n<li>Langues, Culture et Communication 5 (LCC5)<\/li>\n<\/ul>\n\n\n\n<p><strong>Sixi\u00e8me semestre :<\/strong><\/p>\n\n\n\n<ul class=\"wp-block-list\">\n<li>Rapport de stage ou PFE<\/li>\n\n\n\n<li>Evaluation entreprise ou laboratoire<\/li>\n\n\n\n<li>Soutenance de stage ou PFE<\/li>\n<\/ul>\n\n\n\n<p>&#8212;&#8212;&#8212;&#8212;&#8212;&#8212;&#8212;&#8212;&#8212;&#8212;&#8212;&#8212;&#8212;&#8212;&#8212;&#8212;&#8212;&#8212;&#8212;&#8212;&#8212;&#8212;<\/p>\n\n\n\n<p>Nom du programme&nbsp;: <strong>Master professionnel en syst\u00e8mes de r\u00e9seaux et t\u00e9l\u00e9communications<\/strong><\/p>\n\n\n\n<p><strong>Description du programme:<\/strong><\/p>\n\n\n\n<blockquote class=\"wp-block-quote is-layout-flow wp-block-quote-is-layout-flow\">\n<p>Une ma\u00eetrise en syst\u00e8mes de r\u00e9seau et t\u00e9l\u00e9communications est destin\u00e9e aux \u00e9tudiants qui souhaitent d\u00e9velopper et construire de nouvelles qualifications pour devenir des dipl\u00f4mes plus comp\u00e9titifs et avanc\u00e9s dans ce domaine. Un dipl\u00f4me d&rsquo;\u00e9tudes sup\u00e9rieures dans ce domaine permet aux \u00e9tudiants de progresser rapidement dans les r\u00e9seaux de syst\u00e8mes, le d\u00e9veloppement de syst\u00e8mes, l&rsquo;ing\u00e9nierie des syst\u00e8mes et les t\u00e9l\u00e9communications. L&rsquo;objectif de ce master est de former un cadre pluridisciplinaire et polyvalent qui apporte des comp\u00e9tences transversales.<\/p>\n<\/blockquote>\n\n\n\n<p><strong>Contenu du programme<\/strong><\/p>\n\n\n\n<p><strong>Premier semestre:<\/strong><\/p>\n\n\n\n<ul class=\"wp-block-list\">\n<li>Propagation en espace libre<\/li>\n\n\n\n<li>Codage et compression<\/li>\n\n\n\n<li>Communications num\u00e9riques avanc\u00e9es<\/li>\n\n\n\n<li>Routage<\/li>\n\n\n\n<li>D\u00e9veloppement de bases de donn\u00e9es et Web<\/li>\n\n\n\n<li>Signaux et syst\u00e8mes<\/li>\n\n\n\n<li>FPGA et langages de description de mat\u00e9riel<\/li>\n\n\n\n<li>Etude et r\u00e9alisation de projets<\/li>\n\n\n\n<li>Anglais technique<\/li>\n<\/ul>\n\n\n\n<p><strong>Second semestre:<\/strong><\/p>\n\n\n\n<ul class=\"wp-block-list\">\n<li>Antennes et rayonnement<\/li>\n<\/ul>\n\n\n\n<ul class=\"wp-block-list\">\n<li>L&rsquo;administration du r\u00e9seau<\/li>\n\n\n\n<li>Traitement des signaux num\u00e9riques<\/li>\n\n\n\n<li>Syst\u00e8mes embarqu\u00e9s temps r\u00e9el<\/li>\n\n\n\n<li>R\u00e9seaux industriels<\/li>\n\n\n\n<li>Processeurs de signaux num\u00e9riques (DSP)<\/li>\n\n\n\n<li>Stage et projet tutor\u00e9<\/li>\n\n\n\n<li>Intelligence artificielle<\/li>\n\n\n\n<li>Respect des normes et r\u00e8gles d&rsquo;\u00e9thique et d&rsquo;int\u00e9grit\u00e9<\/li>\n<\/ul>\n\n\n\n<p><strong>Troisi\u00e8me semestre&nbsp;:<\/strong><\/p>\n\n\n\n<ul class=\"wp-block-list\">\n<li>T\u00e9l\u00e9communications 2<\/li>\n\n\n\n<li>Composants opto\u00e9lectroniques pour la communication optique<\/li>\n\n\n\n<li>R\u00e9seaux mobiles et sans fil<\/li>\n\n\n\n<li>S\u00e9curit\u00e9 des r\u00e9seaux de communication<\/li>\n\n\n\n<li>T\u00e9l\u00e9vision num\u00e9rique<\/li>\n\n\n\n<li>R\u00e9seaux \u00e9nerg\u00e9tiques intelligents<\/li>\n\n\n\n<li>Stage et projet tutor\u00e9<\/li>\n\n\n\n<li>Web des objets (WoT)<\/li>\n\n\n\n<li>Recherche documentaire et conception de m\u00e9moire<\/li>\n<\/ul>\n\n\n\n<p><strong><strong>Quatri\u00e8me<\/strong> semestre&nbsp;:<\/strong><\/p>\n\n\n\n<ul class=\"wp-block-list\">\n<li>Stage en entreprise<\/li>\n\n\n\n<li>PFE<\/li>\n<\/ul>\n","protected":false},"excerpt":{"rendered":"<p>R\u00e9seaux et T\u00e9l\u00e9communications Nom du programme&nbsp;: Licence professionnelle en R\u00e9seaux et T\u00e9l\u00e9communications Description du programme: Le dipl\u00f4m\u00e9 R\u00e9seau et T\u00e9l\u00e9communication exerce dans toutes les entreprises utilisant les nouvelles technologies de l&rsquo;information et de la communication. Elle est ainsi pr\u00e9sente dans tous les domaines de l&rsquo;administration des syst\u00e8mes d&rsquo;exploitation, des r\u00e9seaux de transmission de donn\u00e9es, d&rsquo;images et de voix, de l&rsquo;administration des r\u00e9seaux, des r\u00e9seaux industriels et de la t\u00e9l\u00e9phonie, ainsi que dans le d\u00e9veloppement d&rsquo;applications pour Smartphones. Plus pr\u00e9cis\u00e9ment, le dipl\u00f4m\u00e9 en r\u00e9seaux et t\u00e9l\u00e9communications permet au dipl\u00f4m\u00e9 d&rsquo;acqu\u00e9rir des connaissances avanc\u00e9es en r\u00e9seaux, t\u00e9l\u00e9communications et ing\u00e9nierie des syst\u00e8mes. Conditions d&rsquo;entr\u00e9e: Ceux qui ont obtenu le baccalaur\u00e9at avec de bonnes notes ou au-dessus sont accept\u00e9s en fonction de ce qui est d\u00e9termin\u00e9 par le nombre de places p\u00e9dagogiques distribu\u00e9es par le Minist\u00e8re de l&rsquo;Enseignement Sup\u00e9rieur et de la Recherche Scientifique. Contenu du programme Premier semestre: Informatique1 \u00c9lectronique1 Physique1 Math\u00e9matiques1 Anglais1 Projet Personnel et Professionnel (PPP) Langues, Culture et Communication 1(LCC1) Connaissances et pratiques professionnelles (PKP) Second semestre: T\u00e9l\u00e9communications 1 R\u00e9seaux 1 Informatique2 \u00c9lectronique2 Physique 2 Math\u00e9matiques2 Anglais2 Projet Personnel et Professionnel (PPP) Langues, Culture et Communication 2(LCC2) Stage Troisi\u00e8me semestre&nbsp;: T\u00e9l\u00e9communications 2 R\u00e9seaux 2 Informatique3 \u00c9lectronique3 R\u00e9seaux et t\u00e9l\u00e9communications 1 Math\u00e9matiques3 Anglais3 Projet Personnel et Professionnel (PPP) Langues, Culture et Communication 2 (LCC2) Quatri\u00e8me semestre&nbsp;: T\u00e9l\u00e9communications 3 R\u00e9seaux 3 Informatique 4 \u00c9lectronique 4 R\u00e9seaux et T\u00e9l\u00e9communications 2 Math\u00e9matiques4 Anglais4 Projet tutor\u00e9 Langues, Culture et Communication 2 (LCC2) Stage Cinqui\u00e8me semestre&nbsp;: Optronique et Photonique Ondes et propagation T\u00e9l\u00e9communications et r\u00e9seaux 3 Syst\u00e8mes WEB et IOT Antennes Energie et \u00e9lectronique de puissance Amplification Large bande, filtrage et introduction \u00e0 l\u2019amplification HF Projet Personnel et Professionnel (PPP) Anglais 5 Langues, Culture et Communication 5 (LCC5) Sixi\u00e8me semestre : Rapport de stage ou PFE Evaluation entreprise ou laboratoire Soutenance de stage ou PFE &#8212;&#8212;&#8212;&#8212;&#8212;&#8212;&#8212;&#8212;&#8212;&#8212;&#8212;&#8212;&#8212;&#8212;&#8212;&#8212;&#8212;&#8212;&#8212;&#8212;&#8212;&#8212; Nom du programme&nbsp;: Master professionnel en syst\u00e8mes de r\u00e9seaux et t\u00e9l\u00e9communications Description du programme: Une ma\u00eetrise en syst\u00e8mes de r\u00e9seau et t\u00e9l\u00e9communications est destin\u00e9e aux \u00e9tudiants qui souhaitent d\u00e9velopper et construire de nouvelles qualifications pour devenir des dipl\u00f4mes plus comp\u00e9titifs et avanc\u00e9s dans ce domaine. Un dipl\u00f4me d&rsquo;\u00e9tudes sup\u00e9rieures dans ce domaine permet aux \u00e9tudiants de progresser rapidement dans les r\u00e9seaux de syst\u00e8mes, le d\u00e9veloppement de syst\u00e8mes, l&rsquo;ing\u00e9nierie des syst\u00e8mes et les t\u00e9l\u00e9communications. L&rsquo;objectif de ce master est de former un cadre pluridisciplinaire et polyvalent qui apporte des comp\u00e9tences transversales. Contenu du programme Premier semestre: Propagation en espace libre Codage et compression Communications num\u00e9riques avanc\u00e9es Routage D\u00e9veloppement de bases de donn\u00e9es et Web Signaux et syst\u00e8mes FPGA et langages de description de mat\u00e9riel Etude et r\u00e9alisation de projets Anglais technique Second semestre: Antennes et rayonnement L&rsquo;administration du r\u00e9seau Traitement des signaux num\u00e9riques Syst\u00e8mes embarqu\u00e9s temps r\u00e9el R\u00e9seaux industriels Processeurs de signaux num\u00e9riques (DSP) Stage et projet tutor\u00e9 Intelligence artificielle Respect des normes et r\u00e8gles d&rsquo;\u00e9thique et d&rsquo;int\u00e9grit\u00e9 Troisi\u00e8me semestre&nbsp;: T\u00e9l\u00e9communications 2 Composants opto\u00e9lectroniques pour la communication optique R\u00e9seaux mobiles et sans fil S\u00e9curit\u00e9 des r\u00e9seaux de communication T\u00e9l\u00e9vision num\u00e9rique R\u00e9seaux \u00e9nerg\u00e9tiques intelligents Stage et projet tutor\u00e9 Web des objets (WoT) Recherche documentaire et conception de m\u00e9moire Quatri\u00e8me semestre&nbsp;: Stage en entreprise PFE<\/p>\n","protected":false},"author":1,"featured_media":0,"parent":0,"menu_order":0,"comment_status":"closed","ping_status":"closed","template":"","meta":{"footnotes":""},"class_list":["post-1316","page","type-page","status-publish","hentry"],"_links":{"self":[{"href":"https:\/\/www.univ-oeb.dz\/ista\/wp-json\/wp\/v2\/pages\/1316"}],"collection":[{"href":"https:\/\/www.univ-oeb.dz\/ista\/wp-json\/wp\/v2\/pages"}],"about":[{"href":"https:\/\/www.univ-oeb.dz\/ista\/wp-json\/wp\/v2\/types\/page"}],"author":[{"embeddable":true,"href":"https:\/\/www.univ-oeb.dz\/ista\/wp-json\/wp\/v2\/users\/1"}],"replies":[{"embeddable":true,"href":"https:\/\/www.univ-oeb.dz\/ista\/wp-json\/wp\/v2\/comments?post=1316"}],"version-history":[{"count":1,"href":"https:\/\/www.univ-oeb.dz\/ista\/wp-json\/wp\/v2\/pages\/1316\/revisions"}],"predecessor-version":[{"id":1317,"href":"https:\/\/www.univ-oeb.dz\/ista\/wp-json\/wp\/v2\/pages\/1316\/revisions\/1317"}],"wp:attachment":[{"href":"https:\/\/www.univ-oeb.dz\/ista\/wp-json\/wp\/v2\/media?parent=1316"}],"curies":[{"name":"wp","href":"https:\/\/api.w.org\/{rel}","templated":true}]}}