{"id":1303,"date":"2023-08-31T09:05:16","date_gmt":"2023-08-31T09:05:16","guid":{"rendered":"http:\/\/www.univ-oeb.dz\/ista\/?page_id=1303"},"modified":"2023-09-05T08:30:07","modified_gmt":"2023-09-05T08:30:07","slug":"offres-de-formation","status":"publish","type":"page","link":"https:\/\/www.univ-oeb.dz\/ista\/fr\/offres-de-formation\/","title":{"rendered":"Offres de formation"},"content":{"rendered":"\n<h4 class=\"wp-block-heading\"><a href=\"https:\/\/www.univ-oeb.dz\/ista\/fr\/offres-de-formation-mph\/\" target=\"_blank\" rel=\"noreferrer noopener\">Mesures Physiques<\/a><\/h4>\n\n\n\n<h4 class=\"wp-block-heading\"><a href=\"https:\/\/www.univ-oeb.dz\/ista\/fr\/offres-de-formation-gea\/\" target=\"_blank\" rel=\"noreferrer noopener\">Gestion des Entreprises et des Administrations<\/a><\/h4>\n\n\n\n<h4 class=\"wp-block-heading\"><a href=\"https:\/\/www.univ-oeb.dz\/ista\/fr\/offres-de-formation-rt\/\" target=\"_blank\" rel=\"noreferrer noopener\">R\u00e9seaux et T\u00e9l\u00e9communications\u00a0<\/a><\/h4>\n\n\n\n<h4 class=\"wp-block-heading\"><a href=\"https:\/\/www.univ-oeb.dz\/ista\/fr\/offres-de-formation-gb\/\" target=\"_blank\" rel=\"noreferrer noopener\">G\u00e9nie Biologique<\/a><\/h4>\n","protected":false},"excerpt":{"rendered":"<p>Mesures Physiques Gestion des Entreprises et des Administrations R\u00e9seaux et T\u00e9l\u00e9communications\u00a0 G\u00e9nie Biologique<\/p>\n","protected":false},"author":1,"featured_media":0,"parent":0,"menu_order":0,"comment_status":"closed","ping_status":"closed","template":"","meta":{"footnotes":""},"class_list":["post-1303","page","type-page","status-publish","hentry"],"_links":{"self":[{"href":"https:\/\/www.univ-oeb.dz\/ista\/wp-json\/wp\/v2\/pages\/1303"}],"collection":[{"href":"https:\/\/www.univ-oeb.dz\/ista\/wp-json\/wp\/v2\/pages"}],"about":[{"href":"https:\/\/www.univ-oeb.dz\/ista\/wp-json\/wp\/v2\/types\/page"}],"author":[{"embeddable":true,"href":"https:\/\/www.univ-oeb.dz\/ista\/wp-json\/wp\/v2\/users\/1"}],"replies":[{"embeddable":true,"href":"https:\/\/www.univ-oeb.dz\/ista\/wp-json\/wp\/v2\/comments?post=1303"}],"version-history":[{"count":3,"href":"https:\/\/www.univ-oeb.dz\/ista\/wp-json\/wp\/v2\/pages\/1303\/revisions"}],"predecessor-version":[{"id":1318,"href":"https:\/\/www.univ-oeb.dz\/ista\/wp-json\/wp\/v2\/pages\/1303\/revisions\/1318"}],"wp:attachment":[{"href":"https:\/\/www.univ-oeb.dz\/ista\/wp-json\/wp\/v2\/media?parent=1303"}],"curies":[{"name":"wp","href":"https:\/\/api.w.org\/{rel}","templated":true}]}}