{"id":1297,"date":"2023-08-31T08:50:11","date_gmt":"2023-08-31T08:50:11","guid":{"rendered":"http:\/\/www.univ-oeb.dz\/ista\/?page_id=1297"},"modified":"2024-06-02T07:50:46","modified_gmt":"2024-06-02T07:50:46","slug":"physical-measurements","status":"publish","type":"page","link":"https:\/\/www.univ-oeb.dz\/ista\/en\/physical-measurements\/","title":{"rendered":"Physical measurements"},"content":{"rendered":"\n<p><strong>Chef de d\u00e9partement<\/strong>\u00a0: Merzougui Amina<\/p>\n\n\n\n<p><strong>Grade&nbsp;<\/strong>: MCA<\/p>\n\n\n\n<p><strong>Email<\/strong>\u00a0:\u00a0<a href=\"mailto:zaiter.abdellah@univ-oeb.dz\"><a href=\"mailto:merzougui.amina@univ-oeb.dz\">merzougui.amina@univ-oeb.dz<\/a><\/a><\/p>\n\n\n\n<hr class=\"wp-block-separator has-alpha-channel-opacity\"\/>\n\n\n\n<h5 class=\"wp-block-heading\">Pr\u00e9sentation:<\/h5>\n\n\n\n<p>Cette formation a pour objectif de former en 3 ann\u00e9es, des cadres interm\u00e9diaires, en:<\/p>\n\n\n\n<ul class=\"wp-block-list\">\n<li><em>instrumentation (tests, essais, mesures, caract\u00e9risations, contr\u00f4les qualit\u00e9, certifications,\u2026),<\/em><\/li>\n\n\n\n<li><em>contr\u00f4le industriel,<\/em><\/li>\n\n\n\n<li><em>m\u00e9trologie.<\/em><\/li>\n<\/ul>\n\n\n\n<p>Le titulaire d\u2019une licence professionnelle en Mesures Physiques doit \u00eatre nanti d\u2019un large spectre de comp\u00e9tences dans les m\u00e9tiers de la physique, de la chimie, de l\u2019\u00e9lectronique et des mat\u00e9riaux en g\u00e9n\u00e9ral. Cette formation est con\u00e7ue de mani\u00e8re \u00e0 ce que le dipl\u00f4m\u00e9 puisse \u00eatre vers\u00e9 dans l\u2019entreprise avec une r\u00e9elle capacit\u00e9 d\u2019\u00eatre imm\u00e9diatement op\u00e9rationnel. Le titulaire d\u2019une licence professionnelle en Mesures Physiques doit \u00eatre capable de :<\/p>\n\n\n\n<ul class=\"wp-block-list\">\n<li><em>d\u00e9finir un cahier des charges r\u00e9pondant \u00e0 un besoin de mesure, d\u2019essais ou d\u2019analyse,<\/em><\/li>\n\n\n\n<li><em>\u00e9laborer et mettre en \u0153uvre les dispositifs de mesures, d\u2019essais et d\u2019analyse r\u00e9pondant au cahier des charges,<\/em><\/li>\n\n\n\n<li><em>assurer la maintenance, l\u2019\u00e9talonnage et la v\u00e9rification de ces dispositifs,<\/em><\/li>\n\n\n\n<li><em>g\u00e9rer un parc d\u2019instruments dans un contexte assurance qualit\u00e9,<\/em><\/li>\n\n\n\n<li><em>communiquer en 3 langues (arabe, fran\u00e7ais et anglais) \u00e0 l\u2019oral et \u00e0 l\u2019\u00e9crit,<\/em><\/li>\n\n\n\n<li><em>r\u00e9diger un rapport, un compte rendu et pouvoir le pr\u00e9senter,<\/em><\/li>\n\n\n\n<li><em>R\u00e9diger une fiche technique de normalisation.<\/em><\/li>\n<\/ul>\n\n\n\n<p>Cette formation doit permettre aux titulaires d\u2019une licence professionnelle en Mesures Physiques de s\u2019ins\u00e9rer et d\u2019\u00e9voluer dans de nombreux secteurs de l\u2019industrie, de la recherche et des services, de s\u2019adapter aux nouvelles technologies, d\u2019acqu\u00e9rir \u00e0 tout moment un compl\u00e9ment de formation et de r\u00e9ussir leur \u00e9volution de carri\u00e8re par promotion ou reconversion. Sauf cas exceptionnel, cet enseignement n\u2019a pas pour objectif de former les \u00e9tudiants pour une carri\u00e8re universitaire.<\/p>\n\n\n\n<p>L\u2019exp\u00e9rience d\u2019autres pays, dont la France est pr\u00e9curseur dans ce type de formation, montre que les dipl\u00f4m\u00e9s en Mesures Physiques activent principalement en :<\/p>\n\n\n\n<ul class=\"wp-block-list\">\n<li><em>contr\u00f4le production,<\/em><\/li>\n\n\n\n<li><em>tests et essais,<\/em><\/li>\n\n\n\n<li><em>m\u00e9trologie,<\/em><\/li>\n\n\n\n<li><em>maintenance et service apr\u00e8s vente,<\/em><\/li>\n\n\n\n<li><em>technico-commerciaux,<\/em><\/li>\n\n\n\n<li><em>recherche et d\u00e9veloppement.<\/em><\/li>\n<\/ul>\n\n\n\n<p>Cette formation attache une \u00e9gale importance \u00e0 :<\/p>\n\n\n\n<ul class=\"wp-block-list\">\n<li><em>un enseignement scientifique de base et pluridisciplinaire permettant l\u2019acquisition d\u2019un savoir fondamental, qui facilitera l\u2019\u00e9volution de carri\u00e8re et la reconversion,<\/em><\/li>\n\n\n\n<li><em>un enseignement appliqu\u00e9, fortement ancr\u00e9 dans la pratique professionnelle, procurant un savoir- faire solide,<\/em><\/li>\n\n\n\n<li><em>un entrainement progressif \u00e0 la rigueur, \u00e0 l\u2019autonomie, \u00e0 la prise d\u2019initiative et de responsabilit\u00e9, au travail en \u00e9quipe conduisant au d\u00e9veloppement d\u2019un savoir \u00eatre.<\/em><\/li>\n<\/ul>\n\n\n\n<p>A partir du semestre 5, la formation offre aux \u00e9tudiants deux options :<\/p>\n\n\n\n<ul class=\"wp-block-list\">\n<li><em>Mat\u00e9riaux et Contr\u00f4les Physico-Chimiques (MCPC), avec d\u2019avantage de sciences des mat\u00e9riaux et de physico-chimie.<\/em><\/li>\n\n\n\n<li><em>Techniques Instrumentales (TI) avec un enseignement renforc\u00e9 en acoustique, vibrations, \u00e9lectronique et informatique d\u2019instrumentation.<\/em><\/li>\n<\/ul>\n\n\n\n<p><\/p>\n","protected":false},"excerpt":{"rendered":"<p>Chef de d\u00e9partement\u00a0: Merzougui Amina Grade&nbsp;: MCA Email\u00a0:\u00a0merzougui.amina@univ-oeb.dz Pr\u00e9sentation: Cette formation a pour objectif de former en 3 ann\u00e9es, des cadres interm\u00e9diaires, en: instrumentation (tests, essais, mesures, caract\u00e9risations, contr\u00f4les qualit\u00e9, certifications,\u2026), contr\u00f4le industriel, m\u00e9trologie. Le titulaire d\u2019une licence professionnelle en Mesures Physiques doit \u00eatre nanti d\u2019un large spectre de comp\u00e9tences dans les m\u00e9tiers de la physique, de la chimie, de l\u2019\u00e9lectronique et des mat\u00e9riaux en g\u00e9n\u00e9ral. Cette formation est con\u00e7ue de mani\u00e8re \u00e0 ce que le dipl\u00f4m\u00e9 puisse \u00eatre vers\u00e9 dans l\u2019entreprise avec une r\u00e9elle capacit\u00e9 d\u2019\u00eatre imm\u00e9diatement op\u00e9rationnel. Le titulaire d\u2019une licence professionnelle en Mesures Physiques doit \u00eatre capable de : d\u00e9finir un cahier des charges r\u00e9pondant \u00e0 un besoin de mesure, d\u2019essais ou d\u2019analyse, \u00e9laborer et mettre en \u0153uvre les dispositifs de mesures, d\u2019essais et d\u2019analyse r\u00e9pondant au cahier des charges, assurer la maintenance, l\u2019\u00e9talonnage et la v\u00e9rification de ces dispositifs, g\u00e9rer un parc d\u2019instruments dans un contexte assurance qualit\u00e9, communiquer en 3 langues (arabe, fran\u00e7ais et anglais) \u00e0 l\u2019oral et \u00e0 l\u2019\u00e9crit, r\u00e9diger un rapport, un compte rendu et pouvoir le pr\u00e9senter, R\u00e9diger une fiche technique de normalisation. Cette formation doit permettre aux titulaires d\u2019une licence professionnelle en Mesures Physiques de s\u2019ins\u00e9rer et d\u2019\u00e9voluer dans de nombreux secteurs de l\u2019industrie, de la recherche et des services, de s\u2019adapter aux nouvelles technologies, d\u2019acqu\u00e9rir \u00e0 tout moment un compl\u00e9ment de formation et de r\u00e9ussir leur \u00e9volution de carri\u00e8re par promotion ou reconversion. Sauf cas exceptionnel, cet enseignement n\u2019a pas pour objectif de former les \u00e9tudiants pour une carri\u00e8re universitaire. L\u2019exp\u00e9rience d\u2019autres pays, dont la France est pr\u00e9curseur dans ce type de formation, montre que les dipl\u00f4m\u00e9s en Mesures Physiques activent principalement en : contr\u00f4le production, tests et essais, m\u00e9trologie, maintenance et service apr\u00e8s vente, technico-commerciaux, recherche et d\u00e9veloppement. Cette formation attache une \u00e9gale importance \u00e0 : un enseignement scientifique de base et pluridisciplinaire permettant l\u2019acquisition d\u2019un savoir fondamental, qui facilitera l\u2019\u00e9volution de carri\u00e8re et la reconversion, un enseignement appliqu\u00e9, fortement ancr\u00e9 dans la pratique professionnelle, procurant un savoir- faire solide, un entrainement progressif \u00e0 la rigueur, \u00e0 l\u2019autonomie, \u00e0 la prise d\u2019initiative et de responsabilit\u00e9, au travail en \u00e9quipe conduisant au d\u00e9veloppement d\u2019un savoir \u00eatre. A partir du semestre 5, la formation offre aux \u00e9tudiants deux options : Mat\u00e9riaux et Contr\u00f4les Physico-Chimiques (MCPC), avec d\u2019avantage de sciences des mat\u00e9riaux et de physico-chimie. Techniques Instrumentales (TI) avec un enseignement renforc\u00e9 en acoustique, vibrations, \u00e9lectronique et informatique d\u2019instrumentation.<\/p>\n","protected":false},"author":1,"featured_media":0,"parent":0,"menu_order":0,"comment_status":"closed","ping_status":"closed","template":"","meta":{"footnotes":""},"class_list":["post-1297","page","type-page","status-publish","hentry"],"_links":{"self":[{"href":"https:\/\/www.univ-oeb.dz\/ista\/wp-json\/wp\/v2\/pages\/1297"}],"collection":[{"href":"https:\/\/www.univ-oeb.dz\/ista\/wp-json\/wp\/v2\/pages"}],"about":[{"href":"https:\/\/www.univ-oeb.dz\/ista\/wp-json\/wp\/v2\/types\/page"}],"author":[{"embeddable":true,"href":"https:\/\/www.univ-oeb.dz\/ista\/wp-json\/wp\/v2\/users\/1"}],"replies":[{"embeddable":true,"href":"https:\/\/www.univ-oeb.dz\/ista\/wp-json\/wp\/v2\/comments?post=1297"}],"version-history":[{"count":2,"href":"https:\/\/www.univ-oeb.dz\/ista\/wp-json\/wp\/v2\/pages\/1297\/revisions"}],"predecessor-version":[{"id":3142,"href":"https:\/\/www.univ-oeb.dz\/ista\/wp-json\/wp\/v2\/pages\/1297\/revisions\/3142"}],"wp:attachment":[{"href":"https:\/\/www.univ-oeb.dz\/ista\/wp-json\/wp\/v2\/media?parent=1297"}],"curies":[{"name":"wp","href":"https:\/\/api.w.org\/{rel}","templated":true}]}}