{"id":1293,"date":"2023-08-30T10:42:38","date_gmt":"2023-08-30T10:42:38","guid":{"rendered":"http:\/\/www.univ-oeb.dz\/ista\/?page_id=1293"},"modified":"2023-09-19T14:37:14","modified_gmt":"2023-09-19T14:37:14","slug":"institute-in-numbers","status":"publish","type":"page","link":"https:\/\/www.univ-oeb.dz\/ista\/en\/institute-in-numbers\/","title":{"rendered":"Institute in numbers"},"content":{"rendered":"\n<blockquote class=\"wp-block-quote is-layout-flow wp-block-quote-is-layout-flow\">\n<p><strong>D\u00e9partement GEA<\/strong><\/p>\n\n\n\n<p><strong>Nombre des \u00e9tudiants&nbsp; 188 r\u00e9partis comme suit:<\/strong><\/p>\n\n\n\n<p>Premi\u00e8re ann\u00e9e :&nbsp;<strong>50<\/strong><\/p>\n\n\n\n<p>Deuxi\u00e8me Ann\u00e9e:&nbsp;<strong>53<\/strong><\/p>\n\n\n\n<p>Troisi\u00e8me Ann\u00e9e:&nbsp;<strong>54<\/strong><\/p>\n\n\n\n<p>Master1:&nbsp;<strong>20<\/strong><\/p>\n\n\n\n<p>Master2:&nbsp;<strong>11<\/strong><\/p>\n<\/blockquote>\n\n\n\n<blockquote class=\"wp-block-quote is-layout-flow wp-block-quote-is-layout-flow\">\n<p><strong>D\u00e9partement MPH<\/strong><\/p>\n\n\n\n<p><strong>Nombre des \u00e9tudiants&nbsp; 125 r\u00e9partis comme suit:<\/strong><\/p>\n\n\n\n<p>Premi\u00e8re ann\u00e9e :&nbsp;<strong>68<\/strong><\/p>\n\n\n\n<p>Deuxi\u00e8me Ann\u00e9e:&nbsp;<strong>23<\/strong><\/p>\n\n\n\n<p>Troisi\u00e8me Ann\u00e9e:&nbsp;<strong>34<\/strong><\/p>\n<\/blockquote>\n\n\n\n<blockquote class=\"wp-block-quote is-layout-flow wp-block-quote-is-layout-flow\">\n<p><strong>D\u00e9partement R&amp;T<\/strong><\/p>\n\n\n\n<p><strong>Nombre des \u00e9tudiants&nbsp; 216 r\u00e9partis comme suit:<\/strong><\/p>\n\n\n\n<p>Premi\u00e8re ann\u00e9e :&nbsp;<strong>70<\/strong><\/p>\n\n\n\n<p>Deuxi\u00e8me Ann\u00e9e:&nbsp;<strong>60<\/strong><\/p>\n\n\n\n<p>Troisi\u00e8me Ann\u00e9e:&nbsp;<strong>39<\/strong><\/p>\n\n\n\n<p>Master1:&nbsp;<strong>27<\/strong><\/p>\n\n\n\n<p>Master2:&nbsp;<strong>20<\/strong><\/p>\n<\/blockquote>\n\n\n\n<blockquote class=\"wp-block-quote is-layout-flow wp-block-quote-is-layout-flow\">\n<p><strong>D\u00e9partement GB<\/strong><\/p>\n\n\n\n<p><strong>Nombre des \u00e9tudiants&nbsp; 126 r\u00e9partis comme suit:<\/strong><\/p>\n\n\n\n<p>Premi\u00e8re ann\u00e9e :&nbsp;<strong>47<\/strong><\/p>\n\n\n\n<p>Deuxi\u00e8me Ann\u00e9e:&nbsp;<strong>28<\/strong><\/p>\n\n\n\n<p>Troisi\u00e8me Ann\u00e9e:&nbsp;<strong>27<\/strong><\/p>\n\n\n\n<p>Master 1:&nbsp;<strong>11<\/strong><\/p>\n\n\n\n<p>Master 1:&nbsp;<strong>13<\/strong><\/p>\n<\/blockquote>\n","protected":false},"excerpt":{"rendered":"<p>D\u00e9partement GEA Nombre des \u00e9tudiants&nbsp; 188 r\u00e9partis comme suit: Premi\u00e8re ann\u00e9e :&nbsp;50 Deuxi\u00e8me Ann\u00e9e:&nbsp;53 Troisi\u00e8me Ann\u00e9e:&nbsp;54 Master1:&nbsp;20 Master2:&nbsp;11 D\u00e9partement MPH Nombre des \u00e9tudiants&nbsp; 125 r\u00e9partis comme suit: Premi\u00e8re ann\u00e9e :&nbsp;68 Deuxi\u00e8me Ann\u00e9e:&nbsp;23 Troisi\u00e8me Ann\u00e9e:&nbsp;34 D\u00e9partement R&amp;T Nombre des \u00e9tudiants&nbsp; 216 r\u00e9partis comme suit: Premi\u00e8re ann\u00e9e :&nbsp;70 Deuxi\u00e8me Ann\u00e9e:&nbsp;60 Troisi\u00e8me Ann\u00e9e:&nbsp;39 Master1:&nbsp;27 Master2:&nbsp;20 D\u00e9partement GB Nombre des \u00e9tudiants&nbsp; 126 r\u00e9partis comme suit: Premi\u00e8re ann\u00e9e :&nbsp;47 Deuxi\u00e8me Ann\u00e9e:&nbsp;28 Troisi\u00e8me Ann\u00e9e:&nbsp;27 Master 1:&nbsp;11 Master 1:&nbsp;13<\/p>\n","protected":false},"author":1,"featured_media":0,"parent":0,"menu_order":0,"comment_status":"closed","ping_status":"closed","template":"","meta":{"footnotes":""},"class_list":["post-1293","page","type-page","status-publish","hentry"],"_links":{"self":[{"href":"https:\/\/www.univ-oeb.dz\/ista\/wp-json\/wp\/v2\/pages\/1293"}],"collection":[{"href":"https:\/\/www.univ-oeb.dz\/ista\/wp-json\/wp\/v2\/pages"}],"about":[{"href":"https:\/\/www.univ-oeb.dz\/ista\/wp-json\/wp\/v2\/types\/page"}],"author":[{"embeddable":true,"href":"https:\/\/www.univ-oeb.dz\/ista\/wp-json\/wp\/v2\/users\/1"}],"replies":[{"embeddable":true,"href":"https:\/\/www.univ-oeb.dz\/ista\/wp-json\/wp\/v2\/comments?post=1293"}],"version-history":[{"count":2,"href":"https:\/\/www.univ-oeb.dz\/ista\/wp-json\/wp\/v2\/pages\/1293\/revisions"}],"predecessor-version":[{"id":1954,"href":"https:\/\/www.univ-oeb.dz\/ista\/wp-json\/wp\/v2\/pages\/1293\/revisions\/1954"}],"wp:attachment":[{"href":"https:\/\/www.univ-oeb.dz\/ista\/wp-json\/wp\/v2\/media?parent=1293"}],"curies":[{"name":"wp","href":"https:\/\/api.w.org\/{rel}","templated":true}]}}