{"id":1291,"date":"2023-08-30T10:42:38","date_gmt":"2023-08-30T10:42:38","guid":{"rendered":"http:\/\/www.univ-oeb.dz\/ista\/?page_id=1291"},"modified":"2023-09-19T14:35:57","modified_gmt":"2023-09-19T14:35:57","slug":"institut-en-chiffres","status":"publish","type":"page","link":"https:\/\/www.univ-oeb.dz\/ista\/fr\/institut-en-chiffres\/","title":{"rendered":"Institut en chiffres"},"content":{"rendered":"\n<blockquote class=\"wp-block-quote is-layout-flow wp-block-quote-is-layout-flow\">\n<p><strong>D\u00e9partement GEA<\/strong><\/p>\n\n\n\n<p><strong>Nombre des \u00e9tudiants\u00a0 188 r\u00e9partis comme suit:<\/strong><\/p>\n\n\n\n<p>Premi\u00e8re ann\u00e9e :\u00a0<strong>50<\/strong><\/p>\n\n\n\n<p>Deuxi\u00e8me Ann\u00e9e:\u00a0<strong>53<\/strong><\/p>\n\n\n\n<p>Troisi\u00e8me Ann\u00e9e:\u00a0<strong>54<\/strong><\/p>\n\n\n\n<p>Master1:\u00a0<strong>20<\/strong><\/p>\n\n\n\n<p>Master2:\u00a0<strong>11<\/strong><\/p>\n<\/blockquote>\n\n\n\n<blockquote class=\"wp-block-quote is-layout-flow wp-block-quote-is-layout-flow\">\n<p><strong>D\u00e9partement MPH<\/strong><\/p>\n\n\n\n<p><strong>Nombre des \u00e9tudiants\u00a0 125 r\u00e9partis comme suit:<\/strong><\/p>\n\n\n\n<p>Premi\u00e8re ann\u00e9e :\u00a0<strong>68<\/strong><\/p>\n\n\n\n<p>Deuxi\u00e8me Ann\u00e9e:\u00a0<strong>23<\/strong><\/p>\n\n\n\n<p>Troisi\u00e8me Ann\u00e9e:\u00a0<strong>34<\/strong><\/p>\n<\/blockquote>\n\n\n\n<blockquote class=\"wp-block-quote is-layout-flow wp-block-quote-is-layout-flow\">\n<p><strong>D\u00e9partement R&amp;T<\/strong><\/p>\n\n\n\n<p><strong>Nombre des \u00e9tudiants\u00a0 216 r\u00e9partis comme suit:<\/strong><\/p>\n\n\n\n<p>Premi\u00e8re ann\u00e9e :\u00a0<strong>70<\/strong><\/p>\n\n\n\n<p>Deuxi\u00e8me Ann\u00e9e:\u00a0<strong>60<\/strong><\/p>\n\n\n\n<p>Troisi\u00e8me Ann\u00e9e:\u00a0<strong>39<\/strong><\/p>\n\n\n\n<p>Master1:\u00a0<strong>27<\/strong><\/p>\n\n\n\n<p>Master2:\u00a0<strong>20<\/strong><\/p>\n<\/blockquote>\n\n\n\n<blockquote class=\"wp-block-quote is-layout-flow wp-block-quote-is-layout-flow\">\n<p><strong>D\u00e9partement GB<\/strong><\/p>\n\n\n\n<p><strong>Nombre des \u00e9tudiants\u00a0 126 r\u00e9partis comme suit:<\/strong><\/p>\n\n\n\n<p>Premi\u00e8re ann\u00e9e :\u00a0<strong>47<\/strong><\/p>\n\n\n\n<p>Deuxi\u00e8me Ann\u00e9e:&nbsp;<strong>28<\/strong><\/p>\n\n\n\n<p>Troisi\u00e8me Ann\u00e9e:\u00a0<strong>27<\/strong><\/p>\n\n\n\n<p>Master 1:\u00a0<strong>11<\/strong><\/p>\n\n\n\n<p>Master 1:\u00a0<strong>13<\/strong><\/p>\n<\/blockquote>\n","protected":false},"excerpt":{"rendered":"<p>D\u00e9partement GEA Nombre des \u00e9tudiants\u00a0 188 r\u00e9partis comme suit: Premi\u00e8re ann\u00e9e :\u00a050 Deuxi\u00e8me Ann\u00e9e:\u00a053 Troisi\u00e8me Ann\u00e9e:\u00a054 Master1:\u00a020 Master2:\u00a011 D\u00e9partement MPH Nombre des \u00e9tudiants\u00a0 125 r\u00e9partis comme suit: Premi\u00e8re ann\u00e9e :\u00a068 Deuxi\u00e8me Ann\u00e9e:\u00a023 Troisi\u00e8me Ann\u00e9e:\u00a034 D\u00e9partement R&amp;T Nombre des \u00e9tudiants\u00a0 216 r\u00e9partis comme suit: Premi\u00e8re ann\u00e9e :\u00a070 Deuxi\u00e8me Ann\u00e9e:\u00a060 Troisi\u00e8me Ann\u00e9e:\u00a039 Master1:\u00a027 Master2:\u00a020 D\u00e9partement GB Nombre des \u00e9tudiants\u00a0 126 r\u00e9partis comme suit: Premi\u00e8re ann\u00e9e :\u00a047 Deuxi\u00e8me Ann\u00e9e:&nbsp;28 Troisi\u00e8me Ann\u00e9e:\u00a027 Master 1:\u00a011 Master 1:\u00a013<\/p>\n","protected":false},"author":1,"featured_media":0,"parent":0,"menu_order":0,"comment_status":"closed","ping_status":"closed","template":"","meta":{"footnotes":""},"class_list":["post-1291","page","type-page","status-publish","hentry"],"_links":{"self":[{"href":"https:\/\/www.univ-oeb.dz\/ista\/wp-json\/wp\/v2\/pages\/1291"}],"collection":[{"href":"https:\/\/www.univ-oeb.dz\/ista\/wp-json\/wp\/v2\/pages"}],"about":[{"href":"https:\/\/www.univ-oeb.dz\/ista\/wp-json\/wp\/v2\/types\/page"}],"author":[{"embeddable":true,"href":"https:\/\/www.univ-oeb.dz\/ista\/wp-json\/wp\/v2\/users\/1"}],"replies":[{"embeddable":true,"href":"https:\/\/www.univ-oeb.dz\/ista\/wp-json\/wp\/v2\/comments?post=1291"}],"version-history":[{"count":2,"href":"https:\/\/www.univ-oeb.dz\/ista\/wp-json\/wp\/v2\/pages\/1291\/revisions"}],"predecessor-version":[{"id":1953,"href":"https:\/\/www.univ-oeb.dz\/ista\/wp-json\/wp\/v2\/pages\/1291\/revisions\/1953"}],"wp:attachment":[{"href":"https:\/\/www.univ-oeb.dz\/ista\/wp-json\/wp\/v2\/media?parent=1291"}],"curies":[{"name":"wp","href":"https:\/\/api.w.org\/{rel}","templated":true}]}}