{"id":1279,"date":"2023-08-31T09:29:27","date_gmt":"2023-08-31T09:29:27","guid":{"rendered":"http:\/\/www.univ-oeb.dz\/ista\/?page_id=1279"},"modified":"2025-09-28T08:28:18","modified_gmt":"2025-09-28T08:28:18","slug":"listes-des-groupes","status":"publish","type":"page","link":"https:\/\/www.univ-oeb.dz\/ista\/fr\/listes-des-groupes\/","title":{"rendered":"Listes et groupes"},"content":{"rendered":"\n<p><strong>Listes et groupes des \u00e9tudiants<\/strong><\/p>\n\n\n\n<ul class=\"wp-block-list\">\n<li><strong><a href=\"https:\/\/www.univ-oeb.dz\/ista\/wp-content\/uploads\/2025\/09\/Listes-GEA.pdf\">Gestion des entreprises et des administrations<\/a><\/strong><\/li>\n\n\n\n<li><strong>R\u00e9seaux et T\u00e9l\u00e9communications<\/strong>\n<ul class=\"wp-block-list\">\n<li><strong><a href=\"https:\/\/www.univ-oeb.dz\/ista\/wp-content\/uploads\/2025\/09\/Groupes-RT-L1.pdf\">Licence 1<\/a><\/strong>\n<ul class=\"wp-block-list\">\n<li><strong><a href=\"https:\/\/www.univ-oeb.dz\/ista\/wp-content\/uploads\/2025\/09\/Groupes-RT-L1-SG.pdf\">Groupes<\/a><\/strong><\/li>\n<\/ul>\n<\/li>\n\n\n\n<li><strong><a href=\"https:\/\/www.univ-oeb.dz\/ista\/wp-content\/uploads\/2025\/09\/Groupes-RT-L2.pdf\">Licence 2<\/a><\/strong>\n<ul class=\"wp-block-list\">\n<li><strong><a href=\"https:\/\/www.univ-oeb.dz\/ista\/wp-content\/uploads\/2025\/09\/Groupes-RT-L2-SG.pdf\">Groupes<\/a><\/strong><\/li>\n<\/ul>\n<\/li>\n\n\n\n<li><strong><a href=\"https:\/\/www.univ-oeb.dz\/ista\/wp-content\/uploads\/2025\/09\/Groupes-RT-L3.pdf\">Licence 3<\/a><\/strong>\n<ul class=\"wp-block-list\">\n<li><strong><a href=\"https:\/\/www.univ-oeb.dz\/ista\/wp-content\/uploads\/2025\/09\/Groupes-RT-L3-SG.pdf\">Groupes<\/a><\/strong><\/li>\n<\/ul>\n<\/li>\n\n\n\n<li><strong><a href=\"https:\/\/www.univ-oeb.dz\/ista\/wp-content\/uploads\/2025\/09\/Groupes-RT-M1.xlsx\">M1<\/a><\/strong><\/li>\n\n\n\n<li><strong><a href=\"https:\/\/www.univ-oeb.dz\/ista\/wp-content\/uploads\/2025\/09\/Groupes-RT-M2.xlsx\">M2<\/a><\/strong><\/li>\n<\/ul>\n<\/li>\n<\/ul>\n\n\n\n<p><\/p>\n\n\n\n<!--nextpage-->\n\n\n\n<p><strong>Listes et groupes des \u00e9tudiants<\/strong><\/p>\n\n\n\n<p><strong>G\u00e9nie Biologique<\/strong><\/p>\n\n\n\n<ul class=\"wp-block-list\">\n<li><strong>Premi\u00e8re ann\u00e9e <a href=\"https:\/\/www.univ-oeb.dz\/ista\/wp-content\/uploads\/2023\/09\/GB-L1-S1-1er-gr.pdf\">Gr1<\/a> &#8211; <a href=\"https:\/\/www.univ-oeb.dz\/ista\/wp-content\/uploads\/2023\/09\/GB-L1-S1-2eme-gr.pdf\">Gr2<\/a><\/strong><\/li>\n\n\n\n<li><strong>Deuxi\u00e8me ann\u00e9e <a href=\"https:\/\/www.univ-oeb.dz\/ista\/wp-content\/uploads\/2023\/09\/GB-L2-S3-1er-gr.pdf\">Gr1<\/a> &#8211; <a href=\"https:\/\/www.univ-oeb.dz\/ista\/wp-content\/uploads\/2023\/09\/GB-L2-S3-2eme-gr.pdf\">Gr2<\/a><\/strong><\/li>\n\n\n\n<li><strong>Troisi\u00e8me ann\u00e9e <a href=\"https:\/\/www.univ-oeb.dz\/ista\/wp-content\/uploads\/2023\/09\/GB-3g1.pdf\">Gr1<\/a> &#8211; <a href=\"https:\/\/www.univ-oeb.dz\/ista\/wp-content\/uploads\/2023\/09\/GB-3g2.pdf\">Gr2<\/a><\/strong><\/li>\n\n\n\n<li><strong><a href=\"https:\/\/www.univ-oeb.dz\/ista\/wp-content\/uploads\/2023\/09\/master1-AGRO.GRP-01.pdf\">Premi\u00e8re ann\u00e9e Master<\/a><\/strong><\/li>\n\n\n\n<li><a href=\"https:\/\/www.univ-oeb.dz\/ista\/wp-content\/uploads\/2023\/09\/GB-M2.pdf\"><strong>Deuxi\u00e8me ann\u00e9e Master<\/strong><\/a><\/li>\n<\/ul>\n\n\n\n<p><strong>Mesures Physiques<\/strong><\/p>\n\n\n\n<ul class=\"wp-block-list\">\n<li><a href=\"https:\/\/www.univ-oeb.dz\/ista\/wp-content\/uploads\/2023\/09\/GROUPES-MPH-L1.pdf\"><strong>Premi\u00e8re ann\u00e9e<\/strong><\/a><\/li>\n\n\n\n<li><a href=\"https:\/\/www.univ-oeb.dz\/ista\/wp-content\/uploads\/2023\/09\/GROUPES-MPH-L2.pdf\"><strong>Deuxi\u00e8me ann\u00e9e<\/strong><\/a><\/li>\n\n\n\n<li><a href=\"https:\/\/www.univ-oeb.dz\/ista\/wp-content\/uploads\/2023\/09\/MPH-G-L3.pdf\"><strong>Troisi\u00e8me ann\u00e9e<\/strong><\/a><\/li>\n<\/ul>\n\n\n\n<p><strong>Gestion des entreprises et des administrations<\/strong><\/p>\n\n\n\n<ul class=\"wp-block-list\">\n<li><a href=\"https:\/\/www.univ-oeb.dz\/ista\/wp-content\/uploads\/2023\/09\/GEA-1ere-annee.pdf\"><strong>Premi\u00e8re ann\u00e9e<\/strong><\/a><\/li>\n\n\n\n<li><a href=\"https:\/\/www.univ-oeb.dz\/ista\/wp-content\/uploads\/2023\/09\/GEA-Gr-L2.pdf\"><strong>Deuxi\u00e8me ann\u00e9e<\/strong><\/a><\/li>\n\n\n\n<li><a href=\"https:\/\/www.univ-oeb.dz\/ista\/wp-content\/uploads\/2023\/09\/GEA-3eme-anne-cf.pdf\"><strong>Troisi\u00e8me ann\u00e9e CF<\/strong><\/a><\/li>\n\n\n\n<li><a href=\"https:\/\/www.univ-oeb.dz\/ista\/wp-content\/uploads\/2023\/09\/GEA-3eme-annee-grh.pdf\"><strong>Troisi\u00e8me ann\u00e9e GRH<\/strong><\/a><\/li>\n\n\n\n<li><a href=\"https:\/\/www.univ-oeb.dz\/ista\/wp-content\/uploads\/2023\/09\/GEA-Gr-M1.pdf\"><strong>Premi\u00e8re ann\u00e9e Master<\/strong><\/a><\/li>\n\n\n\n<li><a href=\"https:\/\/www.univ-oeb.dz\/ista\/wp-content\/uploads\/2023\/09\/GEA-Gr-M2.pdf\"><strong>Deuxi\u00e8me ann\u00e9e Master<\/strong><\/a><\/li>\n<\/ul>\n\n\n\n<p><strong>R\u00e9seaux et T\u00e9l\u00e9communications<\/strong><\/p>\n\n\n\n<ul class=\"wp-block-list\">\n<li><strong>Premi\u00e8re ann\u00e9e <a href=\"https:\/\/www.univ-oeb.dz\/ista\/wp-content\/uploads\/2023\/09\/Premiere-Annee-Licence-RT-G1.xlsx\">G1<\/a> &#8211; <a href=\"https:\/\/www.univ-oeb.dz\/ista\/wp-content\/uploads\/2023\/09\/Premiere-Annee-Licence-RT-G2.xlsx\">G2<\/a><\/strong>\n<ul class=\"wp-block-list\">\n<li><strong><a href=\"https:\/\/www.univ-oeb.dz\/ista\/wp-content\/uploads\/2023\/09\/Premiere-Annee-Licence-RT-SG1.xlsx\">SG1<\/a> &#8211; <a href=\"https:\/\/www.univ-oeb.dz\/ista\/wp-content\/uploads\/2023\/09\/Premiere-Annee-Licence-TELE_SC_SG2.xlsx\">SG2<\/a> &#8211; <a href=\"https:\/\/www.univ-oeb.dz\/ista\/wp-content\/uploads\/2023\/09\/Premiere-Annee-Licence-TELE_SC_SG3.xlsx\">SG3<\/a><\/strong>\n<ul class=\"wp-block-list\">\n<li><strong><a href=\"https:\/\/www.univ-oeb.dz\/ista\/wp-content\/uploads\/2023\/09\/Premiere-Annee-Licence-TELE_SC_SG11_SG12.xlsx\">SG11 &#8211; SG12<\/a>  \/  <a href=\"https:\/\/www.univ-oeb.dz\/ista\/wp-content\/uploads\/2023\/09\/Premiere-Annee-Licence-TELE_SC_SG21_SG22.xlsx\">SG21 &#8211; SG22<\/a>  \/  <a href=\"https:\/\/www.univ-oeb.dz\/ista\/wp-content\/uploads\/2023\/09\/Premiere-Annee-Licence-TELE_SC_SG31_SG32.xlsx\">SG31 &#8211; SG32<\/a><\/strong><\/li>\n<\/ul>\n<\/li>\n<\/ul>\n<\/li>\n\n\n\n<li><strong>Deuxi\u00e8me ann\u00e9e <a href=\"https:\/\/www.univ-oeb.dz\/ista\/wp-content\/uploads\/2023\/09\/Deuxieme-Annee-Licence-RT_G1.xlsx\">G1<\/a> &#8211; <a href=\"https:\/\/www.univ-oeb.dz\/ista\/wp-content\/uploads\/2023\/09\/Deuxieme-Annee-Licence-RT_G2.xlsx\">G2<\/a><\/strong>\n<ul class=\"wp-block-list\">\n<li><strong><a href=\"https:\/\/www.univ-oeb.dz\/ista\/wp-content\/uploads\/2023\/09\/Deuxieme-Annee-Licence-RT_SG1.xlsx\">SG1<\/a> &#8211; <a href=\"https:\/\/www.univ-oeb.dz\/ista\/wp-content\/uploads\/2023\/09\/Deuxieme-Annee-Licence-RT_SG2.xlsx\">SG2<\/a> &#8211; <a href=\"https:\/\/www.univ-oeb.dz\/ista\/wp-content\/uploads\/2023\/09\/Deuxieme-Annee-Licence-RT_SG3.xlsx\">SG3<\/a><\/strong>\n<ul class=\"wp-block-list\">\n<li><strong><a href=\"https:\/\/www.univ-oeb.dz\/ista\/wp-content\/uploads\/2023\/09\/Deuxieme-Annee-Licence-RT_SG11_SG12.xlsx\">SG11-SG12<\/a>  \/  <a href=\"https:\/\/www.univ-oeb.dz\/ista\/wp-content\/uploads\/2023\/09\/Deuxieme-Annee-Licence-RT_SG21_SG22.xlsx\">SG21-SG22<\/a><\/strong><\/li>\n<\/ul>\n<\/li>\n<\/ul>\n<\/li>\n\n\n\n<li><strong>Troisi\u00e8me ann\u00e9e <a href=\"https:\/\/www.univ-oeb.dz\/ista\/wp-content\/uploads\/2023\/09\/Troisieme-Annee-Licence-RT_G1.xlsx\">G1<\/a> &#8211; <a href=\"https:\/\/www.univ-oeb.dz\/ista\/wp-content\/uploads\/2023\/09\/Troisieme-Annee-Licence-RT_G2.xlsx\">G2<\/a><\/strong>\n<ul class=\"wp-block-list\">\n<li><strong><a href=\"https:\/\/www.univ-oeb.dz\/ista\/wp-content\/uploads\/2023\/09\/Troisieme-Annee-Licence-RT_SG1.xlsx\">SG1<\/a> &#8211; <a href=\"https:\/\/www.univ-oeb.dz\/ista\/wp-content\/uploads\/2023\/09\/Troisieme-Annee-Licence-RT_SG2.xlsx\">SG2<\/a> &#8211; <a href=\"https:\/\/www.univ-oeb.dz\/ista\/wp-content\/uploads\/2023\/09\/Troisieme-Annee-Licence-RT_SG3.xlsx\">SG3<\/a><\/strong><\/li>\n<\/ul>\n<\/li>\n\n\n\n<li><strong><a href=\"https:\/\/www.univ-oeb.dz\/ista\/wp-content\/uploads\/2023\/09\/RT-M1.pdf\">Premi\u00e8re ann\u00e9e Master<\/a><\/strong><\/li>\n\n\n\n<li><strong><a href=\"https:\/\/www.univ-oeb.dz\/ista\/wp-content\/uploads\/2023\/09\/RT-M2.pdf\">Deuxi\u00e8me ann\u00e9e Master<\/a><\/strong><\/li>\n<\/ul>\n\n\n\n<p>.<\/p>\n","protected":false},"excerpt":{"rendered":"<p>Listes et groupes des \u00e9tudiants Gestion des entreprises et des administrations R\u00e9seaux et T\u00e9l\u00e9communications Licence 1 Groupes Licence 2 Groupes Licence 3 Groupes M1 M2 Listes et groupes des \u00e9tudiants G\u00e9nie Biologique Premi\u00e8re ann\u00e9e Gr1 &#8211; Gr2 Deuxi\u00e8me ann\u00e9e Gr1 &#8211; Gr2 Troisi\u00e8me ann\u00e9e Gr1 &#8211; Gr2 Premi\u00e8re ann\u00e9e Master Deuxi\u00e8me ann\u00e9e Master Mesures Physiques Premi\u00e8re ann\u00e9e Deuxi\u00e8me ann\u00e9e Troisi\u00e8me ann\u00e9e Gestion des entreprises et des administrations Premi\u00e8re ann\u00e9e Deuxi\u00e8me ann\u00e9e Troisi\u00e8me ann\u00e9e CF Troisi\u00e8me ann\u00e9e GRH Premi\u00e8re ann\u00e9e Master Deuxi\u00e8me ann\u00e9e Master R\u00e9seaux et T\u00e9l\u00e9communications Premi\u00e8re ann\u00e9e G1 &#8211; G2 SG1 &#8211; SG2 &#8211; SG3 SG11 &#8211; SG12 \/ SG21 &#8211; SG22 \/ SG31 &#8211; SG32 Deuxi\u00e8me ann\u00e9e G1 &#8211; G2 SG1 &#8211; SG2 &#8211; SG3 SG11-SG12 \/ SG21-SG22 Troisi\u00e8me ann\u00e9e G1 &#8211; G2 SG1 &#8211; SG2 &#8211; SG3 Premi\u00e8re ann\u00e9e Master Deuxi\u00e8me ann\u00e9e Master .<\/p>\n","protected":false},"author":1,"featured_media":0,"parent":0,"menu_order":0,"comment_status":"closed","ping_status":"closed","template":"","meta":{"footnotes":""},"class_list":["post-1279","page","type-page","status-publish","hentry"],"_links":{"self":[{"href":"https:\/\/www.univ-oeb.dz\/ista\/wp-json\/wp\/v2\/pages\/1279"}],"collection":[{"href":"https:\/\/www.univ-oeb.dz\/ista\/wp-json\/wp\/v2\/pages"}],"about":[{"href":"https:\/\/www.univ-oeb.dz\/ista\/wp-json\/wp\/v2\/types\/page"}],"author":[{"embeddable":true,"href":"https:\/\/www.univ-oeb.dz\/ista\/wp-json\/wp\/v2\/users\/1"}],"replies":[{"embeddable":true,"href":"https:\/\/www.univ-oeb.dz\/ista\/wp-json\/wp\/v2\/comments?post=1279"}],"version-history":[{"count":5,"href":"https:\/\/www.univ-oeb.dz\/ista\/wp-json\/wp\/v2\/pages\/1279\/revisions"}],"predecessor-version":[{"id":5343,"href":"https:\/\/www.univ-oeb.dz\/ista\/wp-json\/wp\/v2\/pages\/1279\/revisions\/5343"}],"wp:attachment":[{"href":"https:\/\/www.univ-oeb.dz\/ista\/wp-json\/wp\/v2\/media?parent=1279"}],"curies":[{"name":"wp","href":"https:\/\/api.w.org\/{rel}","templated":true}]}}