{"id":1249,"date":"2023-08-31T10:15:15","date_gmt":"2023-08-31T10:15:15","guid":{"rendered":"http:\/\/www.univ-oeb.dz\/ista\/?page_id=1249"},"modified":"2026-04-07T08:04:40","modified_gmt":"2026-04-07T08:04:40","slug":"deliberations","status":"publish","type":"page","link":"https:\/\/www.univ-oeb.dz\/ista\/fr\/deliberations\/","title":{"rendered":"D\u00e9lib\u00e9rations"},"content":{"rendered":"\n<h3 class=\"wp-block-heading\">D\u00e9lib\u00e9rations du premier semestre 2025\/2026<\/h3>\n\n\n\n<h4 class=\"wp-block-heading has-text-align-left\"><strong>R\u00e9seaux Et T\u00e9l\u00e9communications<\/strong><\/h4>\n\n\n\n<ul class=\"wp-block-list\">\n<li><strong><a href=\"https:\/\/www.univ-oeb.dz\/ista\/wp-content\/uploads\/2026\/03\/Delib-RT-L1-S126.pdf\">Premi\u00e8re Ann\u00e9e<\/a><\/strong><\/li>\n\n\n\n<li><strong><a href=\"https:\/\/www.univ-oeb.dz\/ista\/wp-content\/uploads\/2026\/03\/Delib-RT-L2-S126.pdf\">Deuxi\u00e8me Ann\u00e9e<\/a><\/strong><\/li>\n\n\n\n<li><strong><a href=\"https:\/\/www.univ-oeb.dz\/ista\/wp-content\/uploads\/2026\/03\/Delib-RT-L3-S126.pdf\">Troisi\u00e8me Ann\u00e9e<\/a><\/strong><\/li>\n\n\n\n<li><strong><a href=\"https:\/\/www.univ-oeb.dz\/ista\/wp-content\/uploads\/2026\/03\/Delib-RT-M1-S126.pdf\">Premi\u00e8re Ann\u00e9e Master<\/a><\/strong><\/li>\n\n\n\n<li><strong><a href=\"https:\/\/www.univ-oeb.dz\/ista\/wp-content\/uploads\/2026\/03\/Delib-RT-M2-S126.pdf\">Deuxi\u00e8me Ann\u00e9e Master<\/a><\/strong><\/li>\n<\/ul>\n\n\n\n<h4 class=\"wp-block-heading has-text-align-left\"><strong>Mesures physiques<\/strong><\/h4>\n\n\n\n<ul class=\"wp-block-list\">\n<li><strong><a href=\"https:\/\/www.univ-oeb.dz\/ista\/wp-content\/uploads\/2026\/03\/Delib_MP_L1S1.pdf\">Premi\u00e8re Ann\u00e9e<\/a><\/strong><\/li>\n\n\n\n<li><strong><a href=\"https:\/\/www.univ-oeb.dz\/ista\/wp-content\/uploads\/2026\/03\/Delib_MP_L2S1.pdf\">Deuxi\u00e8me Ann\u00e9e<\/a><\/strong><\/li>\n\n\n\n<li><strong><a href=\"https:\/\/www.univ-oeb.dz\/ista\/wp-content\/uploads\/2026\/03\/Delib_MP_TI_S1.pdf\">Troisi\u00e8me Ann\u00e9e TI<\/a><\/strong><\/li>\n\n\n\n<li><strong><a href=\"https:\/\/www.univ-oeb.dz\/ista\/wp-content\/uploads\/2026\/03\/Delib_MP_MCPC_S1.pdf\">Troisi\u00e8me Ann\u00e9e MCPC<\/a><\/strong><\/li>\n\n\n\n<li><a href=\"https:\/\/www.univ-oeb.dz\/ista\/wp-content\/uploads\/2026\/03\/Delib_MP_M1S1.pdf\"><strong>Premi\u00e8re Ann\u00e9e Master<\/strong><\/a><\/li>\n\n\n\n<li><a href=\"https:\/\/www.univ-oeb.dz\/ista\/wp-content\/uploads\/2026\/03\/Delib-MUP-L1-S126.pdf\"><strong>Premi\u00e8re Ann\u00e9e MUP<\/strong><\/a><\/li>\n\n\n\n<li><a href=\"https:\/\/www.univ-oeb.dz\/ista\/wp-content\/uploads\/2026\/03\/Delib-MUP-L2-S326.pdf\"><strong>Deuxi\u00e8me Ann\u00e9e MUP<\/strong><\/a><\/li>\n<\/ul>\n\n\n\n<h4 class=\"wp-block-heading has-text-align-left\"><strong>Gestion des Entreprises et des Administrations<\/strong><\/h4>\n\n\n\n<ul class=\"wp-block-list\">\n<li><strong><a href=\"https:\/\/www.univ-oeb.dz\/ista\/wp-content\/uploads\/2026\/03\/Delib-GEA-L1-S126.pdf\">Premi\u00e8re Ann\u00e9e<\/a><\/strong><\/li>\n\n\n\n<li><strong><a href=\"https:\/\/www.univ-oeb.dz\/ista\/wp-content\/uploads\/2026\/03\/Delib-GEA-L2-S126.pdf\">Deuxi\u00e8me Ann\u00e9e<\/a><\/strong><\/li>\n\n\n\n<li><strong><a href=\"https:\/\/www.univ-oeb.dz\/ista\/wp-content\/uploads\/2026\/03\/Delib-GEA-CF-S126.pdf\">Troisi\u00e8me Ann\u00e9e CF<\/a><\/strong><\/li>\n\n\n\n<li><strong><a href=\"https:\/\/www.univ-oeb.dz\/ista\/wp-content\/uploads\/2026\/03\/Delib-GEA-GRH-S126.pdf\">Troisi\u00e8me Ann\u00e9e GRH<\/a><\/strong><\/li>\n\n\n\n<li><a href=\"https:\/\/www.univ-oeb.dz\/ista\/wp-content\/uploads\/2026\/03\/Delib-GEA-M1-S126.pdf\"><strong>Premi\u00e8re Ann\u00e9e Master<\/strong><\/a><\/li>\n<\/ul>\n\n\n\n<p><\/p>\n\n\n\n<!--nextpage-->\n\n\n\n<h3 class=\"wp-block-heading\">D\u00e9lib\u00e9rations du deuxi\u00e8me semestre 2024\/2025<\/h3>\n\n\n\n<h4 class=\"wp-block-heading has-text-align-left\"><strong><strong><strong>R\u00e9seaux Et T\u00e9l\u00e9communications<\/strong><\/strong><\/strong><\/h4>\n\n\n\n<ul class=\"wp-block-list\">\n<li><strong><a href=\"https:\/\/www.univ-oeb.dz\/ista\/wp-content\/uploads\/2025\/06\/Delib-RT-L1.pdf\">Premi\u00e8re Ann\u00e9e<\/a><\/strong><\/li>\n\n\n\n<li><strong><a href=\"https:\/\/www.univ-oeb.dz\/ista\/wp-content\/uploads\/2025\/06\/Delib-RT-L2.pdf\">Deuxi\u00e8me Ann\u00e9e<\/a><\/strong><\/li>\n\n\n\n<li><strong><a href=\"https:\/\/www.univ-oeb.dz\/ista\/wp-content\/uploads\/2025\/06\/Delib-RT-M1.pdf\">Premi\u00e8re Ann\u00e9e Master<\/a><\/strong><\/li>\n<\/ul>\n\n\n\n<h4 class=\"wp-block-heading has-text-align-left\"><strong><strong>Mesures physiques<\/strong><\/strong><\/h4>\n\n\n\n<ul class=\"wp-block-list\">\n<li><strong><a href=\"https:\/\/www.univ-oeb.dz\/ista\/wp-content\/uploads\/2025\/06\/Delib-MPH-L1.pdf\">Premi\u00e8re Ann\u00e9e<\/a><\/strong><\/li>\n\n\n\n<li><strong><a href=\"https:\/\/www.univ-oeb.dz\/ista\/wp-content\/uploads\/2025\/06\/Delib-MPH-L2.pdf\">Deuxi\u00e8me Ann\u00e9e<\/a><\/strong><\/li>\n\n\n\n<li><strong><a href=\"https:\/\/www.univ-oeb.dz\/ista\/wp-content\/uploads\/2025\/06\/Delib-MPH-L3-MCPC.pdf\">Troisi\u00e8me Ann\u00e9e MCPC<\/a><\/strong><\/li>\n\n\n\n<li><strong><a href=\"https:\/\/www.univ-oeb.dz\/ista\/wp-content\/uploads\/2025\/06\/Delib-MPH-L3-TI.pdf\">Troisi\u00e8me Ann\u00e9e TI<\/a><\/strong><\/li>\n\n\n\n<li><a href=\"https:\/\/www.univ-oeb.dz\/ista\/wp-content\/uploads\/2025\/06\/Delib-MUP-L1.pdf\"><strong>Premi\u00e8re Ann\u00e9e<\/strong> <strong>GI<\/strong><\/a><\/li>\n<\/ul>\n\n\n\n<h4 class=\"wp-block-heading has-text-align-left\"><strong><strong>G\u00e9nie Biologique<\/strong><\/strong><\/h4>\n\n\n\n<ul class=\"wp-block-list\">\n<li><strong><a href=\"https:\/\/www.univ-oeb.dz\/ista\/wp-content\/uploads\/2025\/06\/Delib-GB-L1.pdf\">Premi\u00e8re Ann\u00e9e<\/a><\/strong><\/li>\n\n\n\n<li><strong><a href=\"https:\/\/www.univ-oeb.dz\/ista\/wp-content\/uploads\/2025\/06\/Delib-GB-L2.pdf\">Deuxi\u00e8me Ann\u00e9e<\/a><\/strong><\/li>\n\n\n\n<li><strong><a href=\"https:\/\/www.univ-oeb.dz\/ista\/wp-content\/uploads\/2025\/06\/Delib-GB-L3.pdf\">Troisi\u00e8me Ann\u00e9e<\/a><\/strong><\/li>\n\n\n\n<li><strong><a href=\"https:\/\/www.univ-oeb.dz\/ista\/wp-content\/uploads\/2025\/06\/Delib-GB-M1.pdf\">Premi\u00e8re Ann\u00e9e Master<\/a><\/strong><\/li>\n<\/ul>\n\n\n\n<h4 class=\"wp-block-heading has-text-align-left\"><strong><strong><strong>Gestion des Entreprises et des Administrations<\/strong><\/strong><\/strong><\/h4>\n\n\n\n<ul class=\"wp-block-list\">\n<li><strong><a href=\"https:\/\/www.univ-oeb.dz\/ista\/wp-content\/uploads\/2025\/06\/Delib-GEA-L1.pdf\">Premi\u00e8re Ann\u00e9e<\/a><\/strong><\/li>\n\n\n\n<li><strong><a href=\"https:\/\/www.univ-oeb.dz\/ista\/wp-content\/uploads\/2025\/06\/Delib-GEA-L2.pdf\">Deuxi\u00e8me Ann\u00e9e<\/a><\/strong><\/li>\n\n\n\n<li><strong><a href=\"https:\/\/www.univ-oeb.dz\/ista\/wp-content\/uploads\/2025\/06\/Delib-GEA-L3-CF.pdf\">Troisi\u00e8me ann\u00e9e CF<\/a><\/strong><\/li>\n\n\n\n<li><strong><a href=\"https:\/\/www.univ-oeb.dz\/ista\/wp-content\/uploads\/2025\/06\/Delib-GEA-L3-GRH.pdf\">Troisi\u00e8me Ann\u00e9e GRH<\/a><\/strong><\/li>\n<\/ul>\n\n\n\n<p class=\"has-text-align-right\"><\/p>\n\n\n\n<!--nextpage-->\n\n\n\n<h3 class=\"wp-block-heading\">D\u00e9lib\u00e9rations du premier semestre 2024\/2025<\/h3>\n\n\n\n<h4 class=\"wp-block-heading has-text-align-left\"><strong>R\u00e9seaux Et T\u00e9l\u00e9communications<\/strong><\/h4>\n\n\n\n<ul class=\"wp-block-list\">\n<li><a href=\"https:\/\/www.univ-oeb.dz\/ista\/wp-content\/uploads\/2025\/02\/Delib-RT-L1-S1.pdf\"><strong>Premi\u00e8re Ann\u00e9e<\/strong><\/a><\/li>\n\n\n\n<li><a href=\"https:\/\/www.univ-oeb.dz\/ista\/wp-content\/uploads\/2025\/02\/Delib-RT-L2-S3.pdf\"><strong>Deuxi\u00e8me Ann\u00e9e<\/strong><\/a><\/li>\n\n\n\n<li><a href=\"https:\/\/www.univ-oeb.dz\/ista\/wp-content\/uploads\/2025\/02\/Delib-RT-L3-S5.pdf\"><strong>Troisi\u00e8me Ann\u00e9e<\/strong><\/a><\/li>\n\n\n\n<li><a href=\"https:\/\/www.univ-oeb.dz\/ista\/wp-content\/uploads\/2025\/02\/Delib-RT-M1.pdf\"><strong>Premi\u00e8re Ann\u00e9e Master<\/strong><\/a><\/li>\n\n\n\n<li><a href=\"https:\/\/www.univ-oeb.dz\/ista\/wp-content\/uploads\/2025\/02\/Delib-RT-M2.pdf\"><strong>Deuxi\u00e8me Ann\u00e9e Master<\/strong><\/a><\/li>\n<\/ul>\n\n\n\n<h4 class=\"wp-block-heading has-text-align-left\"><strong>Mesures physiques<\/strong><\/h4>\n\n\n\n<ul class=\"wp-block-list\">\n<li><a href=\"https:\/\/www.univ-oeb.dz\/ista\/wp-content\/uploads\/2025\/02\/Delib-MPH-L1.pdf\"><strong>Premi\u00e8re Ann\u00e9e<\/strong><\/a><\/li>\n\n\n\n<li><a href=\"https:\/\/www.univ-oeb.dz\/ista\/wp-content\/uploads\/2025\/02\/Delib-MPH-L2.pdf\"><strong>Deuxi\u00e8me Ann\u00e9e<\/strong><\/a><\/li>\n\n\n\n<li><a href=\"https:\/\/www.univ-oeb.dz\/ista\/wp-content\/uploads\/2025\/02\/Delib-MP-L3-TI-pv-global.pdf\"><strong>Troisi\u00e8me Ann\u00e9e TI<\/strong><\/a><\/li>\n\n\n\n<li><a href=\"https:\/\/www.univ-oeb.dz\/ista\/wp-content\/uploads\/2025\/02\/Delib-MP-L3-MCPC-pv-global.pdf\"><strong>Troisi\u00e8me Ann\u00e9e MCPC<\/strong><\/a><\/li>\n\n\n\n<li><a href=\"https:\/\/www.univ-oeb.dz\/ista\/wp-content\/uploads\/2025\/02\/Delib-MUP-L1.pdf\"><strong>Premi\u00e8re Ann\u00e9e MUP<\/strong><\/a><\/li>\n<\/ul>\n\n\n\n<h4 class=\"wp-block-heading has-text-align-left\"><strong>G\u00e9nie Biologique<\/strong><\/h4>\n\n\n\n<ul class=\"wp-block-list\">\n<li><a href=\"https:\/\/www.univ-oeb.dz\/ista\/wp-content\/uploads\/2025\/02\/Delib-GB-L1-pv-global.pdf\"><strong>Premi\u00e8re Ann\u00e9e<\/strong><\/a><\/li>\n\n\n\n<li><a href=\"https:\/\/www.univ-oeb.dz\/ista\/wp-content\/uploads\/2025\/02\/Delib-GB-L2-pv-global.pdf\"><strong>Deuxi\u00e8me Ann\u00e9e<\/strong><\/a><\/li>\n\n\n\n<li><a href=\"https:\/\/www.univ-oeb.dz\/ista\/wp-content\/uploads\/2025\/02\/Delib-GB-L3-pv-global.pdf\"><strong>Troisi\u00e8me Ann\u00e9e<\/strong><\/a><\/li>\n\n\n\n<li><a href=\"https:\/\/www.univ-oeb.dz\/ista\/wp-content\/uploads\/2025\/02\/Delib-GB-M1-pv-global.pdf\"><strong>Premi\u00e8re Ann\u00e9e Master<\/strong><\/a><\/li>\n<\/ul>\n\n\n\n<h4 class=\"wp-block-heading has-text-align-left\"><strong>Gestion des Entreprises et des Administrations<\/strong><\/h4>\n\n\n\n<ul class=\"wp-block-list\">\n<li><a href=\"https:\/\/www.univ-oeb.dz\/ista\/wp-content\/uploads\/2025\/02\/Delib-GEA-L1.pdf\"><strong>Premi\u00e8re Ann\u00e9e<\/strong><\/a><\/li>\n\n\n\n<li><a href=\"https:\/\/www.univ-oeb.dz\/ista\/wp-content\/uploads\/2025\/02\/Delib-GEA-L2.pdf\"><strong>Deuxi\u00e8me Ann\u00e9e<\/strong><\/a><\/li>\n\n\n\n<li><a href=\"https:\/\/www.univ-oeb.dz\/ista\/wp-content\/uploads\/2025\/02\/Delib-GEA-L3-CF.pdf\"><strong>Troisi\u00e8me Ann\u00e9e CF<\/strong><\/a><\/li>\n\n\n\n<li><a href=\"https:\/\/www.univ-oeb.dz\/ista\/wp-content\/uploads\/2025\/02\/Delib-GEA-L3-GRH.pdf\"><strong>Troisi\u00e8me Ann\u00e9e GRH<\/strong><\/a><\/li>\n<\/ul>\n\n\n\n<p><\/p>\n\n\n\n<!--nextpage-->\n\n\n\n<h1 class=\"wp-block-heading has-text-align-center\">2023\/2024<\/h1>\n\n\n\n<h2 class=\"wp-block-heading has-text-align-left\">D\u00e9lib\u00e9rations finales<\/h2>\n\n\n\n<h4 class=\"wp-block-heading has-text-align-left\">Mesures physiques <\/h4>\n\n\n\n<ul class=\"wp-block-list\">\n<li><strong><a href=\"https:\/\/www.univ-oeb.dz\/ista\/wp-content\/uploads\/2023\/09\/PV-deliberation-apres-mis-a-jour-article-1023.pdf\">L1 apr\u00e8s mis \u00e0 jour article 1023<\/a><\/strong><\/li>\n\n\n\n<li><strong><a href=\"https:\/\/www.univ-oeb.dz\/ista\/wp-content\/uploads\/2023\/09\/delibiration-final-MPH-L2.pdf\">L2<\/a><\/strong><\/li>\n<\/ul>\n\n\n\n<p class=\"has-text-align-left\"><strong><strong>R\u00e9seaux Et T\u00e9l\u00e9communications<\/strong><\/strong><\/p>\n\n\n\n<ul class=\"wp-block-list\">\n<li><strong><a href=\"https:\/\/www.univ-oeb.dz\/ista\/wp-content\/uploads\/2023\/09\/Delib-L1-MAJ-article-1023.pdf\">Premi\u00e8re Ann\u00e9e MAJ &#8211; article 1023<\/a><\/strong><\/li>\n\n\n\n<li><a href=\"https:\/\/www.univ-oeb.dz\/ista\/wp-content\/uploads\/2023\/08\/delib-L2-RT-final.pdf\" target=\"_blank\" rel=\"noreferrer noopener\">Deuxi\u00e8me Ann\u00e9e<\/a><\/li>\n\n\n\n<li><a href=\"https:\/\/www.univ-oeb.dz\/ista\/wp-content\/uploads\/2023\/08\/delib-L3-RT-final.pdf\" target=\"_blank\" rel=\"noreferrer noopener\">Troisi\u00e8me Ann\u00e9e<\/a><\/li>\n\n\n\n<li><strong><a href=\"https:\/\/www.univ-oeb.dz\/ista\/wp-content\/uploads\/2023\/09\/Delib-M1-MAJ-article-1023.pdf\">Premi\u00e8re Ann\u00e9e Master MAJ &#8211; article 1023<\/a><\/strong><\/li>\n<\/ul>\n\n\n\n<h4 class=\"wp-block-heading has-text-align-left\"><a href=\"https:\/\/www.univ-oeb.dz\/ista\/wp-content\/uploads\/2023\/08\/deliberation-final-progres-agro22-23-.pdf\" target=\"_blank\" rel=\"noreferrer noopener\">G\u00e9nie Biologique<\/a><\/h4>\n\n\n\n<p><\/p>\n\n\n\n<hr class=\"wp-block-separator has-alpha-channel-opacity\"\/>\n\n\n\n<h3 class=\"wp-block-heading has-text-align-left\">D\u00e9lib\u00e9rations du deuxi\u00e8me semestre<\/h3>\n\n\n\n<h4 class=\"wp-block-heading has-text-align-left\"><strong><strong>Gestion des Entreprises et des Administrations<\/strong><\/strong><\/h4>\n\n\n\n<ul class=\"wp-block-list\">\n<li><a href=\"https:\/\/www.univ-oeb.dz\/ista\/wp-content\/uploads\/2023\/09\/Delib-GEA-L1.pdf\" target=\"_blank\" rel=\"noreferrer noopener\">Premi\u00e8re Ann\u00e9e<\/a><\/li>\n\n\n\n<li><a href=\"https:\/\/www.univ-oeb.dz\/ista\/wp-content\/uploads\/2023\/09\/Delib-GEA-L2.pdf\" target=\"_blank\" rel=\"noreferrer noopener\">Deuxi\u00e8me Ann\u00e9e<\/a><\/li>\n\n\n\n<li><a href=\"https:\/\/www.univ-oeb.dz\/ista\/wp-content\/uploads\/2023\/09\/Delib-GEA-L3-CF.pdf\" target=\"_blank\" rel=\"noreferrer noopener\">Troisi\u00e8me ann\u00e9e CF<\/a><\/li>\n\n\n\n<li><a href=\"https:\/\/www.univ-oeb.dz\/ista\/wp-content\/uploads\/2023\/09\/Delib-GEA-L3-GRH.pdf\" target=\"_blank\" rel=\"noreferrer noopener\">Troisi\u00e8me Ann\u00e9e GRH<\/a><\/li>\n<\/ul>\n\n\n\n<h4 class=\"wp-block-heading has-text-align-left\"><strong><strong>R\u00e9seaux Et T\u00e9l\u00e9communications<\/strong><\/strong><\/h4>\n\n\n\n<ul class=\"wp-block-list\">\n<li><a href=\"https:\/\/www.univ-oeb.dz\/ista\/wp-content\/uploads\/2023\/09\/Delib-L1-RT.pdf\" target=\"_blank\" rel=\"noreferrer noopener\">Premi\u00e8re Ann\u00e9e<\/a><\/li>\n\n\n\n<li><a href=\"https:\/\/www.univ-oeb.dz\/ista\/wp-content\/uploads\/2023\/09\/Delib-RT-L2.pdf\" target=\"_blank\" rel=\"noreferrer noopener\">Deuxi\u00e8me Ann\u00e9e<\/a><\/li>\n\n\n\n<li><a href=\"https:\/\/www.univ-oeb.dz\/ista\/wp-content\/uploads\/2023\/09\/Delib-L3-RT.pdf\" target=\"_blank\" rel=\"noreferrer noopener\">Troisi\u00e8me Ann\u00e9e<\/a><\/li>\n\n\n\n<li><a href=\"https:\/\/www.univ-oeb.dz\/ista\/wp-content\/uploads\/2023\/09\/Delib-M1-RT.pdf\" target=\"_blank\" rel=\"noreferrer noopener\">Premi\u00e8re Ann\u00e9e Master<\/a><\/li>\n<\/ul>\n\n\n\n<h4 class=\"wp-block-heading has-text-align-left\"><strong>G\u00e9nie Biologique<\/strong><\/h4>\n\n\n\n<ul class=\"wp-block-list\">\n<li><a href=\"https:\/\/www.univ-oeb.dz\/ista\/wp-content\/uploads\/2023\/09\/Delib-GB-L1.pdf\" target=\"_blank\" rel=\"noreferrer noopener\">Premi\u00e8re Ann\u00e9e<\/a><\/li>\n\n\n\n<li><a href=\"https:\/\/www.univ-oeb.dz\/ista\/wp-content\/uploads\/2023\/09\/Delib-GB-L2.pdf\" target=\"_blank\" rel=\"noreferrer noopener\">Deuxi\u00e8me Ann\u00e9e<\/a><\/li>\n\n\n\n<li><a href=\"https:\/\/www.univ-oeb.dz\/ista\/wp-content\/uploads\/2023\/09\/Delib-GB-L3.pdf\" target=\"_blank\" rel=\"noreferrer noopener\">Troisi\u00e8me Ann\u00e9e<\/a><\/li>\n\n\n\n<li><a href=\"https:\/\/www.univ-oeb.dz\/ista\/wp-content\/uploads\/2023\/09\/delib.agro_.m1.annuel-001-1.pdf\" target=\"_blank\" rel=\"noreferrer noopener\">Premi\u00e8re Ann\u00e9e Master<\/a><\/li>\n<\/ul>\n\n\n\n<h4 class=\"wp-block-heading has-text-align-left\"><strong>Mesures physiques<\/strong><\/h4>\n\n\n\n<ul class=\"wp-block-list\">\n<li><a href=\"https:\/\/www.univ-oeb.dz\/ista\/wp-content\/uploads\/2023\/09\/Delib-L1-MPH.pdf\" target=\"_blank\" rel=\"noreferrer noopener\">Premi\u00e8re Ann\u00e9e<\/a><\/li>\n\n\n\n<li><a href=\"https:\/\/www.univ-oeb.dz\/ista\/wp-content\/uploads\/2023\/09\/pv-globale-2eme-annee.pdf\" target=\"_blank\" rel=\"noreferrer noopener\">Deuxi\u00e8me Ann\u00e9e<\/a><\/li>\n\n\n\n<li><a href=\"https:\/\/www.univ-oeb.dz\/ista\/wp-content\/uploads\/2023\/09\/Delib-L3-MPH.pdf\" target=\"_blank\" rel=\"noreferrer noopener\">Troisi\u00e8me Ann\u00e9e<\/a><\/li>\n<\/ul>\n\n\n\n<hr class=\"wp-block-separator has-alpha-channel-opacity\"\/>\n\n\n\n<h3 class=\"wp-block-heading has-text-align-left\">D\u00e9lib\u00e9rations du premier semestre 2022\/2023<\/h3>\n\n\n\n<h4 class=\"wp-block-heading has-text-align-left\">Mesures physiques<\/h4>\n\n\n\n<ul class=\"wp-block-list\">\n<li><a href=\"https:\/\/www.univ-oeb.dz\/ista\/wp-content\/uploads\/2023\/09\/Delib-MP-S1.pdf\" target=\"_blank\" rel=\"noreferrer noopener\">Premi\u00e8re Ann\u00e9e<\/a><\/li>\n\n\n\n<li><a href=\"https:\/\/www.univ-oeb.dz\/ista\/wp-content\/uploads\/2023\/09\/Delib-MP-S3.pdf\" target=\"_blank\" rel=\"noreferrer noopener\">Deuxi\u00e8me Ann\u00e9e<\/a><\/li>\n\n\n\n<li><a href=\"https:\/\/www.univ-oeb.dz\/ista\/wp-content\/uploads\/2023\/09\/Delib-MP-S5-MCPC.pdf\" target=\"_blank\" rel=\"noreferrer noopener\">3eme Ann\u00e9e MCPC<\/a><\/li>\n\n\n\n<li><a href=\"https:\/\/www.univ-oeb.dz\/ista\/wp-content\/uploads\/2023\/09\/Delib-MP-S5-TI.pdf\" target=\"_blank\" rel=\"noreferrer noopener\">3eme Ann\u00e9e TI<\/a><\/li>\n<\/ul>\n\n\n\n<h4 class=\"wp-block-heading has-text-align-left\"><strong>G\u00e9nie Biologique<\/strong><\/h4>\n\n\n\n<ul class=\"wp-block-list\">\n<li><a href=\"https:\/\/www.univ-oeb.dz\/ista\/wp-content\/uploads\/2023\/09\/Delib-GB-L1-1.pdf\" target=\"_blank\" rel=\"noreferrer noopener\">Premi\u00e8re Ann\u00e9e<\/a><\/li>\n\n\n\n<li><a href=\"https:\/\/www.univ-oeb.dz\/ista\/wp-content\/uploads\/2023\/09\/Delib-GB-L2-1.pdf\" target=\"_blank\" rel=\"noreferrer noopener\">Deuxi\u00e8me Ann\u00e9e<\/a><\/li>\n\n\n\n<li><a href=\"https:\/\/www.univ-oeb.dz\/ista\/wp-content\/uploads\/2023\/09\/Delib-GB-L3-1.pdf\" target=\"_blank\" rel=\"noreferrer noopener\">Troisi\u00e8me Ann\u00e9e<\/a><\/li>\n\n\n\n<li><a href=\"https:\/\/www.univ-oeb.dz\/ista\/wp-content\/uploads\/2023\/09\/Delib-GB-M1.pdf\" target=\"_blank\" rel=\"noreferrer noopener\">Premi\u00e8re Ann\u00e9e Master<\/a><\/li>\n<\/ul>\n\n\n\n<h4 class=\"wp-block-heading has-text-align-left\"><strong>R\u00e9seaux Et T\u00e9l\u00e9communications<\/strong><\/h4>\n\n\n\n<ul class=\"wp-block-list\">\n<li><a href=\"https:\/\/www.univ-oeb.dz\/ista\/wp-content\/uploads\/2023\/09\/Delib-RT-M1.pdf\" target=\"_blank\" rel=\"noreferrer noopener\">Premi\u00e8re Ann\u00e9e Master<\/a><\/li>\n\n\n\n<li><a href=\"https:\/\/www.univ-oeb.dz\/ista\/wp-content\/uploads\/2023\/09\/Delib-RT-L1.pdf\" target=\"_blank\" rel=\"noreferrer noopener\">Premi\u00e8re Ann\u00e9e<\/a><\/li>\n\n\n\n<li><a href=\"https:\/\/www.univ-oeb.dz\/ista\/wp-content\/uploads\/2023\/09\/Delib-RT-L2-1.pdf\" target=\"_blank\" rel=\"noreferrer noopener\">Deuxi\u00e8me Ann\u00e9e<\/a><\/li>\n\n\n\n<li><a href=\"https:\/\/www.univ-oeb.dz\/ista\/wp-content\/uploads\/2023\/09\/Delib-RT-L3.pdf\" target=\"_blank\" rel=\"noreferrer noopener\">Troisi\u00e8me Ann\u00e9e<\/a><\/li>\n<\/ul>\n\n\n\n<h4 class=\"wp-block-heading has-text-align-left\"><strong>Gestion des Entreprises et des Administrations<\/strong><\/h4>\n\n\n\n<ul class=\"wp-block-list\">\n<li><a href=\"https:\/\/www.univ-oeb.dz\/ista\/wp-content\/uploads\/2023\/09\/Delib-GEA-L1-1.pdf\" target=\"_blank\" rel=\"noreferrer noopener\">Premi\u00e8re Ann\u00e9e<\/a><\/li>\n\n\n\n<li><a href=\"https:\/\/www.univ-oeb.dz\/ista\/wp-content\/uploads\/2023\/09\/Delib-GEA-L2-1.pdf\" target=\"_blank\" rel=\"noreferrer noopener\">Deuxi\u00e8me Ann\u00e9e<\/a><\/li>\n\n\n\n<li><a href=\"https:\/\/www.univ-oeb.dz\/ista\/wp-content\/uploads\/2023\/09\/Delib-L3-CF.pdf\" target=\"_blank\" rel=\"noreferrer noopener\">Troisi\u00e8me ann\u00e9e CF<\/a><\/li>\n\n\n\n<li><a href=\"https:\/\/www.univ-oeb.dz\/ista\/wp-content\/uploads\/2023\/09\/Delib-L3-GRH.pdf\" target=\"_blank\" rel=\"noreferrer noopener\">Troisi\u00e8me Ann\u00e9e GRH<\/a><\/li>\n\n\n\n<li><a href=\"https:\/\/www.univ-oeb.dz\/ista\/wp-content\/uploads\/2023\/09\/Delib-GEA-M1.pdf\" target=\"_blank\" rel=\"noreferrer noopener\">Premi\u00e8re Ann\u00e9e Master<\/a><\/li>\n<\/ul>\n\n\n\n<p>.<\/p>\n\n\n\n<p><\/p>\n","protected":false},"excerpt":{"rendered":"<p>D\u00e9lib\u00e9rations du premier semestre 2025\/2026 R\u00e9seaux Et T\u00e9l\u00e9communications Premi\u00e8re Ann\u00e9e Deuxi\u00e8me Ann\u00e9e Troisi\u00e8me Ann\u00e9e Premi\u00e8re Ann\u00e9e Master Deuxi\u00e8me Ann\u00e9e Master Mesures physiques Premi\u00e8re Ann\u00e9e Deuxi\u00e8me Ann\u00e9e Troisi\u00e8me Ann\u00e9e TI Troisi\u00e8me Ann\u00e9e MCPC Premi\u00e8re Ann\u00e9e Master Premi\u00e8re Ann\u00e9e MUP Deuxi\u00e8me Ann\u00e9e MUP Gestion des Entreprises et des Administrations Premi\u00e8re Ann\u00e9e Deuxi\u00e8me Ann\u00e9e Troisi\u00e8me Ann\u00e9e CF Troisi\u00e8me Ann\u00e9e GRH Premi\u00e8re Ann\u00e9e Master D\u00e9lib\u00e9rations du deuxi\u00e8me semestre 2024\/2025 R\u00e9seaux Et T\u00e9l\u00e9communications Premi\u00e8re Ann\u00e9e Deuxi\u00e8me Ann\u00e9e Premi\u00e8re Ann\u00e9e Master Mesures physiques Premi\u00e8re Ann\u00e9e Deuxi\u00e8me Ann\u00e9e Troisi\u00e8me Ann\u00e9e MCPC Troisi\u00e8me Ann\u00e9e TI Premi\u00e8re Ann\u00e9e GI G\u00e9nie Biologique Premi\u00e8re Ann\u00e9e Deuxi\u00e8me Ann\u00e9e Troisi\u00e8me Ann\u00e9e Premi\u00e8re Ann\u00e9e Master Gestion des Entreprises et des Administrations Premi\u00e8re Ann\u00e9e Deuxi\u00e8me Ann\u00e9e Troisi\u00e8me ann\u00e9e CF Troisi\u00e8me Ann\u00e9e GRH D\u00e9lib\u00e9rations du premier semestre 2024\/2025 R\u00e9seaux Et T\u00e9l\u00e9communications Premi\u00e8re Ann\u00e9e Deuxi\u00e8me Ann\u00e9e Troisi\u00e8me Ann\u00e9e Premi\u00e8re Ann\u00e9e Master Deuxi\u00e8me Ann\u00e9e Master Mesures physiques Premi\u00e8re Ann\u00e9e Deuxi\u00e8me Ann\u00e9e Troisi\u00e8me Ann\u00e9e TI Troisi\u00e8me Ann\u00e9e MCPC Premi\u00e8re Ann\u00e9e MUP G\u00e9nie Biologique Premi\u00e8re Ann\u00e9e Deuxi\u00e8me Ann\u00e9e Troisi\u00e8me Ann\u00e9e Premi\u00e8re Ann\u00e9e Master Gestion des Entreprises et des Administrations Premi\u00e8re Ann\u00e9e Deuxi\u00e8me Ann\u00e9e Troisi\u00e8me Ann\u00e9e CF Troisi\u00e8me Ann\u00e9e GRH 2023\/2024 D\u00e9lib\u00e9rations finales Mesures physiques L1 apr\u00e8s mis \u00e0 jour article 1023 L2 R\u00e9seaux Et T\u00e9l\u00e9communications Premi\u00e8re Ann\u00e9e MAJ &#8211; article 1023 Deuxi\u00e8me Ann\u00e9e Troisi\u00e8me Ann\u00e9e Premi\u00e8re Ann\u00e9e Master MAJ &#8211; article 1023 G\u00e9nie Biologique D\u00e9lib\u00e9rations du deuxi\u00e8me semestre Gestion des Entreprises et des Administrations Premi\u00e8re Ann\u00e9e Deuxi\u00e8me Ann\u00e9e Troisi\u00e8me ann\u00e9e CF Troisi\u00e8me Ann\u00e9e GRH R\u00e9seaux Et T\u00e9l\u00e9communications Premi\u00e8re Ann\u00e9e Deuxi\u00e8me Ann\u00e9e Troisi\u00e8me Ann\u00e9e Premi\u00e8re Ann\u00e9e Master G\u00e9nie Biologique Premi\u00e8re Ann\u00e9e Deuxi\u00e8me Ann\u00e9e Troisi\u00e8me Ann\u00e9e Premi\u00e8re Ann\u00e9e Master Mesures physiques Premi\u00e8re Ann\u00e9e Deuxi\u00e8me Ann\u00e9e Troisi\u00e8me Ann\u00e9e D\u00e9lib\u00e9rations du premier semestre 2022\/2023 Mesures physiques Premi\u00e8re Ann\u00e9e Deuxi\u00e8me Ann\u00e9e 3eme Ann\u00e9e MCPC 3eme Ann\u00e9e TI G\u00e9nie Biologique Premi\u00e8re Ann\u00e9e Deuxi\u00e8me Ann\u00e9e Troisi\u00e8me Ann\u00e9e Premi\u00e8re Ann\u00e9e Master R\u00e9seaux Et T\u00e9l\u00e9communications Premi\u00e8re Ann\u00e9e Master Premi\u00e8re Ann\u00e9e Deuxi\u00e8me Ann\u00e9e Troisi\u00e8me Ann\u00e9e Gestion des Entreprises et des Administrations Premi\u00e8re Ann\u00e9e Deuxi\u00e8me Ann\u00e9e Troisi\u00e8me ann\u00e9e CF Troisi\u00e8me Ann\u00e9e GRH Premi\u00e8re Ann\u00e9e Master .<\/p>\n","protected":false},"author":1,"featured_media":0,"parent":0,"menu_order":0,"comment_status":"closed","ping_status":"closed","template":"","meta":{"footnotes":""},"class_list":["post-1249","page","type-page","status-publish","hentry"],"_links":{"self":[{"href":"https:\/\/www.univ-oeb.dz\/ista\/wp-json\/wp\/v2\/pages\/1249"}],"collection":[{"href":"https:\/\/www.univ-oeb.dz\/ista\/wp-json\/wp\/v2\/pages"}],"about":[{"href":"https:\/\/www.univ-oeb.dz\/ista\/wp-json\/wp\/v2\/types\/page"}],"author":[{"embeddable":true,"href":"https:\/\/www.univ-oeb.dz\/ista\/wp-json\/wp\/v2\/users\/1"}],"replies":[{"embeddable":true,"href":"https:\/\/www.univ-oeb.dz\/ista\/wp-json\/wp\/v2\/comments?post=1249"}],"version-history":[{"count":6,"href":"https:\/\/www.univ-oeb.dz\/ista\/wp-json\/wp\/v2\/pages\/1249\/revisions"}],"predecessor-version":[{"id":6369,"href":"https:\/\/www.univ-oeb.dz\/ista\/wp-json\/wp\/v2\/pages\/1249\/revisions\/6369"}],"wp:attachment":[{"href":"https:\/\/www.univ-oeb.dz\/ista\/wp-json\/wp\/v2\/media?parent=1249"}],"curies":[{"name":"wp","href":"https:\/\/api.w.org\/{rel}","templated":true}]}}