{"id":1247,"date":"2023-08-31T09:21:54","date_gmt":"2023-08-31T09:21:54","guid":{"rendered":"http:\/\/www.univ-oeb.dz\/ista\/?page_id=1247"},"modified":"2026-02-01T12:55:30","modified_gmt":"2026-02-01T12:55:30","slug":"online-course","status":"publish","type":"page","link":"https:\/\/www.univ-oeb.dz\/ista\/en\/online-course\/","title":{"rendered":"Online course"},"content":{"rendered":"\n<p><strong>Management of companies and administrations<\/strong><\/p>\n\n\n\n<ul class=\"wp-block-list\">\n<li><a href=\"https:\/\/www.univ-oeb.dz\/ista\/wp-content\/uploads\/2024\/09\/Recrutement-et-gestion-de-carriere-Tlilani.pdf\"><strong>Recrutement et gestion de carri\u00e8re<\/strong> &#8211; <strong>Tlilani Fatima Zahra<\/strong><\/a><\/li>\n\n\n\n<li><a href=\"https:\/\/www.univ-oeb.dz\/ista\/wp-content\/uploads\/2024\/09\/polycopie-Tlilani-systemes-de-gestion.pdf\"><strong>Systemes de gestion<\/strong> &#8211; <strong>Tlilani Fatima Zahra<\/strong><\/a><\/li>\n<\/ul>\n\n\n\n<p class=\"has-text-align-left\"><strong>Networks and Telecommunications<\/strong><\/p>\n\n\n\n<ul class=\"wp-block-list\">\n<li><strong><a href=\"https:\/\/www.univ-oeb.dz\/ista\/wp-content\/uploads\/2023\/08\/SUPPORT-DE-COURS_merged.pdf\" target=\"_blank\" rel=\"noreferrer noopener\">Electronique 04 Cours &#8211; Dr. Imad Benacer<\/a><\/strong><\/li>\n\n\n\n<li><strong><a href=\"https:\/\/www.univ-oeb.dz\/ista\/wp-content\/uploads\/2023\/08\/SUPPORT-DE-TD_merged.pdf\" target=\"_blank\" rel=\"noreferrer noopener\">Electronique 04 TD &#8211; Dr. Imad Benacer<\/a><\/strong><\/li>\n\n\n\n<li><a href=\"https:\/\/www.univ-oeb.dz\/ista\/wp-content\/uploads\/2024\/12\/Informatique-dinstrumentation-II.pdf\"><strong>Informatique d\u2019instrumentation II<\/strong> &#8211; <strong>Dr. Moulahcene fateh<\/strong><\/a><\/li>\n<\/ul>\n\n\n\n<h4 class=\"wp-block-heading has-text-align-left\">Physical Measurements<\/h4>\n\n\n\n<ul class=\"wp-block-list\">\n<li><a href=\"https:\/\/www.univ-oeb.dz\/ista\/wp-content\/uploads\/2023\/08\/Systeme-Optique-1_bouaicha.pdf\" target=\"_blank\" rel=\"noreferrer noopener\">Syst\u00e8me Optique 1 \u2013 Dr. Boua\u00efcha Faiza<\/a><\/li>\n\n\n\n<li><a href=\"https:\/\/www.univ-oeb.dz\/ista\/wp-content\/uploads\/2026\/02\/STMO-Course-ZAITER.pdf\">The Atomic and Molecular Structure<\/a><\/li>\n<\/ul>\n\n\n\n<h4 class=\"wp-block-heading has-text-align-left\">Biological engineering<\/h4>\n\n\n\n<p><strong>Cours de Dr Mosbah Cam\u00e9lia:<\/strong><\/p>\n\n\n\n<ul class=\"wp-block-list\">\n<li><a href=\"https:\/\/www.univ-oeb.dz\/ista\/wp-content\/uploads\/2025\/12\/Polycopie-cellulaire-2023.pdf\">Biologie &amp; physiologie cellulaire<\/a><\/li>\n\n\n\n<li><a href=\"https:\/\/www.univ-oeb.dz\/ista\/wp-content\/uploads\/2025\/12\/Projet-Personnel-et-Professionnel-PPP-L1.pdf\">Projet Personnel et Professionnel (PPP) L1<\/a><\/li>\n<\/ul>\n\n\n\n<ul class=\"wp-block-list\">\n<li><a href=\"https:\/\/www.univ-oeb.dz\/ista\/wp-content\/uploads\/2023\/08\/Chapitre-01.pdf\" target=\"_blank\" rel=\"noreferrer noopener\">Chapitre 01 : Mesures de s\u00e9curit\u00e9 en laboratoire de chimie et de biochimie<\/a><\/li>\n\n\n\n<li><a href=\"https:\/\/www.univ-oeb.dz\/ista\/wp-content\/uploads\/2023\/08\/Chapitre-02.pdf\" target=\"_blank\" rel=\"noreferrer noopener\">Chapitre II : La chromatographie<\/a><\/li>\n\n\n\n<li><a href=\"https:\/\/www.univ-oeb.dz\/ista\/wp-content\/uploads\/2023\/08\/Chapitre-03-.pdf\" target=\"_blank\" rel=\"noreferrer noopener\">Chapitre III : Le dosage<\/a><\/li>\n\n\n\n<li><a href=\"https:\/\/www.univ-oeb.dz\/ista\/wp-content\/uploads\/2023\/08\/TD-02-de-chromatographie.pdf\" target=\"_blank\" rel=\"noreferrer noopener\">TD02 : La chromatographie<\/a><\/li>\n\n\n\n<li><a href=\"https:\/\/www.univ-oeb.dz\/ista\/wp-content\/uploads\/2023\/08\/TD-02-de-chromatographie-corrige.pdf\" target=\"_blank\" rel=\"noreferrer noopener\">TD02 : La chromatographie (corrig\u00e9)<\/a><\/li>\n\n\n\n<li><a href=\"https:\/\/www.univ-oeb.dz\/ista\/wp-content\/uploads\/2023\/08\/TD-03-DOSAGE.pdf\" target=\"_blank\" rel=\"noreferrer noopener\">TD03 : Le dosage<\/a><\/li>\n<\/ul>\n","protected":false},"excerpt":{"rendered":"<p>Management of companies and administrations Recrutement et gestion de carri\u00e8re &#8211; Tlilani Fatima Zahra Systemes de gestion &#8211; Tlilani Fatima Zahra Networks and Telecommunications Electronique 04 Cours &#8211; Dr. Imad Benacer Electronique 04 TD &#8211; Dr. Imad Benacer Informatique d\u2019instrumentation II &#8211; Dr. Moulahcene fateh Physical Measurements Syst\u00e8me Optique 1 \u2013 Dr. Boua\u00efcha Faiza The Atomic and Molecular Structure Biological engineering Cours de Dr Mosbah Cam\u00e9lia: Biologie &amp; physiologie cellulaire Projet Personnel et Professionnel (PPP) L1 Chapitre 01 : Mesures de s\u00e9curit\u00e9 en laboratoire de chimie et de biochimie Chapitre II : La chromatographie Chapitre III : Le dosage TD02 : La chromatographie TD02 : La chromatographie (corrig\u00e9) TD03 : Le dosage<\/p>\n","protected":false},"author":1,"featured_media":0,"parent":0,"menu_order":0,"comment_status":"closed","ping_status":"closed","template":"","meta":{"footnotes":""},"class_list":["post-1247","page","type-page","status-publish","hentry"],"_links":{"self":[{"href":"https:\/\/www.univ-oeb.dz\/ista\/wp-json\/wp\/v2\/pages\/1247"}],"collection":[{"href":"https:\/\/www.univ-oeb.dz\/ista\/wp-json\/wp\/v2\/pages"}],"about":[{"href":"https:\/\/www.univ-oeb.dz\/ista\/wp-json\/wp\/v2\/types\/page"}],"author":[{"embeddable":true,"href":"https:\/\/www.univ-oeb.dz\/ista\/wp-json\/wp\/v2\/users\/1"}],"replies":[{"embeddable":true,"href":"https:\/\/www.univ-oeb.dz\/ista\/wp-json\/wp\/v2\/comments?post=1247"}],"version-history":[{"count":5,"href":"https:\/\/www.univ-oeb.dz\/ista\/wp-json\/wp\/v2\/pages\/1247\/revisions"}],"predecessor-version":[{"id":6014,"href":"https:\/\/www.univ-oeb.dz\/ista\/wp-json\/wp\/v2\/pages\/1247\/revisions\/6014"}],"wp:attachment":[{"href":"https:\/\/www.univ-oeb.dz\/ista\/wp-json\/wp\/v2\/media?parent=1247"}],"curies":[{"name":"wp","href":"https:\/\/api.w.org\/{rel}","templated":true}]}}