{"id":1241,"date":"2023-08-31T10:00:42","date_gmt":"2023-08-31T10:00:42","guid":{"rendered":"http:\/\/www.univ-oeb.dz\/ista\/?page_id=1241"},"modified":"2025-12-23T12:17:43","modified_gmt":"2025-12-23T12:17:43","slug":"programme-des-controles","status":"publish","type":"page","link":"https:\/\/www.univ-oeb.dz\/ista\/fr\/programme-des-controles\/","title":{"rendered":"Programme des contr\u00f4les"},"content":{"rendered":"\n<h3 class=\"wp-block-heading\"><strong>Planning des Examens du premier semestre 2025\/2026<\/strong><\/h3>\n\n\n\n<ul class=\"wp-block-list\">\n<li><strong>R\u00e9seaux et T\u00e9l\u00e9communications<\/strong>\n<ul class=\"wp-block-list\">\n<li><strong><a href=\"https:\/\/www.univ-oeb.dz\/ista\/wp-content\/uploads\/2025\/12\/Planning-des-Examens-RT.pdf\">Planning des Examens<\/a><\/strong><\/li>\n\n\n\n<li><strong><a href=\"https:\/\/www.univ-oeb.dz\/ista\/wp-content\/uploads\/2025\/12\/Planning-des-dettes-RT.pdf\">Planning des Examens (dettes)<\/a><\/strong><\/li>\n\n\n\n<li><strong><a href=\"https:\/\/www.univ-oeb.dz\/ista\/wp-content\/uploads\/2025\/12\/Listes-des-dettes-RT.pdf\">Les \u00e9tudiants concern\u00e9s par les dettes<\/a><\/strong><\/li>\n<\/ul>\n<\/li>\n<\/ul>\n\n\n\n<p><\/p>\n\n\n\n<ul class=\"wp-block-list\">\n<li><strong>Mesures Physiques<\/strong>\n<ul class=\"wp-block-list\">\n<li><strong><a href=\"https:\/\/www.univ-oeb.dz\/ista\/wp-content\/uploads\/2025\/12\/Planning-des-examens-MP.pdf\">Planning des Examens<\/a><\/strong><\/li>\n\n\n\n<li><strong><a href=\"https:\/\/www.univ-oeb.dz\/ista\/wp-content\/uploads\/2025\/12\/Planning-des-dettes-MP.pdf\">Planning des Examens (dettes)<\/a><\/strong><\/li>\n\n\n\n<li><strong><a href=\"https:\/\/www.univ-oeb.dz\/ista\/wp-content\/uploads\/2025\/12\/Etudiants-dettes-MP.pdf\">Les \u00e9tudiants concern\u00e9s par les dettes<\/a><\/strong><\/li>\n<\/ul>\n<\/li>\n<\/ul>\n\n\n\n<p><\/p>\n\n\n\n<ul class=\"wp-block-list\">\n<li><strong>Gestion des entreprises et des administrations<\/strong>\n<ul class=\"wp-block-list\">\n<li><strong><a href=\"https:\/\/www.univ-oeb.dz\/ista\/wp-content\/uploads\/2025\/12\/Planning-des-examens-GEA.pdf\">Planning des Examens<\/a><\/strong><\/li>\n\n\n\n<li><strong><a href=\"https:\/\/www.univ-oeb.dz\/ista\/wp-content\/uploads\/2025\/12\/Planning-des-dettes-GEA.pdf\">Planning des Examens (dettes)<\/a><\/strong><\/li>\n\n\n\n<li><strong><a href=\"https:\/\/www.univ-oeb.dz\/ista\/wp-content\/uploads\/2025\/12\/Listes-des-dettes-GEA.pdf\">Les \u00e9tudiants concern\u00e9s par les dettes<\/a><\/strong><\/li>\n<\/ul>\n<\/li>\n<\/ul>\n\n\n\n<p><\/p>\n\n\n\n<ul class=\"wp-block-list\">\n<li><strong>G\u00e9nie Biologique<\/strong>\n<ul class=\"wp-block-list\">\n<li><strong><a href=\"https:\/\/www.univ-oeb.dz\/ista\/wp-content\/uploads\/2025\/12\/Planning-des-examens-GB.pdf\">Planning des Examens<\/a><\/strong><\/li>\n\n\n\n<li><strong><a href=\"https:\/\/www.univ-oeb.dz\/ista\/wp-content\/uploads\/2025\/12\/Planning-des-dettes-GB.pdf\">Planning des Examens (dettes)<\/a><\/strong><\/li>\n\n\n\n<li><strong><a href=\"https:\/\/www.univ-oeb.dz\/ista\/wp-content\/uploads\/2025\/12\/Listes-des-dettes-GB.pdf\">Les \u00e9tudiants concern\u00e9s par les dettes<\/a><\/strong><\/li>\n<\/ul>\n<\/li>\n<\/ul>\n\n\n\n<p><\/p>\n\n\n\n<!--nextpage-->\n\n\n\n<h3 class=\"wp-block-heading has-text-align-left has-medium-font-size\">Planning des examens du deuxi\u00e8me semestre 2024\/2025<\/h3>\n\n\n\n<ul class=\"wp-block-list\">\n<li><strong>R\u00e9seaux et T\u00e9l\u00e9communications<\/strong>\n<ul class=\"wp-block-list\">\n<li><strong><a href=\"https:\/\/www.univ-oeb.dz\/ista\/wp-content\/uploads\/2025\/05\/Exam-S2-RT-25.pdf\">Planning des Examens<\/a><\/strong><\/li>\n\n\n\n<li><strong><a href=\"https:\/\/www.univ-oeb.dz\/ista\/wp-content\/uploads\/2025\/05\/dettes-S2-RT.pdf\">Les \u00e9tudiants concern\u00e9s par les dettes<\/a><\/strong><\/li>\n<\/ul>\n<\/li>\n<\/ul>\n\n\n\n<p><\/p>\n\n\n\n<ul class=\"wp-block-list\">\n<li><strong>Mesures Physiques<\/strong>\n<ul class=\"wp-block-list\">\n<li><a href=\"https:\/\/www.univ-oeb.dz\/ista\/wp-content\/uploads\/2025\/05\/Exam-S2-MP-25.pdf\"><strong>Planning des Examens<\/strong> <strong>MPH<\/strong><\/a><\/li>\n\n\n\n<li><a href=\"https:\/\/www.univ-oeb.dz\/ista\/wp-content\/uploads\/2025\/05\/Exam-S2-MUP-25.pdf\"><strong>Planning des Examens<\/strong> <strong>MUP<\/strong><\/a><\/li>\n\n\n\n<li><strong><a href=\"https:\/\/www.univ-oeb.dz\/ista\/wp-content\/uploads\/2025\/04\/Dettes-MPH-S2.pdf\">Les \u00e9tudiants concern\u00e9s par les dettes<\/a><\/strong><\/li>\n<\/ul>\n<\/li>\n<\/ul>\n\n\n\n<p><\/p>\n\n\n\n<ul class=\"wp-block-list\">\n<li><strong>Gestion des entreprises et des administrations<\/strong>\n<ul class=\"wp-block-list\">\n<li><strong><a href=\"https:\/\/www.univ-oeb.dz\/ista\/wp-content\/uploads\/2025\/05\/Exam-S2-GEA.pdf\">Planning des Examens<\/a><\/strong><\/li>\n\n\n\n<li><strong><a href=\"https:\/\/www.univ-oeb.dz\/ista\/wp-content\/uploads\/2025\/05\/dettes-GEA-S2.pdf\">Les \u00e9tudiants concern\u00e9s par les dettes<\/a><\/strong><\/li>\n<\/ul>\n<\/li>\n<\/ul>\n\n\n\n<p><\/p>\n\n\n\n<ul class=\"wp-block-list\">\n<li><strong>G\u00e9nie Biologique<\/strong>\n<ul class=\"wp-block-list\">\n<li><strong><a href=\"https:\/\/www.univ-oeb.dz\/ista\/wp-content\/uploads\/2025\/05\/planning_examens_S2_S4-M1S2_Agro.pdf\">Planning des Examens<\/a><\/strong><\/li>\n\n\n\n<li><strong><a href=\"https:\/\/www.univ-oeb.dz\/ista\/wp-content\/uploads\/2025\/05\/dettes-S2-GB.pdf\">Les \u00e9tudiants concern\u00e9s par les dettes<\/a><\/strong><\/li>\n<\/ul>\n<\/li>\n<\/ul>\n\n\n\n<p><\/p>\n\n\n\n<!--nextpage-->\n\n\n\n<h3 class=\"wp-block-heading\"><strong>Planning des Examens du premier semestre 2024\/2025<\/strong><\/h3>\n\n\n\n<ul class=\"wp-block-list\">\n<li><strong>R\u00e9seaux et T\u00e9l\u00e9communications<\/strong>\n<ul class=\"wp-block-list\">\n<li><strong><a href=\"https:\/\/www.univ-oeb.dz\/ista\/wp-content\/uploads\/2024\/12\/Exam-S1-RT.pdf\">Planning des Examens<\/a><\/strong><\/li>\n\n\n\n<li><strong><a href=\"https:\/\/www.univ-oeb.dz\/ista\/wp-content\/uploads\/2024\/12\/Liste-dettes-RT.pdf\">Les \u00e9tudiants concern\u00e9s par les dettes<\/a><\/strong><\/li>\n<\/ul>\n<\/li>\n<\/ul>\n\n\n\n<p><\/p>\n\n\n\n<ul class=\"wp-block-list\">\n<li><strong>Mesures Physiques<\/strong>\n<ul class=\"wp-block-list\">\n<li><strong><a href=\"https:\/\/www.univ-oeb.dz\/ista\/wp-content\/uploads\/2024\/12\/Exam-S1-MP.pdf\">Planning des Examens<\/a><\/strong><\/li>\n\n\n\n<li><strong><a href=\"https:\/\/www.univ-oeb.dz\/ista\/wp-content\/uploads\/2024\/12\/dettes_-25_Mph.xlsx\">Les \u00e9tudiants concern\u00e9s par les dettes<\/a><\/strong><\/li>\n<\/ul>\n<\/li>\n<\/ul>\n\n\n\n<p><\/p>\n\n\n\n<ul class=\"wp-block-list\">\n<li><strong>Gestion des entreprises et des administrations<\/strong>\n<ul class=\"wp-block-list\">\n<li><strong><a href=\"https:\/\/www.univ-oeb.dz\/ista\/wp-content\/uploads\/2024\/12\/Exam-S1-GEA.pdf\">Planning des Examens<\/a><\/strong><\/li>\n\n\n\n<li><strong><a href=\"https:\/\/www.univ-oeb.dz\/ista\/wp-content\/uploads\/2024\/12\/Liste-dettes-GEA.pdf\">Les \u00e9tudiants concern\u00e9s par les dettes<\/a><\/strong><\/li>\n<\/ul>\n<\/li>\n<\/ul>\n\n\n\n<p><\/p>\n\n\n\n<ul class=\"wp-block-list\">\n<li><strong>G\u00e9nie Biologique<\/strong>\n<ul class=\"wp-block-list\">\n<li><strong><a href=\"https:\/\/www.univ-oeb.dz\/ista\/wp-content\/uploads\/2024\/12\/Exam-S1-GB.pdf\">Planning des Examens<\/a><\/strong><\/li>\n\n\n\n<li><strong><a href=\"https:\/\/www.univ-oeb.dz\/ista\/wp-content\/uploads\/2024\/12\/Liste-dettes-GB.pdf\">Les \u00e9tudiants concern\u00e9s par les dettes<\/a><\/strong><\/li>\n<\/ul>\n<\/li>\n<\/ul>\n\n\n\n<hr class=\"wp-block-separator has-alpha-channel-opacity\"\/>\n\n\n\n<!--nextpage-->\n\n\n\n<p class=\"has-text-align-left has-medium-font-size\"><strong><strong>Planning des examens du deuxi\u00e8me semestre 2023\/2024<\/strong><\/strong><\/p>\n\n\n\n<p><a href=\"https:\/\/www.univ-oeb.dz\/ista\/wp-content\/uploads\/2024\/05\/planning_examens_S2_24_RT-Surveillance.pdf\">R\u00e9seaux et t\u00e9l\u00e9communications<\/a><\/p>\n\n\n\n<p class=\"has-text-align-left\"><a href=\"https:\/\/www.univ-oeb.dz\/ista\/wp-content\/uploads\/2024\/05\/planning_examens_S2_24_MPH-Surveillance.pdf\">Mesures Physiques<\/a><\/p>\n\n\n\n<p class=\"has-text-align-left\"><a href=\"https:\/\/www.univ-oeb.dz\/ista\/wp-content\/uploads\/2024\/05\/GEA-planning-2024-S2.pdf\">Gestion des entreprises et administrations <\/a><\/p>\n\n\n\n<p class=\"has-text-align-left\"><a href=\"https:\/\/www.univ-oeb.dz\/ista\/wp-content\/uploads\/2024\/05\/planning_examens_S2_23_24Agro-1.pdf\">G\u00e9nie biologique<\/a><\/p>\n\n\n\n<hr class=\"wp-block-separator has-alpha-channel-opacity\"\/>\n\n\n\n<p class=\"has-text-align-left has-medium-font-size\"><strong><strong>Planning des examens du deuxi\u00e8me semestre 2022\/2023<\/strong><\/strong><\/p>\n\n\n\n<p class=\"has-text-align-left\"><a href=\"https:\/\/www.univ-oeb.dz\/ista\/wp-content\/uploads\/2023\/08\/planning_examens_S2_23_MPH.pdf\" target=\"_blank\" rel=\"noreferrer noopener\">Mesures Physiques<\/a><\/p>\n\n\n\n<p class=\"has-text-align-left\"><a href=\"https:\/\/www.univ-oeb.dz\/ista\/wp-content\/uploads\/2023\/08\/planning_examens_S2_23_RT.pdf\" target=\"_blank\" rel=\"noreferrer noopener\">R\u00e9seaux et t\u00e9l\u00e9communications<\/a><\/p>\n\n\n\n<p class=\"has-text-align-left\"><a href=\"https:\/\/www.univ-oeb.dz\/ista\/wp-content\/uploads\/2023\/08\/planning_examens_S2_23_GEA.pdf\" target=\"_blank\" rel=\"noreferrer noopener\">Gestion des entreprises et administrations <\/a><\/p>\n\n\n\n<p class=\"has-text-align-left\"><a href=\"https:\/\/www.univ-oeb.dz\/ista\/wp-content\/uploads\/2023\/08\/planning_examens_S2_23_Agro.pdf\" target=\"_blank\" rel=\"noreferrer noopener\">G\u00e9nie biologique<\/a><\/p>\n\n\n\n<hr class=\"wp-block-separator has-alpha-channel-opacity\"\/>\n\n\n\n<p class=\"has-text-align-left\"><strong>Planning des Examens du Premier Semestre 2022\/2023<\/strong><\/p>\n\n\n\n<p class=\"has-text-align-left\"><a href=\"https:\/\/www.univ-oeb.dz\/ista\/wp-content\/uploads\/2023\/08\/Examens_S1MP_23.pdf\" target=\"_blank\" rel=\"noreferrer noopener\">Mesures Physiques<\/a><\/p>\n\n\n\n<p class=\"has-text-align-left\"><a href=\"https:\/\/www.univ-oeb.dz\/ista\/wp-content\/uploads\/2023\/08\/Examens_S1GEA_23.pdf\" target=\"_blank\" rel=\"noreferrer noopener\">Gestion des entreprises et administrations <\/a><\/p>\n\n\n\n<p class=\"has-text-align-left\"><a href=\"https:\/\/www.univ-oeb.dz\/ista\/wp-content\/uploads\/2023\/08\/examens_S1RT_23-1-4.pdf\" target=\"_blank\" rel=\"noreferrer noopener\">R\u00e9seaux et t\u00e9l\u00e9communications<\/a><\/p>\n\n\n\n<p class=\"has-text-align-left\"><a href=\"https:\/\/www.univ-oeb.dz\/ista\/wp-content\/uploads\/2023\/08\/Examens_S1GB_23.pdf\" target=\"_blank\" rel=\"noreferrer noopener\">G\u00e9nie biologique<\/a><\/p>\n","protected":false},"excerpt":{"rendered":"<p>Planning des Examens du premier semestre 2025\/2026 R\u00e9seaux et T\u00e9l\u00e9communications Planning des Examens Planning des Examens (dettes) Les \u00e9tudiants concern\u00e9s par les dettes Mesures Physiques Planning des Examens Planning des Examens (dettes) Les \u00e9tudiants concern\u00e9s par les dettes Gestion des entreprises et des administrations Planning des Examens Planning des Examens (dettes) Les \u00e9tudiants concern\u00e9s par les dettes G\u00e9nie Biologique Planning des Examens Planning des Examens (dettes) Les \u00e9tudiants concern\u00e9s par les dettes Planning des examens du deuxi\u00e8me semestre 2024\/2025 R\u00e9seaux et T\u00e9l\u00e9communications Planning des Examens Les \u00e9tudiants concern\u00e9s par les dettes Mesures Physiques Planning des Examens MPH Planning des Examens MUP Les \u00e9tudiants concern\u00e9s par les dettes Gestion des entreprises et des administrations Planning des Examens Les \u00e9tudiants concern\u00e9s par les dettes G\u00e9nie Biologique Planning des Examens Les \u00e9tudiants concern\u00e9s par les dettes Planning des Examens du premier semestre 2024\/2025 R\u00e9seaux et T\u00e9l\u00e9communications Planning des Examens Les \u00e9tudiants concern\u00e9s par les dettes Mesures Physiques Planning des Examens Les \u00e9tudiants concern\u00e9s par les dettes Gestion des entreprises et des administrations Planning des Examens Les \u00e9tudiants concern\u00e9s par les dettes G\u00e9nie Biologique Planning des Examens Les \u00e9tudiants concern\u00e9s par les dettes Planning des examens du deuxi\u00e8me semestre 2023\/2024 R\u00e9seaux et t\u00e9l\u00e9communications Mesures Physiques Gestion des entreprises et administrations G\u00e9nie biologique Planning des examens du deuxi\u00e8me semestre 2022\/2023 Mesures Physiques R\u00e9seaux et t\u00e9l\u00e9communications Gestion des entreprises et administrations G\u00e9nie biologique Planning des Examens du Premier Semestre 2022\/2023 Mesures Physiques Gestion des entreprises et administrations R\u00e9seaux et t\u00e9l\u00e9communications G\u00e9nie biologique<\/p>\n","protected":false},"author":1,"featured_media":0,"parent":0,"menu_order":0,"comment_status":"closed","ping_status":"closed","template":"","meta":{"footnotes":""},"class_list":["post-1241","page","type-page","status-publish","hentry"],"_links":{"self":[{"href":"https:\/\/www.univ-oeb.dz\/ista\/wp-json\/wp\/v2\/pages\/1241"}],"collection":[{"href":"https:\/\/www.univ-oeb.dz\/ista\/wp-json\/wp\/v2\/pages"}],"about":[{"href":"https:\/\/www.univ-oeb.dz\/ista\/wp-json\/wp\/v2\/types\/page"}],"author":[{"embeddable":true,"href":"https:\/\/www.univ-oeb.dz\/ista\/wp-json\/wp\/v2\/users\/1"}],"replies":[{"embeddable":true,"href":"https:\/\/www.univ-oeb.dz\/ista\/wp-json\/wp\/v2\/comments?post=1241"}],"version-history":[{"count":8,"href":"https:\/\/www.univ-oeb.dz\/ista\/wp-json\/wp\/v2\/pages\/1241\/revisions"}],"predecessor-version":[{"id":5525,"href":"https:\/\/www.univ-oeb.dz\/ista\/wp-json\/wp\/v2\/pages\/1241\/revisions\/5525"}],"wp:attachment":[{"href":"https:\/\/www.univ-oeb.dz\/ista\/wp-json\/wp\/v2\/media?parent=1241"}],"curies":[{"name":"wp","href":"https:\/\/api.w.org\/{rel}","templated":true}]}}