{"id":1203,"date":"2023-09-03T13:31:36","date_gmt":"2023-09-03T13:31:36","guid":{"rendered":"http:\/\/www.univ-oeb.dz\/ista\/?page_id=1203"},"modified":"2023-09-03T13:31:38","modified_gmt":"2023-09-03T13:31:38","slug":"%d9%85%d8%ba%d9%84%d8%a7%d9%88%d9%8a-%d9%81%d8%a7%d8%b7%d9%85%d8%a9-%d8%a7%d9%84%d8%b2%d9%87%d8%b1%d8%a7%d8%a1","status":"publish","type":"page","link":"https:\/\/www.univ-oeb.dz\/ista\/%d9%85%d8%ba%d9%84%d8%a7%d9%88%d9%8a-%d9%81%d8%a7%d8%b7%d9%85%d8%a9-%d8%a7%d9%84%d8%b2%d9%87%d8%b1%d8%a7%d8%a1\/","title":{"rendered":"\u0645\u063a\u0644\u0627\u0648\u064a \u0641\u0627\u0637\u0645\u0629 \u0627\u0644\u0632\u0647\u0631\u0627\u0621"},"content":{"rendered":"\n<p class=\"has-text-align-right\"><strong>\u0645\u063a\u0644\u0627\u0648\u064a \u0641\u0627\u0637\u0645\u0629 \u0627\u0644\u0632\u0647\u0631\u0627\u0621<\/strong><\/p>\n\n\n\n<p class=\"has-text-align-right\"><strong><a href=\"https:\/\/www.univ-oeb.dz\/ista\/wp-content\/uploads\/2023\/09\/CV-Meghlaoui.pdf\" target=\"_blank\" rel=\"noreferrer noopener\">\u0627\u0644\u0633\u064a\u0631\u0629 \u0627\u0644\u0630\u0627\u062a\u064a\u0629<\/a><\/strong><\/p>\n\n\n\n<p class=\"has-text-align-right\"><strong>Grade&nbsp;<\/strong>: MCA<\/p>\n\n\n\n<p class=\"has-text-align-right\"><strong>Email<\/strong>&nbsp;:&nbsp;<a href=\"mailto:meghlaoui.fatima@univ-oeb.dz\">meghlaoui.fatima@univ-oeb.dz<\/a><\/p>\n\n\n\n<blockquote class=\"wp-block-quote is-layout-flow wp-block-quote-is-layout-flow\">\n<h3 class=\"has-text-align-right wp-block-heading\"><strong>\u0627\u0644\u0645\u0646\u0634\u0648\u0631\u0627\u062a:<\/strong><\/h3>\n\n\n\n<p>Study of adsorption of phenol on titanium oxide (TiO&lt;inf&gt;2&lt;\/inf&gt;)<\/p>\n<\/blockquote>\n\n\n\n<p><strong><u>COMMUNICATIONS SCIENTIFIQUES INTERNATIONALE&nbsp;<\/u>:<\/strong><\/p>\n\n\n\n<ol class=\"wp-block-list\">\n<li><strong>&nbsp;<\/strong>&nbsp;Bekkouche , M. Bouhelassa, N. Hadj Salah,&nbsp;<strong>F.Z. Meghlaoui<\/strong><\/li>\n<\/ol>\n\n\n\n<p>\u00ab&nbsp;<em>Study of adsorption of phenol on titane oxide<\/em>&nbsp;&nbsp; \u00ab&nbsp;. Desalination. (2004).<\/p>\n\n\n\n<p><strong>&nbsp;&nbsp;&nbsp;&nbsp;&nbsp;<\/strong><strong>&nbsp;&nbsp;&nbsp;<\/strong><strong>F.Z.Meghlaoui,,&nbsp;<\/strong>A.Ghanem Lakehal , M.Bouhelassa, &nbsp;\u00bb&nbsp;<em>Elimination of heavy metals in&nbsp; electrochemical reactor with&nbsp; rectangular fixed bed<\/em>&nbsp;&nbsp;\u00bb Pr\u00e9sent\u00e9e au 2<sup>&nbsp;\u00e9mes<\/sup>&nbsp;seminarie International de photocatalyse et Environnement (CIPE 2014) .7 et 8 Mai 2014 Universit\u00e9 de Constantine1, Algerie<\/p>\n\n\n\n<ul class=\"wp-block-list\">\n<li><strong>Z.Meghlaoui,&nbsp;<\/strong>M. Bouhelassa, S.Bekkouche, K.Bouhidel.<\/li>\n<\/ul>\n\n\n\n<p>&nbsp;\u00bb&nbsp;<em>Elimination and recuperation of metals in waters by electrochemical reactor for perpendicular configuration<\/em>&nbsp;\u00ab&nbsp;SM 185.Pr\u00e9sent\u00e9e au 2<sup>&nbsp;\u00e9mes&nbsp;<\/sup>seminaries internationalde Desalination and the Environment de Santa Margherita \u2013 Portofino- La Spezia \u2013 Italy .22 -25 May 2005.<\/p>\n\n\n\n<p><\/p>\n","protected":false},"excerpt":{"rendered":"<p>\u0645\u063a\u0644\u0627\u0648\u064a \u0641\u0627\u0637\u0645\u0629 \u0627\u0644\u0632\u0647\u0631\u0627\u0621 \u0627\u0644\u0633\u064a\u0631\u0629 \u0627\u0644\u0630\u0627\u062a\u064a\u0629 Grade&nbsp;: MCA Email&nbsp;:&nbsp;meghlaoui.fatima@univ-oeb.dz \u0627\u0644\u0645\u0646\u0634\u0648\u0631\u0627\u062a: Study of adsorption of phenol on titanium oxide (TiO&lt;inf&gt;2&lt;\/inf&gt;) COMMUNICATIONS SCIENTIFIQUES INTERNATIONALE&nbsp;: &nbsp;&nbsp;Bekkouche , M. Bouhelassa, N. Hadj Salah,&nbsp;F.Z. Meghlaoui \u00ab&nbsp;Study of adsorption of phenol on titane oxide&nbsp;&nbsp; \u00ab&nbsp;. Desalination. (2004). &nbsp;&nbsp;&nbsp;&nbsp;&nbsp;&nbsp;&nbsp;&nbsp;F.Z.Meghlaoui,,&nbsp;A.Ghanem Lakehal , M.Bouhelassa, &nbsp;\u00bb&nbsp;Elimination of heavy metals in&nbsp; electrochemical reactor with&nbsp; rectangular fixed bed&nbsp;&nbsp;\u00bb Pr\u00e9sent\u00e9e au 2&nbsp;\u00e9mes&nbsp;seminarie International de photocatalyse et Environnement (CIPE 2014) .7 et 8 Mai 2014 Universit\u00e9 de Constantine1, Algerie Z.Meghlaoui,&nbsp;M. Bouhelassa, S.Bekkouche, K.Bouhidel. &nbsp;\u00bb&nbsp;Elimination and recuperation of metals in waters by electrochemical reactor for perpendicular configuration&nbsp;\u00ab&nbsp;SM 185.Pr\u00e9sent\u00e9e au 2&nbsp;\u00e9mes&nbsp;seminaries internationalde Desalination and the Environment de Santa Margherita \u2013 Portofino- La Spezia \u2013 Italy .22 -25 May 2005.<\/p>\n","protected":false},"author":1,"featured_media":0,"parent":0,"menu_order":0,"comment_status":"closed","ping_status":"closed","template":"","meta":{"footnotes":""},"class_list":["post-1203","page","type-page","status-publish","hentry"],"_links":{"self":[{"href":"https:\/\/www.univ-oeb.dz\/ista\/wp-json\/wp\/v2\/pages\/1203"}],"collection":[{"href":"https:\/\/www.univ-oeb.dz\/ista\/wp-json\/wp\/v2\/pages"}],"about":[{"href":"https:\/\/www.univ-oeb.dz\/ista\/wp-json\/wp\/v2\/types\/page"}],"author":[{"embeddable":true,"href":"https:\/\/www.univ-oeb.dz\/ista\/wp-json\/wp\/v2\/users\/1"}],"replies":[{"embeddable":true,"href":"https:\/\/www.univ-oeb.dz\/ista\/wp-json\/wp\/v2\/comments?post=1203"}],"version-history":[{"count":1,"href":"https:\/\/www.univ-oeb.dz\/ista\/wp-json\/wp\/v2\/pages\/1203\/revisions"}],"predecessor-version":[{"id":1205,"href":"https:\/\/www.univ-oeb.dz\/ista\/wp-json\/wp\/v2\/pages\/1203\/revisions\/1205"}],"wp:attachment":[{"href":"https:\/\/www.univ-oeb.dz\/ista\/wp-json\/wp\/v2\/media?parent=1203"}],"curies":[{"name":"wp","href":"https:\/\/api.w.org\/{rel}","templated":true}]}}