{"id":1164,"date":"2023-09-03T13:02:23","date_gmt":"2023-09-03T13:02:23","guid":{"rendered":"http:\/\/www.univ-oeb.dz\/ista\/?page_id=1164"},"modified":"2023-09-03T13:02:25","modified_gmt":"2023-09-03T13:02:25","slug":"%d9%83%d8%b9%d8%a8%d9%88%d8%b4-%d8%b9%d8%b2-%d8%a7%d9%84%d8%af%d9%8a%d9%86","status":"publish","type":"page","link":"https:\/\/www.univ-oeb.dz\/ista\/%d9%83%d8%b9%d8%a8%d9%88%d8%b4-%d8%b9%d8%b2-%d8%a7%d9%84%d8%af%d9%8a%d9%86\/","title":{"rendered":"\u0643\u0639\u0628\u0648\u0634 \u0639\u0632 \u0627\u0644\u062f\u064a\u0646"},"content":{"rendered":"\n<p class=\"has-text-align-right\">\u0643\u0639\u0628\u0648\u0634 \u0639\u0632 \u0627\u0644\u062f\u064a\u0646<\/p>\n\n\n\n<p class=\"has-text-align-right\"><strong><a href=\"https:\/\/www.univ-oeb.dz\/ista\/wp-content\/uploads\/2023\/09\/ArabicCVKabouche.pdf\" target=\"_blank\" rel=\"noreferrer noopener\">\u0627\u0644\u0633\u064a\u0631\u0629 \u0627\u0644\u0630\u0627\u062a\u064a\u0629<\/a><\/strong><\/p>\n\n\n\n<p class=\"has-text-align-right\"><strong>Grade&nbsp;<\/strong>: Prof.<\/p>\n\n\n\n<p class=\"has-text-align-right\"><strong>Email<\/strong>&nbsp;:&nbsp;<a href=\"mailto:kaabouche.azzeddine@univ-oeb.dz\">kaabouche.azzeddine@univ-oeb.dz<\/a><\/p>\n\n\n\n<blockquote class=\"wp-block-quote is-layout-flow wp-block-quote-is-layout-flow\">\n<h3 class=\"has-text-align-right wp-block-heading\"><strong>\u0627\u0644\u0645\u0646\u0634\u0648\u0631\u0627\u062a:<\/strong><\/h3>\n<\/blockquote>\n\n\n\n<p><strong>03 derni\u00e8res publications:<\/strong><\/p>\n\n\n\n<figure id=\"srchResultsList\" class=\"wp-block-table\"><table><tbody><tr><td>Chemical constituents and antimicrobial activity of essential oils of Ammodaucus leucotricus&nbsp;&nbsp;<\/td><\/tr><\/tbody><\/table><\/figure>\n\n\n\n<figure id=\"srchResultsList\" class=\"wp-block-table\"><table><tbody><tr><td>Spectrophotometric determination of chromium, copper, nickel and iron in electroplating hydroxide sludges&nbsp;&nbsp;<\/td><\/tr><\/tbody><\/table><\/figure>\n\n\n\n<figure id=\"srchResultsList\" class=\"wp-block-table\"><table><tbody><tr><td>Application of genetic algorithms (GA) and threshold acceptance (TA) to a ternary liquid-liquid equilibrium system&nbsp;&nbsp;<\/td><\/tr><\/tbody><\/table><\/figure>\n\n\n\n<ul class=\"wp-block-list\">\n<li>Meniai A-H and Kabouche A, \u00ab&nbsp;Simulation of the interaction of dispersed and the continuous phases in liquide -liquid Extraction process by the Monte Carlo method&nbsp;\u00bb, CAGEP Alger Dec 1996<\/li>\n\n\n\n<li>Kabouche A and Meniai A-H \u00ab&nbsp;A drop population balance for the simulation of liquid-liquid Extraction process&nbsp;\u00bb, CAGEP Alger Dec 1996<\/li>\n\n\n\n<li>Kabouche A, Meniai A-H and Bencheikh le hocine \u00ab&nbsp;Mod\u00e9lisation et simulation de l\u2019absorption r\u00e9active&nbsp;\u00bb, 3 journ\u00e9es du CAGEP, Ourgla Dec 2001<\/li>\n\n\n\n<li>Kabouche A, Meniai A-H and Bencheikh Le hocine&nbsp; \u00abSimulation &nbsp;d\u2019une colonne de distillation par un mod\u00e8le d\u2019\u00e9quilibre&nbsp;\u00bb, 6 journ\u00e9es de la SAC Setif, Mai 2002<\/li>\n\n\n\n<li>Kabouche, A.; Meniai, A-H.; Bencheikh lehocine, M., Modeling the absoption of acidic gases by alkanoamines solutions incorporating several reactions. Chem. Eng.Techol. 2005, 28, 67-71.<\/li>\n\n\n\n<li>Kabouche A, Meniai A-H and Bencheikh Le hocine \u00ab&nbsp;simulation dynamique d\u2019une colonne d\u2019absorption en utilisant un mod\u00e8le d\u2019equilibre&nbsp;\u00bb, JNJP1 Oran, Mai 2005<\/li>\n\n\n\n<li>Kabouche A, Meniai A-H, Bencheikh Le hocine, modelisation de l\u2019absorption des gaz \u00e0 effet de serre en utilisant une colonne reactive. JCH2, EMP, Alger, Mars 2007<\/li>\n\n\n\n<li>Kabouche A, Meniai A-H, Hasseine A, Couplage des th\u00e9ories de transfert des syst\u00e8mes r\u00e9actifs multiconstituants. CIGP\u201907&nbsp; Bejaia, Oct. 2007<\/li>\n\n\n\n<li>Kabouche A, Meniai A, R\u00f4le des alcanolamines dans l\u2019\u00e9limination du dioxyde de carbone et le sulfure d\u2019hydrog\u00e8ne. Int. Cong.Phot. &amp; Env. Constantine, Mai 2008<\/li>\n\n\n\n<li>Hasseine A, Kabouche A, Estimation des param\u00e8tres de coalescence par m\u00e9thode inverse. 8 Congress of Chemical Engineering, Montr\u00e9al, aout 2009<\/li>\n\n\n\n<li>Meniai A-H, Hasseine A., Saouli W., Kabouche A.,&nbsp;Modelling of the Interaction of the Dispersed and the Continuous Phases in A Liquid-Liquid Extraction Column. In Multiphase Flow research, 2009 Nova Science Publisher inc. USA, Editors: S.Martin and J.R.Williams, ISBN: 978-1-60692-448-8 (book Chapter)<\/li>\n\n\n\n<li>Kabouche A, Meniai A, Modelling of the reactive absorption process using an equilibrium concept.&nbsp;<em>Trends in Chemical Engineering<\/em>, volume 12, 2009, 71-77<\/li>\n\n\n\n<li>Kabouche A, Meniai A, M\u00e9canismes d\u2019absorption de gaz par les alcanolamines et leurs r\u00f4les dans la protection de l\u2019environnement. SNCAATM. OEB, Oct 2010<\/li>\n\n\n\n<li>Hasseine A., Kabouche A., Meniai A-H., Korichi M., Salting effect of NaCl and KCl equilibria of water + ethyl acetate + ethanol system and interaction Parameters Estimation Using the Genetic Algorithm.&nbsp;<em>Desalination &amp; Water Treatment<\/em>&nbsp; 2011, 29, 47-55 (Francis &amp;Taylor)<\/li>\n\n\n\n<li>Kabouche A., Meniai A-H., Hasseine A., Estimation of Coalescence Parameters in an Agitated Extraction Column Using a Hybrid Algorithm.&nbsp;<em>Eng.Technol<\/em>. 2011,34, 784-790 ( Wiley-VCH) Impact factor (2011):1.39<\/li>\n\n\n\n<li>Merzougui A., Hasseine A., Kabouche A., Korichi M., LLE for the extraction of alcohol from aqueous solutions with diethyl ether and dichloromethane at 293.15 K, parameter estimation using a hybrid genetic based approach.&nbsp;<em>Fluid Phase Equilibria<\/em>&nbsp;2011,309, 161-169 (Elsevier)<\/li>\n\n\n\n<li>Conf\u00e9rence sur la CAO sous Chemcad, Journ\u00e9e d\u2019\u00e9tude du d\u00e9partement de g\u00e9nie des proc\u00e9d\u00e9s. Oum El Bouaghi 12\/04\/2012<\/li>\n\n\n\n<li>Kabouche A., Boultif A., Abidi A., Gherraf N., Interaction parameter estimation in liquid-liquid phase equilibrium modeling using stochastic and hybrid algorithms.&nbsp;<em>Fluid Phase Equilibria<\/em>&nbsp;2012,336, 113-121 (Elsevier)<\/li>\n\n\n\n<li>Djaballah ML, Kabouche A. Vapour-Liquid Equilibrium Prediction of Carbon Dioxide in an Aqueous Alkanolamine Solution Using Deterministic and Stochastic Algorithms. Chemical Engineering Transactions. 2015;43:1837-42.<\/li>\n\n\n\n<li>Chebouat E., Dadamoussa B.,Kabouche A., Allaoui M.&nbsp;<a href=\"http:\/\/www.academicjournals.org\/article\/article1380726877_Chebouat%20et%20al.pdf\">Gas chromatography-mass spectrometry (GC-MS) analysis of the crude alkaloid extract of Ziziphus mauritiana Lam., grown in Algerian<\/a>. Journal of Medicinal Plants Research. 2013; 20: 1511-1514<\/li>\n\n\n\n<li>Abdenabi Abidi, Azeddine Kabouche, Nourddine Gherraf, Study of the Tangential Nanofiltration of Orthophosphate Ions in Batch: Effects of Concentration, pH and Ionic Composition. International Journal of ChemTech Research. 2015, 8, 220 1 \u2013 2218<\/li>\n\n\n\n<li>Boultif, A., Kabouche, A., &amp; Ladjel, S. (2016). Application of Genetic Algorithms (GA) and Threshold Acceptance (TA) to a Ternary Liquid-Liquid Equilibrium System.&nbsp;<em>International Review on Modelling and Simulations (IREMOS)<\/em>,&nbsp;<em>9<\/em>(1), 29-36.<\/li>\n\n\n\n<li>Boudjouada, M., Salhi, R., Bekhbekh, S., Kabouche, A., &amp; Gherraf, N. (2016). Spectrophotometric Determination of Chromium, Copper, Nickel and Iron in Electroplating Hydroxide Sludges.&nbsp;<em>Asian Journal of Chemistry<\/em>,&nbsp;<em>28<\/em>(5), 1079.<\/li>\n\n\n\n<li>Gherraf, N., Zellagui, A., Kabouche, A., Lahouel, M., Salhi, R., &amp; Rhouati, S. (2017). Chemical constituents and antimicrobial activity of essential oils of Ammodaucus leucotricus.&nbsp;<em>Arabian Journal of Chemistry (Elsevier)<\/em><\/li>\n\n\n\n<li>Djaballah ML, Kabouche A. (2018). Modelling Vapor-liquid equilibrium of CO<sub>2<\/sub>&nbsp;in aqueous MEA using hybrid geneticbased Dec. 09-10, 2018 ENPC, JSSE\u2019 18. ISBN : 978-9931-9503-0-1<\/li>\n<\/ul>\n\n\n\n<blockquote class=\"wp-block-quote is-layout-flow wp-block-quote-is-layout-flow\">\n<h3 class=\"wp-block-heading\"><strong>Base Scopus:<\/strong><\/h3>\n\n\n\n<p><a href=\"https:\/\/www.scopus.com\/authid\/detail.uri?authorId=6507758177\" target=\"_blank\" rel=\"noreferrer noopener\">Plus d\u2019information \u2026<\/a><\/p>\n<\/blockquote>\n","protected":false},"excerpt":{"rendered":"<p>\u0643\u0639\u0628\u0648\u0634 \u0639\u0632 \u0627\u0644\u062f\u064a\u0646 \u0627\u0644\u0633\u064a\u0631\u0629 \u0627\u0644\u0630\u0627\u062a\u064a\u0629 Grade&nbsp;: Prof. Email&nbsp;:&nbsp;kaabouche.azzeddine@univ-oeb.dz \u0627\u0644\u0645\u0646\u0634\u0648\u0631\u0627\u062a: 03 derni\u00e8res publications: Chemical constituents and antimicrobial activity of essential oils of Ammodaucus leucotricus&nbsp;&nbsp; Spectrophotometric determination of chromium, copper, nickel and iron in electroplating hydroxide sludges&nbsp;&nbsp; Application of genetic algorithms (GA) and threshold acceptance (TA) to a ternary liquid-liquid equilibrium system&nbsp;&nbsp; Meniai A-H and Kabouche A, \u00ab&nbsp;Simulation of the interaction of dispersed and the continuous phases in liquide -liquid Extraction process by the Monte Carlo method&nbsp;\u00bb, CAGEP Alger Dec 1996 Kabouche A and Meniai A-H \u00ab&nbsp;A drop population balance for the simulation of liquid-liquid Extraction process&nbsp;\u00bb, CAGEP Alger Dec 1996 Kabouche A, Meniai A-H and Bencheikh le hocine \u00ab&nbsp;Mod\u00e9lisation et simulation de l\u2019absorption r\u00e9active&nbsp;\u00bb, 3 journ\u00e9es du CAGEP, Ourgla Dec 2001 Kabouche A, Meniai A-H and Bencheikh Le hocine&nbsp; \u00abSimulation &nbsp;d\u2019une colonne de distillation par un mod\u00e8le d\u2019\u00e9quilibre&nbsp;\u00bb, 6 journ\u00e9es de la SAC Setif, Mai 2002 Kabouche, A.; Meniai, A-H.; Bencheikh lehocine, M., Modeling the absoption of acidic gases by alkanoamines solutions incorporating several reactions. Chem. Eng.Techol. 2005, 28, 67-71. Kabouche A, Meniai A-H and Bencheikh Le hocine \u00ab&nbsp;simulation dynamique d\u2019une colonne d\u2019absorption en utilisant un mod\u00e8le d\u2019equilibre&nbsp;\u00bb, JNJP1 Oran, Mai 2005 Kabouche A, Meniai A-H, Bencheikh Le hocine, modelisation de l\u2019absorption des gaz \u00e0 effet de serre en utilisant une colonne reactive. JCH2, EMP, Alger, Mars 2007 Kabouche A, Meniai A-H, Hasseine A, Couplage des th\u00e9ories de transfert des syst\u00e8mes r\u00e9actifs multiconstituants. CIGP\u201907&nbsp; Bejaia, Oct. 2007 Kabouche A, Meniai A, R\u00f4le des alcanolamines dans l\u2019\u00e9limination du dioxyde de carbone et le sulfure d\u2019hydrog\u00e8ne. Int. Cong.Phot. &amp; Env. Constantine, Mai 2008 Hasseine A, Kabouche A, Estimation des param\u00e8tres de coalescence par m\u00e9thode inverse. 8 Congress of Chemical Engineering, Montr\u00e9al, aout 2009 Meniai A-H, Hasseine A., Saouli W., Kabouche A.,&nbsp;Modelling of the Interaction of the Dispersed and the Continuous Phases in A Liquid-Liquid Extraction Column. In Multiphase Flow research, 2009 Nova Science Publisher inc. USA, Editors: S.Martin and J.R.Williams, ISBN: 978-1-60692-448-8 (book Chapter) Kabouche A, Meniai A, Modelling of the reactive absorption process using an equilibrium concept.&nbsp;Trends in Chemical Engineering, volume 12, 2009, 71-77 Kabouche A, Meniai A, M\u00e9canismes d\u2019absorption de gaz par les alcanolamines et leurs r\u00f4les dans la protection de l\u2019environnement. SNCAATM. OEB, Oct 2010 Hasseine A., Kabouche A., Meniai A-H., Korichi M., Salting effect of NaCl and KCl equilibria of water + ethyl acetate + ethanol system and interaction Parameters Estimation Using the Genetic Algorithm.&nbsp;Desalination &amp; Water Treatment&nbsp; 2011, 29, 47-55 (Francis &amp;Taylor) Kabouche A., Meniai A-H., Hasseine A., Estimation of Coalescence Parameters in an Agitated Extraction Column Using a Hybrid Algorithm.&nbsp;Eng.Technol. 2011,34, 784-790 ( Wiley-VCH) Impact factor (2011):1.39 Merzougui A., Hasseine A., Kabouche A., Korichi M., LLE for the extraction of alcohol from aqueous solutions with diethyl ether and dichloromethane at 293.15 K, parameter estimation using a hybrid genetic based approach.&nbsp;Fluid Phase Equilibria&nbsp;2011,309, 161-169 (Elsevier) Conf\u00e9rence sur la CAO sous Chemcad, Journ\u00e9e d\u2019\u00e9tude du d\u00e9partement de g\u00e9nie des proc\u00e9d\u00e9s. Oum El Bouaghi 12\/04\/2012 Kabouche A., Boultif A., Abidi A., Gherraf N., Interaction parameter estimation in liquid-liquid phase equilibrium modeling using stochastic and hybrid algorithms.&nbsp;Fluid Phase Equilibria&nbsp;2012,336, 113-121 (Elsevier) Djaballah ML, Kabouche A. Vapour-Liquid Equilibrium Prediction of Carbon Dioxide in an Aqueous Alkanolamine Solution Using Deterministic and Stochastic Algorithms. Chemical Engineering Transactions. 2015;43:1837-42. Chebouat E., Dadamoussa B.,Kabouche A., Allaoui M.&nbsp;Gas chromatography-mass spectrometry (GC-MS) analysis of the crude alkaloid extract of Ziziphus mauritiana Lam., grown in Algerian. Journal of Medicinal Plants Research. 2013; 20: 1511-1514 Abdenabi Abidi, Azeddine Kabouche, Nourddine Gherraf, Study of the Tangential Nanofiltration of Orthophosphate Ions in Batch: Effects of Concentration, pH and Ionic Composition. International Journal of ChemTech Research. 2015, 8, 220 1 \u2013 2218 Boultif, A., Kabouche, A., &amp; Ladjel, S. (2016). Application of Genetic Algorithms (GA) and Threshold Acceptance (TA) to a Ternary Liquid-Liquid Equilibrium System.&nbsp;International Review on Modelling and Simulations (IREMOS),&nbsp;9(1), 29-36. Boudjouada, M., Salhi, R., Bekhbekh, S., Kabouche, A., &amp; Gherraf, N. (2016). Spectrophotometric Determination of Chromium, Copper, Nickel and Iron in Electroplating Hydroxide Sludges.&nbsp;Asian Journal of Chemistry,&nbsp;28(5), 1079. Gherraf, N., Zellagui, A., Kabouche, A., Lahouel, M., Salhi, R., &amp; Rhouati, S. (2017). Chemical constituents and antimicrobial activity of essential oils of Ammodaucus leucotricus.&nbsp;Arabian Journal of Chemistry (Elsevier) Djaballah ML, Kabouche A. (2018). Modelling Vapor-liquid equilibrium of CO2&nbsp;in aqueous MEA using hybrid geneticbased Dec. 09-10, 2018 ENPC, JSSE\u2019 18. ISBN : 978-9931-9503-0-1 Base Scopus: Plus d\u2019information \u2026<\/p>\n","protected":false},"author":1,"featured_media":0,"parent":0,"menu_order":0,"comment_status":"closed","ping_status":"closed","template":"","meta":{"footnotes":""},"class_list":["post-1164","page","type-page","status-publish","hentry"],"_links":{"self":[{"href":"https:\/\/www.univ-oeb.dz\/ista\/wp-json\/wp\/v2\/pages\/1164"}],"collection":[{"href":"https:\/\/www.univ-oeb.dz\/ista\/wp-json\/wp\/v2\/pages"}],"about":[{"href":"https:\/\/www.univ-oeb.dz\/ista\/wp-json\/wp\/v2\/types\/page"}],"author":[{"embeddable":true,"href":"https:\/\/www.univ-oeb.dz\/ista\/wp-json\/wp\/v2\/users\/1"}],"replies":[{"embeddable":true,"href":"https:\/\/www.univ-oeb.dz\/ista\/wp-json\/wp\/v2\/comments?post=1164"}],"version-history":[{"count":1,"href":"https:\/\/www.univ-oeb.dz\/ista\/wp-json\/wp\/v2\/pages\/1164\/revisions"}],"predecessor-version":[{"id":1166,"href":"https:\/\/www.univ-oeb.dz\/ista\/wp-json\/wp\/v2\/pages\/1164\/revisions\/1166"}],"wp:attachment":[{"href":"https:\/\/www.univ-oeb.dz\/ista\/wp-json\/wp\/v2\/media?parent=1164"}],"curies":[{"name":"wp","href":"https:\/\/api.w.org\/{rel}","templated":true}]}}