{"id":1124,"date":"2023-09-03T12:32:00","date_gmt":"2023-09-03T12:32:00","guid":{"rendered":"http:\/\/www.univ-oeb.dz\/ista\/?page_id=1124"},"modified":"2023-09-05T10:36:31","modified_gmt":"2023-09-05T10:36:31","slug":"%d8%b2%d8%b9%d9%8a%d8%aa%d8%b1-%d8%b9%d8%a8%d8%af-%d8%a7%d9%84%d9%84%d9%87","status":"publish","type":"page","link":"https:\/\/www.univ-oeb.dz\/ista\/%d8%b2%d8%b9%d9%8a%d8%aa%d8%b1-%d8%b9%d8%a8%d8%af-%d8%a7%d9%84%d9%84%d9%87\/","title":{"rendered":"\u0632\u0639\u064a\u062a\u0631 \u0639\u0628\u062f \u0627\u0644\u0644\u0647"},"content":{"rendered":"\n<p class=\"has-text-align-right\"><strong>\u0632\u0639\u064a\u062a\u0631 \u0639\u0628\u062f \u0627\u0644\u0644\u0647<\/strong><\/p>\n\n\n\n<p class=\"has-text-align-right\"><strong><a href=\"https:\/\/www.univ-oeb.dz\/ista\/wp-content\/uploads\/2023\/09\/ZAITER-Abdallah-CV.pdf\">\u0627\u0644\u0633\u064a\u0631\u0629 \u0627\u0644\u0630\u0627\u062a\u064a\u0629<\/a><\/strong><\/p>\n\n\n\n<p class=\"has-text-align-right\"><strong>Grade&nbsp;<\/strong>: MCA<\/p>\n\n\n\n<p class=\"has-text-align-right\"><strong>Email<\/strong>&nbsp;:&nbsp;<a href=\"mailto:zaiter.abdellah@univ-oeb.dz\">zaiter.abdellah@univ-oeb.dz<\/a><\/p>\n\n\n\n<blockquote class=\"wp-block-quote is-layout-flow wp-block-quote-is-layout-flow\">\n<h3 class=\"wp-block-heading\"><strong>\u0627\u0644\u0645\u0646\u0634\u0648\u0631\u0627\u062a<\/strong><\/h3>\n<\/blockquote>\n\n\n\n<figure class=\"wp-block-table\"><table><tbody><tr><td><strong>Publications Scientifiques :<\/strong><\/td><td>\u00d8&nbsp; Theoretical and experimental study of gold(III), palladium(II), and platinum (II) complexes with 3-((4-nitrophenyl)thio)phenylcyanamide and 2,2\u2032-bipyridine ligands: Cytotoxic activity and interaction with 9-methylguanine<br><strong>InorganicaChimica Acta 499, 119211(2020)<\/strong><br>&nbsp;<br>\u00d8&nbsp; Coordination\u2019s preference and electronic structure of&nbsp;<em>N<\/em>-heterocyclic carbene\u2013monometallic complexes: DFT evaluation of&nbsp;<em>\u03c3<\/em>-bonding and&nbsp;<em>\u03c0<\/em>-backbonding interactions<br>ZahiaMokrane, BachirZouchoune&amp; Abdallah Zaiter<br><strong>Theoretical Chemistry Accounts 139 (7), 114(2020)<\/strong><br>&nbsp;<br>\u00d8&nbsp; \u00ab\u00a0Experimental and theoretical investigation of cyclometallated platinum(II) complex containing adamantanemethylcyanamide and 1,4-naphthoquinone derivative as ligands: synthesis, characterization, interacting with guanine and cytotoxic activity\u00a0\u00bb Tabrizi Leila; Zouchoune Bachir; <strong>Zaiter Abdallah<\/strong><br><strong><em>RSC Adv.<\/em>, 2019,9, 287-300<\/strong><br><br>\u00d8&nbsp; \u00ab\u00a0<a href=\"javascript:void(0)\">Electronic structure and energy decomposition of binuclear transition metal complexes containing \u03b2-diketiminate and imido ligands: spin state and metal\u2019s nature effects<\/a>\u00a0\u00bb <strong>&nbsp;&nbsp;&nbsp; A Zaiter<\/strong>, B Zouchoune<br><strong>Structural Chemistry<\/strong>, octobre<strong>2018<\/strong>,Volume 29,&nbsp;<a href=\"https:\/\/link.springer.com\/journal\/11224\/29\/5\/page\/1\">Issue&nbsp;5<\/a>,&nbsp;pp 1307\u20131320<br><br>\u00d8&nbsp; \u00ab\u00a0Selectivity of Azine Ligands Towards Lanthanide(III)\/Actinide(III) Differentiation. A Relativistic DFT Based Rationalization\u00a0\u00bb<br><strong><u>Zaiter, Abdellah<\/u><\/strong>; Amine, Boudersa; BOUZIDI, YAMINA; Belkhiri, Lotfi; Boucekkine, Abdou; Ephritikhine, Michel<br><strong><em>Inorg. Chem.<\/em>,<\/strong>&nbsp;<strong>2014<\/strong>,&nbsp;<em>53<\/em>&nbsp;(9), pp 4687\u20134697&nbsp;<br><br>\u00d8&nbsp; \u00ab\u00a0A relativistic DFT study of magnetic exchange coupling in ketimides bimetallic uranium (IV) complexes\u00a0\u00bb<br>Samir Meskhaldji , <strong>Abdellah ZAITER<\/strong> , Lotfi BELKHIRI, Abdou BOUCEKKINE<br><a href=\"http:\/\/rd.springer.com\/journal\/214\"><strong>TheoreticalChemistryAccounts<\/strong><\/a><strong>.,2012,<\/strong> 131 (3), 1151<\/td><\/tr><tr><td><strong>Activit\u00e9s Compl\u00e9mentaire&nbsp;:<\/strong><\/td><td>\u00a7&nbsp; 2<sup>\u00e9me<\/sup> S\u00e9minaire Nationale de Chimie \u00e0 T\u00e9bessa le 18-19 mai 2004<br>\u00a7&nbsp; 6<sup>\u00e9me<\/sup> Journ\u00e9es Nationales de Chimie \u00e0 Constantine le 13-14 et 15&nbsp;avril&nbsp;2004 (particip\u00e9 avec deux communications).<br>\u00a7&nbsp; Les journ\u00e9es de Chimie Th\u00e9orique (JCT8) \u00e0 l\u2019universit\u00e9&nbsp; USHTB d\u2019AlgerLe 30\/31 octobre 2007.<br>&nbsp;<br>\u00a7&nbsp; Neuvi\u00e8me Journ\u00e9e de chimie th\u00e9orique et computationnelle Constantine, le 7-9 november 2010<br>\u00a7&nbsp; Participation aux 6<sup>\u00e9me<\/sup> journ\u00e9es de Chimie Quantique \u00e0 Constantine le 17-18 mai 2003 en tant que membre organisateur.<br>Programmation des activit\u00e9s de recherche 2014-2018&nbsp;<br>Calcul scientifique en sciences des mat\u00e9riaux. Oran le 30 nov- 01 dec 2013.<\/td><\/tr><\/tbody><\/table><\/figure>\n\n\n\n<blockquote class=\"wp-block-quote is-layout-flow wp-block-quote-is-layout-flow\">\n<h3 class=\"wp-block-heading\"><strong>Base Scopus:<\/strong><\/h3>\n\n\n\n<p><strong><a href=\"https:\/\/www.scopus.com\/authid\/detail.uri?authorId=54969563600\" target=\"_blank\" rel=\"noreferrer noopener\">Plus d\u2019information \u2026<\/a><\/strong><\/p>\n<\/blockquote>\n","protected":false},"excerpt":{"rendered":"<p>\u0632\u0639\u064a\u062a\u0631 \u0639\u0628\u062f \u0627\u0644\u0644\u0647 \u0627\u0644\u0633\u064a\u0631\u0629 \u0627\u0644\u0630\u0627\u062a\u064a\u0629 Grade&nbsp;: MCA Email&nbsp;:&nbsp;zaiter.abdellah@univ-oeb.dz \u0627\u0644\u0645\u0646\u0634\u0648\u0631\u0627\u062a Publications Scientifiques :\u00d8&nbsp; Theoretical and experimental study of gold(III), palladium(II), and platinum (II) complexes with 3-((4-nitrophenyl)thio)phenylcyanamide and 2,2\u2032-bipyridine ligands: Cytotoxic activity and interaction with 9-methylguanineInorganicaChimica Acta 499, 119211(2020)&nbsp;\u00d8&nbsp; Coordination\u2019s preference and electronic structure of&nbsp;N-heterocyclic carbene\u2013monometallic complexes: DFT evaluation of&nbsp;\u03c3-bonding and&nbsp;\u03c0-backbonding interactionsZahiaMokrane, BachirZouchoune&amp; Abdallah ZaiterTheoretical Chemistry Accounts 139 (7), 114(2020)&nbsp;\u00d8&nbsp; \u00ab\u00a0Experimental and theoretical investigation of cyclometallated platinum(II) complex containing adamantanemethylcyanamide and 1,4-naphthoquinone derivative as ligands: synthesis, characterization, interacting with guanine and cytotoxic activity\u00a0\u00bb Tabrizi Leila; Zouchoune Bachir; Zaiter AbdallahRSC Adv., 2019,9, 287-300\u00d8&nbsp; \u00ab\u00a0Electronic structure and energy decomposition of binuclear transition metal complexes containing \u03b2-diketiminate and imido ligands: spin state and metal\u2019s nature effects\u00a0\u00bb &nbsp;&nbsp;&nbsp; A Zaiter, B ZouchouneStructural Chemistry, octobre2018,Volume 29,&nbsp;Issue&nbsp;5,&nbsp;pp 1307\u20131320\u00d8&nbsp; \u00ab\u00a0Selectivity of Azine Ligands Towards Lanthanide(III)\/Actinide(III) Differentiation. A Relativistic DFT Based Rationalization\u00a0\u00bbZaiter, Abdellah; Amine, Boudersa; BOUZIDI, YAMINA; Belkhiri, Lotfi; Boucekkine, Abdou; Ephritikhine, MichelInorg. Chem.,&nbsp;2014,&nbsp;53&nbsp;(9), pp 4687\u20134697&nbsp;\u00d8&nbsp; \u00ab\u00a0A relativistic DFT study of magnetic exchange coupling in ketimides bimetallic uranium (IV) complexes\u00a0\u00bbSamir Meskhaldji , Abdellah ZAITER , Lotfi BELKHIRI, Abdou BOUCEKKINETheoreticalChemistryAccounts.,2012, 131 (3), 1151Activit\u00e9s Compl\u00e9mentaire&nbsp;:\u00a7&nbsp; 2\u00e9me S\u00e9minaire Nationale de Chimie \u00e0 T\u00e9bessa le 18-19 mai 2004\u00a7&nbsp; 6\u00e9me Journ\u00e9es Nationales de Chimie \u00e0 Constantine le 13-14 et 15&nbsp;avril&nbsp;2004 (particip\u00e9 avec deux communications).\u00a7&nbsp; Les journ\u00e9es de Chimie Th\u00e9orique (JCT8) \u00e0 l\u2019universit\u00e9&nbsp; USHTB d\u2019AlgerLe 30\/31 octobre 2007.&nbsp;\u00a7&nbsp; Neuvi\u00e8me Journ\u00e9e de chimie th\u00e9orique et computationnelle Constantine, le 7-9 november 2010\u00a7&nbsp; Participation aux 6\u00e9me journ\u00e9es de Chimie Quantique \u00e0 Constantine le 17-18 mai 2003 en tant que membre organisateur.Programmation des activit\u00e9s de recherche 2014-2018&nbsp;Calcul scientifique en sciences des mat\u00e9riaux. Oran le 30 nov- 01 dec 2013. Base Scopus: Plus d\u2019information \u2026<\/p>\n","protected":false},"author":1,"featured_media":0,"parent":0,"menu_order":0,"comment_status":"closed","ping_status":"closed","template":"","meta":{"footnotes":""},"class_list":["post-1124","page","type-page","status-publish","hentry"],"_links":{"self":[{"href":"https:\/\/www.univ-oeb.dz\/ista\/wp-json\/wp\/v2\/pages\/1124"}],"collection":[{"href":"https:\/\/www.univ-oeb.dz\/ista\/wp-json\/wp\/v2\/pages"}],"about":[{"href":"https:\/\/www.univ-oeb.dz\/ista\/wp-json\/wp\/v2\/types\/page"}],"author":[{"embeddable":true,"href":"https:\/\/www.univ-oeb.dz\/ista\/wp-json\/wp\/v2\/users\/1"}],"replies":[{"embeddable":true,"href":"https:\/\/www.univ-oeb.dz\/ista\/wp-json\/wp\/v2\/comments?post=1124"}],"version-history":[{"count":2,"href":"https:\/\/www.univ-oeb.dz\/ista\/wp-json\/wp\/v2\/pages\/1124\/revisions"}],"predecessor-version":[{"id":1401,"href":"https:\/\/www.univ-oeb.dz\/ista\/wp-json\/wp\/v2\/pages\/1124\/revisions\/1401"}],"wp:attachment":[{"href":"https:\/\/www.univ-oeb.dz\/ista\/wp-json\/wp\/v2\/media?parent=1124"}],"curies":[{"name":"wp","href":"https:\/\/api.w.org\/{rel}","templated":true}]}}