{"id":1087,"date":"2023-09-03T10:22:11","date_gmt":"2023-09-03T10:22:11","guid":{"rendered":"http:\/\/www.univ-oeb.dz\/ista\/?page_id=1087"},"modified":"2023-09-03T10:22:13","modified_gmt":"2023-09-03T10:22:13","slug":"%d8%a8%d9%88%d9%84%d8%b7%d9%8a%d9%81-%d8%b9%d9%8a%d8%a7%d8%b4","status":"publish","type":"page","link":"https:\/\/www.univ-oeb.dz\/ista\/%d8%a8%d9%88%d9%84%d8%b7%d9%8a%d9%81-%d8%b9%d9%8a%d8%a7%d8%b4\/","title":{"rendered":"\u0628\u0648\u0644\u0637\u064a\u0641 \u0639\u064a\u0627\u0634"},"content":{"rendered":"\n<p class=\"has-text-align-right\"><strong>\u0628\u0648\u0644\u0637\u064a\u0641 \u0639\u064a\u0627\u0634<\/strong><\/p>\n\n\n\n<p class=\"has-text-align-right\"><strong><a href=\"https:\/\/www.univ-oeb.dz\/ista\/wp-content\/uploads\/2023\/09\/CV-Boultif.pdf\" target=\"_blank\" rel=\"noreferrer noopener\">\u0627\u0644\u0633\u064a\u0631\u0629 \u0627\u0644\u0630\u0627\u062a\u064a\u0629<\/a><\/strong><\/p>\n\n\n\n<p class=\"has-text-align-right\"><strong>Grade&nbsp;<\/strong>: MCA<\/p>\n\n\n\n<p class=\"has-text-align-right\"><strong>Email<\/strong>&nbsp;:&nbsp;<a href=\"mailto:boultif.ayache@univ-oeb.dz\">boultif.ayache@univ-oeb.dz<\/a><\/p>\n\n\n\n<blockquote class=\"wp-block-quote is-layout-flow wp-block-quote-is-layout-flow\">\n<h3 class=\"has-text-align-right wp-block-heading\"><strong>\u0627\u0644\u0645\u0646\u0634\u0648\u0631\u0627\u062a:<\/strong><\/h3>\n<\/blockquote>\n\n\n\n<p><strong><u>Activities de recherche<\/u><\/strong><strong>&nbsp;:<\/strong><\/p>\n\n\n\n<p><strong>1<\/strong>-A. Boultif &nbsp;Multiplicit\u00e9 et stabilit\u00e9 des \u00e9tats stationnaires dans un r\u00e9acteur tubulaire \u00e0 recyclage. 1<sup>er<\/sup>&nbsp;S\u00e9minaire national sur la chimie appliqu\u00e9e et technologie des mat\u00e9riaux 19-20 octobre 2010. Communication nationale.<\/p>\n\n\n\n<p><strong>2<\/strong>-A. Boultif, A. Kabouche, M. Benslama, A. Zaouia &nbsp;Etude des param\u00e8tres d\u2019interactions dans les \u00e9quilibres liquide-liquide avec des algorithmes intelligents. Communication nationale. 2013.<\/p>\n\n\n\n<p><strong>3<\/strong>\u2013 A. Boultif, A. Kabouche, M. Djaballah &nbsp;&nbsp;&nbsp;Etude des param\u00e8tres d\u2019interactions du mod\u00e8le UNIQUAC en utilisant un algorithme bas\u00e9 sur une approche g\u00e9n\u00e9tique.&nbsp; Communication nationale. 2014.<\/p>\n\n\n\n<p><strong>4<\/strong>\u2013 A. Kabouche, A. Boultif, N. Gherraf &nbsp;Interaction parameter estimation in liquid-liquid phase equilibrium modeling using stochastic and hybrid algorithms. 2012.<\/p>\n\n\n\n<p><strong>5<\/strong>\u2013 A. Boultif, A. Kabouche, S. Ladjel &nbsp;Application of Genetic Algorithms (GA) and Threshold Acceptance (TA) to a Ternary Liquid-Liquid Equilibrium System. 2016<\/p>\n\n\n\n<p><strong>6<\/strong>\u2013 A. Boultif, A.Kabouche, N. Gherraf&nbsp;&nbsp;&nbsp; Study of the interaction &nbsp;parameters in the liquid-liquid equilibrium with evolutionary algorithms, 2018. (En Cours)<\/p>\n\n\n\n<blockquote class=\"wp-block-quote is-layout-flow wp-block-quote-is-layout-flow\">\n<h3 class=\"wp-block-heading\"><strong>Base Scopus:<\/strong><\/h3>\n\n\n\n<p><a href=\"https:\/\/www.scopus.com\/authid\/detail.uri?authorId=57189246847\" target=\"_blank\" rel=\"noreferrer noopener\">Plus d\u2019information \u2026<\/a><\/p>\n<\/blockquote>\n","protected":false},"excerpt":{"rendered":"<p>\u0628\u0648\u0644\u0637\u064a\u0641 \u0639\u064a\u0627\u0634 \u0627\u0644\u0633\u064a\u0631\u0629 \u0627\u0644\u0630\u0627\u062a\u064a\u0629 Grade&nbsp;: MCA Email&nbsp;:&nbsp;boultif.ayache@univ-oeb.dz \u0627\u0644\u0645\u0646\u0634\u0648\u0631\u0627\u062a: Activities de recherche&nbsp;: 1-A. Boultif &nbsp;Multiplicit\u00e9 et stabilit\u00e9 des \u00e9tats stationnaires dans un r\u00e9acteur tubulaire \u00e0 recyclage. 1er&nbsp;S\u00e9minaire national sur la chimie appliqu\u00e9e et technologie des mat\u00e9riaux 19-20 octobre 2010. Communication nationale. 2-A. Boultif, A. Kabouche, M. Benslama, A. Zaouia &nbsp;Etude des param\u00e8tres d\u2019interactions dans les \u00e9quilibres liquide-liquide avec des algorithmes intelligents. Communication nationale. 2013. 3\u2013 A. Boultif, A. Kabouche, M. Djaballah &nbsp;&nbsp;&nbsp;Etude des param\u00e8tres d\u2019interactions du mod\u00e8le UNIQUAC en utilisant un algorithme bas\u00e9 sur une approche g\u00e9n\u00e9tique.&nbsp; Communication nationale. 2014. 4\u2013 A. Kabouche, A. Boultif, N. Gherraf &nbsp;Interaction parameter estimation in liquid-liquid phase equilibrium modeling using stochastic and hybrid algorithms. 2012. 5\u2013 A. Boultif, A. Kabouche, S. Ladjel &nbsp;Application of Genetic Algorithms (GA) and Threshold Acceptance (TA) to a Ternary Liquid-Liquid Equilibrium System. 2016 6\u2013 A. Boultif, A.Kabouche, N. Gherraf&nbsp;&nbsp;&nbsp; Study of the interaction &nbsp;parameters in the liquid-liquid equilibrium with evolutionary algorithms, 2018. (En Cours) Base Scopus: Plus d\u2019information \u2026<\/p>\n","protected":false},"author":1,"featured_media":0,"parent":0,"menu_order":0,"comment_status":"closed","ping_status":"closed","template":"","meta":{"footnotes":""},"class_list":["post-1087","page","type-page","status-publish","hentry"],"_links":{"self":[{"href":"https:\/\/www.univ-oeb.dz\/ista\/wp-json\/wp\/v2\/pages\/1087"}],"collection":[{"href":"https:\/\/www.univ-oeb.dz\/ista\/wp-json\/wp\/v2\/pages"}],"about":[{"href":"https:\/\/www.univ-oeb.dz\/ista\/wp-json\/wp\/v2\/types\/page"}],"author":[{"embeddable":true,"href":"https:\/\/www.univ-oeb.dz\/ista\/wp-json\/wp\/v2\/users\/1"}],"replies":[{"embeddable":true,"href":"https:\/\/www.univ-oeb.dz\/ista\/wp-json\/wp\/v2\/comments?post=1087"}],"version-history":[{"count":1,"href":"https:\/\/www.univ-oeb.dz\/ista\/wp-json\/wp\/v2\/pages\/1087\/revisions"}],"predecessor-version":[{"id":1089,"href":"https:\/\/www.univ-oeb.dz\/ista\/wp-json\/wp\/v2\/pages\/1087\/revisions\/1089"}],"wp:attachment":[{"href":"https:\/\/www.univ-oeb.dz\/ista\/wp-json\/wp\/v2\/media?parent=1087"}],"curies":[{"name":"wp","href":"https:\/\/api.w.org\/{rel}","templated":true}]}}