{"id":1078,"date":"2023-09-03T10:14:44","date_gmt":"2023-09-03T10:14:44","guid":{"rendered":"http:\/\/www.univ-oeb.dz\/ista\/?page_id=1078"},"modified":"2023-09-03T10:14:46","modified_gmt":"2023-09-03T10:14:46","slug":"%d8%a8%d9%88%d8%b4%d9%88%d8%a7%d8%b1%d8%a8-%d8%b1%d8%b4%d9%8a%d8%af%d8%a9","status":"publish","type":"page","link":"https:\/\/www.univ-oeb.dz\/ista\/%d8%a8%d9%88%d8%b4%d9%88%d8%a7%d8%b1%d8%a8-%d8%b1%d8%b4%d9%8a%d8%af%d8%a9\/","title":{"rendered":"\u0628\u0648\u0634\u0648\u0627\u0631\u0628 \u0631\u0634\u064a\u062f\u0629"},"content":{"rendered":"\n<p class=\"has-text-align-right\"><strong>\u0627\u0644\u0623\u0633\u062a\u0627\u0630\u0629: \u0628\u0648\u0634\u0648\u0627\u0631\u0628 \u0631\u0634\u064a\u062f\u0629<\/strong><\/p>\n\n\n\n<p class=\"has-text-align-right\"><strong><a href=\"https:\/\/www.univ-oeb.dz\/ista\/wp-content\/uploads\/2023\/09\/Bouchouareb-Rachida-ar.pdf\" target=\"_blank\" rel=\"noreferrer noopener\">\u0627\u0644\u0633\u064a\u0631\u0629 \u0627\u0644\u0630\u0627\u062a\u064a\u0629<\/a><\/strong><\/p>\n\n\n\n<p class=\"has-text-align-right\"><strong>\u0627\u0644\u0631\u062a\u0628\u0629: MCB<\/strong><\/p>\n\n\n\n<p class=\"has-text-align-right\"><strong>Email<\/strong>&nbsp;:&nbsp;bouchouareb.rachida@univ-oeb.dz<\/p>\n\n\n\n<blockquote class=\"wp-block-quote is-layout-flow wp-block-quote-is-layout-flow\">\n<h3 class=\"wp-block-heading\"><strong>\u0627\u0644\u0645\u0646\u0634\u0648\u0631\u0627\u062a:<\/strong><\/h3>\n<\/blockquote>\n\n\n\n<ul class=\"wp-block-list\">\n<li><strong>RachidaBouchouareb and Karim Ferroudji<\/strong> Classification of ECG Arrhythmia using Artificial Intelligence techniques (RBF and SVM)&nbsp;; 4th International Conference on Pattern Analysis and Intelligent Systems (Pais&rsquo;2022)October 12-13, 2022<\/li>\n\n\n\n<li><strong style=\"color: initial;\">R. Bouchouareb<\/strong><span style=\"color: initial;\"> and B. Naam \u201cDenoising Ultrasound Images and Error Estimate by Non Local Means\u201d. the 1st international conference on Electronics, Artificial Intelligence and New Technologies conference December 8-9<\/span><sup style=\"color: initial;\">th<\/sup><span style=\"color: initial;\">&nbsp; 2021<\/span><\/li>\n\n\n\n<li><strong style=\"color: initial;\">R. Bouchouareb<\/strong><span style=\"color: initial;\">, N. Hedjazi, and D.Benatia\u201c&nbsp; Denoising Medical Ultrasound Images and Error Estimate by Translation-Invariant Wavelets\u201d. International Journal of Signal Processing, Image Processing and Pattern Recognition Vol.7, No.1 (2014), pp.193-202.<\/span><\/li>\n\n\n\n<li><strong style=\"color: initial;\">R. Bouchouareb<\/strong><span style=\"color: initial;\"> and D. Benatia \u201cComparative Study between Wavelet Thresholding Techniques (Hard, Soft and Invariant-translation) in Ultrasound Images\u201d. International Journal of Bio-Science and Bio-Technology Vol.6, No. 6 (2014), pp.29-38.<\/span><\/li>\n\n\n\n<li><strong style=\"color: initial;\">R. Bouchouareb<\/strong><span style=\"color: initial;\"> and D. Benatia \u201cComparative Denoising Medical Ultrasound Images and Error Estimate by Cellular Neural Networks and Translation Invariant Wavelets\u201d. The second International Conference on Electrical Engineering and Control Application ICEECA\u20192014, November 18-20<\/span><sup style=\"color: initial;\">th<\/sup><span style=\"color: initial;\"> 2014<\/span><\/li>\n\n\n\n<li><span style=\"color: initial;\">Malika Ouacifi, Djamel Benatia and <\/span><strong style=\"color: initial;\">Rachida Bouchouareb<\/strong><span style=\"color: initial;\"> \u201cL\u2019adaptation de l\u2019ouverture du t\u00e9lescope \u00e9metteur aux variations des amplitudes des vibrations dans les r\u00e9seaux des satellites lasers\u2019.2<\/span><sup style=\"color: initial;\">nd<\/sup><span style=\"color: initial;\"> International Conference On Electronics Systems CISE\u201909, Oct, 25-26, 2009, Batna, Algerie.<\/span><\/li>\n\n\n\n<li><span style=\"color: initial;\">Malika.ouacifi, N.Hedjazi, <\/span><strong style=\"color: initial;\">R.bouchouareb<\/strong><span style=\"color: initial;\">, M.ouarghi, K.Ferroudji, and D.Benatia \u201cPerformance Limitation of Laser Satellite Communication Due To Vibrations And Atmospheric Turbulance\u201d. 2<\/span><sup style=\"color: initial;\">nd<\/sup><span style=\"color: initial;\"> International Conference on Information Processing and Electrical Engineering, ICIPEE\u201912,14-16 April 2012, Tebessa, Algeria.<\/span><\/li>\n\n\n\n<li>K.Ferroudji, N.Benoudjit, M.Bahaz, <strong>R.Bouchouareb<\/strong>, M.Ouacifi and A.bouakaz. \u201cMicroemboli Classification using Non-linear Kernel Support Vector Machines and RF signals\u201d. 2<sup>nd<\/sup> International Conference on Information Processing and Electrical Engineering, ICIPEE\u201912,14-16 April 2012, Tebessa, Algeria.<\/li>\n\n\n\n<li>Nour el HoudaHedjazi, Malika Ouacifi, <strong>Rachida Bouchouareb<\/strong>, Meriem Ouarghi, Messoud Gareh, and DjamelBenatia \u201cThe Handover in the Constellations of Satellites in Low Orbit\u201d International Journal Of Advanced Science and Technology Vol. 41, April, 2012.<\/li>\n\n\n\n<li>Nour el Houda Hedjazi, Malika Ouacifi, <strong>Rachida Bouchouareb<\/strong>, Meriem Ouarghi, Messoud Gareh, and Djamel Benatia \u201cOptimization Of The Problem Of Handover In The Constellations Of Satellites In Low Orbit \u201c 6<sup>th<\/sup> International Conference on Science of Electronics, Technologies of Information and Telecommunications (SETIT) 2012.<strong><em>\u2026<\/em><\/strong><\/li>\n<\/ul>\n\n\n\n<blockquote class=\"wp-block-quote is-layout-flow wp-block-quote-is-layout-flow\">\n<h3 class=\"wp-block-heading\"><strong>Base Scopus:<\/strong><\/h3>\n\n\n\n<p><strong><a rel=\"noreferrer noopener\" href=\"https:\/\/www.scopus.com\/authid\/detail.uri?authorId=55638394900\" target=\"_blank\">Plus d\u2019information \u2026<\/a><\/strong><\/p>\n<\/blockquote>\n","protected":false},"excerpt":{"rendered":"<p>\u0627\u0644\u0623\u0633\u062a\u0627\u0630\u0629: \u0628\u0648\u0634\u0648\u0627\u0631\u0628 \u0631\u0634\u064a\u062f\u0629 \u0627\u0644\u0633\u064a\u0631\u0629 \u0627\u0644\u0630\u0627\u062a\u064a\u0629 \u0627\u0644\u0631\u062a\u0628\u0629: MCB Email&nbsp;:&nbsp;bouchouareb.rachida@univ-oeb.dz \u0627\u0644\u0645\u0646\u0634\u0648\u0631\u0627\u062a: RachidaBouchouareb and Karim Ferroudji Classification of ECG Arrhythmia using Artificial Intelligence techniques (RBF and SVM)&nbsp;; 4th International Conference on Pattern Analysis and Intelligent Systems (Pais&rsquo;2022)October 12-13, 2022 R. Bouchouareb and B. Naam \u201cDenoising Ultrasound Images and Error Estimate by Non Local Means\u201d. the 1st international conference on Electronics, Artificial Intelligence and New Technologies conference December 8-9th&nbsp; 2021 R. Bouchouareb, N. Hedjazi, and D.Benatia\u201c&nbsp; Denoising Medical Ultrasound Images and Error Estimate by Translation-Invariant Wavelets\u201d. International Journal of Signal Processing, Image Processing and Pattern Recognition Vol.7, No.1 (2014), pp.193-202. R. Bouchouareb and D. Benatia \u201cComparative Study between Wavelet Thresholding Techniques (Hard, Soft and Invariant-translation) in Ultrasound Images\u201d. International Journal of Bio-Science and Bio-Technology Vol.6, No. 6 (2014), pp.29-38. R. Bouchouareb and D. Benatia \u201cComparative Denoising Medical Ultrasound Images and Error Estimate by Cellular Neural Networks and Translation Invariant Wavelets\u201d. The second International Conference on Electrical Engineering and Control Application ICEECA\u20192014, November 18-20th 2014 Malika Ouacifi, Djamel Benatia and Rachida Bouchouareb \u201cL\u2019adaptation de l\u2019ouverture du t\u00e9lescope \u00e9metteur aux variations des amplitudes des vibrations dans les r\u00e9seaux des satellites lasers\u2019.2nd International Conference On Electronics Systems CISE\u201909, Oct, 25-26, 2009, Batna, Algerie. Malika.ouacifi, N.Hedjazi, R.bouchouareb, M.ouarghi, K.Ferroudji, and D.Benatia \u201cPerformance Limitation of Laser Satellite Communication Due To Vibrations And Atmospheric Turbulance\u201d. 2nd International Conference on Information Processing and Electrical Engineering, ICIPEE\u201912,14-16 April 2012, Tebessa, Algeria. K.Ferroudji, N.Benoudjit, M.Bahaz, R.Bouchouareb, M.Ouacifi and A.bouakaz. \u201cMicroemboli Classification using Non-linear Kernel Support Vector Machines and RF signals\u201d. 2nd International Conference on Information Processing and Electrical Engineering, ICIPEE\u201912,14-16 April 2012, Tebessa, Algeria. Nour el HoudaHedjazi, Malika Ouacifi, Rachida Bouchouareb, Meriem Ouarghi, Messoud Gareh, and DjamelBenatia \u201cThe Handover in the Constellations of Satellites in Low Orbit\u201d International Journal Of Advanced Science and Technology Vol. 41, April, 2012. Nour el Houda Hedjazi, Malika Ouacifi, Rachida Bouchouareb, Meriem Ouarghi, Messoud Gareh, and Djamel Benatia \u201cOptimization Of The Problem Of Handover In The Constellations Of Satellites In Low Orbit \u201c 6th International Conference on Science of Electronics, Technologies of Information and Telecommunications (SETIT) 2012.\u2026 Base Scopus: Plus d\u2019information \u2026<\/p>\n","protected":false},"author":1,"featured_media":0,"parent":0,"menu_order":0,"comment_status":"closed","ping_status":"closed","template":"","meta":{"footnotes":""},"class_list":["post-1078","page","type-page","status-publish","hentry"],"_links":{"self":[{"href":"https:\/\/www.univ-oeb.dz\/ista\/wp-json\/wp\/v2\/pages\/1078"}],"collection":[{"href":"https:\/\/www.univ-oeb.dz\/ista\/wp-json\/wp\/v2\/pages"}],"about":[{"href":"https:\/\/www.univ-oeb.dz\/ista\/wp-json\/wp\/v2\/types\/page"}],"author":[{"embeddable":true,"href":"https:\/\/www.univ-oeb.dz\/ista\/wp-json\/wp\/v2\/users\/1"}],"replies":[{"embeddable":true,"href":"https:\/\/www.univ-oeb.dz\/ista\/wp-json\/wp\/v2\/comments?post=1078"}],"version-history":[{"count":1,"href":"https:\/\/www.univ-oeb.dz\/ista\/wp-json\/wp\/v2\/pages\/1078\/revisions"}],"predecessor-version":[{"id":1080,"href":"https:\/\/www.univ-oeb.dz\/ista\/wp-json\/wp\/v2\/pages\/1078\/revisions\/1080"}],"wp:attachment":[{"href":"https:\/\/www.univ-oeb.dz\/ista\/wp-json\/wp\/v2\/media?parent=1078"}],"curies":[{"name":"wp","href":"https:\/\/api.w.org\/{rel}","templated":true}]}}