{"id":61,"date":"2018-06-09T16:32:17","date_gmt":"2018-06-09T14:32:17","guid":{"rendered":"http:\/\/www.univ-oeb.dz\/igtu\/?page_id=61"},"modified":"2024-11-06T09:46:40","modified_gmt":"2024-11-06T08:46:40","slug":"doc-pg","status":"publish","type":"page","link":"https:\/\/www.univ-oeb.dz\/igtu\/fr\/doc-pg\/","title":{"rendered":"POST-GRADUATION"},"content":{"rendered":"<h2 style=\"text-align: center;\"><strong><em>Le vice-directeur charg\u00e9 de la post graduation\u00a0:<\/em><\/strong><\/h2>\n<h3 style=\"text-align: center;\"><a href=\"https:\/\/www.univ-oeb.dz\/igtu\/djakjak-abderrazak\/\" target=\"_blank\" rel=\"noopener\"><strong><em>Mr.DJAKJAK ABDERRAZIQ<\/em><\/strong><\/a><\/h3>\n<h3 style=\"text-align: center;\"><strong><em>T\u00e9l:<\/em><\/strong>0662723993<\/h3>\n<h3 style=\"text-align: center;\"><strong><em>E-mail:<\/em><\/strong>\u00a0amenageur24@gmail.com<\/h3>\n<h2 style=\"text-align: center;\"><em><strong><span style=\"color: #800080;\">POST-GRADUATION EN CHIFFRES<\/span><\/strong><\/em><\/h2>\n<h2><span style=\"color: #0000ff;\"><strong><em><u>1.Dans le domaine de la Post- Graduation<\/u><\/em><\/strong><\/span><\/h2>\n<h3><span style=\"color: #3366ff;\"><strong><em>A-Magisters pr\u00e9c\u00e9dents\u00a0:<\/em><\/strong><\/span><\/h3>\n<h3><span style=\"color: #000000;\"><strong><em>Intitul\u00e9\u00a0: Gestion des villes et d\u00e9veloppement durable<\/em><\/strong><\/span><\/h3>\n<h3><span style=\"color: #000000;\"><strong><em>Promotion \u00a0\u00a02004\/2005\u00a0: Nombres d\u2019\u00e9tudiants dipl\u00f4m\u00e9s\u00a0: 10<\/em><\/strong><\/span><\/h3>\n<h3><span style=\"color: #000000;\"><strong><em>Promotion\u00a0\u00a0 2005\/2006\u00a0: Nombres d\u2019\u00e9tudiants dipl\u00f4m\u00e9s\u00a0: 09<\/em><\/strong><\/span><\/h3>\n<h3><span style=\"color: #000000;\"><strong><em>Promotion\u00a0\u00a0 2008\/2009\u00a0: Nombres d\u2019\u00e9tudiants dipl\u00f4m\u00e9s\u00a0: 11<\/em><\/strong><\/span><\/h3>\n<h3><span style=\"color: #3366ff;\"><strong><em>B-Magisters encours\u00a0:<\/em><\/strong><\/span><\/h3>\n<h3><span style=\"color: #000000;\"><strong><em>Intitul\u00e9\u00a0: Gestion des villes et d\u00e9veloppement durable\u00a0<\/em><\/strong><\/span><\/h3>\n<h3><span style=\"color: #000000;\"><strong><em>Promotion\u00a0\u00a0 2011\/2012: Nombres d\u2019\u00e9tudiants dipl\u00f4m\u00e9s\u00a0: 01<\/em><\/strong><\/span><\/h3>\n<h3><span style=\"color: #000000;\"><strong><em>Nombres d\u2019\u00e9tudiants inscrits\u00a0: 09<\/em><\/strong><\/span><\/h3>\n<h3><span style=\"color: #000000;\"><strong><em>Intitul\u00e9\u00a0: Am\u00e9nagement, Urbanisme et D\u00e9veloppement local<\/em><\/strong><\/span><\/h3>\n<h3><span style=\"color: #000000;\"><strong><em>Promotion\u00a0\u00a0 2012\/2013: Nombres d\u2019\u00e9tudiants inscrits\u00a0: 10<\/em><\/strong><\/span><\/h3>\n<h3><span style=\"color: #3366ff;\"><strong><em>C-Doctorat Es- Science\u00a0:<\/em><\/strong><\/span><\/h3>\n<h3><span style=\"color: #000000;\"><strong><em>Intitul\u00e9\u00a0: Gestion des Techniques Urbaines\u00a0<\/em><\/strong><\/span><\/h3>\n<h3><span style=\"color: #000000;\"><strong><em>Promotion\u00a0\u00a0 2010\/2011: Nombres d\u2019\u00e9tudiants inscrits\u00a0: 05<\/em><\/strong><\/span><\/h3>\n<h3><span style=\"color: #000000;\"><strong><em>Promotion\u00a0\u00a0 2011\/2012: Nombres d\u2019\u00e9tudiants inscrits\u00a0: 11<\/em><\/strong><\/span><\/h3>\n<h3><span style=\"color: #000000;\"><strong><em>Promotion\u00a0\u00a0 2012\/2013: Nombres d\u2019\u00e9tudiants inscrits\u00a0: 07<\/em><\/strong><\/span><\/h3>\n<h3><span style=\"color: #000000;\"><strong><em>Promotion\u00a0\u00a0 2013\/2014: Nombres d\u2019\u00e9tudiants inscrits\u00a0: 04<\/em><\/strong><\/span><\/h3>\n<h3><span style=\"color: #3366ff;\"><strong><em>D-Doctorat LMD\u00a0:<\/em><\/strong><\/span><\/h3>\n<h3><span style=\"color: #000000;\"><strong><em>Intitul\u00e9\u00a0: Villes et environnement\u00a0<\/em><\/strong><\/span><\/h3>\n<h3><span style=\"color: #000000;\"><strong><em>Promotion\u00a0\u00a0 2013\/2014: Nombres d\u2019\u00e9tudiants inscrits\u00a0: 06<\/em><\/strong><\/span><\/h3>\n<h2><span style=\"color: #0000ff;\"><strong><em><u>2.Dans le domaine de la recherche<\/u><\/em><\/strong><\/span><\/h2>\n<h3><strong><em><span style=\"color: #3366ff;\">A-Projets de recherche\u00a0:<\/span> <\/em><\/strong><\/h3>\n<ul>\n<li>\n<h3><span style=\"color: #000000;\"><strong><em>Chef de projet\u00a0: Pr. Bouchemal Salah<\/em><\/strong><\/span><\/h3>\n<\/li>\n<\/ul>\n<h3><span style=\"color: #000000;\"><strong><em>Intitul\u00e9\u00a0: Valorisation int\u00e9gr\u00e9e des milieux semi-arides<\/em><\/strong><\/span><\/h3>\n<ul>\n<li>\n<h3><span style=\"color: #000000;\"><strong><em>Chef de projet\u00a0: Dr. Benghadbane Fouad<\/em><\/strong><\/span><\/h3>\n<\/li>\n<\/ul>\n<h3><span style=\"color: #000000;\"><strong><em>Intitul\u00e9\u00a0: \u00a0\u00a0\u00a0\u062a\u0646\u0638\u064a\u0645 \u062d\u0631\u0643\u0629 \u0627\u0644\u0646\u0642\u0644 \u0639\u0646\u062f \u0645\u062f\u0627\u062e\u0644 \u0627\u0644\u0645\u062f\u0646 \u0627\u0644\u062c\u0632\u0627\u0626\u0631\u064a\u0629 \u0627\u0644\u0643\u0628\u0631\u0649 \u2013 \u062d\u0627\u0644\u0629 \u0645\u062f\u064a\u0646\u0629 \u0639\u0646\u0627\u0628\u0629<\/em><\/strong><\/span><\/h3>\n<ul>\n<li>\n<h3><span style=\"color: #000000;\"><strong><em>Chef de projet\u00a0: Dr. Ghenouchi Ahmed<\/em><\/strong><\/span><\/h3>\n<\/li>\n<\/ul>\n<h3><span style=\"color: #000000;\"><strong><em>Intitul\u00e9\u00a0:\u00a0\u00a0\u00a0 \u2026\u2026\u2026\u2026\u2026\u2026\u2026\u2026\u2026\u2026\u2026\u2026\u2026\u2026\u2026\u2026\u2026\u2026\u2026\u2026\u2026\u2026\u2026.<\/em><\/strong><\/span><\/h3>\n<h3><strong><em><span style=\"color: #3366ff;\">B-Nouveaux projets\u00a0:<\/span> <\/em><\/strong><\/h3>\n<ul>\n<li>\n<h3><span style=\"color: #000000;\"><strong><em>Chef de projet\u00a0: Pr. Bouchemal Salah<\/em><\/strong><\/span><\/h3>\n<\/li>\n<\/ul>\n<h3><span style=\"color: #000000;\"><strong><em>Intitul\u00e9\u00a0: L\u2019agriculture p\u00e9riurbaine, quels enjeux et quelles perspectives\u00a0?<\/em><\/strong><\/span><\/h3>\n<ul>\n<li>\n<h3><span style=\"color: #000000;\"><strong><em>Chef de projet\u00a0: Dr. Benghadbane Fouad<\/em><\/strong><\/span><\/h3>\n<\/li>\n<\/ul>\n<h3><span style=\"color: #000000;\"><strong><em>Intitul\u00e9\u00a0: Planification et gestion des services publics dans les grandes villes. Cas de la ville d\u2019Annaba.<\/em><\/strong><\/span><\/h3>\n<ul>\n<li>\n<h3><span style=\"color: #000000;\"><strong><em>Chef de projet\u00a0: Dr. Ghenouchi Ahmed<\/em><\/strong><\/span><\/h3>\n<\/li>\n<\/ul>\n<h3><span style=\"color: #000000;\"><strong><em>Intitul\u00e9\u00a0:\u00a0\u00a0\u00a0 \u2026\u2026\u2026\u2026\u2026\u2026\u2026\u2026\u2026\u2026\u2026\u2026\u2026\u2026\u2026\u2026\u2026\u2026\u2026\u2026\u2026\u2026\u2026.<\/em><\/strong><\/span><\/h3>\n<h2><span style=\"color: #0000ff;\"><em><strong><a style=\"color: #0000ff;\" href=\"https:\/\/www.univ-oeb.dz\/igtu\/wp-content\/uploads\/2018\/12\/offres-de-formation-doctorat-LMD.pdf\" target=\"_blank\" rel=\"noopener\">3.OFFRES DE FORMATION DOCTORAT LMD<\/a><\/strong><\/em><\/span><\/h2>\n<h2><span style=\"color: #0000ff;\"><em><strong><a style=\"color: #0000ff;\" href=\"https:\/\/www.univ-oeb.dz\/igtu\/wp-content\/uploads\/2018\/12\/canevas-doctorat-2017-2018.pdf\" target=\"_blank\" rel=\"noopener\">4.CANEVAS DOCTORAT \u00a02017-2018<\/a><\/strong><\/em><\/span><\/h2>\n<h2><\/h2>\n<h2><span style=\"color: #0000ff;\"><em><strong>5.LES LISTES DES DOCTORANTS<\/strong><\/em><\/span><\/h2>\n\n<table id=\"tablepress-67\" class=\"tablepress tablepress-id-67\">\n<thead>\n<tr class=\"row-1\">\n\t<th class=\"column-1\"><\/th><th class=\"column-2\">LISTES<\/th><th class=\"column-3\">T\u00c9L\u00c9CHARGEMENT<\/th>\n<\/tr>\n<\/thead>\n<tbody class=\"row-striping row-hover\">\n<tr class=\"row-2\">\n\t<td class=\"column-1\">1-<\/td><td class=\"column-2\">Doctorat sciences<\/td><td class=\"column-3\"><a href=\"http:\/\/www.univ-oeb.dz\/igtu\/wp-content\/uploads\/2018\/11\/Doctorat-sciences.pdf\">Ici<\/a><\/td>\n<\/tr>\n<tr class=\"row-3\">\n\t<td class=\"column-1\">2-<\/td><td class=\"column-2\">Doctorat LMD<\/td><td class=\"column-3\"><a href=\"http:\/\/www.univ-oeb.dz\/igtu\/wp-content\/uploads\/2018\/11\/docorat-LMD.pdf\">Ici<\/a><\/td>\n<\/tr>\n<\/tbody>\n<tfoot>\n<tr class=\"row-4\">\n\t<th class=\"column-1\"><\/th><th class=\"column-2\"><\/th><th class=\"column-3\"><\/th>\n<\/tr>\n<\/tfoot>\n<\/table>\n<!-- #tablepress-67 from cache -->\n<h2><em><strong><span style=\"color: #0000ff;\">6.LES FORMULAIRES<\/span><\/strong><\/em><\/h2>\n\n<table id=\"tablepress-65\" class=\"tablepress tablepress-id-65\">\n<thead>\n<tr class=\"row-1\">\n\t<th class=\"column-1\"><\/th><th class=\"column-2\">Formulaires<\/th><th class=\"column-3\">T\u00c9L\u00c9CHARGEMENT<\/th>\n<\/tr>\n<\/thead>\n<tbody class=\"row-striping row-hover\">\n<tr class=\"row-2\">\n\t<td class=\"column-1\">1-<\/td><td class=\"column-2\">premi\u00e8re  inscription en doctorat<\/td><td class=\"column-3\"><a href=\"http:\/\/www.univ-oeb.dz\/igtu\/wp-content\/uploads\/2018\/11\/1-inscription-en-doctorat.pdf\">Ici<\/a><\/td>\n<\/tr>\n<tr class=\"row-3\">\n\t<td class=\"column-1\">2-<\/td><td class=\"column-2\">Formulaires r\u00e9inscription doctorat sciences<\/td><td class=\"column-3\"><a href=\"http:\/\/www.univ-oeb.dz\/igtu\/wp-content\/uploads\/2018\/11\/Formulaires-r\u00e9inscription-doctorat-Es-sciences.pdf\">Ici<\/a><\/td>\n<\/tr>\n<tr class=\"row-4\">\n\t<td class=\"column-1\">3-<\/td><td class=\"column-2\">Formulaires r\u00e9inscription doctorat LMD<\/td><td class=\"column-3\"><a href=\"http:\/\/www.univ-oeb.dz\/igtu\/wp-content\/uploads\/2018\/11\/Formulaires-r\u00e9inscription-doctorat-LMD.pdf\">Ici<\/a><\/td>\n<\/tr>\n<tr class=\"row-5\">\n\t<td class=\"column-1\">4-<\/td><td class=\"column-2\">Fiche signal\u00e9tique stage courte dur\u00e9e  <\/td><td class=\"column-3\"><a href=\"http:\/\/www.univ-oeb.dz\/igtu\/wp-content\/uploads\/2018\/11\/FICHE-SIGNALETIQUE-Stage-de-perfectionnement.docx\">DOCX<\/a><br \/>\n  <a href=\"http:\/\/www.univ-oeb.dz\/igtu\/wp-content\/uploads\/2018\/11\/FICHE-SIGNALETIQUE-Stage-de-perfectionnement.pdf\">PDF<\/a><\/td>\n<\/tr>\n<\/tbody>\n<tfoot>\n<tr class=\"row-6\">\n\t<th class=\"column-1\"><\/th><th class=\"column-2\"><\/th><th class=\"column-3\"><\/th>\n<\/tr>\n<\/tfoot>\n<\/table>\n<!-- #tablepress-65 from cache -->\n<h2><em><strong><span style=\"color: #0000ff;\">7.LES CHARTES TH\u00c8SE FR-AR<\/span><\/strong><\/em><\/h2>\n\n<table id=\"tablepress-66\" class=\"tablepress tablepress-id-66\">\n<thead>\n<tr class=\"row-1\">\n\t<th class=\"column-1\"><\/th><th class=\"column-2\">Chartes Th\u00e8se <\/th><th class=\"column-3\">T\u00e9l\u00e9chargement<\/th>\n<\/tr>\n<\/thead>\n<tbody class=\"row-striping row-hover\">\n<tr class=\"row-2\">\n\t<td class=\"column-1\">1-<\/td><td class=\"column-2\">Charte Th\u00e8se -FR<\/td><td class=\"column-3\"><a href=\"http:\/\/www.univ-oeb.dz\/igtu\/wp-content\/uploads\/2018\/11\/Charte-Th\u00e8se-FR.pdf\">PDF-fr<\/a><\/td>\n<\/tr>\n<tr class=\"row-3\">\n\t<td class=\"column-1\">2-<\/td><td class=\"column-2\">Charte Th\u00e8se -AR<\/td><td class=\"column-3\"><a href=\"http:\/\/www.univ-oeb.dz\/igtu\/wp-content\/uploads\/2018\/11\/Charte-Th\u00e8se-AR.pdf\">PDF-ar<\/a><\/td>\n<\/tr>\n<\/tbody>\n<tfoot>\n<tr class=\"row-4\">\n\t<th class=\"column-1\"><\/th><th class=\"column-2\"><\/th><th class=\"column-3\"><\/th>\n<\/tr>\n<\/tfoot>\n<\/table>\n<!-- #tablepress-66 from cache -->\n","protected":false},"excerpt":{"rendered":"<p>Le vice-directeur charg\u00e9 de la post graduation\u00a0: Mr.DJAKJAK ABDERRAZIQ T\u00e9l:0662723993 E-mail:\u00a0amenageur24@gmail.com POST-GRADUATION EN CHIFFRES 1.Dans le domaine de la Post- Graduation A-Magisters pr\u00e9c\u00e9dents\u00a0: Intitul\u00e9\u00a0: Gestion des villes et d\u00e9veloppement durable Promotion \u00a0\u00a02004\/2005\u00a0: Nombres d\u2019\u00e9tudiants dipl\u00f4m\u00e9s\u00a0: 10 Promotion\u00a0\u00a0 2005\/2006\u00a0: Nombres d\u2019\u00e9tudiants dipl\u00f4m\u00e9s\u00a0: 09 Promotion\u00a0\u00a0 2008\/2009\u00a0: Nombres d\u2019\u00e9tudiants dipl\u00f4m\u00e9s\u00a0: 11 B-Magisters encours\u00a0: Intitul\u00e9\u00a0: Gestion des villes et d\u00e9veloppement durable\u00a0 Promotion\u00a0\u00a0 2011\/2012: Nombres d\u2019\u00e9tudiants dipl\u00f4m\u00e9s\u00a0: 01 Nombres d\u2019\u00e9tudiants inscrits\u00a0: 09 Intitul\u00e9\u00a0: Am\u00e9nagement, Urbanisme et D\u00e9veloppement local Promotion\u00a0\u00a0 2012\/2013: Nombres d\u2019\u00e9tudiants inscrits\u00a0: 10 C-Doctorat Es- Science\u00a0: Intitul\u00e9\u00a0: Gestion des Techniques Urbaines\u00a0 Promotion\u00a0\u00a0 2010\/2011: Nombres d\u2019\u00e9tudiants inscrits\u00a0: 05 Promotion\u00a0\u00a0 2011\/2012: Nombres d\u2019\u00e9tudiants inscrits\u00a0: 11 Promotion\u00a0\u00a0 2012\/2013: Nombres d\u2019\u00e9tudiants inscrits\u00a0: 07 Promotion\u00a0\u00a0 2013\/2014: Nombres d\u2019\u00e9tudiants inscrits\u00a0: 04 D-Doctorat LMD\u00a0: Intitul\u00e9\u00a0: Villes et environnement\u00a0 Promotion\u00a0\u00a0 2013\/2014: Nombres d\u2019\u00e9tudiants inscrits\u00a0: 06 2.Dans le domaine de la recherche A-Projets de recherche\u00a0: Chef de projet\u00a0: Pr. Bouchemal Salah Intitul\u00e9\u00a0: Valorisation int\u00e9gr\u00e9e des milieux semi-arides Chef de projet\u00a0: Dr. Benghadbane Fouad Intitul\u00e9\u00a0: \u00a0\u00a0\u00a0\u062a\u0646\u0638\u064a\u0645 \u062d\u0631\u0643\u0629 \u0627\u0644\u0646\u0642\u0644 \u0639\u0646\u062f \u0645\u062f\u0627\u062e\u0644 \u0627\u0644\u0645\u062f\u0646 \u0627\u0644\u062c\u0632\u0627\u0626\u0631\u064a\u0629 \u0627\u0644\u0643\u0628\u0631\u0649 \u2013 \u062d\u0627\u0644\u0629 \u0645\u062f\u064a\u0646\u0629 \u0639\u0646\u0627\u0628\u0629 Chef de projet\u00a0: Dr. Ghenouchi Ahmed Intitul\u00e9\u00a0:\u00a0\u00a0\u00a0 \u2026\u2026\u2026\u2026\u2026\u2026\u2026\u2026\u2026\u2026\u2026\u2026\u2026\u2026\u2026\u2026\u2026\u2026\u2026\u2026\u2026\u2026\u2026. B-Nouveaux projets\u00a0: Chef de projet\u00a0: Pr. Bouchemal Salah Intitul\u00e9\u00a0: L\u2019agriculture p\u00e9riurbaine, quels enjeux et quelles perspectives\u00a0? Chef de projet\u00a0: Dr. Benghadbane Fouad Intitul\u00e9\u00a0: Planification et gestion des services publics dans les grandes villes. Cas de la ville d\u2019Annaba. Chef de projet\u00a0: Dr. Ghenouchi Ahmed Intitul\u00e9\u00a0:\u00a0\u00a0\u00a0 \u2026\u2026\u2026\u2026\u2026\u2026\u2026\u2026\u2026\u2026\u2026\u2026\u2026\u2026\u2026\u2026\u2026\u2026\u2026\u2026\u2026\u2026\u2026. 3.OFFRES DE FORMATION DOCTORAT LMD 4.CANEVAS DOCTORAT \u00a02017-2018 5.LES LISTES DES DOCTORANTS 6.LES FORMULAIRES 7.LES CHARTES TH\u00c8SE FR-AR<\/p>\n","protected":false},"author":1,"featured_media":0,"parent":0,"menu_order":0,"comment_status":"closed","ping_status":"closed","template":"","meta":{"_eb_attr":"","footnotes":""},"class_list":["post-61","page","type-page","status-publish","hentry"],"_links":{"self":[{"href":"https:\/\/www.univ-oeb.dz\/igtu\/wp-json\/wp\/v2\/pages\/61","targetHints":{"allow":["GET"]}}],"collection":[{"href":"https:\/\/www.univ-oeb.dz\/igtu\/wp-json\/wp\/v2\/pages"}],"about":[{"href":"https:\/\/www.univ-oeb.dz\/igtu\/wp-json\/wp\/v2\/types\/page"}],"author":[{"embeddable":true,"href":"https:\/\/www.univ-oeb.dz\/igtu\/wp-json\/wp\/v2\/users\/1"}],"replies":[{"embeddable":true,"href":"https:\/\/www.univ-oeb.dz\/igtu\/wp-json\/wp\/v2\/comments?post=61"}],"version-history":[{"count":1,"href":"https:\/\/www.univ-oeb.dz\/igtu\/wp-json\/wp\/v2\/pages\/61\/revisions"}],"predecessor-version":[{"id":15430,"href":"https:\/\/www.univ-oeb.dz\/igtu\/wp-json\/wp\/v2\/pages\/61\/revisions\/15430"}],"wp:attachment":[{"href":"https:\/\/www.univ-oeb.dz\/igtu\/wp-json\/wp\/v2\/media?parent=61"}],"curies":[{"name":"wp","href":"https:\/\/api.w.org\/{rel}","templated":true}]}}