{"id":2051,"date":"2018-12-11T21:02:18","date_gmt":"2018-12-11T20:02:18","guid":{"rendered":"http:\/\/www.univ-oeb.dz\/igtu\/?page_id=2051"},"modified":"2018-12-18T23:01:05","modified_gmt":"2018-12-18T22:01:05","slug":"chouai-said","status":"publish","type":"page","link":"https:\/\/www.univ-oeb.dz\/igtu\/fr\/chouai-said\/","title":{"rendered":"CHOUAI SAID"},"content":{"rendered":"<h3><\/h3>\n<h3><a href=\"https:\/\/www.univ-oeb.dz\/igtu\/wp-content\/uploads\/2018\/12\/chouai.jpg\"><img decoding=\"async\" class=\"alignright wp-image-2150\" src=\"https:\/\/www.univ-oeb.dz\/igtu\/wp-content\/uploads\/2018\/12\/chouai-150x150.jpg\" alt=\"\" width=\"169\" height=\"169\" \/><\/a><\/h3>\n<h3><strong><em>Nom\u00a0: <\/em><\/strong><em>CHOUAI<\/em><\/h3>\n<h3><strong><em>Pr\u00e9nom\u00a0: <\/em><\/strong><em>SAID<\/em><\/h3>\n<h3><strong><em>Date et lieu de naissance\u00a0: <\/em><\/strong><em>16 d\u00e9cembre 1959, \u00e0 El Khroub \u00a0wilaya de Constantine<\/em><\/h3>\n<h3><strong><em>Nationalit\u00e9\u00a0<\/em><\/strong>: <em>Alg\u00e9rienne <\/em><\/h3>\n<h3><strong><em>Situation familiale\u00a0: <\/em><\/strong><em>mari\u00e9<\/em><\/h3>\n<h3><strong><em>Grade\u00a0: <\/em><\/strong><em>Maitre de conf\u00e9rences A<\/em><\/h3>\n<h3><strong><em>Adresse\u00a0: <\/em><\/strong><em>Institut de Gestion des Techniques Urbaines, universit\u00e9 de Larbi Ben <\/em><\/h3>\n<h3><em>\u00a0\u00a0\u00a0\u00a0\u00a0\u00a0\u00a0\u00a0\u00a0\u00a0\u00a0\u00a0\u00a0\u00a0\u00a0\u00a0\u00a0 M\u2019Hidi Oum El Bouaghi.<\/em><\/h3>\n<h3><strong><em>E-mail\u00a0:<\/em><\/strong><em> saidchouai25@gmail.com<\/em><\/h3>\n<h3><strong><em>T\u00e9l\u00e9phone<\/em><\/strong><em>\u00a0: 05 52 97 83 84<\/em><\/h3>\n<h3><em>\u00a0<\/em><\/h3>\n<h3><strong><em><u><span style=\"color: #0000ff;\">EDUCATION<\/span>:<\/u><\/em><\/strong><\/h3>\n<ul>\n<li>\n<h3><em>1966- 1973. Ecole primaire,<\/em><\/h3>\n<\/li>\n<li>\n<h3><em>1973 \u2013 1977\u00a0; coll\u00e8ge d\u2019enseignement moyen,<\/em><\/h3>\n<\/li>\n<li>\n<h3><em>1977 \u2013 1980\u00a0; lyc\u00e9e Khaznadar de Constantine\u00a0;<\/em><\/h3>\n<\/li>\n<li>\n<h3><em>1980 \u2013 1985\u00a0; universit\u00e9 de Annaba,<\/em><\/h3>\n<\/li>\n<li>\n<h3><em>1985 \u2013 1986\u00a0; cours intensif en langue anglaise, Leicester, Angleterre,<\/em><\/h3>\n<\/li>\n<li>\n<h3><em>1986 \u2013 1990\u00a0; PhD, (Degree of Doctor of Philosophy), university of Leeds (Angleterre).<\/em><\/h3>\n<\/li>\n<\/ul>\n<h3><em><u>\u00a0<\/u><\/em><\/h3>\n<h3><span style=\"color: #0000ff;\"><strong><em><u>DIPLOMES:<\/u><\/em><\/strong><\/span><\/h3>\n<ul>\n<li>\n<h3><em>Baccalaur\u00e9at; Juin 1980, fili\u00e8re fabrication m\u00e9canique (Constantine),<\/em><\/h3>\n<\/li>\n<li>\n<h3><em>Ing\u00e9niorat\u00a0; juin 1985, sp\u00e9cialit\u00e9 enrichissement des min\u00e9raux utiles, Major de promotion, universit\u00e9 d\u2019Annaba.<\/em><\/h3>\n<\/li>\n<li>\n<h3><em>Dipl\u00f4me sur la maitrise de la langue anglaise, ELTS, 1986\u00a0; Angleterre<\/em><\/h3>\n<\/li>\n<li>\n<h3><em>PhD\u00a0; juillet 1990, sp\u00e9cialit\u00e9, Min\u00e9ralurgie (department of mining and mineral processing, university of Leeds, Angleterre.<\/em><\/h3>\n<\/li>\n<\/ul>\n<h3><span style=\"color: #0000ff;\"><strong><em><u>FORMATION:<\/u><\/em><\/strong><\/span><\/h3>\n<ul>\n<li>\n<h3><em>Courant 1993; formation en gestion des entreprises (PLD) assur\u00e9e par l\u2019ISGA\u00a0; Annaba.<\/em><\/h3>\n<\/li>\n<li>\n<h3><em>Formation sur logiciel GDM (g\u00e9ologie de d\u00e9veloppement Mini\u00e8re) assur\u00e9e par la compagnie BRGM, France.<\/em><\/h3>\n<\/li>\n<\/ul>\n<h3><em>\u00a0<\/em><\/h3>\n<h3><span style=\"color: #0000ff;\"><strong><em><u>EXPERIENCE PROFESSIONNELLE\u00a0:<\/u><\/em><\/strong><\/span><\/h3>\n<ul>\n<li>\n<h3><em>Du 19\/01\/1991 au 31\/05\/1991, maitre assistant \u00e0 l\u2019institut des mines \u00e0 l\u2019universit\u00e9 de Annaba.<\/em><\/h3>\n<\/li>\n<li>\n<h3><em>Du 1\/06\/1991 au 16\/01\/94, chef de d\u00e9partement d\u2019enrichissement et chercheur au CERAD\/FERPHOS, (centre de recherche appliqu\u00e9e et de d\u00e9veloppement, Ferphos.<\/em><\/h3>\n<\/li>\n<li>\n<h3><em>Du 17\/01\/1994 au 31\/07\/2007, maitre assistant charg\u00e9 de cours au centre universitaire de T\u00e9bessa.<\/em><\/h3>\n<\/li>\n<li>\n<h3><em>A partir du 1\/09\/2007 \u00e0 ce jours \u00e0 l\u2019universit\u00e9 de Laarbi Ben M\u2019Hidi Oum El Bouaghi.<\/em><\/h3>\n<\/li>\n<\/ul>\n<h3><em>\u00a0<\/em><\/h3>\n<h3><span style=\"color: #0000ff;\"><strong><em><u>RECHERCHE ET PUBLICATIONS\u00a0:<\/u><\/em><\/strong><\/span><\/h3>\n<ul>\n<li>\n<h3><em>Communication intitul\u00e9e; physico-chimique des poussi\u00e8res min\u00e9rales dans l\u2019application de la nocivit\u00e9 pulmonaire\u00a0; cas de m\u00e9lange quartz \u2013 kaolin, Sid M. et Chouai S., s\u00e9minaire national sur l\u2019industrie mini\u00e8re, mai 1994, \u00e0 l\u2019universit\u00e9 de Annaba.<\/em><\/h3>\n<\/li>\n<li>\n<h3><em>Communication intitul\u00e9e\u00a0; m\u00e9canisme et formation de la pr\u00e9cipitation du CaO dans le traitement du phosphate, Chouai S. et Sid M.\u00a0; s\u00e9minaire national sur l\u2019industrie mini\u00e8re, mai 1994, \u00e0 l\u2019universit\u00e9 de Annaba.<\/em><\/h3>\n<\/li>\n<li>\n<h3><em>Traitement du minerai de fer pauvre de la mine de l\u2019Ouenza, (publication interne, Ferphos),<\/em><\/h3>\n<\/li>\n<li>\n<h3><em>Valorisation du minerai de fer de Djebel Anini et de Djebel Hellel, S\u00e9tif ( publication interne, Ferphos),<\/em><\/h3>\n<\/li>\n<li>\n<h3><em>Etude sur le minerai de fer de Djebel Anini pour l\u2019utilisation comme alourdisseur dans les puits de p\u00e9trole (publication interne Ferphos),<\/em><\/h3>\n<\/li>\n<li>\n<h3><em>Communication intitul\u00e9e, \u00e9limination du pr\u00e9cipit\u00e9 de la calcite et de la dolomite dans le traitement du phosphate, Chouai S. s\u00e9minaire national sur la valorisation du phosphate, mai 2006. Au centre universitaire de T\u00e9bessa en collaboration avec l\u2019entreprise Ferphos.<\/em><\/h3>\n<\/li>\n<li>\n<h3><em>Publication intitul\u00e9e, scaling prevention in the wet processing of calcitic and dolomitic phosphate rock, Chouai S. et Young PA. research and reviews: journal of engineering and technology, V2, Issue 4, October-December, 2013. <\/em><\/h3>\n<\/li>\n<li>\n<h3><em>Ayant particip\u00e9 dans cinq projets de recherch\u00e9 CNEPRU;<\/em><\/h3>\n<\/li>\n<li>\n<h3><em>Ayant particip\u00e9 au Workshop \u00ab\u00a0Phosphates\u00a0\u00bb 7et 8 novembre 2006, \u00e0 l\u2019universit\u00e9 de Annaba. Organis\u00e9 par l\u2019agence nationale de valorisation des r\u00e9sultats de la recherche et du d\u00e9veloppement technologique, en collaboration avec l\u2019universit\u00e9 et l\u2019entreprise Ferphos.<\/em><\/h3>\n<\/li>\n<li>\n<h3><em>Chef du projet de recherche agr\u00e9e par le minist\u00e8re de l\u2019enseignement sup\u00e9rieur et de la recherche scientifique sous le code\u00a0; <strong>J1202\/03\/04\/97<\/strong>, intitul\u00e9, Enrichissement de minerai de fer pauvre.<\/em><\/h3>\n<\/li>\n<li>\n<h3><em>Chef du projet de recherche agr\u00e9e par le minist\u00e8re de l\u2019enseignement sup\u00e9rieur et de la recherche scientifique sous le code\u00a0; <strong>J1201\/04\/02\/03<\/strong>, intitul\u00e9, Essais de valorisation et choix d\u2019une m\u00e9thode rationnelle d\u2019exploitation des gisements aurif\u00e8res d\u2019El Hoggar.<\/em><\/h3>\n<\/li>\n<li>\n<h3><em>Membre de l\u2019\u00e9quipe de recherche du projet agr\u00e9e par le minist\u00e8re de l\u2019enseignement sup\u00e9rieur et de la recherche scientifique sous le code\u00a0; <strong>J1224\/03\/01\/96<\/strong>, intitul\u00e9, Influence de la granulom\u00e9trie des roches abattues sur le fonctionnement des \u00e9quipements miniers (excavateur, camion, concasseur, convoyeur \u00e0 bande).<\/em><\/h3>\n<\/li>\n<li>\n<h3><em>Membre de l\u2019\u00e9quipe de recherche du projet agr\u00e9e par le minist\u00e8re de l\u2019enseignement sup\u00e9rieur et de la recherche scientifique, le code\u00a0; <strong>G03020080015, <\/strong>intitul\u00e9, Quelles dessertes des p\u00e9riph\u00e9ries urbaines par les transports collectifs\u00a0? L\u2019exemple de l\u2019agglom\u00e9ration urbaine constantinoise.<\/em><\/h3>\n<\/li>\n<li>\n<h3><em>Membre de l\u2019\u00e9quipe de recherche du projet agr\u00e9e par le minist\u00e8re de l\u2019enseignement sup\u00e9rieur et de la recherche scientifique sous le code\u00a0; <strong>G03020130028, <\/strong>intitul\u00e9, Urbanisation et risques urbains en Alg\u00e9rie\u00a0: le cas de la wilaya de Skikda.<\/em><\/h3>\n<\/li>\n<li>\n<h3><em>Membre dans le laboratoire de recherche des mines, agr\u00e9e au niveau du minist\u00e8re de l\u2019enseignement sup\u00e9rieur et de la recherche scientifique, ann\u00e9e 2005.<\/em><\/h3>\n<\/li>\n<li>\n<h3><em>Ayant particip\u00e9 \u00e0 l\u2019organisation de plusieurs journ\u00e9e d\u2019\u00e9tudes au centre universitaire de T\u00e9bessa,<\/em><\/h3>\n<\/li>\n<li>\n<h3><em>Ayant particip\u00e9 \u00e0 l\u2019organisation de la\u00a0 journ\u00e9e d\u2019\u00e9tude\u00a0sur \u00ab\u00a0Ecologie urbaine et D\u00e9veloppement Durable\u00a0\u00bb le 21 f\u00e9vrier 2010, universit\u00e9 de Laarbi Ben M\u2019Hidi Oum El Bouaghi,<\/em><\/h3>\n<\/li>\n<li>\n<h3><em>Ayant particip\u00e9 \u00e0 l\u2019organisation de la journ\u00e9e d\u2019\u00e9tude sur \u00ab\u00a0Qualit\u00e9 de Vie (le confort dans l\u2019habitat), le 29 f\u00e9vrier 2012, universit\u00e9 de Laarbi Ben M\u2019Hidi Oum El Bouaghi,<\/em><\/h3>\n<\/li>\n<li>\n<h3><em>Ayant particip\u00e9 \u00e0 l\u2019organisation de la journ\u00e9e d\u2019\u00e9tude sur \u00ab\u00a0int\u00e9gration des risques naturels dans le plans d\u2019am\u00e9nagement\u00a0\u00bb, le 4 mars 2013, universit\u00e9 de Laarbi Ben M\u2019Hidi Oum El Bouaghi.<\/em><\/h3>\n<\/li>\n<li>\n<h3><em>Ayant particip\u00e9 \u00e0 l\u2019organisation de la journ\u00e9e d\u2019\u00e9tude sur \u00ab\u00a0le processus de fabrication d\u2019un projet architectural dans son contexte urbain\u00a0\u00bb, le 13 mai 2013, universit\u00e9 de Laarbi Ben M\u2019Hidi Oum El Bouaghi<\/em><\/h3>\n<\/li>\n<li>\n<h3><em>Membre du comit\u00e9 d\u2019organisation du s\u00e9minaire international \u00ab\u00a0Faire la Ville, par quelles pratiques et par quels projets\u00a0\u00bb le 26-27 avril 2009, \u00e0 l\u2019universit\u00e9 de Laarbi Ben M\u2019Hidi, Oum El Bouaghi,<\/em><\/h3>\n<\/li>\n<li>\n<h3><em>Membre dans le jury d\u2019\u00e9laboration et correction des examens du concours du doctorat LMD de gestion des techniques urbaines pour l&rsquo;ann\u00e9e universitaire 2013\/2014, universit\u00e9 de Laarbi Ben M\u2019Hidi Oum El Bouaghi.<\/em><\/h3>\n<\/li>\n<li>\n<h3><em>Membre du comit\u00e9 de r\u00e9daction de la revue faire la ville, institut de gestion des techniques urbaines, universit\u00e9 de Laarbi Ben M\u2019Hidi, Oum El Bouaghi,<\/em><\/h3>\n<\/li>\n<li>\n<h3><em>Membre du comit\u00e9 d\u2019organisation et du comit\u00e9 scientifique du s\u00e9minaire national sur la valorisation des phosphates de Djebel Onk, T\u00e9bessa, mai 2006,<\/em><\/h3>\n<\/li>\n<li>\n<h3><em>Membre dans le jury d&rsquo;\u00e9laboration et correction des examens du concours du doctorat LMD de g\u00e9ologie pour l&rsquo;ann\u00e9e universitaire 2016\/2017, universit\u00e9 de Laarbi Ben M&rsquo;Hidi Oum El Bouaghi.<\/em><\/h3>\n<\/li>\n<li>\n<h3><em>Organisation d&rsquo;une journ\u00e9e d&rsquo;information sur le Plagiat et la pr\u00e9paration du m\u00e9moire de fin de cursus, pour les \u00e9tudiants de l&rsquo;institut de gestion des techniques urbaines, le 15\/10\/2016, \u00e0 l&rsquo;universit\u00e9 de Oum El Bouaghi.<\/em><\/h3>\n<\/li>\n<\/ul>\n<h3><em>\u00a0<\/em><\/h3>\n<h3><span style=\"color: #0000ff;\"><strong><em><u>ACTIVITE PEDAGOGIQUE\u00a0ET ENCADREMENT:<\/u><\/em><\/strong><\/span><\/h3>\n<ul>\n<li>\n<h3><em>Ayant assur\u00e9 les cours, les TD et les TP de plusieurs modules pour la graduation\u00a0; min\u00e9ralurgie, physique des roches, m\u00e9thodologie de recherche, chimie min\u00e9rale, pr\u00e9paration m\u00e9canique, gestion des eaux us\u00e9es, environnement, anglais technique, thermodynamique, traitement des min\u00e9raux utiles, cristallographie. <\/em><\/h3>\n<\/li>\n<li>\n<h3><em>Ayant assur\u00e9 les cours pour la premi\u00e8re ann\u00e9e de la post-graduation; min\u00e9ralurgie, anglais technique, ainsi que le module d\u2019anglais pour les sp\u00e9cialit\u00e9s droit et lettre arabe, en premi\u00e8re ann\u00e9e de la poste graduation.<\/em><\/h3>\n<\/li>\n<li>\n<h3><em>Encadrement des m\u00e9moires de fin d\u2019\u00e9tude pour les ing\u00e9nieurs et des DEUA (dipl\u00f4me d\u2019\u00e9tude universitaire appliqu\u00e9e),<\/em><\/h3>\n<\/li>\n<li>\n<h3><em>Encadrement et soutenance d\u2019un magist\u00e8re, sous le titre \u00ab\u00a0Enrichissement de minerai de fer pauvre de l\u2019Ouenza, juillet 2000\u00a0\u00bb, centre universitaire de T\u00e9bessa.<\/em><\/h3>\n<\/li>\n<li>\n<h3><em>Encadrement de m\u00e9moire de master sous le titre \u00ab\u00a0Am\u00e9nagement d&rsquo;un parc d&rsquo;Enfouissement technique Classe 02 cas de Oum El Bouaghi, ann\u00e9e 2015\/2016, d\u00e9partement am\u00e9nagement urbaine.<\/em><\/h3>\n<\/li>\n<\/ul>\n<h3><em>\u00a0<\/em><\/h3>\n<h3><em>\u00a0<\/em><\/h3>\n<h3><span style=\"color: #0000ff;\"><strong><em><u>AUTRES ACTIVITES\u00a0:<\/u><\/em><\/strong><\/span><\/h3>\n<ul>\n<li>\n<h3><em>Du 9\/7\/1994 au juin 2001, directeur adjoint du centre charg\u00e9 de la p\u00e9dagogie, au centre universitaire de T\u00e9bessa,<\/em><\/h3>\n<\/li>\n<li>\n<h3><em>Du juin 1994 au juin 2001, membre du conseil scientifique du centre universitaire de T\u00e9bessa,<\/em><\/h3>\n<\/li>\n<li>\n<h3><em>Du septembre 2001 au septembre 2004, pr\u00e9sident du conseil scientifique de l\u2019institut des mines, centre universitaire de T\u00e9bessa,<\/em><\/h3>\n<\/li>\n<li>\n<h3><em>Du 22\/01\/2008 au 1\/07\/2009, chef de d\u00e9partement gestion des techniques urbaines, universit\u00e9 de Laarbi Ben M\u2019Hidi, Oum El Bouaghi,<\/em><\/h3>\n<\/li>\n<li>\n<h3><em>Du 1\/07\/2009 au 31 08\/2013, directeur adjoint d\u2019institut charg\u00e9 de la p\u00e9dagogie, institut de gestion des techniques urbaines, universit\u00e9 de Laarbi Ben M\u2019Hidi Oum El Bouaghi,<\/em><\/h3>\n<\/li>\n<li>\n<h3><em>Membre du conseil de discipline d\u2019institut de gestion des techniques urbaines, universit\u00e9 de Laarbi Ben M\u2019Hidi, Oum El Bouaghi.<\/em><\/h3>\n<\/li>\n<li>\n<h3><em>Du 01\/09\/2013 vice doyen de la facult\u00e9 des sciences de la terre et de l\u2019architecture, charg\u00e9 d\u2019\u00e9tudes, universit\u00e9 Laarbi Ben M\u2019Hidi, Oum El Bouaghi. <\/em><\/h3>\n<\/li>\n<li>\n<h3><em>A partir du 4 mars 2010 pr\u00e9sident du conseil de discipline d\u2019universit\u00e9, repr\u00e9sentant du recteur d\u2019universit\u00e9, \u00a0universit\u00e9 de Laarbi Ben M\u2019Hidi, Oum El Bouaghi,<\/em><\/h3>\n<\/li>\n<li>\n<h3><em>A partir du 20\/07\/2016, directeur par int\u00e9rim de l&rsquo;institut de gestion des techniques urbaines, \u00e0 l&rsquo;universit\u00e9 de Oum El Bouaghi.<\/em><\/h3>\n<\/li>\n<li>\n<h3><em>Pr\u00e9sident du CFD (Comit\u00e9 de Formation Doctoral) gestion des Techniques urbaines<\/em><\/h3>\n<\/li>\n<li><\/li>\n<\/ul>\n<h3><span style=\"color: #0000ff;\"><strong><em><u>LANGUES\u00a0:<\/u><\/em><\/strong><\/span><\/h3>\n<h3><em>\u00a0\u00a0\u00a0\u00a0\u00a0\u00a0\u00a0\u00a0\u00a0\u00a0\u00a0 Parl\u00e9e et \u00e9crite\u00a0;<\/em><\/h3>\n<ul>\n<li>\n<h3><em>Arabe <\/em><\/h3>\n<\/li>\n<li>\n<h3><em>Anglai<\/em><\/h3>\n<\/li>\n<li>\n<h3><em>Fran\u00e7ais<\/em><\/h3>\n<\/li>\n<\/ul>\n<h3><em>\u00a0<\/em><\/h3>\n<h3><em>\u00a0 <\/em><\/h3>\n<h3><strong><em><u>\u00a0<\/u><\/em><\/strong><\/h3>\n<h3><strong><em>\u00a0<\/em><\/strong><\/h3>\n","protected":false},"excerpt":{"rendered":"<p>Nom\u00a0: CHOUAI Pr\u00e9nom\u00a0: SAID Date et lieu de naissance\u00a0: 16 d\u00e9cembre 1959, \u00e0 El Khroub \u00a0wilaya de Constantine Nationalit\u00e9\u00a0: Alg\u00e9rienne Situation familiale\u00a0: mari\u00e9 Grade\u00a0: Maitre de conf\u00e9rences A Adresse\u00a0: Institut de Gestion des Techniques Urbaines, universit\u00e9 de Larbi Ben \u00a0\u00a0\u00a0\u00a0\u00a0\u00a0\u00a0\u00a0\u00a0\u00a0\u00a0\u00a0\u00a0\u00a0\u00a0\u00a0\u00a0 M\u2019Hidi Oum El Bouaghi. E-mail\u00a0: saidchouai25@gmail.com T\u00e9l\u00e9phone\u00a0: 05 52 97 83 84 \u00a0 EDUCATION: 1966- 1973. Ecole primaire, 1973 \u2013 1977\u00a0; coll\u00e8ge d\u2019enseignement moyen, 1977 \u2013 1980\u00a0; lyc\u00e9e Khaznadar de Constantine\u00a0; 1980 \u2013 1985\u00a0; universit\u00e9 de Annaba, 1985 \u2013 1986\u00a0; cours intensif en langue anglaise, Leicester, Angleterre, 1986 \u2013 1990\u00a0; PhD, (Degree of Doctor of Philosophy), university of Leeds (Angleterre). \u00a0 DIPLOMES: Baccalaur\u00e9at; Juin 1980, fili\u00e8re fabrication m\u00e9canique (Constantine), Ing\u00e9niorat\u00a0; juin 1985, sp\u00e9cialit\u00e9 enrichissement des min\u00e9raux utiles, Major de promotion, universit\u00e9 d\u2019Annaba. Dipl\u00f4me sur la maitrise de la langue anglaise, ELTS, 1986\u00a0; Angleterre PhD\u00a0; juillet 1990, sp\u00e9cialit\u00e9, Min\u00e9ralurgie (department of mining and mineral processing, university of Leeds, Angleterre. FORMATION: Courant 1993; formation en gestion des entreprises (PLD) assur\u00e9e par l\u2019ISGA\u00a0; Annaba. Formation sur logiciel GDM (g\u00e9ologie de d\u00e9veloppement Mini\u00e8re) assur\u00e9e par la compagnie BRGM, France. \u00a0 EXPERIENCE PROFESSIONNELLE\u00a0: Du 19\/01\/1991 au 31\/05\/1991, maitre assistant \u00e0 l\u2019institut des mines \u00e0 l\u2019universit\u00e9 de Annaba. Du 1\/06\/1991 au 16\/01\/94, chef de d\u00e9partement d\u2019enrichissement et chercheur au CERAD\/FERPHOS, (centre de recherche appliqu\u00e9e et de d\u00e9veloppement, Ferphos. Du 17\/01\/1994 au 31\/07\/2007, maitre assistant charg\u00e9 de cours au centre universitaire de T\u00e9bessa. A partir du 1\/09\/2007 \u00e0 ce jours \u00e0 l\u2019universit\u00e9 de Laarbi Ben M\u2019Hidi Oum El Bouaghi. \u00a0 RECHERCHE ET PUBLICATIONS\u00a0: Communication intitul\u00e9e; physico-chimique des poussi\u00e8res min\u00e9rales dans l\u2019application de la nocivit\u00e9 pulmonaire\u00a0; cas de m\u00e9lange quartz \u2013 kaolin, Sid M. et Chouai S., s\u00e9minaire national sur l\u2019industrie mini\u00e8re, mai 1994, \u00e0 l\u2019universit\u00e9 de Annaba. Communication intitul\u00e9e\u00a0; m\u00e9canisme et formation de la pr\u00e9cipitation du CaO dans le traitement du phosphate, Chouai S. et Sid M.\u00a0; s\u00e9minaire national sur l\u2019industrie mini\u00e8re, mai 1994, \u00e0 l\u2019universit\u00e9 de Annaba. Traitement du minerai de fer pauvre de la mine de l\u2019Ouenza, (publication interne, Ferphos), Valorisation du minerai de fer de Djebel Anini et de Djebel Hellel, S\u00e9tif ( publication interne, Ferphos), Etude sur le minerai de fer de Djebel Anini pour l\u2019utilisation comme alourdisseur dans les puits de p\u00e9trole (publication interne Ferphos), Communication intitul\u00e9e, \u00e9limination du pr\u00e9cipit\u00e9 de la calcite et de la dolomite dans le traitement du phosphate, Chouai S. s\u00e9minaire national sur la valorisation du phosphate, mai 2006. Au centre universitaire de T\u00e9bessa en collaboration avec l\u2019entreprise Ferphos. Publication intitul\u00e9e, scaling prevention in the wet processing of calcitic and dolomitic phosphate rock, Chouai S. et Young PA. research and reviews: journal of engineering and technology, V2, Issue 4, October-December, 2013. Ayant particip\u00e9 dans cinq projets de recherch\u00e9 CNEPRU; Ayant particip\u00e9 au Workshop \u00ab\u00a0Phosphates\u00a0\u00bb 7et 8 novembre 2006, \u00e0 l\u2019universit\u00e9 de Annaba. Organis\u00e9 par l\u2019agence nationale de valorisation des r\u00e9sultats de la recherche et du d\u00e9veloppement technologique, en collaboration avec l\u2019universit\u00e9 et l\u2019entreprise Ferphos. Chef du projet de recherche agr\u00e9e par le minist\u00e8re de l\u2019enseignement sup\u00e9rieur et de la recherche scientifique sous le code\u00a0; J1202\/03\/04\/97, intitul\u00e9, Enrichissement de minerai de fer pauvre. Chef du projet de recherche agr\u00e9e par le minist\u00e8re de l\u2019enseignement sup\u00e9rieur et de la recherche scientifique sous le code\u00a0; J1201\/04\/02\/03, intitul\u00e9, Essais de valorisation et choix d\u2019une m\u00e9thode rationnelle d\u2019exploitation des gisements aurif\u00e8res d\u2019El Hoggar. Membre de l\u2019\u00e9quipe de recherche du projet agr\u00e9e par le minist\u00e8re de l\u2019enseignement sup\u00e9rieur et de la recherche scientifique sous le code\u00a0; J1224\/03\/01\/96, intitul\u00e9, Influence de la granulom\u00e9trie des roches abattues sur le fonctionnement des \u00e9quipements miniers (excavateur, camion, concasseur, convoyeur \u00e0 bande). Membre de l\u2019\u00e9quipe de recherche du projet agr\u00e9e par le minist\u00e8re de l\u2019enseignement sup\u00e9rieur et de la recherche scientifique, le code\u00a0; G03020080015, intitul\u00e9, Quelles dessertes des p\u00e9riph\u00e9ries urbaines par les transports collectifs\u00a0? L\u2019exemple de l\u2019agglom\u00e9ration urbaine constantinoise. Membre de l\u2019\u00e9quipe de recherche du projet agr\u00e9e par le minist\u00e8re de l\u2019enseignement sup\u00e9rieur et de la recherche scientifique sous le code\u00a0; G03020130028, intitul\u00e9, Urbanisation et risques urbains en Alg\u00e9rie\u00a0: le cas de la wilaya de Skikda. Membre dans le laboratoire de recherche des mines, agr\u00e9e au niveau du minist\u00e8re de l\u2019enseignement sup\u00e9rieur et de la recherche scientifique, ann\u00e9e 2005. Ayant particip\u00e9 \u00e0 l\u2019organisation de plusieurs journ\u00e9e d\u2019\u00e9tudes au centre universitaire de T\u00e9bessa, Ayant particip\u00e9 \u00e0 l\u2019organisation de la\u00a0 journ\u00e9e d\u2019\u00e9tude\u00a0sur \u00ab\u00a0Ecologie urbaine et D\u00e9veloppement Durable\u00a0\u00bb le 21 f\u00e9vrier 2010, universit\u00e9 de Laarbi Ben M\u2019Hidi Oum El Bouaghi, Ayant particip\u00e9 \u00e0 l\u2019organisation de la journ\u00e9e d\u2019\u00e9tude sur \u00ab\u00a0Qualit\u00e9 de Vie (le confort dans l\u2019habitat), le 29 f\u00e9vrier 2012, universit\u00e9 de Laarbi Ben M\u2019Hidi Oum El Bouaghi, Ayant particip\u00e9 \u00e0 l\u2019organisation de la journ\u00e9e d\u2019\u00e9tude sur \u00ab\u00a0int\u00e9gration des risques naturels dans le plans d\u2019am\u00e9nagement\u00a0\u00bb, le 4 mars 2013, universit\u00e9 de Laarbi Ben M\u2019Hidi Oum El Bouaghi. Ayant particip\u00e9 \u00e0 l\u2019organisation de la journ\u00e9e d\u2019\u00e9tude sur \u00ab\u00a0le processus de fabrication d\u2019un projet architectural dans son contexte urbain\u00a0\u00bb, le 13 mai 2013, universit\u00e9 de Laarbi Ben M\u2019Hidi Oum El Bouaghi Membre du comit\u00e9 d\u2019organisation du s\u00e9minaire international \u00ab\u00a0Faire la Ville, par quelles pratiques et par quels projets\u00a0\u00bb le 26-27 avril 2009, \u00e0 l\u2019universit\u00e9 de Laarbi Ben M\u2019Hidi, Oum El Bouaghi, Membre dans le jury d\u2019\u00e9laboration et correction des examens du concours du doctorat LMD de gestion des techniques urbaines pour l&rsquo;ann\u00e9e universitaire 2013\/2014, universit\u00e9 de Laarbi Ben M\u2019Hidi Oum El Bouaghi. Membre du comit\u00e9 de r\u00e9daction de la revue faire la ville, institut de gestion des techniques urbaines, universit\u00e9 de Laarbi Ben M\u2019Hidi, Oum El Bouaghi, Membre du comit\u00e9 d\u2019organisation et du comit\u00e9 scientifique du s\u00e9minaire national sur la valorisation des phosphates de Djebel Onk, T\u00e9bessa, mai 2006, Membre dans le jury d&rsquo;\u00e9laboration et correction des examens du concours du doctorat LMD de g\u00e9ologie pour l&rsquo;ann\u00e9e universitaire 2016\/2017, universit\u00e9 de Laarbi Ben M&rsquo;Hidi Oum El Bouaghi. Organisation d&rsquo;une journ\u00e9e d&rsquo;information sur le Plagiat et la pr\u00e9paration du m\u00e9moire de fin de cursus, pour les \u00e9tudiants de l&rsquo;institut de gestion des techniques urbaines, le 15\/10\/2016, \u00e0 l&rsquo;universit\u00e9 de Oum El Bouaghi. \u00a0 ACTIVITE PEDAGOGIQUE\u00a0ET ENCADREMENT: Ayant assur\u00e9 les cours, les TD et les TP de plusieurs modules pour la graduation\u00a0; min\u00e9ralurgie, physique des &hellip;<\/p>\n","protected":false},"author":1,"featured_media":0,"parent":0,"menu_order":0,"comment_status":"closed","ping_status":"closed","template":"","meta":{"_eb_attr":"","footnotes":""},"class_list":["post-2051","page","type-page","status-publish","hentry"],"_links":{"self":[{"href":"https:\/\/www.univ-oeb.dz\/igtu\/wp-json\/wp\/v2\/pages\/2051","targetHints":{"allow":["GET"]}}],"collection":[{"href":"https:\/\/www.univ-oeb.dz\/igtu\/wp-json\/wp\/v2\/pages"}],"about":[{"href":"https:\/\/www.univ-oeb.dz\/igtu\/wp-json\/wp\/v2\/types\/page"}],"author":[{"embeddable":true,"href":"https:\/\/www.univ-oeb.dz\/igtu\/wp-json\/wp\/v2\/users\/1"}],"replies":[{"embeddable":true,"href":"https:\/\/www.univ-oeb.dz\/igtu\/wp-json\/wp\/v2\/comments?post=2051"}],"version-history":[{"count":0,"href":"https:\/\/www.univ-oeb.dz\/igtu\/wp-json\/wp\/v2\/pages\/2051\/revisions"}],"wp:attachment":[{"href":"https:\/\/www.univ-oeb.dz\/igtu\/wp-json\/wp\/v2\/media?parent=2051"}],"curies":[{"name":"wp","href":"https:\/\/api.w.org\/{rel}","templated":true}]}}