{"id":2015,"date":"2018-12-03T15:02:20","date_gmt":"2018-12-03T14:02:20","guid":{"rendered":"http:\/\/www.univ-oeb.dz\/igtu\/?page_id=2015"},"modified":"2018-12-23T14:59:41","modified_gmt":"2018-12-23T13:59:41","slug":"boukelouha-redouane","status":"publish","type":"page","link":"https:\/\/www.univ-oeb.dz\/igtu\/fr\/boukelouha-redouane\/","title":{"rendered":"Boukelouha Redouane"},"content":{"rendered":"<h3><strong><em>M.Radhwane Boukelouha<\/em><\/strong><br \/>\n<strong><em>Institut de Gestion des Techniques urbaines-<\/em><\/strong><br \/>\n<strong><em>Universit\u00e9 Larbi Ben M\u2019hidi, Oum El Bouaghi, Alg\u00e9rie.<\/em><\/strong><br \/>\n<strong><em>Tel : +213 .555.56.85.88 \/ +213.792.980.950<\/em><\/strong><br \/>\n<strong><em>E-mail : radhwane.boukelouha@mail.com<\/em><\/strong><br \/>\n<strong><em>&#8211; Architecte<\/em><\/strong><br \/>\n<strong><em>&#8211; Magist\u00e8re en Architecture et Urbanisme<\/em><\/strong><br \/>\n<strong><em>&#8211; Maitre-Assistant Classe A, Universit\u00e9 Larbi Ben M\u2019hidi, Oum el<\/em><\/strong><br \/>\n<strong><em>Bouaghi, Alg\u00e9rie<\/em><\/strong><br \/>\n<strong><em>&#8211; Doctorant en Sciences, option : Projet urbain, Laboratoire Ville et<\/em><\/strong><br \/>\n<strong><em>Sant\u00e9, Universit\u00e9 de Constantine 3, Alg\u00e9rie<\/em><\/strong><\/h3>\n<h3>\n<span style=\"color: #3366ff;\"><strong><em>Exp\u00e9rience professionnelle :<\/em><\/strong><\/span><br \/>\n<strong><em>&#8211; 01 \/10\/2017- \u00e0 pr\u00e9sent :<\/em><\/strong><br \/>\n<strong><em>\u00a0Maitre-Assistant \u2013B- \u00e0 l\u2019Institut de Gestion des Techniques urbaines- Universit\u00e9<\/em><\/strong><br \/>\n<strong><em>Larbi Ben M\u2019hidi, Oum El Bouaghi, Alg\u00e9rie.<\/em><\/strong><br \/>\n<strong><em>&#8211; 22 \/01\/2015- 01\/10\/2017 :<\/em><\/strong><br \/>\n<strong><em>Maitre-Assistant \u2013B- \u00e0 l\u2019Institut d\u2019Architecture et des sciences de la Terre, D\u00e9partement<\/em><\/strong><br \/>\n<strong><em>d\u2019Architecture, Universit\u00e9 Ferhat Abbas \u2013S\u00e9tif1- Alg\u00e9rie.<\/em><\/strong><br \/>\n<strong><em>&#8211; 02 \/05\/2011-21 \/01\/2015 :<\/em><\/strong><br \/>\n<strong><em>\u00a0Architecte \u00e0 la Direction du Logement de la wilaya de Mila \u2013 Alg\u00e9rie.<\/em><\/strong><br \/>\n<strong><em><span style=\"color: #3366ff;\">Poste occup\u00e9<\/span> : Architecte Charg\u00e9 de la Promotion Immobili\u00e8re.<\/em><\/strong><br \/>\n<strong><em>Etudes Sup\u00e9rieures :<\/em><\/strong><br \/>\n<strong><em>&#8211; Novembre 2014- \u00c0 pr\u00e9sent : Doctorant en Sciences, Fili\u00e8re : Architecture et Urbanisme,<\/em><\/strong><strong><em>Option : Projet urbain, Universit\u00e9 de Constantine 3, Alg\u00e9rie.<\/em><\/strong><br \/>\n<strong><em>&#8211; Th\u00e8me de Recherche : La relation entre la morphologie urbaine et la marchabilit\u00e9 dans les<\/em><\/strong><br \/>\n<strong><em>tissus de la ville nouvelle Ali Mendjeli, Constantine, Alg\u00e9rie.<\/em><\/strong><br \/>\n<strong><em>&#8211; Juillet 2014 : Dipl\u00f4me de Magist\u00e8re en Architecture et Urbanisme, Option : Projet Urbain,<\/em><\/strong><br \/>\n<strong><em>mention \u00ab Tr\u00e8s Bien \u00bb, Universit\u00e9 de Constantine 3, Alg\u00e9rie.<\/em><\/strong><br \/>\n<strong><em>&#8211; Th\u00e8me de Recherche : Pour un Projet urbain strat\u00e9gique \u00e0 Mila ; la coh\u00e9rence urbaine et<\/em><\/strong><br \/>\n<strong><em>la question fonci\u00e8re.<\/em><\/strong><br \/>\n<strong><em>&#8211; Juillet 2010 : Dipl\u00f4me d\u2019Etat d\u2019Architecte, Ecole Polytechnique d\u2019Architecture et d\u2019Urbanisme<\/em><\/strong><br \/>\n<strong><em>(EPAU-Alger), mention \u00ab Bien \u00bb.<\/em><\/strong><br \/>\n<strong><em>&#8211; Juillet 2005 : BAC \u2013Sciences de la nature et de la vie, mention \u00ab Assez-Bien \u00bb<\/em><\/strong><br \/>\n<strong><em>Publications scientifiques :<\/em><\/strong><br \/>\n<strong><em>&#8211; Radhwane Boukelouha, BOOK REVIEWS \u00ab Paris, la forme d\u2019une ville : pr\u00e9cis<\/em><\/strong><br \/>\n<strong><em>d\u2019anatomie urbaine du moyen \u00e2ge \u00e0 nos jours edited by Micha\u00ebl Darin \u00bb in Urban<\/em><\/strong><br \/>\n<strong><em>Morphology (2017) 21(1), 2017 ISSN 1027\u20134278.<\/em><\/strong><br \/>\n<strong><em>http:\/\/www.urbanform.org\/online_public\/2017_1.shtml<\/em><\/strong><br \/>\n<strong><em>w Radhwane Boukelouha, Marchabilit\u00e9 urbaine, quel rapport avec la morphologie ?<\/em><\/strong><br \/>\n<strong><em>URBANITUDES, Num\u00e9ro 1, D\u00e9partement d\u2019Urbanisme, Universit\u00e9 de Constantine3,<\/em><\/strong><br \/>\n<strong><em>(2017). http:\/\/fr.calameo.com\/read\/005052073a66d09f1484e<\/em><\/strong><strong><em>2<\/em><\/strong><\/p>\n<p><span style=\"color: #3366ff;\"><strong><em>Communications :<\/em><\/strong><\/span><br \/>\n<strong><em>&#8211; R. Boukelouha, \u00ab Pour un projet urbain strat\u00e9gique \u00e0 Mila, la coh\u00e9rence urbaine et la<\/em><\/strong><br \/>\n<strong><em>question fonci\u00e8re \u00bb, 1er Colloque Internationale sur l\u2019Architecture M\u00e9diterran\u00e9enne, 8-9<\/em><\/strong><br \/>\n<strong><em>Novembre 2015, Universit\u00e9 Larbi Ben M\u2019hidi, Oum El Bouaghi, Alg\u00e9rie.<\/em><\/strong><br \/>\n<strong><em>-R.Boukelouha,\u201d \u00ab \u062a\u0634\u0643\u0644 \u0627\u0644\u0645\u062f\u0646 \u0627\u0644\u062c\u062f\u06cc\u062f\u0629 \u0628\u06cc\u0646 \u0627\u0644\u0648\u0627\u0642\u0639 \u0648\u0627\u0644\u0645\u062b\u0627\u0644\u06cc\u0629 \u00bb, First Memaryat International<\/em><\/strong><br \/>\n<strong><em>Conference : Architecture of the Future: Challenges and Visions,17 to 19 April 2017,<\/em><\/strong><br \/>\n<strong><em>Effat University, Djeddah, Arabie Saoudite.<\/em><\/strong><br \/>\n<strong><em>&#8211; R. Boukelouha, \u00ab La performance morphologique des tissus urbains et la Marchabilit\u00e9,<\/em><\/strong><br \/>\n<strong><em>Cas de la ville nouvelle d\u2019Ali Mendjeli Constantine \u00bb, Journ\u00e9e scientifique \u00ab Espaces<\/em><\/strong><br \/>\n<strong><em>publics urbains, composition urbaine et ambiances entre th\u00e9orie &amp; pratique \u00bb, 08 Mai<\/em><\/strong><br \/>\n<strong><em>2017, Universit\u00e9 Larbi Ben M\u2019hidi, Oum El Bouaghi, Alg\u00e9rie.<\/em><\/strong><br \/>\n<strong><em>&#8211; R. Boukelouha, \u00ab Le r\u00f4le des approches morphologiques dans la mise en sc\u00e8ne du Projet<\/em><\/strong><br \/>\n<strong><em>Urbain Durable \u00bb, Journ\u00e9e d\u2019\u00e9tude \u00ab Les leviers capables d\u2019impulser le Projet Urbain<\/em><\/strong><br \/>\n<strong><em>Durable \u00bb, 27 Novembre 2017, Universit\u00e9 Larbi Ben M\u2019hidi, Oum El Bouaghi, Alg\u00e9rie.<\/em><\/strong><br \/>\n<strong><em>&#8211; N.Gueliane &amp; R.Boukelouha, \u00ab Infraction Urbaine, Causes Et Cons\u00e9quences :Le Cas Du<\/em><\/strong><br \/>\n<strong><em>Projet De HAMRAYAT (GHARDA\u00cfA) \u00bb, Journ\u00e9e d\u2019\u00e9tude \u00ab Infractions urbaines dans les<\/em><\/strong><br \/>\n<strong><em>villes alg\u00e9riennes \u00bb, 20 F\u00e9vrier 2018, Universit\u00e9 Larbi Ben M\u2019hidi, Oum El Bouaghi,<\/em><\/strong><br \/>\n<strong><em>Alg\u00e9rie.<\/em><\/strong><br \/>\n<strong><em>Posters :<\/em><\/strong><br \/>\n<strong><em>&#8211; R.Boukelouha , M,Benoumeldjadj, M.Sadi, R.A Saouli, O.Boussalia, S.Rahmoune, Poster<\/em><\/strong><br \/>\n<strong><em>\u00ab Lecture prospective de la mobilit\u00e9 urbaine \u00e0 Constantine par une d\u00e9marche de Projet<\/em><\/strong><br \/>\n<strong><em>Urbain \u00bb, 2\u00e8me atelier du r\u00e9seau africain et de recherche en territoire et sant\u00e9, In\u00e9galit\u00e9s de<\/em><\/strong><br \/>\n<strong><em>sant\u00e9 et territoires, 24-25-26 Mai 2016, Constantine, Alg\u00e9rie.<\/em><\/strong><br \/>\n<strong><em>Enseignement Sup\u00e9rieur :<\/em><\/strong><br \/>\n<strong><em>w Janvier-\u00e0 pr\u00e9sent : Atelier de projet urbain, 1\u00e8re ann\u00e9e Licence, IGTU Oum El Bouaghi.<\/em><\/strong><br \/>\n<strong><em>&#8211; Janvier- Mai 2018 : Charg\u00e9 de module \u00ab Dessin Assist\u00e9 par Ordinateur \u00bb, 2\u00e8me ann\u00e9e<\/em><\/strong><br \/>\n<strong><em>Licence, IGTU Oum El Bouaghi (Cours+TD: 42 heures).<\/em><\/strong><br \/>\n<strong><em>&#8211; Octobre -D\u00e9cembre 2017 : Atelier Cartographie et dessin appliqu\u00e9 au Projet Urbain,<\/em><\/strong><br \/>\n<strong><em>Master 1 VPU, IGTU Oum El Bouaghi (Atelier : 72 heures).<\/em><\/strong><br \/>\n<strong><em>&#8211; Septembre -D\u00e9cembre 2017 : Charg\u00e9 de cours Pratique de l\u2019urbanisme op\u00e9rationnel,<\/em><\/strong><br \/>\n<strong><em>Master 1 VPU, IGTU Oum El Bouaghi (Cours magistral : 21 heures, TD : 21 heures).<\/em><\/strong><br \/>\n<strong><em>&#8211; Septembre 2016 &#8211; Juin 2017 : Charg\u00e9 de TD Conception Assist\u00e9e par Ordinateur, 3\u00e8me<\/em><\/strong><br \/>\n<strong><em>Ann\u00e9e Architecture, IAST S\u00e9tif 1 (TD : 168 heures).<\/em><\/strong><br \/>\n<strong><em>&#8211; Septembre 2016 -Janvier 2017 : Charg\u00e9 de cours Mod\u00e9lisation urbaine et architecturale,<\/em><\/strong><br \/>\n<strong><em>Master 2 Habitat, IAST S\u00e9tif 1 (Cours magistral : 21 heures).<\/em><\/strong><br \/>\n<strong><em>&#8211; Septembre 2015 &#8211; Juin 2016 : Charg\u00e9 de TD Conception Assist\u00e9e par Ordinateur, 3\u00e8me<\/em><\/strong><br \/>\n<strong><em>Ann\u00e9e Architecture, IAST S\u00e9tif 1 (TD : 168 heures).<\/em><\/strong><br \/>\n<strong><em>&#8211; Septembre 2015 &#8211; Janvier 2016 : Charg\u00e9 de cours Mod\u00e9lisation urbaine et architecturale,<\/em><\/strong><br \/>\n<strong><em>Master 2 Habitat, IAST S\u00e9tif 1 (Cours magistral : 21 heures).<\/em><\/strong><br \/>\n<strong><em>w Avril 2015- Juillet 2015 : Charg\u00e9 d\u2019atelier de construction, 2\u00e8me ann\u00e9e License<\/em><\/strong><br \/>\n<strong><em>Architecture, IAST S\u00e9tif 1 (Atelier : 30 heures).<\/em><\/strong><br \/>\n<strong><em>&#8211; Janvier 2015 &#8211; Juillet 2015 : Charg\u00e9 de TD Conception Assist\u00e9e par Ordinateur, 3\u00e8me<\/em><\/strong><br \/>\n<strong><em>Ann\u00e9e Architecture, IAST S\u00e9tif 1 (TD : 126 heures).<\/em><\/strong><br \/>\n<strong><em>&#8211; Janvier 2015 -Avril 2015 : Charg\u00e9 de cours Mod\u00e9lisation urbaine et architecturale,<\/em><\/strong><br \/>\n<strong><em>Master2 Habitat, IAST S\u00e9tif 1 (Cours magistral : 12 heures).<\/em><\/strong><br \/>\n<strong><em>w Septembre 2014 &#8211; Mars 2015 : Charg\u00e9 de TD : \u00e9laboration des cahiers des charges,<\/em><\/strong><br \/>\n<strong><em>Master2 Maitrise d\u2019ouvrage, Universit\u00e9 de Constantine 3 (TD :30 heures).<\/em><\/strong><\/p>\n<p><span style=\"color: #3366ff;\"><strong><em>Encadrement des m\u00e9moires de fin d\u2019\u00e9tudes de Master :<\/em><\/strong><\/span><br \/>\n<strong><em>&#8211; Pour une requalification urbaine d\u2019Ain El Kebira ; Le projet de reconversion de<\/em><\/strong><br \/>\n<strong><em>l\u2019ancienne mairie de la ville, M. Foued Makhlouche (Encadreur : R.Boukelouha), Institut<\/em><\/strong><br \/>\n<strong><em>d\u2019Architecture et des Sciences de la Terre, Universit\u00e9 de S\u00e9tif 1, Alg\u00e9rie, 2016, 90p.<\/em><\/strong><br \/>\n<strong><em>w La revalorisation du quartier Bardo \u00e0 Constantine \u00e0 travers la revitalisation de son centre<\/em><\/strong><br \/>\n<strong><em>artisanal, Melle Radia Amaouche (Encadreur : R.Boukelouha), Institut d\u2019Architecture et<\/em><\/strong><strong><em>des Sciences de la Terre, Universit\u00e9 de S\u00e9tif 1, Alg\u00e9rie, 2016, 85p.<\/em><\/strong><br \/>\n<strong><em>\u00a0La revalorisation d\u2019une unit\u00e9 paysag\u00e8re unique (quartier Bardo, Constantine), Melle\u00a0<\/em><\/strong><strong><em>Hanine Bouchama (Encadreur : R.Boukelouha), Institut d\u2019Architecture et des Sciences de<\/em><\/strong><strong><em>la Terre, Universit\u00e9 de S\u00e9tif 1, Alg\u00e9rie, 2016, 100p.<\/em><\/strong><br \/>\n<strong><em>w La requalification du quartier Bardo \u00e0 Constantine ; projet de r\u00e9habilitation d\u2019un<\/em><\/strong><br \/>\n<strong><em>Hammam, Melle Asma Baitiche (Encadreur : R.Boukelouha), Institut d\u2019Architecture et\u00a0<\/em><\/strong><strong><em>des Sciences de la Terre, Universit\u00e9 de S\u00e9tif 1, Alg\u00e9rie, 2016, 80p.<\/em><\/strong><br \/>\n<strong><em>-Espace Public et Patrimoine, intervention sur le centre de la ville de S\u00e9tif,<\/em><\/strong><br \/>\n<strong><em>Melle Zineb Mahdadi (Encadreur : R.Boukelouha), Institut d\u2019Architecture et des Sciences<\/em><\/strong><br \/>\n<strong><em>de la Terre, Universit\u00e9 de S\u00e9tif 1, Alg\u00e9rie, 2016, 75p.<\/em><\/strong><br \/>\n<strong><em>&#8211; Patrimoine architectural colonial au centre-ville de S\u00e9tif ; Cas de la gare ferroviaire, Mme<\/em><\/strong><br \/>\n<strong><em>Mekhalef Wahiba (Encadreur : R.Boukelouha), Institut d\u2019Architecture et des Sciences de<\/em><\/strong><br \/>\n<strong><em>la Terre, Universit\u00e9 de S\u00e9tif 1, Alg\u00e9rie, 2017, 80p.<\/em><\/strong><br \/>\n<strong><em>Stages et Formations :<\/em><\/strong><br \/>\n<strong><em>&#8211; Du 06 \/10\/ 2013 au 21\/11\/2013 : formation sur \u00ab R\u00e8glementation technique de<\/em><\/strong><br \/>\n<strong><em>construction \u00bb, Institut National de Perfectionnement de l\u2019Equipement, Ksar el Boukhari,<\/em><\/strong><br \/>\n<strong><em>M\u00e9d\u00e9a, Alg\u00e9rie.<\/em><\/strong><br \/>\n<strong><em>&#8211; Du 17 \/09\/ 2014 au 01 \/10\/2014: formation sur \u00ab Land and Housing Development<\/em><\/strong><br \/>\n<strong><em>Policy\u00bb, The Korea International Cooperation Agency &amp; Korea Land and Housing Corp,<\/em><\/strong><strong><em>Seoul \u2013 R\u00e9publique de Cor\u00e9e.<\/em><\/strong><br \/>\n<strong><em>&#8211; Du 26 \/04\/ 2015 au 04\/06\/2015 : formation sur \u00ab Conception, D\u00e9veloppement et<\/em><\/strong><br \/>\n<strong><em>utilisation d\u2019un cours en Ligne \u00bb, Cellule de T\u00e9l\u00e9-Enseignement CTE de l\u2019Universit\u00e9<\/em><\/strong><br \/>\n<strong><em>Ferhat Abbas S\u00e9tif-1, Alg\u00e9rie.<\/em><\/strong><br \/>\n<strong><em>&#8211; Du 09 au 10\/04\/2016 : Formation sur \u00ab les caract\u00e9ristiques et le r\u00f4le des savoirs dans la<\/em><\/strong><strong><em>construction des comp\u00e9tences \u00bb, Universit\u00e9 Larbi Ben M\u2019hidi, Oum El Bouaghi, Alg\u00e9rie,<\/em><\/strong><strong><em>Le formateur \u00ab Pr. Bernard Rey, Universit\u00e9 Libre de Bruxelles, Belgique \u00bb.<\/em><\/strong><br \/>\n<strong><em>&#8211; Du 11 au 14\/04\/2016 : Formation sur \u00ab les comp\u00e9tences de l\u2019enseignant dans une<\/em><\/strong><br \/>\n<strong><em>approche par comp\u00e9tences appliqu\u00e9e aux formations sup\u00e9rieures universitaires \u00bb,<\/em><\/strong><br \/>\n<strong><em>Universit\u00e9 Larbi Ben M\u2019hidi, Oum El Bouaghi, Alg\u00e9rie, Le formateur \u00ab Pr, Mamadou<\/em><\/strong><br \/>\n<strong><em>Fall Mustapha, S\u00e9n\u00e9gal \u00bb.<\/em><\/strong><br \/>\n<strong><em>-Du 16\/09\/2016 au 16\/10\/2016 : Stage de courte dur\u00e9e au D\u00e9partement de g\u00e9ographie,<\/em><\/strong><strong><em>d\u2019urbanisme et d\u2019environnement, Universit\u00e9 de Concordia, Montr\u00e9al, Canada.<\/em><\/strong><br \/>\n<strong><em>&#8211; Du 03 \/01\/ 2016 au 04\/06\/2016 : formation sur \u00ab MOODLE \u00bb, Cellule de T\u00e9l\u00e9-<\/em><\/strong><br \/>\n<strong><em>Enseignement CTE de l\u2019Universit\u00e9 Ferhat Abbas S\u00e9tif-1, Alg\u00e9rie.<\/em><\/strong><br \/>\n<strong><em>-Du 28\/02\/2017 au 02\/03\/217 : Formation sur \u00ab L\u2019article scientifique : Comment<\/em><\/strong><br \/>\n<strong><em>r\u00e9ussir sa publication ? \u00bb, Agence universitaire de francophonie, Campus num\u00e9rique<\/em><\/strong><br \/>\n<strong><em>francophone d\u2019Alger.<\/em><\/strong><br \/>\n<strong><em>w Du 19\/03\/2017 au 21\/03\/217 : Formation sur \u00ab Web 2.0 ; Maitrise des outils d\u2019acc\u00e8s \u00e0\u00a0<\/em><\/strong><strong><em>la documentation scientifique \u00bb, Agence universitaire de francophonie, Campus<\/em><\/strong><br \/>\n<strong><em>num\u00e9rique francophone d\u2019Alger.<\/em><\/strong><br \/>\n<strong><em>&#8211; Du 08\/04\/2017 au 10\/04\/217 : Formation sur \u00ab Traitement statistique et analyse des\u00a0<\/em><\/strong><strong><em>donn\u00e9es avec le logiciel R \u00bb, Agence universitaire de francophonie, Campus num\u00e9rique\u00a0<\/em><\/strong><strong><em>francophone d\u2019Alger, Centre partenaire de Constantine.<\/em><\/strong><br \/>\n<strong><em>&#8211; Du 23\/05\/2017 au 25\/05\/217 : Formation sur \u00ab Cr\u00e9ation de documents scientifiques<\/em><\/strong><br \/>\n<strong><em>avec LateX \u00bb, Agence universitaire de francophonie, Campus num\u00e9rique francophone<\/em><\/strong><strong><em>d\u2019Alger.<\/em><\/strong><br \/>\n<strong><em>-Du 27\/06\/2017 au 27\/08\/2017 : Stage de courte dur\u00e9e au D\u00e9partement de g\u00e9ographie,<\/em><\/strong><br \/>\n<strong><em>d\u2019urbanisme et d\u2019environnement, Universit\u00e9 de Concordia, Montr\u00e9al, Canada.<\/em><\/strong><br \/>\n<strong><em>&#8211; Du 25\/08\/2017 au 27\/08\/2017: Formation et entrainment: Bootcamp \u00ab Publish a Book &amp;\u00a0<\/em><\/strong><strong><em>Grow Rich \u00bb, Gerry Robert, Black Card Books, Montreal, Canada.<\/em><\/strong><br \/>\n<strong><em>&#8211; Du 07 au 08\/02\/2018 : Formation sur \u00ab Comment j\u2019enseigne \u00e0 l\u2019universit\u00e9 avec une<\/em><\/strong><br \/>\n<strong><em>grande efficacit\u00e9 \u00bb, Institut de GTU, Universit\u00e9 Larbi Ben M\u2019hidi, Oum El Bouaghi,<\/em><\/strong><br \/>\n<strong><em>Alg\u00e9rie, Le formateur \u00ab Dr. Habib Affes, Institut Europ\u00e9en de Formation et d\u2019innovation\u00a0<\/em><\/strong><strong><em>\u00e9ducative, Paris, France \u00bb.<\/em><\/strong><\/h3>\n<h3>\n<strong><em><span style=\"color: #3366ff;\">Langues<\/span> :<\/em><\/strong><br \/>\n<strong><em>&#8211; Arabe (maternelle)<\/em><\/strong><br \/>\n<strong><em>&#8211; Fran\u00e7ais (niveau avanc\u00e9 : C1\/TCF) ; lu, parl\u00e9, \u00e9crit.<\/em><\/strong><br \/>\n<strong><em>&#8211; Anglais (niveau moyen) ; lu, \u00e9crit.<\/em><\/strong><\/h3>\n<h3>\n<span style=\"color: #3366ff;\"><strong><em>Connaissances en Informatique :<\/em><\/strong><\/span><br \/>\n<strong><em>&#8211; AutoCAD 2D, 3D ;<\/em><\/strong><br \/>\n<strong><em>&#8211; Sketchup<\/em><\/strong><br \/>\n<strong><em>&#8211; QGIS<\/em><\/strong><br \/>\n<strong><em>&#8211; Word, Powerpoint, Excel.<\/em><\/strong><\/h3>\n","protected":false},"excerpt":{"rendered":"<p>M.Radhwane Boukelouha Institut de Gestion des Techniques urbaines- Universit\u00e9 Larbi Ben M\u2019hidi, Oum El Bouaghi, Alg\u00e9rie. Tel : +213 .555.56.85.88 \/ +213.792.980.950 E-mail : radhwane.boukelouha@mail.com &#8211; Architecte &#8211; Magist\u00e8re en Architecture et Urbanisme &#8211; Maitre-Assistant Classe A, Universit\u00e9 Larbi Ben M\u2019hidi, Oum el Bouaghi, Alg\u00e9rie &#8211; Doctorant en Sciences, option : Projet urbain, Laboratoire Ville et Sant\u00e9, Universit\u00e9 de Constantine 3, Alg\u00e9rie Exp\u00e9rience professionnelle : &#8211; 01 \/10\/2017- \u00e0 pr\u00e9sent : \u00a0Maitre-Assistant \u2013B- \u00e0 l\u2019Institut de Gestion des Techniques urbaines- Universit\u00e9 Larbi Ben M\u2019hidi, Oum El Bouaghi, Alg\u00e9rie. &#8211; 22 \/01\/2015- 01\/10\/2017 : Maitre-Assistant \u2013B- \u00e0 l\u2019Institut d\u2019Architecture et des sciences de la Terre, D\u00e9partement d\u2019Architecture, Universit\u00e9 Ferhat Abbas \u2013S\u00e9tif1- Alg\u00e9rie. &#8211; 02 \/05\/2011-21 \/01\/2015 : \u00a0Architecte \u00e0 la Direction du Logement de la wilaya de Mila \u2013 Alg\u00e9rie. Poste occup\u00e9 : Architecte Charg\u00e9 de la Promotion Immobili\u00e8re. Etudes Sup\u00e9rieures : &#8211; Novembre 2014- \u00c0 pr\u00e9sent : Doctorant en Sciences, Fili\u00e8re : Architecture et Urbanisme,Option : Projet urbain, Universit\u00e9 de Constantine 3, Alg\u00e9rie. &#8211; Th\u00e8me de Recherche : La relation entre la morphologie urbaine et la marchabilit\u00e9 dans les tissus de la ville nouvelle Ali Mendjeli, Constantine, Alg\u00e9rie. &#8211; Juillet 2014 : Dipl\u00f4me de Magist\u00e8re en Architecture et Urbanisme, Option : Projet Urbain, mention \u00ab Tr\u00e8s Bien \u00bb, Universit\u00e9 de Constantine 3, Alg\u00e9rie. &#8211; Th\u00e8me de Recherche : Pour un Projet urbain strat\u00e9gique \u00e0 Mila ; la coh\u00e9rence urbaine et la question fonci\u00e8re. &#8211; Juillet 2010 : Dipl\u00f4me d\u2019Etat d\u2019Architecte, Ecole Polytechnique d\u2019Architecture et d\u2019Urbanisme (EPAU-Alger), mention \u00ab Bien \u00bb. &#8211; Juillet 2005 : BAC \u2013Sciences de la nature et de la vie, mention \u00ab Assez-Bien \u00bb Publications scientifiques : &#8211; Radhwane Boukelouha, BOOK REVIEWS \u00ab Paris, la forme d\u2019une ville : pr\u00e9cis d\u2019anatomie urbaine du moyen \u00e2ge \u00e0 nos jours edited by Micha\u00ebl Darin \u00bb in Urban Morphology (2017) 21(1), 2017 ISSN 1027\u20134278. http:\/\/www.urbanform.org\/online_public\/2017_1.shtml w Radhwane Boukelouha, Marchabilit\u00e9 urbaine, quel rapport avec la morphologie ? URBANITUDES, Num\u00e9ro 1, D\u00e9partement d\u2019Urbanisme, Universit\u00e9 de Constantine3, (2017). http:\/\/fr.calameo.com\/read\/005052073a66d09f1484e2 Communications : &#8211; R. Boukelouha, \u00ab Pour un projet urbain strat\u00e9gique \u00e0 Mila, la coh\u00e9rence urbaine et la question fonci\u00e8re \u00bb, 1er Colloque Internationale sur l\u2019Architecture M\u00e9diterran\u00e9enne, 8-9 Novembre 2015, Universit\u00e9 Larbi Ben M\u2019hidi, Oum El Bouaghi, Alg\u00e9rie. -R.Boukelouha,\u201d \u00ab \u062a\u0634\u0643\u0644 \u0627\u0644\u0645\u062f\u0646 \u0627\u0644\u062c\u062f\u06cc\u062f\u0629 \u0628\u06cc\u0646 \u0627\u0644\u0648\u0627\u0642\u0639 \u0648\u0627\u0644\u0645\u062b\u0627\u0644\u06cc\u0629 \u00bb, First Memaryat International Conference : Architecture of the Future: Challenges and Visions,17 to 19 April 2017, Effat University, Djeddah, Arabie Saoudite. &#8211; R. Boukelouha, \u00ab La performance morphologique des tissus urbains et la Marchabilit\u00e9, Cas de la ville nouvelle d\u2019Ali Mendjeli Constantine \u00bb, Journ\u00e9e scientifique \u00ab Espaces publics urbains, composition urbaine et ambiances entre th\u00e9orie &amp; pratique \u00bb, 08 Mai 2017, Universit\u00e9 Larbi Ben M\u2019hidi, Oum El Bouaghi, Alg\u00e9rie. &#8211; R. Boukelouha, \u00ab Le r\u00f4le des approches morphologiques dans la mise en sc\u00e8ne du Projet Urbain Durable \u00bb, Journ\u00e9e d\u2019\u00e9tude \u00ab Les leviers capables d\u2019impulser le Projet Urbain Durable \u00bb, 27 Novembre 2017, Universit\u00e9 Larbi Ben M\u2019hidi, Oum El Bouaghi, Alg\u00e9rie. &#8211; N.Gueliane &amp; R.Boukelouha, \u00ab Infraction Urbaine, Causes Et Cons\u00e9quences :Le Cas Du Projet De HAMRAYAT (GHARDA\u00cfA) \u00bb, Journ\u00e9e d\u2019\u00e9tude \u00ab Infractions urbaines dans les villes alg\u00e9riennes \u00bb, 20 F\u00e9vrier 2018, Universit\u00e9 Larbi Ben M\u2019hidi, Oum El Bouaghi, Alg\u00e9rie. Posters : &#8211; R.Boukelouha , M,Benoumeldjadj, M.Sadi, R.A Saouli, O.Boussalia, S.Rahmoune, Poster \u00ab Lecture prospective de la mobilit\u00e9 urbaine \u00e0 Constantine par une d\u00e9marche de Projet Urbain \u00bb, 2\u00e8me atelier du r\u00e9seau africain et de recherche en territoire et sant\u00e9, In\u00e9galit\u00e9s de sant\u00e9 et territoires, 24-25-26 Mai 2016, Constantine, Alg\u00e9rie. Enseignement Sup\u00e9rieur : w Janvier-\u00e0 pr\u00e9sent : Atelier de projet urbain, 1\u00e8re ann\u00e9e Licence, IGTU Oum El Bouaghi. &#8211; Janvier- Mai 2018 : Charg\u00e9 de module \u00ab Dessin Assist\u00e9 par Ordinateur \u00bb, 2\u00e8me ann\u00e9e Licence, IGTU Oum El Bouaghi (Cours+TD: 42 heures). &#8211; Octobre -D\u00e9cembre 2017 : Atelier Cartographie et dessin appliqu\u00e9 au Projet Urbain, Master 1 VPU, IGTU Oum El Bouaghi (Atelier : 72 heures). &#8211; Septembre -D\u00e9cembre 2017 : Charg\u00e9 de cours Pratique de l\u2019urbanisme op\u00e9rationnel, Master 1 VPU, IGTU Oum El Bouaghi (Cours magistral : 21 heures, TD : 21 heures). &#8211; Septembre 2016 &#8211; Juin 2017 : Charg\u00e9 de TD Conception Assist\u00e9e par Ordinateur, 3\u00e8me Ann\u00e9e Architecture, IAST S\u00e9tif 1 (TD : 168 heures). &#8211; Septembre 2016 -Janvier 2017 : Charg\u00e9 de cours Mod\u00e9lisation urbaine et architecturale, Master 2 Habitat, IAST S\u00e9tif 1 (Cours magistral : 21 heures). &#8211; Septembre 2015 &#8211; Juin 2016 : Charg\u00e9 de TD Conception Assist\u00e9e par Ordinateur, 3\u00e8me Ann\u00e9e Architecture, IAST S\u00e9tif 1 (TD : 168 heures). &#8211; Septembre 2015 &#8211; Janvier 2016 : Charg\u00e9 de cours Mod\u00e9lisation urbaine et architecturale, Master 2 Habitat, IAST S\u00e9tif 1 (Cours magistral : 21 heures). w Avril 2015- Juillet 2015 : Charg\u00e9 d\u2019atelier de construction, 2\u00e8me ann\u00e9e License Architecture, IAST S\u00e9tif 1 (Atelier : 30 heures). &#8211; Janvier 2015 &#8211; Juillet 2015 : Charg\u00e9 de TD Conception Assist\u00e9e par Ordinateur, 3\u00e8me Ann\u00e9e Architecture, IAST S\u00e9tif 1 (TD : 126 heures). &#8211; Janvier 2015 -Avril 2015 : Charg\u00e9 de cours Mod\u00e9lisation urbaine et architecturale, Master2 Habitat, IAST S\u00e9tif 1 (Cours magistral : 12 heures). w Septembre 2014 &#8211; Mars 2015 : Charg\u00e9 de TD : \u00e9laboration des cahiers des charges, Master2 Maitrise d\u2019ouvrage, Universit\u00e9 de Constantine 3 (TD :30 heures). Encadrement des m\u00e9moires de fin d\u2019\u00e9tudes de Master : &#8211; Pour une requalification urbaine d\u2019Ain El Kebira ; Le projet de reconversion de l\u2019ancienne mairie de la ville, M. Foued Makhlouche (Encadreur : R.Boukelouha), Institut d\u2019Architecture et des Sciences de la Terre, Universit\u00e9 de S\u00e9tif 1, Alg\u00e9rie, 2016, 90p. w La revalorisation du quartier Bardo \u00e0 Constantine \u00e0 travers la revitalisation de son centre artisanal, Melle Radia Amaouche (Encadreur : R.Boukelouha), Institut d\u2019Architecture etdes Sciences de la Terre, Universit\u00e9 de S\u00e9tif 1, Alg\u00e9rie, 2016, 85p. \u00a0La revalorisation d\u2019une unit\u00e9 paysag\u00e8re unique (quartier Bardo, Constantine), Melle\u00a0Hanine Bouchama (Encadreur : R.Boukelouha), Institut d\u2019Architecture et des Sciences dela Terre, Universit\u00e9 de S\u00e9tif 1, Alg\u00e9rie, 2016, 100p. w La requalification du quartier Bardo \u00e0 Constantine ; projet de r\u00e9habilitation d\u2019un Hammam, Melle Asma Baitiche (Encadreur : R.Boukelouha), Institut d\u2019Architecture et\u00a0des Sciences de la Terre, Universit\u00e9 &hellip;<\/p>\n","protected":false},"author":1,"featured_media":0,"parent":0,"menu_order":0,"comment_status":"closed","ping_status":"closed","template":"","meta":{"_eb_attr":"","footnotes":""},"class_list":["post-2015","page","type-page","status-publish","hentry"],"_links":{"self":[{"href":"https:\/\/www.univ-oeb.dz\/igtu\/wp-json\/wp\/v2\/pages\/2015","targetHints":{"allow":["GET"]}}],"collection":[{"href":"https:\/\/www.univ-oeb.dz\/igtu\/wp-json\/wp\/v2\/pages"}],"about":[{"href":"https:\/\/www.univ-oeb.dz\/igtu\/wp-json\/wp\/v2\/types\/page"}],"author":[{"embeddable":true,"href":"https:\/\/www.univ-oeb.dz\/igtu\/wp-json\/wp\/v2\/users\/1"}],"replies":[{"embeddable":true,"href":"https:\/\/www.univ-oeb.dz\/igtu\/wp-json\/wp\/v2\/comments?post=2015"}],"version-history":[{"count":0,"href":"https:\/\/www.univ-oeb.dz\/igtu\/wp-json\/wp\/v2\/pages\/2015\/revisions"}],"wp:attachment":[{"href":"https:\/\/www.univ-oeb.dz\/igtu\/wp-json\/wp\/v2\/media?parent=2015"}],"curies":[{"name":"wp","href":"https:\/\/api.w.org\/{rel}","templated":true}]}}