{"id":2005,"date":"2018-12-03T15:00:18","date_gmt":"2018-12-03T14:00:18","guid":{"rendered":"http:\/\/www.univ-oeb.dz\/igtu\/?page_id=2005"},"modified":"2018-12-19T11:32:27","modified_gmt":"2018-12-19T10:32:27","slug":"bousouf-chihab-eddine","status":"publish","type":"page","link":"https:\/\/www.univ-oeb.dz\/igtu\/fr\/bousouf-chihab-eddine\/","title":{"rendered":"Bousouf Chihab eddine"},"content":{"rendered":"<h3><em><strong>BOUSSOUF CHIHAB-EDDINE<\/strong><\/em><\/h3>\n<h3><em><strong>01 Rue DJEDA Abb\u00e9s El-Kantara Constantine<\/strong><\/em><\/h3>\n<h3><em><strong>Mail\u00a0: boussouf.che@gmail.com<\/strong><\/em><\/h3>\n<h3><span style=\"color: #3366ff;\"><em><strong>FORMATIONS<\/strong><\/em><\/span><\/h3>\n<ul>\n<li>\n<h3><em><strong>Lyc\u00e9e Technique Khaznadar Constantine\u00a0 1980-1984 ; Baccalaur\u00e9at serie Maths Techniques Bilingues<\/strong><\/em><\/h3>\n<\/li>\n<li>\n<h3><em><strong>Institut d\u2019architecture et d\u2019urbanisme\/ Universit\u00e9 de Constantine 1984-1990\u00a0; Dipl\u00f4me Architecte d\u2019Etat, Promotion 90<\/strong><\/em><\/h3>\n<\/li>\n<li>\n<h3><em><strong>Minist\u00e8re de l\u2019Habitat et de l\u2019Urbanisme\u00a0; formation sur la restructuration et la r\u00e9novation du cadre b\u00e2ti avec le groupe Allemand G.T.Z<\/strong><\/em><\/h3>\n<\/li>\n<\/ul>\n<h3><em><strong>Institut d\u2019Architecture et d\u2019Urbanisme \/ Universit\u00e9 de Constantine 2008\u00a0; Dipl\u00f4me de Magist\u00e8re en Urbanisme option \u00ab\u00a0villes et projet urbain\u00a0<\/strong><\/em><\/h3>\n<ul>\n<li>\n<h3><em><strong>Suivi des \u00e9tudes, de l\u2019affectation des terrains jusqu\u2019a l\u2019approbation final des projets.<\/strong><\/em><\/h3>\n<\/li>\n<li>\n<h3><em><strong>Suivi et contr\u00f4le des projets de logements et \u00e9quipements publics de la ville nouvelle en tant que charg\u00e9 des \u00e9tudes de la ville nouvelle<\/strong><\/em><\/h3>\n<\/li>\n<li>\n<h3><em><strong>Coordination des travaux avec les diff\u00e9rents organismes dans la r\u00e9alisation des projets au niveau de la ville nouvelle.<\/strong><\/em><\/h3>\n<\/li>\n<li>\n<h3><em><strong>Suivi des \u00e9tudes d\u2019urbanisme des projets urbains de Constantine<\/strong><\/em><\/h3>\n<\/li>\n<\/ul>\n<h3><em><strong>\u00a0\u00a0\u00a0\u00a0\u00a0\u00a0 &#8211; Ville Universitaire.<\/strong><\/em><\/h3>\n<h3><em><strong>\u00a0\u00a0\u00a0\u00a0\u00a0\u00a0 &#8211; La cit\u00e9 des sports \u00e0 Guettr \u2013 el \u2013 Aich\u00a0 Ville Nouvelle\u00a0 Constantine.<\/strong><\/em><\/h3>\n<h3><em><strong>\u00a0\u00a0\u00a0\u00a0\u00a0\u00a0\u00a0\u00a0\u00a0\u00a0\u00a0\u00a0 &#8211; R\u00e9am\u00e9nagement des sites des ex- bidonvilles (Tannoudji\u00a0; Gans\u00a0; Bardo\u2026\u2026\u2026\u2026\u2026\u2026..)<\/strong><\/em><\/h3>\n<h3><em><strong>\u00a0\u00a0\u00a0\u00a0\u00a0\u00a0\u00a0\u00a0\u00a0 &#8211; Am\u00e9nagement du site du complexe sportif Chahid Hamlaoui (Piscine olympique, Ecoles de Football, Aires d\u2019entrainement.)<\/strong><\/em><\/h3>\n<h3><em><strong>\u00a0\u00a0\u00a0\u00a0\u00a0\u00a0 &#8211; Le projet Bardo pour une nouvelle centralit\u00e9 a Constantine<\/strong><\/em><\/h3>\n<ul>\n<li>\n<h3><em><strong>Participation aux s\u00e9minaires.<\/strong><\/em><\/h3>\n<\/li>\n<\/ul>\n<h3><em><strong>\u00a0\u00a0\u00a0\u00a0\u00a0 \u00a0\u00a0\u00a0\u00a0\u00a0\u00a0\u00a0&#8211;\u00a0 \u00ab\u00a0 Les acteurs de ville nouvelle\u00a0\u00bb, organis\u00e9 par le laboratoire ville et sant\u00e9 au niveau de l\u2019I.A.U.C de Constantine.<\/strong><\/em><\/h3>\n<h3><span style=\"color: #3366ff;\"><em><strong>LANGUES<\/strong><\/em><\/span><\/h3>\n<ul>\n<li>\n<h3><em><strong>Arabe : Bonne connaissance ( Ecrit \u2013 Parl\u00e9 )<\/strong><\/em><\/h3>\n<\/li>\n<li>\n<h3><em><strong>Fran\u00e7ais : Bonne connaissance (Ecrit- Parl\u00e9)<\/strong><\/em><\/h3>\n<\/li>\n<li>\n<h3><em><strong>Anglais\u00a0: Connaissance moyenne (Lu-Parl\u00e9)<\/strong><\/em><\/h3>\n<\/li>\n<\/ul>\n<h3><span style=\"color: #3366ff;\"><em><strong>INFORMATIQUE<\/strong><\/em><\/span><\/h3>\n<h3><em><strong>Maitrise des logiciels Word\u00a0; Excel\u00a0; PowerPoint\u00a0; MSproject<\/strong><\/em><\/h3>\n<h3><span style=\"color: #3366ff;\"><em><strong>CENTRES D\u2019INTERETS<\/strong><\/em><\/span><\/h3>\n<h3><em><strong>Le renouvellement urbain dans tous ses \u00e9tats et particuli\u00e8rement pour la ville de Constantine<\/strong><\/em><\/h3>\n<h3><em><strong>Enseignant Assistant, 1992-1993 et 1993-1994<\/strong><\/em><\/h3>\n<h3><em><strong>Enseignant vacataire Assurant un module d\u2019Atelier au niveau de l\u2019institut d\u2019architecture et d\u2019urbanisme de l\u2019universit\u00e9 de Constantine.<\/strong><\/em><\/h3>\n<ul>\n<li>\n<h3><em><strong>Ann\u00e9e universitaire 92-93, atelier d\u2019architecture avec les 1ere ann\u00e9e D.U.E.A<\/strong><\/em><\/h3>\n<\/li>\n<li>\n<h3><em><strong>Ann\u00e9e universitaire 93-94 atelier d\u2019architecture avec les 2 eme ann\u00e9e D.U.E.A<\/strong><\/em><\/h3>\n<\/li>\n<\/ul>\n<h3><em><strong>Architecte de suivi, 1995-1996<\/strong><\/em><\/h3>\n<h3><em><strong>Au niveau de la direction de l\u2019urbanisme et de la construction de la wilaya de Constantine.<\/strong><\/em><\/h3>\n<ul>\n<li>\n<h3><em><strong>Charg\u00e9 de l\u2019instruction des actes d\u2019urbanisme<\/strong><\/em><\/h3>\n<\/li>\n<\/ul>\n<h3><em><strong>Charg\u00e9 d\u2019\u00e9tudes, 1997-1998<\/strong><\/em><\/h3>\n<h3><em><strong>Charg\u00e9 des \u00e9tudes des infrastructures militaires au niveau du C.E.T.I.M ( Centre des Etudes Techniques des Infrastructures Militaires.<\/strong><\/em><\/h3>\n<ul>\n<li>\n<h3><em><strong>Charg\u00e9 de la conception des constructions militaires (caserne para-militaire de Setif, caserne militaire Laghouat\u2026.)<\/strong><\/em><\/h3>\n<\/li>\n<li>\n<h3><em><strong>Architecte en chef du projet de la conception de 32 un\u00eetes de la gendarmerie de la ville d\u2019Alger.<\/strong><\/em><\/h3>\n<\/li>\n<\/ul>\n<h3><em><strong>Charg\u00e9 des \u00e9tudes de la ville nouvelle Ali Mendjeli, 1999-2008<\/strong><\/em><\/h3>\n<h3><em><strong>Charg\u00e9 des \u00e9tudes\u00a0 d\u2019urbanisme de la ville nouvelle, membre de la cellule de suivi et de coordination des travaux aves les diff\u00e9rents organismes intervenants au niveau de la ville<\/strong><\/em><\/h3>\n<ul>\n<li>\n<h3><em><strong>Instruction et approbation des \u00e9tudes d\u2019urbanisme des un\u00eetes de voisinage de la ville nouvelle<\/strong><\/em><\/h3>\n<\/li>\n<li>\n<h3><em><strong>Affectation des terrains pour les diff\u00e9rents projets de logement et d\u2019\u00e9quipements.<\/strong><\/em><\/h3>\n<\/li>\n<li>\n<h3><em><strong>Approbation des \u00e9tudes d\u2019architecture des programmes de logement (promotionnel\u00a0; L.S.P . individuel\u2026)<\/strong><\/em><\/h3>\n<\/li>\n<li>\n<h3><em><strong>Coordination des travaux par l\u2019implantation et le contr\u00f4le des projets au niveau de la ville nouvelle.<\/strong><\/em><\/h3>\n<\/li>\n<li>\n<h3><em><strong>Assistance des diff\u00e9rents organismes et bureau d\u2019\u00e9tudes techniques dans le montage des projets<\/strong><\/em><\/h3>\n<\/li>\n<\/ul>\n<h3><em><strong>Charg\u00e9 d\u2019\u00e9tude de la ville universitaire<\/strong><\/em><\/h3>\n<h3><em><strong>\u00a0\u00a0\u00a0\u00a0 \u00a0. Initiateur du projet de la ville universitaire en tant que charg\u00e9 des \u00e9tudes, montage du projet depuis le choix du terrain jusqu\u2019\u00e0 l\u2019approbation final des plans d\u2019am\u00e9nagement.<\/strong><\/em><\/h3>\n<h3><em><strong>Charg\u00e9 des \u00e9tudes de projets urbains, 2005-2008<\/strong><\/em><\/h3>\n<h3><em><strong>Charg\u00e9 des \u00e9tudes de projets urbains dans le cadre de la modernisation de la ville de Constantine par le renouvellement urbain au sein de la Direction de l\u2019urbanisme et de la construction.<\/strong><\/em><\/h3>\n<ul>\n<li>\n<h3><em><strong>Etudes prospectives de strat\u00e9gie du renouvellement urbain a Constantine (D\u00e9bidonvillisation\u00a0; am\u00e9nagement des sites de bidonvilles\u2026)<\/strong><\/em><\/h3>\n<\/li>\n<li>\n<h3><em><strong>Repr\u00e9sentant de la Direction de l\u2019urbanisme dans l\u2019\u00e9laboration des sch\u00e9mas d\u2019am\u00e9nagement au sein de la commission de wilaya (Sch\u00e9ma de Coh\u00e9rence Urbaine, Sch\u00e9ma Directeur d\u2019Am\u00e9nagement des Aires M\u00e9tropolitaines, Expertise sur la ville de Constantine\u2026.)<\/strong><\/em><\/h3>\n<\/li>\n<li>\n<h3><em><strong>Assistance et coordination dans le montage des projets de modernisation de la ville de Constantine ( Tramway, t\u00e9l\u00e9ph\u00e9rique, le pont transrhumel\u2026)<\/strong><\/em><\/h3>\n<ul>\n<li>\n<h3><em><strong>Etudes d\u2019am\u00e9nagement de grands projets de ville (ville universitaire 170Ha\u00a0; la cit\u00e9 des sports\u00a0; am\u00e9nagement des sites du complexe sportif Chahid Hamlaoui 85Ha, Palais des expositions a la ville nouvelle, initiation du projet de Bardo\u2026\u2026\u2026\u2026\u2026\u2026..)\u00a0\u00a0<\/strong><\/em><\/h3>\n<\/li>\n<\/ul>\n<\/li>\n<li>\n<h3><em><strong>Enseignant universitaire, Depuis 2008<\/strong><\/em><\/h3>\n<h3><em><strong>Enseignant universitaire au niveau de l\u2019institut de Gestion des Techniques Urbaines a l\u2019Universit\u00e9 de Oum-El-Bouaghi , charg\u00e9 des modules \u00ab\u00a0Atelier particulerement<\/strong><\/em><\/h3>\n<h3><\/h3>\n<ul>\n<li>\n<h3><em><strong>Atelier \u00ab\u00a0Habitat\u00a0\u00bb au niveau du D\u00e9partement Architecture<\/strong><\/em><\/h3>\n<\/li>\n<li>\n<h3><em><strong>Module \u00ab\u00a0Legilation urbaine\u00a0\u00bb au niveau de l\u2019institut de G.T.U<\/strong><\/em><\/h3>\n<\/li>\n<li>\n<h3><em><strong>Module \u00ab\u00a0Gouvernance et gestion des villes\u00a0\u00bb au niveau de l\u2019institut de G.T.U<\/strong><\/em><\/h3>\n<\/li>\n<\/ul>\n<h3><\/h3>\n<h3><em><strong>Atelier \u00ab\u00a0projet urbain\u00a0\u00bb au niveau de l\u2019institut de G.T.U<\/strong><\/em><\/h3>\n<\/li>\n<\/ul>\n","protected":false},"excerpt":{"rendered":"<p>BOUSSOUF CHIHAB-EDDINE 01 Rue DJEDA Abb\u00e9s El-Kantara Constantine Mail\u00a0: boussouf.che@gmail.com FORMATIONS Lyc\u00e9e Technique Khaznadar Constantine\u00a0 1980-1984 ; Baccalaur\u00e9at serie Maths Techniques Bilingues Institut d\u2019architecture et d\u2019urbanisme\/ Universit\u00e9 de Constantine 1984-1990\u00a0; Dipl\u00f4me Architecte d\u2019Etat, Promotion 90 Minist\u00e8re de l\u2019Habitat et de l\u2019Urbanisme\u00a0; formation sur la restructuration et la r\u00e9novation du cadre b\u00e2ti avec le groupe Allemand G.T.Z Institut d\u2019Architecture et d\u2019Urbanisme \/ Universit\u00e9 de Constantine 2008\u00a0; Dipl\u00f4me de Magist\u00e8re en Urbanisme option \u00ab\u00a0villes et projet urbain\u00a0 Suivi des \u00e9tudes, de l\u2019affectation des terrains jusqu\u2019a l\u2019approbation final des projets. Suivi et contr\u00f4le des projets de logements et \u00e9quipements publics de la ville nouvelle en tant que charg\u00e9 des \u00e9tudes de la ville nouvelle Coordination des travaux avec les diff\u00e9rents organismes dans la r\u00e9alisation des projets au niveau de la ville nouvelle. Suivi des \u00e9tudes d\u2019urbanisme des projets urbains de Constantine \u00a0\u00a0\u00a0\u00a0\u00a0\u00a0 &#8211; Ville Universitaire. \u00a0\u00a0\u00a0\u00a0\u00a0\u00a0 &#8211; La cit\u00e9 des sports \u00e0 Guettr \u2013 el \u2013 Aich\u00a0 Ville Nouvelle\u00a0 Constantine. \u00a0\u00a0\u00a0\u00a0\u00a0\u00a0\u00a0\u00a0\u00a0\u00a0\u00a0\u00a0 &#8211; R\u00e9am\u00e9nagement des sites des ex- bidonvilles (Tannoudji\u00a0; Gans\u00a0; Bardo\u2026\u2026\u2026\u2026\u2026\u2026..) \u00a0\u00a0\u00a0\u00a0\u00a0\u00a0\u00a0\u00a0\u00a0 &#8211; Am\u00e9nagement du site du complexe sportif Chahid Hamlaoui (Piscine olympique, Ecoles de Football, Aires d\u2019entrainement.) \u00a0\u00a0\u00a0\u00a0\u00a0\u00a0 &#8211; Le projet Bardo pour une nouvelle centralit\u00e9 a Constantine Participation aux s\u00e9minaires. \u00a0\u00a0\u00a0\u00a0\u00a0 \u00a0\u00a0\u00a0\u00a0\u00a0\u00a0\u00a0&#8211;\u00a0 \u00ab\u00a0 Les acteurs de ville nouvelle\u00a0\u00bb, organis\u00e9 par le laboratoire ville et sant\u00e9 au niveau de l\u2019I.A.U.C de Constantine. LANGUES Arabe : Bonne connaissance ( Ecrit \u2013 Parl\u00e9 ) Fran\u00e7ais : Bonne connaissance (Ecrit- Parl\u00e9) Anglais\u00a0: Connaissance moyenne (Lu-Parl\u00e9) INFORMATIQUE Maitrise des logiciels Word\u00a0; Excel\u00a0; PowerPoint\u00a0; MSproject CENTRES D\u2019INTERETS Le renouvellement urbain dans tous ses \u00e9tats et particuli\u00e8rement pour la ville de Constantine Enseignant Assistant, 1992-1993 et 1993-1994 Enseignant vacataire Assurant un module d\u2019Atelier au niveau de l\u2019institut d\u2019architecture et d\u2019urbanisme de l\u2019universit\u00e9 de Constantine. Ann\u00e9e universitaire 92-93, atelier d\u2019architecture avec les 1ere ann\u00e9e D.U.E.A Ann\u00e9e universitaire 93-94 atelier d\u2019architecture avec les 2 eme ann\u00e9e D.U.E.A Architecte de suivi, 1995-1996 Au niveau de la direction de l\u2019urbanisme et de la construction de la wilaya de Constantine. Charg\u00e9 de l\u2019instruction des actes d\u2019urbanisme Charg\u00e9 d\u2019\u00e9tudes, 1997-1998 Charg\u00e9 des \u00e9tudes des infrastructures militaires au niveau du C.E.T.I.M ( Centre des Etudes Techniques des Infrastructures Militaires. Charg\u00e9 de la conception des constructions militaires (caserne para-militaire de Setif, caserne militaire Laghouat\u2026.) Architecte en chef du projet de la conception de 32 un\u00eetes de la gendarmerie de la ville d\u2019Alger. Charg\u00e9 des \u00e9tudes de la ville nouvelle Ali Mendjeli, 1999-2008 Charg\u00e9 des \u00e9tudes\u00a0 d\u2019urbanisme de la ville nouvelle, membre de la cellule de suivi et de coordination des travaux aves les diff\u00e9rents organismes intervenants au niveau de la ville Instruction et approbation des \u00e9tudes d\u2019urbanisme des un\u00eetes de voisinage de la ville nouvelle Affectation des terrains pour les diff\u00e9rents projets de logement et d\u2019\u00e9quipements. Approbation des \u00e9tudes d\u2019architecture des programmes de logement (promotionnel\u00a0; L.S.P . individuel\u2026) Coordination des travaux par l\u2019implantation et le contr\u00f4le des projets au niveau de la ville nouvelle. Assistance des diff\u00e9rents organismes et bureau d\u2019\u00e9tudes techniques dans le montage des projets Charg\u00e9 d\u2019\u00e9tude de la ville universitaire \u00a0\u00a0\u00a0\u00a0 \u00a0. Initiateur du projet de la ville universitaire en tant que charg\u00e9 des \u00e9tudes, montage du projet depuis le choix du terrain jusqu\u2019\u00e0 l\u2019approbation final des plans d\u2019am\u00e9nagement. Charg\u00e9 des \u00e9tudes de projets urbains, 2005-2008 Charg\u00e9 des \u00e9tudes de projets urbains dans le cadre de la modernisation de la ville de Constantine par le renouvellement urbain au sein de la Direction de l\u2019urbanisme et de la construction. Etudes prospectives de strat\u00e9gie du renouvellement urbain a Constantine (D\u00e9bidonvillisation\u00a0; am\u00e9nagement des sites de bidonvilles\u2026) Repr\u00e9sentant de la Direction de l\u2019urbanisme dans l\u2019\u00e9laboration des sch\u00e9mas d\u2019am\u00e9nagement au sein de la commission de wilaya (Sch\u00e9ma de Coh\u00e9rence Urbaine, Sch\u00e9ma Directeur d\u2019Am\u00e9nagement des Aires M\u00e9tropolitaines, Expertise sur la ville de Constantine\u2026.) Assistance et coordination dans le montage des projets de modernisation de la ville de Constantine ( Tramway, t\u00e9l\u00e9ph\u00e9rique, le pont transrhumel\u2026) Etudes d\u2019am\u00e9nagement de grands projets de ville (ville universitaire 170Ha\u00a0; la cit\u00e9 des sports\u00a0; am\u00e9nagement des sites du complexe sportif Chahid Hamlaoui 85Ha, Palais des expositions a la ville nouvelle, initiation du projet de Bardo\u2026\u2026\u2026\u2026\u2026\u2026..)\u00a0\u00a0 Enseignant universitaire, Depuis 2008 Enseignant universitaire au niveau de l\u2019institut de Gestion des Techniques Urbaines a l\u2019Universit\u00e9 de Oum-El-Bouaghi , charg\u00e9 des modules \u00ab\u00a0Atelier particulerement Atelier \u00ab\u00a0Habitat\u00a0\u00bb au niveau du D\u00e9partement Architecture Module \u00ab\u00a0Legilation urbaine\u00a0\u00bb au niveau de l\u2019institut de G.T.U Module \u00ab\u00a0Gouvernance et gestion des villes\u00a0\u00bb au niveau de l\u2019institut de G.T.U Atelier \u00ab\u00a0projet urbain\u00a0\u00bb au niveau de l\u2019institut de G.T.U<\/p>\n","protected":false},"author":1,"featured_media":0,"parent":0,"menu_order":0,"comment_status":"closed","ping_status":"closed","template":"","meta":{"_eb_attr":"","footnotes":""},"class_list":["post-2005","page","type-page","status-publish","hentry"],"_links":{"self":[{"href":"https:\/\/www.univ-oeb.dz\/igtu\/wp-json\/wp\/v2\/pages\/2005","targetHints":{"allow":["GET"]}}],"collection":[{"href":"https:\/\/www.univ-oeb.dz\/igtu\/wp-json\/wp\/v2\/pages"}],"about":[{"href":"https:\/\/www.univ-oeb.dz\/igtu\/wp-json\/wp\/v2\/types\/page"}],"author":[{"embeddable":true,"href":"https:\/\/www.univ-oeb.dz\/igtu\/wp-json\/wp\/v2\/users\/1"}],"replies":[{"embeddable":true,"href":"https:\/\/www.univ-oeb.dz\/igtu\/wp-json\/wp\/v2\/comments?post=2005"}],"version-history":[{"count":0,"href":"https:\/\/www.univ-oeb.dz\/igtu\/wp-json\/wp\/v2\/pages\/2005\/revisions"}],"wp:attachment":[{"href":"https:\/\/www.univ-oeb.dz\/igtu\/wp-json\/wp\/v2\/media?parent=2005"}],"curies":[{"name":"wp","href":"https:\/\/api.w.org\/{rel}","templated":true}]}}