{"id":1993,"date":"2018-12-03T14:57:15","date_gmt":"2018-12-03T13:57:15","guid":{"rendered":"http:\/\/www.univ-oeb.dz\/igtu\/?page_id=1993"},"modified":"2018-12-19T20:01:49","modified_gmt":"2018-12-19T19:01:49","slug":"ghozal-imad","status":"publish","type":"page","link":"https:\/\/www.univ-oeb.dz\/igtu\/fr\/ghozal-imad\/","title":{"rendered":"Ghozal Imad"},"content":{"rendered":"<h3><strong><em>\u00a0<\/em><\/strong><\/h3>\n<h3><strong><span style=\"color: #00ccff;\"><em>Maitre assistant classe \u00ab\u00a0B\u00a0\u00bb<\/em><\/span><\/strong><\/h3>\n<h3><strong>N\u00e9 le 21\/09\/1987<\/strong><\/h3>\n<h3><strong>Adresse: Rue HADJI M\u2019RAH, OUM-EL-BOUAGHI- 04000<\/strong><br \/>\n<strong>Mobile\u00a0: 0664 61 18 80<\/strong><\/h3>\n<h3><strong>E-mail\u00a0: imax4d@yahoo.fr<\/strong><\/h3>\n<h3><strong>* <em>Maitre assistant classe \u00ab\u00a0B\u00a0\u00bb<\/em><\/strong><\/h3>\n<h3><strong>* <u>Architecte<\/u> d\u2019\u00e9tat agr\u00e9\u00e9.<\/strong><\/h3>\n<h3><strong>* Ayant un <em><u>Magist\u00e8re<\/u><\/em> en urbanisme.<\/strong><\/h3>\n<h3><strong>* <u>Doctorant<\/u> en urbanisme.<\/strong><\/h3>\n<h3><strong>*Ma\u00eetrise des langues\u00a0: arabe, fran\u00e7ais et anglais\u00a0; \u00e9crit et oral.<\/strong><\/h3>\n<h3><strong>* Ayant l&rsquo;esprit de responsabilit\u00e9 et de travail de groupe.<\/strong><\/h3>\n<h3><span style=\"color: #00ccff;\"><strong><em><u>FORMATIONS\u00a0:<\/u><\/em><\/strong><\/span><\/h3>\n<h3><strong><em><u>*2005-2010\u00a0:<\/u><\/em> \u00e9tudes d\u2019architecture \u00e0 l\u2019universit\u00e9 de TEBESSA.<\/strong><\/h3>\n<h3><strong><em><u>*2011-2014 :<\/u><\/em> \u00e9tudes de magist\u00e8re en urbanisme, option gestion des villes et d\u00e9veloppement durable \u00e0 l\u2019universit\u00e9 d\u2019OUM-EL-BOUAGHI.<\/strong><\/h3>\n<h3><strong><em><u>* 2015:<\/u><\/em>\u00a0 Inscrit en doctorat s-sciences en urbanisme; option: villes, territoires et environnement \u00e0 l\u2019universit\u00e9 d\u2019OUM-EL-BOUAGHI.<\/strong><\/h3>\n<h3><strong>*Ma\u00eetrise parfaite des logiciels CAO\/DAO\u00a0: AUTOCAD, ARCHICAD, PHOTOSHOP &amp; PIRANESI.<\/strong><\/h3>\n<h3><strong>*Ma\u00eetrise parfaite du pack Microsoft office.<\/strong><\/h3>\n<h3><span style=\"color: #00ccff;\"><strong><em><u>EXPERIENCE \u00a0PROFESSIONNELLE\u00a0:<\/u><\/em><\/strong><\/span><\/h3>\n<h3><strong><em><u>F\u00e9vrier-aout 2011\u00a0:<\/u><\/em> Architecte charg\u00e9 de conception et de suivi au bureau d\u2019\u00e9tudes techniques et d\u2019architecture LAMRAOUI. R \u00e0 OUM-el-BOUAGHI.<\/strong><\/h3>\n<h3><strong><em><u>Mai 2011-Mai 2013\u00a0:<\/u><\/em> Architecte charg\u00e9 de suivi \u00e0 l\u2019entreprise des travaux de b\u00e2timents BOULAHBAL AHMED \u00e0 OUM-EL- BOUAGHI.<\/strong><br \/>\n<strong><em><u>Septembre 2012 \u00e0 jour\u00a0:<\/u><\/em> Architecte d\u2019\u00e9tat agr\u00e9\u00e9, chef de bureau d\u2019\u00e9tudes techniques d\u2019architecture et d\u2019urbanisme \u00e0 OUM-EL-BOUAGHI.<\/strong><\/h3>\n<h3><strong><em><u>Septembre 2013 &#8211; Juin 2014\u00a0:<\/u><\/em> Enseignant d&rsquo;atelier ( 1<sup>\u00e8re<\/sup> ann\u00e9e master) \u00e0 l&rsquo;institut de gestion des techniques urbaines, universit\u00e9 d&rsquo;OUM-EL- BOUAGHI.<\/strong><\/h3>\n<h3><strong><em><u>02 F\u00e9vrier 2015 &#8211; 16 Avril 2015:<\/u><\/em> Architecte charg\u00e9 de suivi \u00e0 l\u2019entreprise des travaux de b\u00e2timents GUEZZANIA Abdelaziz \u00e0 OUM-EL- BOUAGHI.<\/strong><\/h3>\n<h3><strong><em><u>Septembre 2014- Juin 2015\u00a0:<\/u><\/em> Enseignant d&rsquo;atelier ( 1<sup>\u00e8re<\/sup> et 3<sup>\u00e8me<\/sup> ann\u00e9e) \u00e0 l&rsquo;institut de gestion des techniques urbaines, universit\u00e9 d&rsquo;OUM-EL- BOUAGHI.<\/strong><\/h3>\n<h3><strong><em><u>Septembre 2016 \u00e0 jour:<\/u> <\/em>\u00a0maitre assistant classe -B-\u00e0 l&rsquo;institut de gestion des techniques urbaines, universit\u00e9 d&rsquo;OUM-EL- BOUAGHI.<\/strong><\/h3>\n","protected":false},"excerpt":{"rendered":"<p>\u00a0 Maitre assistant classe \u00ab\u00a0B\u00a0\u00bb N\u00e9 le 21\/09\/1987 Adresse: Rue HADJI M\u2019RAH, OUM-EL-BOUAGHI- 04000 Mobile\u00a0: 0664 61 18 80 E-mail\u00a0: imax4d@yahoo.fr * Maitre assistant classe \u00ab\u00a0B\u00a0\u00bb * Architecte d\u2019\u00e9tat agr\u00e9\u00e9. * Ayant un Magist\u00e8re en urbanisme. * Doctorant en urbanisme. *Ma\u00eetrise des langues\u00a0: arabe, fran\u00e7ais et anglais\u00a0; \u00e9crit et oral. * Ayant l&rsquo;esprit de responsabilit\u00e9 et de travail de groupe. FORMATIONS\u00a0: *2005-2010\u00a0: \u00e9tudes d\u2019architecture \u00e0 l\u2019universit\u00e9 de TEBESSA. *2011-2014 : \u00e9tudes de magist\u00e8re en urbanisme, option gestion des villes et d\u00e9veloppement durable \u00e0 l\u2019universit\u00e9 d\u2019OUM-EL-BOUAGHI. * 2015:\u00a0 Inscrit en doctorat s-sciences en urbanisme; option: villes, territoires et environnement \u00e0 l\u2019universit\u00e9 d\u2019OUM-EL-BOUAGHI. *Ma\u00eetrise parfaite des logiciels CAO\/DAO\u00a0: AUTOCAD, ARCHICAD, PHOTOSHOP &amp; PIRANESI. *Ma\u00eetrise parfaite du pack Microsoft office. EXPERIENCE \u00a0PROFESSIONNELLE\u00a0: F\u00e9vrier-aout 2011\u00a0: Architecte charg\u00e9 de conception et de suivi au bureau d\u2019\u00e9tudes techniques et d\u2019architecture LAMRAOUI. R \u00e0 OUM-el-BOUAGHI. Mai 2011-Mai 2013\u00a0: Architecte charg\u00e9 de suivi \u00e0 l\u2019entreprise des travaux de b\u00e2timents BOULAHBAL AHMED \u00e0 OUM-EL- BOUAGHI. Septembre 2012 \u00e0 jour\u00a0: Architecte d\u2019\u00e9tat agr\u00e9\u00e9, chef de bureau d\u2019\u00e9tudes techniques d\u2019architecture et d\u2019urbanisme \u00e0 OUM-EL-BOUAGHI. Septembre 2013 &#8211; Juin 2014\u00a0: Enseignant d&rsquo;atelier ( 1\u00e8re ann\u00e9e master) \u00e0 l&rsquo;institut de gestion des techniques urbaines, universit\u00e9 d&rsquo;OUM-EL- BOUAGHI. 02 F\u00e9vrier 2015 &#8211; 16 Avril 2015: Architecte charg\u00e9 de suivi \u00e0 l\u2019entreprise des travaux de b\u00e2timents GUEZZANIA Abdelaziz \u00e0 OUM-EL- BOUAGHI. Septembre 2014- Juin 2015\u00a0: Enseignant d&rsquo;atelier ( 1\u00e8re et 3\u00e8me ann\u00e9e) \u00e0 l&rsquo;institut de gestion des techniques urbaines, universit\u00e9 d&rsquo;OUM-EL- BOUAGHI. Septembre 2016 \u00e0 jour: \u00a0maitre assistant classe -B-\u00e0 l&rsquo;institut de gestion des techniques urbaines, universit\u00e9 d&rsquo;OUM-EL- BOUAGHI.<\/p>\n","protected":false},"author":1,"featured_media":0,"parent":0,"menu_order":0,"comment_status":"closed","ping_status":"closed","template":"","meta":{"_eb_attr":"","footnotes":""},"class_list":["post-1993","page","type-page","status-publish","hentry"],"_links":{"self":[{"href":"https:\/\/www.univ-oeb.dz\/igtu\/wp-json\/wp\/v2\/pages\/1993","targetHints":{"allow":["GET"]}}],"collection":[{"href":"https:\/\/www.univ-oeb.dz\/igtu\/wp-json\/wp\/v2\/pages"}],"about":[{"href":"https:\/\/www.univ-oeb.dz\/igtu\/wp-json\/wp\/v2\/types\/page"}],"author":[{"embeddable":true,"href":"https:\/\/www.univ-oeb.dz\/igtu\/wp-json\/wp\/v2\/users\/1"}],"replies":[{"embeddable":true,"href":"https:\/\/www.univ-oeb.dz\/igtu\/wp-json\/wp\/v2\/comments?post=1993"}],"version-history":[{"count":0,"href":"https:\/\/www.univ-oeb.dz\/igtu\/wp-json\/wp\/v2\/pages\/1993\/revisions"}],"wp:attachment":[{"href":"https:\/\/www.univ-oeb.dz\/igtu\/wp-json\/wp\/v2\/media?parent=1993"}],"curies":[{"name":"wp","href":"https:\/\/api.w.org\/{rel}","templated":true}]}}