{"id":1989,"date":"2018-12-03T14:56:15","date_gmt":"2018-12-03T13:56:15","guid":{"rendered":"http:\/\/www.univ-oeb.dz\/igtu\/?page_id=1989"},"modified":"2018-12-23T14:11:31","modified_gmt":"2018-12-23T13:11:31","slug":"berkani-houssem-elddine","status":"publish","type":"page","link":"https:\/\/www.univ-oeb.dz\/igtu\/fr\/berkani-houssem-elddine\/","title":{"rendered":"Berkani Houssem elddine"},"content":{"rendered":"<p>&nbsp;<\/p>\n<h3><strong><em>N\u00e9 le\u00a0: 28\/06\/1989\u00a0 \u00a0 \u00a0<\/em><\/strong><strong><em>Nationalit\u00e9\u00a0: Alg\u00e9rienne\u00a0 \u00a0 \u00a0 \u00a0 \u00a0 \u00a0<\/em><\/strong><\/h3>\n<h3><strong><em>Situation Familiale\u00a0: C\u00e9libataire<\/em><\/strong><\/h3>\n<h3><strong><em>Adresse\u00a0: 08 rue khelifi\u00a0Ain M&rsquo;lila 04002 O.E.B<\/em><\/strong><\/h3>\n<h3><strong><em>E-mail\u00a0: houssem.b-23@hotmail.fr<\/em><\/strong><\/h3>\n<h3><strong><em>T\u00e9l \u00a0: 06.70.28.06.10<\/em><\/strong><\/h3>\n<h3><span style=\"color: #3366ff;\"><strong><em>Formation Acad\u00e9mique:<\/em><\/strong><\/span><\/h3>\n<h3><strong><em>Novembre 2016\u00a0: 3\u00e8me inscription doctorat es-science\u00a0\u00abVilles, territoires et environnement\u00bb\u00a0 Universit\u00e9 Larbi Ben M\u2019hidi Oum El Bouaghi.<\/em><\/strong><\/h3>\n<h3><strong><em>2014 : magister en urbanisme sp\u00e9cialit\u00e9 \u00ab\u00a0gestion des villes et d\u00e9veloppement durable\u00a0\u00bb,\u00a0\u00a0 Universit\u00e9 Larbi Ben m\u2019hidi Oum El Bouaghi.<\/em><\/strong><\/h3>\n<h3><strong><em>2011\u00a0: dipl\u00f4me d\u2019architecte d\u2019\u00e9tat, Universit\u00e9 Mentouri Constantine.<\/em><\/strong><\/h3>\n<h3><strong><em>2011\u00a0: dipl\u00f4me de niveau 3 en anglais du centre d\u2019enseignement intensif des langues, Universit\u00e9 Mentouri Constantine.<\/em><\/strong><\/h3>\n<h3><strong><em>2006\u00a0: Baccalaur\u00e9at science de la nature et de la vie (mention Assez Bien).<\/em><\/strong><\/h3>\n<h3><span style=\"color: #3366ff;\"><strong><em>Activit\u00e9s Professionnelles:<\/em><\/strong><\/span><\/h3>\n<h3><strong><em>2014 \u00e0 ce jour\u00a0: enseignant \u00ab\u00a0Maitre assistant classe B\u00bb \u00e0 l\u2019universit\u00e9 de Larbi Ben m\u2019hidi Oum El Bouaghi<\/em><\/strong><\/h3>\n<h3><strong><em>2012 \u2013 2013\u00a0: enseignant vacataire \u00e0 l\u2019universit\u00e9 de Larbi Ben m\u2019hidi Oum El Bouaghi, module atelier 2eme ann\u00e9e G.T.U.<\/em><\/strong><\/h3>\n<h3><strong><em>2012 \u2013 2014\u00a0: Architecte \u00e0 ETHPB Belaribi Cherif.<\/em><\/strong><\/h3>\n<h3><strong><em>2015\u00a0: Formation aux technologies de l\u2019information et de la communication \u00ab\u00a0Conception et<\/em><\/strong><\/h3>\n<h3><span style=\"color: #3366ff;\"><strong><em>Stages professionnels &amp; scientifiques:<\/em><\/strong><\/span><\/h3>\n<h3><strong><em>d\u00e9veloppement d\u2019un cours en ligne sous Moodle\u00bb Universit\u00e9 Larbi Ben M\u2019hidi Oum El Bouaghi.<\/em><\/strong><\/h3>\n<h3><strong><em>2011 \u2013 2013\u00a0: Architecte Stagiaire au bureau d\u2019\u00e9tude Boulahbel Noureddine Ain M\u2019lila.<\/em><\/strong><\/h3>\n<h3><strong><em>2016\u00a0: Participation par une communication dans les journ\u00e9es internationales de formation des<\/em><\/strong><\/h3>\n<h3><span style=\"color: #3366ff;\"><strong><em>Travaux scientifiques:<\/em><\/strong><\/span><\/h3>\n<h3><strong>2016\u00a0: Participation par une communication dans les journ\u00e9es internationales de formation des<\/strong><\/h3>\n<h3><strong>\u00e9tudiants en master, magister et Doctorat, Universit\u00e9 Hadj Lakhdar Batna<\/strong><\/h3>\n<h3><\/h3>\n<h3><span style=\"color: #3366ff;\"><strong>Connaissance Linguistiques<\/strong><\/span><\/h3>\n<p>&nbsp;<\/p>\n<table style=\"height: 151px;\" width=\"801\">\n<tbody>\n<tr>\n<td width=\"153\">\n<h4 style=\"text-align: left;\"><em><strong>LANGUE<\/strong><\/em><\/h4>\n<\/td>\n<td style=\"text-align: left;\" width=\"153\">\n<h4><em><strong>PARLER<\/strong><\/em><\/h4>\n<\/td>\n<td style=\"text-align: left;\" width=\"153\">\n<h4><em><strong>ECRIRE<\/strong><\/em><\/h4>\n<\/td>\n<td style=\"text-align: left;\" width=\"153\">\n<h4><em><strong>COMPRENDRE<\/strong><\/em><\/h4>\n<\/td>\n<\/tr>\n<tr>\n<td width=\"153\">\n<h4><em><strong>ARABE<\/strong><\/em><\/h4>\n<\/td>\n<td width=\"153\">\n<h4><em>TRES BIEN<\/em><\/h4>\n<\/td>\n<td width=\"153\">\n<h4><em>TRES BIEN<\/em><\/h4>\n<\/td>\n<td width=\"153\">\n<h4><em>TRES BIEN<\/em><\/h4>\n<\/td>\n<\/tr>\n<tr>\n<td width=\"153\">\n<h4><em><strong>ANGLAIS<\/strong><\/em><\/h4>\n<\/td>\n<td width=\"153\">\n<h4><em>MOYEN<\/em><\/h4>\n<\/td>\n<td width=\"153\">\n<h4><em>BIEN<\/em><\/h4>\n<\/td>\n<td width=\"153\">\n<h4><em>TRES BIEN<\/em><\/h4>\n<\/td>\n<\/tr>\n<tr>\n<td style=\"text-align: left;\" width=\"153\">\n<h3><em><strong>FRAN\u00c7AIS<\/strong><\/em><\/h3>\n<\/td>\n<td style=\"text-align: left;\" width=\"153\">\n<h3><em>BIEN<\/em><\/h3>\n<\/td>\n<td style=\"text-align: left;\" width=\"153\">\n<h3><em>\u00a0TRES BIEN<\/em><\/h3>\n<\/td>\n<td width=\"153\">\n<h3 style=\"text-align: left;\"><em>TRES BIEN<\/em><\/h3>\n<\/td>\n<\/tr>\n<\/tbody>\n<\/table>\n<p>&nbsp;<\/p>\n<table style=\"height: 28px;\" width=\"5\">\n<tbody>\n<tr>\n<td><\/td>\n<\/tr>\n<\/tbody>\n<\/table>\n","protected":false},"excerpt":{"rendered":"<p>&nbsp; N\u00e9 le\u00a0: 28\/06\/1989\u00a0 \u00a0 \u00a0Nationalit\u00e9\u00a0: Alg\u00e9rienne\u00a0 \u00a0 \u00a0 \u00a0 \u00a0 \u00a0 Situation Familiale\u00a0: C\u00e9libataire Adresse\u00a0: 08 rue khelifi\u00a0Ain M&rsquo;lila 04002 O.E.B E-mail\u00a0: houssem.b-23@hotmail.fr T\u00e9l \u00a0: 06.70.28.06.10 Formation Acad\u00e9mique: Novembre 2016\u00a0: 3\u00e8me inscription doctorat es-science\u00a0\u00abVilles, territoires et environnement\u00bb\u00a0 Universit\u00e9 Larbi Ben M\u2019hidi Oum El Bouaghi. 2014 : magister en urbanisme sp\u00e9cialit\u00e9 \u00ab\u00a0gestion des villes et d\u00e9veloppement durable\u00a0\u00bb,\u00a0\u00a0 Universit\u00e9 Larbi Ben m\u2019hidi Oum El Bouaghi. 2011\u00a0: dipl\u00f4me d\u2019architecte d\u2019\u00e9tat, Universit\u00e9 Mentouri Constantine. 2011\u00a0: dipl\u00f4me de niveau 3 en anglais du centre d\u2019enseignement intensif des langues, Universit\u00e9 Mentouri Constantine. 2006\u00a0: Baccalaur\u00e9at science de la nature et de la vie (mention Assez Bien). Activit\u00e9s Professionnelles: 2014 \u00e0 ce jour\u00a0: enseignant \u00ab\u00a0Maitre assistant classe B\u00bb \u00e0 l\u2019universit\u00e9 de Larbi Ben m\u2019hidi Oum El Bouaghi 2012 \u2013 2013\u00a0: enseignant vacataire \u00e0 l\u2019universit\u00e9 de Larbi Ben m\u2019hidi Oum El Bouaghi, module atelier 2eme ann\u00e9e G.T.U. 2012 \u2013 2014\u00a0: Architecte \u00e0 ETHPB Belaribi Cherif. 2015\u00a0: Formation aux technologies de l\u2019information et de la communication \u00ab\u00a0Conception et Stages professionnels &amp; scientifiques: d\u00e9veloppement d\u2019un cours en ligne sous Moodle\u00bb Universit\u00e9 Larbi Ben M\u2019hidi Oum El Bouaghi. 2011 \u2013 2013\u00a0: Architecte Stagiaire au bureau d\u2019\u00e9tude Boulahbel Noureddine Ain M\u2019lila. 2016\u00a0: Participation par une communication dans les journ\u00e9es internationales de formation des Travaux scientifiques: 2016\u00a0: Participation par une communication dans les journ\u00e9es internationales de formation des \u00e9tudiants en master, magister et Doctorat, Universit\u00e9 Hadj Lakhdar Batna Connaissance Linguistiques &nbsp; LANGUE PARLER ECRIRE COMPRENDRE ARABE TRES BIEN TRES BIEN TRES BIEN ANGLAIS MOYEN BIEN TRES BIEN FRAN\u00c7AIS BIEN \u00a0TRES BIEN TRES BIEN &nbsp;<\/p>\n","protected":false},"author":1,"featured_media":0,"parent":0,"menu_order":0,"comment_status":"closed","ping_status":"closed","template":"","meta":{"_eb_attr":"","footnotes":""},"class_list":["post-1989","page","type-page","status-publish","hentry"],"_links":{"self":[{"href":"https:\/\/www.univ-oeb.dz\/igtu\/wp-json\/wp\/v2\/pages\/1989","targetHints":{"allow":["GET"]}}],"collection":[{"href":"https:\/\/www.univ-oeb.dz\/igtu\/wp-json\/wp\/v2\/pages"}],"about":[{"href":"https:\/\/www.univ-oeb.dz\/igtu\/wp-json\/wp\/v2\/types\/page"}],"author":[{"embeddable":true,"href":"https:\/\/www.univ-oeb.dz\/igtu\/wp-json\/wp\/v2\/users\/1"}],"replies":[{"embeddable":true,"href":"https:\/\/www.univ-oeb.dz\/igtu\/wp-json\/wp\/v2\/comments?post=1989"}],"version-history":[{"count":0,"href":"https:\/\/www.univ-oeb.dz\/igtu\/wp-json\/wp\/v2\/pages\/1989\/revisions"}],"wp:attachment":[{"href":"https:\/\/www.univ-oeb.dz\/igtu\/wp-json\/wp\/v2\/media?parent=1989"}],"curies":[{"name":"wp","href":"https:\/\/api.w.org\/{rel}","templated":true}]}}