{"id":1987,"date":"2018-12-03T14:55:47","date_gmt":"2018-12-03T13:55:47","guid":{"rendered":"http:\/\/www.univ-oeb.dz\/igtu\/?page_id=1987"},"modified":"2023-04-23T11:46:23","modified_gmt":"2023-04-23T09:46:23","slug":"chemammi-abbes","status":"publish","type":"page","link":"https:\/\/www.univ-oeb.dz\/igtu\/fr\/chemammi-abbes\/","title":{"rendered":"Chemammi Abbes"},"content":{"rendered":"<h3><a href=\"https:\/\/www.univ-oeb.dz\/igtu\/wp-content\/uploads\/2018\/12\/chemami.png\"><img decoding=\"async\" class=\" wp-image-2386 alignright\" src=\"https:\/\/www.univ-oeb.dz\/igtu\/wp-content\/uploads\/2018\/12\/chemami-134x150.png\" alt=\"\" width=\"158\" height=\"177\"><\/a><\/h3>\n<ul>\n<li>\n<h3><em>Nom et pr\u00e9nom&nbsp;: CHEMAMI Abbes<\/em><\/h3>\n<\/li>\n<li>\n<h3><em>Date et lieu de naissance:25 f\u00e9vrier 1985&nbsp;\u00e0&nbsp;Ain El Beida \u2013 Oum El Bouaghi.<\/em><\/h3>\n<\/li>\n<li>\n<h3><em>Adresse&nbsp;: 25, avenue KADRI Mohamed, Zaouia, Ain El Beida.<\/em><\/h3>\n<\/li>\n<li>\n<h3><em>Situation familiale&nbsp;: Mari\u00e9<\/em><\/h3>\n<\/li>\n<li>\n<h3><em>\u2116 de t\u00e9l portable&nbsp;:&nbsp;0671750347<\/em><\/h3>\n<\/li>\n<li>\n<h3><em>E-mail&nbsp;: <a href=\"mailto:abbesgtu04@gmail.com\">abbesgtu04@gmail.com<\/a><\/em><\/h3>\n<\/li>\n<\/ul>\n<h3><\/h3>\n<h3><span style=\"color: #00ccff;\"><em><strong>CURSUS<\/strong><\/em><\/span><\/h3>\n<h3><em><strong>&nbsp;<\/strong><\/em><\/h3>\n<ul>\n<li>\n<h3><em>2015- \u00e0 ce jour&nbsp;: 4 <sup>eme <\/sup>inscription en Doctorat Es-science: Gestion des Techniques Urbaines\u2013 Option&nbsp;: Villes, Territoires et Environnement &#8211; Universit\u00e9 Larbi Ben M\u2019HidiOum El Bouaghi&nbsp;;<\/em><\/h3>\n<\/li>\n<li>\n<h3><em>2011-2014&nbsp;: Post-graduation &#8211; Magist\u00e8reen Urbanisme -Universit\u00e9 d\u2019Oum El Bouaghi&nbsp;;<\/em><\/h3>\n<\/li>\n<li>\n<h3><em>2005-2010&nbsp;:&nbsp;graduation &#8211; ing\u00e9nieur d\u2019\u00e9tat \u2013 Universit\u00e9 d\u2019Oum El Bouaghi ;<\/em><\/h3>\n<\/li>\n<\/ul>\n<h3><\/h3>\n<h3><span style=\"color: #00ccff;\"><em><strong>DIPL\u00d4MES<\/strong><\/em><\/span><\/h3>\n<h3><em><strong>&nbsp;<\/strong>2014&nbsp;: Magist\u00e8re en Urbanisme, option&nbsp;: Gestion des villes et d\u00e9veloppement durable, titre du m\u00e9moire&nbsp;: le r\u00f4le des activit\u00e9s commerciales et les \u00e9quipements de services dans l\u2019organisation de l\u2019espace urbain, Universit\u00e9 Larbi Ben M\u2019Hidi Oum El Bouaghi&nbsp;;<\/em><\/h3>\n<ul>\n<li>\n<h3><em>2010&nbsp;: ing\u00e9nieur d\u2019\u00e9tat, Universit\u00e9 Larbi Ben M\u2019Hidi Oum El Bouaghi&nbsp;;<\/em><\/h3>\n<\/li>\n<\/ul>\n<h3><em>&nbsp;<\/em><\/h3>\n<h3><em><strong><span style=\"color: #00ccff;\">FORMATION ET EXPERIENCE PROFESSIONNELLE<\/span> <\/strong><\/em><\/h3>\n<h3><em><strong>&nbsp;<\/strong><\/em><\/h3>\n<ul>\n<li>\n<h3><em>Enseignant assistant du module d\u2019Atelier GTUMaster 1 &#8211; \u00e0 Universit\u00e9 Larbi Ben M\u2019HIDI Oum El Bouaghi (2013-2014)&nbsp;;<\/em><\/h3>\n<\/li>\n<li>\n<h3><em>Enseignant charg\u00e9 d\u2019Atelier du module d\u2019Atelier GTU (1<sup>\u00e8re<\/sup> et 3<sup>\u00e8me<\/sup> ann\u00e9e) &#8211; \u00e0 Universit\u00e9 Larbi Ben M\u2019HIDI Oum El Bouaghi (2014-2015)&nbsp;;<\/em><\/h3>\n<\/li>\n<li>\n<h3><em>Membre de jury examinateur (13 soutenances) pour l\u2019octroi du dipl\u00f4me\u00ab&nbsp;Ing\u00e9nieur d\u2019\u00e9tat en Gestion des Techniques Urbaines et master en Gestion des Techniques Urbaines &nbsp;\u00bb \u00e0 l\u2019Universit\u00e9s d\u2019Oum El Bouaghi (2011\/2016)&nbsp;;<\/em><\/h3>\n<\/li>\n<li>\n<h3><em>Enseignant charg\u00e9 d\u2019Atelier du module d\u2019Atelier GTU (2<sup>\u00e8me<\/sup> et 3<sup>\u00e8me<\/sup> ann\u00e9e) &#8211; \u00e0 Universit\u00e9 Larbi Ben M\u2019HIDI Oum El Bouaghi (2015-2017)&nbsp;;<\/em><\/h3>\n<\/li>\n<li>\n<h3><em>Formation aux technologies de l\u2019information et de la communication&nbsp;; conception et d\u00e9veloppement d\u2019un cours en ligne sous MOODLES. Le 18-19 septembre 2016.<\/em><\/h3>\n<\/li>\n<li>\n<h3><em>Aout 2017 \u00e0 ce jour&nbsp;: Chef de d\u00e9partement \u00ab&nbsp;Gestion des techniques urbaines&nbsp;\u00bb Universit\u00e9 Larbi Ben M\u2019Hidi Oum El Bouaghi&nbsp;;<\/em><\/h3>\n<\/li>\n<li>\n<h3><em>Proposition et organisation d\u2019une journ\u00e9e d\u2019\u00e9tude&nbsp;:<\/em><\/h3>\n<\/li>\n<\/ul>\n<h3><em><strong>\u00ab\u00a0\u0627\u0644\u0645\u062e\u0627\u0644\u0641\u0627\u062a \u0627\u0644\u0639\u0645\u0631\u0627\u0646\u064a\u0629 \u0628\u0627\u0644\u0645\u062f\u0646 \u0627\u0644\u062c\u0632\u0627\u0626\u0631\u064a\u0629: \u0628\u064a\u0646 \u063a\u064a\u0627\u0628 \u0627\u0644\u062b\u0642\u0627\u0641\u0629 \u0627\u0644\u062d\u0636\u0631\u064a\u0629 \u0648 \u0642\u0635\u0648\u0631 \u0622\u0644\u064a\u0627\u062a \u0627\u0644\u0631\u062f\u0639 \u0648 \u0627\u0644\u0645\u0631\u0627\u0642\u0628\u0629<\/strong>\u00ab\u00a0<\/em><\/h3>\n<h3><em><strong>&nbsp;<\/strong><\/em><\/h3>\n<h3><em><strong><span style=\"color: #00ccff;\">COMMUNICATIONS NATIONALES<\/span> <\/strong><\/em><\/h3>\n<ul>\n<li>\n<h3><em>Journ\u00e9e d\u2019\u00e9tude&nbsp;:&nbsp;La probl\u00e9matique du d\u00e9veloppement durable des centres historiques en Alg\u00e9rie, intitul\u00e9e <strong>\u00ab&nbsp;les activit\u00e9s commerciales aux centres villes&nbsp;: r\u00e9alit\u00e9s et r\u00f4les \u2013 cas de la ville d\u2019Ain El Beida \u00bb,<\/strong>Institut de gestion des techniques urbaines, universit\u00e9 L. BEN M\u2019HIDI Oum El Bouaghi &#8211; Alg\u00e9rie, 27 avril 2015.<\/em><\/h3>\n<\/li>\n<li>\n<h3><em>Journ\u00e9e d\u2019\u00e9tude&nbsp;:La centralit\u00e9 dans les villes alg\u00e9riennes&nbsp;; de la dimension social a la dimension spatial. Intitul\u00e9e <strong>\u00ab&nbsp;<\/strong><strong>\u0627\u0644\u0645\u062e\u0637\u0637 \u0627\u0644\u062a\u0648\u062c\u064a\u0647\u064a \u0644\u0644\u062a\u0647\u064a\u0626\u0629 \u0648 \u0627\u0644\u062a\u0639\u0645\u064a\u0631 \u0648 \u062f\u0648\u0631\u0647 \u0641\u064a \u062e\u0644\u0642 \u0645\u0631\u0643\u0632\u064a\u0627\u062a \u062c\u062f\u064a\u062f\u0629 \u0628\u0627\u0644\u0645\u062f\u0646 \u062f\u0631\u0627\u0633\u0629 \u062d\u0627\u0644\u0629 \u0645\u062f\u064a\u0646\u0629 \u0639\u064a\u0646 \u0627\u0644\u0628\u064a\u0636\u0627\u0621<\/strong><strong>\u00bb<\/strong><\/em><\/h3>\n<\/li>\n<\/ul>\n<h3><\/h3>\n<h3><span style=\"color: #00ccff;\"><em><strong>LANGUES MAITRISEES<\/strong><\/em><\/span><\/h3>\n<ul>\n<li>\n<h3><em>Arabe&nbsp;: Excellent<\/em><\/h3>\n<\/li>\n<li>\n<h3><em>Fran\u00e7ais&nbsp;: Bien<\/em><\/h3>\n<\/li>\n<li>\n<h3><em>Anglais&nbsp;: Moyen<\/em><\/h3>\n<\/li>\n<\/ul>\n","protected":false},"excerpt":{"rendered":"<p>Nom et pr\u00e9nom&nbsp;: CHEMAMI Abbes Date et lieu de naissance:25 f\u00e9vrier 1985&nbsp;\u00e0&nbsp;Ain El Beida \u2013 Oum El Bouaghi. Adresse&nbsp;: 25, avenue KADRI Mohamed, Zaouia, Ain El Beida. Situation familiale&nbsp;: Mari\u00e9 \u2116 de t\u00e9l portable&nbsp;:&nbsp;0671750347 E-mail&nbsp;: abbesgtu04@gmail.com CURSUS &nbsp; 2015- \u00e0 ce jour&nbsp;: 4 eme inscription en Doctorat Es-science: Gestion des Techniques Urbaines\u2013 Option&nbsp;: Villes, Territoires et Environnement &#8211; Universit\u00e9 Larbi Ben M\u2019HidiOum El Bouaghi&nbsp;; 2011-2014&nbsp;: Post-graduation &#8211; Magist\u00e8reen Urbanisme -Universit\u00e9 d\u2019Oum El Bouaghi&nbsp;; 2005-2010&nbsp;:&nbsp;graduation &#8211; ing\u00e9nieur d\u2019\u00e9tat \u2013 Universit\u00e9 d\u2019Oum El Bouaghi ; DIPL\u00d4MES &nbsp;2014&nbsp;: Magist\u00e8re en Urbanisme, option&nbsp;: Gestion des villes et d\u00e9veloppement durable, titre du m\u00e9moire&nbsp;: le r\u00f4le des activit\u00e9s commerciales et les \u00e9quipements de services dans l\u2019organisation de l\u2019espace urbain, Universit\u00e9 Larbi Ben M\u2019Hidi Oum El Bouaghi&nbsp;; 2010&nbsp;: ing\u00e9nieur d\u2019\u00e9tat, Universit\u00e9 Larbi Ben M\u2019Hidi Oum El Bouaghi&nbsp;; &nbsp; FORMATION ET EXPERIENCE PROFESSIONNELLE &nbsp; Enseignant assistant du module d\u2019Atelier GTUMaster 1 &#8211; \u00e0 Universit\u00e9 Larbi Ben M\u2019HIDI Oum El Bouaghi (2013-2014)&nbsp;; Enseignant charg\u00e9 d\u2019Atelier du module d\u2019Atelier GTU (1\u00e8re et 3\u00e8me ann\u00e9e) &#8211; \u00e0 Universit\u00e9 Larbi Ben M\u2019HIDI Oum El Bouaghi (2014-2015)&nbsp;; Membre de jury examinateur (13 soutenances) pour l\u2019octroi du dipl\u00f4me\u00ab&nbsp;Ing\u00e9nieur d\u2019\u00e9tat en Gestion des Techniques Urbaines et master en Gestion des Techniques Urbaines &nbsp;\u00bb \u00e0 l\u2019Universit\u00e9s d\u2019Oum El Bouaghi (2011\/2016)&nbsp;; Enseignant charg\u00e9 d\u2019Atelier du module d\u2019Atelier GTU (2\u00e8me et 3\u00e8me ann\u00e9e) &#8211; \u00e0 Universit\u00e9 Larbi Ben M\u2019HIDI Oum El Bouaghi (2015-2017)&nbsp;; Formation aux technologies de l\u2019information et de la communication&nbsp;; conception et d\u00e9veloppement d\u2019un cours en ligne sous MOODLES. Le 18-19 septembre 2016. Aout 2017 \u00e0 ce jour&nbsp;: Chef de d\u00e9partement \u00ab&nbsp;Gestion des techniques urbaines&nbsp;\u00bb Universit\u00e9 Larbi Ben M\u2019Hidi Oum El Bouaghi&nbsp;; Proposition et organisation d\u2019une journ\u00e9e d\u2019\u00e9tude&nbsp;: \u00ab\u00a0\u0627\u0644\u0645\u062e\u0627\u0644\u0641\u0627\u062a \u0627\u0644\u0639\u0645\u0631\u0627\u0646\u064a\u0629 \u0628\u0627\u0644\u0645\u062f\u0646 \u0627\u0644\u062c\u0632\u0627\u0626\u0631\u064a\u0629: \u0628\u064a\u0646 \u063a\u064a\u0627\u0628 \u0627\u0644\u062b\u0642\u0627\u0641\u0629 \u0627\u0644\u062d\u0636\u0631\u064a\u0629 \u0648 \u0642\u0635\u0648\u0631 \u0622\u0644\u064a\u0627\u062a \u0627\u0644\u0631\u062f\u0639 \u0648 \u0627\u0644\u0645\u0631\u0627\u0642\u0628\u0629\u00ab\u00a0 &nbsp; COMMUNICATIONS NATIONALES Journ\u00e9e d\u2019\u00e9tude&nbsp;:&nbsp;La probl\u00e9matique du d\u00e9veloppement durable des centres historiques en Alg\u00e9rie, intitul\u00e9e \u00ab&nbsp;les activit\u00e9s commerciales aux centres villes&nbsp;: r\u00e9alit\u00e9s et r\u00f4les \u2013 cas de la ville d\u2019Ain El Beida \u00bb,Institut de gestion des techniques urbaines, universit\u00e9 L. BEN M\u2019HIDI Oum El Bouaghi &#8211; Alg\u00e9rie, 27 avril 2015. Journ\u00e9e d\u2019\u00e9tude&nbsp;:La centralit\u00e9 dans les villes alg\u00e9riennes&nbsp;; de la dimension social a la dimension spatial. Intitul\u00e9e \u00ab&nbsp;\u0627\u0644\u0645\u062e\u0637\u0637 \u0627\u0644\u062a\u0648\u062c\u064a\u0647\u064a \u0644\u0644\u062a\u0647\u064a\u0626\u0629 \u0648 \u0627\u0644\u062a\u0639\u0645\u064a\u0631 \u0648 \u062f\u0648\u0631\u0647 \u0641\u064a \u062e\u0644\u0642 \u0645\u0631\u0643\u0632\u064a\u0627\u062a \u062c\u062f\u064a\u062f\u0629 \u0628\u0627\u0644\u0645\u062f\u0646 \u062f\u0631\u0627\u0633\u0629 \u062d\u0627\u0644\u0629 \u0645\u062f\u064a\u0646\u0629 \u0639\u064a\u0646 \u0627\u0644\u0628\u064a\u0636\u0627\u0621\u00bb LANGUES MAITRISEES Arabe&nbsp;: Excellent Fran\u00e7ais&nbsp;: Bien Anglais&nbsp;: Moyen<\/p>\n","protected":false},"author":1,"featured_media":0,"parent":0,"menu_order":0,"comment_status":"closed","ping_status":"closed","template":"","meta":{"_eb_attr":"","footnotes":""},"class_list":["post-1987","page","type-page","status-publish","hentry"],"_links":{"self":[{"href":"https:\/\/www.univ-oeb.dz\/igtu\/wp-json\/wp\/v2\/pages\/1987","targetHints":{"allow":["GET"]}}],"collection":[{"href":"https:\/\/www.univ-oeb.dz\/igtu\/wp-json\/wp\/v2\/pages"}],"about":[{"href":"https:\/\/www.univ-oeb.dz\/igtu\/wp-json\/wp\/v2\/types\/page"}],"author":[{"embeddable":true,"href":"https:\/\/www.univ-oeb.dz\/igtu\/wp-json\/wp\/v2\/users\/1"}],"replies":[{"embeddable":true,"href":"https:\/\/www.univ-oeb.dz\/igtu\/wp-json\/wp\/v2\/comments?post=1987"}],"version-history":[{"count":0,"href":"https:\/\/www.univ-oeb.dz\/igtu\/wp-json\/wp\/v2\/pages\/1987\/revisions"}],"wp:attachment":[{"href":"https:\/\/www.univ-oeb.dz\/igtu\/wp-json\/wp\/v2\/media?parent=1987"}],"curies":[{"name":"wp","href":"https:\/\/api.w.org\/{rel}","templated":true}]}}