{"id":1985,"date":"2018-12-03T14:55:29","date_gmt":"2018-12-03T13:55:29","guid":{"rendered":"http:\/\/www.univ-oeb.dz\/igtu\/?page_id=1985"},"modified":"2018-12-19T18:56:25","modified_gmt":"2018-12-19T17:56:25","slug":"melouah-lamia","status":"publish","type":"page","link":"https:\/\/www.univ-oeb.dz\/igtu\/fr\/melouah-lamia\/","title":{"rendered":"Melouah Lamia"},"content":{"rendered":"<table width=\"593\">\n<tbody>\n<tr>\n<td colspan=\"2\" width=\"399\">\n<h3><strong><em><span style=\"color: #000000;\">Lamia\u00a0 MELOUAH<\/span><\/em><\/strong><\/h3>\n<h3><strong><em><span style=\"color: #000000;\">Maitre assistant B<\/span><\/em><\/strong><\/h3>\n<h3><strong><em><span style=\"color: #000000;\">universit\u00e9 labri ben M\u2019hidi \u2013Oeb-<\/span><\/em><\/strong><\/h3>\n<h3><strong><em><span style=\"color: #000000;\"><a style=\"color: #000000;\" href=\"mailto:lammel2006@yahoo.fr\">lammel2006@yahoo.fr<\/a><\/span><\/em><\/strong><\/h3>\n<h3><strong><em><span style=\"color: #000000;\"><a style=\"color: #000000;\" href=\"https:\/\/www.linkedin.com\/in\/lamya-archi\">https:\/\/www.linkedin.com\/in\/lamya-archi<\/a><\/span><\/em><\/strong><\/h3>\n<h3><\/h3>\n<h3><strong><em><span style=\"color: #000000;\">N\u00e9e le: 08 Juin 1980<\/span><\/em><\/strong><\/h3>\n<h3><strong><em><span style=\"color: #000000;\">Adresse: cit\u00e9 des 386 lgts T13 N\u00b0 33-B\u00e9kira-<\/span><\/em><\/strong><\/h3>\n<h3><strong><em><span style=\"color: #000000;\">Constantine<\/span><\/em><\/strong><\/h3>\n<h3><strong><em><span style=\"color: #000000;\">C\u00e9libataire.<\/span><\/em><\/strong><\/h3>\n<\/td>\n<td width=\"194\"><\/td>\n<\/tr>\n<tr>\n<td colspan=\"3\" width=\"593\"><\/td>\n<\/tr>\n<tr>\n<td colspan=\"3\" width=\"593\">\n<h3><span style=\"color: #3366ff;\"><strong><em>EXPERIENCE PROFESSIONNELLE<\/em><\/strong><\/span><\/h3>\n<\/td>\n<\/tr>\n<tr>\n<td colspan=\"3\" width=\"593\">\n<h3><strong><em><span style=\"color: #000000;\">\u00a0<\/span><\/em><\/strong><\/h3>\n<\/td>\n<\/tr>\n<tr>\n<td width=\"149\">\n<h3><strong><em><span style=\"color: #000000;\">Sep 2002<\/span><\/em><\/strong><\/h3>\n<h3><strong><em><span style=\"color: #000000;\">\u2192<\/span><\/em><\/strong><\/h3>\n<h3><strong><em><span style=\"color: #000000;\">Mai 2005<\/span><\/em><\/strong><\/h3>\n<\/td>\n<td colspan=\"2\" width=\"444\">\n<h3><strong><em><span style=\"color: #000000;\">Architecte au niveau du bureau Archi-net \u2018Naceri. K\u2019<\/span><\/em><\/strong><\/h3>\n<h3><\/h3>\n<h3><strong><em><span style=\"color: #000000;\">Stagiaire pour une p\u00e9riode de 18 mois\u00a0 <\/span><\/em><\/strong><\/h3>\n<h3><strong><em><span style=\"color: #000000;\">Architecte responsable de la conception de projets et formatrice du software \u2018Autocad\u2019<\/span><\/em><\/strong><\/h3>\n<h3><strong><em><span style=\"color: #000000;\">\u00a0<\/span><\/em><\/strong><\/h3>\n<\/td>\n<\/tr>\n<tr>\n<td width=\"149\"><\/td>\n<td colspan=\"2\" width=\"444\"><\/td>\n<\/tr>\n<tr>\n<td width=\"149\">\n<h3><strong><em><span style=\"color: #000000;\">Nov 2005<\/span><\/em><\/strong><\/h3>\n<h3><strong><em><span style=\"color: #000000;\">\u2192<\/span><\/em><\/strong><\/h3>\n<h3><strong><em><span style=\"color: #000000;\">Mars 2012<\/span><\/em><\/strong><\/h3>\n<\/td>\n<td colspan=\"2\" width=\"444\">\n<h3><strong><em><span style=\"color: #000000;\">Architecte g\u00e9rante du cabinet d\u2019\u00e9tudes architecturales Art-G\u00e9nie<\/span><\/em><\/strong><\/h3>\n<h3><\/h3>\n<h3><strong><em><span style=\"color: #000000;\">Architecte responsable de la gestion du bureau, de la coordination avec les diff\u00e9rents maitres d\u2019ouvrages<\/span><\/em><\/strong><\/h3>\n<h3><strong><em><span style=\"color: #000000;\">Conception de plusieurs projets pour le compte de priv\u00e9 <\/span><\/em><\/strong><\/h3>\n<h3><strong><em><span style=\"color: #000000;\">Charg\u00e9e d\u2019\u00e9tudes d\u2019un projet d\u2019am\u00e9lioration urbaine<\/span><\/em><\/strong><\/h3>\n<\/td>\n<\/tr>\n<tr>\n<td width=\"149\">\n<h3><strong><em><span style=\"color: #000000;\">oct 2010<\/span><\/em><\/strong><\/h3>\n<h3><strong><em><span style=\"color: #000000;\">\u2192<\/span><\/em><\/strong><\/h3>\n<h3><strong><em><span style=\"color: #000000;\">Juin 2011<\/span><\/em><\/strong><\/h3>\n<\/td>\n<td colspan=\"2\" width=\"444\">\n<h3><strong><em><span style=\"color: #000000;\">Enseignante vacataire, d\u00e9partement d\u2019architecture- \u00e0 l\u2019universit\u00e9 Mohamed Khider \u2013 Biskra-<\/span><\/em><\/strong><\/h3>\n<h3><\/h3>\n<h3><strong><em><span style=\"color: #000000;\">Module enseign\u00e9\u00a0: atelier, niveau\u00a0: 1<sup>\u00e8re<\/sup> ann\u00e9e LMD<\/span><\/em><\/strong><\/h3>\n<h3><strong><em><span style=\"color: #000000;\">\u00a0<\/span><\/em><\/strong><\/h3>\n<\/td>\n<\/tr>\n<tr>\n<td width=\"149\">\n<h3><strong><em><span style=\"color: #000000;\">oct 2012<\/span><\/em><\/strong><\/h3>\n<h3><strong><em><span style=\"color: #000000;\">\u2192<\/span><\/em><\/strong><\/h3>\n<h3><strong><em><span style=\"color: #000000;\">Juin 2014<\/span><\/em><\/strong><\/h3>\n<\/td>\n<td colspan=\"2\" width=\"444\">\n<h3><strong><em><span style=\"color: #000000;\">Enseignante vacataire, d\u00e9partement d\u2019architecture- \u00e0 l\u2019universit\u00e9 Constantine 3<\/span><\/em><\/strong><\/h3>\n<h3><\/h3>\n<h3><strong><em><span style=\"color: #000000;\">Module enseign\u00e9\u00a0: TD Histoire Critique d\u2019Architecture, niveau: 3<sup>\u00e8me<\/sup> ann\u00e9e LMD<\/span><\/em><\/strong><\/h3>\n<h3><\/h3>\n<\/td>\n<\/tr>\n<tr>\n<td width=\"149\">\n<h3><strong><em><span style=\"color: #000000;\">Nov 2014<\/span><\/em><\/strong><\/h3>\n<h3><strong><em><span style=\"color: #000000;\">\u2192<\/span><\/em><\/strong><\/h3>\n<h3><strong><em><span style=\"color: #000000;\">Jusqu\u2019\u00e0 nos jours<\/span><\/em><\/strong><\/h3>\n<\/td>\n<td colspan=\"2\" width=\"444\">\n<h3><strong><em><span style=\"color: #000000;\">Maitre assistant-B- universit\u00e9 Larbi Ben M\u2019hidi<\/span><\/em><\/strong><\/h3>\n<h3><strong><em><span style=\"color: #000000;\">Institut Gestion des techniques urbaines.<\/span><\/em><\/strong><\/h3>\n<h3><\/h3>\n<h3><strong><em><span style=\"color: #000000;\">Modules enseign\u00e9s\u00a0: Atelier1\u00e8re ann\u00e9e LMD<\/span><\/em><\/strong><\/h3>\n<h3><strong><em><span style=\"color: #000000;\">TD mat\u00e9riaux de construction, 1\u00e8re ann\u00e9e LMD<\/span><\/em><\/strong><\/h3>\n<h3><strong><em><span style=\"color: #000000;\">\u00a0\u00a0\u00a0\u00a0\u00a0\u00a0\u00a0\u00a0\u00a0\u00a0\u00a0\u00a0\u00a0\u00a0\u00a0\u00a0\u00a0\u00a0\u00a0\u00a0\u00a0\u00a0\u00a0\u00a0\u00a0\u00a0\u00a0 \u00a0\u00a0\u00a0\u00a0\u00a0\u00a0\u00a0\u00a0\u00a0Cours +TD Gestion des risques urbains 3e ann\u00e9e LMD<\/span><\/em><\/strong><\/h3>\n<h3><strong><em><span style=\"color: #000000;\">\u00a0\u00a0\u00a0\u00a0\u00a0\u00a0\u00a0\u00a0\u00a0\u00a0\u00a0\u00a0\u00a0\u00a0\u00a0\u00a0\u00a0\u00a0\u00a0\u00a0\u00a0\u00a0\u00a0\u00a0\u00a0\u00a0\u00a0\u00a0\u00a0\u00a0\u00a0\u00a0\u00a0\u00a0 \u00a0Cours+TD \u00a0Risques Urbains 1\u00e8me ann\u00e9e Master <\/span><\/em><\/strong><\/h3>\n<h3><strong><em><span style=\"color: #000000;\">\u00a0\u00a0\u00a0\u00a0\u00a0\u00a0\u00a0\u00a0\u00a0\u00a0\u00a0\u00a0\u00a0\u00a0\u00a0\u00a0 \u00a0\u00a0\u00a0\u00a0\u00a0\u00a0\u00a0\u00a0\u00a0\u00a0\u00a0\u00a0\u00a0\u00a0\u00a0\u00a0\u00a0\u00a0Cours+TD \u00a0Dynamiques urbaines 2\u00e8me ann\u00e9e Master<\/span><\/em><\/strong><\/h3>\n<h3><\/h3>\n<\/td>\n<\/tr>\n<tr>\n<td width=\"149\">\n<h3><span style=\"color: #3366ff;\"><strong><em>FORMATION<\/em><\/strong><\/span><\/h3>\n<\/td>\n<td colspan=\"2\" width=\"444\"><\/td>\n<\/tr>\n<tr>\n<td width=\"149\">\n<h3><strong><em><span style=\"color: #000000;\">\u00a0<\/span><\/em><\/strong><\/h3>\n<\/td>\n<td colspan=\"2\" width=\"444\">\n<h3><strong><em><span style=\"color: #000000;\">\u00a0<\/span><\/em><\/strong><\/h3>\n<\/td>\n<\/tr>\n<tr>\n<td width=\"149\">\n<h3><strong><em><span style=\"color: #000000;\">2002 <\/span><\/em><\/strong><\/h3>\n<\/td>\n<td colspan=\"2\" width=\"444\">\n<h3><strong><em><span style=\"color: #000000;\">Ing\u00e9niorat d\u2019\u00e9tat en Architecture, Universit\u00e9 Mentouri- Constantine-.<\/span><\/em><\/strong><\/h3>\n<\/td>\n<\/tr>\n<tr>\n<td width=\"149\">\n<h3><strong><em><span style=\"color: #000000;\">2014<\/span><\/em><\/strong><\/h3>\n<\/td>\n<td colspan=\"2\" rowspan=\"3\" width=\"444\">\n<h3><strong><em><span style=\"color: #000000;\">Magister en Architecture, universit\u00e9 Mohamed Khider \u2013 Biskra-<\/span><\/em><\/strong><\/h3>\n<h3><\/h3>\n<h3><strong><em><span style=\"color: #000000;\">Option\u00a0: Architecture, Formes, Ambiances et D\u00e9veloppement Durable. Avec mention \u00a0\u00a0\u00a0\u00a0<\/span><\/em><\/strong><\/h3>\n<h3><strong><em><span style=\"color: #000000;\">tr\u00e8s bien.<\/span><\/em><\/strong><\/h3>\n<h3><strong><em><span style=\"color: #000000;\">Intitul\u00e9 du projet de recherche\u00a0: L\u2019EAU COMME SOURCE D\u2019INSPIRATION DE L\u2019ARCHITECTURE ; DEVELOPPEMENT D\u2019UNE STRATEGIE SYSTEMIQUE INTEGREE DE L\u2019EAU DANS LE BATIMENT<\/span><\/em><\/strong><\/h3>\n<h3><\/h3>\n<\/td>\n<\/tr>\n<tr>\n<td width=\"149\"><\/td>\n<\/tr>\n<tr>\n<td width=\"149\"><\/td>\n<\/tr>\n<tr>\n<td width=\"149\">\n<h3><strong><em><span style=\"color: #000000;\">2014 <\/span><\/em><\/strong><\/h3>\n<\/td>\n<td colspan=\"2\" width=\"444\">\n<h3><strong><em><span style=\"color: #000000;\">Inscription au doctorat en architecture.<\/span><\/em><\/strong><\/h3>\n<h3><strong><em><span style=\"color: #000000;\">\u00a0 Th\u00e9matique de recherche\u00a0: \u00a0\u00a0Du microclimat \u00e0 la demande \u00e9nerg\u00e9tique\u00a0; mod\u00e9lisation et simulation de l\u2019impact des am\u00e9nagements urbains sur la consommation \u00e9nerg\u00e9tique des b\u00e2timents.<\/span><\/em><\/strong><\/h3>\n<h3><\/h3>\n<\/td>\n<\/tr>\n<tr>\n<td width=\"149\">\n<h3><strong><em><span style=\"color: #000000;\">2015<\/span><\/em><\/strong><\/h3>\n<\/td>\n<td colspan=\"2\" width=\"444\">\n<h3><strong><em><span style=\"color: #000000;\">Formation aux technologies de l\u2019information et de la communication<\/span><\/em><\/strong><\/h3>\n<h3><strong><em><span style=\"color: #000000;\">\u00a0 \u00a0Univ Larbi Ben M\u2019hidi.<\/span><\/em><\/strong><\/h3>\n<h3><strong><em><span style=\"color: #000000;\">\u00a0\u00a0 Conception et d\u00e9veloppement d\u2019un cours en ligne sous Moodle<\/span><\/em><\/strong><\/h3>\n<\/td>\n<\/tr>\n<tr>\n<td width=\"149\">\n<h3><strong><em><span style=\"color: #000000;\">2016<\/span><\/em><\/strong><\/h3>\n<\/td>\n<td colspan=\"2\" width=\"444\">\n<h3><strong><em><span style=\"color: #000000;\">Participation \u00e0 la 1<sup>e<\/sup> session de Formation des enseignants chercheurs- Univ Larbi Ben M\u2019hidi.<\/span><\/em><\/strong><\/h3>\n<h3><strong><em><span style=\"color: #000000;\">\u00a0\u00a0 Atelier dirig\u00e9 par Pr Mamadou Mustapha fall sous l\u2019intitul\u00e9\u00a0: <\/span><\/em><\/strong><\/h3>\n<h3><strong><em><span style=\"color: #000000;\">\u00a0 \u00ab\u00a0Les comp\u00e9tences de l&rsquo;enseignant dans une approche par comp\u00e9tences appliqu\u00e9e aux <\/span><\/em><\/strong><\/h3>\n<h3><strong><em><span style=\"color: #000000;\">\u00a0 formations sup\u00e9rieures universitaires\u00a0\u00bb<\/span><\/em><\/strong><\/h3>\n<h3><strong><em><span style=\"color: #000000;\">\u00a0<\/span><\/em><\/strong><\/h3>\n<\/td>\n<\/tr>\n<tr>\n<td colspan=\"3\" width=\"593\">\n<h3><strong><em><span style=\"color: #000000;\"><span style=\"color: #3366ff;\">ACTIVITES SCIENTIFIQUES<\/span> <\/span><\/em><\/strong><\/h3>\n<\/td>\n<\/tr>\n<tr>\n<td width=\"149\">\n<h3><strong><em><span style=\"color: #000000;\">\u00a0<\/span><\/em><\/strong><\/h3>\n<\/td>\n<td colspan=\"2\" width=\"444\">\n<h3><strong><em><span style=\"color: #000000;\">Participations aux rencontres scientifiques\u00a0: <\/span><\/em><\/strong><\/h3>\n<h3><strong><em><span style=\"color: #000000;\">\u00a0\u00a0\u00a0\u00a0\u00a0\u00a0\u00a0\u00a0\u00a0\u00a0\u00a0 &#8211; Pr\u00e9sentation affich\u00e9e intitul\u00e9e \u00a0\u2018 mod\u00e9lisation et simulation de l\u2019impact des \u00a0\u00a0\u00a0\u00a0am\u00e9nagements d\u2019eau sur le microclimat urbain\u2019 \u00e0 la journ\u00e9e d\u2019\u00e9tude \u2018l\u2019architecture climatique en Alg\u00e9rie\u00a0: retours d\u2019exp\u00e9riences\u2019 organis\u00e9e par l\u2019\u00e9cole polytechnique d\u2019architecture et d\u2019urbanisme,\u00a0 le 29\/01\/2015<\/span><\/em><\/strong><\/h3>\n<h3><strong><em><span style=\"color: #000000;\">\u00a0\u00a0\u00a0\u00a0\u00a0\u00a0\u00a0\u00a0\u00a0\u00a0\u00a0 &#8211; Pr\u00e9sentation affich\u00e9e intitul\u00e9e\u00a0 \u2018 mod\u00e9lisation et simulation de l\u2019impact des \u00a0\u00a0am\u00e9nagements d\u2019eau sur le microclimat urbain\u2019 au colloque international \u2018l\u2019am\u00e9nagement urbain \u00e0 l\u2019heure des r\u00e9troactions \u00e9cologiques\u2019 organis\u00e9e par l\u2019universit\u00e9 de S\u00e9tif 02,\u00a0 le 27-28-29\/10\/2015\u00a0 <\/span><\/em><\/strong><\/h3>\n<h3><strong><em><span style=\"color: #000000;\">\u00a0\u00a0\u00a0\u00a0\u00a0\u00a0\u00a0 &#8211; Pr\u00e9sentation affich\u00e9e intitul\u00e9e\u00a0 \u2018 impact direct et indirect des am\u00e9nagements d\u2019eau sur la r\u00e9gulation thermique passive dans les milieux arides\u2019 au s\u00e9minaire international \u2018la ville contemporaine en m\u00e9diterran\u00e9e, nouveaux enjeux, nouvelles approches- regards crois\u00e9s entre rive-nord et rive- sud \u2019 organis\u00e9e par l\u2019universit\u00e9 d\u2019Oum el Bouaghi,\u00a0 le 09-10\/11\/2015 <\/span><\/em><\/strong><\/h3>\n<h3><strong><em><span style=\"color: #000000;\">\u00a0<\/span><\/em><\/strong><\/h3>\n<\/td>\n<\/tr>\n<tr>\n<td colspan=\"3\" width=\"593\">\n<h3><span style=\"color: #3366ff;\"><strong><em>ENCADREMENT<\/em><\/strong><\/span><\/h3>\n<\/td>\n<\/tr>\n<tr>\n<td width=\"149\">\n<h3><strong><em><span style=\"color: #000000;\">\u00a0<\/span><\/em><\/strong><\/h3>\n<\/td>\n<td colspan=\"2\" width=\"444\">\n<h3><strong><em><span style=\"color: #000000;\">Th\u00e8mes de graduation encadr\u00e9s\u00a0: <\/span><\/em><\/strong><\/h3>\n<h3><strong><em><span style=\"color: #000000;\">&#8211; les \u00e9co quartiers dans le cadre du d\u00e9veloppement durable- cas d\u2019\u00e9tude le quartier 385 villas, Constantine-<\/span><\/em><\/strong><\/h3>\n<h3><strong><em><span style=\"color: #000000;\">L\u2019impact des extensions urbaines sur les tissus anciens dans les villes sahariennes\u00a0 &#8211; cas d\u2019Achach, oued souf-<\/span><\/em><\/strong><\/h3>\n<h3><strong><em><span style=\"color: #000000;\">\u00a0<\/span><\/em><\/strong><\/h3>\n<h3><\/h3>\n<\/td>\n<\/tr>\n<tr>\n<td width=\"149\">\n<h3><span style=\"color: #3366ff;\"><strong><em>LANGUES <\/em><\/strong><\/span><\/h3>\n<\/td>\n<td colspan=\"2\" width=\"444\"><\/td>\n<\/tr>\n<tr>\n<td width=\"149\"><\/td>\n<td colspan=\"2\" width=\"444\">\n<h3><strong><em><span style=\"color: #000000;\">Arabe: Langue maternelle.<\/span><\/em><\/strong><\/h3>\n<h3><strong><em><span style=\"color: #000000;\">Fran\u00e7ais: Courant<\/span><\/em><\/strong><\/h3>\n<h3><strong><em><span style=\"color: #000000;\">Anglais: Courant<\/span><\/em><\/strong><\/h3>\n<\/td>\n<\/tr>\n<tr>\n<td colspan=\"3\" width=\"593\">\n<h3><span style=\"color: #3366ff;\"><strong><em>COMPETENCES<\/em><\/strong><\/span><\/h3>\n<\/td>\n<\/tr>\n<tr>\n<td width=\"149\">\n<h3><strong><em><span style=\"color: #000000;\">Logiciel utilis\u00e9s<\/span><\/em><\/strong><\/h3>\n<h3><\/h3>\n<\/td>\n<td colspan=\"2\" width=\"444\">\n<h3><strong><em><span style=\"color: #000000;\">Autocad, Microsoft office, Ansys Fluent, Sol\u00e8ne, Ecotect, Dial.<\/span><\/em><\/strong><\/h3>\n<\/td>\n<\/tr>\n<\/tbody>\n<\/table>\n","protected":false},"excerpt":{"rendered":"<p>Lamia\u00a0 MELOUAH Maitre assistant B universit\u00e9 labri ben M\u2019hidi \u2013Oeb- lammel2006@yahoo.fr https:\/\/www.linkedin.com\/in\/lamya-archi N\u00e9e le: 08 Juin 1980 Adresse: cit\u00e9 des 386 lgts T13 N\u00b0 33-B\u00e9kira- Constantine C\u00e9libataire. EXPERIENCE PROFESSIONNELLE \u00a0 Sep 2002 \u2192 Mai 2005 Architecte au niveau du bureau Archi-net \u2018Naceri. K\u2019 Stagiaire pour une p\u00e9riode de 18 mois\u00a0 Architecte responsable de la conception de projets et formatrice du software \u2018Autocad\u2019 \u00a0 Nov 2005 \u2192 Mars 2012 Architecte g\u00e9rante du cabinet d\u2019\u00e9tudes architecturales Art-G\u00e9nie Architecte responsable de la gestion du bureau, de la coordination avec les diff\u00e9rents maitres d\u2019ouvrages Conception de plusieurs projets pour le compte de priv\u00e9 Charg\u00e9e d\u2019\u00e9tudes d\u2019un projet d\u2019am\u00e9lioration urbaine oct 2010 \u2192 Juin 2011 Enseignante vacataire, d\u00e9partement d\u2019architecture- \u00e0 l\u2019universit\u00e9 Mohamed Khider \u2013 Biskra- Module enseign\u00e9\u00a0: atelier, niveau\u00a0: 1\u00e8re ann\u00e9e LMD \u00a0 oct 2012 \u2192 Juin 2014 Enseignante vacataire, d\u00e9partement d\u2019architecture- \u00e0 l\u2019universit\u00e9 Constantine 3 Module enseign\u00e9\u00a0: TD Histoire Critique d\u2019Architecture, niveau: 3\u00e8me ann\u00e9e LMD Nov 2014 \u2192 Jusqu\u2019\u00e0 nos jours Maitre assistant-B- universit\u00e9 Larbi Ben M\u2019hidi Institut Gestion des techniques urbaines. Modules enseign\u00e9s\u00a0: Atelier1\u00e8re ann\u00e9e LMD TD mat\u00e9riaux de construction, 1\u00e8re ann\u00e9e LMD \u00a0\u00a0\u00a0\u00a0\u00a0\u00a0\u00a0\u00a0\u00a0\u00a0\u00a0\u00a0\u00a0\u00a0\u00a0\u00a0\u00a0\u00a0\u00a0\u00a0\u00a0\u00a0\u00a0\u00a0\u00a0\u00a0\u00a0 \u00a0\u00a0\u00a0\u00a0\u00a0\u00a0\u00a0\u00a0\u00a0Cours +TD Gestion des risques urbains 3e ann\u00e9e LMD \u00a0\u00a0\u00a0\u00a0\u00a0\u00a0\u00a0\u00a0\u00a0\u00a0\u00a0\u00a0\u00a0\u00a0\u00a0\u00a0\u00a0\u00a0\u00a0\u00a0\u00a0\u00a0\u00a0\u00a0\u00a0\u00a0\u00a0\u00a0\u00a0\u00a0\u00a0\u00a0\u00a0\u00a0 \u00a0Cours+TD \u00a0Risques Urbains 1\u00e8me ann\u00e9e Master \u00a0\u00a0\u00a0\u00a0\u00a0\u00a0\u00a0\u00a0\u00a0\u00a0\u00a0\u00a0\u00a0\u00a0\u00a0\u00a0 \u00a0\u00a0\u00a0\u00a0\u00a0\u00a0\u00a0\u00a0\u00a0\u00a0\u00a0\u00a0\u00a0\u00a0\u00a0\u00a0\u00a0\u00a0Cours+TD \u00a0Dynamiques urbaines 2\u00e8me ann\u00e9e Master FORMATION \u00a0 \u00a0 2002 Ing\u00e9niorat d\u2019\u00e9tat en Architecture, Universit\u00e9 Mentouri- Constantine-. 2014 Magister en Architecture, universit\u00e9 Mohamed Khider \u2013 Biskra- Option\u00a0: Architecture, Formes, Ambiances et D\u00e9veloppement Durable. Avec mention \u00a0\u00a0\u00a0\u00a0 tr\u00e8s bien. Intitul\u00e9 du projet de recherche\u00a0: L\u2019EAU COMME SOURCE D\u2019INSPIRATION DE L\u2019ARCHITECTURE ; DEVELOPPEMENT D\u2019UNE STRATEGIE SYSTEMIQUE INTEGREE DE L\u2019EAU DANS LE BATIMENT 2014 Inscription au doctorat en architecture. \u00a0 Th\u00e9matique de recherche\u00a0: \u00a0\u00a0Du microclimat \u00e0 la demande \u00e9nerg\u00e9tique\u00a0; mod\u00e9lisation et simulation de l\u2019impact des am\u00e9nagements urbains sur la consommation \u00e9nerg\u00e9tique des b\u00e2timents. 2015 Formation aux technologies de l\u2019information et de la communication \u00a0 \u00a0Univ Larbi Ben M\u2019hidi. \u00a0\u00a0 Conception et d\u00e9veloppement d\u2019un cours en ligne sous Moodle 2016 Participation \u00e0 la 1e session de Formation des enseignants chercheurs- Univ Larbi Ben M\u2019hidi. \u00a0\u00a0 Atelier dirig\u00e9 par Pr Mamadou Mustapha fall sous l\u2019intitul\u00e9\u00a0: \u00a0 \u00ab\u00a0Les comp\u00e9tences de l&rsquo;enseignant dans une approche par comp\u00e9tences appliqu\u00e9e aux \u00a0 formations sup\u00e9rieures universitaires\u00a0\u00bb \u00a0 ACTIVITES SCIENTIFIQUES \u00a0 Participations aux rencontres scientifiques\u00a0: \u00a0\u00a0\u00a0\u00a0\u00a0\u00a0\u00a0\u00a0\u00a0\u00a0\u00a0 &#8211; Pr\u00e9sentation affich\u00e9e intitul\u00e9e \u00a0\u2018 mod\u00e9lisation et simulation de l\u2019impact des \u00a0\u00a0\u00a0\u00a0am\u00e9nagements d\u2019eau sur le microclimat urbain\u2019 \u00e0 la journ\u00e9e d\u2019\u00e9tude \u2018l\u2019architecture climatique en Alg\u00e9rie\u00a0: retours d\u2019exp\u00e9riences\u2019 organis\u00e9e par l\u2019\u00e9cole polytechnique d\u2019architecture et d\u2019urbanisme,\u00a0 le 29\/01\/2015 \u00a0\u00a0\u00a0\u00a0\u00a0\u00a0\u00a0\u00a0\u00a0\u00a0\u00a0 &#8211; Pr\u00e9sentation affich\u00e9e intitul\u00e9e\u00a0 \u2018 mod\u00e9lisation et simulation de l\u2019impact des \u00a0\u00a0am\u00e9nagements d\u2019eau sur le microclimat urbain\u2019 au colloque international \u2018l\u2019am\u00e9nagement urbain \u00e0 l\u2019heure des r\u00e9troactions \u00e9cologiques\u2019 organis\u00e9e par l\u2019universit\u00e9 de S\u00e9tif 02,\u00a0 le 27-28-29\/10\/2015\u00a0 \u00a0\u00a0\u00a0\u00a0\u00a0\u00a0\u00a0 &#8211; Pr\u00e9sentation affich\u00e9e intitul\u00e9e\u00a0 \u2018 impact direct et indirect des am\u00e9nagements d\u2019eau sur la r\u00e9gulation thermique passive dans les milieux arides\u2019 au s\u00e9minaire international \u2018la ville contemporaine en m\u00e9diterran\u00e9e, nouveaux enjeux, nouvelles approches- regards crois\u00e9s entre rive-nord et rive- sud \u2019 organis\u00e9e par l\u2019universit\u00e9 d\u2019Oum el Bouaghi,\u00a0 le 09-10\/11\/2015 \u00a0 ENCADREMENT \u00a0 Th\u00e8mes de graduation encadr\u00e9s\u00a0: &#8211; les \u00e9co quartiers dans le cadre du d\u00e9veloppement durable- cas d\u2019\u00e9tude le quartier 385 villas, Constantine- L\u2019impact des extensions urbaines sur les tissus anciens dans les villes sahariennes\u00a0 &#8211; cas d\u2019Achach, oued souf- \u00a0 LANGUES Arabe: Langue maternelle. Fran\u00e7ais: Courant Anglais: Courant COMPETENCES Logiciel utilis\u00e9s Autocad, Microsoft office, Ansys Fluent, Sol\u00e8ne, Ecotect, Dial.<\/p>\n","protected":false},"author":1,"featured_media":0,"parent":0,"menu_order":0,"comment_status":"closed","ping_status":"closed","template":"","meta":{"_eb_attr":"","footnotes":""},"class_list":["post-1985","page","type-page","status-publish","hentry"],"_links":{"self":[{"href":"https:\/\/www.univ-oeb.dz\/igtu\/wp-json\/wp\/v2\/pages\/1985","targetHints":{"allow":["GET"]}}],"collection":[{"href":"https:\/\/www.univ-oeb.dz\/igtu\/wp-json\/wp\/v2\/pages"}],"about":[{"href":"https:\/\/www.univ-oeb.dz\/igtu\/wp-json\/wp\/v2\/types\/page"}],"author":[{"embeddable":true,"href":"https:\/\/www.univ-oeb.dz\/igtu\/wp-json\/wp\/v2\/users\/1"}],"replies":[{"embeddable":true,"href":"https:\/\/www.univ-oeb.dz\/igtu\/wp-json\/wp\/v2\/comments?post=1985"}],"version-history":[{"count":0,"href":"https:\/\/www.univ-oeb.dz\/igtu\/wp-json\/wp\/v2\/pages\/1985\/revisions"}],"wp:attachment":[{"href":"https:\/\/www.univ-oeb.dz\/igtu\/wp-json\/wp\/v2\/media?parent=1985"}],"curies":[{"name":"wp","href":"https:\/\/api.w.org\/{rel}","templated":true}]}}