{"id":1979,"date":"2018-12-03T14:51:47","date_gmt":"2018-12-03T13:51:47","guid":{"rendered":"http:\/\/www.univ-oeb.dz\/igtu\/?page_id=1979"},"modified":"2018-12-23T13:52:38","modified_gmt":"2018-12-23T12:52:38","slug":"samali-mohamed","status":"publish","type":"page","link":"https:\/\/www.univ-oeb.dz\/igtu\/fr\/samali-mohamed\/","title":{"rendered":"Samali Mohamed"},"content":{"rendered":"<h3><strong><em>Mr SAMALI Mohamed<\/em><\/strong><br \/>\n<strong><em>Maitre-assistant classe A<\/em><\/strong><br \/>\n<strong><em>Adresse : Cit\u00e9 DAKSI Abdessalem Bt 05 n\u00b014 Constantine.<\/em><\/strong><br \/>\n<strong><em>T\u00e9l\u00e9phone : 0557\/45\/42\/45.<\/em><\/strong><br \/>\n<strong><em>E-mail : samali_med@hotmail.fr<\/em><\/strong><\/h3>\n<h3><strong><em>Date et lieu de naissance : le 20 Aout 1979 \u00e0 Constantine.<\/em><\/strong><br \/>\n<strong><em>Situation familiale : Mari\u00e9, p\u00e8re de 03 enfants.<\/em><\/strong><br \/>\n<span style=\"color: #3366ff;\"><strong><em>Exp\u00e9rience professionnelle<\/em><\/strong><\/span><br \/>\n<strong><em>. Depuis octobre 2008 : Enseignant \u2013Maitre-assistant A- \u00e0 l\u2019institut de G.T.U et au d\u00e9partement d\u2019architecture \u00e0 l\u2019universit\u00e9 Larbi Ben M\u2019hidi-OEB-.<\/em><\/strong><br \/>\n<strong><em>.Ann\u00e9e universitaire 2006\/2007 : Enseignant vacataire au d\u00e9partement d\u2019architecture \u2013 universit\u00e9 de Jijel-.<\/em><\/strong><br \/>\n<strong><em>.Septembre 2004 \u2013 novembre 2005 : Architecte au sein du BET A. REGHIS pour le compte de BROWN &amp; ROOT \u2013 CONDOR dans le cadre de la mise a disposition des cadres pour la r\u00e9alisation de l\u2019H\u00f4pital Militaire R\u00e9gional Universitaire de Constantine (HMRUC). J\u2019ai occup\u00e9 le poste de superviseur des travaux en architecture ; ascenseurs, cages d\u2019escaliers, murs rideaux, salles m\u00e9caniques, travaux de murs et plafonds en Placoplatre, sols en c\u00e9ramique \u00e9poxy et vinyle&#8230;etc. \u00e9laboration des plannings de travaux, r\u00e9unions de coordination avec les sous-traitants et les MEP (m\u00e9canique, \u00e9lectricit\u00e9 et plomberie).<\/em><\/strong><br \/>\n<span style=\"color: #3366ff;\"><strong><em>Cursus universitaire<\/em><\/strong><\/span><br \/>\n<strong><em>.Etude universitaire en graduation (1998-2003) :<\/em><\/strong><br \/>\n<strong><em>D\u00e9partement d\u2019architecture et d\u2019urbanisme de Constantine (facult\u00e9 des sciences de la terre et am\u00e9nagement du territoire) Universit\u00e9 Mentouri Constantine<\/em><\/strong><br \/>\n<strong><em>.Etude universitaire en post-graduation :<\/em><\/strong><br \/>\n<strong><em>2005\/2008 Magister en Architecture option : Faits Urbains.<\/em><\/strong><br \/>\n<strong><em>.Depuis 2010 inscrit en Doctorat en urbanisme ; intitul\u00e9 \u00ab R\u00e9seaux de transports et mobilit\u00e9 quotidienne dans la p\u00e9riph\u00e9rie de la ville de Constantine \u00bb<\/em><\/strong><br \/>\n<span style=\"color: #3366ff;\"><strong><em>Dipl\u00f4mes obtenus<\/em><\/strong><\/span><br \/>\n<strong><em>. Dipl\u00f4me de magister en urbanisme, option faits urbains ; intitul\u00e9 : \u00ab les espaces publics entant que lieux de manifestation des faits urbains, cas de la ville nouvelle Ali Mendjeli.\u00bb Juillet 2008.<\/em><\/strong><br \/>\n<strong><em>. Ing\u00e9niorat d\u2019Etat en Architecture session juin 2003.<\/em><\/strong><br \/>\n<strong><em>. Baccalaur\u00e9at sciences de la nature et de la vie juin 1998.<\/em><\/strong><br \/>\n<span style=\"color: #3366ff;\"><strong><em>Production scientifique<\/em><\/strong><\/span><br \/>\n<strong><em>. Avril 2009 Participation au s\u00e9minaire international organis\u00e9 par l\u2019institut de GTU-universit\u00e9 Larbi Ben M\u2019hidi- avec une communication intitul\u00e9e : \u00ab les espaces publics entant que lieux de manifestation des faits urbains, cas de la ville nouvelle Ali Mendjeli.\u00bb.<\/em><\/strong><br \/>\n<strong><em>. 2009\/2011 membre d\u2019une \u00e9quipe de recherche dans le cadre d\u2019un projet de recherche <span style=\"color: #3366ff;\">CNEPRU<\/span> ; intitul\u00e9 \u00ab quelles dessertes des p\u00e9riph\u00e9ries urbaines pour les transports collectifs ? l\u2019exemple de l\u2019agglom\u00e9ration urbaine de Constantine \u00bb.<\/em><\/strong><br \/>\n<strong><em>. 2012\/2014 membre d\u2019une \u00e9quipe de recherche dans le cadre d\u2019un projet de recherche CNEPRU ; intitul\u00e9 \u00ab infrastructures de transports et d\u00e9veloppement territoriale ; cas du nord-est alg\u00e9rien \u00bb.<\/em><\/strong><br \/>\n<strong><em>. Depuis 2008\/2009 encadrement de m\u00e9moires de fin d\u2019\u00e9tudes en cycle d\u2019ing\u00e9niorat puis de master en GTU<\/em><\/strong><br \/>\n<span style=\"color: #3366ff;\"><strong><em>Connaissances compl\u00e9mentaires<\/em><\/strong><\/span><br \/>\n<span style=\"color: #3366ff;\"><strong><em>Langues :<\/em><\/strong><\/span><br \/>\n<strong><em>&#8211; Arabe : tr\u00e8s bien<\/em><\/strong><br \/>\n<strong><em>&#8211; Fran\u00e7ais : tr\u00e8s bien<\/em><\/strong><br \/>\n<strong><em>&#8211; Anglais : moyen<\/em><\/strong><br \/>\n<span style=\"color: #3366ff;\"><strong><em>Informatique :<\/em><\/strong><\/span><br \/>\n<strong><em>&#8211; Ma\u00eetrise des programmes Microsoft (MS Office suite).<\/em><\/strong><br \/>\n<strong><em>&#8211; Ma\u00eetrise des programmes de dessin d\u2019architecture (AUTO CAD 2D\/3D).<\/em><\/strong><\/h3>\n","protected":false},"excerpt":{"rendered":"<p>Mr SAMALI Mohamed Maitre-assistant classe A Adresse : Cit\u00e9 DAKSI Abdessalem Bt 05 n\u00b014 Constantine. T\u00e9l\u00e9phone : 0557\/45\/42\/45. E-mail : samali_med@hotmail.fr Date et lieu de naissance : le 20 Aout 1979 \u00e0 Constantine. Situation familiale : Mari\u00e9, p\u00e8re de 03 enfants. Exp\u00e9rience professionnelle . Depuis octobre 2008 : Enseignant \u2013Maitre-assistant A- \u00e0 l\u2019institut de G.T.U et au d\u00e9partement d\u2019architecture \u00e0 l\u2019universit\u00e9 Larbi Ben M\u2019hidi-OEB-. .Ann\u00e9e universitaire 2006\/2007 : Enseignant vacataire au d\u00e9partement d\u2019architecture \u2013 universit\u00e9 de Jijel-. .Septembre 2004 \u2013 novembre 2005 : Architecte au sein du BET A. REGHIS pour le compte de BROWN &amp; ROOT \u2013 CONDOR dans le cadre de la mise a disposition des cadres pour la r\u00e9alisation de l\u2019H\u00f4pital Militaire R\u00e9gional Universitaire de Constantine (HMRUC). J\u2019ai occup\u00e9 le poste de superviseur des travaux en architecture ; ascenseurs, cages d\u2019escaliers, murs rideaux, salles m\u00e9caniques, travaux de murs et plafonds en Placoplatre, sols en c\u00e9ramique \u00e9poxy et vinyle&#8230;etc. \u00e9laboration des plannings de travaux, r\u00e9unions de coordination avec les sous-traitants et les MEP (m\u00e9canique, \u00e9lectricit\u00e9 et plomberie). Cursus universitaire .Etude universitaire en graduation (1998-2003) : D\u00e9partement d\u2019architecture et d\u2019urbanisme de Constantine (facult\u00e9 des sciences de la terre et am\u00e9nagement du territoire) Universit\u00e9 Mentouri Constantine .Etude universitaire en post-graduation : 2005\/2008 Magister en Architecture option : Faits Urbains. .Depuis 2010 inscrit en Doctorat en urbanisme ; intitul\u00e9 \u00ab R\u00e9seaux de transports et mobilit\u00e9 quotidienne dans la p\u00e9riph\u00e9rie de la ville de Constantine \u00bb Dipl\u00f4mes obtenus . Dipl\u00f4me de magister en urbanisme, option faits urbains ; intitul\u00e9 : \u00ab les espaces publics entant que lieux de manifestation des faits urbains, cas de la ville nouvelle Ali Mendjeli.\u00bb Juillet 2008. . Ing\u00e9niorat d\u2019Etat en Architecture session juin 2003. . Baccalaur\u00e9at sciences de la nature et de la vie juin 1998. Production scientifique . Avril 2009 Participation au s\u00e9minaire international organis\u00e9 par l\u2019institut de GTU-universit\u00e9 Larbi Ben M\u2019hidi- avec une communication intitul\u00e9e : \u00ab les espaces publics entant que lieux de manifestation des faits urbains, cas de la ville nouvelle Ali Mendjeli.\u00bb. . 2009\/2011 membre d\u2019une \u00e9quipe de recherche dans le cadre d\u2019un projet de recherche CNEPRU ; intitul\u00e9 \u00ab quelles dessertes des p\u00e9riph\u00e9ries urbaines pour les transports collectifs ? l\u2019exemple de l\u2019agglom\u00e9ration urbaine de Constantine \u00bb. . 2012\/2014 membre d\u2019une \u00e9quipe de recherche dans le cadre d\u2019un projet de recherche CNEPRU ; intitul\u00e9 \u00ab infrastructures de transports et d\u00e9veloppement territoriale ; cas du nord-est alg\u00e9rien \u00bb. . Depuis 2008\/2009 encadrement de m\u00e9moires de fin d\u2019\u00e9tudes en cycle d\u2019ing\u00e9niorat puis de master en GTU Connaissances compl\u00e9mentaires Langues : &#8211; Arabe : tr\u00e8s bien &#8211; Fran\u00e7ais : tr\u00e8s bien &#8211; Anglais : moyen Informatique : &#8211; Ma\u00eetrise des programmes Microsoft (MS Office suite). &#8211; Ma\u00eetrise des programmes de dessin d\u2019architecture (AUTO CAD 2D\/3D).<\/p>\n","protected":false},"author":1,"featured_media":0,"parent":0,"menu_order":0,"comment_status":"closed","ping_status":"closed","template":"","meta":{"_eb_attr":"","footnotes":""},"class_list":["post-1979","page","type-page","status-publish","hentry"],"_links":{"self":[{"href":"https:\/\/www.univ-oeb.dz\/igtu\/wp-json\/wp\/v2\/pages\/1979","targetHints":{"allow":["GET"]}}],"collection":[{"href":"https:\/\/www.univ-oeb.dz\/igtu\/wp-json\/wp\/v2\/pages"}],"about":[{"href":"https:\/\/www.univ-oeb.dz\/igtu\/wp-json\/wp\/v2\/types\/page"}],"author":[{"embeddable":true,"href":"https:\/\/www.univ-oeb.dz\/igtu\/wp-json\/wp\/v2\/users\/1"}],"replies":[{"embeddable":true,"href":"https:\/\/www.univ-oeb.dz\/igtu\/wp-json\/wp\/v2\/comments?post=1979"}],"version-history":[{"count":0,"href":"https:\/\/www.univ-oeb.dz\/igtu\/wp-json\/wp\/v2\/pages\/1979\/revisions"}],"wp:attachment":[{"href":"https:\/\/www.univ-oeb.dz\/igtu\/wp-json\/wp\/v2\/media?parent=1979"}],"curies":[{"name":"wp","href":"https:\/\/api.w.org\/{rel}","templated":true}]}}