{"id":1975,"date":"2018-12-03T14:51:09","date_gmt":"2018-12-03T13:51:09","guid":{"rendered":"http:\/\/www.univ-oeb.dz\/igtu\/?page_id=1975"},"modified":"2018-12-19T20:46:02","modified_gmt":"2018-12-19T19:46:02","slug":"mrided-abdelkadeur","status":"publish","type":"page","link":"https:\/\/www.univ-oeb.dz\/igtu\/fr\/mrided-abdelkadeur\/","title":{"rendered":"Mrided Abdelkadeur"},"content":{"rendered":"<h3 style=\"text-align: left;\"><em><strong>\u00a0 <\/strong><\/em><\/h3>\n<h3 style=\"text-align: left;\"><em><strong> Date et lieu de naissances 24\/10\/1965 a chemora\u00a0\u00a0 <\/strong><\/em><\/h3>\n<h3 style=\"text-align: left;\"><em><strong>Adresse professionnelle\u00a0 Institut de gestion et\u00a0\u00a0techniques urbaines universit\u00e9 LARBI BEN \u00a0\u00a0 MHIDI\u00a0\u00a0Route de Constantine\u00a0 Alg\u00e9rie<\/strong><\/em><\/h3>\n<h3 style=\"text-align: left;\"><em><strong>\u00a0Nationalit\u00e9\u00a0\u00a0 \u00a0alg\u00e9rienne\u00a0\u00a0\u00a0\u00a0\u00a0\u00a0\u00a0\u00a0\u00a0\u00a0\u00a0\u00a0\u00a0\u00a0\u00a0\u00a0\u00a0\u00a0\u00a0\u00a0\u00a0\u00a0<\/strong><\/em><\/h3>\n<h3 style=\"text-align: left;\"><em><strong>Adresse personnel\u00a0 ptt\u00a0 boulhilet w de batna\u00a0\u00a0\u00a0 Oum el- Bouaghi BP 358 oum\u00a0\u00a0\u00a0\u00a0 elbouaghi4000\u00a0\u00a0\u00a0\u00a0\u00a0\u00a0\u00a0\u00a0\u00a0\u00a0\u00a0\u00a0\u00a0\u00a0\u00a0\u00a0\u00a0\u00a0\u00a0\u00a0\u00a0\u00a0\u00a0\u00a0\u00a0\u00a0\u00a0\u00a0\u00a0\u00a0\u00a0\u00a0\u00a0\u00a0\u00a0\u00a0\u00a0\u00a0\u00a0\u00a0\u00a0\u00a0\u00a0\u00a0\u00a0\u00a0\u00a0\u00a0\u00a0\u00a0\u00a0\u00a0\u00a0\u00a0\u00a0\u00a0\u00a0\u00a0\u00a0\u00a0\u00a0\u00a0\u00a0\u00a0\u00a0\u00a0\u00a0\u00a0\u00a0\u00a0\u00a0\u00a0\u00a0\u00a0\u00a0\u00a0\u00a0\u00a0\u00a0\u00a0\u00a0\u00a0\u00a0\u00a0\u00a0\u00a0\u00a0\u00a0\u00a0\u00a0\u00a0\u00a0\u00a0\u00a0\u00a0<\/strong><\/em><\/h3>\n<h3 style=\"text-align: left;\"><em><strong>\u00a0EMAIL\u00a0\u00a0 \u00a0merideda@yahoo.fr\u00a0 \u00a0\u00a0\u00a0\u00a0<\/strong><\/em><\/h3>\n<h3 style=\"text-align: left;\"><em><strong>TEL\u00a0\u00a0 07 75 29 40 54<\/strong><\/em><\/h3>\n<h3><span style=\"color: #00ccff;\"><em><strong>FONCTION ACTUELLE<\/strong><\/em><\/span><\/h3>\n<h3><em><strong>Enseignant \u2013chercheur universit\u00e9 LARBI BEN\u00a0 MHIDI\u00a0 Oum el- Bouaghi\u00a0\u00a0\u00a0 Institut de gestion et\u00a0 techniques urbaines\u00a0\u00a0\u00a0 Grade Maitre assistant- A\u00a0\u00a0 Ann\u00e9e de recrutement\u00a0 2011<\/strong><\/em><\/h3>\n<h3><span style=\"color: #00ccff;\"><em><strong>DIPLOME\u00a0 OBTENU<\/strong><\/em><\/span><\/h3>\n<h3><em><strong>2011\u00a0: Magister en architecture et urbanisme \u00a0\u00a0\u00a0\u00a0\u00a0\u00a0option\u00a0: gestion du ville et d\u00e9veloppement durable<\/strong><\/em><\/h3>\n<h3><em><strong>Facult\u00e9s\u00a0: Institut de gestion et techniques urbaines\u00a0 \u00a0\u00a0Universit\u00e9\u00a0: LARBI BEN MHIDI Oum el- Bouaghi<\/strong><\/em><\/h3>\n<h3><em><strong>Th\u00e8me du m\u00e9moire\u00a0: durabilit\u00e9 et conception urbaine dans les villes d\u2019oasis\u00a0 cas de la ville de tolga<\/strong><\/em><\/h3>\n<h3><em><strong>1990\u00a0: architecte d\u2019\u00e9tat\u00a0 de l\u2019institut\u00a0 d\u2019architecture et d\u2019urbanisme de universit\u00e9 de Constantine<\/strong><\/em><\/h3>\n<h3><em><strong>Th\u00e8me du m\u00e9moire\u00a0:\u00a0 tourisme bioclimatique a el-oued<\/strong><\/em><\/h3>\n<h3><em><strong>1985\u00a0: baccalaur\u00e9at en math moderne\u00a0\u00a0 lyc\u00e9e mentouri Ain M\u2019Lila\u00a0 wilaya de Oum el bouaghi<\/strong><\/em><\/h3>\n<h3><span style=\"color: #00ccff;\"><em><strong>DPLOME EN PREPARATION<\/strong><\/em><\/span><\/h3>\n<h3><em><strong>Doctorat en architecture et urbanisme\u00a0\u00a0\u00a0\u00a0\u00a0\u00a0\u00a0\u00a0\u00a0\u00a0\u00a0\u00a0\u00a0\u00a0\u00a0\u00a0\u00a0\u00a0\u00a0\u00a0\u00a0\u00a0\u00a0\u00a0\u00a0\u00a0\u00a0\u00a0 option\u00a0: ville territoire\u00a0 environnement<\/strong><\/em><\/h3>\n<h3><em><strong>Th\u00e8me \u00e9tudie\u00a0: durabilit\u00e9 et forme urbaine et architecturale dans les villes d\u2019oasis \u2013dimension climatique et sociale cas des villes du Ziban\u00a0 -bas Sahara\u00a0 \u00a0\u00a0\u00a0\u00a0\u00a0\u00a0\u00a0\u00a0\u00a0\u00a0\u00a0\u00a0\u00a0\u00a0\u00a0\u00a0\u00a0\u00a0\u00a0\u00a0\u00a0\u00a0\u00a0\u00a0\u00a0\u00a0\u00a0\u00a0\u00a0\u00a0\u00a0\u00a0\u00a0\u00a0\u00a0\u00a0\u00a0\u00a0\u00a0\u00a0\u00a0\u00a0\u00a0\u00a0\u00a0\u00a0\u00a0\u00a0\u00a0\u00a0\u00a0\u00a0\u00a0\u00a0\u00a0\u00a0\u00a0\u00a0\u00a0\u00a0\u00a0\u00a0\u00a0\u00a0\u00a0\u00a0\u00a0\u00a0\u00a0\u00a0\u00a0\u00a0\u00a0\u00a0\u00a0\u00a0\u00a0\u00a0\u00a0\u00a0\u00a0\u00a0\u00a0\u00a0\u00a0\u00a0\u00a0\u00a0\u00a0\u00a0\u00a0\u00a0\u00a0\u00a0\u00a0\u00a0\u00a0\u00a0\u00a0\u00a0\u00a0\u00a0\u00a0\u00a0\u00a0\u00a0\u00a0\u00a0\u00a0\u00a0\u00a0\u00a0\u00a0\u00a0\u00a0\u00a0\u00a0\u00a0\u00a0\u00a0\u00a0\u00a0\u00a0\u00a0\u00a0\u00a0\u00a0\u00a0\u00a0\u00a0\u00a0\u00a0\u00a0\u00a0\u00a0\u00a0\u00a0\u00a0\u00a0\u00a0\u00a0\u00a0\u00a0\u00a0\u00a0\u00a0\u00a0\u00a0\u00a0\u00a0\u00a0\u00a0\u00a0\u00a0\u00a0\u00a0sous la direction du professeur\u00a0:\u00a0\u00a0 Salah\u00a0\u00a0 bouchemel Enseignant \u2013chercheur universit\u00e9 LARBI BEN\u00a0 MHIDI\u00a0 Oum el- Bouaghi\u00a0\u00a0\u00a0\u00a0 Institut de gestion et\u00a0 techniques urbaines<\/strong><\/em><\/h3>\n<h3><span style=\"color: #00ccff;\"><em><strong>EXPERIENCES PROFESSIONNELLES<\/strong><\/em><\/span><\/h3>\n<h3><em><strong>2014 a nous jours \u00a0maitre assistant\u00a0 A charge de cours a l\u2019universit\u00e9 LARBI BEN\u00a0 MHIDI\u00a0 Oum el- Bouaghi\u00a0\u00a0 Institut de gestion et\u00a0 techniques urbaines<\/strong><\/em><\/h3>\n<h3><em><strong>2014 a nous jours\u00a0 responsable de sp\u00e9cialit\u00e9- master<\/strong><\/em><\/h3>\n<h3><em><strong>2012-2014\u00a0: maitre assistant\u00a0 B\u00a0 titulaire a l\u2019universit\u00e9 LARBI BEN\u00a0 MHIDI\u00a0 Oum el- Bouaghi\u00a0\u00a0 Institut de gestion et\u00a0 techniques urbaines<\/strong><\/em><\/h3>\n<h3><em><strong>2011-2012\u00a0: maitre assistant\u00a0 stagiaire a l\u2019universit\u00e9 LARBI BEN\u00a0 MHIDI\u00a0 Oum el- Bouaghi\u00a0\u00a0 Institut de gestion et\u00a0 techniques urbaines<\/strong><\/em><\/h3>\n<h3><em><strong>2001\u00a0-2009: secr\u00e9taire g\u00e9n\u00e9ral \u00e0 la collectivit\u00e9 locale wilaya de Batna<\/strong><\/em><\/h3>\n<h3><span style=\"color: #00ccff;\"><em><strong>ACTIVITES PEDAGOGIQUES<\/strong><\/em><\/span><\/h3>\n<h3><em><strong>Module assures\u00a0:<\/strong><\/em><\/h3>\n<h3><em><strong>2011-2012\u00a0: atelier d\u2019urbanisme\u00a0 4eme ann\u00e9e classique GTU\u00a0 analyse PDAU et POS<\/strong><\/em><\/h3>\n<h3><em><strong>2012-2014\u00a0: marche\u00a0 public\u00a0 cours et TD 2em ann\u00e9e GTU \u00a05eme ann\u00e9e GTU<\/strong><\/em><\/h3>\n<h3><em><strong>2013-2014\u00a0: l\u00e9gislation urbaine 3eme ann\u00e9e am\u00e9nagement urbaine STU \u2013 atelier d\u2019urbanisme 3eme ann\u00e9e GTU analyse PDAU et POS<\/strong><\/em><\/h3>\n<h3><em><strong>2014-2016\u00a0: marche\u00a0 public\u00a0 cours et TD 3em ann\u00e9e licence-\u00a0 2em ann\u00e9e master\u00a0\u00a0 GTU\u2013 atelier d\u2019urbanisme 3eme ann\u00e9e GTU analyse PDAU et POS<\/strong><\/em><\/h3>\n<h3><em><strong>2011-2016 encadrements des m\u00e9moires et projet de fin d\u2019\u00e9tudes<\/strong><\/em><\/h3>\n<h3><span style=\"color: #00ccff;\"><em><strong>ACTIVITES \u00a0SCIENTIFIQUES<\/strong><\/em><\/span><\/h3>\n<h3><em><strong>Journ\u00e9es d\u2019\u00e9tudes<\/strong><\/em><\/h3>\n<h3><em><strong>JOURNEE SCIENTIFIQUE: \u00ab\u00a0ECO HOUSE\u2013ECO CITIES a l\u2019universit\u00e9 LARBI BEN\u00a0 MHIDI\u00a0 Oum el- Bouaghi\u00a0\u00a0 Institut de gestion et\u00a0 techniques urbaines\u00a0\u00a0 GTU\u00a0 le \u00a002-MAI-2013\u00a0\u00a0 \u00a0titre de communication\u00a0 durabilit\u00e9 et forme urbain dans les villes d\u2019oasis<\/strong><\/em><\/h3>\n<h3><em><strong>PUBLICATION <\/strong><\/em><em><strong>ACTIVITES DE RECHERCHE<\/strong><\/em><\/h3>\n<h3><span style=\"color: #00ccff;\"><em><strong>AUTRES\u00a0 ACTIVITES<\/strong><\/em><\/span><\/h3>\n<h3><em><strong>2014 membre du comite d\u2019organisation de la journ\u00e9e d\u2019\u00e9tude\u00a0 GTU a l\u2019universit\u00e9 LARBI BEN\u00a0 MHIDI\u00a0 Oum el- Bouaghi\u00a0\u00a0 Institut de gestion et\u00a0 techniques urbaines\u00a0\u00a0 JOURNEE SCIENTIFIQUE: \u00ab\u00a0ECO HOUSE\u2013ECO CITIES\u201d Le 02 Mai 2013<\/strong><\/em><\/h3>\n<h3><em><strong>\u00a0<\/strong><\/em><\/h3>\n<h3><em><strong>\u00a0<\/strong><\/em><\/h3>\n","protected":false},"excerpt":{"rendered":"<p>\u00a0 Date et lieu de naissances 24\/10\/1965 a chemora\u00a0\u00a0 Adresse professionnelle\u00a0 Institut de gestion et\u00a0\u00a0techniques urbaines universit\u00e9 LARBI BEN \u00a0\u00a0 MHIDI\u00a0\u00a0Route de Constantine\u00a0 Alg\u00e9rie \u00a0Nationalit\u00e9\u00a0\u00a0 \u00a0alg\u00e9rienne\u00a0\u00a0\u00a0\u00a0\u00a0\u00a0\u00a0\u00a0\u00a0\u00a0\u00a0\u00a0\u00a0\u00a0\u00a0\u00a0\u00a0\u00a0\u00a0\u00a0\u00a0\u00a0 Adresse personnel\u00a0 ptt\u00a0 boulhilet w de batna\u00a0\u00a0\u00a0 Oum el- Bouaghi BP 358 oum\u00a0\u00a0\u00a0\u00a0 elbouaghi4000\u00a0\u00a0\u00a0\u00a0\u00a0\u00a0\u00a0\u00a0\u00a0\u00a0\u00a0\u00a0\u00a0\u00a0\u00a0\u00a0\u00a0\u00a0\u00a0\u00a0\u00a0\u00a0\u00a0\u00a0\u00a0\u00a0\u00a0\u00a0\u00a0\u00a0\u00a0\u00a0\u00a0\u00a0\u00a0\u00a0\u00a0\u00a0\u00a0\u00a0\u00a0\u00a0\u00a0\u00a0\u00a0\u00a0\u00a0\u00a0\u00a0\u00a0\u00a0\u00a0\u00a0\u00a0\u00a0\u00a0\u00a0\u00a0\u00a0\u00a0\u00a0\u00a0\u00a0\u00a0\u00a0\u00a0\u00a0\u00a0\u00a0\u00a0\u00a0\u00a0\u00a0\u00a0\u00a0\u00a0\u00a0\u00a0\u00a0\u00a0\u00a0\u00a0\u00a0\u00a0\u00a0\u00a0\u00a0\u00a0\u00a0\u00a0\u00a0\u00a0\u00a0\u00a0\u00a0 \u00a0EMAIL\u00a0\u00a0 \u00a0merideda@yahoo.fr\u00a0 \u00a0\u00a0\u00a0\u00a0 TEL\u00a0\u00a0 07 75 29 40 54 FONCTION ACTUELLE Enseignant \u2013chercheur universit\u00e9 LARBI BEN\u00a0 MHIDI\u00a0 Oum el- Bouaghi\u00a0\u00a0\u00a0 Institut de gestion et\u00a0 techniques urbaines\u00a0\u00a0\u00a0 Grade Maitre assistant- A\u00a0\u00a0 Ann\u00e9e de recrutement\u00a0 2011 DIPLOME\u00a0 OBTENU 2011\u00a0: Magister en architecture et urbanisme \u00a0\u00a0\u00a0\u00a0\u00a0\u00a0option\u00a0: gestion du ville et d\u00e9veloppement durable Facult\u00e9s\u00a0: Institut de gestion et techniques urbaines\u00a0 \u00a0\u00a0Universit\u00e9\u00a0: LARBI BEN MHIDI Oum el- Bouaghi Th\u00e8me du m\u00e9moire\u00a0: durabilit\u00e9 et conception urbaine dans les villes d\u2019oasis\u00a0 cas de la ville de tolga 1990\u00a0: architecte d\u2019\u00e9tat\u00a0 de l\u2019institut\u00a0 d\u2019architecture et d\u2019urbanisme de universit\u00e9 de Constantine Th\u00e8me du m\u00e9moire\u00a0:\u00a0 tourisme bioclimatique a el-oued 1985\u00a0: baccalaur\u00e9at en math moderne\u00a0\u00a0 lyc\u00e9e mentouri Ain M\u2019Lila\u00a0 wilaya de Oum el bouaghi DPLOME EN PREPARATION Doctorat en architecture et urbanisme\u00a0\u00a0\u00a0\u00a0\u00a0\u00a0\u00a0\u00a0\u00a0\u00a0\u00a0\u00a0\u00a0\u00a0\u00a0\u00a0\u00a0\u00a0\u00a0\u00a0\u00a0\u00a0\u00a0\u00a0\u00a0\u00a0\u00a0\u00a0 option\u00a0: ville territoire\u00a0 environnement Th\u00e8me \u00e9tudie\u00a0: durabilit\u00e9 et forme urbaine et architecturale dans les villes d\u2019oasis \u2013dimension climatique et sociale cas des villes du Ziban\u00a0 -bas Sahara\u00a0 \u00a0\u00a0\u00a0\u00a0\u00a0\u00a0\u00a0\u00a0\u00a0\u00a0\u00a0\u00a0\u00a0\u00a0\u00a0\u00a0\u00a0\u00a0\u00a0\u00a0\u00a0\u00a0\u00a0\u00a0\u00a0\u00a0\u00a0\u00a0\u00a0\u00a0\u00a0\u00a0\u00a0\u00a0\u00a0\u00a0\u00a0\u00a0\u00a0\u00a0\u00a0\u00a0\u00a0\u00a0\u00a0\u00a0\u00a0\u00a0\u00a0\u00a0\u00a0\u00a0\u00a0\u00a0\u00a0\u00a0\u00a0\u00a0\u00a0\u00a0\u00a0\u00a0\u00a0\u00a0\u00a0\u00a0\u00a0\u00a0\u00a0\u00a0\u00a0\u00a0\u00a0\u00a0\u00a0\u00a0\u00a0\u00a0\u00a0\u00a0\u00a0\u00a0\u00a0\u00a0\u00a0\u00a0\u00a0\u00a0\u00a0\u00a0\u00a0\u00a0\u00a0\u00a0\u00a0\u00a0\u00a0\u00a0\u00a0\u00a0\u00a0\u00a0\u00a0\u00a0\u00a0\u00a0\u00a0\u00a0\u00a0\u00a0\u00a0\u00a0\u00a0\u00a0\u00a0\u00a0\u00a0\u00a0\u00a0\u00a0\u00a0\u00a0\u00a0\u00a0\u00a0\u00a0\u00a0\u00a0\u00a0\u00a0\u00a0\u00a0\u00a0\u00a0\u00a0\u00a0\u00a0\u00a0\u00a0\u00a0\u00a0\u00a0\u00a0\u00a0\u00a0\u00a0\u00a0\u00a0\u00a0\u00a0\u00a0\u00a0\u00a0\u00a0\u00a0\u00a0sous la direction du professeur\u00a0:\u00a0\u00a0 Salah\u00a0\u00a0 bouchemel Enseignant \u2013chercheur universit\u00e9 LARBI BEN\u00a0 MHIDI\u00a0 Oum el- Bouaghi\u00a0\u00a0\u00a0\u00a0 Institut de gestion et\u00a0 techniques urbaines EXPERIENCES PROFESSIONNELLES 2014 a nous jours \u00a0maitre assistant\u00a0 A charge de cours a l\u2019universit\u00e9 LARBI BEN\u00a0 MHIDI\u00a0 Oum el- Bouaghi\u00a0\u00a0 Institut de gestion et\u00a0 techniques urbaines 2014 a nous jours\u00a0 responsable de sp\u00e9cialit\u00e9- master 2012-2014\u00a0: maitre assistant\u00a0 B\u00a0 titulaire a l\u2019universit\u00e9 LARBI BEN\u00a0 MHIDI\u00a0 Oum el- Bouaghi\u00a0\u00a0 Institut de gestion et\u00a0 techniques urbaines 2011-2012\u00a0: maitre assistant\u00a0 stagiaire a l\u2019universit\u00e9 LARBI BEN\u00a0 MHIDI\u00a0 Oum el- Bouaghi\u00a0\u00a0 Institut de gestion et\u00a0 techniques urbaines 2001\u00a0-2009: secr\u00e9taire g\u00e9n\u00e9ral \u00e0 la collectivit\u00e9 locale wilaya de Batna ACTIVITES PEDAGOGIQUES Module assures\u00a0: 2011-2012\u00a0: atelier d\u2019urbanisme\u00a0 4eme ann\u00e9e classique GTU\u00a0 analyse PDAU et POS 2012-2014\u00a0: marche\u00a0 public\u00a0 cours et TD 2em ann\u00e9e GTU \u00a05eme ann\u00e9e GTU 2013-2014\u00a0: l\u00e9gislation urbaine 3eme ann\u00e9e am\u00e9nagement urbaine STU \u2013 atelier d\u2019urbanisme 3eme ann\u00e9e GTU analyse PDAU et POS 2014-2016\u00a0: marche\u00a0 public\u00a0 cours et TD 3em ann\u00e9e licence-\u00a0 2em ann\u00e9e master\u00a0\u00a0 GTU\u2013 atelier d\u2019urbanisme 3eme ann\u00e9e GTU analyse PDAU et POS 2011-2016 encadrements des m\u00e9moires et projet de fin d\u2019\u00e9tudes ACTIVITES \u00a0SCIENTIFIQUES Journ\u00e9es d\u2019\u00e9tudes JOURNEE SCIENTIFIQUE: \u00ab\u00a0ECO HOUSE\u2013ECO CITIES a l\u2019universit\u00e9 LARBI BEN\u00a0 MHIDI\u00a0 Oum el- Bouaghi\u00a0\u00a0 Institut de gestion et\u00a0 techniques urbaines\u00a0\u00a0 GTU\u00a0 le \u00a002-MAI-2013\u00a0\u00a0 \u00a0titre de communication\u00a0 durabilit\u00e9 et forme urbain dans les villes d\u2019oasis PUBLICATION ACTIVITES DE RECHERCHE AUTRES\u00a0 ACTIVITES 2014 membre du comite d\u2019organisation de la journ\u00e9e d\u2019\u00e9tude\u00a0 GTU a l\u2019universit\u00e9 LARBI BEN\u00a0 MHIDI\u00a0 Oum el- Bouaghi\u00a0\u00a0 Institut de gestion et\u00a0 techniques urbaines\u00a0\u00a0 JOURNEE SCIENTIFIQUE: \u00ab\u00a0ECO HOUSE\u2013ECO CITIES\u201d Le 02 Mai 2013 \u00a0 \u00a0<\/p>\n","protected":false},"author":1,"featured_media":0,"parent":0,"menu_order":0,"comment_status":"closed","ping_status":"closed","template":"","meta":{"_eb_attr":"","footnotes":""},"class_list":["post-1975","page","type-page","status-publish","hentry"],"_links":{"self":[{"href":"https:\/\/www.univ-oeb.dz\/igtu\/wp-json\/wp\/v2\/pages\/1975","targetHints":{"allow":["GET"]}}],"collection":[{"href":"https:\/\/www.univ-oeb.dz\/igtu\/wp-json\/wp\/v2\/pages"}],"about":[{"href":"https:\/\/www.univ-oeb.dz\/igtu\/wp-json\/wp\/v2\/types\/page"}],"author":[{"embeddable":true,"href":"https:\/\/www.univ-oeb.dz\/igtu\/wp-json\/wp\/v2\/users\/1"}],"replies":[{"embeddable":true,"href":"https:\/\/www.univ-oeb.dz\/igtu\/wp-json\/wp\/v2\/comments?post=1975"}],"version-history":[{"count":0,"href":"https:\/\/www.univ-oeb.dz\/igtu\/wp-json\/wp\/v2\/pages\/1975\/revisions"}],"wp:attachment":[{"href":"https:\/\/www.univ-oeb.dz\/igtu\/wp-json\/wp\/v2\/media?parent=1975"}],"curies":[{"name":"wp","href":"https:\/\/api.w.org\/{rel}","templated":true}]}}