{"id":1969,"date":"2018-12-03T14:47:46","date_gmt":"2018-12-03T13:47:46","guid":{"rendered":"http:\/\/www.univ-oeb.dz\/igtu\/?page_id=1969"},"modified":"2023-03-27T13:58:16","modified_gmt":"2023-03-27T11:58:16","slug":"louafi-abdelatif","status":"publish","type":"page","link":"https:\/\/www.univ-oeb.dz\/igtu\/fr\/louafi-abdelatif\/","title":{"rendered":"Louafi Abdelatif"},"content":{"rendered":"\t\t<div data-elementor-type=\"wp-page\" data-elementor-id=\"1969\" class=\"elementor elementor-1969\">\n\t\t\t\t\t\t<section class=\"elementor-section elementor-top-section elementor-element elementor-element-4001dc1 elementor-section-boxed elementor-section-height-default elementor-section-height-default wpr-particle-no wpr-jarallax-no wpr-parallax-no wpr-sticky-section-no\" data-id=\"4001dc1\" data-element_type=\"section\">\n\t\t\t\t\t\t<div class=\"elementor-container elementor-column-gap-default\">\n\t\t\t\t\t<div class=\"elementor-column elementor-col-100 elementor-top-column elementor-element elementor-element-44b395da\" data-id=\"44b395da\" data-element_type=\"column\">\n\t\t\t<div class=\"elementor-widget-wrap elementor-element-populated\">\n\t\t\t\t\t\t<div class=\"elementor-element elementor-element-3bb14792 elementor-widget elementor-widget-text-editor\" data-id=\"3bb14792\" data-element_type=\"widget\" data-widget_type=\"text-editor.default\">\n\t\t\t\t<div class=\"elementor-widget-container\">\n\t\t\t\t\t\t\t\t\t<p style=\"text-align: center;\">\u00a0<\/p><h3 style=\"text-align: right;\"><span style=\"color: #000000;\">\u0627\u0633\u0645 \u0627\u0644\u0627\u0633\u062a\u0627\u0630:\u0627\u0644\u0648\u0627\u0641\u064a \u0639\u0628\u062f\u0627\u0644\u0644\u0637\u064a\u0641<\/span><\/h3><h3 style=\"text-align: right;\"><span style=\"color: #000000;\">\u00a0\u0642\u0633\u0645 \u0627\u0644\u062a\u0633\u064a\u064a\u0631 \u0648\u0627\u0644\u062a\u0642\u0646\u064a\u0627\u062a \u0627\u0644\u062d\u0636\u0631\u064a\u0629\u060c \u062c\u0627\u0645\u0639\u0629 \u0627\u0645 \u0627\u0644\u0628\u0648\u0627\u0642\u064a \u0627\u0644\u062c\u0632\u0627\u0626\u0631<\/span><\/h3><h3 style=\"text-align: right;\"><span style=\"color: #000000;\">\u0627<a style=\"color: #000000;\" href=\"mailto:louafi.abdellatif@univ-oeb.dz\">abdellatif@univ-oeb.dz<\/a>\/ louafifr@yahoo.fr<\/span><\/h3><h3 style=\"text-align: right;\"><span style=\"color: #000000;\">\u0631\u0642\u0645 \u0627\u0644\u0647\u0627\u062a\u0641: 26 79 90 61 06<\/span><\/h3><h3 style=\"text-align: right;\"><span style=\"color: #000000;\"><strong><em>\u0647\u0648\u064a\u0629 \u0627\u0644\u0628\u0627\u062d\u062b <\/em><\/strong><\/span><\/h3><h3 style=\"text-align: right;\"><span style=\"color: #000000;\">Google Scholar :.. https:\/\/scholar.google.com\/citations?user=uds-QGcAAAAJ&amp;hl=ar *<\/span><\/h3><h3 style=\"text-align: right;\"><span style=\"color: #000000;\">ReaserchGate :. abdellatif@univ-oeb.dz *<\/span><\/h3><h3 style=\"text-align: right;\"><span style=\"color: #000000;\">ORCID : abdellatif@orcid.org&#8230; *<\/span><\/h3><h3 style=\"text-align: right;\"><span style=\"color: #000000;\">\u0627\u0644\u062a\u0639\u0644\u064a\u0645 *\u00a0<\/span><\/h3><h3 style=\"text-align: right;\"><span style=\"color: #000000;\">\u062f\u0631\u062c\u0629 \u062f\u0643\u062a\u0648\u0631\u0627\u0647 \u0641\u064a:..\u0637\u0648\u0631 \u0627\u0644\u0627\u0639\u062f\u0627\u062f&#8230;&#8230;<\/span><\/h3><h3 style=\"text-align: right;\"><span style=\"color: #000000;\">\u062f\u0631\u062c\u0629 \u0645\u0627\u062c\u064a\u0633\u062a\u0627\u0631 \u0641\u064a :.\u0627\u0644\u0647\u0646\u062f\u0633\u0629 \u0627\u0644\u0645\u0639\u0645\u0627\u0631\u064a\u0629..\u062a\u062e\u0635\u0635 \u0627\u0644\u0633\u0643\u0646 \u0641\u064a \u0627\u0644\u0645\u0646\u0627\u0637\u0642 \u0627\u0644\u062c\u0627\u0641\u0629 \u0648\u0633\u0628\u0647 \u0627\u0644\u062c\u0627\u0641\u0629 \u062c\u0627\u0645\u0639\u0629 \u0628\u0633\u0643\u0631\u0629 2005.<\/span><\/h3><h3 style=\"text-align: right;\"><span style=\"color: #000000;\">\u062f\u0631\u062c\u0629 \u0645\u0647\u0646\u062f\u0633 \u0641\u064a :..\u0627\u0644\u062a\u0633\u064a\u064a\u0631 \u0648\u0627\u0644\u062a\u0642\u0646\u064a\u0627\u062a \u0627\u0644\u062d\u0636\u0631\u064a\u0629. \u062c\u0627\u0645\u0639\u0629 \u0627\u0644\u0645\u0633\u064a\u0644\u0629 2000<\/span><\/h3><h3 style=\"text-align: right;\"><span style=\"color: #000000;\">\u0648\u0638\u0627\u0626\u0641 \u0648 \u0645\u0624\u0633\u0633\u0627\u062a \u0627\u0644\u0627\u0646\u062a\u0633\u0627\u0628 *<\/span><\/h3><h3 style=\"text-align: right;\"><span style=\"color: #000000;\">\u0623\u0633\u062a\u0627\u0630: \/<\/span><\/h3><h3 style=\"text-align: right;\"><span style=\"color: #000000;\">\u0627\u0633\u062a\u0627\u0630 \u0645\u0634\u0627\u0631\u0643 :\/<\/span><\/h3><h3 style=\"text-align: right;\"><span style=\"color: #000000;\">\u0631\u0626\u064a\u0633 \u0642\u0633\u0645:\/<\/span><\/h3><h3 style=\"text-align: right;\"><span style=\"color: #000000;\">\u0631\u0626\u064a\u0633 \u0627\u062e\u062a\u0635\u0627\u0635 \u0644\u064a\u0633\u0627\u0646\u0633 \u0628\u0645\u0639\u0647\u062f \u0627\u0644\u062a\u0633\u064a\u064a\u0631 \u0648\u0627\u0644\u062a\u0642\u0646\u064a\u0627\u062a \u0627\u0644\u062d\u0636\u0631\u064a\u0629<\/span><\/h3><h3 style=\"text-align: right;\"><span style=\"color: #000000;\">\u0645\u0642\u0627\u064a\u064a\u0633 \u0627\u0644\u062a\u062f\u0631\u064a\u0633 *<\/span><\/h3><h3 style=\"text-align: right;\"><span style=\"color: #000000;\">\u0645\u0642\u064a\u0627\u0633 \u0627\u0644\u0648\u0631\u0634\u0629\u2026 \u0641\u064a \u0643\u0644 \u0627\u0644\u0645\u0633\u062a\u0648\u064a\u0627\u062a \u0627\u0644\u0627\u0648\u0644\u0649\u2026\/\u0627\u0644\u062b\u0627\u0646\u064a\u0629\/\u0627\u0644\u062b\u0627\u0644\u062b\u0629\/\u0627\u0648\u0644\u0649 \u0645\u0627\u0633\u062a\u0631<\/span><\/h3><h3 style=\"text-align: right;\"><span style=\"color: #000000;\">..\u0645\u0642\u064a\u0627\u0633 \u0627\u0644\u062a\u0647\u064a\u0626\u0629 \u0627\u0644\u0639\u0645\u0631\u0627\u0646\u064a\u0629&#8230;.\/\u062f\u064a\u0646\u0627\u0645\u064a\u0643\u064a\u0629 \u0627\u0644\u062d\u0636\u0631\u064a\u0629<\/span><\/h3><h3 style=\"text-align: right;\"><span style=\"color: #000000;\">\u062c\u063a\u0631\u0627\u0641\u064a\u0629 \u0627\u0644\u0645\u062f\u0646&#8230;<\/span><\/h3><h3 style=\"text-align: right;\"><span style=\"color: #000000;\">\u0645\u0646\u0634\u0648\u0631\u0627\u062a \u062f\u0648\u0644\u064a\u0629 *<\/span><\/h3><h3 style=\"text-align: right;\"><span style=\"color: #000000;\"><strong><em>\u2026<\/em><\/strong> <strong>\u0627\u0644\u0645\u0634\u0627\u0631\u0643\u0629 \u0641\u064a \u0627\u0644\u0645\u0644\u062a\u0642\u064a\u0627\u062a \u0627\u0644\u062f\u0648\u0644\u064a\u0629<\/strong><em>:<\/em><\/span><\/h3><h3 style=\"text-align: right;\"><span style=\"color: #000000;\">\u00a0\u00a0\u00a0 1 \u0627\u0644\u0645\u0644\u062a\u0642\u0649 \u0627\u0644\u062f\u0648\u0644\u064a \u0627\u0644\u062b\u0627\u0646\u064a \u062d\u0648\u0644 \u062a\u0633\u064a\u064a\u0631 \u0627\u0644\u0645\u062f\u0646 \u062c\u0627\u0645\u0639\u0629 \u0627\u0644\u0645\u0633\u064a\u0644\u0629 \u0646\u0648\u0641\u0645\u0628\u06312006:<\/span><\/h3><h3 style=\"text-align: right;\"><span style=\"color: #000000;\">\u0645\u062f\u0627\u062e\u0644\u0629 \u0628\u0639\u0646\u0648\u0627\u0646:\u00a0\u00a0 <strong>\u0627\u0644\u0633\u0627\u062d\u0627\u062a \u0627\u0644\u0639\u0627\u0645\u0629 \u0641\u064a \u0627\u0644\u0645\u062f\u064a\u0646\u0629 \u0645\u0627 \u0628\u064a\u0646 \u0627\u0644\u062a\u0635\u0645\u064a\u0645 \u0648\u0627\u0644\u0627\u0633\u062a\u0639\u0645\u0627\u0644.<\/strong><\/span><\/h3><h3 style=\"text-align: right;\"><span style=\"color: #000000;\">\u00a0\u00a0\u00a0\u00a0 2 \u0627\u0644\u0645\u0644\u062a\u0642\u0649 \u0627\u0644\u062f\u0648\u0644\u064a \u062d\u0648\u0644 \u0627\u0644\u0645\u062f\u064a\u0646\u0629 \u0627\u0644\u0625\u0633\u0644\u0627\u0645\u064a\u0629 \u062c\u0627\u0645\u0639\u0629 \u062a\u0644\u0645\u0633\u0627\u0646 \u0645\u0627\u064a 2009:<\/span><\/h3><h3 style=\"text-align: right;\"><span style=\"color: #000000;\">\u0645\u062f\u0627\u062e\u0644\u0629 \u0628\u0639\u0646\u0648\u0627\u0646:\u00a0 <strong>\u0627\u0644\u0645\u062f\u0646 \u0627\u0644\u0642\u062f\u064a\u0645\u0629 \u0644\u0648\u0627\u062f \u0631\u064a\u063a \u060c\u062f\u0631\u0648\u0633 \u0641\u064a \u0627\u0644\u0645\u0642\u0648\u0645\u0627\u062a \u0627\u0644\u0625\u0633\u0644\u0627\u0645\u064a\u0629 \u0648\u0627\u0644\u062a\u0623\u0642\u0644\u0645 \u0627\u0644\u0637\u0628\u064a\u0639\u064a \u0648\u0627\u0644\u0645\u0646\u0627\u062e\u064a<\/strong>.\u00a0\u00a0\u00a0\u00a0\u00a0\u00a0\u00a0\u00a0\u00a0\u00a0\u00a0\u00a0\u00a0<\/span><\/h3><h3 style=\"text-align: right;\"><span style=\"color: #000000;\">\u00a0 \u00a03\u00a0 &#8211;\u00a0 \u0627\u0644\u0645\u0624\u062a\u0645\u0631 \u0648\u0627\u0644\u0645\u0639\u0631\u0636 \u0627\u0644\u062f\u0648\u0644\u064a \u0627\u0644\u062b\u0627\u0644\u062b\u00a0 \u0644\u0644\u062d\u0641\u0627\u0638 \u0639\u0644\u0649 \u0627\u0644\u062a\u0631\u0627\u062b \u0627\u0644\u0639\u0645\u0631\u0627\u0646\u064a-\u062f\u0628\u064a 17-18-19 \u062f\u064a\u0633\u0645\u0628\u06312012 <strong>\u00a0\u00bb <\/strong><strong>\u062a\u0631\u0645\u064a\u0645 \u0627\u0644\u0642\u0635\u0648\u0631 \u0627\u0644\u0642\u062f\u064a\u0645\u0629 \u0644\u0648\u0627\u062f \u0631\u064a\u063a \u0627\u0644\u0623\u0647\u0645\u064a\u0629\u060c\u0627\u0644\u0645\u0634\u0627\u0643\u0644 \u0648\u0627\u0644\u0631\u0647\u0627\u0646\u0627\u062a\u00a0\u00bb.<\/strong><\/span><\/h3><h3 style=\"text-align: right;\"><span style=\"color: #000000;\">4\u00a0\u00a0 \u0627\u0644\u0645\u0644\u062a\u0642\u0649 \u0627\u0644\u0648\u0637\u0646\u064a\u00a0 \u062d\u0648\u0644 \u0627\u0644\u0639\u0644\u0648\u0645 \u0627\u0644\u0627\u062c\u062a\u0645\u0627\u0639\u064a\u0629 \u0641\u064a \u0627\u0644\u062c\u0627\u0645\u0639\u0629 \u0627\u0644\u062c\u0632\u0627\u0626\u0631\u064a\u0629 \u0648\u062f\u0648\u0631\u0647\u0627 \u0641\u064a \u0627\u0644\u062a\u0646\u0645\u064a\u0629 \u0627\u0644\u0645\u0633\u062a\u0630\u0627\u0645\u0629\u00a0 \u062c\u0627\u0645\u0639\u0629 \u062e\u0645\u064a\u0633 \u0645\u0644\u064a\u0627\u0646\u0629\u00a0 4-5 \u0627\u0641\u0631\u064a\u0644 2017*<strong> \u062f\u0648\u0631 \u0627\u0644\u0639\u0644\u0648\u0645 \u0627\u0644\u0627\u062c\u062a\u0645\u0627\u0639\u064a\u0629 \u0641\u064a \u0646\u0634\u0631 \u062b\u0642\u0627\u0641\u0629 \u0627\u0644\u0623\u0645\u0646 \u0648\u0627\u0644\u0648\u0642\u0627\u064a\u0629 \u0645\u0646 \u0627\u0644\u0623\u062e\u0637\u0627\u0631\u0627\u0644\u0635\u0646\u0627\u0639\u064a\u0629 \u0644\u062a\u062d\u0642\u064a\u0642 \u0627\u0644\u062a\u0646\u0645\u064a\u0629 \u0627\u0644\u0645\u0633\u062a\u062f\u0627\u0645\u0629 \u0628\u0645\u062f\u064a\u0646\u0629 \u0633\u0643\u064a\u0643\u062f\u0629<\/strong><\/span><\/h3><h3 style=\"text-align: right;\"><span style=\"color: #000000;\">\u00a05 \u0627\u0644\u0645\u0624\u062a\u0645\u0631 \u0627\u0644\u062f\u0648\u0644\u064a \u062d\u0648\u0644 \u0627\u0644\u062a\u0631\u0627\u062b \u0627\u0644\u0645\u0639\u0645\u0627\u0631\u064a \u0648\u0627\u0644\u0639\u0645\u0631\u0627\u0646\u064a\u00a0\u00a0\u0644\u0645\u0646\u0637\u0642\u0629 \u0627\u0644\u0628\u062d\u0631 \u0627\u0644\u0623\u0628\u064a\u0636 \u0627\u0644\u0645\u062a\u0648\u0633\u063718 \/21 \u0646\u0648\u0641\u0645\u0628\u0631 2018 \u0627\u0644\u062d\u0645\u0627\u0645\u0627\u062a \u062a\u0648\u0646\u0633<strong>*\u0627\u062b\u0631 \u0627\u0644\u062a\u062d\u0648\u0644\u0627\u062a \u0627\u0644\u0639\u0645\u0631\u0627\u0646\u064a\u0629 \u0639\u0644\u0649 \u062a\u0647\u0645\u064a\u0634 \u0648\u0632\u0648\u0627\u0644 \u0627\u0644\u062a\u0631\u0627\u062b \u0627\u0644\u062d\u0636\u0631\u064a \u0644\u0648\u0627\u062f \u0631\u064a\u063a \u0627\u0644\u0642\u0635\u0648\u0631\u00a0\u00a0\u0628\u0627\u0644\u062c\u0646\u0648\u0628 \u0627\u0644\u0634\u0631\u0642\u064a \u0627\u0644\u062c\u0632\u0627\u0626\u0631\u064a*<\/strong><\/span><\/h3><h3 style=\"text-align: right;\"><span style=\"color: #000000;\">-6 Webinaire International, intitul\u00e9 : \u00ab GIS DAY ALGERIA 2021 \u00bb. Organis\u00e9 par le Laboratoire de Recherche \u00ab Analyses Urbaines et Environnementales \u00bb,le 17 novembre 2021 \u00e0 Annaba: * <strong>L\u2019importance de l&rsquo;adressage dans la localisation de d\u2019information g\u00e9ographique.<\/strong> <strong>Cas de la commune de Tenedla (EL MEGHAIER).<\/strong> *<\/span><\/h3><h3 style=\"text-align: right;\"><span style=\"color: #000000;\">-7s\u00e9minaire national du 25 et 26 Octobre 2021 sur : Les syst\u00e8mes d\u2019informations g\u00e9ographiques (SIG ) et la gestion de l\u2019espace urbain *<strong> Le g\u00e9ocodage d&rsquo;adresses \u00e0 l&rsquo;aide de la localisation de d\u2019information g\u00e9ographique. Cas de la ville d\u2019Oum El Bouaghi<\/strong>*<\/span><\/h3><h3 style=\"text-align: right;\"><span style=\"color: #000000;\"><strong>\u00a0<\/strong><\/span><\/h3><h3 style=\"text-align: right;\"><span style=\"color: #000000;\"><strong><em>\u2026<\/em><\/strong><\/span><\/h3><h3 style=\"text-align: right;\"><span style=\"color: #000000;\">Interests and Qualifications<\/span><\/h3><h3 style=\"text-align: right;\"><span style=\"color: #000000;\">\u0627\u0647\u062a\u0645\u0627\u0645\u0627\u062a \u0648 \u0645\u0624\u0647\u0644\u0627\u062a *<\/span><\/h3><h3 style=\"text-align: right;\"><span style=\"color: #000000;\">\u0627\u0647\u062a\u0645\u0627\u0645\u0627\u062a:&#8230;\u0627\u0644\u0627\u0639\u0644\u0627\u0645 \u0627\u0644\u0627\u0644\u064a\/\u0646\u0638\u0645 \u0627\u0644\u0645\u0645\u0639\u0644\u0648\u0645\u0627\u062a \u0627\u0644\u062c\u063a\u0631\u0627\u0641\u064a\u0629\/\u0627\u0644\u0639\u0645\u0631\u0627\u0646 \u0648\u0627\u0644\u062a\u0647\u064a\u0626\u0629\/\u0627\u0644\u062a\u0631\u0627\u062b \u0627\u0644\u0639\u0645\u0631\u0627\u0646\u064a \u0648\u0627\u0644\u0645\u0639\u0645\u0627\u0631\u064a&#8230;..<\/span><\/h3><h3 style=\"text-align: right;\"><span style=\"color: #000000;\"><strong>\u0645\u0624\u0647\u0644\u0627\u062a:&#8230;&#8230;&#8230;&#8230;&#8230;&#8230;&#8230;&#8230;&#8230;&#8230;&#8230;&#8230;&#8230;&#8230;&#8230;&#8230;&#8230;&#8230;&#8230;&#8230;.. <\/strong><\/span><\/h3><h3 style=\"text-align: right;\"><span style=\"color: #000000;\">\u0627\u062e\u0631\u0649:&#8230;&#8230;&#8230;&#8230;&#8230;&#8230;&#8230;&#8230;&#8230;&#8230;&#8230;&#8230;&#8230;&#8230;&#8230;&#8230;&#8230;&#8230;&#8230;&#8230;&#8230;&#8230;&#8230;&#8230;&#8230;&#8230;&#8230;<\/span><\/h3>\t\t\t\t\t\t\t\t<\/div>\n\t\t\t\t<\/div>\n\t\t\t\t\t<\/div>\n\t\t<\/div>\n\t\t\t\t\t<\/div>\n\t\t<\/section>\n\t\t\t\t<\/div>\n\t\t","protected":false},"excerpt":{"rendered":"<p>\u00a0 \u0627\u0633\u0645 \u0627\u0644\u0627\u0633\u062a\u0627\u0630:\u0627\u0644\u0648\u0627\u0641\u064a \u0639\u0628\u062f\u0627\u0644\u0644\u0637\u064a\u0641 \u00a0\u0642\u0633\u0645 \u0627\u0644\u062a\u0633\u064a\u064a\u0631 \u0648\u0627\u0644\u062a\u0642\u0646\u064a\u0627\u062a \u0627\u0644\u062d\u0636\u0631\u064a\u0629\u060c \u062c\u0627\u0645\u0639\u0629 \u0627\u0645 \u0627\u0644\u0628\u0648\u0627\u0642\u064a \u0627\u0644\u062c\u0632\u0627\u0626\u0631 \u0627abdellatif@univ-oeb.dz\/ louafifr@yahoo.fr \u0631\u0642\u0645 \u0627\u0644\u0647\u0627\u062a\u0641: 26 79 90 61 06 \u0647\u0648\u064a\u0629 \u0627\u0644\u0628\u0627\u062d\u062b Google Scholar :.. https:\/\/scholar.google.com\/citations?user=uds-QGcAAAAJ&amp;hl=ar * ReaserchGate :. abdellatif@univ-oeb.dz * ORCID : abdellatif@orcid.org&#8230; * \u0627\u0644\u062a\u0639\u0644\u064a\u0645 *\u00a0 \u062f\u0631\u062c\u0629 \u062f\u0643\u062a\u0648\u0631\u0627\u0647 \u0641\u064a:..\u0637\u0648\u0631 \u0627\u0644\u0627\u0639\u062f\u0627\u062f&#8230;&#8230; \u062f\u0631\u062c\u0629 \u0645\u0627\u062c\u064a\u0633\u062a\u0627\u0631 \u0641\u064a :.\u0627\u0644\u0647\u0646\u062f\u0633\u0629 \u0627\u0644\u0645\u0639\u0645\u0627\u0631\u064a\u0629..\u062a\u062e\u0635\u0635 \u0627\u0644\u0633\u0643\u0646 \u0641\u064a \u0627\u0644\u0645\u0646\u0627\u0637\u0642 \u0627\u0644\u062c\u0627\u0641\u0629 \u0648\u0633\u0628\u0647 \u0627\u0644\u062c\u0627\u0641\u0629 \u062c\u0627\u0645\u0639\u0629 \u0628\u0633\u0643\u0631\u0629 2005. \u062f\u0631\u062c\u0629 \u0645\u0647\u0646\u062f\u0633 \u0641\u064a :..\u0627\u0644\u062a\u0633\u064a\u064a\u0631 \u0648\u0627\u0644\u062a\u0642\u0646\u064a\u0627\u062a \u0627\u0644\u062d\u0636\u0631\u064a\u0629. \u062c\u0627\u0645\u0639\u0629 \u0627\u0644\u0645\u0633\u064a\u0644\u0629 2000 \u0648\u0638\u0627\u0626\u0641 \u0648 \u0645\u0624\u0633\u0633\u0627\u062a \u0627\u0644\u0627\u0646\u062a\u0633\u0627\u0628 * \u0623\u0633\u062a\u0627\u0630: \/ \u0627\u0633\u062a\u0627\u0630 \u0645\u0634\u0627\u0631\u0643 :\/ \u0631\u0626\u064a\u0633 \u0642\u0633\u0645:\/ \u0631\u0626\u064a\u0633 \u0627\u062e\u062a\u0635\u0627\u0635 \u0644\u064a\u0633\u0627\u0646\u0633 \u0628\u0645\u0639\u0647\u062f \u0627\u0644\u062a\u0633\u064a\u064a\u0631 \u0648\u0627\u0644\u062a\u0642\u0646\u064a\u0627\u062a \u0627\u0644\u062d\u0636\u0631\u064a\u0629 \u0645\u0642\u0627\u064a\u064a\u0633 \u0627\u0644\u062a\u062f\u0631\u064a\u0633 * \u0645\u0642\u064a\u0627\u0633 \u0627\u0644\u0648\u0631\u0634\u0629\u2026 \u0641\u064a \u0643\u0644 \u0627\u0644\u0645\u0633\u062a\u0648\u064a\u0627\u062a \u0627\u0644\u0627\u0648\u0644\u0649\u2026\/\u0627\u0644\u062b\u0627\u0646\u064a\u0629\/\u0627\u0644\u062b\u0627\u0644\u062b\u0629\/\u0627\u0648\u0644\u0649 \u0645\u0627\u0633\u062a\u0631 ..\u0645\u0642\u064a\u0627\u0633 \u0627\u0644\u062a\u0647\u064a\u0626\u0629 \u0627\u0644\u0639\u0645\u0631\u0627\u0646\u064a\u0629&#8230;.\/\u062f\u064a\u0646\u0627\u0645\u064a\u0643\u064a\u0629 \u0627\u0644\u062d\u0636\u0631\u064a\u0629 \u062c\u063a\u0631\u0627\u0641\u064a\u0629 \u0627\u0644\u0645\u062f\u0646&#8230; \u0645\u0646\u0634\u0648\u0631\u0627\u062a \u062f\u0648\u0644\u064a\u0629 * \u2026 \u0627\u0644\u0645\u0634\u0627\u0631\u0643\u0629 \u0641\u064a \u0627\u0644\u0645\u0644\u062a\u0642\u064a\u0627\u062a \u0627\u0644\u062f\u0648\u0644\u064a\u0629: \u00a0\u00a0\u00a0 1 \u0627\u0644\u0645\u0644\u062a\u0642\u0649 \u0627\u0644\u062f\u0648\u0644\u064a \u0627\u0644\u062b\u0627\u0646\u064a \u062d\u0648\u0644 \u062a\u0633\u064a\u064a\u0631 \u0627\u0644\u0645\u062f\u0646 \u062c\u0627\u0645\u0639\u0629 \u0627\u0644\u0645\u0633\u064a\u0644\u0629 \u0646\u0648\u0641\u0645\u0628\u06312006: \u0645\u062f\u0627\u062e\u0644\u0629 \u0628\u0639\u0646\u0648\u0627\u0646:\u00a0\u00a0 \u0627\u0644\u0633\u0627\u062d\u0627\u062a \u0627\u0644\u0639\u0627\u0645\u0629 \u0641\u064a \u0627\u0644\u0645\u062f\u064a\u0646\u0629 \u0645\u0627 \u0628\u064a\u0646 \u0627\u0644\u062a\u0635\u0645\u064a\u0645 \u0648\u0627\u0644\u0627\u0633\u062a\u0639\u0645\u0627\u0644. \u00a0\u00a0\u00a0\u00a0 2 \u0627\u0644\u0645\u0644\u062a\u0642\u0649 \u0627\u0644\u062f\u0648\u0644\u064a \u062d\u0648\u0644 \u0627\u0644\u0645\u062f\u064a\u0646\u0629 \u0627\u0644\u0625\u0633\u0644\u0627\u0645\u064a\u0629 \u062c\u0627\u0645\u0639\u0629 \u062a\u0644\u0645\u0633\u0627\u0646 \u0645\u0627\u064a 2009: \u0645\u062f\u0627\u062e\u0644\u0629 \u0628\u0639\u0646\u0648\u0627\u0646:\u00a0 \u0627\u0644\u0645\u062f\u0646 \u0627\u0644\u0642\u062f\u064a\u0645\u0629 \u0644\u0648\u0627\u062f \u0631\u064a\u063a \u060c\u062f\u0631\u0648\u0633 \u0641\u064a \u0627\u0644\u0645\u0642\u0648\u0645\u0627\u062a \u0627\u0644\u0625\u0633\u0644\u0627\u0645\u064a\u0629 \u0648\u0627\u0644\u062a\u0623\u0642\u0644\u0645 \u0627\u0644\u0637\u0628\u064a\u0639\u064a \u0648\u0627\u0644\u0645\u0646\u0627\u062e\u064a.\u00a0\u00a0\u00a0\u00a0\u00a0\u00a0\u00a0\u00a0\u00a0\u00a0\u00a0\u00a0\u00a0 \u00a0 \u00a03\u00a0 &#8211;\u00a0 \u0627\u0644\u0645\u0624\u062a\u0645\u0631 \u0648\u0627\u0644\u0645\u0639\u0631\u0636 \u0627\u0644\u062f\u0648\u0644\u064a \u0627\u0644\u062b\u0627\u0644\u062b\u00a0 \u0644\u0644\u062d\u0641\u0627\u0638 \u0639\u0644\u0649 \u0627\u0644\u062a\u0631\u0627\u062b \u0627\u0644\u0639\u0645\u0631\u0627\u0646\u064a-\u062f\u0628\u064a 17-18-19 \u062f\u064a\u0633\u0645\u0628\u06312012 \u00a0\u00bb \u062a\u0631\u0645\u064a\u0645 \u0627\u0644\u0642\u0635\u0648\u0631 \u0627\u0644\u0642\u062f\u064a\u0645\u0629 \u0644\u0648\u0627\u062f \u0631\u064a\u063a \u0627\u0644\u0623\u0647\u0645\u064a\u0629\u060c\u0627\u0644\u0645\u0634\u0627\u0643\u0644 \u0648\u0627\u0644\u0631\u0647\u0627\u0646\u0627\u062a\u00a0\u00bb. 4\u00a0\u00a0 \u0627\u0644\u0645\u0644\u062a\u0642\u0649 \u0627\u0644\u0648\u0637\u0646\u064a\u00a0 \u062d\u0648\u0644 \u0627\u0644\u0639\u0644\u0648\u0645 \u0627\u0644\u0627\u062c\u062a\u0645\u0627\u0639\u064a\u0629 \u0641\u064a \u0627\u0644\u062c\u0627\u0645\u0639\u0629 \u0627\u0644\u062c\u0632\u0627\u0626\u0631\u064a\u0629 \u0648\u062f\u0648\u0631\u0647\u0627 \u0641\u064a \u0627\u0644\u062a\u0646\u0645\u064a\u0629 \u0627\u0644\u0645\u0633\u062a\u0630\u0627\u0645\u0629\u00a0 \u062c\u0627\u0645\u0639\u0629 \u062e\u0645\u064a\u0633 \u0645\u0644\u064a\u0627\u0646\u0629\u00a0 4-5 \u0627\u0641\u0631\u064a\u0644 2017* \u062f\u0648\u0631 \u0627\u0644\u0639\u0644\u0648\u0645 \u0627\u0644\u0627\u062c\u062a\u0645\u0627\u0639\u064a\u0629 \u0641\u064a \u0646\u0634\u0631 \u062b\u0642\u0627\u0641\u0629 \u0627\u0644\u0623\u0645\u0646 \u0648\u0627\u0644\u0648\u0642\u0627\u064a\u0629 \u0645\u0646 \u0627\u0644\u0623\u062e\u0637\u0627\u0631\u0627\u0644\u0635\u0646\u0627\u0639\u064a\u0629 \u0644\u062a\u062d\u0642\u064a\u0642 \u0627\u0644\u062a\u0646\u0645\u064a\u0629 \u0627\u0644\u0645\u0633\u062a\u062f\u0627\u0645\u0629 \u0628\u0645\u062f\u064a\u0646\u0629 \u0633\u0643\u064a\u0643\u062f\u0629 \u00a05 \u0627\u0644\u0645\u0624\u062a\u0645\u0631 \u0627\u0644\u062f\u0648\u0644\u064a \u062d\u0648\u0644 \u0627\u0644\u062a\u0631\u0627\u062b \u0627\u0644\u0645\u0639\u0645\u0627\u0631\u064a \u0648\u0627\u0644\u0639\u0645\u0631\u0627\u0646\u064a\u00a0\u00a0\u0644\u0645\u0646\u0637\u0642\u0629 \u0627\u0644\u0628\u062d\u0631 \u0627\u0644\u0623\u0628\u064a\u0636 \u0627\u0644\u0645\u062a\u0648\u0633\u063718 \/21 \u0646\u0648\u0641\u0645\u0628\u0631 2018 \u0627\u0644\u062d\u0645\u0627\u0645\u0627\u062a \u062a\u0648\u0646\u0633*\u0627\u062b\u0631 \u0627\u0644\u062a\u062d\u0648\u0644\u0627\u062a \u0627\u0644\u0639\u0645\u0631\u0627\u0646\u064a\u0629 \u0639\u0644\u0649 \u062a\u0647\u0645\u064a\u0634 \u0648\u0632\u0648\u0627\u0644 \u0627\u0644\u062a\u0631\u0627\u062b \u0627\u0644\u062d\u0636\u0631\u064a \u0644\u0648\u0627\u062f \u0631\u064a\u063a \u0627\u0644\u0642\u0635\u0648\u0631\u00a0\u00a0\u0628\u0627\u0644\u062c\u0646\u0648\u0628 \u0627\u0644\u0634\u0631\u0642\u064a \u0627\u0644\u062c\u0632\u0627\u0626\u0631\u064a* -6 Webinaire International, intitul\u00e9 : \u00ab GIS DAY ALGERIA 2021 \u00bb. Organis\u00e9 par le Laboratoire de Recherche \u00ab Analyses Urbaines et Environnementales \u00bb,le 17 novembre 2021 \u00e0 Annaba: * L\u2019importance de l&rsquo;adressage dans la localisation de d\u2019information g\u00e9ographique. Cas de la commune de Tenedla (EL MEGHAIER). * -7s\u00e9minaire national du 25 et 26 Octobre 2021 sur : Les syst\u00e8mes d\u2019informations g\u00e9ographiques (SIG ) et la gestion de l\u2019espace urbain * Le g\u00e9ocodage d&rsquo;adresses \u00e0 l&rsquo;aide de la localisation de d\u2019information g\u00e9ographique. Cas de la ville d\u2019Oum El Bouaghi* \u00a0 \u2026 Interests and Qualifications \u0627\u0647\u062a\u0645\u0627\u0645\u0627\u062a \u0648 \u0645\u0624\u0647\u0644\u0627\u062a * \u0627\u0647\u062a\u0645\u0627\u0645\u0627\u062a:&#8230;\u0627\u0644\u0627\u0639\u0644\u0627\u0645 \u0627\u0644\u0627\u0644\u064a\/\u0646\u0638\u0645 \u0627\u0644\u0645\u0645\u0639\u0644\u0648\u0645\u0627\u062a \u0627\u0644\u062c\u063a\u0631\u0627\u0641\u064a\u0629\/\u0627\u0644\u0639\u0645\u0631\u0627\u0646 \u0648\u0627\u0644\u062a\u0647\u064a\u0626\u0629\/\u0627\u0644\u062a\u0631\u0627\u062b \u0627\u0644\u0639\u0645\u0631\u0627\u0646\u064a \u0648\u0627\u0644\u0645\u0639\u0645\u0627\u0631\u064a&#8230;.. \u0645\u0624\u0647\u0644\u0627\u062a:&#8230;&#8230;&#8230;&#8230;&#8230;&#8230;&#8230;&#8230;&#8230;&#8230;&#8230;&#8230;&#8230;&#8230;&#8230;&#8230;&#8230;&#8230;&#8230;&#8230;.. \u0627\u062e\u0631\u0649:&#8230;&#8230;&#8230;&#8230;&#8230;&#8230;&#8230;&#8230;&#8230;&#8230;&#8230;&#8230;&#8230;&#8230;&#8230;&#8230;&#8230;&#8230;&#8230;&#8230;&#8230;&#8230;&#8230;&#8230;&#8230;&#8230;&#8230;<\/p>\n","protected":false},"author":1,"featured_media":0,"parent":0,"menu_order":0,"comment_status":"closed","ping_status":"closed","template":"","meta":{"_eb_attr":"","footnotes":""},"class_list":["post-1969","page","type-page","status-publish","hentry"],"_links":{"self":[{"href":"https:\/\/www.univ-oeb.dz\/igtu\/wp-json\/wp\/v2\/pages\/1969","targetHints":{"allow":["GET"]}}],"collection":[{"href":"https:\/\/www.univ-oeb.dz\/igtu\/wp-json\/wp\/v2\/pages"}],"about":[{"href":"https:\/\/www.univ-oeb.dz\/igtu\/wp-json\/wp\/v2\/types\/page"}],"author":[{"embeddable":true,"href":"https:\/\/www.univ-oeb.dz\/igtu\/wp-json\/wp\/v2\/users\/1"}],"replies":[{"embeddable":true,"href":"https:\/\/www.univ-oeb.dz\/igtu\/wp-json\/wp\/v2\/comments?post=1969"}],"version-history":[{"count":0,"href":"https:\/\/www.univ-oeb.dz\/igtu\/wp-json\/wp\/v2\/pages\/1969\/revisions"}],"wp:attachment":[{"href":"https:\/\/www.univ-oeb.dz\/igtu\/wp-json\/wp\/v2\/media?parent=1969"}],"curies":[{"name":"wp","href":"https:\/\/api.w.org\/{rel}","templated":true}]}}