{"id":1966,"date":"2018-12-03T14:47:11","date_gmt":"2018-12-03T13:47:11","guid":{"rendered":"http:\/\/www.univ-oeb.dz\/igtu\/?page_id=1966"},"modified":"2018-12-19T19:57:18","modified_gmt":"2018-12-19T18:57:18","slug":"kellab-debih-nawel","status":"publish","type":"page","link":"https:\/\/www.univ-oeb.dz\/igtu\/fr\/kellab-debih-nawel\/","title":{"rendered":"Largat Malika"},"content":{"rendered":"<table width=\"766\">\n<tbody>\n<tr>\n<td colspan=\"2\" width=\"766\"><strong>Nom et Pr\u00e9nom\u00a0: LARGAT MALIKA\u00a0\u00a0\u00a0\u00a0\u00a0\u00a0\u00a0\u00a0\u00a0\u00a0\u00a0\u00a0\u00a0\u00a0\u00a0\u00a0\u00a0\u00a0\u00a0\u00a0\u00a0\u00a0\u00a0\u00a0\u00a0\u00a0\u00a0\u00a0\u00a0\u00a0\u00a0\u00a0\u00a0\u00a0\u00a0\u00a0\u00a0\u00a0\u00a0\u00a0\u00a0\u00a0\u00a0\u00a0\u00a0\u00a0\u00a0\u00a0\u00a0\u00a0\u00a0\u00a0\u00a0\u00a0\u00a0\u00a0\u00a0\u00a0\u00a0\u00a0\u00a0\u00a0\u00a0\u00a0\u00a0\u00a0\u00a0\u00a0\u00a0\u00a0\u00a0\u00a0\u00a0\u00a0\u00a0\u00a0\u00a0\u00a0\u00a0\u00a0\u00a0\u00a0\u00a0\u00a0\u00a0\u00a0\u00a0\u00a0\u00a0\u00a0\u00a0\u00a0\u00a0\u00a0\u00a0\u00a0\u00a0\u00a0\u00a0\u00a0\u00a0\u00a0\u00a0\u00a0\u00a0\u00a0\u00a0\u00a0\u00a0\u00a0\u00a0\u00a0\u00a0\u00a0\u00a0\u00a0\u00a0\u00a0\u00a0\u00a0\u00a0\u00a0\u00a0\u00a0\u00a0\u00a0\u00a0\u00a0\u00a0\u00a0\u00a0\u00a0\u00a0\u00a0\u00a0\u00a0\u00a0\u00a0\u00a0\u00a0\u00a0\u00a0\u00a0\u00a0\u00a0\u00a0\u00a0\u00a0\u00a0\u00a0\u00a0\u00a0\u00a0\u00a0\u00a0\u00a0\u00a0\u00a0\u00a0\u00a0\u00a0\u00a0\u00a0\u00a0\u00a0\u00a0\u00a0\u00a0\u00a0\u00a0 Tel:00.213.06.63.14.57.14<\/strong><\/p>\n<p><strong>\u00c9mail: mlargat@yahoo.fr<\/strong><\/p>\n<p><strong>\u00a0\u00a0\u00a0\u00a0\u00a0\u00a0\u00a0\u00a0\u00a0\u00a0\u00a0\u00a0\u00a0\u00a0\u00a0\u00a0\u00a0\u00a0\u00a0\u00a0\u00a0\u00a0\u00a0\u00a0\u00a0\u00a0\u00a0\u00a0\u00a0\u00a0\u00a0\u00a0\u00a0\u00a0\u00a0\u00a0\u00a0\u00a0\u00a0\u00a0\u00a0\u00a0\u00a0\u00a0\u00a0\u00a0\u00a0\u00a0\u00a0\u00a0\u00a0\u00a0\u00a0\u00a0\u00a0\u00a0\u00a0\u00a0\u00a0\u00a0\u00a0\u00a0\u00a0\u00a0\u00a0\u00a0\u00a0\u00a0\u00a0\u00a0\u00a0\u00a0\u00a0\u00a0\u00a0\u00a0\u00a0\u00a0\u00a0\u00a0\u00a0\u00a0\u00a0\u00a0\u00a0\u00a0\u00a0\u00a0\u00a0\u00a0\u00a0 <\/strong><\/td>\n<\/tr>\n<tr>\n<td colspan=\"2\" width=\"766\">\n<table width=\"684\">\n<tbody>\n<tr>\n<td colspan=\"3\" width=\"684\">\n<h3><u>\u00a0<\/u><\/h3>\n<\/td>\n<\/tr>\n<tr>\n<td width=\"179\"><strong>Situation Familiale <\/strong><\/td>\n<td width=\"189\"><strong>Mari\u00e9e<\/strong><\/td>\n<td width=\"316\">&nbsp;<\/td>\n<\/tr>\n<tr>\n<td width=\"179\"><strong>Sexe<\/strong><\/td>\n<td width=\"189\"><strong>F\u00e9minin <\/strong><\/td>\n<td width=\"316\">&nbsp;<\/td>\n<\/tr>\n<tr>\n<td width=\"179\"><strong>Nationalit\u00e9<\/strong><\/td>\n<td width=\"189\"><strong>Alg\u00e9rienne<\/strong><\/td>\n<td width=\"316\">&nbsp;<\/td>\n<\/tr>\n<tr>\n<td width=\"179\"><strong>Date De Naissance<\/strong><\/td>\n<td width=\"189\"><strong>19 Mai 1973<\/strong><\/td>\n<td width=\"316\">&nbsp;<\/td>\n<\/tr>\n<tr>\n<td width=\"179\"><strong>Lieu De Naissance<\/strong><\/td>\n<td width=\"189\"><strong>Constantine \u2013 Alg\u00e9rie<\/strong><\/td>\n<td width=\"316\">&nbsp;<\/td>\n<\/tr>\n<\/tbody>\n<\/table>\n<\/td>\n<\/tr>\n<tr>\n<td colspan=\"2\" width=\"766\">\n<h3><span style=\"color: #00ccff;\"><u>SCOLARIT\u00c9<\/u><\/span><\/h3>\n<\/td>\n<\/tr>\n<tr>\n<td colspan=\"2\" width=\"766\"><strong>1991<\/strong>baccalaur\u00e9at S\u00e9rie sciences.<\/p>\n<p><strong>1992<\/strong>baccalaur\u00e9at S\u00e9rie sciences.<\/p>\n<p><strong>1997<\/strong>\u00a0\u00a0\u00a0 Universit\u00e9 de Constantine, Alg\u00e9rie\u00a0\u00a0\u00a0 Ing\u00e9nieur en am\u00e9nagement du territoire<\/p>\n<p><strong>Th\u00e8me\u00a0;<\/strong> Espace Montagneus Rural Entre L\u2019isolement Et La Marginalisation Cas \u00ab\u00a0Commune MINAR ZARZA\u00a0\u00bb Wilaya De Mila<\/p>\n<p><strong>2010<\/strong>\u00a0\u00a0\u00a0 Universit\u00e9 de Constantine, Alg\u00e9rie<\/p>\n<p>Magister en am\u00e9nagement du territoire<\/p>\n<p><strong>Th\u00e8me\u00a0;<\/strong> D\u00e9veloppement Environnementale Au Niveau de La Ville D\u2019el Khroub\u00a0 &#8211; Wilaya De Constantine<\/p>\n<p><strong>2011<\/strong>\u00a0 Universit\u00e9 de Constantine, Alg\u00e9rie \u00a0\u00a0\u00a0Doctorat en am\u00e9nagement du territoire en cours (inscription en 6<sup>\u00e9me <\/sup>ann\u00e9e l\u2019an\u00a0:2016).<\/p>\n<p><strong>Th\u00e8me\u00a0; <\/strong>Les mutations Spatiales Et Fonctionnels Au Niveau de La Ville D\u2019el Khroub &#8211; Wilaya De Constantine<\/td>\n<\/tr>\n<tr>\n<td colspan=\"2\" width=\"766\">\n<h3><span style=\"color: #00ccff;\"><strong><u>EXP\u00c9RIENCE PROFESSIONNELLE<\/u><\/strong><\/span><\/h3>\n<\/td>\n<\/tr>\n<tr>\n<td width=\"102\"><strong>Septembre 2014 a ce jour<\/strong><\/td>\n<td width=\"664\">\n<h4>D\u00e9partement\u00a0: Gestion des Techniques Urbaines<em>&#8211;<\/em>Universit\u00e9 de Oum El Bouaghi, Alg\u00e9rie.<\/h4>\n<\/td>\n<\/tr>\n<tr>\n<td width=\"102\"><strong>poste<\/strong><\/td>\n<td width=\"664\">\n<h4>Enseignante \u00ab\u00a0 maitre assistante A\u00a0\u00bb<\/h4>\n<\/td>\n<\/tr>\n<tr>\n<td width=\"102\"><strong>La fonction<\/strong><\/td>\n<td width=\"664\">\u00b7 Enseign\u00e9 module \u00ab\u00a0analyse des milieux naturels\u00a0\u00bb 2\u00e9me ann\u00e9e licence<\/p>\n<p>\u00b7 Enseign\u00e9 module \u00ab\u00a0cartographie\u00a0\u00bb 2\u00e9me ann\u00e9e licence<\/p>\n<p>\u00b7\u00a0 Atelier 2\u00e9me ann\u00e9e master\u00a0 \u00ab\u00a0 initiation au diagnostic territoriale\u00a0\u00bb<\/p>\n<p>\u00b7\u00a0 Atelier 1\u00e9re ann\u00e9e licence<\/p>\n<p>\u00b7\u00a0 Atelier 2\u00e9me ann\u00e9e licence<\/td>\n<\/tr>\n<tr>\n<td width=\"102\"><strong>Octobre 2013 a juin 2014<\/strong><\/td>\n<td width=\"664\"><strong>Ecole National Sup\u00e9rieur des Enseignants \u2013 Constantine-Alg\u00e9rie<\/strong><\/p>\n<h4><\/h4>\n<\/td>\n<\/tr>\n<tr>\n<td width=\"102\"><strong>Poste<\/strong><\/td>\n<td width=\"664\">\n<h4>enseignant\u00a0 associ\u00e9\u00a0\u00ab\u00a0vacataire\u00a0\u00bb<\/h4>\n<\/td>\n<\/tr>\n<tr>\n<td width=\"102\"><strong>La fonction<\/strong><\/p>\n<p><strong>\u00a0<\/strong><\/td>\n<td width=\"664\">\u00d8\u00a0 Enseign\u00e9 deux modules \u00ab\u00a0 M\u00e9thodologies de Recherche G\u00e9ographique \u2013 G\u00e9ographie de la Population\u00a0\u00bb<\/p>\n<p>\u00b7\u00a0 Octobre 2013 a\u00a0 juin 2014\u00ab\u00a0les 5\u00e9me Ann\u00e9e Baccalaur\u00e9at \u00bb Module\u00a0: M\u00e9thodologies de Recherche G\u00e9ographique<\/p>\n<p>\u00b7\u00a0 Octobre 2013 a Janvier 2014\u00ab\u00a0les 3\u00e9me Ann\u00e9e Baccalaur\u00e9at \u00bb module\u00a0: M\u00e9thodologies de Recherche G\u00e9ographique.<\/p>\n<p>\u00b7\u00a0 Octobre 2013.a juin 2014 \u00ab\u00a0les 2\u00e9me Ann\u00e9e Baccalaur\u00e9at \u00bb Module\u00a0: G\u00e9ographie de la Population<\/td>\n<\/tr>\n<tr>\n<td width=\"102\"><strong>Octobre 2013 a D\u00e9cembre 2013<\/strong><\/td>\n<td width=\"664\"><strong>D\u00e9partement\u00a0: science de la terre et l\u2019univers et am\u00e9nagement du territoire-<\/strong><strong>Universit\u00e9 de Oum El Bouaghi, Alg\u00e9rie<\/strong><\/td>\n<\/tr>\n<tr>\n<td width=\"102\"><strong>Poste<\/strong><\/td>\n<td width=\"664\">\n<h4>enseignant\u00a0 associ\u00e9\u00a0\u00ab\u00a0vacataire\u00a0\u00bb<\/h4>\n<\/td>\n<\/tr>\n<tr>\n<td width=\"102\"><strong>La fonction<\/strong><\/p>\n<p><strong>\u00a0<\/strong><\/td>\n<td width=\"664\">\u00d8\u00a0 Enseign\u00e9 module \u00ab\u00a0 Atelier\u00a0\u00bb les 2\u00e9me ann\u00e9e Am\u00e9nagement du Territoire<\/p>\n<h3><em>\u00a0<\/em><\/h3>\n<\/td>\n<\/tr>\n<tr>\n<td width=\"102\"><strong>Le 06 mai 2013<\/strong><\/td>\n<td width=\"664\">\n<h4>D\u00e9partement\u00a0: Gestion des Techniques Urbaines<em>&#8211;<\/em>Universit\u00e9 de Oum El Bouaghi, Alg\u00e9rie.<\/h4>\n<\/td>\n<\/tr>\n<tr>\n<td width=\"102\"><strong>La fonction<\/strong><\/p>\n<p><strong>\u00a0<\/strong><\/td>\n<td width=\"664\">\u00d8\u00a0 Particip\u00e9 a la journ\u00e9e d\u2019\u00e9tude \u00ab\u00a0 Gestion Des Villes Et D\u00e9veloppement Durable\u00a0\u00bb<\/p>\n<p>\u00d8\u00a0 Pr\u00e9sent\u00e9 un sujet qui est \u00ab D\u00e9veloppement Environnementale Au Niveau De La Ville D\u2019el Khroub Wilaya De Constantine\u00bb<\/td>\n<\/tr>\n<tr>\n<td width=\"102\"><strong>De f\u00e9vrier 2013 a juin 2013<\/strong><\/p>\n<p><strong>Et <\/strong><\/p>\n<p><strong>de\u00a0 Mars 2011 a Juin 2012<\/strong><\/td>\n<td width=\"664\">\n<h4><em>\u00a0<\/em><\/h4>\n<h4><em>\u00a0<\/em><\/h4>\n<h4>D\u00e9partement\u00a0: Gestion des Techniques Urbaines<em>&#8211;<\/em>Universit\u00e9 de Oum El Bouaghi, Alg\u00e9rie.<\/h4>\n<\/td>\n<\/tr>\n<tr>\n<td width=\"102\"><strong>Poste<\/strong><\/td>\n<td width=\"664\">\n<h4>enseignant\u00a0 associ\u00e9\u00a0\u00ab\u00a0vacataire\u00a0\u00bb<\/h4>\n<\/td>\n<\/tr>\n<tr>\n<td width=\"102\"><strong>\u00a0<\/strong><\/p>\n<p><strong>La fonction<\/strong><\/td>\n<td width=\"664\">\u00d8\u00a0 Enseign\u00e9 deux modules \u00ab\u00a0 CARTOGRAPHIE &#8211; \u00c9CONOMIE URBAINE\u00a0\u00bb<\/p>\n<p>\u00b7\u00a0 F\u00e9vrier 2013 \u00e0 ce jour\u00ab\u00a0les\u00a0 1 \u00e8re ann\u00e9e LMD GTU\u00a0\u00bb module\u00a0: CARTOGRAPHIE<\/p>\n<p>\u00b7\u00a0 F\u00e9vrier 2012 \u2013 juin 2012\u00a0 \u00ab\u00a0les 1 \u00e8re ann\u00e9e LMD GTU\u00a0\u00bb module\u00a0: CARTOGRAPHIE<\/p>\n<p>\u00b7\u00a0 Novembre 2011-janvier 2012 \u00ab\u00a0les 3 \u00e9me ann\u00e9e LMD AM\u00c9NAGEMENT\u00a0\u00bb module\u00a0: \u00c9CONOMIE URBAINE<\/p>\n<p>\u00b7 Mars2011- juin 2011\u00a0 \u00ab\u00a0les\u00a0 1 <sup>\u00e8re<\/sup> ann\u00e9e LMD GTU\u00a0\u00bb module\u00a0: CARTOGRAPHIE<\/td>\n<\/tr>\n<tr>\n<td width=\"102\"><strong>D\u2019octobre 2007 a ce\u00a0 jour<\/strong><\/td>\n<td width=\"664\">\n<h4>Direction de l\u2019urbanisme et de construction \u2013 Constantine \u2013Alg\u00e9rie<\/h4>\n<\/td>\n<\/tr>\n<tr>\n<td width=\"102\"><strong>poste<\/strong><\/td>\n<td width=\"664\">\n<h4>Ingenieur De Logement Et D\u2019urbanisme<\/h4>\n<\/td>\n<\/tr>\n<tr>\n<td width=\"102\"><strong>La fonction<\/strong><\/td>\n<td width=\"664\">\u00d8\u00a0 Suivie des projets d\u2019am\u00e9lioration urbaine pour des diff\u00e9rents cartiers et lotissements<\/p>\n<p>\u00d8\u00a0 V\u00e9rification et avis concernant les permis de construire<\/td>\n<\/tr>\n<tr>\n<td width=\"102\"><strong>Novembre 2003 \u2013Septembre 2007<\/strong><\/td>\n<td width=\"664\">\n<h4>Direction technique \u2013 service travaux- assembl\u00e9 populaire communale d\u2019EL Khroub \u2013Constantine &#8211; Alg\u00e9rie<\/h4>\n<\/td>\n<\/tr>\n<tr>\n<td width=\"102\"><span style=\"color: #000000;\"><strong>Poste<\/strong><\/span><\/td>\n<td width=\"664\">\n<h4>IngenieurAmenagiste<\/h4>\n<\/td>\n<\/tr>\n<tr>\n<td width=\"102\"><strong>\u00a0<\/strong><\/p>\n<h4><span style=\"color: #000000;\">La fonction<\/span><\/h4>\n<\/td>\n<td width=\"664\">\u00d8\u00a0 Suivi de plusieurs projet \u00ab\u00a0 am\u00e9nagement des cit\u00e9s et des lotissements, r\u00e9fection des \u00e9coles, construction des \u00e9quipements etatiques, alimentation en eau potable, assainissement\u00bb<\/p>\n<p>\u00d8\u00a0 Des sorties d\u2019inspection suite aux multiple requ\u00eates des citoyens<\/p>\n<p>\u00d8\u00a0 R\u00e9alis\u00e9 plusieurs fiche techniques et des bordereau des prix unitaires concernant plusieurs projets<\/td>\n<\/tr>\n<\/tbody>\n<\/table>\n<p><strong>\u00a0<\/strong><\/p>\n<p><strong>\u00a0<\/strong><\/p>\n<p><strong>\u00a0<\/strong><\/p>\n<p><strong>\u00a0<\/strong><\/p>\n","protected":false},"excerpt":{"rendered":"<p>Nom et Pr\u00e9nom\u00a0: LARGAT MALIKA\u00a0\u00a0\u00a0\u00a0\u00a0\u00a0\u00a0\u00a0\u00a0\u00a0\u00a0\u00a0\u00a0\u00a0\u00a0\u00a0\u00a0\u00a0\u00a0\u00a0\u00a0\u00a0\u00a0\u00a0\u00a0\u00a0\u00a0\u00a0\u00a0\u00a0\u00a0\u00a0\u00a0\u00a0\u00a0\u00a0\u00a0\u00a0\u00a0\u00a0\u00a0\u00a0\u00a0\u00a0\u00a0\u00a0\u00a0\u00a0\u00a0\u00a0\u00a0\u00a0\u00a0\u00a0\u00a0\u00a0\u00a0\u00a0\u00a0\u00a0\u00a0\u00a0\u00a0\u00a0\u00a0\u00a0\u00a0\u00a0\u00a0\u00a0\u00a0\u00a0\u00a0\u00a0\u00a0\u00a0\u00a0\u00a0\u00a0\u00a0\u00a0\u00a0\u00a0\u00a0\u00a0\u00a0\u00a0\u00a0\u00a0\u00a0\u00a0\u00a0\u00a0\u00a0\u00a0\u00a0\u00a0\u00a0\u00a0\u00a0\u00a0\u00a0\u00a0\u00a0\u00a0\u00a0\u00a0\u00a0\u00a0\u00a0\u00a0\u00a0\u00a0\u00a0\u00a0\u00a0\u00a0\u00a0\u00a0\u00a0\u00a0\u00a0\u00a0\u00a0\u00a0\u00a0\u00a0\u00a0\u00a0\u00a0\u00a0\u00a0\u00a0\u00a0\u00a0\u00a0\u00a0\u00a0\u00a0\u00a0\u00a0\u00a0\u00a0\u00a0\u00a0\u00a0\u00a0\u00a0\u00a0\u00a0\u00a0\u00a0\u00a0\u00a0\u00a0\u00a0\u00a0\u00a0\u00a0\u00a0\u00a0\u00a0\u00a0\u00a0\u00a0\u00a0\u00a0\u00a0\u00a0\u00a0 Tel:00.213.06.63.14.57.14 \u00c9mail: mlargat@yahoo.fr \u00a0\u00a0\u00a0\u00a0\u00a0\u00a0\u00a0\u00a0\u00a0\u00a0\u00a0\u00a0\u00a0\u00a0\u00a0\u00a0\u00a0\u00a0\u00a0\u00a0\u00a0\u00a0\u00a0\u00a0\u00a0\u00a0\u00a0\u00a0\u00a0\u00a0\u00a0\u00a0\u00a0\u00a0\u00a0\u00a0\u00a0\u00a0\u00a0\u00a0\u00a0\u00a0\u00a0\u00a0\u00a0\u00a0\u00a0\u00a0\u00a0\u00a0\u00a0\u00a0\u00a0\u00a0\u00a0\u00a0\u00a0\u00a0\u00a0\u00a0\u00a0\u00a0\u00a0\u00a0\u00a0\u00a0\u00a0\u00a0\u00a0\u00a0\u00a0\u00a0\u00a0\u00a0\u00a0\u00a0\u00a0\u00a0\u00a0\u00a0\u00a0\u00a0\u00a0\u00a0\u00a0\u00a0\u00a0\u00a0\u00a0\u00a0\u00a0 \u00a0 Situation Familiale Mari\u00e9e &nbsp; Sexe F\u00e9minin &nbsp; Nationalit\u00e9 Alg\u00e9rienne &nbsp; Date De Naissance 19 Mai 1973 &nbsp; Lieu De Naissance Constantine \u2013 Alg\u00e9rie &nbsp; SCOLARIT\u00c9 1991baccalaur\u00e9at S\u00e9rie sciences. 1992baccalaur\u00e9at S\u00e9rie sciences. 1997\u00a0\u00a0\u00a0 Universit\u00e9 de Constantine, Alg\u00e9rie\u00a0\u00a0\u00a0 Ing\u00e9nieur en am\u00e9nagement du territoire Th\u00e8me\u00a0; Espace Montagneus Rural Entre L\u2019isolement Et La Marginalisation Cas \u00ab\u00a0Commune MINAR ZARZA\u00a0\u00bb Wilaya De Mila 2010\u00a0\u00a0\u00a0 Universit\u00e9 de Constantine, Alg\u00e9rie Magister en am\u00e9nagement du territoire Th\u00e8me\u00a0; D\u00e9veloppement Environnementale Au Niveau de La Ville D\u2019el Khroub\u00a0 &#8211; Wilaya De Constantine 2011\u00a0 Universit\u00e9 de Constantine, Alg\u00e9rie \u00a0\u00a0\u00a0Doctorat en am\u00e9nagement du territoire en cours (inscription en 6\u00e9me ann\u00e9e l\u2019an\u00a0:2016). Th\u00e8me\u00a0; Les mutations Spatiales Et Fonctionnels Au Niveau de La Ville D\u2019el Khroub &#8211; Wilaya De Constantine EXP\u00c9RIENCE PROFESSIONNELLE Septembre 2014 a ce jour D\u00e9partement\u00a0: Gestion des Techniques Urbaines&#8211;Universit\u00e9 de Oum El Bouaghi, Alg\u00e9rie. poste Enseignante \u00ab\u00a0 maitre assistante A\u00a0\u00bb La fonction \u00b7 Enseign\u00e9 module \u00ab\u00a0analyse des milieux naturels\u00a0\u00bb 2\u00e9me ann\u00e9e licence \u00b7 Enseign\u00e9 module \u00ab\u00a0cartographie\u00a0\u00bb 2\u00e9me ann\u00e9e licence \u00b7\u00a0 Atelier 2\u00e9me ann\u00e9e master\u00a0 \u00ab\u00a0 initiation au diagnostic territoriale\u00a0\u00bb \u00b7\u00a0 Atelier 1\u00e9re ann\u00e9e licence \u00b7\u00a0 Atelier 2\u00e9me ann\u00e9e licence Octobre 2013 a juin 2014 Ecole National Sup\u00e9rieur des Enseignants \u2013 Constantine-Alg\u00e9rie Poste enseignant\u00a0 associ\u00e9\u00a0\u00ab\u00a0vacataire\u00a0\u00bb La fonction \u00a0 \u00d8\u00a0 Enseign\u00e9 deux modules \u00ab\u00a0 M\u00e9thodologies de Recherche G\u00e9ographique \u2013 G\u00e9ographie de la Population\u00a0\u00bb \u00b7\u00a0 Octobre 2013 a\u00a0 juin 2014\u00ab\u00a0les 5\u00e9me Ann\u00e9e Baccalaur\u00e9at \u00bb Module\u00a0: M\u00e9thodologies de Recherche G\u00e9ographique \u00b7\u00a0 Octobre 2013 a Janvier 2014\u00ab\u00a0les 3\u00e9me Ann\u00e9e Baccalaur\u00e9at \u00bb module\u00a0: M\u00e9thodologies de Recherche G\u00e9ographique. \u00b7\u00a0 Octobre 2013.a juin 2014 \u00ab\u00a0les 2\u00e9me Ann\u00e9e Baccalaur\u00e9at \u00bb Module\u00a0: G\u00e9ographie de la Population Octobre 2013 a D\u00e9cembre 2013 D\u00e9partement\u00a0: science de la terre et l\u2019univers et am\u00e9nagement du territoire-Universit\u00e9 de Oum El Bouaghi, Alg\u00e9rie Poste enseignant\u00a0 associ\u00e9\u00a0\u00ab\u00a0vacataire\u00a0\u00bb La fonction \u00a0 \u00d8\u00a0 Enseign\u00e9 module \u00ab\u00a0 Atelier\u00a0\u00bb les 2\u00e9me ann\u00e9e Am\u00e9nagement du Territoire \u00a0 Le 06 mai 2013 D\u00e9partement\u00a0: Gestion des Techniques Urbaines&#8211;Universit\u00e9 de Oum El Bouaghi, Alg\u00e9rie. La fonction \u00a0 \u00d8\u00a0 Particip\u00e9 a la journ\u00e9e d\u2019\u00e9tude \u00ab\u00a0 Gestion Des Villes Et D\u00e9veloppement Durable\u00a0\u00bb \u00d8\u00a0 Pr\u00e9sent\u00e9 un sujet qui est \u00ab D\u00e9veloppement Environnementale Au Niveau De La Ville D\u2019el Khroub Wilaya De Constantine\u00bb De f\u00e9vrier 2013 a juin 2013 Et de\u00a0 Mars 2011 a Juin 2012 \u00a0 \u00a0 D\u00e9partement\u00a0: Gestion des Techniques Urbaines&#8211;Universit\u00e9 de Oum El Bouaghi, Alg\u00e9rie. Poste enseignant\u00a0 associ\u00e9\u00a0\u00ab\u00a0vacataire\u00a0\u00bb \u00a0 La fonction \u00d8\u00a0 Enseign\u00e9 deux modules \u00ab\u00a0 CARTOGRAPHIE &#8211; \u00c9CONOMIE URBAINE\u00a0\u00bb \u00b7\u00a0 F\u00e9vrier 2013 \u00e0 ce jour\u00ab\u00a0les\u00a0 1 \u00e8re ann\u00e9e LMD GTU\u00a0\u00bb module\u00a0: CARTOGRAPHIE \u00b7\u00a0 F\u00e9vrier 2012 \u2013 juin 2012\u00a0 \u00ab\u00a0les 1 \u00e8re ann\u00e9e LMD GTU\u00a0\u00bb module\u00a0: CARTOGRAPHIE \u00b7\u00a0 Novembre 2011-janvier 2012 \u00ab\u00a0les 3 \u00e9me ann\u00e9e LMD AM\u00c9NAGEMENT\u00a0\u00bb module\u00a0: \u00c9CONOMIE URBAINE \u00b7 Mars2011- juin 2011\u00a0 \u00ab\u00a0les\u00a0 1 \u00e8re ann\u00e9e LMD GTU\u00a0\u00bb module\u00a0: CARTOGRAPHIE D\u2019octobre 2007 a ce\u00a0 jour Direction de l\u2019urbanisme et de construction \u2013 Constantine \u2013Alg\u00e9rie poste Ingenieur De Logement Et D\u2019urbanisme La fonction \u00d8\u00a0 Suivie des projets d\u2019am\u00e9lioration urbaine pour des diff\u00e9rents cartiers et lotissements \u00d8\u00a0 V\u00e9rification et avis concernant les permis de construire Novembre 2003 \u2013Septembre 2007 Direction technique \u2013 service travaux- assembl\u00e9 populaire communale d\u2019EL Khroub \u2013Constantine &#8211; Alg\u00e9rie Poste IngenieurAmenagiste \u00a0 La fonction \u00d8\u00a0 Suivi de plusieurs projet \u00ab\u00a0 am\u00e9nagement des cit\u00e9s et des lotissements, r\u00e9fection des \u00e9coles, construction des \u00e9quipements etatiques, alimentation en eau potable, assainissement\u00bb \u00d8\u00a0 Des sorties d\u2019inspection suite aux multiple requ\u00eates des citoyens \u00d8\u00a0 R\u00e9alis\u00e9 plusieurs fiche techniques et des bordereau des prix unitaires concernant plusieurs projets \u00a0 \u00a0 \u00a0 \u00a0<\/p>\n","protected":false},"author":1,"featured_media":0,"parent":0,"menu_order":0,"comment_status":"closed","ping_status":"closed","template":"","meta":{"_eb_attr":"","footnotes":""},"class_list":["post-1966","page","type-page","status-publish","hentry"],"_links":{"self":[{"href":"https:\/\/www.univ-oeb.dz\/igtu\/wp-json\/wp\/v2\/pages\/1966","targetHints":{"allow":["GET"]}}],"collection":[{"href":"https:\/\/www.univ-oeb.dz\/igtu\/wp-json\/wp\/v2\/pages"}],"about":[{"href":"https:\/\/www.univ-oeb.dz\/igtu\/wp-json\/wp\/v2\/types\/page"}],"author":[{"embeddable":true,"href":"https:\/\/www.univ-oeb.dz\/igtu\/wp-json\/wp\/v2\/users\/1"}],"replies":[{"embeddable":true,"href":"https:\/\/www.univ-oeb.dz\/igtu\/wp-json\/wp\/v2\/comments?post=1966"}],"version-history":[{"count":0,"href":"https:\/\/www.univ-oeb.dz\/igtu\/wp-json\/wp\/v2\/pages\/1966\/revisions"}],"wp:attachment":[{"href":"https:\/\/www.univ-oeb.dz\/igtu\/wp-json\/wp\/v2\/media?parent=1966"}],"curies":[{"name":"wp","href":"https:\/\/api.w.org\/{rel}","templated":true}]}}