{"id":1964,"date":"2018-12-03T14:46:39","date_gmt":"2018-12-03T13:46:39","guid":{"rendered":"http:\/\/www.univ-oeb.dz\/igtu\/?page_id=1964"},"modified":"2018-12-23T13:21:19","modified_gmt":"2018-12-23T12:21:19","slug":"kadri-toufik","status":"publish","type":"page","link":"https:\/\/www.univ-oeb.dz\/igtu\/fr\/kadri-toufik\/","title":{"rendered":"Kadri Toufik"},"content":{"rendered":"<table width=\"660\">\n<tbody>\n<tr>\n<td width=\"140\">\n<h4><em><strong>Nom<\/strong><\/em><\/h4>\n<\/td>\n<td width=\"520\">\n<h4><strong>KADRI<\/strong><\/h4>\n<\/td>\n<\/tr>\n<tr>\n<td width=\"140\">\n<h4><em><strong>Pr\u00e9nom<\/strong><\/em><\/h4>\n<\/td>\n<td width=\"520\">\n<h4><strong>TAOUFIK<\/strong><\/h4>\n<\/td>\n<\/tr>\n<tr>\n<td width=\"140\">\n<h4><span style=\"color: #3366ff;\"><strong><em>Informations<\/em><\/strong><\/span><\/h4>\n<h4><span style=\"color: #3366ff;\"><strong><em>Personnelles<\/em><\/strong><\/span><\/h4>\n<h4><\/h4>\n<\/td>\n<td width=\"520\">\n<h4><strong>Nationalit\u00e9\u00a0: ALGERIENNNE <\/strong><\/h4>\n<h4><strong>Date Et Lieu De Naissance\u00a0: 08\/11\/1967 CONSTANTINE<\/strong><\/h4>\n<h4><strong>Situation De Famille\u00a0: CELIBATAIRE<\/strong><\/h4>\n<h4><strong>Adresse Personnelle\u00a0: 23, Rue Pierre Curie, Cit\u00e9 EAK, Constantine<\/strong><\/h4>\n<h4><strong>Adresse <\/strong><strong>Professionnelle\u00a0: Institut De Gestion Des Techniques Urbaines, D\u00e9partement Gestion Des Techniques Urbaines, Universit\u00e9 Larbi BEN M\u2019HIDI, Oum El Bouaghi<\/strong><\/h4>\n<h4><strong>T\u00e9l\u00e9phone\u00a0: 0552.31.24.22<\/strong><\/h4>\n<\/td>\n<\/tr>\n<tr>\n<td width=\"140\">\n<h4><em><strong><span style=\"color: #3366ff;\">Grade<\/span><\/strong><\/em><\/h4>\n<\/td>\n<td width=\"520\">\n<h4><strong>Ma\u00eetre-assistant (Classe A) \u00e0 l\u2019Universit\u00e9 Larbi BEN M\u2019HIDI d\u2019Oum El Bouaghi<\/strong><\/h4>\n<\/td>\n<\/tr>\n<tr>\n<td width=\"140\">\n<h4><em><span style=\"color: #3366ff;\"><strong>Titres et dipl\u00f4mes<\/strong><\/span><\/em><\/h4>\n<\/td>\n<td width=\"520\">\n<h4><strong>1986\u00a0\u00a0\u00a0\u00a0\u00a0\u00a0\u00a0\u00a0\u00a0\u00a0\u00a0\u00a0\u00a0\u00a0\u00a0 Bac Math\u00e9matique Mention Assez Bien du Lyc\u00e9e d\u2019enseignement secondaire R\u00e9dha Houhou Constantine<\/strong><\/h4>\n<h4><strong>1992\u00a0\u00a0\u00a0\u00a0\u00a0\u00a0\u00a0\u00a0\u00a0\u00a0\u00a0\u00a0\u00a0\u00a0\u00a0 Architecte d\u2019Etat de Institut d\u2019Architecture d\u2019Urbanisme \u2013 Universit\u00e9 Mahmoud Mentouri de Constantine<\/strong><\/h4>\n<h4><strong>2009\u00a0\u00a0\u00a0\u00a0\u00a0\u00a0\u00a0\u00a0\u00a0\u00a0\u00a0\u00a0\u00a0\u00a0 Magister \u2013 Option: faits urbains et dynamique des villes D\u00e9partement d\u2019Architecture et d\u2019Urbanisme &#8211; Facult\u00e9 des sciences de la terre, de la g\u00e9ographie et de l\u2019am\u00e9nagement du territoire &#8211; Universit\u00e9 Mahmoud Mentouri de Constantine<\/strong><\/h4>\n<\/td>\n<\/tr>\n<tr>\n<td width=\"140\">\n<h4><em><span style=\"color: #3366ff;\"><strong>Derniers travaux effectu\u00e9s<\/strong><\/span><\/em><\/h4>\n<\/td>\n<td width=\"520\">\n<h4><strong>&#8211; Ann\u00e9e universitaire 2007-2008\u00a0(premi\u00e8re ann\u00e9e de post graduation en Urbanisme, option \u00ab faits urbains et dynamique des villes \u00bb) : \u00a0\u00a0\u00a0\u00a0\u00a0\u00a0\u00a0\u00a0\u00a0\u00a0\u00a0\u00a0\u00a0\u00a0\u00a0\u00a0\u00a0\u00a0\u00a0\u00a0\u00a0Travail collectif \u00e0 l\u2019enseignement d\u2019atelier, intitul\u00e9 \u00ab\u00a0Etude du sch\u00e9ma directeur de l\u2019aire m\u00e9tropolitaine de Constantine\u00a0\u00bb<\/strong><\/h4>\n<h4><strong>\u00a0&#8211; Ann\u00e9e universitaire 2008-2009\u00a0:\u00a0\u00a0\u00a0\u00a0\u00a0\u00a0\u00a0\u00a0\u00a0\u00a0\u00a0\u00a0\u00a0\u00a0\u00a0\u00a0\u00a0\u00a0\u00a0\u00a0\u00a0\u00a0\u00a0\u00a0\u00a0\u00a0\u00a0\u00a0\u00a0\u00a0\u00a0\u00a0\u00a0\u00a0\u00a0\u00a0\u00a0\u00a0\u00a0\u00a0\u00a0\u00a0\u00a0\u00a0\u00a0\u00a0\u00a0\u00a0\u00a0\u00a0\u00a0\u00a0\u00a0\u00a0\u00a0\u00a0\u00a0\u00a0\u00a0\u00a0\u00a0\u00a0\u00a0\u00a0\u00a0\u00a0\u00a0\u00a0\u00a0\u00a0\u00a0 M\u00e9moire pour l\u2019obtention du dipl\u00f4me de Magister intitul\u00e9 \u00ab\u00a0Ma\u00eetrise de la croissance urbaine, pour quel devenir ? &#8211; Cas de Constantine \u00bb<\/strong><\/h4>\n<\/td>\n<\/tr>\n<tr>\n<td width=\"140\">\n<h4><em><span style=\"color: #3366ff;\"><strong>Encadrement<\/strong><\/span><\/em><\/h4>\n<\/td>\n<td width=\"520\">\n<h4><strong>Ann\u00e9eS universitaire 2009-2018\u00a0:<\/strong><\/h4>\n<h4><strong>&#8211; Etudiants 5<sup>\u00e8me<\/sup> ann\u00e9e \u00e0 l\u2019Institut de gestion des technique urbaines de l\u2019universit\u00e9 Larbi Ben M\u2019hidi en vue de l\u2019obtention du dipl\u00f4me d\u2019ing\u00e9nieur d\u2019Etat<\/strong><\/h4>\n<h4><strong>&#8211; Etudiants 3<sup>\u00e8me<\/sup> ann\u00e9e \u00e0 l\u2019Institut de gestion des technique urbaines de l\u2019universit\u00e9 Larbi Ben M\u2019hidi en vue de l\u2019obtention du dipl\u00f4me DE LICENCE<\/strong><\/h4>\n<h4><strong>Etudiants 2<sup>\u00e8me<\/sup> ann\u00e9e \u00e0 l\u2019Institut de gestion des technique urbaines de l\u2019universit\u00e9 Larbi Ben M\u2019hidi en vue de l\u2019obtention du dipl\u00f4me DE MASTER<\/strong><\/h4>\n<h4><\/h4>\n<\/td>\n<\/tr>\n<tr>\n<td width=\"140\">\n<h4><em><span style=\"color: #3366ff;\"><strong>Exp\u00e9rience<\/strong><\/span><\/em><\/h4>\n<h4><em><span style=\"color: #3366ff;\"><strong>Professionnelle <\/strong><\/span><\/em><\/h4>\n<\/td>\n<td width=\"520\">\n<h4><strong>\u00a0<\/strong><\/h4>\n<h4><strong>1997 \u20131998\u00a0 Poste occup\u00e9\u00a0: Architecte Charg\u00e9 de Projets d\u2019\u00e9tude et de r\u00e9alisation au niveau de la direction de l\u2019urbanisme et de la construction (DUC) de la wilaya\u00a0 de Constantine affect\u00e9 au Bureau\u00a0\u00ab\u00a0des Interventions sur le Tissu Existant\u00a0\u00bb\u00a0 <\/strong><\/h4>\n<h4><strong>Mission\u00a0: Lancement et suivi de diff\u00e9rents projets d\u2019am\u00e9lioration urbaine \u00e0 travers la Wilaya de Constantine<\/strong><\/h4>\n<h4><strong>\u00a0<\/strong><\/h4>\n<h4><strong>1999-2001 Poste occup\u00e9\u00a0: Architecte charg\u00e9 de Projets d\u2019\u00e9tude au bureau \u00ab\u00a0des Instruments d\u2019Urbanisme\u00a0\u00bb de la DUC de Constantine <\/strong><\/h4>\n<h4><strong>Mission\u00a0:\u00a0Lancement et suivi de projets d\u2019\u00e9tudes d\u2019urbanisme\u00a0: POS (Plans d\u2019occupation des sols) \u00e0 travers la Wilaya de Constantine <\/strong><\/h4>\n<h4><strong>\u00a0<\/strong><\/h4>\n<h4><strong>2002-2009 Poste occup\u00e9\u00a0: Chef de Bureau des \u00ab\u00a0Instruments d\u2019Urbanisme\u00a0\u00bb de la DUC de Constantine\u00a0 <\/strong><\/h4>\n<h4><strong>Mission\u00a0:\u00a0Lancement et suivi de projets d\u2019\u00e9tudes d\u2019urbanisme PDAU et POS (Plans directeurs d\u2019am\u00e9nagement et d\u2019urbanisme et Plans d\u2019occupation des sols) \u00e0 travers la Wilaya de Constantine <\/strong><\/h4>\n<h4><strong>\u00a0<\/strong><\/h4>\n<\/td>\n<\/tr>\n<\/tbody>\n<\/table>\n","protected":false},"excerpt":{"rendered":"<p>Nom KADRI Pr\u00e9nom TAOUFIK Informations Personnelles Nationalit\u00e9\u00a0: ALGERIENNNE Date Et Lieu De Naissance\u00a0: 08\/11\/1967 CONSTANTINE Situation De Famille\u00a0: CELIBATAIRE Adresse Personnelle\u00a0: 23, Rue Pierre Curie, Cit\u00e9 EAK, Constantine Adresse Professionnelle\u00a0: Institut De Gestion Des Techniques Urbaines, D\u00e9partement Gestion Des Techniques Urbaines, Universit\u00e9 Larbi BEN M\u2019HIDI, Oum El Bouaghi T\u00e9l\u00e9phone\u00a0: 0552.31.24.22 Grade Ma\u00eetre-assistant (Classe A) \u00e0 l\u2019Universit\u00e9 Larbi BEN M\u2019HIDI d\u2019Oum El Bouaghi Titres et dipl\u00f4mes 1986\u00a0\u00a0\u00a0\u00a0\u00a0\u00a0\u00a0\u00a0\u00a0\u00a0\u00a0\u00a0\u00a0\u00a0\u00a0 Bac Math\u00e9matique Mention Assez Bien du Lyc\u00e9e d\u2019enseignement secondaire R\u00e9dha Houhou Constantine 1992\u00a0\u00a0\u00a0\u00a0\u00a0\u00a0\u00a0\u00a0\u00a0\u00a0\u00a0\u00a0\u00a0\u00a0\u00a0 Architecte d\u2019Etat de Institut d\u2019Architecture d\u2019Urbanisme \u2013 Universit\u00e9 Mahmoud Mentouri de Constantine 2009\u00a0\u00a0\u00a0\u00a0\u00a0\u00a0\u00a0\u00a0\u00a0\u00a0\u00a0\u00a0\u00a0\u00a0 Magister \u2013 Option: faits urbains et dynamique des villes D\u00e9partement d\u2019Architecture et d\u2019Urbanisme &#8211; Facult\u00e9 des sciences de la terre, de la g\u00e9ographie et de l\u2019am\u00e9nagement du territoire &#8211; Universit\u00e9 Mahmoud Mentouri de Constantine Derniers travaux effectu\u00e9s &#8211; Ann\u00e9e universitaire 2007-2008\u00a0(premi\u00e8re ann\u00e9e de post graduation en Urbanisme, option \u00ab faits urbains et dynamique des villes \u00bb) : \u00a0\u00a0\u00a0\u00a0\u00a0\u00a0\u00a0\u00a0\u00a0\u00a0\u00a0\u00a0\u00a0\u00a0\u00a0\u00a0\u00a0\u00a0\u00a0\u00a0\u00a0Travail collectif \u00e0 l\u2019enseignement d\u2019atelier, intitul\u00e9 \u00ab\u00a0Etude du sch\u00e9ma directeur de l\u2019aire m\u00e9tropolitaine de Constantine\u00a0\u00bb \u00a0&#8211; Ann\u00e9e universitaire 2008-2009\u00a0:\u00a0\u00a0\u00a0\u00a0\u00a0\u00a0\u00a0\u00a0\u00a0\u00a0\u00a0\u00a0\u00a0\u00a0\u00a0\u00a0\u00a0\u00a0\u00a0\u00a0\u00a0\u00a0\u00a0\u00a0\u00a0\u00a0\u00a0\u00a0\u00a0\u00a0\u00a0\u00a0\u00a0\u00a0\u00a0\u00a0\u00a0\u00a0\u00a0\u00a0\u00a0\u00a0\u00a0\u00a0\u00a0\u00a0\u00a0\u00a0\u00a0\u00a0\u00a0\u00a0\u00a0\u00a0\u00a0\u00a0\u00a0\u00a0\u00a0\u00a0\u00a0\u00a0\u00a0\u00a0\u00a0\u00a0\u00a0\u00a0\u00a0\u00a0\u00a0 M\u00e9moire pour l\u2019obtention du dipl\u00f4me de Magister intitul\u00e9 \u00ab\u00a0Ma\u00eetrise de la croissance urbaine, pour quel devenir ? &#8211; Cas de Constantine \u00bb Encadrement Ann\u00e9eS universitaire 2009-2018\u00a0: &#8211; Etudiants 5\u00e8me ann\u00e9e \u00e0 l\u2019Institut de gestion des technique urbaines de l\u2019universit\u00e9 Larbi Ben M\u2019hidi en vue de l\u2019obtention du dipl\u00f4me d\u2019ing\u00e9nieur d\u2019Etat &#8211; Etudiants 3\u00e8me ann\u00e9e \u00e0 l\u2019Institut de gestion des technique urbaines de l\u2019universit\u00e9 Larbi Ben M\u2019hidi en vue de l\u2019obtention du dipl\u00f4me DE LICENCE Etudiants 2\u00e8me ann\u00e9e \u00e0 l\u2019Institut de gestion des technique urbaines de l\u2019universit\u00e9 Larbi Ben M\u2019hidi en vue de l\u2019obtention du dipl\u00f4me DE MASTER Exp\u00e9rience Professionnelle \u00a0 1997 \u20131998\u00a0 Poste occup\u00e9\u00a0: Architecte Charg\u00e9 de Projets d\u2019\u00e9tude et de r\u00e9alisation au niveau de la direction de l\u2019urbanisme et de la construction (DUC) de la wilaya\u00a0 de Constantine affect\u00e9 au Bureau\u00a0\u00ab\u00a0des Interventions sur le Tissu Existant\u00a0\u00bb\u00a0 Mission\u00a0: Lancement et suivi de diff\u00e9rents projets d\u2019am\u00e9lioration urbaine \u00e0 travers la Wilaya de Constantine \u00a0 1999-2001 Poste occup\u00e9\u00a0: Architecte charg\u00e9 de Projets d\u2019\u00e9tude au bureau \u00ab\u00a0des Instruments d\u2019Urbanisme\u00a0\u00bb de la DUC de Constantine Mission\u00a0:\u00a0Lancement et suivi de projets d\u2019\u00e9tudes d\u2019urbanisme\u00a0: POS (Plans d\u2019occupation des sols) \u00e0 travers la Wilaya de Constantine \u00a0 2002-2009 Poste occup\u00e9\u00a0: Chef de Bureau des \u00ab\u00a0Instruments d\u2019Urbanisme\u00a0\u00bb de la DUC de Constantine\u00a0 Mission\u00a0:\u00a0Lancement et suivi de projets d\u2019\u00e9tudes d\u2019urbanisme PDAU et POS (Plans directeurs d\u2019am\u00e9nagement et d\u2019urbanisme et Plans d\u2019occupation des sols) \u00e0 travers la Wilaya de Constantine \u00a0<\/p>\n","protected":false},"author":1,"featured_media":0,"parent":0,"menu_order":0,"comment_status":"closed","ping_status":"closed","template":"","meta":{"_eb_attr":"","footnotes":""},"class_list":["post-1964","page","type-page","status-publish","hentry"],"_links":{"self":[{"href":"https:\/\/www.univ-oeb.dz\/igtu\/wp-json\/wp\/v2\/pages\/1964","targetHints":{"allow":["GET"]}}],"collection":[{"href":"https:\/\/www.univ-oeb.dz\/igtu\/wp-json\/wp\/v2\/pages"}],"about":[{"href":"https:\/\/www.univ-oeb.dz\/igtu\/wp-json\/wp\/v2\/types\/page"}],"author":[{"embeddable":true,"href":"https:\/\/www.univ-oeb.dz\/igtu\/wp-json\/wp\/v2\/users\/1"}],"replies":[{"embeddable":true,"href":"https:\/\/www.univ-oeb.dz\/igtu\/wp-json\/wp\/v2\/comments?post=1964"}],"version-history":[{"count":0,"href":"https:\/\/www.univ-oeb.dz\/igtu\/wp-json\/wp\/v2\/pages\/1964\/revisions"}],"wp:attachment":[{"href":"https:\/\/www.univ-oeb.dz\/igtu\/wp-json\/wp\/v2\/media?parent=1964"}],"curies":[{"name":"wp","href":"https:\/\/api.w.org\/{rel}","templated":true}]}}