{"id":1958,"date":"2018-12-03T14:44:48","date_gmt":"2018-12-03T13:44:48","guid":{"rendered":"http:\/\/www.univ-oeb.dz\/igtu\/?page_id=1958"},"modified":"2018-12-23T13:13:39","modified_gmt":"2018-12-23T12:13:39","slug":"gouzzah-nour-eddine","status":"publish","type":"page","link":"https:\/\/www.univ-oeb.dz\/igtu\/fr\/gouzzah-nour-eddine\/","title":{"rendered":"Gouzzah Nour eddine"},"content":{"rendered":"<h3><strong><em>Nom\u00a0: GOUZZAH\u00a0\u00a0\u00a0\u00a0 <\/em><\/strong><\/h3>\n<h3><strong><em>Pr\u00e9nom\u00a0: Noureddine<\/em><\/strong><\/h3>\n<h3><strong><em>Date et lieu de naissance\u00a0: 03-04-1964 \u00e0 CONSTANTINE<\/em><\/strong><\/h3>\n<h3><strong><em>Adresse permanente\u00a0: Villa N\u00b0225 U.V 05 Extension Ville Nouvelle <\/em><\/strong><\/h3>\n<h3><strong><em>Ali Mendjeli Constantine.<\/em><\/strong><\/h3>\n<h3><strong><em>Adresse E-Mail\u00a0:nany1964@yahoo.fr<\/em><\/strong><\/h3>\n<h3><strong><em>Tel\u00a0: 00-33-661-33-87-02<\/em><\/strong><\/h3>\n<h3><strong><em>Situation familiale\u00a0: mari\u00e9 .Nombre d\u2019enfants\u00a0: quatre (04)<\/em><\/strong><\/h3>\n<h3><strong><em>\u00a0<\/em><\/strong><\/h3>\n<h3><span style=\"color: #3366ff;\"><strong><em><u>Formation<\/u>\u00a0:<\/em><\/strong><\/span><\/h3>\n<h3><strong><em>&#8211;<u>Cycle primaire<\/u><\/em><\/strong><\/h3>\n<h3><strong><em>De 1970 \u00e0 1976. Ecole Hacen BOURGHOUD CONSTANTINE.<\/em><\/strong><\/h3>\n<h3><strong><em>&#8211;<u>Cycle moyen<\/u> <\/em><\/strong><\/h3>\n<h3><strong><em>DE 1976 \u00e0 1979 C.E.M Hacen BOURGHOUD CONSTANTINE.<\/em><\/strong><\/h3>\n<h3><strong><em>&#8211;<u>Cycle secondaire<\/u> <\/em><\/strong><\/h3>\n<h3><strong><em>De 1980 \u00e0 1984 Lyc\u00e9e Technique Taoufik KHAZNADAR CONSTANTINE<\/em><\/strong><\/h3>\n<h3><strong><em>\u00a0 Option techniques math\u00e9matiques.<\/em><\/strong><\/h3>\n<h3><strong><em>&#8211;<u>Cycle sup\u00e9rieur<\/u><\/em><\/strong><\/h3>\n<h3><strong><em>De 1984 \u00e0 1989 Universit\u00e9 de Constantine, Institut d\u2019architecture et d\u2019urbanisme.<\/em><\/strong><\/h3>\n<h3><strong><em>&#8211;<u>Cycle poste graduation<\/u><\/em><\/strong><\/h3>\n<h3><strong><em>De 2001 \u00e0 2004 post \u2013graduation option Urbanisme \u00e0 L\u2019Universit\u00e9 de Constantine, Institut d\u2019architecture et d\u2019urbanisme.<\/em><\/strong><\/h3>\n<h3><strong><em>\u00a0<\/em><\/strong><\/h3>\n<h3><span style=\"color: #3366ff;\"><strong><em><u>Dipl\u00f4mes obtenus<\/u>\u00a0:<\/em><\/strong><\/span><\/h3>\n<h3><strong><em>-BAC technique math\u00e9matique en 1984.<\/em><\/strong><\/h3>\n<h3><strong><em>-Dipl\u00f4me d\u2019architecte d\u2019\u00e9tat en 1989.<\/em><\/strong><\/h3>\n<h3><strong><em>&#8211; Dipl\u00f4me de Magist\u00e8re option Urbanisme en 2013.<\/em><\/strong><\/h3>\n<h3><strong><em>-Inscription en 5eme Ann\u00e9e doctorat science option urbanisme.<\/em><\/strong><\/h3>\n<h3><span style=\"color: #3366ff;\"><strong><u>Fonctions<\/u>\u00a0:<\/strong><\/span><\/h3>\n<h3><strong><em>-Enseignant vacataire \u00e0 l\u2019institut de technologie de Constantine en 1990. <\/em><\/strong><\/h3>\n<h3><strong><em>-Enseignant de math\u00e9matiques \u00e0 l\u2019\u00e9ducation nationale de 1988 \u00e0 1990.<\/em><\/strong><\/h3>\n<h3><strong><em>-Chef de d\u00e9partement \u00e0 l\u2019Universit\u00e9 de la formation continue de Constantine en 1990.<\/em><\/strong><\/h3>\n<h3><strong><em>-Responsable de la p\u00e9dagogie \u00e0 l\u2019Universit\u00e9 de la formation continue en 1992.<\/em><\/strong><\/h3>\n<h3><strong><em>-Directeur des \u00e9tudes \u00e0 l\u2019Universit\u00e9 de la formation continue de Constantine en 1995.<\/em><\/strong><\/h3>\n<h3><strong><em>-Directeur par int\u00e9rim \u00e0 l\u2019Universit\u00e9 de la formation continue de Constantine en 2002.<\/em><\/strong><\/h3>\n<h3><strong><em>-Directeur de wilaya de la formation professionnelle \u00e0 la.\u00a0\u00ab W\u00a0\u00bb. De Skikda de 2003 \u00e0 2012.<\/em><\/strong><\/h3>\n<h3><strong><em>-Directeur de wilaya de la formation professionnelle \u00e0 la.\u00a0\u00ab\u00a0W\u00a0\u00bb.de Jijel de 2012 \u00e0 2014.<\/em><\/strong><\/h3>\n<h3><strong><em>-Enseignant chercheur(M.A.A) \u00e0 l\u2019Universit\u00e9 Larbi Ben-Mhidi Oum-El Bouaghi en 2014.<\/em><\/strong><\/h3>\n<h3><strong><em>-Membre du laboratoire\u00a0: Urbanisme &amp; environnement Universit\u00e9 Constantine 3.<\/em><\/strong><\/h3>\n<h3><strong><em>-Expert judiciaire en architecture et urbanisme Agr\u00e9e par le Minist\u00e8re de la justice.<\/em><\/strong><\/h3>\n<h3><span style=\"color: #3366ff;\"><strong><em><u>Niveau de connaissance des langues<\/u>\u00a0:<\/em><\/strong><\/span><\/h3>\n<h3><strong><em>Langue nationale\u00a0: tr\u00e8s bien <\/em><\/strong><\/h3>\n<h3><strong><em>Langue fran\u00e7aise\u00a0: bien <\/em><\/strong><\/h3>\n<h3><strong><em>Langue Anglaise\u00a0: moyen<\/em><\/strong><\/h3>\n<h3><strong><em><span style=\"color: #3366ff;\"><u>Stages<\/u>\u00a0:<\/span> <\/em><\/strong><\/h3>\n<h3><strong><em>-Stage de perfectionnement \u00e0 l\u2019\u00e9cole du CERPEC LYON France 2003.<\/em><\/strong><\/h3>\n<h3><strong><em>-Stage de perfectionnement \u00e0 CHAMBERY France en 2008. <\/em><\/strong><\/h3>\n<h3><strong><em>-Stage de perfectionnement \u00e0 la facult\u00e9 de g\u00e9ographie de Strasbourg en 2017.<\/em><\/strong><\/h3>\n","protected":false},"excerpt":{"rendered":"<p>Nom\u00a0: GOUZZAH\u00a0\u00a0\u00a0\u00a0 Pr\u00e9nom\u00a0: Noureddine Date et lieu de naissance\u00a0: 03-04-1964 \u00e0 CONSTANTINE Adresse permanente\u00a0: Villa N\u00b0225 U.V 05 Extension Ville Nouvelle Ali Mendjeli Constantine. Adresse E-Mail\u00a0:nany1964@yahoo.fr Tel\u00a0: 00-33-661-33-87-02 Situation familiale\u00a0: mari\u00e9 .Nombre d\u2019enfants\u00a0: quatre (04) \u00a0 Formation\u00a0: &#8211;Cycle primaire De 1970 \u00e0 1976. Ecole Hacen BOURGHOUD CONSTANTINE. &#8211;Cycle moyen DE 1976 \u00e0 1979 C.E.M Hacen BOURGHOUD CONSTANTINE. &#8211;Cycle secondaire De 1980 \u00e0 1984 Lyc\u00e9e Technique Taoufik KHAZNADAR CONSTANTINE \u00a0 Option techniques math\u00e9matiques. &#8211;Cycle sup\u00e9rieur De 1984 \u00e0 1989 Universit\u00e9 de Constantine, Institut d\u2019architecture et d\u2019urbanisme. &#8211;Cycle poste graduation De 2001 \u00e0 2004 post \u2013graduation option Urbanisme \u00e0 L\u2019Universit\u00e9 de Constantine, Institut d\u2019architecture et d\u2019urbanisme. \u00a0 Dipl\u00f4mes obtenus\u00a0: -BAC technique math\u00e9matique en 1984. -Dipl\u00f4me d\u2019architecte d\u2019\u00e9tat en 1989. &#8211; Dipl\u00f4me de Magist\u00e8re option Urbanisme en 2013. -Inscription en 5eme Ann\u00e9e doctorat science option urbanisme. Fonctions\u00a0: -Enseignant vacataire \u00e0 l\u2019institut de technologie de Constantine en 1990. -Enseignant de math\u00e9matiques \u00e0 l\u2019\u00e9ducation nationale de 1988 \u00e0 1990. -Chef de d\u00e9partement \u00e0 l\u2019Universit\u00e9 de la formation continue de Constantine en 1990. -Responsable de la p\u00e9dagogie \u00e0 l\u2019Universit\u00e9 de la formation continue en 1992. -Directeur des \u00e9tudes \u00e0 l\u2019Universit\u00e9 de la formation continue de Constantine en 1995. -Directeur par int\u00e9rim \u00e0 l\u2019Universit\u00e9 de la formation continue de Constantine en 2002. -Directeur de wilaya de la formation professionnelle \u00e0 la.\u00a0\u00ab W\u00a0\u00bb. De Skikda de 2003 \u00e0 2012. -Directeur de wilaya de la formation professionnelle \u00e0 la.\u00a0\u00ab\u00a0W\u00a0\u00bb.de Jijel de 2012 \u00e0 2014. -Enseignant chercheur(M.A.A) \u00e0 l\u2019Universit\u00e9 Larbi Ben-Mhidi Oum-El Bouaghi en 2014. -Membre du laboratoire\u00a0: Urbanisme &amp; environnement Universit\u00e9 Constantine 3. -Expert judiciaire en architecture et urbanisme Agr\u00e9e par le Minist\u00e8re de la justice. Niveau de connaissance des langues\u00a0: Langue nationale\u00a0: tr\u00e8s bien Langue fran\u00e7aise\u00a0: bien Langue Anglaise\u00a0: moyen Stages\u00a0: -Stage de perfectionnement \u00e0 l\u2019\u00e9cole du CERPEC LYON France 2003. -Stage de perfectionnement \u00e0 CHAMBERY France en 2008. -Stage de perfectionnement \u00e0 la facult\u00e9 de g\u00e9ographie de Strasbourg en 2017.<\/p>\n","protected":false},"author":1,"featured_media":0,"parent":0,"menu_order":0,"comment_status":"closed","ping_status":"closed","template":"","meta":{"_eb_attr":"","footnotes":""},"class_list":["post-1958","page","type-page","status-publish","hentry"],"_links":{"self":[{"href":"https:\/\/www.univ-oeb.dz\/igtu\/wp-json\/wp\/v2\/pages\/1958","targetHints":{"allow":["GET"]}}],"collection":[{"href":"https:\/\/www.univ-oeb.dz\/igtu\/wp-json\/wp\/v2\/pages"}],"about":[{"href":"https:\/\/www.univ-oeb.dz\/igtu\/wp-json\/wp\/v2\/types\/page"}],"author":[{"embeddable":true,"href":"https:\/\/www.univ-oeb.dz\/igtu\/wp-json\/wp\/v2\/users\/1"}],"replies":[{"embeddable":true,"href":"https:\/\/www.univ-oeb.dz\/igtu\/wp-json\/wp\/v2\/comments?post=1958"}],"version-history":[{"count":0,"href":"https:\/\/www.univ-oeb.dz\/igtu\/wp-json\/wp\/v2\/pages\/1958\/revisions"}],"wp:attachment":[{"href":"https:\/\/www.univ-oeb.dz\/igtu\/wp-json\/wp\/v2\/media?parent=1958"}],"curies":[{"name":"wp","href":"https:\/\/api.w.org\/{rel}","templated":true}]}}