{"id":1956,"date":"2018-12-03T14:44:22","date_gmt":"2018-12-03T13:44:22","guid":{"rendered":"http:\/\/www.univ-oeb.dz\/igtu\/?page_id=1956"},"modified":"2018-12-19T20:17:27","modified_gmt":"2018-12-19T19:17:27","slug":"ghorabi-najlae","status":"publish","type":"page","link":"https:\/\/www.univ-oeb.dz\/igtu\/fr\/ghorabi-najlae\/","title":{"rendered":"Ghorabi Najlae"},"content":{"rendered":"<h3><em><strong>\u00a0<\/strong><\/em><\/h3>\n<h3><em>Nom\u00a0: GHERABI \u00e9pouse Mili<\/em><\/h3>\n<h3><em>Pr\u00e9nom\u00a0: Nedjla<\/em><\/h3>\n<h3><em>Date et lieu de naissance\u00a0: 16 septembre 1975 \u00e0 Constantine.<\/em><\/h3>\n<h3><em>Situation familiale\u00a0: mari\u00e9e, 4 enfants<\/em><\/h3>\n<h3><em>T\u00e9l\u00e9phone\u00a0: 0554-06-99-78<\/em><\/h3>\n<h3><em>Adresse \u00e9lectronique\u00a0: <a href=\"mailto:nedjla25@live.fr\">nedjla25@live.fr<\/a><\/em><\/h3>\n<h3><span style=\"color: #00ccff;\"><em><strong><u>Exp\u00e9riences professionnelles\u00a0:<\/u><\/strong><\/em><\/span><\/h3>\n<h3><em>&#8211; Poste actuel\u00a0: maitre-assistant \u00abA\u00bb universit\u00e9 d\u2019Oum el Bouaghi institut GTU\u2013 depuis novembre 2014(transfert).<\/em><\/h3>\n<h3><em>&#8211; maitre-assistant \u00abA\u00bb universit\u00e9 de T\u00e9bessa, facult\u00e9 des sciences exactes et de la nature, d\u00e9partement des sciences de l\u2019univers depuis d\u00e9cembre 2010.<\/em><\/h3>\n<h3><em>&#8211; Vacation \u00e0 l\u2019universit\u00e9 de Constantine, d\u00e9partement de l\u2019architecture 1ere ann\u00e9e master urbanisme acad\u00e9mique, module <strong>(transport et mobilit\u00e9)<\/strong> octobre 2009 \u2013 juin 2010.<\/em><\/h3>\n<h3><em>&#8211; Module enseign\u00e9 \u00e0 l\u2019universit\u00e9 d\u2019Oum el Bouaghi aux doctorants sp\u00e9cialit\u00e9 environnement et d\u00e9veloppement durable <strong>(Trafic et mobilit\u00e9)<\/strong> f\u00e9vrier, mars, avril 2014.<\/em><\/h3>\n<h3><span style=\"color: #00ccff;\"><em><strong><u>Formations:<\/u><\/strong><\/em><\/span><\/h3>\n<h3><em>&#8211; Doctorat en cours, en am\u00e9nagement du territoire \u00e0 l\u2019universit\u00e9 de Constantine sur <strong>\u00ab\u00a0 La mobilit\u00e9 spatiale et les dynamiques territoriales le cas du grand Annaba \u00bb.<\/strong><\/em><\/h3>\n<h3><em>&#8211; Juin 2009, Magist\u00e8re en am\u00e9nagement du territoire obtenu \u00e0 l\u2019universit\u00e9 de Constantine mention tr\u00e8s honorable sur\u00a0: <strong>\u00ab\u00a0Le transport suburbain dans la wilaya de Annaba \u00bb.<\/strong><\/em><\/h3>\n<h3><em>-Juin 1998, Ing\u00e9nieur d\u2019\u00e9tat en am\u00e9nagement r\u00e9gional mention tr\u00e8s bien obtenu \u00e0 l\u2019universit\u00e9 de Constantine sur\u00a0<strong>\u00ab\u00a0 Le r\u00f4le de Constantine dans le transport r\u00e9gional\u00a0\u00bb.<\/strong><\/em><\/h3>\n<h3><span style=\"color: #00ccff;\"><em><strong><u>Stages pratiques\u00a0:<\/u><\/strong><\/em><\/span><\/h3>\n<h3><em>&#8211; Stage pratique dans la direction des transports dans la wilaya de Constantine en septembre 1997 dur\u00e9e\u00a0: un mois.<\/em><\/h3>\n<h3><em>&#8211; Stage pratique dans la wilaya de Jijel en mai 2007, dans le cadre de l\u2019ann\u00e9e th\u00e9orique de la post-graduation.<\/em><\/h3>\n<h3><em>&#8211; Stage \u00e0 l\u2019universit\u00e9 d\u2019Aix en Provence \u00e0 l\u2019institut de G\u00e9ographie f\u00e9vrier 2013, d\u00e9cembre 2013.<\/em><\/h3>\n<h3><em>&#8211; Stage d\u00e9cembre 2015 \u00e0 l\u2019INAU Rabat, Maroc.<\/em><\/h3>\n","protected":false},"excerpt":{"rendered":"<p>\u00a0 Nom\u00a0: GHERABI \u00e9pouse Mili Pr\u00e9nom\u00a0: Nedjla Date et lieu de naissance\u00a0: 16 septembre 1975 \u00e0 Constantine. Situation familiale\u00a0: mari\u00e9e, 4 enfants T\u00e9l\u00e9phone\u00a0: 0554-06-99-78 Adresse \u00e9lectronique\u00a0: nedjla25@live.fr Exp\u00e9riences professionnelles\u00a0: &#8211; Poste actuel\u00a0: maitre-assistant \u00abA\u00bb universit\u00e9 d\u2019Oum el Bouaghi institut GTU\u2013 depuis novembre 2014(transfert). &#8211; maitre-assistant \u00abA\u00bb universit\u00e9 de T\u00e9bessa, facult\u00e9 des sciences exactes et de la nature, d\u00e9partement des sciences de l\u2019univers depuis d\u00e9cembre 2010. &#8211; Vacation \u00e0 l\u2019universit\u00e9 de Constantine, d\u00e9partement de l\u2019architecture 1ere ann\u00e9e master urbanisme acad\u00e9mique, module (transport et mobilit\u00e9) octobre 2009 \u2013 juin 2010. &#8211; Module enseign\u00e9 \u00e0 l\u2019universit\u00e9 d\u2019Oum el Bouaghi aux doctorants sp\u00e9cialit\u00e9 environnement et d\u00e9veloppement durable (Trafic et mobilit\u00e9) f\u00e9vrier, mars, avril 2014. Formations: &#8211; Doctorat en cours, en am\u00e9nagement du territoire \u00e0 l\u2019universit\u00e9 de Constantine sur \u00ab\u00a0 La mobilit\u00e9 spatiale et les dynamiques territoriales le cas du grand Annaba \u00bb. &#8211; Juin 2009, Magist\u00e8re en am\u00e9nagement du territoire obtenu \u00e0 l\u2019universit\u00e9 de Constantine mention tr\u00e8s honorable sur\u00a0: \u00ab\u00a0Le transport suburbain dans la wilaya de Annaba \u00bb. -Juin 1998, Ing\u00e9nieur d\u2019\u00e9tat en am\u00e9nagement r\u00e9gional mention tr\u00e8s bien obtenu \u00e0 l\u2019universit\u00e9 de Constantine sur\u00a0\u00ab\u00a0 Le r\u00f4le de Constantine dans le transport r\u00e9gional\u00a0\u00bb. Stages pratiques\u00a0: &#8211; Stage pratique dans la direction des transports dans la wilaya de Constantine en septembre 1997 dur\u00e9e\u00a0: un mois. &#8211; Stage pratique dans la wilaya de Jijel en mai 2007, dans le cadre de l\u2019ann\u00e9e th\u00e9orique de la post-graduation. &#8211; Stage \u00e0 l\u2019universit\u00e9 d\u2019Aix en Provence \u00e0 l\u2019institut de G\u00e9ographie f\u00e9vrier 2013, d\u00e9cembre 2013. &#8211; Stage d\u00e9cembre 2015 \u00e0 l\u2019INAU Rabat, Maroc.<\/p>\n","protected":false},"author":1,"featured_media":0,"parent":0,"menu_order":0,"comment_status":"closed","ping_status":"closed","template":"","meta":{"_eb_attr":"","footnotes":""},"class_list":["post-1956","page","type-page","status-publish","hentry"],"_links":{"self":[{"href":"https:\/\/www.univ-oeb.dz\/igtu\/wp-json\/wp\/v2\/pages\/1956","targetHints":{"allow":["GET"]}}],"collection":[{"href":"https:\/\/www.univ-oeb.dz\/igtu\/wp-json\/wp\/v2\/pages"}],"about":[{"href":"https:\/\/www.univ-oeb.dz\/igtu\/wp-json\/wp\/v2\/types\/page"}],"author":[{"embeddable":true,"href":"https:\/\/www.univ-oeb.dz\/igtu\/wp-json\/wp\/v2\/users\/1"}],"replies":[{"embeddable":true,"href":"https:\/\/www.univ-oeb.dz\/igtu\/wp-json\/wp\/v2\/comments?post=1956"}],"version-history":[{"count":0,"href":"https:\/\/www.univ-oeb.dz\/igtu\/wp-json\/wp\/v2\/pages\/1956\/revisions"}],"wp:attachment":[{"href":"https:\/\/www.univ-oeb.dz\/igtu\/wp-json\/wp\/v2\/media?parent=1956"}],"curies":[{"name":"wp","href":"https:\/\/api.w.org\/{rel}","templated":true}]}}