{"id":1954,"date":"2023-03-30T15:07:53","date_gmt":"2023-03-30T13:07:53","guid":{"rendered":"http:\/\/www.univ-oeb.dz\/igtu\/?page_id=1954"},"modified":"2023-03-28T16:23:06","modified_gmt":"2023-03-28T14:23:06","slug":"djakjak-abderrazak","status":"publish","type":"page","link":"https:\/\/www.univ-oeb.dz\/igtu\/fr\/djakjak-abderrazak\/","title":{"rendered":"Djakjak Abderrazak"},"content":{"rendered":"<h3 style=\"direction: rtl; text-align: right;\">\u0627\u0645\u0644\u0639\u0644\u0648\u0645\u0627\u062a \u0627\u0644\u0634\u062e\u0635\u064a\u0629<br \/>\n\uf02d \u0627\u0633\u0645 \u0627\u0623\u0644\u0633\u062a\u0627\u0630: \u062c\u0642\u062c\u0627\u0642 \u0639\u0628\u062f \u0627\u0644\u0631\u0627\u0632\u0642<br \/>\n\uf02d \u0627\u0623\u0644\u0633\u062a\u0627\u0630\u060c\u0642\u0633\u0645 \u062a\u0633\u064a\u064a\u0631 \u0627\u0644\u062a\u0642\u0646\u064a\u0627\u062a \u0627\u0644\u062d\u0636\u0631\u064a\u0629\u060c \u062c\u0627\u0645\u0639\u0629 \u0623\u0645 \u0627\u0644\u0628\u0648\u0627\u0642\u064a.<br \/>\nabderraziq.djakjak@univ-oeb.dz :\u0627\u0625\u0644\u0644\u0643\u062a\u0631\u0648\u0646\u064a \u0627\u0644\u0628\u0631\u064a\u062f \uf02d<br \/>\n05.59.25.12.54 :\u0627\u0644\u0647\u0627\u062a\u0641 \u0631\u0642\u0645 \uf02d<br \/>\n\uf0b7 \u0647\u0648\u064a\u0629 \u0627\u0644\u0628\u0627\u062d\u062b<br \/>\nhttps:\/\/scholar.google.com\/citations?user=JI7EkoYAAAAJ&amp;hl=fr: Google Scholar \uf02d<br \/>\nhttps:\/\/www.researchgate.net\/profile\/Abderraziq-Djakjak-2: ReaserchGate \uf02d<br \/>\nhttps:\/\/orcid.org\/0000-0003-4407-2543 : ORCID \uf02d<br \/>\n\u0627\u0644\u062a\u0639\u0644\u064a\u0645<br \/>\n\uf02d \u062f\u0631\u062c\u0629\u0645\u0627\u062c\u0633\u062a\u064a\u0631 \u0641\u064a : \u0627\u0644\u062c\u063a\u0631\u0627\u0641\u064a\u0627\u0648 \u0627\u0644\u062a\u0647\u064a\u0626\u0629\u0627\u0644\u062d\u0636\u0631\u064a\u0629<br \/>\n\u0648 \u0638\u0627\u0626\u0641 \u0648\u0645\u0624\u0633\u0633\u0627\u062a \u0627\u0627\u0644\u0646\u062a\u0633\u0627\u0628*<br \/>\n\uf02d \u0623\u0633\u062a\u0627\u0630:\u0645\u0633\u0627\u0639\u062f \u0623 &#8211; \u062c\u0627\u0645\u0639\u0629 \u0623\u0645 \u0627\u0644\u0628\u0648\u0627\u0642\u064a-<br \/>\n\u0645\u0642\u0627\u064a\u064a\u0633\u0627\u0644\u062a\u062f\u0631\u064a\u0633*<br \/>\n\u0646\u0638\u0645 \u0627\u0645\u0644\u0639\u0644\u0648\u0645\u0627\u062a \u0627\u0644\u062c\u063a\u0631\u0627\u0641\u064a\u0629<br \/>\n\u0627\u0644\u0648\u0631\u0634\u0629<br \/>\n\u0645\u0646\u0647\u062c\u064a\u0629 \u0627\u0644\u0628\u062d\u062b<br \/>\n\u0645\u0646\u0634\u0648\u0631\u0627\u062a\u062f\u0648\u0644\u064a\u0629*<br \/>\nAnalyse diachronique de la consommation spatiale li\u00e9e \u00e0 l&rsquo;urbanisation par une classification<br \/>\nsupervis\u00e9e: Cas de la ville d&rsquo;Annaba (Nord-Est Alg\u00e9rien)<br \/>\nInterests and Qualifications<br \/>\n\u0627\u0647\u062a\u0645\u0627\u0645\u0627\u062a \u0648 \u0645\u0624\u0647\u0627\u0644\u062a*<br \/>\n\uf02d \u0627\u0647\u062a\u0645\u0627\u0645\u0627\u062a: \u0646\u0638\u0645 \u0627\u0645\u0644\u0639\u0644\u0648\u0645\u0627\u062a \u0627\u0644\u062c\u063a\u0631\u0627\u0641\u064a\u0629<br \/>\n\uf02d \u0645\u0624\u0647\u0627\u0644\u062a:<\/h3>\n","protected":false},"excerpt":{"rendered":"<p>\u0627\u0645\u0644\u0639\u0644\u0648\u0645\u0627\u062a \u0627\u0644\u0634\u062e\u0635\u064a\u0629 \uf02d \u0627\u0633\u0645 \u0627\u0623\u0644\u0633\u062a\u0627\u0630: \u062c\u0642\u062c\u0627\u0642 \u0639\u0628\u062f \u0627\u0644\u0631\u0627\u0632\u0642 \uf02d \u0627\u0623\u0644\u0633\u062a\u0627\u0630\u060c\u0642\u0633\u0645 \u062a\u0633\u064a\u064a\u0631 \u0627\u0644\u062a\u0642\u0646\u064a\u0627\u062a \u0627\u0644\u062d\u0636\u0631\u064a\u0629\u060c \u062c\u0627\u0645\u0639\u0629 \u0623\u0645 \u0627\u0644\u0628\u0648\u0627\u0642\u064a. abderraziq.djakjak@univ-oeb.dz :\u0627\u0625\u0644\u0644\u0643\u062a\u0631\u0648\u0646\u064a \u0627\u0644\u0628\u0631\u064a\u062f \uf02d 05.59.25.12.54 :\u0627\u0644\u0647\u0627\u062a\u0641 \u0631\u0642\u0645 \uf02d \uf0b7 \u0647\u0648\u064a\u0629 \u0627\u0644\u0628\u0627\u062d\u062b https:\/\/scholar.google.com\/citations?user=JI7EkoYAAAAJ&amp;hl=fr: Google Scholar \uf02d https:\/\/www.researchgate.net\/profile\/Abderraziq-Djakjak-2: ReaserchGate \uf02d https:\/\/orcid.org\/0000-0003-4407-2543 : ORCID \uf02d \u0627\u0644\u062a\u0639\u0644\u064a\u0645 \uf02d \u062f\u0631\u062c\u0629\u0645\u0627\u062c\u0633\u062a\u064a\u0631 \u0641\u064a : \u0627\u0644\u062c\u063a\u0631\u0627\u0641\u064a\u0627\u0648 \u0627\u0644\u062a\u0647\u064a\u0626\u0629\u0627\u0644\u062d\u0636\u0631\u064a\u0629 \u0648 \u0638\u0627\u0626\u0641 \u0648\u0645\u0624\u0633\u0633\u0627\u062a \u0627\u0627\u0644\u0646\u062a\u0633\u0627\u0628* \uf02d \u0623\u0633\u062a\u0627\u0630:\u0645\u0633\u0627\u0639\u062f \u0623 &#8211; \u062c\u0627\u0645\u0639\u0629 \u0623\u0645 \u0627\u0644\u0628\u0648\u0627\u0642\u064a- \u0645\u0642\u0627\u064a\u064a\u0633\u0627\u0644\u062a\u062f\u0631\u064a\u0633* \u0646\u0638\u0645 \u0627\u0645\u0644\u0639\u0644\u0648\u0645\u0627\u062a \u0627\u0644\u062c\u063a\u0631\u0627\u0641\u064a\u0629 \u0627\u0644\u0648\u0631\u0634\u0629 \u0645\u0646\u0647\u062c\u064a\u0629 \u0627\u0644\u0628\u062d\u062b \u0645\u0646\u0634\u0648\u0631\u0627\u062a\u062f\u0648\u0644\u064a\u0629* Analyse diachronique de la consommation spatiale li\u00e9e \u00e0 l&rsquo;urbanisation par une classification supervis\u00e9e: Cas de la ville d&rsquo;Annaba (Nord-Est Alg\u00e9rien) Interests and Qualifications \u0627\u0647\u062a\u0645\u0627\u0645\u0627\u062a \u0648 \u0645\u0624\u0647\u0627\u0644\u062a* \uf02d \u0627\u0647\u062a\u0645\u0627\u0645\u0627\u062a: \u0646\u0638\u0645 \u0627\u0645\u0644\u0639\u0644\u0648\u0645\u0627\u062a \u0627\u0644\u062c\u063a\u0631\u0627\u0641\u064a\u0629 \uf02d \u0645\u0624\u0647\u0627\u0644\u062a:<\/p>\n","protected":false},"author":1,"featured_media":0,"parent":0,"menu_order":0,"comment_status":"closed","ping_status":"closed","template":"","meta":{"_eb_attr":"","footnotes":""},"class_list":["post-1954","page","type-page","status-publish","hentry"],"_links":{"self":[{"href":"https:\/\/www.univ-oeb.dz\/igtu\/wp-json\/wp\/v2\/pages\/1954","targetHints":{"allow":["GET"]}}],"collection":[{"href":"https:\/\/www.univ-oeb.dz\/igtu\/wp-json\/wp\/v2\/pages"}],"about":[{"href":"https:\/\/www.univ-oeb.dz\/igtu\/wp-json\/wp\/v2\/types\/page"}],"author":[{"embeddable":true,"href":"https:\/\/www.univ-oeb.dz\/igtu\/wp-json\/wp\/v2\/users\/1"}],"replies":[{"embeddable":true,"href":"https:\/\/www.univ-oeb.dz\/igtu\/wp-json\/wp\/v2\/comments?post=1954"}],"version-history":[{"count":0,"href":"https:\/\/www.univ-oeb.dz\/igtu\/wp-json\/wp\/v2\/pages\/1954\/revisions"}],"wp:attachment":[{"href":"https:\/\/www.univ-oeb.dz\/igtu\/wp-json\/wp\/v2\/media?parent=1954"}],"curies":[{"name":"wp","href":"https:\/\/api.w.org\/{rel}","templated":true}]}}