{"id":1950,"date":"2018-12-03T14:43:10","date_gmt":"2018-12-03T13:43:10","guid":{"rendered":"http:\/\/www.univ-oeb.dz\/igtu\/?page_id=1950"},"modified":"2018-12-23T13:01:06","modified_gmt":"2018-12-23T12:01:06","slug":"chibane-nasreedine","status":"publish","type":"page","link":"https:\/\/www.univ-oeb.dz\/igtu\/fr\/chibane-nasreedine\/","title":{"rendered":"Chibane Nasreedine"},"content":{"rendered":"<h4><span style=\"color: #3366ff;\"><em><strong>1. Etat Civil :<\/strong><\/em><\/span><br \/>\n<em><strong>Nom : CHIBANE Pr\u00e9nom : Nacerdine.<\/strong><\/em><br \/>\n<em><strong>Date et lieu de naissance : 27\/11\/1955. O.E.B Situation : Mari\u00e9.<\/strong><\/em><br \/>\n<em><strong>Adresse : Cit\u00e9 Boussouf, 200 Logts, Bt C5 N\u00b0 08 Cne.<\/strong><\/em><br \/>\n<em><strong>Mobile : 06 56 30 64 65 e-mail : nasserchibane@yahoo.fr<\/strong><\/em><br \/>\n<em><strong>Grade actuel : M.A.A Institut : G.T.U. Universit\u00e9 Larbi ben M\u2019hidi. O.E.B<\/strong><\/em><br \/>\n<span style=\"color: #3366ff;\"><em><strong>2. Dipl\u00f4mes et Titres universitaires :<\/strong><\/em><\/span><\/p>\n<p><em><strong>1981 -D.E.S Am\u00e9nagement Urbain\u00a0 \u00a0 \u00a0 \u00a0 \u00a0 \u00a0 \u00a0 \u00a0 \u00a0 \u00a0 \u00a0 \u00a0 \u00a0 \u00a0 \u00a0 \u00a0 \u00a0 \u00a0 \u00a0 \u00a0 \u00a0 \u00a0 \u00a0 \u00a0 \u00a0 \u00a0 \u00a0 \u00a0 \u00a0 \u00a0 \u00a0 \u00a0 \u00a0 Universit\u00e9 Constantine<\/strong><\/em><br \/>\n<em><strong>1982 -D.E.A Am\u00e9nagement R\u00e9gional\u00a0 \u00a0 \u00a0 \u00a0 \u00a0 \u00a0 \u00a0 \u00a0 \u00a0 \u00a0 \u00a0 \u00a0 \u00a0 \u00a0 \u00a0 \u00a0 \u00a0 \u00a0 \u00a0 \u00a0 \u00a0 \u00a0 \u00a0 \u00a0 \u00a0 \u00a0 \u00a0 \u00a0 \u00a0 \u00a0 \u00a0Sorbonne (Paris I)<\/strong><\/em><br \/>\n<em><strong>1987- Doctorat 3eme cycle G\u00e9ographie et Am\u00e9nagement\u00a0 \u00a0 \u00a0 \u00a0 \u00a0 \u00a0 \u00a0 \u00a0 \u00a0 \u00a0 \u00a0Sorbonne (Paris I)<\/strong><\/em><\/h4>\n<h4>\n<span style=\"color: #3366ff;\"><em><strong>3. Langues : Fran\u00e7ais \u2013 Arabe<\/strong><\/em><\/span><\/h4>\n<h4>\n<span style=\"color: #3366ff;\"><em><strong>4. Postes administratifs occup\u00e9s s\u2019il y a lieu :<\/strong><\/em><\/span><br \/>\n<em><strong>&#8211; Chef de d\u00e9partement Am\u00e9nagement IST Cne (1992 \u2013 1993).<\/strong><\/em><br \/>\n<em><strong>&#8211; Directeur de l\u2019Ecole Normale Sup\u00e9rieure Constantine (1995 \u2013 2006).<\/strong><\/em><\/h4>\n<h4>\n<span style=\"color: #3366ff;\"><em><strong>5. Direction de Th\u00e8ses :<\/strong><\/em><\/span><br \/>\n<em><strong>&#8211; Nombre de Th\u00e8ses de Master dirig\u00e9es et soutenues : 30<\/strong><\/em><br \/>\n<em><strong>&#8211; Nombre de M\u00e9moire d\u2019Ing\u00e9niorat dirig\u00e9es et soutenues : 50<\/strong><\/em><br \/>\n<em><strong>6. Publication internationales des 5 derni\u00e8res ann\u00e9es : \/<\/strong><\/em><br \/>\n<em><strong>7. Exp\u00e9rience dans la recherche (en tant que chef de projet ou de membre d\u2019une \u00e9quipe)<\/strong><\/em><br \/>\n<em><strong>Mars 1988 \/Septembre1988<\/strong><\/em><br \/>\n<em><strong>Am\u00e9nagement du territoire de la wilaya d\u2019Oum El Bouaghi CHIBANE Nacerdine<\/strong><\/em><br \/>\n<em><strong>2010\/2013<\/strong><\/em><\/h4>\n<h4><em><strong> Lev\u00e9e de la carte g\u00e9ologique de Ain Fakroun CHADI Mohamed<\/strong><\/em><br \/>\n<em><strong>2014\/2018<\/strong><\/em><\/h4>\n<h4><em><strong> La dynamique s\u00e9dimentaire du n\u00e9ritique Cne CHADI Mohamed<\/strong><\/em><br \/>\n<em><strong>1993\/1997 <\/strong><\/em><\/h4>\n<h4><em><strong>Croissance Urbaine des villes sahariennes Hacen BEN MISSI<\/strong><\/em><\/h4>\n<h4>\n<em><strong>2006\/2007\/2008\/2009\/2010\/2011\/2013\/2014\/2015\/2017<\/strong><\/em><em><strong> Encadrement des Magisters de<\/strong><\/em><br \/>\n<em><strong>l\u2019universit\u00e9 de Biskra ; ENS Constantine ; et des Doctorants du G.T.U. OEB ; et<\/strong><\/em><br \/>\n<em><strong>Constantine et les jeunes enseignants de l\u2019universit\u00e9 de Constantine en collaboration du<\/strong><\/em><br \/>\n<em><strong>Professeur Marc Cote.<\/strong><\/em><\/h4>\n","protected":false},"excerpt":{"rendered":"<p>1. Etat Civil : Nom : CHIBANE Pr\u00e9nom : Nacerdine. Date et lieu de naissance : 27\/11\/1955. O.E.B Situation : Mari\u00e9. Adresse : Cit\u00e9 Boussouf, 200 Logts, Bt C5 N\u00b0 08 Cne. Mobile : 06 56 30 64 65 e-mail : nasserchibane@yahoo.fr Grade actuel : M.A.A Institut : G.T.U. Universit\u00e9 Larbi ben M\u2019hidi. O.E.B 2. Dipl\u00f4mes et Titres universitaires : 1981 -D.E.S Am\u00e9nagement Urbain\u00a0 \u00a0 \u00a0 \u00a0 \u00a0 \u00a0 \u00a0 \u00a0 \u00a0 \u00a0 \u00a0 \u00a0 \u00a0 \u00a0 \u00a0 \u00a0 \u00a0 \u00a0 \u00a0 \u00a0 \u00a0 \u00a0 \u00a0 \u00a0 \u00a0 \u00a0 \u00a0 \u00a0 \u00a0 \u00a0 \u00a0 \u00a0 \u00a0 Universit\u00e9 Constantine 1982 -D.E.A Am\u00e9nagement R\u00e9gional\u00a0 \u00a0 \u00a0 \u00a0 \u00a0 \u00a0 \u00a0 \u00a0 \u00a0 \u00a0 \u00a0 \u00a0 \u00a0 \u00a0 \u00a0 \u00a0 \u00a0 \u00a0 \u00a0 \u00a0 \u00a0 \u00a0 \u00a0 \u00a0 \u00a0 \u00a0 \u00a0 \u00a0 \u00a0 \u00a0 \u00a0Sorbonne (Paris I) 1987- Doctorat 3eme cycle G\u00e9ographie et Am\u00e9nagement\u00a0 \u00a0 \u00a0 \u00a0 \u00a0 \u00a0 \u00a0 \u00a0 \u00a0 \u00a0 \u00a0Sorbonne (Paris I) 3. Langues : Fran\u00e7ais \u2013 Arabe 4. Postes administratifs occup\u00e9s s\u2019il y a lieu : &#8211; Chef de d\u00e9partement Am\u00e9nagement IST Cne (1992 \u2013 1993). &#8211; Directeur de l\u2019Ecole Normale Sup\u00e9rieure Constantine (1995 \u2013 2006). 5. Direction de Th\u00e8ses : &#8211; Nombre de Th\u00e8ses de Master dirig\u00e9es et soutenues : 30 &#8211; Nombre de M\u00e9moire d\u2019Ing\u00e9niorat dirig\u00e9es et soutenues : 50 6. Publication internationales des 5 derni\u00e8res ann\u00e9es : \/ 7. Exp\u00e9rience dans la recherche (en tant que chef de projet ou de membre d\u2019une \u00e9quipe) Mars 1988 \/Septembre1988 Am\u00e9nagement du territoire de la wilaya d\u2019Oum El Bouaghi CHIBANE Nacerdine 2010\/2013 Lev\u00e9e de la carte g\u00e9ologique de Ain Fakroun CHADI Mohamed 2014\/2018 La dynamique s\u00e9dimentaire du n\u00e9ritique Cne CHADI Mohamed 1993\/1997 Croissance Urbaine des villes sahariennes Hacen BEN MISSI 2006\/2007\/2008\/2009\/2010\/2011\/2013\/2014\/2015\/2017 Encadrement des Magisters de l\u2019universit\u00e9 de Biskra ; ENS Constantine ; et des Doctorants du G.T.U. OEB ; et Constantine et les jeunes enseignants de l\u2019universit\u00e9 de Constantine en collaboration du Professeur Marc Cote.<\/p>\n","protected":false},"author":1,"featured_media":0,"parent":0,"menu_order":0,"comment_status":"closed","ping_status":"closed","template":"","meta":{"_eb_attr":"","footnotes":""},"class_list":["post-1950","page","type-page","status-publish","hentry"],"_links":{"self":[{"href":"https:\/\/www.univ-oeb.dz\/igtu\/wp-json\/wp\/v2\/pages\/1950","targetHints":{"allow":["GET"]}}],"collection":[{"href":"https:\/\/www.univ-oeb.dz\/igtu\/wp-json\/wp\/v2\/pages"}],"about":[{"href":"https:\/\/www.univ-oeb.dz\/igtu\/wp-json\/wp\/v2\/types\/page"}],"author":[{"embeddable":true,"href":"https:\/\/www.univ-oeb.dz\/igtu\/wp-json\/wp\/v2\/users\/1"}],"replies":[{"embeddable":true,"href":"https:\/\/www.univ-oeb.dz\/igtu\/wp-json\/wp\/v2\/comments?post=1950"}],"version-history":[{"count":0,"href":"https:\/\/www.univ-oeb.dz\/igtu\/wp-json\/wp\/v2\/pages\/1950\/revisions"}],"wp:attachment":[{"href":"https:\/\/www.univ-oeb.dz\/igtu\/wp-json\/wp\/v2\/media?parent=1950"}],"curies":[{"name":"wp","href":"https:\/\/api.w.org\/{rel}","templated":true}]}}