{"id":1944,"date":"2018-12-03T14:42:10","date_gmt":"2018-12-03T13:42:10","guid":{"rendered":"http:\/\/www.univ-oeb.dz\/igtu\/?page_id=1944"},"modified":"2018-12-19T20:08:18","modified_gmt":"2018-12-19T19:08:18","slug":"boulbir-laala","status":"publish","type":"page","link":"https:\/\/www.univ-oeb.dz\/igtu\/fr\/boulbir-laala\/","title":{"rendered":"Boulbir Laala"},"content":{"rendered":"<h3><\/h3>\n<table style=\"height: 33px;\" width=\"16\">\n<tbody>\n<tr>\n<td width=\"508\"><\/td>\n<td width=\"123\"><\/td>\n<\/tr>\n<\/tbody>\n<\/table>\n<table width=\"652\">\n<tbody>\n<tr>\n<td colspan=\"3\" width=\"227\">\n<h3><em><strong>Nom<\/strong><\/em><\/h3>\n<\/td>\n<td colspan=\"2\" width=\"425\">\n<h3><em><strong>BOULBIR <\/strong><\/em><\/h3>\n<\/td>\n<\/tr>\n<tr>\n<td colspan=\"3\" width=\"227\">\n<h3><em><strong>Pr\u00e9nom<\/strong><\/em><\/h3>\n<\/td>\n<td colspan=\"2\" width=\"425\">\n<h3><em><strong>La\u00e2la<\/strong><\/em><\/h3>\n<\/td>\n<\/tr>\n<tr>\n<td colspan=\"3\" width=\"227\">\n<h3><em><strong>Date et lieu de Naissance<\/strong><\/em><\/h3>\n<\/td>\n<td colspan=\"2\" width=\"425\">\n<h3><em><strong>31 Mars 1965 \u00e0 Taouzianet &#8211; KHENCHELA Alg\u00e9rie <\/strong><\/em><\/h3>\n<\/td>\n<\/tr>\n<tr>\n<td colspan=\"3\" width=\"227\">\n<h3><em><strong>Adresse<\/strong><\/em><\/h3>\n<h3><\/h3>\n<\/td>\n<td colspan=\"2\" width=\"425\">\n<h3><em><strong>34 Cit\u00e9 Taghoufet \u00a0ville d\u2019Oum El Bouaghi 04000 Alg\u00e9rie<\/strong><\/em><\/h3>\n<h3><em><strong>Tel. 213.7.91.89.00.74<\/strong><\/em><\/h3>\n<h3><em><strong>Email <a href=\"mailto:boulbir@yahoo.fr\">boulbir@yahoo.fr<\/a><\/strong><\/em><\/h3>\n<\/td>\n<\/tr>\n<tr>\n<td colspan=\"5\" width=\"652\">\n<h3><em><strong>2.\u00a0\u00a0\u00a0 <u>Dipl\u00f4mes et titres universitaires<\/u><\/strong><\/em><\/h3>\n<\/td>\n<\/tr>\n<tr>\n<td colspan=\"3\" width=\"227\">\n<h3><em><strong>2005 \u00e0 ce jour\u00a0<\/strong><\/em><\/h3>\n<\/td>\n<td colspan=\"2\" width=\"425\">\n<h3><em><strong><u>Doctorant en urbanisme<\/u><u>\u00a0<\/u>: \u00ab\u00a0syst\u00e8me de pilotage de l\u2019offre fonci\u00e8re \u00e9conomique en Alg\u00e9rie\u00a0\u00bb.<\/strong><\/em><\/h3>\n<\/td>\n<\/tr>\n<tr>\n<td colspan=\"3\" width=\"227\">\n<h3><em><strong>2003<\/strong><\/em><\/h3>\n<\/td>\n<td colspan=\"2\" width=\"425\">\n<h3><em><strong><u>Magister en urbanisme<\/u><u>\u00a0<\/u>: \u00ab\u00a0Processus de fabrication de la ville alg\u00e9rienne\u00a0\u00bb,\u00a0 02.Juillet 2003, 243 p.\u00a0 Pr\u00e9sident Salah CHERRAD, professeur, universit\u00e9 de Constantine.<\/strong><\/em><\/h3>\n<\/td>\n<\/tr>\n<tr>\n<td colspan=\"3\" width=\"227\">\n<h3><em><strong>1990<\/strong><\/em><\/h3>\n<\/td>\n<td colspan=\"2\" width=\"425\">\n<h3><em><strong><u>Dipl\u00f4me d&rsquo;architecte<\/u> (option urbanisme) Modernisation des Centres villes, cas d\u2019Annaba, universit\u00e9 de Constantine, juin\u00a0 1990.<\/strong><\/em><\/h3>\n<\/td>\n<\/tr>\n<tr>\n<td colspan=\"3\" width=\"227\">\n<h3><em><strong>1984<\/strong><\/em><\/h3>\n<\/td>\n<td colspan=\"2\" width=\"425\">\n<h3><em><strong><u>Bac 1984<\/u> option Technique math\u00e9matique. Mention\u00a0: Assez bien<\/strong><\/em><\/h3>\n<h3><em><strong>\u00a0<\/strong><\/em><\/h3>\n<\/td>\n<\/tr>\n<tr>\n<td colspan=\"3\" width=\"227\">\n<h3><em><strong>3.\u00a0\u00a0\u00a0 <u>Langues\u00a0: <\/u><\/strong><\/em><\/h3>\n<\/td>\n<td colspan=\"2\" width=\"425\">\n<h3><em><strong>Arabe<\/strong><\/em><\/h3>\n<\/td>\n<\/tr>\n<tr>\n<td colspan=\"3\" width=\"227\">\n<h3><\/h3>\n<\/td>\n<td colspan=\"2\" width=\"425\">\n<h3><em><strong>Fran\u00e7ais<\/strong><\/em><\/h3>\n<\/td>\n<\/tr>\n<tr>\n<td colspan=\"3\" width=\"227\"><\/td>\n<td colspan=\"2\" width=\"425\">\n<h3><\/h3>\n<\/td>\n<\/tr>\n<tr>\n<td colspan=\"5\" width=\"652\">\n<h3><em><strong>4.\u00a0\u00a0\u00a0 <u>Postes administratifs <\/u><\/strong><\/em><\/h3>\n<\/td>\n<\/tr>\n<tr>\n<td colspan=\"2\" width=\"141\">\n<h3><em><strong>1991<\/strong><\/em><\/h3>\n<\/td>\n<td colspan=\"3\" width=\"511\">\n<h3><em><strong>Chef D\u00e9partement technique , Agence fonci\u00e8re d\u2019Annaba<\/strong><\/em><\/h3>\n<\/td>\n<\/tr>\n<tr>\n<td colspan=\"2\" width=\"141\">\n<h3><em><strong>1992<\/strong><\/em><\/h3>\n<\/td>\n<td colspan=\"3\" width=\"511\">\n<h3><em><strong>Directeur de l\u2019Agence fonci\u00e8re \u00ab\u00a0 l\u2019urbaine\u00a0\u00bb de Ben M\u2019hidi\u00a0\u00bb, wilaya d\u2019El Tarf.<\/strong><\/em><\/h3>\n<\/td>\n<\/tr>\n<tr>\n<td colspan=\"2\" width=\"141\">\n<h3><em><strong>1993<\/strong><\/em><\/h3>\n<\/td>\n<td colspan=\"3\" width=\"511\">\n<h3><em><strong>Directeur par Int\u00e9rim, de l\u2019Office Communal des Tissus Anciens OCTA &#8211; Annaba.<\/strong><\/em><\/h3>\n<\/td>\n<\/tr>\n<tr>\n<td colspan=\"2\" width=\"141\">\n<h3><em><strong>1994-2002<\/strong><\/em><\/h3>\n<\/td>\n<td colspan=\"3\" width=\"511\">\n<h3><em><strong>Chef bureau des POS Direction de l\u2019urbanisme d\u2019Annaba<\/strong><\/em><\/h3>\n<\/td>\n<\/tr>\n<tr>\n<td colspan=\"5\" width=\"652\">\n<h3><em><strong>\u00a0<\/strong><\/em><em><strong>5.\u00a0\u00a0\u00a0 <u>Direction de th\u00e8ses\u00a0: <\/u><\/strong><\/em><\/h3>\n<\/td>\n<\/tr>\n<tr>\n<td colspan=\"3\" width=\"227\">\n<h3><em><strong>2009<\/strong><\/em><\/h3>\n<\/td>\n<td colspan=\"2\" width=\"425\">\n<h3><em><strong>Co-encadreur magister, \u00ab\u00a0Les cit\u00e9s ferm\u00e9es\u00a0\u00bb\u00a0 \u2013 universit\u00e9 Annaba<\/strong><\/em><\/h3>\n<\/td>\n<\/tr>\n<tr>\n<td colspan=\"5\" width=\"652\">\n<h3><em><strong><u><span style=\"color: #00ccff;\">Publications internationales<\/span> <\/u><\/strong><\/em><\/h3>\n<\/td>\n<\/tr>\n<tr>\n<td colspan=\"3\" width=\"227\">\n<h3><em><strong>2005<\/strong><\/em><\/h3>\n<\/td>\n<td colspan=\"2\" width=\"425\">\n<h3><em><strong>Collectif, \u00ab\u00a0dynamiques des territoires et des soci\u00e9t\u00e9s\u00a0\u00bb, les documents de la maison de la recherche en sciences humaines de Caen, n\u00b015, , Ed, Presses universitaire de Caen 2005<\/strong><\/em><\/h3>\n<h3><em><strong><a href=\"https:\/\/www.unicaen.fr\/puc\/images\/docmrsh15.pdf\">https:\/\/www.unicaen.fr\/puc\/images\/docmrsh15.pdf<\/a><\/strong><\/em><\/h3>\n<\/td>\n<\/tr>\n<tr>\n<td colspan=\"3\" width=\"227\">\n<h3><em><strong>2005<\/strong><\/em><\/h3>\n<\/td>\n<td colspan=\"2\" width=\"425\">\n<h3><em><strong>Guide touristique Alger, Oran Annaba, 50 ans de modernit\u00e9, co-auteur, \u00e9ditions CIVA Belgique 2005<\/strong><\/em><\/h3>\n<h3><em><strong><a href=\"http:\/\/www.eyrolles.com\/Accueil\/Auteur\/laala-boulbir-72066\">http:\/\/www.eyrolles.com\/Accueil\/Auteur\/laala-boulbir-72066<\/a><\/strong><\/em><\/h3>\n<\/td>\n<\/tr>\n<tr>\n<td colspan=\"3\" width=\"227\">\n<h3><em><strong>2012<\/strong><\/em><\/h3>\n<\/td>\n<td colspan=\"2\" width=\"425\">\n<h3><em><strong>Revue RERU \u00ab\u00a0crise de l\u2019offre fonci\u00e8re \u00e9conomique en Alg\u00e9rie, du blocage \u00e0 l\u2019investissement informel, cas de Annaba\u00a0\u00bb Bordeaux 2012<\/strong><\/em><\/h3>\n<h3><em><strong><a href=\"https:\/\/www.cairn.info\/revue-d-economie-regionale-et-urbaine-2012-3-page-353.htm\">https:\/\/www.cairn.info\/revue-d-economie-regionale-et-urbaine-2012-3-page-353.htm<\/a><\/strong><\/em><\/h3>\n<\/td>\n<\/tr>\n<tr>\n<td colspan=\"3\" width=\"227\">\n<h3><em><strong>2015<\/strong><\/em><\/h3>\n<\/td>\n<td colspan=\"2\" width=\"425\">\n<h3><em><strong>Les logiques de gestion publique du foncier \u00e9conomique \u00e0 Annaba (Nord-Est alg\u00e9rien). Une r\u00e9ponse improvis\u00e9e \u00e0 une demande r\u00e9fl\u00e9chie. In Villes et m\u00e9tropoles alg\u00e9riennes, ouvrage collectif de Chantal Chanson-Jabeur (Auteur), Sid-Ahmed Souiah<\/strong><\/em><\/h3>\n<h3><em><strong><a href=\"http:\/\/www.youscribe.com\/BookReader\/Index\/2580313?documentId=2674688\">http:\/\/www.youscribe.com\/BookReader\/Index\/2580313?documentId=2674688<\/a><\/strong><\/em><\/h3>\n<\/td>\n<\/tr>\n<tr>\n<td colspan=\"5\" width=\"652\">\n<h3><em><strong><u><span style=\"color: #00ccff;\">Exp\u00e9rience dans la recherche\u00a0<\/span> <\/u><\/strong><\/em><\/h3>\n<\/td>\n<\/tr>\n<tr>\n<td width=\"111\">\n<h3><em><strong>2003-2006<\/strong><\/em><\/h3>\n<\/td>\n<td colspan=\"3\" width=\"338\">\n<h3><em><strong>dimensions spatiales des politiques<\/strong><\/em><\/h3>\n<h3><em><strong>de la ville (projet urbain) en algerie<\/strong><\/em><\/h3>\n<\/td>\n<td width=\"203\">\n<h3><em><strong>Boumaza ZOULIKHA<\/strong><\/em><\/h3>\n<\/td>\n<\/tr>\n<tr>\n<td width=\"111\">\n<h3><em><strong>2007<\/strong><\/em><\/h3>\n<\/td>\n<td colspan=\"3\" width=\"338\">\n<h3><em><strong>Impact des investissements publics sur la maitrise urbaine des villes moyennes en Alg\u00e9rie :<\/strong><\/em><\/h3>\n<h3><em><strong>\u00ab\u00a0Cas de la r\u00e9gion Est\u00a0\u00bb<\/strong><\/em><\/h3>\n<h3><\/h3>\n<\/td>\n<td width=\"203\">\n<h3><em><strong>Kaddour BOUKHEMIS<\/strong><\/em><\/h3>\n<\/td>\n<\/tr>\n<tr>\n<td width=\"111\"><\/td>\n<td width=\"30\"><\/td>\n<td width=\"86\"><\/td>\n<td width=\"222\"><\/td>\n<td width=\"203\"><\/td>\n<\/tr>\n<\/tbody>\n<\/table>\n<h3><em><strong>\u00a0<\/strong><\/em><\/h3>\n<h3><em><strong>\u00a0<\/strong><\/em><\/h3>\n<h3><em><strong>\u00a0<\/strong><\/em><\/h3>\n<h3><em><strong>\u00a0<\/strong><\/em><\/h3>\n<h3><\/h3>\n","protected":false},"excerpt":{"rendered":"<p>Nom BOULBIR Pr\u00e9nom La\u00e2la Date et lieu de Naissance 31 Mars 1965 \u00e0 Taouzianet &#8211; KHENCHELA Alg\u00e9rie Adresse 34 Cit\u00e9 Taghoufet \u00a0ville d\u2019Oum El Bouaghi 04000 Alg\u00e9rie Tel. 213.7.91.89.00.74 Email boulbir@yahoo.fr 2.\u00a0\u00a0\u00a0 Dipl\u00f4mes et titres universitaires 2005 \u00e0 ce jour\u00a0 Doctorant en urbanisme\u00a0: \u00ab\u00a0syst\u00e8me de pilotage de l\u2019offre fonci\u00e8re \u00e9conomique en Alg\u00e9rie\u00a0\u00bb. 2003 Magister en urbanisme\u00a0: \u00ab\u00a0Processus de fabrication de la ville alg\u00e9rienne\u00a0\u00bb,\u00a0 02.Juillet 2003, 243 p.\u00a0 Pr\u00e9sident Salah CHERRAD, professeur, universit\u00e9 de Constantine. 1990 Dipl\u00f4me d&rsquo;architecte (option urbanisme) Modernisation des Centres villes, cas d\u2019Annaba, universit\u00e9 de Constantine, juin\u00a0 1990. 1984 Bac 1984 option Technique math\u00e9matique. Mention\u00a0: Assez bien \u00a0 3.\u00a0\u00a0\u00a0 Langues\u00a0: Arabe Fran\u00e7ais 4.\u00a0\u00a0\u00a0 Postes administratifs 1991 Chef D\u00e9partement technique , Agence fonci\u00e8re d\u2019Annaba 1992 Directeur de l\u2019Agence fonci\u00e8re \u00ab\u00a0 l\u2019urbaine\u00a0\u00bb de Ben M\u2019hidi\u00a0\u00bb, wilaya d\u2019El Tarf. 1993 Directeur par Int\u00e9rim, de l\u2019Office Communal des Tissus Anciens OCTA &#8211; Annaba. 1994-2002 Chef bureau des POS Direction de l\u2019urbanisme d\u2019Annaba \u00a05.\u00a0\u00a0\u00a0 Direction de th\u00e8ses\u00a0: 2009 Co-encadreur magister, \u00ab\u00a0Les cit\u00e9s ferm\u00e9es\u00a0\u00bb\u00a0 \u2013 universit\u00e9 Annaba Publications internationales 2005 Collectif, \u00ab\u00a0dynamiques des territoires et des soci\u00e9t\u00e9s\u00a0\u00bb, les documents de la maison de la recherche en sciences humaines de Caen, n\u00b015, , Ed, Presses universitaire de Caen 2005 https:\/\/www.unicaen.fr\/puc\/images\/docmrsh15.pdf 2005 Guide touristique Alger, Oran Annaba, 50 ans de modernit\u00e9, co-auteur, \u00e9ditions CIVA Belgique 2005 http:\/\/www.eyrolles.com\/Accueil\/Auteur\/laala-boulbir-72066 2012 Revue RERU \u00ab\u00a0crise de l\u2019offre fonci\u00e8re \u00e9conomique en Alg\u00e9rie, du blocage \u00e0 l\u2019investissement informel, cas de Annaba\u00a0\u00bb Bordeaux 2012 https:\/\/www.cairn.info\/revue-d-economie-regionale-et-urbaine-2012-3-page-353.htm 2015 Les logiques de gestion publique du foncier \u00e9conomique \u00e0 Annaba (Nord-Est alg\u00e9rien). Une r\u00e9ponse improvis\u00e9e \u00e0 une demande r\u00e9fl\u00e9chie. In Villes et m\u00e9tropoles alg\u00e9riennes, ouvrage collectif de Chantal Chanson-Jabeur (Auteur), Sid-Ahmed Souiah http:\/\/www.youscribe.com\/BookReader\/Index\/2580313?documentId=2674688 Exp\u00e9rience dans la recherche\u00a0 2003-2006 dimensions spatiales des politiques de la ville (projet urbain) en algerie Boumaza ZOULIKHA 2007 Impact des investissements publics sur la maitrise urbaine des villes moyennes en Alg\u00e9rie : \u00ab\u00a0Cas de la r\u00e9gion Est\u00a0\u00bb Kaddour BOUKHEMIS \u00a0 \u00a0 \u00a0 \u00a0<\/p>\n","protected":false},"author":1,"featured_media":0,"parent":0,"menu_order":0,"comment_status":"closed","ping_status":"closed","template":"","meta":{"_eb_attr":"","footnotes":""},"class_list":["post-1944","page","type-page","status-publish","hentry"],"_links":{"self":[{"href":"https:\/\/www.univ-oeb.dz\/igtu\/wp-json\/wp\/v2\/pages\/1944","targetHints":{"allow":["GET"]}}],"collection":[{"href":"https:\/\/www.univ-oeb.dz\/igtu\/wp-json\/wp\/v2\/pages"}],"about":[{"href":"https:\/\/www.univ-oeb.dz\/igtu\/wp-json\/wp\/v2\/types\/page"}],"author":[{"embeddable":true,"href":"https:\/\/www.univ-oeb.dz\/igtu\/wp-json\/wp\/v2\/users\/1"}],"replies":[{"embeddable":true,"href":"https:\/\/www.univ-oeb.dz\/igtu\/wp-json\/wp\/v2\/comments?post=1944"}],"version-history":[{"count":0,"href":"https:\/\/www.univ-oeb.dz\/igtu\/wp-json\/wp\/v2\/pages\/1944\/revisions"}],"wp:attachment":[{"href":"https:\/\/www.univ-oeb.dz\/igtu\/wp-json\/wp\/v2\/media?parent=1944"}],"curies":[{"name":"wp","href":"https:\/\/api.w.org\/{rel}","templated":true}]}}