{"id":1933,"date":"2018-12-03T14:38:46","date_gmt":"2018-12-03T13:38:46","guid":{"rendered":"http:\/\/www.univ-oeb.dz\/igtu\/?page_id=1933"},"modified":"2018-12-23T12:35:24","modified_gmt":"2018-12-23T11:35:24","slug":"ben-kara-mostafa-wassila","status":"publish","type":"page","link":"https:\/\/www.univ-oeb.dz\/igtu\/fr\/ben-kara-mostafa-wassila\/","title":{"rendered":"Ben kara mostafa Wassila"},"content":{"rendered":"<h3><strong><em>Nom\u00a0: BENKARA MOSTEFA<\/em><\/strong><\/h3>\n<h3><strong><em>Pr\u00e9nom\u00a0: Wassila<\/em><\/strong><\/h3>\n<h3><strong><em>Date et lieu de naissance\u00a0: 03-11-1978 \u00e0 CONSTANTINE<\/em><\/strong><\/h3>\n<h3><strong><em>Adresse permanente\u00a0: Cite des peupliers Bt B2 N 254 <\/em><\/strong><\/h3>\n<h3><strong><em>W.CONSTANTINE. 25000.<\/em><\/strong><\/h3>\n<h3><strong><em>Adresse E-Mail\u00a0:karamoswas25@yahoo.fr<\/em><\/strong><\/h3>\n<h3><strong><em>Tel\u00a0: 0775-75-46-93<\/em><\/strong><\/h3>\n<h3><strong><em>\u00a0<\/em><\/strong><strong><em>\u00a0<\/em><\/strong><\/h3>\n<h3><span style=\"color: #3366ff;\"><strong><em><u>Dipl\u00f4mes obtenus<\/u>\u00a0:<\/em><\/strong><\/span><\/h3>\n<h3><strong><em>-BAC sciences de la nature et de la vie en 1996.<\/em><\/strong><\/h3>\n<h3><strong><em>-Dipl\u00f4me Ingegnieur d\u2019Etat\u00a0 en 2001.<\/em><\/strong><\/h3>\n<h3><strong><em>&#8211; Dipl\u00f4me de Magist\u00e8re option Am2nagement r\u00e9gional en 2006.<\/em><\/strong><\/h3>\n<h3><strong><em>-Inscription en 5eme Ann\u00e9e doctorat science option GTU.<\/em><\/strong><\/h3>\n<h3><strong><em>\u00a0<\/em><\/strong><\/h3>\n<h3><span style=\"color: #3366ff;\"><strong><u>Fonctions<\/u>\u00a0:<\/strong><\/span><\/h3>\n<h3><strong><em>-Enseignante vacataire de 12007 \u00e0 2010 (universit\u00e9s\u00a0: L\u2019Aarbi Ben M\u2019hidi de Oum El Bouaghi, Mentouri de Constantine, UFC de Mila).\u00a0\u00a0\u00a0\u00a0\u00a0\u00a0\u00a0\u00a0\u00a0\u00a0\u00a0\u00a0\u00a0\u00a0\u00a0\u00a0\u00a0\u00a0\u00a0\u00a0\u00a0\u00a0\u00a0\u00a0\u00a0\u00a0\u00a0\u00a0\u00a0\u00a0 <\/em><\/strong><\/h3>\n<h3><strong><em>&#8211; Enseignante permanante \u00e0 l\u2019universit\u00e9 L\u2019Aarbi Ben M\u2019Hidi depuis 2010.<\/em><\/strong><\/h3>\n<h3><strong><em>\u00a0<\/em><\/strong><\/h3>\n<h3><span style=\"color: #3366ff;\"><strong><em><u>Activit\u00e9s<\/u>\u00a0:<\/em><\/strong><\/span><\/h3>\n<h3><span style=\"color: #3366ff;\"><strong><em>&#8211;<u>Communications\u00a0<\/u><u>:<\/u><\/em><\/strong><\/span><\/h3>\n<h3><strong><em>-S\u00e9minaire International<\/em><em> sur les G\u00e9osciences au service du D\u00e9veloppement Durable (Novembre 2006) au Centre universitaire de Tebessa<\/em><\/strong><\/h3>\n<h3><strong><em>-Journ\u00e9e Internationale sur \u00ab\u00a0L\u2019imact des changements climatiques sur les r\u00e9gions Arides et semi-Arides\u00a0\u00bb (Novembre 2007) au Centre de recherche Scientifique et Technique sur les R\u00e9gions Arides. Biskra<\/em><\/strong><\/h3>\n<h3><strong><em>-Colloque International sur \u00ab\u00a0Les jeunes dans la ville\u00a0:Leurs Strat\u00e9gies d\u2019Acteurs\u00a0\u00bb (Novembre 2009). Constantine<\/em><\/strong><\/h3>\n<h3><strong><em>-Conf\u00e9rance Nationale sur \u00ab\u00a0\u0627\u0644\u062f\u064a\u0646\u0627\u0645\u064a\u0629 \u0627\u0644\u0645\u062c\u0627\u0644\u064a\u0629 \u0648 \u0625\u0639\u062f\u0627\u062f \u0627\u0644\u062a\u0631\u0627\u0628 \u0628\u0633\u0627\u064a\u0633 \u0648 \u0647\u0648\u0627\u0645\u0634\u0647\u00a0\u00bb (D\u00e9cembre 2013). Universit\u00e9 Sidi Mohamed BenAbdEllah. F\u00e8s. Maroc.<\/em><\/strong><\/h3>\n<h3><span style=\"color: #3366ff;\"><strong><em>\u00a0<\/em><\/strong><strong><em>&#8211;<u>Publication\u00a0<\/u><u>:<\/u><\/em><\/strong><\/span><\/h3>\n<h3><strong><em>INSANYAT<\/em><em> \u00ab\u00a0revue alg\u00e9rienne d\u2019anthropologie et de sciences sociales\u00a0\u00bb. PREMIERES RECHERCHES (Anthropologie, Sociologie, G\u00e9ographie, Psychologie, Litt\u00e9rature). N 29-30, Juillet-d\u00e9cembre 2005. CRASC. Oran.<\/em><\/strong><\/h3>\n<h3><strong><em>\u00a0<\/em><\/strong><strong><em><span style=\"color: #3366ff;\"><u>Stages<\/u>\u00a0:<\/span> <\/em><\/strong><\/h3>\n<h3><strong><em>-Stage de recherche\u00a0: Laboraoire \u00ab\u00a0Le patrimoine et l\u2019espace\u00a0\u00bb.Universit\u00e9 de F\u00e8s au Maroc 2013.<\/em><\/strong><\/h3>\n<h3><span style=\"color: #3366ff;\"><strong><em><u>Niveau de connaissance des langues<\/u>\u00a0:<\/em><\/strong><\/span><\/h3>\n<h3><strong><em>Langue nationale\u00a0:Tr\u00e8s bien <\/em><\/strong><\/h3>\n<h3><em><strong>Langue fran\u00e7aise\u00a0: bien<\/strong> <\/em><\/h3>\n","protected":false},"excerpt":{"rendered":"<p>Nom\u00a0: BENKARA MOSTEFA Pr\u00e9nom\u00a0: Wassila Date et lieu de naissance\u00a0: 03-11-1978 \u00e0 CONSTANTINE Adresse permanente\u00a0: Cite des peupliers Bt B2 N 254 W.CONSTANTINE. 25000. Adresse E-Mail\u00a0:karamoswas25@yahoo.fr Tel\u00a0: 0775-75-46-93 \u00a0\u00a0 Dipl\u00f4mes obtenus\u00a0: -BAC sciences de la nature et de la vie en 1996. -Dipl\u00f4me Ingegnieur d\u2019Etat\u00a0 en 2001. &#8211; Dipl\u00f4me de Magist\u00e8re option Am2nagement r\u00e9gional en 2006. -Inscription en 5eme Ann\u00e9e doctorat science option GTU. \u00a0 Fonctions\u00a0: -Enseignante vacataire de 12007 \u00e0 2010 (universit\u00e9s\u00a0: L\u2019Aarbi Ben M\u2019hidi de Oum El Bouaghi, Mentouri de Constantine, UFC de Mila).\u00a0\u00a0\u00a0\u00a0\u00a0\u00a0\u00a0\u00a0\u00a0\u00a0\u00a0\u00a0\u00a0\u00a0\u00a0\u00a0\u00a0\u00a0\u00a0\u00a0\u00a0\u00a0\u00a0\u00a0\u00a0\u00a0\u00a0\u00a0\u00a0\u00a0 &#8211; Enseignante permanante \u00e0 l\u2019universit\u00e9 L\u2019Aarbi Ben M\u2019Hidi depuis 2010. \u00a0 Activit\u00e9s\u00a0: &#8211;Communications\u00a0: -S\u00e9minaire International sur les G\u00e9osciences au service du D\u00e9veloppement Durable (Novembre 2006) au Centre universitaire de Tebessa -Journ\u00e9e Internationale sur \u00ab\u00a0L\u2019imact des changements climatiques sur les r\u00e9gions Arides et semi-Arides\u00a0\u00bb (Novembre 2007) au Centre de recherche Scientifique et Technique sur les R\u00e9gions Arides. Biskra -Colloque International sur \u00ab\u00a0Les jeunes dans la ville\u00a0:Leurs Strat\u00e9gies d\u2019Acteurs\u00a0\u00bb (Novembre 2009). Constantine -Conf\u00e9rance Nationale sur \u00ab\u00a0\u0627\u0644\u062f\u064a\u0646\u0627\u0645\u064a\u0629 \u0627\u0644\u0645\u062c\u0627\u0644\u064a\u0629 \u0648 \u0625\u0639\u062f\u0627\u062f \u0627\u0644\u062a\u0631\u0627\u0628 \u0628\u0633\u0627\u064a\u0633 \u0648 \u0647\u0648\u0627\u0645\u0634\u0647\u00a0\u00bb (D\u00e9cembre 2013). Universit\u00e9 Sidi Mohamed BenAbdEllah. F\u00e8s. Maroc. \u00a0&#8211;Publication\u00a0: INSANYAT \u00ab\u00a0revue alg\u00e9rienne d\u2019anthropologie et de sciences sociales\u00a0\u00bb. PREMIERES RECHERCHES (Anthropologie, Sociologie, G\u00e9ographie, Psychologie, Litt\u00e9rature). N 29-30, Juillet-d\u00e9cembre 2005. CRASC. Oran. \u00a0Stages\u00a0: -Stage de recherche\u00a0: Laboraoire \u00ab\u00a0Le patrimoine et l\u2019espace\u00a0\u00bb.Universit\u00e9 de F\u00e8s au Maroc 2013. Niveau de connaissance des langues\u00a0: Langue nationale\u00a0:Tr\u00e8s bien Langue fran\u00e7aise\u00a0: bien<\/p>\n","protected":false},"author":1,"featured_media":0,"parent":0,"menu_order":0,"comment_status":"closed","ping_status":"closed","template":"","meta":{"_eb_attr":"","footnotes":""},"class_list":["post-1933","page","type-page","status-publish","hentry"],"_links":{"self":[{"href":"https:\/\/www.univ-oeb.dz\/igtu\/wp-json\/wp\/v2\/pages\/1933","targetHints":{"allow":["GET"]}}],"collection":[{"href":"https:\/\/www.univ-oeb.dz\/igtu\/wp-json\/wp\/v2\/pages"}],"about":[{"href":"https:\/\/www.univ-oeb.dz\/igtu\/wp-json\/wp\/v2\/types\/page"}],"author":[{"embeddable":true,"href":"https:\/\/www.univ-oeb.dz\/igtu\/wp-json\/wp\/v2\/users\/1"}],"replies":[{"embeddable":true,"href":"https:\/\/www.univ-oeb.dz\/igtu\/wp-json\/wp\/v2\/comments?post=1933"}],"version-history":[{"count":0,"href":"https:\/\/www.univ-oeb.dz\/igtu\/wp-json\/wp\/v2\/pages\/1933\/revisions"}],"wp:attachment":[{"href":"https:\/\/www.univ-oeb.dz\/igtu\/wp-json\/wp\/v2\/media?parent=1933"}],"curies":[{"name":"wp","href":"https:\/\/api.w.org\/{rel}","templated":true}]}}