{"id":1927,"date":"2018-12-03T14:37:27","date_gmt":"2018-12-03T13:37:27","guid":{"rendered":"http:\/\/www.univ-oeb.dz\/igtu\/?page_id=1927"},"modified":"2018-12-19T10:47:20","modified_gmt":"2018-12-19T09:47:20","slug":"abdi-nidal","status":"publish","type":"page","link":"https:\/\/www.univ-oeb.dz\/igtu\/fr\/abdi-nidal\/","title":{"rendered":"Abdi Nidal"},"content":{"rendered":"<h3><em><strong>NOM:ABDI<\/strong><\/em><\/h3>\n<h3><em><strong>PRENOM : NIDAL<\/strong><\/em><\/h3>\n<h3><em><strong>ADRESSE POSTALE :UV08,Bloc01,Ilo 04,N 112 VILLE NOUVELLE ALI MENDJLI,CONSTANTINE<\/strong><\/em><\/h3>\n<h3><em><strong>E-MAIL: <a href=\"mailto:numidianidal@gmail.com\">numidianidal@gmail.com<\/a><\/strong><\/em><\/h3>\n<h3><em><strong>79 81 55 6007 Tel :<\/strong><\/em><\/h3>\n<h3><span style=\"color: #3366ff;\"><em><strong>FORMATION \/ DIPL\u00d4MES<\/strong><\/em><\/span><\/h3>\n<h3><em><strong>2004: dipl\u00f4me d&rsquo;ing\u00e9nieur d&rsquo;\u00e9tat en am\u00e9nagement de territoire, Universit\u00e9 de Constantine ,facult\u00e9 d&rsquo;am\u00e9nagement et de science de la terre .<\/strong><\/em><\/h3>\n<h3><em><strong>2007 : magist\u00e8re en urbanisme et d\u00e9veloppement durable de la ville ,Universit\u00e9 l&rsquo;arbi ben m&rsquo;hidi ,Oum el bouaghi<\/strong><\/em><\/h3>\n<h3><span style=\"color: #3366ff;\"><em><strong>EXP\u00c9RIENCE PROFESSIONNELLE (dur\u00e9e)<\/strong><\/em><\/span><\/h3>\n<h3><em><strong>\u00a0<\/strong><\/em><em><strong>2005-2006:Vacataire a l&rsquo;institut de gestion des techniques urbaines, Universit\u00e9 l&rsquo;arbi ben m&rsquo;hidi ,Oum el bouaghi.<\/strong><\/em><\/h3>\n<h3><em><strong>2007-2008:Vacataire a l&rsquo;institutd&rsquo;architecture, Universit\u00e9 de Constantine,facult\u00e9 d&rsquo;am\u00e9nagement et de science de la terre .<\/strong><\/em><\/h3>\n<h3><em><strong>2009: Enseignante a l&rsquo;institut de gestion des techniques urbaines, Universit\u00e9 l&rsquo;arbi ben m&rsquo;hidi ,Oum el bouaghi.<\/strong><\/em><\/h3>\n<h3><span style=\"color: #3366ff;\"><em><strong>LANGUES \/ PERMIS<\/strong><\/em><\/span><\/h3>\n<h3><em><strong>\u00a0<\/strong><\/em><em><strong>Arabe, fran\u00e7ais<\/strong><\/em><\/h3>\n<h3><span style=\"color: #3366ff;\"><em><strong>CENTRES D\u2019INT\u00c9R\u00caT<\/strong><\/em><\/span><\/h3>\n<ul>\n<li><em><strong>\u00a0Environnement, urbanisme.<\/strong><\/em><\/li>\n<li><em><strong>\u00a0Logiciels informatique (mapinfo ,arc gis)<\/strong><\/em><\/li>\n<\/ul>\n","protected":false},"excerpt":{"rendered":"<p>NOM:ABDI PRENOM : NIDAL ADRESSE POSTALE :UV08,Bloc01,Ilo 04,N 112 VILLE NOUVELLE ALI MENDJLI,CONSTANTINE E-MAIL: numidianidal@gmail.com 79 81 55 6007 Tel : FORMATION \/ DIPL\u00d4MES 2004: dipl\u00f4me d&rsquo;ing\u00e9nieur d&rsquo;\u00e9tat en am\u00e9nagement de territoire, Universit\u00e9 de Constantine ,facult\u00e9 d&rsquo;am\u00e9nagement et de science de la terre . 2007 : magist\u00e8re en urbanisme et d\u00e9veloppement durable de la ville ,Universit\u00e9 l&rsquo;arbi ben m&rsquo;hidi ,Oum el bouaghi EXP\u00c9RIENCE PROFESSIONNELLE (dur\u00e9e) \u00a02005-2006:Vacataire a l&rsquo;institut de gestion des techniques urbaines, Universit\u00e9 l&rsquo;arbi ben m&rsquo;hidi ,Oum el bouaghi. 2007-2008:Vacataire a l&rsquo;institutd&rsquo;architecture, Universit\u00e9 de Constantine,facult\u00e9 d&rsquo;am\u00e9nagement et de science de la terre . 2009: Enseignante a l&rsquo;institut de gestion des techniques urbaines, Universit\u00e9 l&rsquo;arbi ben m&rsquo;hidi ,Oum el bouaghi. LANGUES \/ PERMIS \u00a0Arabe, fran\u00e7ais CENTRES D\u2019INT\u00c9R\u00caT \u00a0Environnement, urbanisme. \u00a0Logiciels informatique (mapinfo ,arc gis)<\/p>\n","protected":false},"author":1,"featured_media":0,"parent":0,"menu_order":0,"comment_status":"closed","ping_status":"closed","template":"","meta":{"_eb_attr":"","footnotes":""},"class_list":["post-1927","page","type-page","status-publish","hentry"],"_links":{"self":[{"href":"https:\/\/www.univ-oeb.dz\/igtu\/wp-json\/wp\/v2\/pages\/1927","targetHints":{"allow":["GET"]}}],"collection":[{"href":"https:\/\/www.univ-oeb.dz\/igtu\/wp-json\/wp\/v2\/pages"}],"about":[{"href":"https:\/\/www.univ-oeb.dz\/igtu\/wp-json\/wp\/v2\/types\/page"}],"author":[{"embeddable":true,"href":"https:\/\/www.univ-oeb.dz\/igtu\/wp-json\/wp\/v2\/users\/1"}],"replies":[{"embeddable":true,"href":"https:\/\/www.univ-oeb.dz\/igtu\/wp-json\/wp\/v2\/comments?post=1927"}],"version-history":[{"count":0,"href":"https:\/\/www.univ-oeb.dz\/igtu\/wp-json\/wp\/v2\/pages\/1927\/revisions"}],"wp:attachment":[{"href":"https:\/\/www.univ-oeb.dz\/igtu\/wp-json\/wp\/v2\/media?parent=1927"}],"curies":[{"name":"wp","href":"https:\/\/api.w.org\/{rel}","templated":true}]}}