{"id":1925,"date":"2018-12-03T14:37:06","date_gmt":"2018-12-03T13:37:06","guid":{"rendered":"http:\/\/www.univ-oeb.dz\/igtu\/?page_id=1925"},"modified":"2018-12-19T11:20:13","modified_gmt":"2018-12-19T10:20:13","slug":"aas-lazhar","status":"publish","type":"page","link":"https:\/\/www.univ-oeb.dz\/igtu\/fr\/aas-lazhar\/","title":{"rendered":"Aas Lazhar"},"content":{"rendered":"<h4><strong><em>NOM :\u00a0\u00a0\u00a0\u00a0\u00a0\u00a0\u00a0\u00a0\u00a0\u00a0\u00a0\u00a0\u00a0\u00a0\u00a0\u00a0\u00a0\u00a0\u00a0\u00a0\u00a0\u00a0\u00a0\u00a0\u00a0 AS\u00a0\u00a0\u00a0\u00a0\u00a0\u00a0\u00a0\u00a0\u00a0\u00a0\u00a0\u00a0\u00a0\u00a0\u00a0\u00a0\u00a0\u00a0\u00a0\u00a0\u00a0\u00a0\u00a0\u00a0\u00a0\u00a0\u00a0\u00a0\u00a0\u00a0\u00a0\u00a0\u00a0\u00a0\u00a0\u00a0 PRENOM\u00a0:\u00a0\u00a0\u00a0\u00a0\u00a0\u00a0\u00a0\u00a0\u00a0\u00a0\u00a0\u00a0\u00a0\u00a0 Lazhar\u00a0\u00a0 <\/em><\/strong><\/h4>\n<h4><strong><em>Date et lieu de naissance\u00a0:\u00a0\u00a0\u00a0\u00a0 1967 jugement 1973 \u00e0 AIN FAKROUN W. O.E.B<\/em><\/strong><\/h4>\n<h4><strong><em>Situation familiale\u00a0: MARIE <\/em><\/strong><\/h4>\n<h4><strong><em>Nombre d\u2019enfants\u00a0: trois (03)<\/em><\/strong><\/h4>\n<h4><strong><em>Adresse personnelle\u00a0: AS LAZHAR Cit\u00e9 Radgai Amar 80 logements OEB 04000 <\/em><\/strong><\/h4>\n<h4><strong><em>N\u00b0 T\u00e9l\u00e9phone\u00a0: 07 72 93 24 31<\/em><\/strong><\/h4>\n<h4><strong><em>\u00a0<\/em><\/strong><\/h4>\n<h4><strong><em><u><span style=\"color: #3366ff;\">Titre et Dipl\u00f4me<\/span> <\/u><\/em><\/strong><\/h4>\n<table>\n<tbody>\n<tr>\n<td width=\"253\">\n<h4><strong><em>Nature du dipl\u00f4me ou <\/em><\/strong><\/h4>\n<h4><strong><em>titre \u00e9quivalent<\/em><\/strong><\/h4>\n<\/td>\n<td width=\"208\">\n<h4><strong><em>Etablissement d\u2019enseignement<\/em><\/strong><\/h4>\n<\/td>\n<td width=\"191\">\n<h4><strong><em>Date d\u2019obtention<\/em><\/strong><\/h4>\n<\/td>\n<\/tr>\n<tr>\n<td width=\"253\">\n<h4><strong><em>Bac Math<\/em><\/strong><\/h4>\n<\/td>\n<td width=\"208\">\n<h4><strong><em>Lyc\u00e9e M<sup>ed<\/sup> Messes A Mlila<\/em><\/strong><\/h4>\n<\/td>\n<td width=\"191\">\n<h4><strong><em>1984<\/em><\/strong><\/h4>\n<\/td>\n<\/tr>\n<tr>\n<td width=\"253\">\n<h4><strong><em>Bac Math<\/em><\/strong><\/h4>\n<\/td>\n<td width=\"208\">\n<h4><strong><em>Lyc\u00e9e HIHI Elmeki Cne<\/em><\/strong><\/h4>\n<\/td>\n<td width=\"191\">\n<h4><strong><em>1985<\/em><\/strong><\/h4>\n<\/td>\n<\/tr>\n<tr>\n<td width=\"253\">\n<h4><strong><em>Architecte d\u2019\u00e9tat <\/em><\/strong><\/h4>\n<\/td>\n<td width=\"208\">\n<h4><strong><em>Universit\u00e9 de Constantine <\/em><\/strong><\/h4>\n<\/td>\n<td width=\"191\">\n<h4><strong><em>Juin 1990<\/em><\/strong><\/h4>\n<\/td>\n<\/tr>\n<tr>\n<td width=\"253\">\n<h4><strong><em>Magister <\/em><\/strong><\/h4>\n<\/td>\n<td width=\"208\">\n<h4><strong><em>Universit\u00e9 Larbi Benmhidi O.E.B<\/em><\/strong><\/h4>\n<\/td>\n<td width=\"191\">\n<h4><strong><em>01\/03\/2012<\/em><\/strong><\/h4>\n<\/td>\n<\/tr>\n<tr>\n<td width=\"253\">\n<h4><strong><em>Inscrit en doctorat science <\/em><\/strong><\/h4>\n<\/td>\n<td width=\"208\">\n<h4><strong><em>Universit\u00e9 Larbi Benmhidi O.E.B<\/em><\/strong><\/h4>\n<\/td>\n<td width=\"191\">\n<h4><strong><em>5e inscription <\/em><\/strong><\/h4>\n<\/td>\n<\/tr>\n<\/tbody>\n<\/table>\n<h4><strong><em><u>\u00a0<\/u><\/em><\/strong><\/h4>\n<h4><strong><em><u><span style=\"color: #3366ff;\">PROFIL PROFESSIONNEL + CARRIERE<\/span> <\/u><\/em><\/strong><\/h4>\n<table>\n<tbody>\n<tr>\n<td width=\"251\">\n<h4><strong><em>FONCTION <\/em><\/strong><\/h4>\n<h4><strong><em>OCCUPEE<\/em><\/strong><\/h4>\n<\/td>\n<td width=\"207\">\n<h4><strong><em>ADMINISTRATION OU ORGANISME<\/em><\/strong><\/h4>\n<\/td>\n<td width=\"99\">\n<h4><strong><em>Du \u2026\u2026..<\/em><\/strong><\/h4>\n<\/td>\n<td width=\"99\">\n<h4><strong><em>Au\u2026\u2026\u2026<\/em><\/strong><\/h4>\n<\/td>\n<\/tr>\n<tr>\n<td width=\"251\">\n<h4><strong><em>Architecte d\u2019\u00e9tat<\/em><\/strong><\/h4>\n<\/td>\n<td width=\"207\">\n<h4><strong><em>DUCH Oum El Bouaghi<\/em><\/strong><\/h4>\n<\/td>\n<td width=\"99\">\n<h4><strong><em>24\/11\/1990<\/em><\/strong><\/h4>\n<\/td>\n<td width=\"99\">\n<h4><strong><em>29\/12\/1997<\/em><\/strong><\/h4>\n<\/td>\n<\/tr>\n<tr>\n<td width=\"251\">\n<h4><strong><em>Chef de bureau de l\u2019habitat social <\/em><\/strong><\/h4>\n<\/td>\n<td width=\"207\">\n<h4><strong><em>DLEP Oum El Bouaghi<\/em><\/strong><\/h4>\n<\/td>\n<td width=\"99\">\n<h4><strong><em>18\/12\/2000<\/em><\/strong><\/h4>\n<\/td>\n<td width=\"99\">\n<h4><strong><em>23\/10\/2001<\/em><\/strong><\/h4>\n<\/td>\n<\/tr>\n<tr>\n<td width=\"251\">\n<h4><strong><em>Chef de bureau du d\u00e9veloppement de la promotion immobili\u00e8re <\/em><\/strong><\/h4>\n<\/td>\n<td width=\"207\">\n<h4><strong><em>DLEP Oum El Bouaghi<\/em><\/strong><\/h4>\n<\/td>\n<td width=\"99\">\n<h4><strong><em>23\/10\/2001<\/em><\/strong><\/h4>\n<\/td>\n<td width=\"99\">\n<h4><strong><em>20\/12\/2004<\/em><\/strong><\/h4>\n<\/td>\n<\/tr>\n<tr>\n<td width=\"251\">\n<h4><strong><em>Chef de service de l\u2019habitat <\/em><\/strong><\/h4>\n<\/td>\n<td width=\"207\">\n<h4><strong><em>DLEP Oum El Bouaghi<\/em><\/strong><\/h4>\n<\/td>\n<td width=\"99\">\n<h4><strong><em>25\/09\/2004<\/em><\/strong><\/h4>\n<\/td>\n<td width=\"99\">\n<h4><strong><em>30\/08\/2005<\/em><\/strong><\/h4>\n<\/td>\n<\/tr>\n<tr>\n<td width=\"251\">\n<h4><strong><em>Chef de service des \u00e9quipements publics <\/em><\/strong><\/h4>\n<\/td>\n<td width=\"207\">\n<h4><strong><em>DLEP Oum El Bouaghi<\/em><\/strong><\/h4>\n<\/td>\n<td width=\"99\">\n<h4><strong><em>30\/08\/2005<\/em><\/strong><\/h4>\n<\/td>\n<td width=\"99\">\n<h4><strong><em>16\/10\/2009<\/em><\/strong><\/h4>\n<\/td>\n<\/tr>\n<tr>\n<td width=\"251\">\n<h4><strong><em>Directeur de logement et des \u00e9quipements publics par int\u00e9rim par d\u00e9cision du ministre\u00a0 <\/em><\/strong><\/h4>\n<\/td>\n<td width=\"207\">\n<h4><strong><em>DLEP Oum El Bouaghi<\/em><\/strong><\/h4>\n<\/td>\n<td width=\"99\">\n<h4><strong><em>16\/10\/2009<\/em><\/strong><\/h4>\n<\/td>\n<td width=\"99\">\n<h4><strong><em>02\/12\/2009<\/em><\/strong><\/h4>\n<\/td>\n<\/tr>\n<tr>\n<td width=\"251\">\n<h4><strong><em>Enseignant M. Assistant B\u00a0 <\/em><\/strong><\/h4>\n<\/td>\n<td width=\"207\">\n<h4><strong><em>Universit\u00e9 Larbi Benmhidi O.E.B<\/em><\/strong><\/h4>\n<\/td>\n<td width=\"99\">\n<h4><strong><em>09\/09\/2012<\/em><\/strong><\/h4>\n<\/td>\n<td width=\"99\">\n<h4><strong><em>01\/04\/2015<\/em><\/strong><\/h4>\n<\/td>\n<\/tr>\n<tr>\n<td width=\"251\">\n<h4><strong><em>Enseignant M. Assistant A<\/em><\/strong><\/h4>\n<h4><strong><em>Quatri\u00e8me (04) \u00e9chelon<\/em><\/strong><\/h4>\n<\/td>\n<td width=\"207\">\n<h4><strong><em>Universit\u00e9 Larbi Benmhidi O.E.B<\/em><\/strong><\/h4>\n<\/td>\n<td width=\"99\">\n<h4><strong><em>01\/04\/2015<\/em><\/strong><\/h4>\n<\/td>\n<td width=\"99\">\n<h4><strong><em>A ce jour<\/em> <\/strong><\/h4>\n<\/td>\n<\/tr>\n<\/tbody>\n<\/table>\n","protected":false},"excerpt":{"rendered":"<p>NOM :\u00a0\u00a0\u00a0\u00a0\u00a0\u00a0\u00a0\u00a0\u00a0\u00a0\u00a0\u00a0\u00a0\u00a0\u00a0\u00a0\u00a0\u00a0\u00a0\u00a0\u00a0\u00a0\u00a0\u00a0\u00a0 AS\u00a0\u00a0\u00a0\u00a0\u00a0\u00a0\u00a0\u00a0\u00a0\u00a0\u00a0\u00a0\u00a0\u00a0\u00a0\u00a0\u00a0\u00a0\u00a0\u00a0\u00a0\u00a0\u00a0\u00a0\u00a0\u00a0\u00a0\u00a0\u00a0\u00a0\u00a0\u00a0\u00a0\u00a0\u00a0\u00a0 PRENOM\u00a0:\u00a0\u00a0\u00a0\u00a0\u00a0\u00a0\u00a0\u00a0\u00a0\u00a0\u00a0\u00a0\u00a0\u00a0 Lazhar\u00a0\u00a0 Date et lieu de naissance\u00a0:\u00a0\u00a0\u00a0\u00a0 1967 jugement 1973 \u00e0 AIN FAKROUN W. O.E.B Situation familiale\u00a0: MARIE Nombre d\u2019enfants\u00a0: trois (03) Adresse personnelle\u00a0: AS LAZHAR Cit\u00e9 Radgai Amar 80 logements OEB 04000 N\u00b0 T\u00e9l\u00e9phone\u00a0: 07 72 93 24 31 \u00a0 Titre et Dipl\u00f4me Nature du dipl\u00f4me ou titre \u00e9quivalent Etablissement d\u2019enseignement Date d\u2019obtention Bac Math Lyc\u00e9e Med Messes A Mlila 1984 Bac Math Lyc\u00e9e HIHI Elmeki Cne 1985 Architecte d\u2019\u00e9tat Universit\u00e9 de Constantine Juin 1990 Magister Universit\u00e9 Larbi Benmhidi O.E.B 01\/03\/2012 Inscrit en doctorat science Universit\u00e9 Larbi Benmhidi O.E.B 5e inscription \u00a0 PROFIL PROFESSIONNEL + CARRIERE FONCTION OCCUPEE ADMINISTRATION OU ORGANISME Du \u2026\u2026.. Au\u2026\u2026\u2026 Architecte d\u2019\u00e9tat DUCH Oum El Bouaghi 24\/11\/1990 29\/12\/1997 Chef de bureau de l\u2019habitat social DLEP Oum El Bouaghi 18\/12\/2000 23\/10\/2001 Chef de bureau du d\u00e9veloppement de la promotion immobili\u00e8re DLEP Oum El Bouaghi 23\/10\/2001 20\/12\/2004 Chef de service de l\u2019habitat DLEP Oum El Bouaghi 25\/09\/2004 30\/08\/2005 Chef de service des \u00e9quipements publics DLEP Oum El Bouaghi 30\/08\/2005 16\/10\/2009 Directeur de logement et des \u00e9quipements publics par int\u00e9rim par d\u00e9cision du ministre\u00a0 DLEP Oum El Bouaghi 16\/10\/2009 02\/12\/2009 Enseignant M. Assistant B\u00a0 Universit\u00e9 Larbi Benmhidi O.E.B 09\/09\/2012 01\/04\/2015 Enseignant M. Assistant A Quatri\u00e8me (04) \u00e9chelon Universit\u00e9 Larbi Benmhidi O.E.B 01\/04\/2015 A ce jour<\/p>\n","protected":false},"author":1,"featured_media":0,"parent":0,"menu_order":0,"comment_status":"closed","ping_status":"closed","template":"","meta":{"_eb_attr":"","footnotes":""},"class_list":["post-1925","page","type-page","status-publish","hentry"],"_links":{"self":[{"href":"https:\/\/www.univ-oeb.dz\/igtu\/wp-json\/wp\/v2\/pages\/1925","targetHints":{"allow":["GET"]}}],"collection":[{"href":"https:\/\/www.univ-oeb.dz\/igtu\/wp-json\/wp\/v2\/pages"}],"about":[{"href":"https:\/\/www.univ-oeb.dz\/igtu\/wp-json\/wp\/v2\/types\/page"}],"author":[{"embeddable":true,"href":"https:\/\/www.univ-oeb.dz\/igtu\/wp-json\/wp\/v2\/users\/1"}],"replies":[{"embeddable":true,"href":"https:\/\/www.univ-oeb.dz\/igtu\/wp-json\/wp\/v2\/comments?post=1925"}],"version-history":[{"count":0,"href":"https:\/\/www.univ-oeb.dz\/igtu\/wp-json\/wp\/v2\/pages\/1925\/revisions"}],"wp:attachment":[{"href":"https:\/\/www.univ-oeb.dz\/igtu\/wp-json\/wp\/v2\/media?parent=1925"}],"curies":[{"name":"wp","href":"https:\/\/api.w.org\/{rel}","templated":true}]}}