{"id":1546,"date":"2018-11-07T00:28:57","date_gmt":"2018-11-06T23:28:57","guid":{"rendered":"http:\/\/www.univ-oeb.dz\/igtu\/?page_id=1546"},"modified":"2022-01-03T10:32:23","modified_gmt":"2022-01-03T09:32:23","slug":"nous-contacter","status":"publish","type":"page","link":"https:\/\/www.univ-oeb.dz\/igtu\/fr\/nous-contacter\/","title":{"rendered":"NOUS CONTACTER"},"content":{"rendered":"<h3 class=\"entry-content\"><\/h3>\n<h2><span style=\"color: #000000;\"><strong><em>-Le\u00a0Directeur de l\u2019institut GTU :<a href=\"https:\/\/www.univ-oeb.dz\/igtu\/chouai-said\/\" target=\"_blank\" rel=\"noopener\"><img fetchpriority=\"high\" decoding=\"async\" class=\"alignleft wp-image-188\" src=\"https:\/\/www.univ-oeb.dz\/igtu\/wp-content\/uploads\/2018\/06\/IMG_0004-644x483-150x150.jpg\" alt=\"\" width=\"238\" height=\"238\" \/><\/a><\/em><\/strong><\/span><\/h2>\n<h3><span style=\"color: #0000ff;\"><a style=\"color: #0000ff;\" href=\"https:\/\/www.univ-oeb.dz\/igtu\/chouai-said\/\" target=\"_blank\" rel=\"noopener\"><strong><em>Mr.CHOUAI SAID<\/em><\/strong><\/a><\/span><\/h3>\n<h3><span style=\"color: #000000;\"><strong><em>T\u00e9l:<\/em><\/strong> 032 56 34 78<\/span><\/h3>\n<h3><span style=\"color: #000000;\"><strong><em>E-mail:<\/em><\/strong> <a style=\"color: #000000;\" href=\"mailto:saidchouai25@gmail.com\"><strong><em>saidchouai25@gmail.com<\/em><\/strong><\/a><\/span><\/h3>\n<h3><span style=\"color: #800080;\"><strong><a style=\"color: #800080;\" href=\"https:\/\/docs.google.com\/forms\/d\/1tQykNjv5PQ5HesJt1xjeiY2vU-oElclTeaGqAx9ClJ8\/prefill\" target=\"_blank\" rel=\"noopener\"><em>Contactez\u00a0 le directeur\u00a0<\/em><\/a><\/strong><\/span><\/h3>\n<p>&nbsp;<\/p>\n<hr \/>\n<hr \/>\n<h3><\/h3>\n<h2><span style=\"color: #000000;\"><strong><em>-Le Pr\u00e9sident de Conseil scientifique:<a href=\"https:\/\/www.univ-oeb.dz\/igtu\/bouchemal-salah\/\" target=\"_blank\" rel=\"noopener\"><img decoding=\"async\" class=\"alignleft wp-image-6737\" src=\"https:\/\/www.univ-oeb.dz\/igtu\/wp-content\/uploads\/2021\/10\/bs.jpg\" alt=\"\" width=\"164\" height=\"198\" srcset=\"https:\/\/www.univ-oeb.dz\/igtu\/wp-content\/uploads\/2021\/10\/bs.jpg 318w, https:\/\/www.univ-oeb.dz\/igtu\/wp-content\/uploads\/2021\/10\/bs-249x300.jpg 249w\" sizes=\"(max-width: 164px) 100vw, 164px\" \/><\/a><\/em><\/strong><\/span><\/h2>\n<h3><span style=\"color: #0000ff;\"><a style=\"color: #0000ff;\" href=\"https:\/\/www.univ-oeb.dz\/igtu\/bouchemal-salah\/\" target=\"_blank\" rel=\"noopener\"><strong><em>Mr.BOUCHEMAL SALAH<\/em><\/strong><\/a><\/span><\/h3>\n<h3><span style=\"color: #000000;\"><strong><em>T\u00e9l:&#8212; &#8212; &#8212; &#8212; &#8212; &#8212;\u00a0<\/em><\/strong><\/span><\/h3>\n<h3><span style=\"color: #000000;\"><strong><em>E-mail:<\/em><\/strong> <a style=\"color: #000000;\" href=\"mailto:s_bouchemal@yahoo.fr\">s_bouchemal@yahoo.fr<\/a>\u00a0 \u00a0 \u00a0 \u00a0 \u00a0 \u00a0 \u00a0 \u00a0 \u00a0 \u00a0 \u00a0 \u00a0 \u00a0 \u00a0 \u00a0 \u00a0 \u00a0 \u00a0 \u00a0 \u00a0 \u00a0 \u00a0 \u00a0 \u00a0 \u00a0 \u00a0 \u00a0\u00a0<\/span><\/h3>\n<h3><span style=\"color: #000000;\"><strong><em>\u00a0<\/em><\/strong><\/span><\/h3>\n<hr \/>\n<hr \/>\n<h2><\/h2>\n<h2><strong><span style=\"color: #000000;\"><em>-Le vice-directeur charg\u00e9 de la p\u00e9dagogie:<\/em><\/span><\/strong><\/h2>\n<h3><span style=\"color: #0000ff;\"><strong><em>Mr.BOULAKAIBET AISSA<\/em><\/strong><\/span><\/h3>\n<h3><span style=\"color: #000000;\"><strong><em>T\u00e9l:<\/em><\/strong><\/span><span style=\"color: #000000;\">0657500564<\/span><\/h3>\n<h3><span style=\"color: #000000;\"><strong><em>\u00a0<\/em><\/strong><\/span><strong><span style=\"color: #000000;\"><em>E-mail:<\/em> <em>boulkaibeta@gmail.com<\/em><\/span><\/strong><\/h3>\n<h3><span style=\"color: #800080;\"><strong><a style=\"color: #800080;\" href=\"https:\/\/docs.google.com\/forms\/d\/1tQykNjv5PQ5HesJt1xjeiY2vU-oElclTeaGqAx9ClJ8\/prefill\" target=\"_blank\" rel=\"noopener\"><em>Contactez\u00a0 le vice-directeur\u00a0<\/em><\/a><\/strong><\/span><\/h3>\n<p>&nbsp;<\/p>\n<hr \/>\n<hr \/>\n<h2><\/h2>\n<h2><span style=\"color: #000000;\"><strong><em>-Le vice-directeur charg\u00e9 de la post graduation\u00a0:<\/em><\/strong><\/span><\/h2>\n<h3><span style=\"color: #0000ff;\"><a style=\"color: #0000ff;\" href=\"https:\/\/www.univ-oeb.dz\/igtu\/djakjak-abderrazak\/\" target=\"_blank\" rel=\"noopener\"><strong><em>Mr.DJAKJAK ABDERRAZIQ<\/em><\/strong><\/a><\/span><\/h3>\n<h3><span style=\"color: #000000;\"><strong><em>T\u00e9l:<\/em><\/strong>0662723993<\/span><\/h3>\n<h3><span style=\"color: #000000;\"><strong><em>E-mail:<\/em><\/strong> <a style=\"color: #000000;\" href=\"mailto:amenageur24@gmail.com\">amenageur24@gmail.com<\/a><\/span><\/h3>\n<h3><span style=\"color: #000000;\"><strong><em>\u00a0<\/em><\/strong><\/span><span style=\"color: #800080;\"><strong><a style=\"color: #800080;\" href=\"https:\/\/docs.google.com\/forms\/d\/1tQykNjv5PQ5HesJt1xjeiY2vU-oElclTeaGqAx9ClJ8\/prefill\" target=\"_blank\" rel=\"noopener\"><em>Contactez\u00a0 le vice-directeur\u00a0<\/em><\/a><\/strong><\/span><\/h3>\n<p>&nbsp;<\/p>\n<hr \/>\n<hr \/>\n<h2><\/h2>\n<h2><span style=\"color: #000000;\"><strong><em>-Le Chef D\u00e9partement GTU<\/em><\/strong><\/span><\/h2>\n<h3 class=\"entry-title\"><a href=\"https:\/\/www.univ-oeb.dz\/igtu\/berkani-houssem-elddine\/\" target=\"_blank\" rel=\"noopener\"><span style=\"color: #0000ff;\"><em><strong>Mr.BERKANI HOUSSEM ELDDINE<\/strong><\/em><\/span><\/a><\/h3>\n<h3><span style=\"color: #000000;\"><strong><em>T\u00e9l: <\/em><\/strong>032563477<\/span><\/h3>\n<h3><span style=\"color: #000000;\"><strong><em>E-mail:\u00a0<\/em><\/strong><strong><em>houssem.b-23@hotmail.fr<\/em><\/strong><\/span><\/h3>\n<h3><span style=\"color: #000000;\"><strong><em>\u00a0<\/em><\/strong><\/span><span style=\"color: #800080;\"><strong><a style=\"color: #800080;\" href=\"https:\/\/docs.google.com\/forms\/d\/1tQykNjv5PQ5HesJt1xjeiY2vU-oElclTeaGqAx9ClJ8\/prefill\" target=\"_blank\" rel=\"noopener\"><em>Contactez\u00a0 le chef d\u00e9partement\u00a0<\/em><\/a><\/strong><\/span><\/h3>\n<p>&nbsp;<\/p>\n<hr \/>\n<hr \/>\n<h2><\/h2>\n<h2><span style=\"color: #000000;\"><strong><em>-Le Responsable de Domaine:<\/em><\/strong><\/span><\/h2>\n<h3 class=\"entry-title\"><span style=\"color: #0000ff;\"><em><strong><span style=\"color: #0000ff;\">Mr.MAZOUZ SAID<\/span><\/strong><\/em><\/span><\/h3>\n<h3><strong><span style=\"color: #000000;\"><em>T\u00e9l:<\/em>&#8212; &#8212; &#8212; &#8212; &#8212;<\/span><\/strong><\/h3>\n<h3><strong><span style=\"color: #000000;\"><em>E-mail:<\/em> &#8212; &#8212; &#8212; &#8212; &#8212; &#8212; &#8212; &#8212; &#8212; &#8212; &#8212; &#8212; &#8212; &#8212;<\/span><\/strong><\/h3>\n<p>&nbsp;<\/p>\n<hr \/>\n<hr \/>\n<h2><\/h2>\n<h2><span style=\"color: #000000;\"><strong><em>-Le Responsable de Fili\u00e8re\u00a0 :<\/em><\/strong><\/span><\/h2>\n<h3><span style=\"color: #0000ff;\"><a style=\"color: #0000ff;\" href=\"https:\/\/www.univ-oeb.dz\/igtu\/benghodbane-fouad\/\" target=\"_blank\" rel=\"noopener\"><strong><em>Mr.BENGHODBANE FOUAD<\/em><\/strong><\/a><\/span><\/h3>\n<h3 class=\"entry-content\"><strong><span style=\"color: #000000;\"><em>T\u00e9l:<\/em><span style=\"font-size: 16px;\">&#8212; &#8212; &#8212; &#8212; &#8212;<\/span><\/span><\/strong><\/h3>\n<h3><strong><span style=\"color: #000000;\"><em>E-mail:<\/em> &#8212; &#8212; &#8212; &#8212; &#8212; &#8212; &#8212; &#8212; &#8212; &#8212; &#8212; &#8212; &#8212; &#8212;<\/span><\/strong><\/h3>\n<p>&nbsp;<\/p>\n<hr \/>\n<hr \/>\n<h2><\/h2>\n<h2><span style=\"color: #000000;\"><strong><em>-Le Responsable de la sp\u00e9cialit\u00e9 (licence)\u00a0:<\/em><\/strong><\/span><\/h2>\n<h3><em><span style=\"color: #0000ff;\"><a style=\"color: #0000ff;\" href=\"https:\/\/www.univ-oeb.dz\/igtu\/louafi-abdelatif\/\" target=\"_blank\" rel=\"noopener\"><strong>Mr.LOUAFI ABDELATIF<\/strong><\/a><\/span><\/em><\/h3>\n<h3><span style=\"color: #000000;\"><strong><em>T\u00e9l<\/em><\/strong>:0661907926<\/span><\/h3>\n<h3><span style=\"color: #000000;\"><strong><em>E-mail:<\/em><\/strong> <a style=\"color: #000000;\" href=\"mailto:louafifr@yahoo.fr\">louafifr@yahoo.fr<\/a><\/span><\/h3>\n<p>&nbsp;<\/p>\n<hr \/>\n<hr \/>\n<h2><\/h2>\n<h2><span style=\"color: #000000;\"><strong><em>-Le Responsable de la \u00a0sp\u00e9cialit\u00e9\u00a0(master):<\/em><\/strong><\/span><\/h2>\n<header class=\"entry-header\">\n<h3 class=\"entry-title\"><a href=\"https:\/\/www.univ-oeb.dz\/igtu\/maansar-imad\/\" target=\"_blank\" rel=\"noopener\"><span style=\"color: #0000ff;\"><em><strong>Mr.MAANSAR IMAD<\/strong><\/em><\/span><\/a><\/h3>\n<\/header>\n<h3><span style=\"color: #000000;\"><strong><em>T\u00e9l:<\/em><\/strong><strong><em>07 75 79 33 23<\/em><\/strong><\/span><\/h3>\n<h3><span style=\"color: #000000;\"><strong><em>E-mail:\u00a0<\/em><\/strong><strong><em>maanserimad@gmail.com<\/em><\/strong><\/span><\/h3>\n<p>&nbsp;<\/p>\n<div class=\"entry-content\">\n<hr \/>\n<hr \/>\n<\/div>\n<h2 id=\"tw-target-text\" class=\"tw-data-text tw-text-large tw-ta\" dir=\"ltr\" data-placeholder=\"Traduction\"><span style=\"color: #000000;\"><em><strong><span class=\"Y2IQFc\" lang=\"fr\">-le Sous Directeur des <\/span><span class=\"Y2IQFc\" lang=\"fr\">Moyens<\/span><\/strong><\/em><\/span><\/h2>\n<h3><span style=\"color: #808080;\"><em><strong>Mr. BELGHOUL MOUMAMED SALAH\u00a0\u00a0<\/strong><\/em><\/span><\/h3>\n<h3><em><strong><span style=\"color: #000000;\">T\u00e9l:&#8211; &#8212; &#8212; &#8212; &#8212; &#8212;<\/span><\/strong><\/em><\/h3>\n<h3><span style=\"color: #000000;\"><strong><em>E-mail:&#8211; &#8212; &#8212; &#8212; &#8212; &#8211; &#8211; &#8211; &#8211; &#8211; &#8211; &#8211; &#8211; &#8211; &#8211;\u00a0<\/em><\/strong><\/span><\/h3>\n<h3><span style=\"color: #800080;\"><strong><a style=\"color: #800080;\" href=\"https:\/\/docs.google.com\/forms\/d\/1tQykNjv5PQ5HesJt1xjeiY2vU-oElclTeaGqAx9ClJ8\/prefill\" target=\"_blank\" rel=\"noopener\"><em>Contactez\u00a0 le sous directeur des moyens\u00a0<\/em><\/a><\/strong><\/span><\/h3>\n<p>&nbsp;<\/p>\n","protected":false},"excerpt":{"rendered":"<p>-Le\u00a0Directeur de l\u2019institut GTU : Mr.CHOUAI SAID T\u00e9l: 032 56 34 78 E-mail: saidchouai25@gmail.com Contactez\u00a0 le directeur\u00a0 &nbsp; -Le Pr\u00e9sident de Conseil scientifique: Mr.BOUCHEMAL SALAH T\u00e9l:&#8212; &#8212; &#8212; &#8212; &#8212; &#8212;\u00a0 E-mail: s_bouchemal@yahoo.fr\u00a0 \u00a0 \u00a0 \u00a0 \u00a0 \u00a0 \u00a0 \u00a0 \u00a0 \u00a0 \u00a0 \u00a0 \u00a0 \u00a0 \u00a0 \u00a0 \u00a0 \u00a0 \u00a0 \u00a0 \u00a0 \u00a0 \u00a0 \u00a0 \u00a0 \u00a0 \u00a0\u00a0 \u00a0 -Le vice-directeur charg\u00e9 de la p\u00e9dagogie: Mr.BOULAKAIBET AISSA T\u00e9l:0657500564 \u00a0E-mail: boulkaibeta@gmail.com Contactez\u00a0 le vice-directeur\u00a0 &nbsp; -Le vice-directeur charg\u00e9 de la post graduation\u00a0: Mr.DJAKJAK ABDERRAZIQ T\u00e9l:0662723993 E-mail: amenageur24@gmail.com \u00a0Contactez\u00a0 le vice-directeur\u00a0 &nbsp; -Le Chef D\u00e9partement GTU Mr.BERKANI HOUSSEM ELDDINE T\u00e9l: 032563477 E-mail:\u00a0houssem.b-23@hotmail.fr \u00a0Contactez\u00a0 le chef d\u00e9partement\u00a0 &nbsp; -Le Responsable de Domaine: Mr.MAZOUZ SAID T\u00e9l:&#8212; &#8212; &#8212; &#8212; &#8212; E-mail: &#8212; &#8212; &#8212; &#8212; &#8212; &#8212; &#8212; &#8212; &#8212; &#8212; &#8212; &#8212; &#8212; &#8212; &nbsp; -Le Responsable de Fili\u00e8re\u00a0 : Mr.BENGHODBANE FOUAD T\u00e9l:&#8212; &#8212; &#8212; &#8212; &#8212; E-mail: &#8212; &#8212; &#8212; &#8212; &#8212; &#8212; &#8212; &#8212; &#8212; &#8212; &#8212; &#8212; &#8212; &#8212; &nbsp; -Le Responsable de la sp\u00e9cialit\u00e9 (licence)\u00a0: Mr.LOUAFI ABDELATIF T\u00e9l:0661907926 E-mail: louafifr@yahoo.fr &nbsp; -Le Responsable de la \u00a0sp\u00e9cialit\u00e9\u00a0(master): Mr.MAANSAR IMAD T\u00e9l:07 75 79 33 23 E-mail:\u00a0maanserimad@gmail.com &nbsp; -le Sous Directeur des Moyens Mr. BELGHOUL MOUMAMED SALAH\u00a0\u00a0 T\u00e9l:&#8211; &#8212; &#8212; &#8212; &#8212; &#8212; E-mail:&#8211; &#8212; &#8212; &#8212; &#8212; &#8211; &#8211; &#8211; &#8211; &#8211; &#8211; &#8211; &#8211; &#8211; &#8211;\u00a0 Contactez\u00a0 le sous directeur des moyens\u00a0 &nbsp;<\/p>\n","protected":false},"author":1,"featured_media":0,"parent":0,"menu_order":0,"comment_status":"closed","ping_status":"closed","template":"","meta":{"_eb_attr":"","footnotes":""},"class_list":["post-1546","page","type-page","status-publish","hentry"],"_links":{"self":[{"href":"https:\/\/www.univ-oeb.dz\/igtu\/wp-json\/wp\/v2\/pages\/1546","targetHints":{"allow":["GET"]}}],"collection":[{"href":"https:\/\/www.univ-oeb.dz\/igtu\/wp-json\/wp\/v2\/pages"}],"about":[{"href":"https:\/\/www.univ-oeb.dz\/igtu\/wp-json\/wp\/v2\/types\/page"}],"author":[{"embeddable":true,"href":"https:\/\/www.univ-oeb.dz\/igtu\/wp-json\/wp\/v2\/users\/1"}],"replies":[{"embeddable":true,"href":"https:\/\/www.univ-oeb.dz\/igtu\/wp-json\/wp\/v2\/comments?post=1546"}],"version-history":[{"count":0,"href":"https:\/\/www.univ-oeb.dz\/igtu\/wp-json\/wp\/v2\/pages\/1546\/revisions"}],"wp:attachment":[{"href":"https:\/\/www.univ-oeb.dz\/igtu\/wp-json\/wp\/v2\/media?parent=1546"}],"curies":[{"name":"wp","href":"https:\/\/api.w.org\/{rel}","templated":true}]}}