{"id":15413,"date":"2023-05-21T12:18:46","date_gmt":"2023-05-21T10:18:46","guid":{"rendered":"https:\/\/www.univ-oeb.dz\/igtu\/?page_id=15413"},"modified":"2024-11-06T08:06:53","modified_gmt":"2024-11-06T07:06:53","slug":"vice-decanat-charge-des-etudes-et-des-questions-liees-aux-etudiants","status":"publish","type":"page","link":"https:\/\/www.univ-oeb.dz\/igtu\/fr\/vice-decanat-charge-des-etudes-et-des-questions-liees-aux-etudiants\/","title":{"rendered":"Vice-d\u00e9canat charg\u00e9 des \u00e9tudes et des questions li\u00e9es aux \u00e9tudiants"},"content":{"rendered":"\n<pre id=\"tw-target-text\" class=\"wp-block-preformatted\"><\/pre>\n\n\n\n<pre id=\"tw-target-rmn\" class=\"wp-block-preformatted\"><\/pre>\n\n\n\n<figure class=\"wp-block-image size-full\"><img decoding=\"async\" width=\"20\" height=\"20\" src=\"https:\/\/www.univ-oeb.dz\/igtu\/wp-content\/uploads\/2024\/11\/image-4.png\" alt=\"\" class=\"wp-image-15415\"\/><\/figure>\n","protected":false},"excerpt":{"rendered":"","protected":false},"author":1,"featured_media":0,"parent":0,"menu_order":0,"comment_status":"closed","ping_status":"closed","template":"","meta":{"_eb_attr":"","footnotes":""},"class_list":["post-15413","page","type-page","status-publish","hentry"],"_links":{"self":[{"href":"https:\/\/www.univ-oeb.dz\/igtu\/wp-json\/wp\/v2\/pages\/15413","targetHints":{"allow":["GET"]}}],"collection":[{"href":"https:\/\/www.univ-oeb.dz\/igtu\/wp-json\/wp\/v2\/pages"}],"about":[{"href":"https:\/\/www.univ-oeb.dz\/igtu\/wp-json\/wp\/v2\/types\/page"}],"author":[{"embeddable":true,"href":"https:\/\/www.univ-oeb.dz\/igtu\/wp-json\/wp\/v2\/users\/1"}],"replies":[{"embeddable":true,"href":"https:\/\/www.univ-oeb.dz\/igtu\/wp-json\/wp\/v2\/comments?post=15413"}],"version-history":[{"count":1,"href":"https:\/\/www.univ-oeb.dz\/igtu\/wp-json\/wp\/v2\/pages\/15413\/revisions"}],"predecessor-version":[{"id":15416,"href":"https:\/\/www.univ-oeb.dz\/igtu\/wp-json\/wp\/v2\/pages\/15413\/revisions\/15416"}],"wp:attachment":[{"href":"https:\/\/www.univ-oeb.dz\/igtu\/wp-json\/wp\/v2\/media?parent=15413"}],"curies":[{"name":"wp","href":"https:\/\/api.w.org\/{rel}","templated":true}]}}